{"id":926,"date":"2020-07-16T08:47:03","date_gmt":"2020-07-16T08:47:03","guid":{"rendered":"https:\/\/mistersafari.com\/fr\/?page_id=926"},"modified":"2021-10-21T10:02:45","modified_gmt":"2021-10-21T10:02:45","slug":"parcs-reserves","status":"publish","type":"page","link":"https:\/\/mistersafari.com\/fr\/safari-kenya\/parcs-reserves\/","title":{"rendered":"Parcs et r\u00e9serves au Kenya"},"content":{"rendered":"\n<p>Avec plus de 60 parcs et r\u00e9serves r\u00e9partis dans tout le pays, le Kenya est une destination appr\u00e9ci\u00e9e pour la richesse naturelle de sa faune et de sa flore.<\/p>\n\n\n\n<p>8% du territoire Kenya, soit plus de 46 000 km\u00b2, sont des espaces prot\u00e9g\u00e9s o\u00f9 l\u2019on peut observer les animaux sauvages dans leur environnement et d\u00e9couvrir une flore diversifi\u00e9e selon les r\u00e9gions. Voici notre s\u00e9lection des plus beaux parcs et r\u00e9serves du Kenya.<\/p>\n\n\n<div id=\"ez-toc-container\" class=\"ez-toc-v2_0_76 counter-flat ez-toc-counter ez-toc-custom ez-toc-container-direction\">\n<div class=\"ez-toc-title-container\"><p class=\"ez-toc-title\" style=\"cursor:inherit\">Sommaire<\/p>\n<\/div><nav><ul class='ez-toc-list ez-toc-list-level-1 ' ><li class='ez-toc-page-1'><a class=\"ez-toc-link ez-toc-heading-1\" href=\"https:\/\/mistersafari.com\/fr\/safari-kenya\/parcs-reserves\/#parcs-et-reserves-au-kenya-quelles-differences\">Parcs et r\u00e9serves au Kenya : quelles diff\u00e9rences<\/a><\/li><li class='ez-toc-page-1'><a class=\"ez-toc-link ez-toc-heading-2\" href=\"https:\/\/mistersafari.com\/fr\/safari-kenya\/parcs-reserves\/#parcs-et-reserves-au-kenya-quels-animaux-peut-on-voir\">Parcs et r\u00e9serves au Kenya : quels animaux peut-on voir<\/a><\/li><li class='ez-toc-page-1'><a class=\"ez-toc-link ez-toc-heading-3\" href=\"https:\/\/mistersafari.com\/fr\/safari-kenya\/parcs-reserves\/#les-parcs-au-kenya\">Les parcs au Kenya<\/a><\/li><li class='ez-toc-page-1'><a class=\"ez-toc-link ez-toc-heading-4\" href=\"https:\/\/mistersafari.com\/fr\/safari-kenya\/parcs-reserves\/#les-reserves-au-kenya\">Les R\u00e9serves au Kenya<\/a><\/li><li class='ez-toc-page-1'><a class=\"ez-toc-link ez-toc-heading-5\" href=\"https:\/\/mistersafari.com\/fr\/safari-kenya\/parcs-reserves\/#temps-de-trajet-entre-les-parcs-et-reserves-du-kenya\">Temps de trajet entre les parcs et r\u00e9serves du Kenya<\/a><\/li><\/ul><\/nav><\/div>\n\n\n\n\n<h2 class=\"wp-block-heading\"><span class=\"ez-toc-section\" id=\"parcs-et-reserves-au-kenya-quelles-differences\"><\/span>Parcs et r\u00e9serves au Kenya : quelles diff\u00e9rences<span class=\"ez-toc-section-end\"><\/span><\/h2>\n\n\n\n<p>Au Kenya, et comme dans la plupart des pays africains, on distingue :<\/p>\n\n\n\n<ul class=\"wp-block-list\"><li>les parcs nationaux<\/li><li>les r\u00e9serves naturelles<\/li><\/ul>\n\n\n\n<p>Commen\u00e7ons par leurs similitudes. Au Kenya, un parc national comme une r\u00e9serve est un espace naturel, parfois cl\u00f4tur\u00e9, o\u00f9 la faune et la flore sont prot\u00e9g\u00e9es. Il peut s\u2019agir de for\u00eats, de savanes, de mar\u00e9cages, de c\u00f4tes maritimes, d\u2019espaces marins, etc.<\/p>\n\n\n\n<p>La distinction entre parcs et r\u00e9serves se base sur deux \u00e9l\u00e9ments. Tout d\u2019abord, la plupart des parcs et r\u00e9serves du Kenya sont g\u00e9r\u00e9s par le <a class=\"rank-math-link\" href=\"http:\/\/www.kws.go.ke\/\" target=\"_blank\" rel=\"noreferrer noopener\" aria-label=\"Kenya Wildlife Service (opens in a new tab)\">Kenya Wildlife Service<\/a>.<\/p>\n\n\n\n<p class=\"callout-blue\">Le r\u00f4le du KWS est de d\u00e9finir les zones \u00e0 prot\u00e9ger, de maintenir et de d\u00e9velopper la vie sauvage du pays dans l\u2019int\u00e9r\u00eat de la faune, de la flore et des habitants et visiteurs.<\/p>\n\n\n\n<p>Cependant, certaines r\u00e9serves naturelles sont g\u00e9r\u00e9es par le comt\u00e9, comme la <a class=\"rank-math-link\" href=\"https:\/\/mistersafari.com\/fr\/safari-kenya\/parcs-reserves\/masai-mara\/\">r\u00e9serve naturelle de Masa\u00ef Mara<\/a> g\u00e9r\u00e9e par le comt\u00e9 de Norak par exemple. Cela signifie que les populations locales interviennent dans les d\u00e9cisions prises par les autorit\u00e9s.<\/p>\n\n\n\n<p>D\u2019autre part, le KWS distingue \u00e9galement les parcs nationaux et r\u00e9serves naturelles qu\u2019ils g\u00e8rent comme suit :<\/p>\n\n\n\n<ul class=\"wp-block-list\"><li>au Kenya, les parcs nationaux disposent de ressources naturelles enti\u00e8rement prot\u00e9g\u00e9es et seules la recherche et les activit\u00e9s touristiques sont autoris\u00e9es, et r\u00e9glement\u00e9es.<\/li><li>dans une r\u00e9serve du Kenya, d\u2019autres activit\u00e9s sont autoris\u00e9es sous certaines conditions. Par exemple, il est possible de ramasser des v\u00e9g\u00e9taux dans une r\u00e9serve naturelle du Kenya ou de p\u00eacher dans une r\u00e9serve marine, choses interdites dans un parc national au Kenya.<\/li><\/ul>\n\n\n\n<h2 class=\"wp-block-heading\"><span class=\"ez-toc-section\" id=\"parcs-et-reserves-au-kenya-quels-animaux-peut-on-voir\"><\/span>Parcs et r\u00e9serves au Kenya : quels animaux peut-on voir<span class=\"ez-toc-section-end\"><\/span><\/h2>\n\n\n\n<p>Si vous d\u00e9cidez de visiter une r\u00e9serve ou un parc, c\u2019est s\u00fbrement pour y voir des animaux sauvages dans le cadre d&rsquo;un <a href=\"https:\/\/mistersafari.com\/fr\/safari-kenya\/\" class=\"rank-math-link\">safari au Kenya<\/a>.<\/p>\n\n\n\n<p>Lesquels pourrez-vous voir dans un parc du Kenya ?&nbsp;Bien \u00e9videmment, les Big Five sont pr\u00e9sents dans tout le pays. Il s\u2019agit du lion, de l\u2019\u00e9l\u00e9phant, du rhinoc\u00e9ros, du buffle et du l\u00e9opard.<\/p>\n\n\n\n<p>Vous pourrez aussi observer de nombreux autres <a class=\"rank-math-link\" href=\"https:\/\/mistersafari.com\/fr\/safari-kenya\/animaux\/\">animaux embl\u00e9matiques du Kenya<\/a> comme les girafes, les z\u00e8bres, les hippopotames, les gazelles, les gnous, mais aussi des l\u00e9opards et des phacoch\u00e8res, des crocodiles, des pythons, etc.<\/p>\n\n\n\n<p>Le Kenya est aussi le refuge d\u2019un nombre impressionnant d\u2019esp\u00e8ces d\u2019oiseaux, visibles notamment pr\u00e8s des points d\u2019eau : aigles, autruches, flamants roses, vautours, \u2026<\/p>\n\n\n\n<h2 class=\"wp-block-heading\"><span class=\"ez-toc-section\" id=\"les-parcs-au-kenya\"><\/span>Les parcs au Kenya<span class=\"ez-toc-section-end\"><\/span><\/h2>\n\n\n\n<p>Sur une carte du Kenya et de ses parcs, on d\u00e9nombre plus d\u2019une vingtaine de parcs nationaux. Le Kenya m\u00e8ne en effet une politique de pr\u00e9servation de son territoire avec l\u2019aide du KWS. Voici les principaux parcs nationaux du Kenya.<\/p>\n\n\n\n<h3 class=\"wp-block-heading\">Parc National du Lac Nakuru<\/h3>\n\n\n\n<p>Malgr\u00e9 sa petite taille (moins de 200 km\u00b2), le <a class=\"rank-math-link\" href=\"https:\/\/mistersafari.com\/fr\/safari-kenya\/parcs-reserves\/lac-nakuru\/\">parc national de Nakuru<\/a> est le refuge de nombreux animaux sauvages. Class\u00e9 au patrimoine mondial de l\u2019UNESCO, il est notamment c\u00e9l\u00e8bre pour les millions de flamants roses qui migrent vers le lac du m\u00eame nom. 450 autres esp\u00e8ces d\u2019oiseaux y vivent \u00e9galement.<\/p>\n\n\n\n<p>Ces c\u00e9l\u00e8bres paysages semblent actuellement changer alors que le lac conna\u00eet une mont\u00e9e des eaux impactant le niveau alcalin de son eau. Les flamants roses, m\u00eame s\u2019ils sont toujours tr\u00e8s nombreux dans le lac, ont de nos jours tendance \u00e0 migrer vers d\u2019autres r\u00e9gions du Kenya.<\/p>\n\n\n\n<p>Le parc de Nakuru, situ\u00e9 dans la vall\u00e9e du Rift, abrite aussi une large population de rhinoc\u00e9ros noirs et de rhinoc\u00e9ros blancs. Esp\u00e8ces en voie de disparition, le parc a \u00e9t\u00e9 reconnu sanctuaire du rhinoc\u00e9ros en 1987. Vous pourrez aussi observer les girafes de Rothschild, reconnaissables par leurs chaussettes blanches, ainsi que des l\u00e9opards.&nbsp; C\u00f4t\u00e9 faune, plus de 550 esp\u00e8ces de plantes arborent le parc Nakuru. Les for\u00eats d\u2019acacias et d\u2019euphorbes offrent des paysages magnifiques.<\/p>\n\n\n\n<h3 class=\"wp-block-heading\">Parc National Amboseli<\/h3>\n\n\n\n<p>L\u2019un des plus anciens parcs du Kenya, <a class=\"rank-math-link\" href=\"https:\/\/mistersafari.com\/fr\/safari-kenya\/parcs-reserves\/parc-amboseli\/\">Amboseli<\/a> s\u2019\u00e9tend sur presque 400 km\u00b2 et a pour toile de fond le plus haut sommet d\u2019Afrique, le Kilimandjaro. Les paysages sont \u00e0 couper le souffle, notamment depuis l\u2019Observatoire Hill.<\/p>\n\n\n\n<p>Class\u00e9 r\u00e9serve biosph\u00e8re \u00e0 l\u2019UNESCO, c\u2019est une \u00e9tape incontournable pour observer les plus grands troupeaux d\u2019\u00e9l\u00e9phants. On y rencontre aussi des gnous, des z\u00e8bres, des gazelles, des girafes et de nombreux oiseaux.<\/p>\n\n\n\n<p>De nombreux villages Masa\u00ef entourent le parc et il est possible d\u2019aller \u00e0 la rencontre de certains des habitants et d\u00e9couvrir la vie traditionnelle.<\/p>\n\n\n\n<h3 class=\"wp-block-heading\">Parc National de Tsavo<\/h3>\n\n\n\n<p>Le <a class=\"rank-math-link\" href=\"https:\/\/mistersafari.com\/fr\/safari-kenya\/parcs-reserves\/parc-tsavo-est-ouest\/\">parc national de Tsavo<\/a> est divis\u00e9 entre Tsavo Est et Tsavo Ouest, s\u00e9par\u00e9 par une voie ferr\u00e9e et une route \u00e0 4 voies. Combin\u00e9s, les parcs couvrent plus de 20 000 km\u00b2 ; c\u2019est le plus grand parc d\u2019animaux sauvages de toute l\u2019Afrique.<\/p>\n\n\n\n<p>\u00c0 l\u2019Est, les paysages sont plus plats, arides et par\u00e9s d\u2019une terre rouge caract\u00e9ristique. Cette partie du parc est en effet connue pour ses troupeaux d\u2019\u00e9l\u00e9phants recouverts de boue rouge\u00e2tre. Tsavo East est aussi peupl\u00e9 de nombreux autres mammif\u00e8res comme des rhinoc\u00e9ros, des lions, des hippopotames, des crocodiles, etc\u2026<\/p>\n\n\n\n<p>\u00c0 l\u2019Ouest, la v\u00e9g\u00e9tation est luxuriante et recouvre des collines et terrains vallonn\u00e9s. La partie ouest est dot\u00e9e de plusieurs points d\u2019eau dont les fameux Mzima Springs. Ils attirent de nombreux animaux dont les hippopotames et crocodiles qui y ont \u00e9lu domicile, et que l\u2019on peut observer depuis un espace am\u00e9nag\u00e9 sous l\u2019eau.<\/p>\n\n\n\n<h3 class=\"wp-block-heading\">Parc National de Nairobi<\/h3>\n\n\n\n<p>Il s\u2019agit du parc d\u2019animaux sauvages le plus proche d\u2019une grande ville, Nairobi la capitale du Kenya.<\/p>\n\n\n\n<p>Situ\u00e9 \u00e0 quelques kilom\u00e8tres seulement du centre-ville, le <a href=\"https:\/\/mistersafari.com\/fr\/safari-kenya\/parcs-reserves\/parc-national-nairobi\/\" data-type=\"URL\" data-id=\"https:\/\/mistersafari.com\/fr\/safari-kenya\/parcs-reserves\/parc-national-nairobi\/\">parc national de Nairobi<\/a>, d\u2019un peu plus de 100 km\u00b2, permet d&rsquo;observer de nombreux animaux sauvages (sauf des \u00e9l\u00e9phants) sans avoir \u00e0 rouler pendant de nombreuses heures depuis la capitale. On peut notamment y faire un safari \u00e0 pieds.<\/p>\n\n\n\n<h3 class=\"wp-block-heading\">Parc National d\u2019Aberdare<\/h3>\n\n\n\n<p>Situ\u00e9 \u00e0 plus de 2000 m\u00e8tres d\u2019altitude, le <a href=\"https:\/\/mistersafari.com\/fr\/safari-kenya\/parcs-reserves\/aberdare\/\" data-type=\"page\" data-id=\"3306\">parc d\u2019Aberdare<\/a> est reconnaissable par son climat plus frais et humide qui lui offre une v\u00e9g\u00e9tation abondante et verdoyante, ses ravins et cascades, ses rivi\u00e8res et vall\u00e9es.<\/p>\n\n\n\n<p>Ce sont des paysages bien diff\u00e9rents des autres parcs et r\u00e9serves du Kenya, et les safaris s\u2019y font \u00e0 pied ou depuis les <a href=\"https:\/\/mistersafari.com\/fr\/safari-kenya\/lodges\/\" class=\"rank-math-link\">lodges<\/a> surplombant les points d\u2019eau. Le parc d\u2019Aberdare abrite notamment la deuxi\u00e8me plus grande population de rhinoc\u00e9ros noirs du pays.<\/p>\n\n\n\n<h2 class=\"wp-block-heading\"><span class=\"ez-toc-section\" id=\"les-reserves-au-kenya\"><\/span>Les R\u00e9serves au Kenya<span class=\"ez-toc-section-end\"><\/span><\/h2>\n\n\n\n<p>Au Kenya, les r\u00e9serves naturelles sont g\u00e9r\u00e9es par le KWS ou par des propri\u00e9taires priv\u00e9s.<\/p>\n\n\n\n<h3 class=\"wp-block-heading\">R\u00e9serve de Masa\u00ef Mara<\/h3>\n\n\n\n<p>La <a href=\"https:\/\/mistersafari.com\/fr\/safari-kenya\/parcs-reserves\/masai-mara\/\" class=\"rank-math-link\">r\u00e9serve de Masa\u00ef Mara<\/a> est le prolongement du <a href=\"https:\/\/mistersafari.com\/fr\/safari-tanzanie\/parcs-reserves\/parc-national-serengeti\/\" class=\"rank-math-link\">parc de Serengeti<\/a> en Tanzanie et ils forment ensemble un \u00e9cosyst\u00e8me incroyable qui a fait leur renomm\u00e9e mondiale. Cette r\u00e9serve est notamment devenue c\u00e9l\u00e8bre gr\u00e2ce au spectacle offert par la fameuse migration de millions de gnous et de milliers de z\u00e8bres et gazelles qui tentent de traverser chaque ann\u00e9e la rivi\u00e8re Mara en essayant d\u2019\u00e9viter les crocodiles \u00e0 l&rsquo;aff\u00fbt.<\/p>\n\n\n\n<p>Les immenses \u00e9tendues de plaines favorisent l\u2019observation des animaux, et notamment les lions, les buffles, les \u00e9l\u00e9phants, les girafes et bien d\u2019autres.<\/p>\n\n\n\n<h3 class=\"wp-block-heading\">R\u00e9serve de Samburu<\/h3>\n\n\n\n<p>Situ\u00e9e dans le centre nord du pays, la <a href=\"https:\/\/mistersafari.com\/fr\/safari-kenya\/parcs-reserves\/samburu\/\" class=\"rank-math-link\">r\u00e9serve naturelle de Samburu<\/a> rassemble la plus grande population de l\u00e9opards du Kenya. \u00c0 travers ces paysages atypiques de vastes savanes arides, il est ais\u00e9 d\u2019observer les animaux et notamment des esp\u00e8ces rares comme le g\u00e9r\u00e9nuk, le z\u00e8bre de Gr\u00e9vy, l\u2019autruche de Somalie ou l\u2019oryx Beisa. Les animaux se regroupent notamment autour de la rivi\u00e8re Ewaso N\u2019Giro.<\/p>\n\n\n\n<h3 class=\"wp-block-heading\">R\u00e9serve de Shaba<\/h3>\n\n\n\n<p>Juste \u00e0 c\u00f4t\u00e9 de Samburu, on retrouve la r\u00e9serve de Shaba. Elles ont pour point commun le passage de la rivi\u00e8re Ewaso N\u2019Giro o\u00f9 se regroupent les animaux. Il s\u2019agit d\u2019une destination id\u00e9ale pour un safari hors des sentiers battus et isol\u00e9s des touristes.<\/p>\n\n\n\n<h3 class=\"wp-block-heading\">R\u00e9serve de Lewa Downs<\/h3>\n\n\n\n<p>Lewa Downs est une r\u00e9serve priv\u00e9e situ\u00e9e dans la r\u00e9gion de <a href=\"https:\/\/mistersafari.com\/fr\/safari-kenya\/parcs-reserves\/plateau-laikipia\/\" data-type=\"page\" data-id=\"3074\">Laipika<\/a>. On y d\u00e9couvre une faune abondante, et notamment une population importante de rhinoc\u00e9ros blancs et de rhinoc\u00e9ros noirs gr\u00e2ce au travail de protection r\u00e9alis\u00e9 par les communaut\u00e9s locales et les propri\u00e9taires de la r\u00e9serve.<\/p>\n\n\n\n<h3 class=\"wp-block-heading\">R\u00e9serve de Shimba Hills<\/h3>\n\n\n\n<p>\u00c0 seulement une trentaine de kilom\u00e8tres de Mombasa et de l\u2019Oc\u00e9an Indien, la <a href=\"https:\/\/mistersafari.com\/fr\/safari-kenya\/parcs-reserves\/shimba-hills\/\" data-type=\"page\" data-id=\"3319\">r\u00e9serve de Shimba Hills<\/a> offre des vues imprenables sur les animaux sauvages avec l\u2019oc\u00e9an en arri\u00e8re-plan. Des randonn\u00e9es \u00e0 pied y sont autoris\u00e9es et on peut notamment observer des \u00e9l\u00e9phants, des buffles ainsi que des antilopes des sables.<\/p>\n\n\n\n<h2 class=\"wp-block-heading\"><span class=\"ez-toc-section\" id=\"temps-de-trajet-entre-les-parcs-et-reserves-du-kenya\"><\/span>Temps de trajet entre les parcs et r\u00e9serves du Kenya<span class=\"ez-toc-section-end\"><\/span><\/h2>\n\n\n\n<p>Le temps de trajet est indiqu\u00e9 en heures. \u00c9videmment tout d\u00e9pend des conditions de trafic et de l&rsquo;\u00e9tat des routes quand vous visitez le Kenya.<\/p>\n\n\n\n<figure class=\"wp-block-table\"><table><thead><tr><th class=\"has-text-align-center\" data-align=\"center\"><\/th><th class=\"has-text-align-center\" data-align=\"center\"><strong>Aberdare<\/strong><\/th><th class=\"has-text-align-center\" data-align=\"center\"><strong>Amboseli<\/strong><\/th><th class=\"has-text-align-center\" data-align=\"center\"><strong>LewaDowns<\/strong><\/th><th class=\"has-text-align-center\" data-align=\"center\"><strong>MasaiMara<\/strong><\/th><th class=\"has-text-align-center\" data-align=\"center\"><strong>Nairobi<\/strong><\/th><th class=\"has-text-align-center\" data-align=\"center\"><strong>Nakuru<\/strong><\/th><th class=\"has-text-align-center\" data-align=\"center\"><strong>Samburu<\/strong><\/th><th class=\"has-text-align-center\" data-align=\"center\"><strong>Shaba<\/strong><\/th><th class=\"has-text-align-center\" data-align=\"center\"><strong>ShimbaHills<\/strong><\/th><th class=\"has-text-align-center\" data-align=\"center\"><strong>Tsavo<\/strong><\/th><\/tr><\/thead><tbody><tr><td class=\"has-text-align-center\" data-align=\"center\"><strong>Aberdare<\/strong><\/td><td class=\"has-text-align-center\" data-align=\"center\"><\/td><td class=\"has-text-align-center\" data-align=\"center\">7<\/td><td class=\"has-text-align-center\" data-align=\"center\">3<\/td><td class=\"has-text-align-center\" data-align=\"center\">8<\/td><td class=\"has-text-align-center\" data-align=\"center\">4<\/td><td class=\"has-text-align-center\" data-align=\"center\">3<\/td><td class=\"has-text-align-center\" data-align=\"center\">4<\/td><td class=\"has-text-align-center\" data-align=\"center\">5<\/td><td class=\"has-text-align-center\" data-align=\"center\">12<\/td><td class=\"has-text-align-center\" data-align=\"center\">8<\/td><\/tr><tr><td class=\"has-text-align-center\" data-align=\"center\"><strong>Amboseli<\/strong><\/td><td class=\"has-text-align-center\" data-align=\"center\">7<\/td><td class=\"has-text-align-center\" data-align=\"center\"><\/td><td class=\"has-text-align-center\" data-align=\"center\">8<\/td><td class=\"has-text-align-center\" data-align=\"center\">12<\/td><td class=\"has-text-align-center\" data-align=\"center\">4<\/td><td class=\"has-text-align-center\" data-align=\"center\">7<\/td><td class=\"has-text-align-center\" data-align=\"center\">12<\/td><td class=\"has-text-align-center\" data-align=\"center\">14<\/td><td class=\"has-text-align-center\" data-align=\"center\">8<\/td><td class=\"has-text-align-center\" data-align=\"center\">3<\/td><\/tr><tr><td class=\"has-text-align-center\" data-align=\"center\"><strong>LewaDowns<\/strong><\/td><td class=\"has-text-align-center\" data-align=\"center\">3<\/td><td class=\"has-text-align-center\" data-align=\"center\">8<\/td><td class=\"has-text-align-center\" data-align=\"center\"><\/td><td class=\"has-text-align-center\" data-align=\"center\">10<\/td><td class=\"has-text-align-center\" data-align=\"center\">4<\/td><td class=\"has-text-align-center\" data-align=\"center\">5<\/td><td class=\"has-text-align-center\" data-align=\"center\">1<\/td><td class=\"has-text-align-center\" data-align=\"center\">2<\/td><td class=\"has-text-align-center\" data-align=\"center\">13<\/td><td class=\"has-text-align-center\" data-align=\"center\">8<\/td><\/tr><tr><td class=\"has-text-align-center\" data-align=\"center\"><strong>MasaiMara<\/strong><\/td><td class=\"has-text-align-center\" data-align=\"center\">8<\/td><td class=\"has-text-align-center\" data-align=\"center\">12<\/td><td class=\"has-text-align-center\" data-align=\"center\">10<\/td><td class=\"has-text-align-center\" data-align=\"center\"><\/td><td class=\"has-text-align-center\" data-align=\"center\">5<\/td><td class=\"has-text-align-center\" data-align=\"center\">5<\/td><td class=\"has-text-align-center\" data-align=\"center\">10<\/td><td class=\"has-text-align-center\" data-align=\"center\">11<\/td><td class=\"has-text-align-center\" data-align=\"center\">14<\/td><td class=\"has-text-align-center\" data-align=\"center\">9<\/td><\/tr><tr><td class=\"has-text-align-center\" data-align=\"center\"><strong>Nairobi<\/strong><\/td><td class=\"has-text-align-center\" data-align=\"center\">4<\/td><td class=\"has-text-align-center\" data-align=\"center\">4<\/td><td class=\"has-text-align-center\" data-align=\"center\">4<\/td><td class=\"has-text-align-center\" data-align=\"center\">5<\/td><td class=\"has-text-align-center\" data-align=\"center\"><\/td><td class=\"has-text-align-center\" data-align=\"center\">3<\/td><td class=\"has-text-align-center\" data-align=\"center\">5<\/td><td class=\"has-text-align-center\" data-align=\"center\">6<\/td><td class=\"has-text-align-center\" data-align=\"center\">9<\/td><td class=\"has-text-align-center\" data-align=\"center\">4<\/td><\/tr><tr><td class=\"has-text-align-center\" data-align=\"center\"><strong>Nakuru<\/strong><\/td><td class=\"has-text-align-center\" data-align=\"center\">3<\/td><td class=\"has-text-align-center\" data-align=\"center\">7<\/td><td class=\"has-text-align-center\" data-align=\"center\">5<\/td><td class=\"has-text-align-center\" data-align=\"center\">5<\/td><td class=\"has-text-align-center\" data-align=\"center\">3<\/td><td class=\"has-text-align-center\" data-align=\"center\"><\/td><td class=\"has-text-align-center\" data-align=\"center\">5<\/td><td class=\"has-text-align-center\" data-align=\"center\">6<\/td><td class=\"has-text-align-center\" data-align=\"center\">11<\/td><td class=\"has-text-align-center\" data-align=\"center\">7<\/td><\/tr><tr><td class=\"has-text-align-center\" data-align=\"center\"><strong>Samburu<\/strong><\/td><td class=\"has-text-align-center\" data-align=\"center\">4<\/td><td class=\"has-text-align-center\" data-align=\"center\">12<\/td><td class=\"has-text-align-center\" data-align=\"center\">1<\/td><td class=\"has-text-align-center\" data-align=\"center\">10<\/td><td class=\"has-text-align-center\" data-align=\"center\">5<\/td><td class=\"has-text-align-center\" data-align=\"center\">5<\/td><td class=\"has-text-align-center\" data-align=\"center\"><\/td><td class=\"has-text-align-center\" data-align=\"center\">1<\/td><td class=\"has-text-align-center\" data-align=\"center\">13<\/td><td class=\"has-text-align-center\" data-align=\"center\">9<\/td><\/tr><tr><td class=\"has-text-align-center\" data-align=\"center\"><strong>Shaba<\/strong><\/td><td class=\"has-text-align-center\" data-align=\"center\">5<\/td><td class=\"has-text-align-center\" data-align=\"center\">14<\/td><td class=\"has-text-align-center\" data-align=\"center\">2<\/td><td class=\"has-text-align-center\" data-align=\"center\">11<\/td><td class=\"has-text-align-center\" data-align=\"center\">6<\/td><td class=\"has-text-align-center\" data-align=\"center\">6<\/td><td class=\"has-text-align-center\" data-align=\"center\">1<\/td><td class=\"has-text-align-center\" data-align=\"center\"><\/td><td class=\"has-text-align-center\" data-align=\"center\">14<\/td><td class=\"has-text-align-center\" data-align=\"center\">9<\/td><\/tr><tr><td class=\"has-text-align-center\" data-align=\"center\"><strong>ShimbaHills<\/strong><\/td><td class=\"has-text-align-center\" data-align=\"center\">12<\/td><td class=\"has-text-align-center\" data-align=\"center\">8<\/td><td class=\"has-text-align-center\" data-align=\"center\">13<\/td><td class=\"has-text-align-center\" data-align=\"center\">14<\/td><td class=\"has-text-align-center\" data-align=\"center\">9<\/td><td class=\"has-text-align-center\" data-align=\"center\">11<\/td><td class=\"has-text-align-center\" data-align=\"center\">13<\/td><td class=\"has-text-align-center\" data-align=\"center\">14<\/td><td class=\"has-text-align-center\" data-align=\"center\"><\/td><td class=\"has-text-align-center\" data-align=\"center\">4<\/td><\/tr><tr><td class=\"has-text-align-center\" data-align=\"center\"><strong>Tsavo<\/strong><\/td><td class=\"has-text-align-center\" data-align=\"center\">8<\/td><td class=\"has-text-align-center\" data-align=\"center\">3<\/td><td class=\"has-text-align-center\" data-align=\"center\">8<\/td><td class=\"has-text-align-center\" data-align=\"center\">9<\/td><td class=\"has-text-align-center\" data-align=\"center\">4<\/td><td class=\"has-text-align-center\" data-align=\"center\">7<\/td><td class=\"has-text-align-center\" data-align=\"center\">9<\/td><td class=\"has-text-align-center\" data-align=\"center\">9<\/td><td class=\"has-text-align-center\" data-align=\"center\">4<\/td><td class=\"has-text-align-center\" data-align=\"center\"><\/td><\/tr><\/tbody><\/table><\/figure>\n\n\n\n<p>Pour se d\u00e9placer entre les parcs, la <a href=\"https:\/\/mistersafari.com\/fr\/safari-kenya\/location-voiture\/\" class=\"rank-math-link\">location de voiture<\/a> est l&rsquo;option la plus simple, mais attention certains parcs refusent les v\u00e9hicules de location sans guide.<\/p>\n","protected":false},"excerpt":{"rendered":"<p>Avec plus de 60 parcs et r\u00e9serves r\u00e9partis dans tout le pays, le Kenya est une destination appr\u00e9ci\u00e9e pour la richesse naturelle de sa faune et de sa flore. 8% du territoire Kenya, soit plus de 46 000 km\u00b2, sont des espaces prot\u00e9g\u00e9s o\u00f9 l\u2019on peut observer les animaux sauvages dans leur environnement et d\u00e9couvrir &#8230; <a title=\"Parcs et r\u00e9serves au Kenya\" class=\"read-more\" href=\"https:\/\/mistersafari.com\/fr\/safari-kenya\/parcs-reserves\/\" aria-label=\"En savoir plus sur Parcs et r\u00e9serves au Kenya\">Lire la suite<\/a><\/p>\n","protected":false},"author":3,"featured_media":661,"parent":924,"menu_order":1,"comment_status":"closed","ping_status":"closed","template":"","meta":{"_acf_changed":false,"footnotes":""},"content_type":[],"country":[],"class_list":{"0":"post-926","1":"page","2":"type-page","3":"status-publish","4":"has-post-thumbnail","6":"no-featured-image-padding"},"acf":{"hreflang":null},"_links":{"self":[{"href":"https:\/\/mistersafari.com\/fr\/wp-json\/wp\/v2\/pages\/926","targetHints":{"allow":["GET"]}}],"collection":[{"href":"https:\/\/mistersafari.com\/fr\/wp-json\/wp\/v2\/pages"}],"about":[{"href":"https:\/\/mistersafari.com\/fr\/wp-json\/wp\/v2\/types\/page"}],"author":[{"embeddable":true,"href":"https:\/\/mistersafari.com\/fr\/wp-json\/wp\/v2\/users\/3"}],"replies":[{"embeddable":true,"href":"https:\/\/mistersafari.com\/fr\/wp-json\/wp\/v2\/comments?post=926"}],"version-history":[{"count":32,"href":"https:\/\/mistersafari.com\/fr\/wp-json\/wp\/v2\/pages\/926\/revisions"}],"predecessor-version":[{"id":5586,"href":"https:\/\/mistersafari.com\/fr\/wp-json\/wp\/v2\/pages\/926\/revisions\/5586"}],"up":[{"embeddable":true,"href":"https:\/\/mistersafari.com\/fr\/wp-json\/wp\/v2\/pages\/924"}],"wp:featuredmedia":[{"embeddable":true,"href":"https:\/\/mistersafari.com\/fr\/wp-json\/wp\/v2\/media\/661"}],"wp:attachment":[{"href":"https:\/\/mistersafari.com\/fr\/wp-json\/wp\/v2\/media?parent=926"}],"wp:term":[{"taxonomy":"content_type","embeddable":true,"href":"https:\/\/mistersafari.com\/fr\/wp-json\/wp\/v2\/content_type?post=926"},{"taxonomy":"country","embeddable":true,"href":"https:\/\/mistersafari.com\/fr\/wp-json\/wp\/v2\/country?post=926"}],"curies":[{"name":"wp","href":"https:\/\/api.w.org\/{rel}","templated":true}]}}