{"id":902,"date":"2020-07-02T15:51:11","date_gmt":"2020-07-02T15:51:11","guid":{"rendered":"https:\/\/mistersafari.com\/fr\/?p=902"},"modified":"2022-01-06T13:21:05","modified_gmt":"2022-01-06T13:21:05","slug":"que-faire","status":"publish","type":"page","link":"https:\/\/mistersafari.com\/fr\/safari-tanzanie\/que-faire\/","title":{"rendered":"Que faire en Tanzanie ?"},"content":{"rendered":"\n<p>Vaste pays r\u00e9put\u00e9 pour ses safaris, la Tanzanie a encore plus \u00e0 offrir. Mais que faire en Tanzanie ? Il n\u2019est pas toujours facile de savoir que voir en Tanzanie. Pour profiter au mieux de votre voyage, nous avons regroup\u00e9 dans ce guide plein d\u2019id\u00e9es pour vous aider \u00e0 d\u00e9cider quoi faire en Tanzanie.&nbsp;<\/p>\n\n\n<div id=\"ez-toc-container\" class=\"ez-toc-v2_0_76 counter-flat ez-toc-counter ez-toc-custom ez-toc-container-direction\">\n<div class=\"ez-toc-title-container\"><p class=\"ez-toc-title\" style=\"cursor:inherit\">Sommaire<\/p>\n<\/div><nav><ul class='ez-toc-list ez-toc-list-level-1 ' ><li class='ez-toc-page-1'><a class=\"ez-toc-link ez-toc-heading-1\" href=\"https:\/\/mistersafari.com\/fr\/safari-tanzanie\/que-faire\/#tanzanie-les-differentes-regions-a-visiter\">Tanzanie : les diff\u00e9rentes r\u00e9gions \u00e0 visiter<\/a><\/li><li class='ez-toc-page-1'><a class=\"ez-toc-link ez-toc-heading-2\" href=\"https:\/\/mistersafari.com\/fr\/safari-tanzanie\/que-faire\/#le-safari-lactivite-phare-a-faire-en-tanzanie\">Le safari : l\u2019activit\u00e9-phare \u00e0 faire en Tanzanie<\/a><\/li><li class='ez-toc-page-1'><a class=\"ez-toc-link ez-toc-heading-3\" href=\"https:\/\/mistersafari.com\/fr\/safari-tanzanie\/que-faire\/#les-autres-lieux-geographiques-dinterets-a-visiter-en-tanzanie\">Les autres lieux g\u00e9ographiques d\u2019int\u00e9r\u00eats \u00e0 visiter en Tanzanie<\/a><\/li><li class='ez-toc-page-1'><a class=\"ez-toc-link ez-toc-heading-4\" href=\"https:\/\/mistersafari.com\/fr\/safari-tanzanie\/que-faire\/#les-autres-activites-a-faire-en-tanzanie\">Les autres activit\u00e9s \u00e0 faire en Tanzanie<\/a><\/li><\/ul><\/nav><\/div>\n\n\n\n\n<h2 class=\"wp-block-heading\"><span class=\"ez-toc-section\" id=\"tanzanie-les-differentes-regions-a-visiter\"><\/span>Tanzanie : les diff\u00e9rentes r\u00e9gions \u00e0 visiter<span class=\"ez-toc-section-end\"><\/span><\/h2>\n\n\n\n<h3 class=\"wp-block-heading\">Carte des r\u00e9gions<\/h3>\n\n\n\n<p>Voici une carte du pays et ses r\u00e9gions qui vous pourra vous servir de guide pour visiter la Tanzanie.<\/p>\n\n\n\n<figure class=\"wp-block-image size-large\"><picture><source srcset=\"https:\/\/mistersafari.com\/fr\/wp-content\/uploads\/sites\/2\/carte-tanzanie-1024x697.webp 1024w,https:\/\/mistersafari.com\/fr\/wp-content\/uploads\/sites\/2\/carte-tanzanie-300x204.webp 300w,https:\/\/mistersafari.com\/fr\/wp-content\/uploads\/sites\/2\/carte-tanzanie-768x523.webp 768w,https:\/\/mistersafari.com\/fr\/wp-content\/uploads\/sites\/2\/carte-tanzanie-1536x1045.webp 1536w,https:\/\/mistersafari.com\/fr\/wp-content\/uploads\/sites\/2\/carte-tanzanie-2048x1394.webp 2048w\" sizes=\"auto, (max-width: 1024px) 100vw, 1024px\" type=\"image\/webp\"><img src=\"https:\/\/mistersafari.com\/fr\/wp-content\/uploads\/sites\/2\/carte-tanzanie-1024x697.gif\" height=\"697\" width=\"1024\" srcset=\"https:\/\/mistersafari.com\/fr\/wp-content\/uploads\/sites\/2\/carte-tanzanie-1024x697.gif 1024w, https:\/\/mistersafari.com\/fr\/wp-content\/uploads\/sites\/2\/carte-tanzanie-300x204.gif 300w, https:\/\/mistersafari.com\/fr\/wp-content\/uploads\/sites\/2\/carte-tanzanie-768x523.gif 768w, https:\/\/mistersafari.com\/fr\/wp-content\/uploads\/sites\/2\/carte-tanzanie-1536x1045.gif 1536w, https:\/\/mistersafari.com\/fr\/wp-content\/uploads\/sites\/2\/carte-tanzanie-2048x1394.gif 2048w\" sizes=\"auto, (max-width: 1024px) 100vw, 1024px\" class=\"wp-image-908 sp-no-webp\" alt=\"carte de Tanzanie\" loading=\"lazy\" decoding=\"async\"  > <\/picture><figcaption><em>Source : <a href=\"https:\/\/www.tanzaniatourism.go.tz\/en\" target=\"_blank\" aria-label=\" (opens in a new tab)\" rel=\"noreferrer noopener\" class=\"rank-math-link\">Tanzania Tourist Board<\/a><\/em><\/figcaption><\/figure>\n\n\n\n<h3 class=\"wp-block-heading\">Les villes et lieux d\u2019int\u00e9r\u00eats en Tanzanie<\/h3>\n\n\n\n<p>Avec plus de 2,5 millions d\u2019habitants, <strong>Dar Es-Salaam<\/strong> est la plus grande ville de la Tanzanie. Elle constitue souvent le point de d\u00e9part ou d\u2019arriv\u00e9e des voyageurs gr\u00e2ce \u00e0 son a\u00e9roport international. Situ\u00e9 sur la c\u00f4te de l\u2019Oc\u00e9an Indien, cet ancien village de p\u00eacheurs est aujourd\u2019hui un haut lieu du commerce maritime et une ville tr\u00e8s anim\u00e9e : mus\u00e9es, jardins et parcs, march\u00e9s, restaurants, plages, \u2026 \u00c0 ne pas manquer : la belle architecture de la Cath\u00e9drale Saint-Joseph.&nbsp;<\/p>\n\n\n\n<p>Au Nord du pays, on retrouve la ville d\u2019<strong>Arusha<\/strong>. Connue pour le parc national du m\u00eame nom et son a\u00e9roport international, elle est le point d\u2019acc\u00e8s id\u00e9al pour les parcs du Nord de la Tanzanie.&nbsp;<\/p>\n\n\n\n<p><strong>Dodoma<\/strong> est la capitale administrative, situ\u00e9e au centre du pays. Au coeur d\u2019une r\u00e9gion agricole, elle est entour\u00e9e de champs de vigne.&nbsp;<\/p>\n\n\n\n<p>&nbsp;\u00c0 l\u2019Ouest, au bord du Lac Tanganyika, la ville de <strong>Kigoma<\/strong> est la seule grande ville de la r\u00e9gion. C\u2019est une \u00e9tape obligatoire pour aller rencontrer les chimpanz\u00e9s dans les parcs de <a href=\"https:\/\/mistersafari.com\/fr\/safari-tanzanie\/parcs-reserves\/parc-national-gombe\/\" class=\"rank-math-link\">Gombe <\/a>ou des <a href=\"https:\/\/mistersafari.com\/fr\/safari-tanzanie\/parcs-reserves\/parc-monts-mahale\/\">Monts Mahale<\/a>.&nbsp;<\/p>\n\n\n\n<p><strong>Stone Town<\/strong>, capitale des \u00e9pices, est un des lieux incontournables de la Tanzanie situ\u00e9e sur l&rsquo;\u00eele principale de Zanzibar.&nbsp;<\/p>\n\n\n\n<p>\u00c0 l\u2019extr\u00eame Nord de la Tanzanie, les villes de <strong>Musoma <\/strong>et de <strong>Mwanza <\/strong>se sont install\u00e9es sur les rives du Lac Victoria. Rencontres avec les populations locales, march\u00e9s et restaurants traditionnels, plages de sable, \u00eeles sur le lac regorgeant d\u2019une faune et d\u2019une flore abondantes, cette r\u00e9gion plus recul\u00e9e de la Tanzanie a tout pour plaire.&nbsp;<\/p>\n\n\n\n<h2 class=\"wp-block-heading\"><span class=\"ez-toc-section\" id=\"le-safari-lactivite-phare-a-faire-en-tanzanie\"><\/span>Le safari : l\u2019activit\u00e9-phare \u00e0 faire en Tanzanie<span class=\"ez-toc-section-end\"><\/span><\/h2>\n\n\n\n<h3 class=\"wp-block-heading\">La Tanzanie, une destination mondiale de safari<\/h3>\n\n\n\n<p>Une quinzaine de parcs nationaux, deux aires de conservation, plusieurs sites inscrits au Patrimoine Mondial de l\u2019UNESCO : c\u2019est sans surprise que la Tanzanie est un lieu privil\u00e9gi\u00e9 pour faire un safari. Gr\u00e2ce \u00e0 une faune abondante et vari\u00e9e, des paysages \u00e9poustouflants, une population accueillante et un climat agr\u00e9able, les amateurs de safari ont tout int\u00e9r\u00eat \u00e0 se rendre en Tanzanie.&nbsp;<\/p>\n\n\n\n<p>Notre guide complet sur le<a href=\"https:\/\/mistersafari.com\/fr\/safari-tanzanie\/\" class=\"rank-math-link\"> safari en Tanzanie<\/a> est une ressource utile pour pr\u00e9parer votre voyage.&nbsp;<\/p>\n\n\n\n<h3 class=\"wp-block-heading\">Les 3 meilleurs parcs et r\u00e9serves \u00e0 visiter en Tanzanie<\/h3>\n\n\n\n<p>Tous les parcs et r\u00e9serves de Tanzanie pr\u00e9sentent des particularit\u00e9s et ils sont tous int\u00e9ressants \u00e0 visiter. Voici selon nous les trois qui sortent malgr\u00e9 tout du lot pour faire un safari en Tanzanie exceptionnel.&nbsp;<\/p>\n\n\n\n<h4 class=\"wp-block-heading\">Le crat\u00e8re de Ngorongoro&nbsp;<\/h4>\n\n\n\n<p>Paysage incroyable et unique, le <a href=\"https:\/\/mistersafari.com\/fr\/safari-tanzanie\/parcs-reserves\/cratere-ngorongoro\/\" class=\"rank-math-link\">crat\u00e8re de Ngorongoro<\/a> est la plus grande caldeira au monde avec un diam\u00e8tre de 20km. Ce d\u00e9cor abrite de nombreux animaux et notamment une forte densit\u00e9 de mammif\u00e8res pr\u00e9dateurs, offrant ainsi des spectacles de chasse impressionnants. Gr\u00e2ce \u00e0 la pr\u00e9sence de points d\u2019eau permanents, la faune y est riche et vari\u00e9e, attirant aussi plus de 500 esp\u00e8ces d\u2019oiseaux.&nbsp;<\/p>\n\n\n\n<p>Le lieu est class\u00e9 R\u00e9serve internationale de la biosph\u00e8re et lorsqu\u2019on y est, on comprend pourquoi. C\u2019est un endroit \u00e0 voir absolument en Tanzanie.&nbsp;<\/p>\n\n\n\n<h4 class=\"wp-block-heading\">Le Parc National du Serengeti<\/h4>\n\n\n\n<p>Dans le prolongement de la <a href=\"https:\/\/mistersafari.com\/fr\/safari-kenya\/parcs-reserves\/masai-mara\/\" class=\"rank-math-link\">R\u00e9serve Masa\u00ef Mara<\/a> du Kenya, le Parc National du Serengeti offre le spectacle unique au monde de la grande migration des gnous et des z\u00e8bres. On d\u00e9nombre plusieurs millions d\u2019herbivores qui circulent \u00e0 travers le parc et les zones avoisinantes au fil des saisons, tentant d&rsquo;\u00e9chapper aux pr\u00e9dateurs (lions, crocodiles, \u2026) pr\u00e9sents sur leur parcours.&nbsp;<\/p>\n\n\n\n<p>\u00c0 travers les 15000 km2 de <a href=\"https:\/\/mistersafari.com\/fr\/safari-tanzanie\/parcs-reserves\/parc-national-serengeti\/\" class=\"rank-math-link\">Parc du Serengeti<\/a>, le Big Five est pr\u00e9sent. Vous pourrez observer les lions sur leur rocher ou sur les branches des acacias, les troupeaux d\u2019\u00e9l\u00e9phants, des girafes, hippopotames, hy\u00e8nes et de nombreuses esp\u00e8ces d\u2019oiseau.&nbsp;<\/p>\n\n\n\n<h4 class=\"wp-block-heading\">La R\u00e9serve de Selous<\/h4>\n\n\n\n<p>Situ\u00e9e au Centre de la Tanzanie, la R\u00e9serve de Selous est moins fr\u00e9quent\u00e9e que les parcs du Nord alors qu\u2019elle regorge de d\u00e9couvertes inoubliables. Plus grande r\u00e9serve du continent, elle est rest\u00e9e \u00e0 l\u2019\u00e9tat sauvage et naturel ce qui fait de ce parc un lieu id\u00e9al d\u2019habitation pour les animaux d\u2019Afrique. El\u00e9phants et lycaons sont les animaux embl\u00e9matiques du parc, mais vous y rencontrerez aussi des lions, des buffles, des girafes, des antilopes, des crocodiles, des hippopotames, &#8230;<\/p>\n\n\n\n<p>Pour une exp\u00e9rience hors du commun, pensez \u00e0 tester un safari en bateau sur la rivi\u00e8re Rufiji !<\/p>\n\n\n\n<h2 class=\"wp-block-heading\"><span class=\"ez-toc-section\" id=\"les-autres-lieux-geographiques-dinterets-a-visiter-en-tanzanie\"><\/span>Les autres lieux g\u00e9ographiques d\u2019int\u00e9r\u00eats \u00e0 visiter en Tanzanie<span class=\"ez-toc-section-end\"><\/span><\/h2>\n\n\n\n<p>Vous vous demandez que visiter en Tanzanie pour compl\u00e9ter votre voyage ? Voici quelques endroits suppl\u00e9mentaires qui m\u00e9ritent une visite et enrichiront votre s\u00e9jour en Tanzanie.&nbsp;<\/p>\n\n\n\n<h3 class=\"wp-block-heading\">Le Mont Kilimandjaro<\/h3>\n\n\n\n<p>Surnomm\u00e9 le toit de l\u2019Afrique, le <a href=\"https:\/\/mistersafari.com\/fr\/safari-tanzanie\/parcs-reserves\/parc-national-kilimandjaro\/\" class=\"rank-math-link\">Mont Kilimandjaro<\/a> culmine \u00e0 plus de 5890 m\u00e8tres, ce qui en fait le plus haut sommet du monde accessible \u00e0 pieds. Il faudra compter environ 6 jours de marche aux amateurs de randonn\u00e9e qui souhaitent atteindre ses neiges \u00e9ternelles si caract\u00e9ristiques. En chemin, la rencontre avec de nombreux animaux sauvages d\u2019Afrique rythmera votre ascension.&nbsp;<\/p>\n\n\n\n<p>En vous rendant au Kilimandjaro, passez aussi par le village de Moshi et visitez les sources d\u2019eau chaudes de Rundugai et les cascades de Matureni.&nbsp;<\/p>\n\n\n\n<h3 class=\"wp-block-heading\">Zanzibar<\/h3>\n\n\n\n<p>La Tanzanie, c\u2019est aussi l\u2019Archipel de Zanzibar qui regroupe trois principales \u00eeles, Unguja, Pemba et Mafia, et nombreuses autres petites \u00eeles au large des c\u00f4tes. L&rsquo;\u00eele d\u2019Unguja, commun\u00e9ment appel\u00e9e Zanzibar, est l\u2019un des lieux les plus fr\u00e9quent\u00e9s de la Tanzanie. Mais toutes ces \u00eeles sont dot\u00e9es de <a href=\"https:\/\/mistersafari.com\/fr\/safari-tanzanie\/zanzibar\/plages\/\" class=\"rank-math-link\">plages de r\u00eaves<\/a> et d\u2019un patrimoine culturel riche. C\u2019est le lieu id\u00e9al pour un s\u00e9jour idyllique.&nbsp;<\/p>\n\n\n\n<p>Faites un tour du c\u00f4t\u00e9 de Kizimkazi, village traditionnel d\u2019o\u00f9 l\u2019on peut observer un grand nombre de dauphins. La grotte de Kuza entre Jambiani et Zanzibar, bien que peu connue des touristes, vaut aussi le d\u00e9tour.&nbsp;<\/p>\n\n\n\n<h3 class=\"wp-block-heading\">Le Mont Meru<\/h3>\n\n\n\n<p>Second sommet de la Tanzanie, le Mont Meru s\u2019\u00e9l\u00e8ve \u00e0 plus de 4500 m\u00e8tres au coeur du <a href=\"https:\/\/mistersafari.com\/fr\/safari-tanzanie\/parcs-reserves\/arusha\/\">Parc National d\u2019Arusha<\/a>. Son ascension est plus accessible que celle du Kilimandjaro et permet aux randonneurs moins exp\u00e9riment\u00e9s (ou \u00e0 ceux souhaitant un entrainement avant d\u2019affronter le Kili) de d\u00e9couvrir la beaut\u00e9 des montagnes africaines, des points de vue magnifiques et une exp\u00e9rience inoubliable.&nbsp;<\/p>\n\n\n\n<h3 class=\"wp-block-heading\">Le Lac Tanganyika<\/h3>\n\n\n\n<p>A l\u2019Ouest du pays, le Lac Tanganyika accueille sur ses rives deux petits parcs nationaux, cr\u00e9\u00e9s afin de pr\u00e9server leurs populations de chimpanz\u00e9s : le <a href=\"https:\/\/mistersafari.com\/fr\/safari-tanzanie\/parcs-reserves\/parc-national-gombe\/\">Parc National de Gombe Stream<\/a> et le <a href=\"https:\/\/mistersafari.com\/fr\/safari-tanzanie\/parcs-reserves\/parc-monts-mahale\/\" class=\"rank-math-link\">Parc des Monts Mahale<\/a>. L\u2019exp\u00e9rience est m\u00e9morable et les visiteurs ne regrettent jamais d\u2019avoir travers\u00e9 le pays pour d\u00e9couvrir les primates dans leur environnement naturel.&nbsp;<\/p>\n\n\n\n<h3 class=\"wp-block-heading\">Les Gorges d\u2019Olduvai<\/h3>\n\n\n\n<p>Site arch\u00e9ologique entre le Parc du Serengeti et le <a href=\"https:\/\/mistersafari.com\/fr\/safari-tanzanie\/parcs-reserves\/cratere-ngorongoro\/\" class=\"rank-math-link\">crat\u00e8re Ngorongoro<\/a>, les Gorges d\u2019Olduvai sont des s\u00e9ries de failles qui forment aujourd\u2019hui un canyon. De nombreux fossiles d\u2019humains et d\u2019animaux ont \u00e9t\u00e9 d\u00e9couverts, datant de plus de 2 millions d\u2019ann\u00e9es.&nbsp;<\/p>\n\n\n\n<h3 class=\"wp-block-heading\">Le Lac Victoria<\/h3>\n\n\n\n<p>Plus grand lac d\u2019eau douce d\u2019Afrique, le Lac Victoria constitue une fronti\u00e8re naturelle avec le Kenya. Il compte plus de 3000 \u00eelots, dont certains accessibles en bateau. La d\u00e9couverte de son histoire, ses paysages, sa faune aquatique, ses oiseaux et sa flore agr\u00e9menteront votre visite.&nbsp;<\/p>\n\n\n\n<h3 class=\"wp-block-heading\">Le Lac Natron<\/h3>\n\n\n\n<p>Au Nord du pays, \u00e0 la fronti\u00e8re avec le <a href=\"https:\/\/mistersafari.com\/fr\/safari-kenya\/\" class=\"rank-math-link\">Kenya<\/a>, le Lac Natron offre un paysage aux couleurs vibrantes :&nbsp; le rose des flamants roses, le bleu des eaux alcalines du lac qui tournent parfois au rouge selon les saisons, le noir des roches du volcan Ol Doinyo Lenga\u00ef en arri\u00e8re-plan. Ici, peu d\u2019animaux sont pr\u00e9sents, mis \u00e0 part les flamants et d\u2019autres esp\u00e8ces d\u2019oiseaux. Ce sont ses paysages et la rencontre avec la population des Massa\u00ef qui rendent le lieu inoubliable.&nbsp;<\/p>\n\n\n\n<h2 class=\"wp-block-heading\"><span class=\"ez-toc-section\" id=\"les-autres-activites-a-faire-en-tanzanie\"><\/span>Les autres activit\u00e9s \u00e0 faire en Tanzanie<span class=\"ez-toc-section-end\"><\/span><\/h2>\n\n\n\n<p>Outre les safaris tanzaniens qui font la renomm\u00e9e du pays, de nombreuses autres activit\u00e9s peuvent venir compl\u00e9ter votre s\u00e9jour. Si vous vous demandez que faire en Tanzanie, voici quelques exemples.<\/p>\n\n\n\n<h3 class=\"wp-block-heading\">La randonn\u00e9e<\/h3>\n\n\n\n<p>Mont Kilimandjaro, Mont Meru, for\u00eats tropicales, crat\u00e8res volcaniques, \u00e9tendues de savane, rivi\u00e8res, lacs, la Tanzanie regorge de sentiers de randonn\u00e9es aux d\u00e9cors vari\u00e9s.&nbsp;<\/p>\n\n\n\n<h3 class=\"wp-block-heading\">La p\u00eache<\/h3>\n\n\n\n<p>Depuis la c\u00f4te continentale, l\u2019une des \u00eeles de l\u2019Archipel de Zanzibar ou bien un lac, vous pourrez pratiquer la p\u00eache accompagn\u00e9 des p\u00eacheurs locaux. C\u2019est une exp\u00e9rience au coeur des cultures traditionnelles, surtout si vous montez \u00e0 bord d\u2019un dhow, le bateau traditionnelle swahili. A Zanzibar, la culture des algues est aussi \u00e0 d\u00e9couvrir sur de <a href=\"https:\/\/mistersafari.com\/fr\/safari-tanzanie\/zanzibar\/plages\/\">nombreuses plages<\/a> \u00e0 mar\u00e9e basse.&nbsp;<\/p>\n\n\n\n<h3 class=\"wp-block-heading\">La plong\u00e9e<\/h3>\n\n\n\n<p>Les spots de plong\u00e9e sous-marine sont nombreux en Tanzanie, aussi bien \u00e0 Zanzibar que sur les c\u00f4tes du continent. Les r\u00e9cifs coralliens abritent des milliers d\u2019esp\u00e8ces de poissons color\u00e9s, facilement observables dans les eaux cristallines.&nbsp;<\/p>\n\n\n\n<h3 class=\"wp-block-heading\">Le VTT<\/h3>\n\n\n\n<p>Safaris en VTT, VTT de descente sur les flancs de monts ou volcans ou randonn\u00e9es \u00e0 VTT \u00e0 travers les champs de culture de bananes ou de riz, c\u2019est une fa\u00e7on originale de d\u00e9couvrir le pays pour les plus sportifs.&nbsp;<\/p>\n\n\n\n<h3 class=\"wp-block-heading\">Le Cano\u00eb<\/h3>\n\n\n\n<p>Des balades en cano\u00ebs sont propos\u00e9es sur plusieurs lacs et rivi\u00e8res du pays : Lac Momella dans le <a href=\"https:\/\/mistersafari.com\/fr\/safari-tanzanie\/parcs-reserves\/arusha\/\">Parc d\u2019Arusha<\/a> ou Lac Duluti par exemple.<\/p>\n\n\n\n<h3 class=\"wp-block-heading\">La rencontre avec les populations locales<\/h3>\n\n\n\n<p>De nombreux villages Massa\u00ef ouvrent leurs portes aux touristes afin de partager leur culture et leurs traditions. Bien que parfois un peu clich\u00e9es, ces rencontres sont l\u2019occasion de d\u00e9couvrir un mode de vie bien loin du n\u00f4tre.&nbsp;<\/p>\n\n\n\n<h3 class=\"wp-block-heading\">Visite des plantations de caf\u00e9<\/h3>\n\n\n\n<p>Grand producteur de caf\u00e9, visiter la Tanzanie est aussi l\u2019occasion de d\u00e9couvrir les nombreuses plantations, participer \u00e0 une cueillette ou profiter d\u2019une d\u00e9gustation.&nbsp;<\/p>\n","protected":false},"excerpt":{"rendered":"<p>Vaste pays r\u00e9put\u00e9 pour ses safaris, la Tanzanie a encore plus \u00e0 offrir. Mais que faire en Tanzanie ? Il n\u2019est pas toujours facile de savoir que voir en Tanzanie. Pour profiter au mieux de votre voyage, nous avons regroup\u00e9 dans ce guide plein d\u2019id\u00e9es pour vous aider \u00e0 d\u00e9cider quoi faire en Tanzanie.&nbsp; Tanzanie &#8230; <a title=\"Que faire en Tanzanie ?\" class=\"read-more\" href=\"https:\/\/mistersafari.com\/fr\/safari-tanzanie\/que-faire\/\" aria-label=\"En savoir plus sur Que faire en Tanzanie ?\">Lire la suite<\/a><\/p>\n","protected":false},"author":3,"featured_media":907,"parent":932,"menu_order":9,"comment_status":"closed","ping_status":"closed","template":"","meta":{"_acf_changed":false,"footnotes":""},"content_type":[],"country":[],"class_list":{"0":"post-902","1":"page","2":"type-page","3":"status-publish","4":"has-post-thumbnail","6":"no-featured-image-padding"},"acf":{"hreflang":[{"alternative_url":"https:\/\/mistersafari.com\/tanzania\/info\/things-to-do\/","language":"en"}]},"_links":{"self":[{"href":"https:\/\/mistersafari.com\/fr\/wp-json\/wp\/v2\/pages\/902","targetHints":{"allow":["GET"]}}],"collection":[{"href":"https:\/\/mistersafari.com\/fr\/wp-json\/wp\/v2\/pages"}],"about":[{"href":"https:\/\/mistersafari.com\/fr\/wp-json\/wp\/v2\/types\/page"}],"author":[{"embeddable":true,"href":"https:\/\/mistersafari.com\/fr\/wp-json\/wp\/v2\/users\/3"}],"replies":[{"embeddable":true,"href":"https:\/\/mistersafari.com\/fr\/wp-json\/wp\/v2\/comments?post=902"}],"version-history":[{"count":12,"href":"https:\/\/mistersafari.com\/fr\/wp-json\/wp\/v2\/pages\/902\/revisions"}],"predecessor-version":[{"id":6304,"href":"https:\/\/mistersafari.com\/fr\/wp-json\/wp\/v2\/pages\/902\/revisions\/6304"}],"up":[{"embeddable":true,"href":"https:\/\/mistersafari.com\/fr\/wp-json\/wp\/v2\/pages\/932"}],"wp:featuredmedia":[{"embeddable":true,"href":"https:\/\/mistersafari.com\/fr\/wp-json\/wp\/v2\/media\/907"}],"wp:attachment":[{"href":"https:\/\/mistersafari.com\/fr\/wp-json\/wp\/v2\/media?parent=902"}],"wp:term":[{"taxonomy":"content_type","embeddable":true,"href":"https:\/\/mistersafari.com\/fr\/wp-json\/wp\/v2\/content_type?post=902"},{"taxonomy":"country","embeddable":true,"href":"https:\/\/mistersafari.com\/fr\/wp-json\/wp\/v2\/country?post=902"}],"curies":[{"name":"wp","href":"https:\/\/api.w.org\/{rel}","templated":true}]}}