{"id":895,"date":"2020-06-30T08:46:15","date_gmt":"2020-06-30T08:46:15","guid":{"rendered":"https:\/\/mistersafari.com\/fr\/?p=895"},"modified":"2022-01-23T17:46:28","modified_gmt":"2022-01-23T17:46:28","slug":"circuit","status":"publish","type":"page","link":"https:\/\/mistersafari.com\/fr\/safari-tanzanie\/circuit\/","title":{"rendered":"Circuit en Tanzanie"},"content":{"rendered":"\n<p>En Tanzanie, un circuit vous permettra de d\u00e9couvrir toutes les richesses du pays. Composez votre voyage \u00e0 l\u2019avance pour \u00eatre s\u00fbr de profiter au maximum de votre <a href=\"https:\/\/mistersafari.com\/fr\/safari-tanzanie\/\" class=\"rank-math-link\">safari en Tanzanie<\/a> mais aussi des autres activit\u00e9s qui s\u2019offrent \u00e0 vous. Voici notre guide pour vous aider \u00e0 d\u00e9finir votre p\u00e9riple. Et si vous avez besoin d\u2019inspirations, vous trouverez aussi quelques id\u00e9es des meilleurs circuits en Tanzanie !<\/p>\n\n\n<div id=\"ez-toc-container\" class=\"ez-toc-v2_0_76 counter-flat ez-toc-counter ez-toc-custom ez-toc-container-direction\">\n<div class=\"ez-toc-title-container\"><p class=\"ez-toc-title\" style=\"cursor:inherit\">Sommaire<\/p>\n<\/div><nav><ul class='ez-toc-list ez-toc-list-level-1 ' ><li class='ez-toc-page-1'><a class=\"ez-toc-link ez-toc-heading-1\" href=\"https:\/\/mistersafari.com\/fr\/safari-tanzanie\/circuit\/#les-meilleurs-circuits-en-tanzanie\" >Les meilleurs circuits en Tanzanie<\/a><\/li><li class='ez-toc-page-1'><a class=\"ez-toc-link ez-toc-heading-2\" href=\"https:\/\/mistersafari.com\/fr\/safari-tanzanie\/circuit\/#zoom-circuit-tanzanie-zanzibar-lincontournable\" >Zoom : circuit Tanzanie-Zanzibar, l\u2019incontournable<\/a><\/li><li class='ez-toc-page-1'><a class=\"ez-toc-link ez-toc-heading-3\" href=\"https:\/\/mistersafari.com\/fr\/safari-tanzanie\/circuit\/#comment-organiser-son-circuit-en-tanzanie\" >Comment organiser son circuit en Tanzanie ?<\/a><\/li><li class='ez-toc-page-1'><a class=\"ez-toc-link ez-toc-heading-4\" href=\"https:\/\/mistersafari.com\/fr\/safari-tanzanie\/circuit\/#circuit-en-tanzanie-et-dans-dautres-pays\" >Circuit en Tanzanie et dans d\u2019autres pays<\/a><\/li><li class='ez-toc-page-1'><a class=\"ez-toc-link ez-toc-heading-5\" href=\"https:\/\/mistersafari.com\/fr\/safari-tanzanie\/circuit\/#faq\" >FAQ<\/a><\/li><\/ul><\/nav><\/div>\n\n\n\n\n<h2 class=\"wp-block-heading\"><span class=\"ez-toc-section\" id=\"les-meilleurs-circuits-en-tanzanie\"><\/span>Les meilleurs circuits en Tanzanie<span class=\"ez-toc-section-end\"><\/span><\/h2>\n\n\n\n<p>Pour vous aider \u00e0 organiser votre p\u00e9riple, nous vous proposons ici plusieurs id\u00e9es de circuits en fonction des crit\u00e8res de votre voyage.&nbsp;<\/p>\n\n\n\n<h3 class=\"wp-block-heading\">Le crit\u00e8re principal d\u2019un circuit en Tanzanie : le budget<\/h3>\n\n\n\n<p>Souvent l\u2019un des premiers crit\u00e8res \u00e0 consid\u00e9rer dans l\u2019organisation de votre <a href=\"https:\/\/mistersafari.com\/fr\/safari-tanzanie\/\" class=\"rank-math-link\">safari en Tanzanie<\/a>, votre budget vous guidera vers tel ou tel parc, impactera votre choix de logement ou encore la dur\u00e9e de votre s\u00e9jour.&nbsp; Voici deux suggestions de circuits aux budgets radicalement oppos\u00e9s !<\/p>\n\n\n\n<p class=\"callout-blue\">Les petits budgets privil\u00e9gieront les parcs moins touristiques du Centre et du Sud du pays. Moins chers, ils permettent malgr\u00e9 tout de voir beaucoup d\u2019animaux sans pour autant avoir \u00e0 parcourir beaucoup de distances.&nbsp;<\/p>\n\n\n\n<p><strong>Pour un circuit en Tanzanie pas cher<\/strong> : safari de 10 jours (vols et transferts inclus) dans le Centre et le sud de la Tanzanie, log\u00e9 en lodges ou campings selon les disponibilit\u00e9s.<\/p>\n\n\n\n<ul class=\"wp-block-list\"><li>Jour 1 : Arriv\u00e9e \u00e0 Dar Es-Salaam et transfert vers la R\u00e9serve de Selous<\/li><li>Jour 2 \u00e0 4 : Safaris dans la <a href=\"https:\/\/mistersafari.com\/fr\/safari-tanzanie\/parcs-reserves\/reserve-selous\/\" class=\"rank-math-link\">R\u00e9serve de Selous<\/a><\/li><li>Jour 5 et 6 : Safaris dans le <a href=\"https:\/\/mistersafari.com\/fr\/safari-tanzanie\/parcs-reserves\/udzungwa\/\">Parc d\u2019Udzungwa<\/a>&nbsp;<\/li><li>Jour 7 \u00e0 9 : Safaris dans le <a href=\"https:\/\/mistersafari.com\/fr\/safari-tanzanie\/parcs-reserves\/parc-national-mikumi\/\">Parc de Mikumi<\/a><\/li><li>Jour 10 : Retour \u00e0 Dar Es-Salaam et d\u00e9part<\/li><\/ul>\n\n\n\n<p>La Tanzanie ravira aussi les voyageurs qui souhaitent un s\u00e9jour luxueux. Visites des plus grands parcs, h\u00e9bergement dans des lodges de luxe, transferts en avion composeront alors le s\u00e9jour. Voici un exemple.&nbsp;<\/p>\n\n\n\n<p><strong>Circuit de luxe en Tanzanie<\/strong> : safari de 15 jours (vols et transferts compris) avec la visite de nombreux parcs, log\u00e9 en lodges de luxe et accompagn\u00e9 d\u2019un guide priv\u00e9.&nbsp;<\/p>\n\n\n\n<ul class=\"wp-block-list\"><li>Jour 1 : Arriv\u00e9e \u00e0 Arusha et transfert vers le Parc d\u2019Arusha<\/li><li>Jour 2 : Safari dans le <a href=\"https:\/\/mistersafari.com\/fr\/safari-tanzanie\/parcs-reserves\/arusha\/\">Parc d\u2019Arusha<\/a>&nbsp;<\/li><li>Jour 3 et 4 : Safaris dans le <a href=\"https:\/\/mistersafari.com\/fr\/safari-tanzanie\/parcs-reserves\/lac-manyara\/\">Parc du Lac Manyara<\/a><\/li><li>Jour 5 et 6 : Safaris dans et autour du <a href=\"https:\/\/mistersafari.com\/fr\/safari-tanzanie\/parcs-reserves\/cratere-ngorongoro\/\">crat\u00e8re Ngorongoro<\/a><\/li><li>Jour 7 \u00e0 10 : Safaris dans le <a href=\"https:\/\/mistersafari.com\/fr\/safari-tanzanie\/parcs-reserves\/parc-national-serengeti\/\">Parc du Serengeti<\/a><\/li><li>Jour 11 : Transfert vers le <a href=\"https:\/\/mistersafari.com\/fr\/safari-tanzanie\/parcs-reserves\/parc-national-gombe\/\" data-type=\"page\" data-id=\"806\" class=\"rank-math-link\">Parc de Gombe Stream<\/a><\/li><li>Jour 12 et 13 : Safaris dans le <a href=\"https:\/\/mistersafari.com\/fr\/safari-tanzanie\/parcs-reserves\/parc-national-gombe\/\">Parc de Gombe Stream<\/a><\/li><li>Jour 14 et 15 : Transfert vers Arusha et d\u00e9part<\/li><\/ul>\n\n\n\n<p class=\"callout-blue\">Pour ce circuit, un transfert a\u00e9rien vers et depuis le Parc de Gombe Stream est recommand\u00e9 pour gagner du temps.&nbsp;<\/p>\n\n\n\n<h3 class=\"wp-block-heading\">En famille, entre amis, seul ou en groupe : le second crit\u00e8re pour organiser son circuit safari au Kenya<\/h3>\n\n\n\n<p>Le choix de votre circuit est aussi fonction de vos compagnons de voyage. Vous voyagez seul ? Avec des enfants ? En couple ou entre amis ? Vous pr\u00e9f\u00e9rez un voyage organis\u00e9 en groupe ? Pensez \u00e0 adapter votre p\u00e9riple en fonction des capacit\u00e9s et des envies de chacun.&nbsp;<\/p>\n\n\n\n<p><strong>Pour un circuit en Tanzanie en famille<\/strong> : safari de 7 jours maximum dans les parcs de la Tanzanie puis s\u00e9jour de 7 jours de repos en station baln\u00e9aire.<\/p>\n\n\n\n<ul class=\"wp-block-list\"><li>Jour 1 : Arriv\u00e9e \u00e0 Arusha et transfert<\/li><li>Jour 2 : Safari dans le <a href=\"https:\/\/mistersafari.com\/fr\/safari-tanzanie\/parcs-reserves\/arusha\/\">Parc d\u2019Arusha<\/a><\/li><li>Jour 3 : Safari dans le <a href=\"https:\/\/mistersafari.com\/fr\/safari-tanzanie\/parcs-reserves\/parc-national-tarangire\/\">Parc de Tarangire<\/a><\/li><li>Jour 4 : Transfert vers le crat\u00e8re Ngorongoro<\/li><li>Jour 5 et 6 : Safaris dans le <a href=\"https:\/\/mistersafari.com\/fr\/safari-tanzanie\/parcs-reserves\/cratere-ngorongoro\/\">crat\u00e8re Ngorongoro<\/a><\/li><li>Jour 7 : Transfert vers Zanzibar<\/li><li>Jour 8 \u00e0 13 : S\u00e9jour sur la c\u00f4te nord-est de Zanzibar<\/li><li>Jour 14 : D\u00e9part depuis l\u2019a\u00e9roport de Zanzibar<\/li><\/ul>\n\n\n\n<p>N\u2019h\u00e9sitez pas \u00e0 adapter la dur\u00e9e du safari \u00e0 l\u2019\u00e2ge de vos enfants en \u00f4tant un ou deux parcs si besoin et en rallongeant la dur\u00e9e dans chaque parc pour pouvoir avoir des jours de repos au bord de la piscine des lodges !<\/p>\n\n\n\n<p><strong>Pour un circuit en Tanzanie entre adultes sportifs<\/strong> : safari de 15 jours (vols et transferts compris) dans le nord de la Tanzanie.<\/p>\n\n\n\n<ul class=\"wp-block-list\"><li>Jour 1 : Arriv\u00e9e \u00e0 Arusha et transfert vers le crat\u00e8re Ngorongoro<\/li><li>Jour 2 et 3 : Safaris dans et autour du <a href=\"https:\/\/mistersafari.com\/fr\/safari-tanzanie\/parcs-reserves\/cratere-ngorongoro\/\">crat\u00e8re Ngorongoro<\/a><\/li><li>Jour 4 \u00e0 7 : Transfert et safaris dans le <a href=\"https:\/\/mistersafari.com\/fr\/safari-tanzanie\/parcs-reserves\/parc-national-serengeti\/\">Parc du Serengeti<\/a><\/li><li>Jour 8 : Transfert vers le <a href=\"https:\/\/mistersafari.com\/fr\/safari-tanzanie\/parcs-reserves\/parc-national-kilimandjaro\/\">Parc du Kilimandjaro<\/a><\/li><li>Jour 9 \u00e0 14 : Safari et ascension du <a href=\"https:\/\/mistersafari.com\/fr\/safari-tanzanie\/parcs-reserves\/parc-national-kilimandjaro\/\" class=\"rank-math-link\">Mont Kilimandjaro<\/a><\/li><li>Jour 15 : Transfert vers <a href=\"https:\/\/mistersafari.com\/fr\/safari-tanzanie\/parcs-reserves\/arusha\/\" class=\"rank-math-link\">Arusha<\/a> et d\u00e9part<\/li><\/ul>\n\n\n\n<p>Loin des touristes, certains parcs vous promettent de safaris originaux, en toute tranquillit\u00e9.<\/p>\n\n\n\n<p><strong>Pour un circuit en Tanzanie hors des sentiers battus<\/strong> : s\u00e9jour de 13 jours avec visites des parcs du Centre et de l\u2019ouest du pays, log\u00e9 en campings ou lodges de standard moyen.&nbsp;<\/p>\n\n\n\n<ul class=\"wp-block-list\"><li>Jour 1 : Arriv\u00e9e \u00e0 Dar Es-Salaam et transfert vers la R\u00e9serve de Selous<\/li><li>Jour 2 \u00e0 5 : Safaris dans la <a href=\"https:\/\/mistersafari.com\/fr\/safari-tanzanie\/parcs-reserves\/reserve-selous\/\">R\u00e9serve de Selous<\/a><\/li><li>Jour 6 \u00e0 9 : Safaris dans le <a href=\"https:\/\/mistersafari.com\/fr\/safari-tanzanie\/parcs-reserves\/parc-ruaha\/\">Parc de Ruaha<\/a>, dont un safari de nuit<\/li><li>Jour 10 : Transfert vers le Parc des Monts Mahale<\/li><li>Jour 11 et 12 : Safaris \u00e0 pieds dans le <a href=\"https:\/\/mistersafari.com\/fr\/safari-tanzanie\/parcs-reserves\/parc-monts-mahale\/\">Parc des Monts Mahale<\/a><\/li><li>Jour 13 : Transfert vers Dar Es Salaam et d\u00e9part<\/li><\/ul>\n\n\n\n<h3 class=\"wp-block-heading\">Combin\u00e9 safari et plages : le circuit id\u00e9al ?<\/h3>\n\n\n\n<p>Un voyage compos\u00e9 de safaris puis de quelques jours de repos sur les <a href=\"https:\/\/mistersafari.com\/fr\/safari-tanzanie\/plages\/\">plus belles plages de la Tanzanie<\/a> est le choix de nombreux voyageurs !<\/p>\n\n\n\n<p class=\"callout-green\">Ce type de s\u00e9jour permet d\u2019une part de faire quelques \u00e9conomies en r\u00e9duisant le nombre de parcs visit\u00e9s, mais aussi de cl\u00f4turer son p\u00e9riple avec un repos bien m\u00e9rit\u00e9 au bord de l\u2019oc\u00e9an.<\/p>\n\n\n\n<p><strong>Circuit en Tanzanie combinant safaris et oc\u00e9an<\/strong> : safari de 8 jours dans les plus grands parcs de la Tanzanie puis s\u00e9jour de 6 jours au bord de la mer.<\/p>\n\n\n\n<ul class=\"wp-block-list\"><li>Jour 1 : Arriv\u00e9e \u00e0 Dar Es-Salaam<\/li><li>Jour 2 : Safari dans le <a href=\"https:\/\/mistersafari.com\/fr\/safari-tanzanie\/parcs-reserves\/lac-manyara\/\">Parc du Lac Manyara<\/a>&nbsp;<\/li><li>Jour 3 et 4 : Safaris dans le <a href=\"https:\/\/mistersafari.com\/fr\/safari-tanzanie\/parcs-reserves\/cratere-ngorongoro\/\">crat\u00e8re Ngorongoro<\/a><\/li><li>Jour 5 \u00e0 8 : Safaris dans le <a href=\"https:\/\/mistersafari.com\/fr\/safari-tanzanie\/parcs-reserves\/parc-national-serengeti\/\">Parc du Serengeti<\/a><\/li><li>Jour 9 \u00e0 14 : S\u00e9jour pr\u00e8s de la Plage de Kigamboni (au Sud de Dar Es-Salaam)<\/li><li>Jour 15 : Transfert vers Dar Es Salaam et d\u00e9part<\/li><\/ul>\n\n\n\n<h2 class=\"wp-block-heading\"><span class=\"ez-toc-section\" id=\"zoom-circuit-tanzanie-zanzibar-lincontournable\"><\/span>Zoom : circuit Tanzanie-Zanzibar, l\u2019incontournable<span class=\"ez-toc-section-end\"><\/span><\/h2>\n\n\n\n<p>Un safari en Tanzanie suivi d\u2019un s\u00e9jour plage sur l&rsquo;\u00cele de Zanzibar est le combo parfait pour des vacances de r\u00eaves, riches et d\u00e9paysantes. Un circuit Tanzanie Zanzibar de deux semaines est la dur\u00e9e id\u00e9ale pour profiter de chaque lieu.<\/p>\n\n\n\n<p><strong>Circuit Tanzanie Zanzibar de 15 jours : <\/strong>visites des parcs et plages incontournables de la Tanzanie et de Zanzibar.<\/p>\n\n\n\n<ul class=\"wp-block-list\"><li>Jour 1 : Arriv\u00e9e \u00e0 Arusha<\/li><li>Jour 2 : Safari dans le <a href=\"https:\/\/mistersafari.com\/fr\/safari-tanzanie\/parcs-reserves\/arusha\/\">Parc d\u2019Arusha<\/a><\/li><li>Jour 3 et 4 : Safaris dans le <a href=\"https:\/\/mistersafari.com\/fr\/safari-tanzanie\/parcs-reserves\/parc-national-tarangire\/\">Parc de Tarangire<\/a><\/li><li>Jour 5 : Safari dans le <a href=\"https:\/\/mistersafari.com\/fr\/safari-tanzanie\/parcs-reserves\/lac-manyara\/\">Parc du Lac Manyara<\/a>&nbsp;<\/li><li>Jour 6 et 7 : Safaris dans le <a href=\"https:\/\/mistersafari.com\/fr\/safari-tanzanie\/parcs-reserves\/cratere-ngorongoro\/\">crat\u00e8re Ngorongoro<\/a><\/li><li>Jour 8 : Transfert vers Zanzibar<\/li><li>Jour 9 \u00e0 14 : S\u00e9jour \u00e0 Stone Town et visite des plus belles <a href=\"https:\/\/mistersafari.com\/fr\/safari-tanzanie\/zanzibar\/plages\/\" class=\"rank-math-link\">plages de Zanzibar<\/a><\/li><li>Jour 15 : D\u00e9part depuis l\u2019a\u00e9roport de Zanzibar<\/li><\/ul>\n\n\n\n<p>Ce type de circuit en Tanzanie vous permet de profiter des plus beaux lieux du pays continental puis de profiter d\u2019un s\u00e9jour reposant et culturel sur la c\u00f4te baln\u00e9aire de Zanzibar.<\/p>\n\n\n\n<h2 class=\"wp-block-heading\"><span class=\"ez-toc-section\" id=\"comment-organiser-son-circuit-en-tanzanie\"><\/span>Comment organiser son circuit en Tanzanie ?<span class=\"ez-toc-section-end\"><\/span><\/h2>\n\n\n\n<p>Pour vous aider \u00e0 organiser votre voyage en Tanzanie, nous vous invitons \u00e0 r\u00e9fl\u00e9chir sur plusieurs \u00e9l\u00e9ments qui influencent la qualit\u00e9 de votre circuit.<\/p>\n\n\n\n<h3 class=\"wp-block-heading\">Le nombre de jours sur place<\/h3>\n\n\n\n<p>En fonction de vos contraintes personnelles (temps, budget, \u2026), il faudra trouver le bon \u00e9quilibre entre la dur\u00e9e de votre s\u00e9jour et le nombre de parcs que vous souhaitez visiter.<\/p>\n\n\n\n<p>Les circuits de safaris sont des activit\u00e9s assez fatigantes. Les Game drives, c\u2019est-\u00e0-dire les excursions pour voir les animaux, ont lieu le matin tr\u00e8s t\u00f4t et en fin d\u2019apr\u00e8s-midi. Il faudra donc vous lever aux aurores pour y participer. Ils durent entre 2 et 4 heures, \u00e0 bord d\u2019un 4&#215;4 sur des routes parfois chaotiques et avec des temp\u00e9ratures relativement \u00e9lev\u00e9es.<\/p>\n\n\n\n<p><strong>La dur\u00e9e minimum pour pouvoir profiter pleinement de son safari est g\u00e9n\u00e9ralement d\u2019une semaine, avec la visite de 2 ou 3 parcs.<\/strong><\/p>\n\n\n\n<p>Rares sont les circuits de plus de 2 semaines, non-stop, sans moments de repos entre les visites.<\/p>\n\n\n\n<h3 class=\"wp-block-heading\">Les activit\u00e9s<\/h3>\n\n\n\n<p>Pour diversifier votre voyage, profiter de temps de repos et d\u00e9couvrir <a href=\"https:\/\/mistersafari.com\/fr\/safari-tanzanie\/que-faire\/\" class=\"rank-math-link\">tout ce que la Tanzanie a \u00e0 offrir<\/a>, de nombreuses autres activit\u00e9s peuvent ponctuer votre s\u00e9jour.&nbsp;<\/p>\n\n\n\n<p>Safaris \u00e0 pieds, en bateau ou en cano\u00eb sont des moyens originaux d\u2019observer les animaux, avec des points de vue diff\u00e9rents, et en-dehors d\u2019un v\u00e9hicule ferm\u00e9 ! Pour les adeptes de la randonn\u00e9e, l\u2019ascension du Mont Kilimandjaro ou du Mont Meru sont des incontournables.<\/p>\n\n\n\n<p>Pour des visites culturelles, l&rsquo;\u00cele de Zanzibar vous emm\u00e8nera \u00e0 la d\u00e9couverte de la fabrication des \u00e9pices ou de l\u2019exploitation des algues vertes. Visites de village d\u2019ethnies, notamment les Massa\u00ef, ou encore de sites arch\u00e9ologiques ou de fermes de plantation de caf\u00e9 pourront faire partie de votre circuit en Tanzanie.<\/p>\n\n\n\n<p>La plupart des activit\u00e9s peuvent \u00eatre r\u00e9serv\u00e9es directement sur place. Pensez donc \u00e0 garder quelques jours libres au cours de votre circuit.<\/p>\n\n\n\n<h3 class=\"wp-block-heading\">Quand partir<\/h3>\n\n\n\n<p>Le climat est sensiblement le m\u00eame \u00e0 travers le pays, avec cependant quelques diff\u00e9rences entre l\u2019Ouest et l\u2019Est et si vous montez en altitude (pour l\u2019ascension du Mont Kilimandjaro notamment). Vous pourrez donc \u00eatre amen\u00e9 \u00e0 devoir adapter votre circuit ou la p\u00e9riode de votre voyage en fonction de vos choix de visites.<\/p>\n\n\n\n<p>N\u2019h\u00e9sitez pas \u00e0 lire notre <a href=\"https:\/\/mistersafari.com\/fr\/safari-tanzanie\/quand-partir\/\" class=\"rank-math-link\">article sur la meilleure p\u00e9riode pour partir en Tanzanie<\/a> pour en savoir plus.<\/p>\n\n\n\n<h3 class=\"wp-block-heading\">Le budget<\/h3>\n\n\n\n<p>A moins qu\u2019il soit extensible, c\u2019est aussi et surtout votre budget qui va vous guider dans la conception de votre circuit en Tanzanie et sa dur\u00e9e. Les \u00e9l\u00e9ments qui impactent <a href=\"https:\/\/mistersafari.com\/fr\/safari-tanzanie\/prix\/\" class=\"rank-math-link\">prix d&rsquo;un safari en Tanzanie<\/a> sont :<\/p>\n\n\n\n<ul class=\"wp-block-list\"><li>les parcs visit\u00e9s (nombre, distances, &#8230;)<\/li><li>le type de logement<\/li><li>le nombre de voyageurs (seul, en famille ou entre amis, en groupe organis\u00e9, &#8230;)<\/li><li>le nombre de transferts et les moyens de transport utilis\u00e9s<\/li><\/ul>\n\n\n\n<p>\u00c0 vous de trouver le bon \u00e9quilibre et de jouer sur l\u2019un ou l\u2019autre de ces \u00e9l\u00e9ments pour cr\u00e9er le circuit de vos r\u00eaves.<\/p>\n\n\n\n<h3 class=\"wp-block-heading\">L&rsquo;organisation sur place<\/h3>\n\n\n\n<h4 class=\"wp-block-heading\">Les logements<\/h4>\n\n\n\n<p>Du camping au lodge de luxe, il y en a pour tous les go\u00fbts et tous les budgets en Tanzanie. Les principaux parcs proposent un large \u00e9ventail de logements, permettant ainsi de trouver ce qui vous convient le mieux, \u00e0 l&rsquo;int\u00e9rieur ou proximit\u00e9 des parcs. Dans les parcs moins touristiques et plus recul\u00e9s, il faudra faire en fonction des disponibilit\u00e9s et penser aussi \u00e0 l\u2019accessibilit\u00e9 des parcs.<\/p>\n\n\n\n<h4 class=\"wp-block-heading\">La nourriture<\/h4>\n\n\n\n<p>La pension compl\u00e8te est courante dans la majorit\u00e9 des h\u00e9bergements de Tanzanie. Il y a donc peu de chance que vous ayez \u00e0 vous soucier du ravitaillement en nourriture. Si vous voyagez seul en camping, alors il faudra g\u00e9rer vos courses de nourriture.<\/p>\n\n\n\n<h4 class=\"wp-block-heading\">Les d\u00e9placements et transferts<\/h4>\n\n\n\n<p>C\u2019est souvent le casse-t\u00eate des voyageurs : quel est le meilleur moyen de transport sur place ? Selon nous, la location d\u2019un 4&#215;4 avec chauffeur\/guide est sans aucun doute le meilleur rapport qualit\u00e9\/prix. Vous \u00eates alors libre de composer le circuit de votre choix (sauf si vous pr\u00e9f\u00e9rez choisir l\u2019un des circuits propos\u00e9s par les nombreux Tour-op\u00e9rateurs) et vous confiez les transferts au chauffeur.<\/p>\n\n\n\n<p>Pour r\u00e9duire le co\u00fbt, regardez du c\u00f4t\u00e9 des voyages organis\u00e9s en petit groupe. Le prix de la <a href=\"https:\/\/mistersafari.com\/fr\/safari-tanzanie\/location-voiture\/\" class=\"rank-math-link\">location du v\u00e9hicule<\/a> avec chauffeur sera alors divis\u00e9 par le nombre de voyageurs.<\/p>\n\n\n\n<h2 class=\"wp-block-heading\"><span class=\"ez-toc-section\" id=\"circuit-en-tanzanie-et-dans-dautres-pays\"><\/span>Circuit en Tanzanie et dans d\u2019autres pays<span class=\"ez-toc-section-end\"><\/span><\/h2>\n\n\n\n<p>Il est aussi possible de combiner un voyage en Tanzanie avec un autre pays pour un&nbsp;<a href=\"https:\/\/mistersafari.com\/fr\/safari-afrique\/\" class=\"rank-math-link\">safari en Afrique<\/a>&nbsp;inoubliable.&nbsp;C\u2019est le choix de certains voyageurs qui traversent les fronti\u00e8res pour visiter les pays voisins.&nbsp;<\/p>\n\n\n\n<p>Un circuit Kenya \/ Tanzanie est facile \u00e0 organiser et les transferts entre les deux pays sont ais\u00e9s. Pensez aussi \u00e0 la Zambie, \u00e0 l\u2019ouest de la Tanzanie, ou encore \u00e0 l\u2019Afrique du Sud avec un vol intracontinental.<\/p>\n\n\n\n<h2 class=\"wp-block-heading\"><span class=\"ez-toc-section\" id=\"faq\"><\/span>FAQ<span class=\"ez-toc-section-end\"><\/span><\/h2>\n\n\n<div id=\"rank-math-faq\" class=\"rank-math-block\">\n<div class=\"rank-math-list \">\n<div id=\"faq-question-1608131662167\" class=\"rank-math-list-item\">\n<h3 class=\"rank-math-question \">Quel circuit Tanzanie-Zanzibar sur 15 jours ?<\/h3>\n<div class=\"rank-math-answer \">\n\n<p>Jour 1 : Arriv\u00e9e \u00e0 Arusha<br \/>Jour 2 : Safari dans le <a href=\"https:\/\/mistersafari.com\/fr\/safari-tanzanie\/parcs-reserves\/arusha\/\">Parc d\u2019Arusha<\/a><br \/>Jour 3 et 4 : Safaris dans le <a href=\"https:\/\/mistersafari.com\/fr\/safari-tanzanie\/parcs-reserves\/parc-national-tarangire\/\">Parc de Tarangire<\/a><br \/>Jour 5 : Safari dans le <a href=\"https:\/\/mistersafari.com\/fr\/safari-tanzanie\/parcs-reserves\/lac-manyara\/\">Parc du Lac Manyara<\/a><br \/>Jour 6 et 7 : Safaris dans le <a href=\"https:\/\/mistersafari.com\/fr\/safari-tanzanie\/parcs-reserves\/cratere-ngorongoro\/\">crat\u00e8re Ngorongoro<\/a><br \/>Jour 8 : Transfert vers Zanzibar<br \/>Jour 9 \u00e0 14 : S\u00e9jour \u00e0 Stone Town et visite des plus belles <a href=\"https:\/\/mistersafari.com\/fr\/safari-tanzanie\/zanzibar\/plages\/\" class=\"rank-math-link\">plages de Zanzibar<\/a><br \/>Jour 15 : D\u00e9part depuis l\u2019a\u00e9roport de Zanzibar<\/p>\n\n<\/div>\n<\/div>\n<div id=\"faq-question-1608131835753\" class=\"rank-math-list-item\">\n<h3 class=\"rank-math-question \">Quel est le meilleur circuit pas cher en Tanzanie ?<\/h3>\n<div class=\"rank-math-answer \">\n\n<p>Un voyage compos\u00e9 de safaris puis de quelques jours de repos sur les plages de la Tanzanie un bon circuit des \u00e9conomies en r\u00e9duisant le nombre de parcs visit\u00e9s.<\/p>\n\n<\/div>\n<\/div>\n<\/div>\n<\/div>","protected":false},"excerpt":{"rendered":"<p>En Tanzanie, un circuit vous permettra de d\u00e9couvrir toutes les richesses du pays. Composez votre voyage \u00e0 l\u2019avance pour \u00eatre s\u00fbr de profiter au maximum de votre safari en Tanzanie mais aussi des autres activit\u00e9s qui s\u2019offrent \u00e0 vous. Voici notre guide pour vous aider \u00e0 d\u00e9finir votre p\u00e9riple. Et si vous avez besoin d\u2019inspirations, &#8230; <a title=\"Circuit en Tanzanie\" class=\"read-more\" href=\"https:\/\/mistersafari.com\/fr\/safari-tanzanie\/circuit\/\" aria-label=\"En savoir plus sur Circuit en Tanzanie\">Lire la suite<\/a><\/p>\n","protected":false},"author":3,"featured_media":634,"parent":932,"menu_order":13,"comment_status":"closed","ping_status":"closed","template":"","meta":{"_acf_changed":false,"footnotes":""},"content_type":[],"country":[],"class_list":{"0":"post-895","1":"page","2":"type-page","3":"status-publish","4":"has-post-thumbnail","6":"no-featured-image-padding"},"acf":{"hreflang":[{"alternative_url":"https:\/\/mistersafari.com\/tanzania\/tours\/","language":"en"}]},"_links":{"self":[{"href":"https:\/\/mistersafari.com\/fr\/wp-json\/wp\/v2\/pages\/895","targetHints":{"allow":["GET"]}}],"collection":[{"href":"https:\/\/mistersafari.com\/fr\/wp-json\/wp\/v2\/pages"}],"about":[{"href":"https:\/\/mistersafari.com\/fr\/wp-json\/wp\/v2\/types\/page"}],"author":[{"embeddable":true,"href":"https:\/\/mistersafari.com\/fr\/wp-json\/wp\/v2\/users\/3"}],"replies":[{"embeddable":true,"href":"https:\/\/mistersafari.com\/fr\/wp-json\/wp\/v2\/comments?post=895"}],"version-history":[{"count":14,"href":"https:\/\/mistersafari.com\/fr\/wp-json\/wp\/v2\/pages\/895\/revisions"}],"predecessor-version":[{"id":6318,"href":"https:\/\/mistersafari.com\/fr\/wp-json\/wp\/v2\/pages\/895\/revisions\/6318"}],"up":[{"embeddable":true,"href":"https:\/\/mistersafari.com\/fr\/wp-json\/wp\/v2\/pages\/932"}],"wp:featuredmedia":[{"embeddable":true,"href":"https:\/\/mistersafari.com\/fr\/wp-json\/wp\/v2\/media\/634"}],"wp:attachment":[{"href":"https:\/\/mistersafari.com\/fr\/wp-json\/wp\/v2\/media?parent=895"}],"wp:term":[{"taxonomy":"content_type","embeddable":true,"href":"https:\/\/mistersafari.com\/fr\/wp-json\/wp\/v2\/content_type?post=895"},{"taxonomy":"country","embeddable":true,"href":"https:\/\/mistersafari.com\/fr\/wp-json\/wp\/v2\/country?post=895"}],"curies":[{"name":"wp","href":"https:\/\/api.w.org\/{rel}","templated":true}]}}