{"id":888,"date":"2020-06-30T08:04:53","date_gmt":"2020-06-30T08:04:53","guid":{"rendered":"https:\/\/mistersafari.com\/fr\/?p=888"},"modified":"2021-04-11T19:40:28","modified_gmt":"2021-04-11T19:40:28","slug":"location-voiture","status":"publish","type":"page","link":"https:\/\/mistersafari.com\/fr\/safari-tanzanie\/location-voiture\/","title":{"rendered":"Louer une voiture en Tanzanie"},"content":{"rendered":"\n<p>Les distances entre les<a href=\"https:\/\/mistersafari.com\/fr\/safari-tanzanie\/parcs-reserves\/\" class=\"rank-math-link\"> parcs et r\u00e9serves de la Tanzanie<\/a> \u00e9tant grandes, pr\u00e9parer votre p\u00e9riple au pr\u00e9alable en choisissant vos moyens de transport est fortement conseill\u00e9. Dans ce guide, vous trouverez toutes les informations sur la location de voiture en Tanzanie, o\u00f9 et comment la louer, les prix et les autres moyens de transport \u00e0 votre disposition.&nbsp;<\/p>\n\n\n\n<h2 class=\"wp-block-heading\">Louer une voiture en Tanzanie : la meilleure option pour votre voyage ?<\/h2>\n\n\n\n<h3 class=\"wp-block-heading\">Les avantages de la location d\u2019une voiture en Tanzanie<\/h3>\n\n\n\n<p>Louer une voiture en Tanzanie offre plusieurs avantages :<\/p>\n\n\n\n<ul class=\"wp-block-list\"><li>vous pourrez acc\u00e9der \u00e0 des r\u00e9gions plus excentr\u00e9es, comme l\u2019Ouest du pays et le <a href=\"https:\/\/mistersafari.com\/fr\/safari-tanzanie\/parcs-reserves\/parc-national-gombe\/\" class=\"rank-math-link\">Parc de Gombe<\/a> par exemple<\/li><li>vous serez libre et autonome de vous d\u00e9placer quand et o\u00f9 vous voulez<\/li><li>vous pourrez acc\u00e9der \u00e0 toutes les r\u00e9gions avec un unique mode de transport<\/li><\/ul>\n\n\n\n<h3 class=\"wp-block-heading\">Les inconv\u00e9nients<\/h3>\n\n\n\n<p>Si vous d\u00e9cidez d\u2019opter pour la location de voiture en Tanzanie, le premier inconv\u00e9nient est le prix.&nbsp; Ce n\u2019est pas l\u2019option la plus ch\u00e8re, loin de l\u00e0, mais le co\u00fbt est parfois difficile \u00e0 estimer.&nbsp;<\/p>\n\n\n\n<p>Nous vous conseillons d\u2019obtenir plusieurs devis aupr\u00e8s de diff\u00e9rents prestataires : tours op\u00e9rateurs et agences de location de voiture notamment. Les prix varient fortement, sans oublier les frais d\u2019assurance mais aussi d\u2019assistance en cas d\u2019accident qui font grimper l\u2019addition. Pr\u00e9voyez aussi le co\u00fbt de l\u2019essence, et \u00e9ventuellement les services d\u2019un chauffeur le cas \u00e9ch\u00e9ant.&nbsp;<\/p>\n\n\n\n<p class=\"callout-orange\">L\u2019autre point d\u2019attention si vous louez un 4&#215;4 en Tanzanie, c\u2019est l\u2019\u00e9tat des routes.&nbsp;<\/p>\n\n\n\n<p>Dans les grandes villes et sur les grands axes, les routes sont dans un \u00e9tat correct. Ailleurs, vous roulerez principalement sur des pistes plus ou moins praticables en fonction des conditions m\u00e9t\u00e9orologiques, avec la pr\u00e9sence d\u2019animaux ou encore de nids de poule qui rendent la conduite difficile. La s\u00e9curit\u00e9 est aussi mise \u00e0 l\u2019\u00e9preuve par les autres chauffeurs qui ne respectent pas toujours le code de la route.&nbsp;<\/p>\n\n\n\n<p><em>En Tanzanie, la conduite est \u00e0 gauche et la possession d\u2019un permis de conduire international est obligatoire.&nbsp;<\/em><\/p>\n\n\n\n<h3 class=\"wp-block-heading\">Les alternatives<\/h3>\n\n\n\n<p>M\u00eame si la location d\u2019un 4&#215;4 pour un safari en Tanzanie reste l\u2019option la plus convoit\u00e9e par les touristes, d\u2019autres moyens de transport sont accessibles.&nbsp;<\/p>\n\n\n\n<p>Gr\u00e2ce aux nombreux a\u00e9rodromes y compris au sein des parcs, l\u2019avion est une solution confortable et rapide pour ceux qui cherchent \u00e0 couvrir beaucoup de pays en peu de temps. Le co\u00fbt est par contre \u00e9lev\u00e9 et ne justifie pas toujours le gain de temps r\u00e9alis\u00e9.&nbsp;<\/p>\n\n\n\n<p>Le r\u00e9seau de trains et de bus traverse le pays. Vous serez pas contre contraint \u00e0 des horaires, de longs trajets et devrez ensuite trouver d\u2019autres moyens de transport \u00e0 l\u2019int\u00e9rieur des parcs par exemple.&nbsp;<\/p>\n\n\n\n<h2 class=\"wp-block-heading\">O\u00f9 et comment louer sa voiture en Tanzanie ?<\/h2>\n\n\n\n<h3 class=\"wp-block-heading\">Sur place ou avant de partir ?<\/h3>\n\n\n\n<p>Pour visiter la Tanzanie, la location d\u2019une voiture peut \u00eatre effectu\u00e9e avant le d\u00e9part ou directement sur place, \u00e0 votre arriv\u00e9e ou au cours de votre s\u00e9jour.&nbsp;<\/p>\n\n\n\n<p>Si vous d\u00e9cidez de louer votre v\u00e9hicule avant le d\u00e9part, vous pouvez vous tourner vers les agences de voyage (en ligne ou en agence), les grands loueurs de voiture internationaux ou encore les loueurs locaux.&nbsp;<\/p>\n\n\n\n<p><em>Avec cette derni\u00e8re option, ne soyez pas surpris de faire votre r\u00e9servation par t\u00e9l\u00e9phone ou par email, sans rien avoir \u00e0 payer avant votre arriv\u00e9e.&nbsp;<\/em><\/p>\n\n\n\n<p>Sur place, vous trouverez des agences de location surtout dans les grandes villes et aux a\u00e9roports.&nbsp;<\/p>\n\n\n\n<h3 class=\"wp-block-heading\">Sous quelle formule ?&nbsp;<\/h3>\n\n\n\n<p>Il s\u2019agit principalement de choisir entre louer une voiture seul ou avec un chauffeur\/guide. La seconde option est grandement recommand\u00e9e et largement choisie par les voyageurs, m\u00eame si le tarif est plus \u00e9lev\u00e9. Elle est m\u00eame d\u2019ailleurs parfois impos\u00e9e par les loueurs.&nbsp;<\/p>\n\n\n\n<p>En compagnie d\u2019un chauffeur, vous n\u2019avez pas \u00e0 vous soucier de la conduite, des trajets, des probl\u00e8mes \u00e9ventuels sur la voiture\u2026 Si le chauffeur est guide, vous profiterez en plus de son expertise pour d\u00e9couvrir les plus beaux animaux de Tanzanie dans les parcs. C\u2019est r\u00e9ellement le meilleur investissement pour un <a href=\"https:\/\/mistersafari.com\/fr\/safari-tanzanie\/\">safari en Tanzanie<\/a>.&nbsp;<\/p>\n\n\n\n<p><em>La <a href=\"https:\/\/mistersafari.com\/fr\/safari-tanzanie\/zanzibar\/location-voiture\/\" class=\"rank-math-link\">location d\u2019une voiture \u00e0 Zanzibar<\/a> n\u2019impose jamais de voyager avec un chauffeur.&nbsp;<\/em><\/p>\n\n\n\n<h3 class=\"wp-block-heading\">Quel type de voiture louer ?<\/h3>\n\n\n\n<p>La location d\u2019un 4&#215;4 pour un safari en Tanzanie est fortement conseill\u00e9e. D\u2019ailleurs, les loueurs ne proposent presque que des v\u00e9hicules sur\u00e9lev\u00e9s avec 4 roues motrices afin de vous permettre de pouvoir rouler sur tous les types de pistes.&nbsp;<\/p>\n\n\n\n<p>Certains voyageurs optent aussi pour la location d\u2019un van en Tanzanie. Avec ce type de v\u00e9hicule, vous disposez de votre h\u00e9bergement par la m\u00eame occasion, si vous souhaitez camper au cours de votre <a href=\"https:\/\/mistersafari.com\/fr\/safari-tanzanie\/circuit\/\" class=\"rank-math-link\">circuit en Tanzanie<\/a>.&nbsp;<\/p>\n\n\n\n<h3 class=\"wp-block-heading\">O\u00f9 r\u00e9cup\u00e9rer son v\u00e9hicule ?<\/h3>\n\n\n\n<p>Les loueurs de voiture en Tanzanie sont situ\u00e9s dans les grandes villes, les a\u00e9roports ou les r\u00e9gions touristiques comme Zanzibar. Si vous choisissez une location de voiture avec chauffeur, il est fort probable qu\u2019il vienne vous chercher directement \u00e0 l\u2019a\u00e9roport.&nbsp;<\/p>\n\n\n\n<p><em>Souvenez-vous que si vous rendez votre v\u00e9hicule dans un lieu diff\u00e9rent de l\u00e0 o\u00f9 vous l\u2019avez r\u00e9cup\u00e9r\u00e9, le tarif risque d&rsquo;\u00eatre un peu plus \u00e9lev\u00e9.&nbsp;<\/em><\/p>\n\n\n\n<h3 class=\"wp-block-heading\">S\u2019approvisionner en essence<\/h3>\n\n\n\n<p>Vous trouverez de nombreuses stations-essence dans et \u00e0 proximit\u00e9 des grandes villes. Plus vous vous dirigez vers des zones recul\u00e9es, plus les stations-service se font rares. Il est conseill\u00e9 de faire le plein r\u00e9guli\u00e8rement, sans attendre d\u2019\u00eatre sur la r\u00e9serve. Certains pr\u00e9cautionneux transportent aussi avec eux des bidons d\u2019essence.&nbsp;<\/p>\n\n\n\n<p>Le tarif de l\u2019essence en Tanzanie est moins cher qu\u2019en France. Il est inclus dans le prix de la location si vous faites appel \u00e0 un chauffeur.&nbsp;&nbsp;<\/p>\n\n\n\n<h2 class=\"wp-block-heading\">Combien co\u00fbte la location d\u2019une voiture en Tanzanie<\/h2>\n\n\n\n<p>Les tarifs de location en Tanzanie vont d\u00e9pendre du type de v\u00e9hicule et de la dur\u00e9e de votre s\u00e9jour.&nbsp;<\/p>\n\n\n\n<p class=\"callout-blue\">En moyenne, il faudra compter entre 80 et 200\u20ac par jour pour la location d\u2019un 4&#215;4 en Tanzanie.&nbsp;<\/p>\n\n\n\n<p>Les \u00e9l\u00e9ments \u00e0 prendre en compte sont :<\/p>\n\n\n\n<ul class=\"wp-block-list\"><li>la location du v\u00e9hicule<\/li><li>l\u2019assurance<\/li><li>l\u2019assistance d\u00e9pannage<\/li><li>la franchise<\/li><li>l\u2019essence, si elle n\u2019est pas incluse<\/li><li>le chauffeur, le cas \u00e9ch\u00e9ant<\/li><li>le suppl\u00e9ment pour le d\u00e9passement du kilom\u00e9trage<\/li><li>le suppl\u00e9ment si le lieu de retrait et le lieu de d\u00e9p\u00f4t du v\u00e9hicule sont diff\u00e9rents<\/li><\/ul>\n","protected":false},"excerpt":{"rendered":"<p>Les distances entre les parcs et r\u00e9serves de la Tanzanie \u00e9tant grandes, pr\u00e9parer votre p\u00e9riple au pr\u00e9alable en choisissant vos moyens de transport est fortement conseill\u00e9. Dans ce guide, vous trouverez toutes les informations sur la location de voiture en Tanzanie, o\u00f9 et comment la louer, les prix et les autres moyens de transport \u00e0 &#8230; <a title=\"Louer une voiture en Tanzanie\" class=\"read-more\" href=\"https:\/\/mistersafari.com\/fr\/safari-tanzanie\/location-voiture\/\" aria-label=\"En savoir plus sur Louer une voiture en Tanzanie\">Lire la suite<\/a><\/p>\n","protected":false},"author":3,"featured_media":655,"parent":932,"menu_order":15,"comment_status":"closed","ping_status":"closed","template":"","meta":{"_acf_changed":false,"footnotes":""},"content_type":[],"country":[],"class_list":{"0":"post-888","1":"page","2":"type-page","3":"status-publish","4":"has-post-thumbnail","6":"no-featured-image-padding"},"acf":{"hreflang":null},"_links":{"self":[{"href":"https:\/\/mistersafari.com\/fr\/wp-json\/wp\/v2\/pages\/888","targetHints":{"allow":["GET"]}}],"collection":[{"href":"https:\/\/mistersafari.com\/fr\/wp-json\/wp\/v2\/pages"}],"about":[{"href":"https:\/\/mistersafari.com\/fr\/wp-json\/wp\/v2\/types\/page"}],"author":[{"embeddable":true,"href":"https:\/\/mistersafari.com\/fr\/wp-json\/wp\/v2\/users\/3"}],"replies":[{"embeddable":true,"href":"https:\/\/mistersafari.com\/fr\/wp-json\/wp\/v2\/comments?post=888"}],"version-history":[{"count":8,"href":"https:\/\/mistersafari.com\/fr\/wp-json\/wp\/v2\/pages\/888\/revisions"}],"predecessor-version":[{"id":2208,"href":"https:\/\/mistersafari.com\/fr\/wp-json\/wp\/v2\/pages\/888\/revisions\/2208"}],"up":[{"embeddable":true,"href":"https:\/\/mistersafari.com\/fr\/wp-json\/wp\/v2\/pages\/932"}],"wp:featuredmedia":[{"embeddable":true,"href":"https:\/\/mistersafari.com\/fr\/wp-json\/wp\/v2\/media\/655"}],"wp:attachment":[{"href":"https:\/\/mistersafari.com\/fr\/wp-json\/wp\/v2\/media?parent=888"}],"wp:term":[{"taxonomy":"content_type","embeddable":true,"href":"https:\/\/mistersafari.com\/fr\/wp-json\/wp\/v2\/content_type?post=888"},{"taxonomy":"country","embeddable":true,"href":"https:\/\/mistersafari.com\/fr\/wp-json\/wp\/v2\/country?post=888"}],"curies":[{"name":"wp","href":"https:\/\/api.w.org\/{rel}","templated":true}]}}