{"id":878,"date":"2020-06-29T12:41:17","date_gmt":"2020-06-29T12:41:17","guid":{"rendered":"https:\/\/mistersafari.com\/fr\/?p=878"},"modified":"2022-01-23T17:45:24","modified_gmt":"2022-01-23T17:45:24","slug":"prix","status":"publish","type":"page","link":"https:\/\/mistersafari.com\/fr\/safari-tanzanie\/prix\/","title":{"rendered":"Prix d\u2019un safari en Tanzanie"},"content":{"rendered":"\n<p>Les <a href=\"https:\/\/mistersafari.com\/fr\/safari-tanzanie\/\" class=\"rank-math-link\">safaris en Tanzanie<\/a> ont la r\u00e9putation d\u2019\u00eatre des voyages co\u00fbteux. Il est d\u2019ailleurs conseill\u00e9 d\u2019estimer le prix d\u2019un safari en Tanzanie pendant la pr\u00e9paration de votre p\u00e9riple. Combien co\u00fbte un safari en Tanzanie et comment faire des \u00e9conomies ? Nous vous expliquons tout dans cet article.&nbsp;<\/p>\n\n\n<div id=\"ez-toc-container\" class=\"ez-toc-v2_0_76 counter-flat ez-toc-counter ez-toc-custom ez-toc-container-direction\">\n<div class=\"ez-toc-title-container\"><p class=\"ez-toc-title\" style=\"cursor:inherit\">Sommaire<\/p>\n<\/div><nav><ul class='ez-toc-list ez-toc-list-level-1 ' ><li class='ez-toc-page-1'><a class=\"ez-toc-link ez-toc-heading-1\" href=\"https:\/\/mistersafari.com\/fr\/safari-tanzanie\/prix\/#les-elements-qui-influencent-le-prix-dun-safari-en-tanzanie\" >Les \u00e9l\u00e9ments qui influencent le prix d\u2019un safari en Tanzanie<\/a><\/li><li class='ez-toc-page-1'><a class=\"ez-toc-link ez-toc-heading-2\" href=\"https:\/\/mistersafari.com\/fr\/safari-tanzanie\/prix\/#quel-budget-global-prevoir-pour-un-voyage-en-tanzanie\" >Quel budget global pr\u00e9voir pour un voyage en Tanzanie ?<\/a><\/li><li class='ez-toc-page-1'><a class=\"ez-toc-link ez-toc-heading-3\" href=\"https:\/\/mistersafari.com\/fr\/safari-tanzanie\/prix\/#un-safari-en-tanzanie-pas-cher-cest-possible\" >Un Safari en Tanzanie pas cher, c\u2019est possible ?<\/a><\/li><li class='ez-toc-page-1'><a class=\"ez-toc-link ez-toc-heading-4\" href=\"https:\/\/mistersafari.com\/fr\/safari-tanzanie\/prix\/#pour-resumer-le-prix-moyen-dun-safari-en-tanzanie\" >Pour r\u00e9sumer : le prix moyen d\u2019un safari en Tanzanie<\/a><\/li><li class='ez-toc-page-1'><a class=\"ez-toc-link ez-toc-heading-5\" href=\"https:\/\/mistersafari.com\/fr\/safari-tanzanie\/prix\/#faq\" >FAQ<\/a><\/li><\/ul><\/nav><\/div>\n\n\n\n\n<h2 class=\"wp-block-heading\"><span class=\"ez-toc-section\" id=\"les-elements-qui-influencent-le-prix-dun-safari-en-tanzanie\"><\/span>Les \u00e9l\u00e9ments qui influencent le prix d\u2019un safari en Tanzanie<span class=\"ez-toc-section-end\"><\/span><\/h2>\n\n\n\n<h3 class=\"wp-block-heading\">Le vol pour la Tanzanie<\/h3>\n\n\n\n<p>Nous en parlons en d\u00e9tail dans cet <a href=\"https:\/\/mistersafari.com\/fr\/safari-tanzanie\/comment-aller\/\" class=\"rank-math-link\">article<\/a> : les prix des vols pour la Tanzanie varient selon la saison, la ville de d\u00e9part et d\u2019arriv\u00e9e, la compagnie a\u00e9rienne, \u2026&nbsp;<\/p>\n\n\n\n<h3 class=\"wp-block-heading\">Le transport sur place<\/h3>\n\n\n\n<p>C\u2019est l\u2019un des \u00e9l\u00e9ments cl\u00e9s pour r\u00e9ussir  votre <a href=\"https:\/\/mistersafari.com\/fr\/safari-tanzanie\/circuit\/\" class=\"rank-math-link\">circuit en Tanzanie<\/a>. Plusieurs options s\u2019offrent \u00e0 vous et vous permettent d&rsquo;adapter votre voyage en Tanzanie selon les prix. Vous devrez bien souvent combiner plusieurs moyens de transport :<\/p>\n\n\n\n<ul class=\"wp-block-list\"><li>location d\u2019un 4&#215;4 seul, en famille, entre amis, avec d\u2019autres voyageurs, avec ou sans chauffeur\/guide, \u2026<\/li><li>les transports en commun : bus, train, bateau<\/li><li>les avions pour rejoindre les r\u00e9gions \u00e9loign\u00e9es<\/li><\/ul>\n\n\n\n<p>Id\u00e9alement, vous devrez dans un premier temps d\u00e9finir votre budget, puis, en fonction des parcs que vous souhaitez visiter, \u00e9tudier quel moyen de transport offre le meilleur rapport qualit\u00e9\/prix.&nbsp;<\/p>\n\n\n\n<p>Mieux vaut r\u00e9aliser un safari priv\u00e9, avec un chauffeur\/guide, sur une dur\u00e9e plus courte, qu\u2019un safari dans un 4&#215;4 avec 6 ou 7 personnes (comme c\u2019est souvent le cas!) pendant plus longtemps.  Le niveau de confort plut\u00f4t limit\u00e9 rendra votre exp\u00e9rience nettement moins agr\u00e9able.&nbsp;&nbsp;Pour en savoir plus, voir notre article sur la <a href=\"https:\/\/mistersafari.com\/fr\/safari-tanzanie\/location-voiture\/\" class=\"rank-math-link\">location de voiture en Tanzanie<\/a>.<\/p>\n\n\n\n<h3 class=\"wp-block-heading\">Les h\u00e9bergements<\/h3>\n\n\n\n<p>L\u2019h\u00e9bergement est l\u2019un des seuls facteurs de votre voyage sur lequel vous pouvez jouer pour obtenir un safari en Tanzanie pas cher. Les petits budgets s&rsquo;orienteront plut\u00f4t vers des safaris en campings ou en lodges de cat\u00e9gorie moyenne.&nbsp;Contrairement \u00e0 ce que l\u2019on pourrait penser, l\u2019h\u00e9bergement en camping n\u2019est pas forc\u00e9ment moins cher que dans certains lodges.<\/p>\n\n\n<div class=\"gb-container gb-container-8cc1ba80\"><div class=\"gb-inside-container\">\n<div class=\"gb-grid-wrapper gb-grid-wrapper-e0bc1c85\">\n<div class=\"gb-grid-column gb-grid-column-d873f923\"><div class=\"gb-container gb-container-d873f923\"><div class=\"gb-inside-container\">\n\n<div class=\"gb-headline gb-headline-974fb64d gb-headline-text\">Trouvez les meilleures offres pour votre Safari<\/div>\n\n\n\n<p class=\"gb-headline gb-headline-8fabdb11 gb-headline-text\">Mister Safari vous aide \u00e0 trouver les meilleurs prix et prestataires pour organiser le safari de vos r\u00eaves<\/p>\n\n\n<div class=\"gb-button-wrapper gb-button-wrapper-c8a43616\">\n\n<a class=\"gb-button gb-button-c1c54722 gb-button-text\" href=\"https:\/\/mistersafari.com\/fr\/demande-devis\/\">Obtenir un devis gratuit<\/a>\n\n<\/div>\n<\/div><\/div><\/div>\n<\/div>\n<\/div><\/div>\n\n\n<p>Les lodges priv\u00e9s, les tentes de luxe ou les safaris priv\u00e9s en campement itin\u00e9rant repr\u00e9sentent quant \u00e0 eux un budget plus important.<\/p>\n\n\n\n<h3 class=\"wp-block-heading\">La nourriture<\/h3>\n\n\n\n<p>Lors d\u2019un safari en Tanzanie, les formules sont g\u00e9n\u00e9ralement en pension compl\u00e8te (certains safaris en tente sont en demi-pension). Si vous r\u00e9servez un package safari + h\u00e9bergement, les frais de nourriture seront donc inclus, sauf les boissons. Sinon, il faudra faire vos courses dans les magasins locaux. Le prix de la nourriture est moins \u00e9lev\u00e9 qu\u2019en France.&nbsp;<\/p>\n\n\n\n<h3 class=\"wp-block-heading\">Les parcs et r\u00e9serves<\/h3>\n\n\n\n<p>La visite des <a href=\"https:\/\/mistersafari.com\/fr\/safari-tanzanie\/parcs-reserves\/\" class=\"rank-math-link\">parcs et r\u00e9serves de Tanzanie <\/a>constitue la plus grande d\u00e9pense de votre voyage en Tanzanie.&nbsp;<\/p>\n\n\n\n<p class=\"callout-blue\">Pr\u00e8s de 50% du prix de votre safari en Tanzanie sera compos\u00e9 des billets d\u2019entr\u00e9e pour les visites des parcs.&nbsp;<\/p>\n\n\n\n<h3 class=\"wp-block-heading\">Les autres activit\u00e9s<\/h3>\n\n\n\n<p>La premi\u00e8re motivation d\u2019un voyage en Tanzanie est bien souvent pour y faire un safari. Mais beaucoup d\u2019autres activit\u00e9s vous y attendent, certaines gratuites et d\u2019autres payantes. Randonn\u00e9es, activit\u00e9s nautiques, visites culturelles peuvent facilement int\u00e9grer votre programme. Les tarifs sont moins \u00e9lev\u00e9s qu\u2019en Europe, mais s\u2019ajoutent malgr\u00e9 tout \u00e0 votre budget.&nbsp;<\/p>\n\n\n\n<h3 class=\"wp-block-heading\">Les autres d\u00e9penses<\/h3>\n\n\n\n<p>Quelques autres d\u00e9penses sont \u00e0 pr\u00e9voir.<\/p>\n\n\n\n<p>Tout d&rsquo;abord, le <a href=\"https:\/\/mistersafari.com\/fr\/safari-tanzanie\/visa\/\" class=\"rank-math-link\">visa pour la Tanzanie<\/a>, qui co\u00fbte environ 50\u20ac.<\/p>\n\n\n\n<p>Ensuite les pourboires. Le pourboire en Tanzanie n\u2019est pas obligatoire mais tr\u00e8s courant. En donner sera fortement appr\u00e9ci\u00e9 des locaux, si le service vous a satisfait. Il n\u2019y a pas de montant fixe mais voici quelques indications :<\/p>\n\n\n\n<ul class=\"wp-block-list\"><li>environ $10 par jour pour un chauffeur\/guide<\/li><li>entre $5 et $15 par nuit pour l\u2019h\u00e9bergement<\/li><li>environ 5% de l\u2019addition au restaurant<\/li><\/ul>\n\n\n\n<p>Pr\u00e9voyez suffisamment de change tout au long de votre voyage afin de ne pas vous retrouver \u00e0 court de petits billets ou pi\u00e8ces pour les pourboires.&nbsp;<\/p>\n\n\n\n<h2 class=\"wp-block-heading\"><span class=\"ez-toc-section\" id=\"quel-budget-global-prevoir-pour-un-voyage-en-tanzanie\"><\/span>Quel budget global pr\u00e9voir pour un voyage en Tanzanie ?<span class=\"ez-toc-section-end\"><\/span><\/h2>\n\n\n\n<h3 class=\"wp-block-heading\">Les transports<\/h3>\n\n\n\n<p>Pour un vol vers la Tanzanie, les tarifs varient entre 600\u20ac et 800\u20ac aller\/retour en moyenne, selon la ville d\u2019arriv\u00e9e : Dar Es-Salaam (le moins cher), Arusha ou Zanzibar.&nbsp;<\/p>\n\n\n\n<p>Sur place, tout d\u00e9pend de l\u2019option choisie !<\/p>\n\n\n\n<ul class=\"wp-block-list\"><li><strong>Si vous louez un v\u00e9hicule<\/strong>, il faudra compter entre 100\u20ac (si vous le louez seul) et 200\u20ac (minimum, avec chauffeur par exemple) par jour. Le prix de l\u2019essence est inclus si vous avez un chauffeur, sinon il faudra le rajouter en plus.<\/li><li><strong>Les bus et trains<\/strong> sont peu co\u00fbteux et permettent un voyage en Tanzanie pas cher. <\/li><li><strong>Les liaisons en avion<\/strong> sont par contre r\u00e9serv\u00e9es aux budgets les plus \u00e9lev\u00e9s. Il faudra compter en g\u00e9n\u00e9ral entre $100 et $200 par personne par transfert.&nbsp;<\/li><\/ul>\n\n\n\n<h3 class=\"wp-block-heading\">L\u2019h\u00e9bergement et la nourriture<\/h3>\n\n\n\n<p>Comme nous l\u2019indiquions ci-dessus, une des fa\u00e7ons d\u2019organiser un safari en Tanzanie \u00e0 un prix raisonnable est de d\u00e9finir d\u2019abord votre circuit, puis de choisir les h\u00e9bergements en fonction du budget.<\/p>\n\n\n\n<p>Il est difficile de donner des tarifs moyens puisque les prix pratiqu\u00e9s d\u00e9pendent fortement du type et du lieu de l\u2019h\u00e9bergement. Nous vous donnons quelques exemples de logements, \u00e0 tous les prix, sur chacune des pages relatives aux <a href=\"https:\/\/mistersafari.com\/fr\/safari-tanzanie\/parcs-reserves\/\" class=\"rank-math-link\">parcs<\/a>.&nbsp;<\/p>\n\n\n\n<h3 class=\"wp-block-heading\">Les activit\u00e9s sur place<\/h3>\n\n\n\n<p>L\u2019entr\u00e9e des parcs est payante et les prix varient de $30 \u00e0 $100 par adulte par 24h. \u00c0 cela, il faudra aussi rajouter 18% de TVA et l\u2019entr\u00e9e de votre v\u00e9hicule et de votre guide (si vous en avez un). <\/p>\n\n\n\n<p class=\"callout-blue\">Ce sera la plus grosse partie de votre budget pour la Tanzanie.&nbsp;<\/p>\n\n\n\n<h2 class=\"wp-block-heading\"><span class=\"ez-toc-section\" id=\"un-safari-en-tanzanie-pas-cher-cest-possible\"><\/span>Un Safari en Tanzanie pas cher, c\u2019est possible ?<span class=\"ez-toc-section-end\"><\/span><\/h2>\n\n\n\n<p>La Tanzanie est l\u2019un des pays les plus chers d\u2019Afrique de l\u2019Est pour y faire un safari. Les tarifs sont toutefois justifi\u00e9s par la qualit\u00e9 du voyage. Alors un voyage en Tanzanie pas cher, non, mais moins cher, peut-\u00eatre !<\/p>\n\n\n\n<p>Si votre budget est tr\u00e8s limit\u00e9, peut-\u00eatre que l\u2019une de ces astuces vous permettra de r\u00e9aliser un safari en Tanzanie dans vos prix.<\/p>\n\n\n\n<p>Pour optimiser le prix d\u2019un safari en Tanzanie :<\/p>\n\n\n\n<ul class=\"wp-block-list\"><li>Les parcs du Centre et Sud sont jusqu\u2019\u00e0 deux fois moins chers que les parcs du Nord.<\/li><li>Mieux vaut limiter le nombre de parcs mais en profiter davantage sur place.&nbsp;<\/li><li>Pour r\u00e9duire votre budget global, pensez aussi \u00e0 passer quelques jours \u00e0 Zanzibar ou pr\u00e8s de l\u2019une des plus belles <a href=\"https:\/\/mistersafari.com\/fr\/safari-tanzanie\/plages\/\" class=\"rank-math-link\">plages de Tanzanie<\/a>.<\/li><\/ul>\n\n\n\n<p><em>Enfin, d\u2019autres pays, comme le <a href=\"https:\/\/mistersafari.com\/fr\/safari-kenya\/\" class=\"rank-math-link\">Kenya<\/a> par exemple, permettent de r\u00e9aliser un safari un peu moins cher.&nbsp;<\/em><\/p>\n\n\n\n<h2 class=\"wp-block-heading\"><span class=\"ez-toc-section\" id=\"pour-resumer-le-prix-moyen-dun-safari-en-tanzanie\"><\/span>Pour r\u00e9sumer : le prix moyen d\u2019un safari en Tanzanie<span class=\"ez-toc-section-end\"><\/span><\/h2>\n\n\n\n<p>M\u00eame si l&rsquo;exercice est p\u00e9rilleux, voici quand m\u00eame quelques exemples de prix pour un safari en Tanzanie pour deux adultes.<\/p>\n\n\n\n<p>Pour un voyage \u201cclassique\u201d dans les parcs du Nord pendant 10 jours qui inclut :<\/p>\n\n\n\n<ul class=\"wp-block-list\"><li>vols et transferts<\/li><li>h\u00e9bergements en lodges standards avec pension compl\u00e8te<\/li><li>transport avec chauffeur priv\u00e9<\/li><li>visites des principaux parcs<\/li><\/ul>\n\n\n\n<p><strong>Comptez entre 6 000\u20ac et 7 000\u20ac pour deux.&nbsp;<\/strong><\/p>\n\n\n\n<p>Pour un voyage de luxe avec circuit safari et s\u00e9jour \u00e0 Zanzibar pendant 15 jours, incluant :<\/p>\n\n\n\n<ul class=\"wp-block-list\"><li>vols et transferts<\/li><li>h\u00e9bergements en lodges de luxe en pension compl\u00e8te<\/li><li>transport avec chauffeur priv\u00e9 et transferts a\u00e9riens si besoin<\/li><li>visites des principaux parcs<\/li><\/ul>\n\n\n\n<p><strong>Comptez 20 000\u20ac minimum pour deux.&nbsp;<\/strong><\/p>\n\n\n\n<p>Voici un tableau r\u00e9capitulatif et simplifi\u00e9 des prix d\u2019un <a href=\"https:\/\/mistersafari.com\/fr\/safari-tanzanie\/\">safari en Tanzanie<\/a>.<\/p>\n\n\n\n<figure class=\"wp-block-table\"><table class=\"has-fixed-layout\"><thead><tr><th><\/th><th>Prix minimum<\/th><th>Prix moyen<\/th><\/tr><\/thead><tbody><tr><td>Vol<\/td><td>600\u20ac\/personne<\/td><td>800\u20ac\/personne<\/td><\/tr><tr><td>H\u00e9bergement + pension<\/td><td>100\u20ac\/personne\/jour<\/td><td>300\u20ac\/personne\/jour<\/td><\/tr><tr><td>Transport<\/td><td>150\u20ac\/personne\/jour<\/td><td>300\u20ac\/jour\/personne<\/td><\/tr><tr><td>Parcs<\/td><td>60\u20ac\/personne\/jour<\/td><td>90\u20ac\/personne\/jour<\/td><\/tr><tr><td>Total pour un safari de 8 jours<\/td><td>~ 3000\u20ac\/personne soit ~ 400\u20ac\/personne\/jour<\/td><td>~ 6500\u20ac\/personne soit ~ 800\u20ac\/personne\/jour<\/td><\/tr><tr><td>Total pour un safari de 15 jours<\/td><td>~ 5300\u20ac\/personne soit ~ 350\u20ac\/personne\/jour<\/td><td>~ 11000\u20ac\/personne soit ~ 750\u20ac\/personne\/jour<\/td><\/tr><\/tbody><\/table><figcaption>Safari Tanzanie : prix moyens constat\u00e9s<\/figcaption><\/figure>\n\n\n\n<p>Ces budgets sont donn\u00e9s \u00e0 titre indicatif et les prix que vous pourrez constater pour l\u2019organisation d\u2019un voyage en Tanzanie peuvent diff\u00e9rer selon les prestataires.&nbsp;Il est toujours possible de trouver des prix diff\u00e9rents ici et l\u00e0, notamment gr\u00e2ce aux agences de voyages sp\u00e9cialis\u00e9es.<\/p>\n\n\n\n<h2 class=\"gb-headline gb-headline-ebefc236 gb-headline-text\"><span class=\"ez-toc-section\" id=\"faq\"><\/span>FAQ<span class=\"ez-toc-section-end\"><\/span><\/h2>\n\n\n<div id=\"rank-math-faq\" class=\"rank-math-block\">\n<div class=\"rank-math-list \">\n<div id=\"faq-question-1608025174637\" class=\"rank-math-list-item\">\n<h3 class=\"rank-math-question \">Combien co\u00fbte un safari en Tanzanie ?<\/h3>\n<div class=\"rank-math-answer \">\n\n<p>Comme expliqu\u00e9 plus haut dans notre article, le tarif d&rsquo;un safari en Tanzanie d\u00e9pend de nombreux facteurs. Dans l&rsquo;ensemble, comptez entre 600 et 800\u20ac par personne et par jour.<\/p>\n\n<\/div>\n<\/div>\n<div id=\"faq-question-1608025302606\" class=\"rank-math-list-item\">\n<h3 class=\"rank-math-question \">O\u00f9 faire le plus beau safari ?<\/h3>\n<div class=\"rank-math-answer \">\n\n<p>La Tanzanie est une destination phare du safari. Parmi les alternatives principales, vous pouvez envisager un <a href=\"https:\/\/mistersafari.com\/fr\/blog\/kenya-ou-afrique-du-sud\/\" data-type=\"post\" data-id=\"1231\">safari au Kenya ou en Afrique du Sud<\/a>.<\/p>\n\n<\/div>\n<\/div>\n<div id=\"faq-question-1608025396946\" class=\"rank-math-list-item\">\n<h3 class=\"rank-math-question \">Quand faire un safari en Tanzanie ?<\/h3>\n<div class=\"rank-math-answer \">\n\n<p>La saison s\u00e8che est une des meilleures p\u00e9riodes pour <a href=\"https:\/\/mistersafari.com\/fr\/safari-tanzanie\/comment-aller\/\" data-type=\"page\" data-id=\"832\">aller en Tanzanie<\/a>, puisque toutes les routes sont praticables.<\/p>\n\n<\/div>\n<\/div>\n<\/div>\n<\/div>","protected":false},"excerpt":{"rendered":"<p>Les safaris en Tanzanie ont la r\u00e9putation d\u2019\u00eatre des voyages co\u00fbteux. Il est d\u2019ailleurs conseill\u00e9 d\u2019estimer le prix d\u2019un safari en Tanzanie pendant la pr\u00e9paration de votre p\u00e9riple. Combien co\u00fbte un safari en Tanzanie et comment faire des \u00e9conomies ? Nous vous expliquons tout dans cet article.&nbsp; Les \u00e9l\u00e9ments qui influencent le prix d\u2019un safari &#8230; <a title=\"Prix d\u2019un safari en Tanzanie\" class=\"read-more\" href=\"https:\/\/mistersafari.com\/fr\/safari-tanzanie\/prix\/\" aria-label=\"En savoir plus sur Prix d\u2019un safari en Tanzanie\">Lire la suite<\/a><\/p>\n","protected":false},"author":3,"featured_media":644,"parent":932,"menu_order":14,"comment_status":"closed","ping_status":"closed","template":"","meta":{"_acf_changed":false,"footnotes":""},"content_type":[],"country":[],"class_list":{"0":"post-878","1":"page","2":"type-page","3":"status-publish","4":"has-post-thumbnail","6":"no-featured-image-padding"},"acf":{"hreflang":[{"alternative_url":"https:\/\/mistersafari.com\/tanzania\/info\/safari-prices\/","language":"en"}]},"_links":{"self":[{"href":"https:\/\/mistersafari.com\/fr\/wp-json\/wp\/v2\/pages\/878","targetHints":{"allow":["GET"]}}],"collection":[{"href":"https:\/\/mistersafari.com\/fr\/wp-json\/wp\/v2\/pages"}],"about":[{"href":"https:\/\/mistersafari.com\/fr\/wp-json\/wp\/v2\/types\/page"}],"author":[{"embeddable":true,"href":"https:\/\/mistersafari.com\/fr\/wp-json\/wp\/v2\/users\/3"}],"replies":[{"embeddable":true,"href":"https:\/\/mistersafari.com\/fr\/wp-json\/wp\/v2\/comments?post=878"}],"version-history":[{"count":27,"href":"https:\/\/mistersafari.com\/fr\/wp-json\/wp\/v2\/pages\/878\/revisions"}],"predecessor-version":[{"id":6316,"href":"https:\/\/mistersafari.com\/fr\/wp-json\/wp\/v2\/pages\/878\/revisions\/6316"}],"up":[{"embeddable":true,"href":"https:\/\/mistersafari.com\/fr\/wp-json\/wp\/v2\/pages\/932"}],"wp:featuredmedia":[{"embeddable":true,"href":"https:\/\/mistersafari.com\/fr\/wp-json\/wp\/v2\/media\/644"}],"wp:attachment":[{"href":"https:\/\/mistersafari.com\/fr\/wp-json\/wp\/v2\/media?parent=878"}],"wp:term":[{"taxonomy":"content_type","embeddable":true,"href":"https:\/\/mistersafari.com\/fr\/wp-json\/wp\/v2\/content_type?post=878"},{"taxonomy":"country","embeddable":true,"href":"https:\/\/mistersafari.com\/fr\/wp-json\/wp\/v2\/country?post=878"}],"curies":[{"name":"wp","href":"https:\/\/api.w.org\/{rel}","templated":true}]}}