{"id":868,"date":"2020-06-22T09:25:38","date_gmt":"2020-06-22T09:25:38","guid":{"rendered":"https:\/\/mistersafari.com\/fr\/?p=868"},"modified":"2021-01-17T18:46:49","modified_gmt":"2021-01-17T18:46:49","slug":"plages","status":"publish","type":"page","link":"https:\/\/mistersafari.com\/fr\/safari-tanzanie\/zanzibar\/plages\/","title":{"rendered":"Les 10 plus belles plages de Zanzibar"},"content":{"rendered":"\n<p>Un voyage en Tanzanie est l\u2019occasion de partir d\u00e9couvrir les plus belles plages de Zanzibar, au large des c\u00f4tes de l\u2019Oc\u00e9an Indien. C\u2019est le choix que font de nombreux voyageurs qui souhaitent un s\u00e9jour d\u00e9tente apr\u00e8s avoir parcouru les <a href=\"https:\/\/mistersafari.com\/fr\/safari-tanzanie\/parcs-reserves\/\" class=\"rank-math-link\">plus beaux parcs animaliers de la Tanzanie<\/a>. D\u00e9couvrez notre s\u00e9lection des plus belles plages de Zanzibar.&nbsp;<\/p>\n\n\n<div id=\"ez-toc-container\" class=\"ez-toc-v2_0_76 counter-flat ez-toc-counter ez-toc-custom ez-toc-container-direction\">\n<div class=\"ez-toc-title-container\"><p class=\"ez-toc-title\" style=\"cursor:inherit\">Sommaire<\/p>\n<\/div><nav><ul class='ez-toc-list ez-toc-list-level-1 ' ><li class='ez-toc-page-1'><a class=\"ez-toc-link ez-toc-heading-1\" href=\"https:\/\/mistersafari.com\/fr\/safari-tanzanie\/zanzibar\/plages\/#la-plage-nungwi\">La plage Nungwi<\/a><\/li><li class='ez-toc-page-1'><a class=\"ez-toc-link ez-toc-heading-2\" href=\"https:\/\/mistersafari.com\/fr\/safari-tanzanie\/zanzibar\/plages\/#la-plage-de-matemwe\">La plage de Matemwe<\/a><\/li><li class='ez-toc-page-1'><a class=\"ez-toc-link ez-toc-heading-3\" href=\"https:\/\/mistersafari.com\/fr\/safari-tanzanie\/zanzibar\/plages\/#la-plage-de-kendwa\">La plage de Kendwa<\/a><\/li><li class='ez-toc-page-1'><a class=\"ez-toc-link ez-toc-heading-4\" href=\"https:\/\/mistersafari.com\/fr\/safari-tanzanie\/zanzibar\/plages\/#la-plage-de-blue-bay\">La plage de Blue Bay<\/a><\/li><li class='ez-toc-page-1'><a class=\"ez-toc-link ez-toc-heading-5\" href=\"https:\/\/mistersafari.com\/fr\/safari-tanzanie\/zanzibar\/plages\/#la-plage-de-mnemba\">La plage de Mnemba<\/a><\/li><li class='ez-toc-page-1'><a class=\"ez-toc-link ez-toc-heading-6\" href=\"https:\/\/mistersafari.com\/fr\/safari-tanzanie\/zanzibar\/plages\/#la-plage-de-kiwengwa\">La plage de Kiwengwa<\/a><\/li><li class='ez-toc-page-1'><a class=\"ez-toc-link ez-toc-heading-7\" href=\"https:\/\/mistersafari.com\/fr\/safari-tanzanie\/zanzibar\/plages\/#la-plage-de-pingwe\">La plage de Pingwe<\/a><\/li><li class='ez-toc-page-1'><a class=\"ez-toc-link ez-toc-heading-8\" href=\"https:\/\/mistersafari.com\/fr\/safari-tanzanie\/zanzibar\/plages\/#la-plage-de-mangapwani\">La plage de Mangapwani<\/a><\/li><\/ul><\/nav><\/div>\n\n\n\n\n<p>Zanzibar est un archipel constitu\u00e9 de 3 \u00eeles principales (Unguja, Pemba et Mafia) et de nombreuses autres petites \u00eeles r\u00e9parties autour. Unguja est d\u2019ailleurs commun\u00e9ment appel\u00e9e Zanzibar, et c\u2019est ici que nous avons fait notre s\u00e9lection.&nbsp;<\/p>\n\n\n\n<p>La pr\u00e9sence de r\u00e9cifs coralliens permet la formation de plusieurs lagons aux couleurs turquoises. C\u2019est donc sans surprise que Zanzibar compte de nombreuses plages, toutes plus belles les unes que les autres. Difficile de choisir une plus belle plage \u00e0 Zanzibar (Ungunja), mais voici les 10 plages en t\u00eate du classement, qui sont selon nous des incontournables lors d\u2019un voyage en Tanzanie.&nbsp;<\/p>\n\n\n\n<h2 class=\"wp-block-heading\"><span class=\"ez-toc-section\" id=\"la-plage-nungwi\"><\/span>La plage Nungwi<span class=\"ez-toc-section-end\"><\/span><\/h2>\n\n\n\n<p>Situ\u00e9e sur la c\u00f4te Nord-Est de Zanzibar, la plage de Nungwi offre une ambiance anim\u00e9e aux voyageurs, avec de nombreuses activit\u00e9s \u00e0 faire, tout en conservant son authenticit\u00e9 et sa beaut\u00e9 naturelle. <\/p>\n\n\n\n<figure class=\"wp-block-image size-full\"><picture><source srcset=\"https:\/\/mistersafari.com\/fr\/wp-content\/uploads\/sites\/2\/nungwi-plage-zanzibar.webp 800w,https:\/\/mistersafari.com\/fr\/wp-content\/uploads\/sites\/2\/nungwi-plage-zanzibar-300x199.webp 300w,https:\/\/mistersafari.com\/fr\/wp-content\/uploads\/sites\/2\/nungwi-plage-zanzibar-768x509.webp 768w\" sizes=\"auto, (max-width: 800px) 100vw, 800px\" type=\"image\/webp\"><img src=\"https:\/\/mistersafari.com\/fr\/wp-content\/uploads\/sites\/2\/nungwi-plage-zanzibar.jpg\" height=\"530\" width=\"800\" srcset=\"https:\/\/mistersafari.com\/fr\/wp-content\/uploads\/sites\/2\/nungwi-plage-zanzibar.jpg 800w, https:\/\/mistersafari.com\/fr\/wp-content\/uploads\/sites\/2\/nungwi-plage-zanzibar-300x199.jpg 300w, https:\/\/mistersafari.com\/fr\/wp-content\/uploads\/sites\/2\/nungwi-plage-zanzibar-768x509.jpg 768w\" sizes=\"auto, (max-width: 800px) 100vw, 800px\" class=\"wp-image-869 sp-no-webp\" alt=\"Nungwi plage Zanzibar\" loading=\"lazy\" decoding=\"async\"  > <\/picture><figcaption>Cr\u00e9dits : Nungwi par <a aria-label=\"Ren\u00e9 Mayorga (opens in a new tab)\" href=\"https:\/\/www.flickr.com\/photos\/elchurro\/\" target=\"_blank\" rel=\"noreferrer noopener\" class=\"rank-math-link\">Ren\u00e9 Mayorga<\/a>  (CC BY-SA <a aria-label=\"2.0 (opens in a new tab)\" href=\"https:\/\/creativecommons.org\/licenses\/by\/2.0\/deed.fr\" target=\"_blank\" rel=\"noreferrer noopener\" class=\"rank-math-link\">2.0<\/a>)<\/figcaption><\/figure>\n\n\n\n<p>Les faibles mar\u00e9es permettent de se baigner dans ses eaux transparentes \u00e0 tout moment de la journ\u00e9e.&nbsp;<\/p>\n\n\n\n<h2 class=\"wp-block-heading\"><span class=\"ez-toc-section\" id=\"la-plage-de-matemwe\"><\/span>La plage de Matemwe<span class=\"ez-toc-section-end\"><\/span><\/h2>\n\n\n\n<p>Non loin de Nungwi, on retrouve la plage du village de p\u00eacheurs de Matemwe, qui revient aussi tr\u00e8s souvent parmi les plus belles plages de Zanzibar. <\/p>\n\n\n\n<figure class=\"wp-block-image size-full\"><img loading=\"lazy\" decoding=\"async\" width=\"800\" height=\"600\" src=\"https:\/\/mk0mistersafarimcosm.kinstacdn.com\/wp-content\/uploads\/sites\/2\/matemwe-plage-zanzibar.jpg\" alt=\"Matemwe plage Zanzibar\" class=\"wp-image-870\" srcset=\"https:\/\/mistersafari.com\/fr\/wp-content\/uploads\/sites\/2\/matemwe-plage-zanzibar.jpg 800w, https:\/\/mistersafari.com\/fr\/wp-content\/uploads\/sites\/2\/matemwe-plage-zanzibar-300x225.jpg 300w, https:\/\/mistersafari.com\/fr\/wp-content\/uploads\/sites\/2\/matemwe-plage-zanzibar-768x576.jpg 768w\" sizes=\"auto, (max-width: 800px) 100vw, 800px\" \/><figcaption>Cr\u00e9dits : Matemwe Zanzibar par <a aria-label=\"Olivier Lejade (opens in a new tab)\" href=\"https:\/\/www.flickr.com\/photos\/lejade\/\" target=\"_blank\" rel=\"noreferrer noopener\" class=\"rank-math-link\">Olivier Lejade<\/a> (CC BY-SA <a aria-label=\"2.0 (opens in a new tab)\" href=\"https:\/\/creativecommons.org\/licenses\/by-sa\/2.0\/\" target=\"_blank\" rel=\"noreferrer noopener\" class=\"rank-math-link\">2.0<\/a>)<\/figcaption><\/figure>\n\n\n\n<p>Elle dispose d\u2019un lagon ferm\u00e9, d\u2019une plage de sable blanc scintillant et d\u2019une eau cristalline qui avoisine les 30 degr\u00e9s. De nombreux centres de plong\u00e9e proposent des excursions depuis l\u2019atoll de Mnemba.&nbsp;<\/p>\n\n\n\n<h2 class=\"wp-block-heading\"><span class=\"ez-toc-section\" id=\"la-plage-de-kendwa\"><\/span>La plage de Kendwa<span class=\"ez-toc-section-end\"><\/span><\/h2>\n\n\n\n<p>Au nord de l&rsquo;\u00eele, la plage de Zanzibar intitul\u00e9e Kendwa attire les voyageurs qui recherchent l\u2019ambiance festive de ses Full Moon Parties qui y sont organis\u00e9es chaque samedi avant ou apr\u00e8s la pleine lune. <\/p>\n\n\n\n<figure class=\"wp-block-image size-full\"><picture><source srcset=\"https:\/\/mistersafari.com\/fr\/wp-content\/uploads\/sites\/2\/kendwa-plage-tanzanie.webp 799w,https:\/\/mistersafari.com\/fr\/wp-content\/uploads\/sites\/2\/kendwa-plage-tanzanie-300x200.webp 300w,https:\/\/mistersafari.com\/fr\/wp-content\/uploads\/sites\/2\/kendwa-plage-tanzanie-768x512.webp 768w\" sizes=\"auto, (max-width: 799px) 100vw, 799px\" type=\"image\/webp\"><img src=\"https:\/\/mistersafari.com\/fr\/wp-content\/uploads\/sites\/2\/kendwa-plage-tanzanie.jpg\" height=\"533\" width=\"799\" srcset=\"https:\/\/mistersafari.com\/fr\/wp-content\/uploads\/sites\/2\/kendwa-plage-tanzanie.jpg 799w, https:\/\/mistersafari.com\/fr\/wp-content\/uploads\/sites\/2\/kendwa-plage-tanzanie-300x200.jpg 300w, https:\/\/mistersafari.com\/fr\/wp-content\/uploads\/sites\/2\/kendwa-plage-tanzanie-768x512.jpg 768w\" sizes=\"auto, (max-width: 799px) 100vw, 799px\" class=\"wp-image-871 sp-no-webp\" alt=\"kendwa plage tanzanie\" loading=\"lazy\" decoding=\"async\"  > <\/picture><figcaption>Cr\u00e9dits : <a href=\"https:\/\/www.flickr.com\/photos\/travelingotter\/8462497718\/in\/photolist-dTNvK5-5Vdmtv-9NdGNj-dTGTmR-9NaWmt-Eb8uF-HmbRU-dDzhou-9Ndx6y-9NdFpG-9NaRTi-5UforS-9NaR9z-dDzhzA-5wuF3s-9NaUma-dDtTsD-5wuEgQ-9NdSw7-5wuFpu-5wqjAv-5wqkvx-9Nc2Lj-9Na3tx-9NdSZs-9Nc1T9-5wqnse-9NbZZG-9NafrP-5wqiQx-9NbAbD-9N9jpe-5wuDoq-9NaLdg-9Nb5vD-5wqjav-9Nehxh-9NeacL-9NaXCD-9Na2Ec-9N9mcx-9NdLYq-9Nakx6-9NcDPs-9Nc4jw-5VhHah-9NcbHW-9Nc8k9-9Ne5Dj-9NdRTh\" target=\"_blank\" aria-label=\" (opens in a new tab)\" rel=\"noreferrer noopener\" class=\"rank-math-link\">Kendwa<\/a> par <a href=\"https:\/\/www.flickr.com\/photos\/travelingotter\/\" target=\"_blank\" aria-label=\" (opens in a new tab)\" rel=\"noreferrer noopener\" class=\"rank-math-link\">TravelingOtter<\/a> (CC BY-SA <a href=\"https:\/\/creativecommons.org\/licenses\/by-sa\/2.0\/deed.fr\" target=\"_blank\" aria-label=\"2.0 (opens in a new tab)\" rel=\"noreferrer noopener\" class=\"rank-math-link\">2.0<\/a>)<\/figcaption><\/figure>\n\n\n\n<p>Mais pas seulement : les visiteurs profitent aussi de l\u2019un des plus beaux paysages de Zanzibar et d\u2019un spot id\u00e9al pour pratiquer le snorkelling.&nbsp;<\/p>\n\n\n\n<h3 class=\"wp-block-heading\">La plage de Jambiani<\/h3>\n\n\n\n<p>C\u2019est un lieu anim\u00e9 mais tr\u00e8s authentique. C\u2019est une plage de Zanzibar en Tanzanie qui vit au rythme des p\u00eacheurs du village que l\u2019on peut observer \u00e0 bord de leurs bateaux traditionnels depuis le sable chaud. <\/p>\n\n\n\n<figure class=\"wp-block-image size-large\"><picture><source srcset=\"https:\/\/mistersafari.com\/fr\/wp-content\/uploads\/sites\/2\/plage-zanzibar-jambiani.webp 1024w,https:\/\/mistersafari.com\/fr\/wp-content\/uploads\/sites\/2\/plage-zanzibar-jambiani-300x225.webp 300w,https:\/\/mistersafari.com\/fr\/wp-content\/uploads\/sites\/2\/plage-zanzibar-jambiani-768x576.webp 768w\" sizes=\"auto, (max-width: 1024px) 100vw, 1024px\" type=\"image\/webp\"><img src=\"https:\/\/mistersafari.com\/fr\/wp-content\/uploads\/sites\/2\/plage-zanzibar-jambiani.jpg\" height=\"768\" width=\"1024\" srcset=\"https:\/\/mistersafari.com\/fr\/wp-content\/uploads\/sites\/2\/plage-zanzibar-jambiani.jpg 1024w, https:\/\/mistersafari.com\/fr\/wp-content\/uploads\/sites\/2\/plage-zanzibar-jambiani-300x225.jpg 300w, https:\/\/mistersafari.com\/fr\/wp-content\/uploads\/sites\/2\/plage-zanzibar-jambiani-768x576.jpg 768w\" sizes=\"auto, (max-width: 1024px) 100vw, 1024px\" class=\"wp-image-1453 sp-no-webp\" alt=\"\" loading=\"lazy\" decoding=\"async\"  > <\/picture><figcaption>Cr\u00e9dits : Jambiani  Beach par <a href=\"https:\/\/www.flickr.com\/photos\/benandjenn\/26243162309\/in\/photolist-FZ24RF-ZSUvgY-CPztUQ-FZ27Sk-ZSUSCq-65avNV-64XG59-ZVC8W6-5EgTBe-69o8Yh-CPzyLU-65mZQz-ZSUNiy-5EgMir-5EgQnv-Ffo7H-69iWRZ-67mPF6-d99j1o-67mNRH-Ffm4f-65UteV-bjoiJ-3ew9hV-Ffo58-3eAwAu-65ri5m-3ew9wz-3eAwxm-FfkUf-3eAwq5-5AiC9W-3eAwc7-bjmEf-3eAwi5-3eAwuu-2XFJYt-5Aenza-5Aeoit-5Aemvn-5Ay6dr-326E53-64TgX2-5Aingy-5Ayc8r-5Ae14H-5AitHs-5Aii9u-326Eoq-5Ay5hB\" target=\"_blank\" aria-label=\"Jenn (opens in a new tab)\" rel=\"noreferrer noopener\" class=\"rank-math-link\">Jenn<\/a> (CC BY <a aria-label=\"2.0 (opens in a new tab)\" href=\"https:\/\/creativecommons.org\/licenses\/by\/2.0\/\" target=\"_blank\" rel=\"noreferrer noopener\" class=\"rank-math-link\">2.0<\/a>)<\/figcaption><\/figure>\n\n\n\n<p>Avec de fortes mar\u00e9es qui laissent apercevoir des champs d\u2019algues, ce n\u2019est pas forc\u00e9ment le meilleur endroit pour se baigner, mais la plage de Jambiani fait malgr\u00e9 tout partie des favorites pour ses paysages atypiques.&nbsp;<\/p>\n\n\n\n<h3 class=\"wp-block-heading\">La plage de Paje<\/h3>\n\n\n\n<p>La plage de Paje est le spot id\u00e9al pour les kitesurfers \u00e0 l\u2019Est de l&rsquo;\u00eele. Pourtant parmi les plus belles plages de Zanzibar, les touristes y sont peu nombreux. Vous aurez donc la chance de profiter d\u2019un lieu paisible, sauvage et naturel.<\/p>\n\n\n\n<figure class=\"wp-block-image size-full\"><img loading=\"lazy\" decoding=\"async\" width=\"799\" height=\"533\" src=\"https:\/\/mk0mistersafarimcosm.kinstacdn.com\/wp-content\/uploads\/sites\/2\/paje-plage-zanzibar.jpg\" alt=\"paje plage zanzibar\" class=\"wp-image-873\" srcset=\"https:\/\/mistersafari.com\/fr\/wp-content\/uploads\/sites\/2\/paje-plage-zanzibar.jpg 799w, https:\/\/mistersafari.com\/fr\/wp-content\/uploads\/sites\/2\/paje-plage-zanzibar-300x200.jpg 300w, https:\/\/mistersafari.com\/fr\/wp-content\/uploads\/sites\/2\/paje-plage-zanzibar-768x512.jpg 768w\" sizes=\"auto, (max-width: 799px) 100vw, 799px\" \/><figcaption>Cr\u00e9dits : La plage de Paje par <a aria-label=\"K. Zamkov (opens in a new tab)\" href=\"https:\/\/www.flickr.com\/photos\/zamkov\/\" target=\"_blank\" rel=\"noreferrer noopener\" class=\"rank-math-link\">K. Zamkov<\/a> (CC BY-SA <a aria-label=\" (opens in a new tab)\" href=\"https:\/\/creativecommons.org\/licenses\/by\/2.0\/deed.fr\" target=\"_blank\" rel=\"noreferrer noopener\" class=\"rank-math-link\">2.0<\/a>)<\/figcaption><\/figure>\n\n\n\n<h2 class=\"wp-block-heading\"><span class=\"ez-toc-section\" id=\"la-plage-de-blue-bay\"><\/span>La plage de Blue Bay<span class=\"ez-toc-section-end\"><\/span><\/h2>\n\n\n\n<p>\u00c0 l\u2019Est de l&rsquo;\u00eele de Zanzibar, la plage de Blue Bay attire les touristes pour sa beaut\u00e9 mais aussi la pr\u00e9sence de son h\u00f4tel qui en fait un endroit id\u00e9al pour un s\u00e9jour d\u00e9tente. Elle est souvent choisie comme la plus belle plage de Zanzibar.&nbsp;<\/p>\n\n\n\n<figure class=\"wp-block-image size-large\"><picture><source srcset=\"https:\/\/mistersafari.com\/fr\/wp-content\/uploads\/sites\/2\/plage-zanzibar-blue-beach.webp 1024w,https:\/\/mistersafari.com\/fr\/wp-content\/uploads\/sites\/2\/plage-zanzibar-blue-beach-300x200.webp 300w,https:\/\/mistersafari.com\/fr\/wp-content\/uploads\/sites\/2\/plage-zanzibar-blue-beach-768x512.webp 768w\" sizes=\"auto, (max-width: 1024px) 100vw, 1024px\" type=\"image\/webp\"><img src=\"https:\/\/mistersafari.com\/fr\/wp-content\/uploads\/sites\/2\/plage-zanzibar-blue-beach.jpg\" height=\"683\" width=\"1024\" srcset=\"https:\/\/mistersafari.com\/fr\/wp-content\/uploads\/sites\/2\/plage-zanzibar-blue-beach.jpg 1024w, https:\/\/mistersafari.com\/fr\/wp-content\/uploads\/sites\/2\/plage-zanzibar-blue-beach-300x200.jpg 300w, https:\/\/mistersafari.com\/fr\/wp-content\/uploads\/sites\/2\/plage-zanzibar-blue-beach-768x512.jpg 768w\" sizes=\"auto, (max-width: 1024px) 100vw, 1024px\" class=\"wp-image-1455 sp-no-webp\" alt=\"\" loading=\"lazy\" decoding=\"async\"  > <\/picture><figcaption>Cr\u00e9dits : Blue Beach par <a aria-label=\"Ali Sabbagh (opens in a new tab)\" href=\"https:\/\/www.flickr.com\/photos\/alisabbagh\/39058492262\/in\/photolist-22vsYYo\" target=\"_blank\" rel=\"noreferrer noopener\" class=\"rank-math-link\">Ali Sabbagh<\/a> (CC0 <a href=\"https:\/\/creativecommons.org\/publicdomain\/zero\/1.0\/\" target=\"_blank\" aria-label=\"1.0 (opens in a new tab)\" rel=\"noreferrer noopener\" class=\"rank-math-link\">1.0<\/a>)<\/figcaption><\/figure>\n\n\n\n<h2 class=\"wp-block-heading\"><span class=\"ez-toc-section\" id=\"la-plage-de-mnemba\"><\/span>La plage de Mnemba<span class=\"ez-toc-section-end\"><\/span><\/h2>\n\n\n\n<p>Il s\u2019agit ici d\u2019une plage priv\u00e9e situ\u00e9e sur l&rsquo;\u00eele elle aussi priv\u00e9e de Mnemba (Mnemba Island). Les visiteurs seront en toute tranquillit\u00e9 pour profiter des d\u00e9cors paradisiaques de l&rsquo;\u00eele.<\/p>\n\n\n\n<figure class=\"wp-block-image size-large\"><picture><source srcset=\"https:\/\/mistersafari.com\/fr\/wp-content\/uploads\/sites\/2\/plage-zanzibar-mnemba.webp 1024w,https:\/\/mistersafari.com\/fr\/wp-content\/uploads\/sites\/2\/plage-zanzibar-mnemba-300x225.webp 300w,https:\/\/mistersafari.com\/fr\/wp-content\/uploads\/sites\/2\/plage-zanzibar-mnemba-768x576.webp 768w\" sizes=\"auto, (max-width: 1024px) 100vw, 1024px\" type=\"image\/webp\"><img src=\"https:\/\/mistersafari.com\/fr\/wp-content\/uploads\/sites\/2\/plage-zanzibar-mnemba.jpg\" height=\"768\" width=\"1024\" srcset=\"https:\/\/mistersafari.com\/fr\/wp-content\/uploads\/sites\/2\/plage-zanzibar-mnemba.jpg 1024w, https:\/\/mistersafari.com\/fr\/wp-content\/uploads\/sites\/2\/plage-zanzibar-mnemba-300x225.jpg 300w, https:\/\/mistersafari.com\/fr\/wp-content\/uploads\/sites\/2\/plage-zanzibar-mnemba-768x576.jpg 768w\" sizes=\"auto, (max-width: 1024px) 100vw, 1024px\" class=\"wp-image-1457 sp-no-webp\" alt=\"\" loading=\"lazy\" decoding=\"async\"  > <\/picture><figcaption>Cr\u00e9dits : Mnemba par <a aria-label=\"Olivier Lejade (opens in a new tab)\" href=\"https:\/\/www.flickr.com\/photos\/lejade\/2829669019\/in\/photolist-5j3N1T-5j8bvY-5j8CWs-5VhGN3-5j4wpH-5j9pwj-5j8NB3-5j8QqC-5j4Afi-5j8R3y-5j9iQu-5j99B1-5j43c4-5j4rUn-5j4Fw2-5j4HmP-5j8mEb-5j4ssM-5j8N4U-5j4v1M-5j9rZG-5j8qKQ-5j4oRP-5j9rnb-5j8Gnq-5j8WfE-5j8pSu-5j4xhK-5j8ddw-5j8M7S-5j8uAA-5j3RrR-5j4sUB-5j8j5W-5j8PqS-5j4JwT-5j9fXd-5j3YuX-5j47oZ-5j8J7s-5j3QCz-5j9i4S-5j96WE-5j4BjT-5j4r4H-5j4tEM-5j8CfA-5j3T5F-5j8AqC-5j4n9c\" target=\"_blank\" rel=\"noreferrer noopener\" class=\"rank-math-link\">Olivier Lejade<\/a> (CC BY-SA <a href=\"https:\/\/creativecommons.org\/licenses\/by-sa\/2.0\/\" target=\"_blank\" aria-label=\"2.0 (opens in a new tab)\" rel=\"noreferrer noopener\" class=\"rank-math-link\">2.0<\/a>)<\/figcaption><\/figure>\n\n\n\n<h2 class=\"wp-block-heading\"><span class=\"ez-toc-section\" id=\"la-plage-de-kiwengwa\"><\/span>La plage de Kiwengwa<span class=\"ez-toc-section-end\"><\/span><\/h2>\n\n\n\n<p>Tout aussi paisible, la plage de Kiwengwa vous offrira le calme d\u2019un s\u00e9jour farniente au bord de l\u2019Oc\u00e9an Indien.<\/p>\n\n\n\n<figure class=\"wp-block-image size-large\"><picture><source srcset=\"https:\/\/mistersafari.com\/fr\/wp-content\/uploads\/sites\/2\/plage-zanzibar-kiwengwa.webp 1024w,https:\/\/mistersafari.com\/fr\/wp-content\/uploads\/sites\/2\/plage-zanzibar-kiwengwa-300x200.webp 300w,https:\/\/mistersafari.com\/fr\/wp-content\/uploads\/sites\/2\/plage-zanzibar-kiwengwa-768x512.webp 768w\" sizes=\"auto, (max-width: 1024px) 100vw, 1024px\" type=\"image\/webp\"><img src=\"https:\/\/mistersafari.com\/fr\/wp-content\/uploads\/sites\/2\/plage-zanzibar-kiwengwa.jpg\" height=\"683\" width=\"1024\" srcset=\"https:\/\/mistersafari.com\/fr\/wp-content\/uploads\/sites\/2\/plage-zanzibar-kiwengwa.jpg 1024w, https:\/\/mistersafari.com\/fr\/wp-content\/uploads\/sites\/2\/plage-zanzibar-kiwengwa-300x200.jpg 300w, https:\/\/mistersafari.com\/fr\/wp-content\/uploads\/sites\/2\/plage-zanzibar-kiwengwa-768x512.jpg 768w\" sizes=\"auto, (max-width: 1024px) 100vw, 1024px\" class=\"wp-image-1458 sp-no-webp\" alt=\"\" loading=\"lazy\" decoding=\"async\"  > <\/picture><figcaption>Cr\u00e9dits : Plage Kiwengwa par Mussi Katz<\/figcaption><\/figure>\n\n\n\n<h2 class=\"wp-block-heading\"><span class=\"ez-toc-section\" id=\"la-plage-de-pingwe\"><\/span>La plage de Pingwe<span class=\"ez-toc-section-end\"><\/span><\/h2>\n\n\n\n<p>La plage de Pingwe est c\u00e9l\u00e8bre pour son restaurant le \u201cRock Bar\u201d uniquement accessible par embarcations, ou \u00e0 la nage !<\/p>\n\n\n\n<h2 class=\"wp-block-heading\"><span class=\"ez-toc-section\" id=\"la-plage-de-mangapwani\"><\/span>La plage de Mangapwani<span class=\"ez-toc-section-end\"><\/span><\/h2>\n\n\n\n<p>C\u2019est l\u2019une des rares plages de Zanzibar qui ne poss\u00e8de pas de r\u00e9cifs coralliens. Plong\u00e9e et snorkelling seront au programme.&nbsp;<\/p>\n\n\n\n<p>Moins touristique, la <a href=\"https:\/\/mistersafari.com\/fr\/safari-tanzanie\/plages\/\" class=\"rank-math-link\">Tanzanie compte aussi de nombreuses plages<\/a> sur son continent ou dans d\u2019autres \u00eeles, toutes aussi magnifiques qu\u2019une plage de Zanzibar et qui vous assurent tranquillit\u00e9 et repos.&nbsp;<\/p>\n\n\n\n<h2 class=\"wp-block-heading\">Visiter les plages Zanzibar dans le cadre d\u2019un voyage plus complet<\/h2>\n\n\n\n<p>Gr\u00e2ce \u00e0 son a\u00e9roport, Zanzibar est facilement accessible depuis la Tanzanie mais aussi depuis l\u2019Europe. Cela permet \u00e0 beaucoup de voyageurs d\u2019inclure dans leur voyage un s\u00e9jour d\u00e9paysant au bord de la meilleure plage de Zanzibar, apr\u00e8s leur <a href=\"https:\/\/mistersafari.com\/fr\/safari-tanzanie\/\" class=\"rank-math-link\">safari en Tanzanie<\/a>.<\/p>\n\n\n\n<p>Voici quelques suggestions de <a href=\"https:\/\/mistersafari.com\/fr\/safari-tanzanie\/circuit\/\" class=\"rank-math-link\">circuits en Tanzanie<\/a> qui permettent d\u2019allier safaris et plages.&nbsp;<\/p>\n\n\n\n<p><strong>S\u00e9jour 1 : les plus renomm\u00e9s&nbsp;<\/strong><\/p>\n\n\n\n<ul class=\"wp-block-list\"><li>3 jours de safari dans le Parc National du <a href=\"https:\/\/mistersafari.com\/fr\/safari-tanzanie\/parcs-reserves\/parc-national-serengeti\/\" class=\"rank-math-link\">Serengeti<\/a><\/li><li>2 jours de safari au Crat\u00e8re de <a href=\"https:\/\/mistersafari.com\/fr\/safari-tanzanie\/parcs-reserves\/cratere-ngorongoro\/\" class=\"rank-math-link\">Ngorongoro<\/a><\/li><li>5 jours de repos \u00e0 la plage de Nungwi<\/li><\/ul>\n\n\n\n<p>(comptez aussi le temps de trajet entre chaque destination)<\/p>\n\n\n\n<p><strong>S\u00e9jour 2 : les plus sportifs<\/strong><\/p>\n\n\n\n<ul class=\"wp-block-list\"><li>1 jour de safari au <a href=\"https:\/\/mistersafari.com\/fr\/safari-tanzanie\/parcs-reserves\/lac-manyara\/\" class=\"rank-math-link\">Lac Manyara<\/a><\/li><li>5 jours de safari dans le Parc National du <a href=\"https:\/\/mistersafari.com\/fr\/safari-tanzanie\/parcs-reserves\/parc-national-kilimandjaro\/\" class=\"rank-math-link\">Kilimandjaro<\/a> avec ascension du mont<\/li><li>5 jours de repos et de kitesurf \u00e0 la plage de Paje<\/li><\/ul>\n\n\n\n<p>(comptez aussi le temps de trajet entre chaque destination)<\/p>\n\n\n\n<p><strong>S\u00e9jour 3 : hors des sentiers battus<\/strong><\/p>\n\n\n\n<ul class=\"wp-block-list\"><li>1 jour de safari dans le Parc National d\u2019<a href=\"https:\/\/mistersafari.com\/fr\/safari-tanzanie\/parcs-reserves\/arusha\/\" class=\"rank-math-link\">Arusha<\/a><\/li><li>2 jours de safari dans le Parc National de <a href=\"https:\/\/mistersafari.com\/fr\/safari-tanzanie\/parcs-reserves\/parc-national-gombe\/\" class=\"rank-math-link\">Gombe<\/a><\/li><li>4 jours de safari dans la R\u00e9serve de <a href=\"https:\/\/mistersafari.com\/fr\/safari-tanzanie\/parcs-reserves\/reserve-selous\/\" class=\"rank-math-link\">Selous<\/a><\/li><li>5 jours de repos \u00e0 la plage de Jambiani<\/li><\/ul>\n\n\n\n<p>(comptez aussi le temps de trajet entre chaque destination)<\/p>\n","protected":false},"excerpt":{"rendered":"<p>Un voyage en Tanzanie est l\u2019occasion de partir d\u00e9couvrir les plus belles plages de Zanzibar, au large des c\u00f4tes de l\u2019Oc\u00e9an Indien. C\u2019est le choix que font de nombreux voyageurs qui souhaitent un s\u00e9jour d\u00e9tente apr\u00e8s avoir parcouru les plus beaux parcs animaliers de la Tanzanie. D\u00e9couvrez notre s\u00e9lection des plus belles plages de Zanzibar.&nbsp; &#8230; <a title=\"Les 10 plus belles plages de Zanzibar\" class=\"read-more\" href=\"https:\/\/mistersafari.com\/fr\/safari-tanzanie\/zanzibar\/plages\/\" aria-label=\"En savoir plus sur Les 10 plus belles plages de Zanzibar\">Lire la suite<\/a><\/p>\n","protected":false},"author":3,"featured_media":875,"parent":1545,"menu_order":4,"comment_status":"closed","ping_status":"closed","template":"","meta":{"_acf_changed":false,"footnotes":""},"content_type":[],"country":[],"class_list":{"0":"post-868","1":"page","2":"type-page","3":"status-publish","4":"has-post-thumbnail","6":"no-featured-image-padding"},"acf":{"hreflang":null},"_links":{"self":[{"href":"https:\/\/mistersafari.com\/fr\/wp-json\/wp\/v2\/pages\/868","targetHints":{"allow":["GET"]}}],"collection":[{"href":"https:\/\/mistersafari.com\/fr\/wp-json\/wp\/v2\/pages"}],"about":[{"href":"https:\/\/mistersafari.com\/fr\/wp-json\/wp\/v2\/types\/page"}],"author":[{"embeddable":true,"href":"https:\/\/mistersafari.com\/fr\/wp-json\/wp\/v2\/users\/3"}],"replies":[{"embeddable":true,"href":"https:\/\/mistersafari.com\/fr\/wp-json\/wp\/v2\/comments?post=868"}],"version-history":[{"count":6,"href":"https:\/\/mistersafari.com\/fr\/wp-json\/wp\/v2\/pages\/868\/revisions"}],"predecessor-version":[{"id":1548,"href":"https:\/\/mistersafari.com\/fr\/wp-json\/wp\/v2\/pages\/868\/revisions\/1548"}],"up":[{"embeddable":true,"href":"https:\/\/mistersafari.com\/fr\/wp-json\/wp\/v2\/pages\/1545"}],"wp:featuredmedia":[{"embeddable":true,"href":"https:\/\/mistersafari.com\/fr\/wp-json\/wp\/v2\/media\/875"}],"wp:attachment":[{"href":"https:\/\/mistersafari.com\/fr\/wp-json\/wp\/v2\/media?parent=868"}],"wp:term":[{"taxonomy":"content_type","embeddable":true,"href":"https:\/\/mistersafari.com\/fr\/wp-json\/wp\/v2\/content_type?post=868"},{"taxonomy":"country","embeddable":true,"href":"https:\/\/mistersafari.com\/fr\/wp-json\/wp\/v2\/country?post=868"}],"curies":[{"name":"wp","href":"https:\/\/api.w.org\/{rel}","templated":true}]}}