{"id":853,"date":"2020-06-22T09:07:22","date_gmt":"2020-06-22T09:07:22","guid":{"rendered":"https:\/\/mistersafari.com\/fr\/?p=853"},"modified":"2021-04-21T07:54:00","modified_gmt":"2021-04-21T07:54:00","slug":"plages","status":"publish","type":"page","link":"https:\/\/mistersafari.com\/fr\/safari-tanzanie\/plages\/","title":{"rendered":"Les 10 plus belles plages de Tanzanie"},"content":{"rendered":"\n<p>Avec presque 1500 km de c\u00f4tes maritimes et de nombreuses \u00eeles au large de ses c\u00f4tes, la Tanzanie regorge de plages au sable blanc et aux eaux turquoise. Les plages tanzaniennes attirent les voyageurs qui viennent se reposer apr\u00e8s leur safari inoubliable. La r\u00e9putation des plages de Zanzibar n\u2019est plus \u00e0 faire, mais quelques plages du continent ou des \u00eeles plus proches ravissent aussi leurs visiteurs. Nous avons concoct\u00e9 une liste des 10 plus belles plages de la Tanzanie pour vous guider.&nbsp;<\/p>\n\n\n<div id=\"ez-toc-container\" class=\"ez-toc-v2_0_76 counter-flat ez-toc-counter ez-toc-custom ez-toc-container-direction\">\n<div class=\"ez-toc-title-container\"><p class=\"ez-toc-title\" style=\"cursor:inherit\">Sommaire<\/p>\n<\/div><nav><ul class='ez-toc-list ez-toc-list-level-1 ' ><li class='ez-toc-page-1'><a class=\"ez-toc-link ez-toc-heading-1\" href=\"https:\/\/mistersafari.com\/fr\/safari-tanzanie\/plages\/#les-5-plus-belles-plages-de-tanzanie\">Les 5 plus belles plages de Tanzanie<\/a><\/li><li class='ez-toc-page-1'><a class=\"ez-toc-link ez-toc-heading-2\" href=\"https:\/\/mistersafari.com\/fr\/safari-tanzanie\/plages\/#les-autres-plages-a-considerer\">Les autres plages \u00e0 consid\u00e9rer&nbsp;<\/a><\/li><li class='ez-toc-page-1'><a class=\"ez-toc-link ez-toc-heading-3\" href=\"https:\/\/mistersafari.com\/fr\/safari-tanzanie\/plages\/#quelques-plages-de-zanzibar\">Quelques plages de Zanzibar<\/a><\/li><\/ul><\/nav><\/div>\n\n\n\n\n<h2 class=\"wp-block-heading\"><span class=\"ez-toc-section\" id=\"les-5-plus-belles-plages-de-tanzanie\"><\/span>Les 5 plus belles plages de Tanzanie<span class=\"ez-toc-section-end\"><\/span><\/h2>\n\n\n\n<p>Selon nous, en Tanzanie plusieurs plages de Tanzanie sortent du lot, aussi bien sur le continent que sur les \u00eeles \u00e0 proximit\u00e9. Voici notre top 5 !&nbsp;<\/p>\n\n\n\n<h3 class=\"wp-block-heading\">Les plages de l&rsquo;\u00eele de Pemba<\/h3>\n\n\n\n<p>L\u2019ile verte, comme est surnomm\u00e9e l&rsquo;\u00eele de Pemba, est un v\u00e9ritable bijou terrestre \u00e0 l\u2019\u00e9tat sauvage et souvent consid\u00e9r\u00e9 comme la plus belle plage de Tanzanie. <\/p>\n\n\n\n<div class=\"wp-block-image\"><figure class=\"aligncenter size-full\"><picture><source srcset=\"https:\/\/mistersafari.com\/fr\/wp-content\/uploads\/sites\/2\/pemba-vumawimbi-tanzanie.webp 799w,https:\/\/mistersafari.com\/fr\/wp-content\/uploads\/sites\/2\/pemba-vumawimbi-tanzanie-300x200.webp 300w,https:\/\/mistersafari.com\/fr\/wp-content\/uploads\/sites\/2\/pemba-vumawimbi-tanzanie-768x512.webp 768w\" sizes=\"auto, (max-width: 799px) 100vw, 799px\" type=\"image\/webp\"><img src=\"https:\/\/mistersafari.com\/fr\/wp-content\/uploads\/sites\/2\/pemba-vumawimbi-tanzanie.jpg\" height=\"533\" width=\"799\" srcset=\"https:\/\/mistersafari.com\/fr\/wp-content\/uploads\/sites\/2\/pemba-vumawimbi-tanzanie.jpg 799w, https:\/\/mistersafari.com\/fr\/wp-content\/uploads\/sites\/2\/pemba-vumawimbi-tanzanie-300x200.jpg 300w, https:\/\/mistersafari.com\/fr\/wp-content\/uploads\/sites\/2\/pemba-vumawimbi-tanzanie-768x512.jpg 768w\" sizes=\"auto, (max-width: 799px) 100vw, 799px\" class=\"wp-image-857 sp-no-webp\" alt=\"plage tanzanie vumawimbi\" loading=\"lazy\" decoding=\"async\"  > <\/picture><figcaption>Cr\u00e9dits : <a aria-label=\"Vumawimbi  (opens in a new tab)\" href=\"https:\/\/www.flickr.com\/photos\/wackelijmrooster\/4992400951\/in\/photolist-8BamSt-8BdtV9-8BdvaU-8BduKq-8BanCx\" target=\"_blank\" rel=\"noreferrer noopener\" class=\"rank-math-link\">Vumawimbi <\/a>par <a aria-label=\" (opens in a new tab)\" href=\"https:\/\/www.flickr.com\/photos\/wackelijmrooster\/\" target=\"_blank\" rel=\"noreferrer noopener\" class=\"rank-math-link\">Marcel Oosterwijk<\/a> (CC BY-SA <a href=\"https:\/\/creativecommons.org\/licenses\/by-sa\/2.0\/deed.fr\" target=\"_blank\" aria-label=\"2.0 (opens in a new tab)\" rel=\"noreferrer noopener\" class=\"rank-math-link\">2.0<\/a>)<\/figcaption><\/figure><\/div>\n\n\n\n<p>Bien loin de la pression touristique de Zanzibar, l&rsquo;\u00eele de Pemba promet un s\u00e9jour au calme sur la plage de Misali Island au Sud-Est de l&rsquo;\u00eele. La plage de Vumawimbi au Nord de l&rsquo;\u00eele fait aussi partie des favorites.<\/p>\n\n\n\n<h3 class=\"wp-block-heading\">La plage de Kigamboni<\/h3>\n\n\n\n<p>En Tanzanie, la plage de Kigamboni est quant \u00e0 elle situ\u00e9e sur la c\u00f4te maritime continentale, accessible en <a href=\"https:\/\/mistersafari.com\/fr\/safari-tanzanie\/location-voiture\/\" class=\"rank-math-link\">voiture de location <\/a>depuis Dar Es-Salaam. Cette plage plaira aux voyageurs qui souhaitent s\u2019\u00e9loigner de la foule pour un s\u00e9jour de d\u00e9tente dans un cadre naturel et sauvage, loin de l\u2019agitation des lieux touristiques.&nbsp;<\/p>\n\n\n\n<h3 class=\"wp-block-heading\">La plage de Utende<\/h3>\n\n\n\n<p>L&rsquo;\u00eele de Mafia, au Sud de Dar Es-Salaam, abrite de nombreuses petites plages mais c\u2019est la plage de Utende qui marque le coeur de l&rsquo;\u00eele. <\/p>\n\n\n\n<div class=\"wp-block-image\"><figure class=\"aligncenter size-full\"><picture><source srcset=\"https:\/\/mistersafari.com\/fr\/wp-content\/uploads\/sites\/2\/mafia-island-tanzanie.webp 800w,https:\/\/mistersafari.com\/fr\/wp-content\/uploads\/sites\/2\/mafia-island-tanzanie-300x225.webp 300w,https:\/\/mistersafari.com\/fr\/wp-content\/uploads\/sites\/2\/mafia-island-tanzanie-768x576.webp 768w\" sizes=\"auto, (max-width: 800px) 100vw, 800px\" type=\"image\/webp\"><img src=\"https:\/\/mistersafari.com\/fr\/wp-content\/uploads\/sites\/2\/mafia-island-tanzanie.jpg\" height=\"600\" width=\"800\" srcset=\"https:\/\/mistersafari.com\/fr\/wp-content\/uploads\/sites\/2\/mafia-island-tanzanie.jpg 800w, https:\/\/mistersafari.com\/fr\/wp-content\/uploads\/sites\/2\/mafia-island-tanzanie-300x225.jpg 300w, https:\/\/mistersafari.com\/fr\/wp-content\/uploads\/sites\/2\/mafia-island-tanzanie-768x576.jpg 768w\" sizes=\"auto, (max-width: 800px) 100vw, 800px\" class=\"wp-image-860 sp-no-webp\" alt=\"mafia island plage tanzanie\" loading=\"lazy\" decoding=\"async\"  > <\/picture><figcaption>Cr\u00e9dits : <a href=\"https:\/\/www.flickr.com\/photos\/benandjenn\/38135139802\/in\/photolist-216Syso-8RM8cB-8RM8bk-5SDXe9-214KuVJ-Z4Vo4U-214KsHs-D3zyDw-Jc6KhQ-216SKKU-Gd27xz-mLZ8t-213jkgA-bAS1Kt-216SG2w-bBs6ee-bnXb6C-bASs8k-bnXpsQ-bAS9sc-bnX5Tb-bAShh8-CLDYxA-N4WLVJ-CTsQVA-bASFaV-216SMJJ-213jfiE-5SzAJe-bnXXSw-bAS54g-bAS6ee-CcLjSA-5SzAtR-5SzAox-5SzCfD-5SDWHu-bnXjzw-bowa5J-bnX9HC-bAS8qK-bASn9p-bnXx19-5SzCpa-bBqQ44-5SzC6r-bARXj4-214KRkG-2b95Cx9-XPryAJ\" target=\"_blank\" aria-label=\" (opens in a new tab)\" rel=\"noreferrer noopener\" class=\"rank-math-link\">Mafia Island<\/a> par J<a href=\"https:\/\/www.flickr.com\/photos\/benandjenn\/\" target=\"_blank\" aria-label=\" (opens in a new tab)\" rel=\"noreferrer noopener\" class=\"rank-math-link\">enn<\/a> (CC BY <a href=\"https:\/\/creativecommons.org\/licenses\/by\/2.0\/deed.fr\" target=\"_blank\" aria-label=\"2.0 (opens in a new tab)\" rel=\"noreferrer noopener\" class=\"rank-math-link\">2.0<\/a>)<\/figcaption><\/figure><\/div>\n\n\n\n<p>Appr\u00e9ci\u00e9e pour ses fonds marins tr\u00e8s riches, c\u2019est la plage de Tanzanie id\u00e9ale pour les amateurs de plong\u00e9e. Vous profiterez aussi d\u2019un s\u00e9jour de repos, au calme et dans un cadre authentique.&nbsp;<\/p>\n\n\n\n<h3 class=\"wp-block-heading\">Plage de Jimbizi<\/h3>\n\n\n\n<p>Sur la c\u00f4te Sud du pays, la ville portuaire de Kilwa Masoko abrite la plage de Jimbizi. Ici, la mar\u00e9e basse laisse appara\u00eetre de nombreux bancs de sable offrant de belles balades pieds nus dans le sable chaud. Ce sera aussi l\u2019occasion de visiter l&rsquo;\u00eele de Kilwa Kisiwani, inscrite au Patrimoine Mondial de l\u2019Unesco pour ses ruines Swahili.&nbsp;<\/p>\n\n\n\n<h2 class=\"wp-block-heading\"><span class=\"ez-toc-section\" id=\"les-autres-plages-a-considerer\"><\/span>Les autres plages \u00e0 consid\u00e9rer&nbsp;<span class=\"ez-toc-section-end\"><\/span><\/h2>\n\n\n\n<h3 class=\"wp-block-heading\">Plage de Sange<\/h3>\n\n\n\n<p>La plage de Sange est un tr\u00e9sor longtemps cach\u00e9 de la Tanzanie. Situ\u00e9 au large de la ville de Pangani, au Nord du pays, vous aurez l\u2019occasion d\u2019observer des dauphins, de profiter de baignades dans ses eaux chaudes et de vous reposer sur ses bancs de sable blanc. A proximit\u00e9, la plage de Ushongo vaut aussi le d\u00e9tour.<\/p>\n\n\n\n<h3 class=\"wp-block-heading\">Le littoral de Ras Kutani<\/h3>\n\n\n\n<p>On a parl\u00e9 de la plage de Kigamboni mais tout le littoral, \u00e0 environ 50 km au Sud de Dar Es-Salaam, regorge de larges plages qui s\u2019\u00e9tirent sur plusieurs kilom\u00e8tres. Beaucoup moins touristiques, les lieux sont rest\u00e9s \u00e0 l\u2019\u00e9tat sauvage et peu d\u2019infrastructures sont disponibles. Repos, repos et repos !&nbsp;<\/p>\n\n\n\n<h3 class=\"wp-block-heading\">Plage de Mbudya Island<\/h3>\n\n\n\n<p>Pourtant situ\u00e9e \u00e0 seulement 20 minutes en bateau depuis Dar Es-Salaam, l&rsquo;\u00eele de Mbudya est d\u00e9sertique et offre ainsi une plage de Tanzanie encore \u00e0 l\u2019\u00e9tat sauvage.&nbsp;<\/p>\n\n\n\n<div class=\"wp-block-image\"><figure class=\"aligncenter size-full\"><picture><source srcset=\"https:\/\/mistersafari.com\/fr\/wp-content\/uploads\/sites\/2\/mbudya-island-tanzanie.webp 800w,https:\/\/mistersafari.com\/fr\/wp-content\/uploads\/sites\/2\/mbudya-island-tanzanie-300x225.webp 300w,https:\/\/mistersafari.com\/fr\/wp-content\/uploads\/sites\/2\/mbudya-island-tanzanie-768x576.webp 768w\" sizes=\"auto, (max-width: 800px) 100vw, 800px\" type=\"image\/webp\"><img src=\"https:\/\/mistersafari.com\/fr\/wp-content\/uploads\/sites\/2\/mbudya-island-tanzanie.jpg\" height=\"600\" width=\"800\" srcset=\"https:\/\/mistersafari.com\/fr\/wp-content\/uploads\/sites\/2\/mbudya-island-tanzanie.jpg 800w, https:\/\/mistersafari.com\/fr\/wp-content\/uploads\/sites\/2\/mbudya-island-tanzanie-300x225.jpg 300w, https:\/\/mistersafari.com\/fr\/wp-content\/uploads\/sites\/2\/mbudya-island-tanzanie-768x576.jpg 768w\" sizes=\"auto, (max-width: 800px) 100vw, 800px\" class=\"wp-image-862 sp-no-webp\" alt=\"mbudya island plage tanzanie\" loading=\"lazy\" decoding=\"async\"  > <\/picture><\/figure><\/div>\n\n\n\n<h4 class=\"wp-block-heading\">Plage de Fanjove Island<\/h4>\n\n\n\n<p>Toute petite \u00eele au Sud de l&rsquo;\u00eele Mafia, Fanjove ne peut accueillir que 12 voyageurs \u00e0 la fois. Les chanceux profitent d\u2019une tranquillit\u00e9 absolue pour un s\u00e9jour des plus intimes.&nbsp;<\/p>\n\n\n\n<h2 class=\"wp-block-heading\"><span class=\"ez-toc-section\" id=\"quelques-plages-de-zanzibar\"><\/span>Quelques plages de Zanzibar<span class=\"ez-toc-section-end\"><\/span><\/h2>\n\n\n\n<p>Au-del\u00e0 de son pass\u00e9 culturel, ce sont bien \u00e9videmment les <a href=\"https:\/\/mistersafari.com\/fr\/safari-tanzanie\/zanzibar\/plages\/\" class=\"rank-math-link\">plages de Zanzibar<\/a> qui font la renomm\u00e9e l&rsquo;\u00eele et sont souvent cit\u00e9es parmi les plus belles plages de Tanzanie. La c\u00f4te Est offre \u00e0 ses visiteurs les plus beaux paysages avec l\u2019alliance du blanc scintillant de son sable et du bleu turquoise de ses lagons.&nbsp;<\/p>\n\n\n\n<p>Les plages de Nungwi et Matemwe au Nord sont des lieux paradisiaques pour la baignade et la plong\u00e9e. Les plus sportifs choisiront la plage de Paje alors que les soir\u00e9es anim\u00e9es se d\u00e9roulent du c\u00f4t\u00e9 de la plage de Kendwa.<\/p>\n\n\n\n<h2 class=\"wp-block-heading\">Visiter les plages de Tanzanie dans le cadre d\u2019un voyage plus complet<\/h2>\n\n\n\n<p>La premi\u00e8re raison d\u2019un voyage en Tanzanie est bien souvent la visite des parcs animaliers. Intense en \u00e9motions et parfois \u00e9prouvant, un s\u00e9jour baln\u00e9aire \u00e0 la suite d\u2019un safari est souvent bienvenu pour les voyageurs ! Voici donc quelques propositions de <a href=\"https:\/\/mistersafari.com\/fr\/safari-tanzanie\/circuit\/\" class=\"rank-math-link\">circuits safari en Tanzanie<\/a> permettant de combiner un safari et un s\u00e9jour sur les plus belles plages de Tanzanie.&nbsp;<\/p>\n\n\n\n<p><strong>Circuit 1 : les incontournables<\/strong><\/p>\n\n\n\n<ul class=\"wp-block-list\"><li>2 jours de safari dans le <a href=\"https:\/\/mistersafari.com\/fr\/safari-tanzanie\/parcs-reserves\/cratere-ngorongoro\/\" class=\"rank-math-link\">Crat\u00e8re de Ngorongoro<\/a><\/li><li>3 jours de safari dans le <a href=\"https:\/\/mistersafari.com\/fr\/safari-tanzanie\/parcs-reserves\/parc-national-serengeti\/\" class=\"rank-math-link\">Parc National du Serengeti<\/a><\/li><li>1 jour de safari au <a href=\"https:\/\/mistersafari.com\/fr\/safari-tanzanie\/parcs-reserves\/lac-manyara\/\" class=\"rank-math-link\">Lac Manyara<\/a><\/li><li>5 jours de repos sur l&rsquo;\u00eele de Pemba<\/li><\/ul>\n\n\n\n<p>(tenez aussi compte du temps de trajet entre chaque destination)<\/p>\n\n\n\n<p><strong>C<\/strong>i<strong>rcuit 2 : hors des sentiers battus<\/strong><\/p>\n\n\n\n<ul class=\"wp-block-list\"><li>1 jour de safari dans le Parc National d\u2019<a href=\"https:\/\/mistersafari.com\/fr\/safari-tanzanie\/parcs-reserves\/arusha\/\" class=\"rank-math-link\">Arusha<\/a>&nbsp;<\/li><li>3 nuits de safari dans le Parc National de <a href=\"https:\/\/mistersafari.com\/fr\/safari-tanzanie\/parcs-reserves\/parc-national-mikumi\/\" class=\"rank-math-link\">Mikumi<\/a><\/li><li>3 jours de safari dans le Parc National des <a href=\"https:\/\/mistersafari.com\/fr\/safari-tanzanie\/parcs-reserves\/udzungwa\/\" class=\"rank-math-link\">Monts Udzungwa<\/a><\/li><li>5 jours de repos sur l&rsquo;\u00eele de Mafia<\/li><\/ul>\n\n\n\n<p>(tenez aussi compte du temps de trajet entre chaque destination)<\/p>\n\n\n\n<p><strong>Circuit 3 : en toute tranquillit\u00e9<\/strong><\/p>\n\n\n\n<ul class=\"wp-block-list\"><li>3 jours de safari dans le Parc National de <a href=\"https:\/\/mistersafari.com\/fr\/safari-tanzanie\/parcs-reserves\/parc-national-tarangire\/\" class=\"rank-math-link\">Tarangire<\/a><\/li><li>2 jours de safari dans le Parc National des <a href=\"https:\/\/mistersafari.com\/fr\/safari-tanzanie\/parcs-reserves\/parc-monts-mahale\/\" class=\"rank-math-link\">Monts Mahale<\/a><\/li><li>5 jours de repos sur la plage de Kigamboni<\/li><\/ul>\n\n\n\n<p>(tenez aussi compte du temps de trajet entre chaque destination)<\/p>\n","protected":false},"excerpt":{"rendered":"<p>Avec presque 1500 km de c\u00f4tes maritimes et de nombreuses \u00eeles au large de ses c\u00f4tes, la Tanzanie regorge de plages au sable blanc et aux eaux turquoise. Les plages tanzaniennes attirent les voyageurs qui viennent se reposer apr\u00e8s leur safari inoubliable. La r\u00e9putation des plages de Zanzibar n\u2019est plus \u00e0 faire, mais quelques plages &#8230; <a title=\"Les 10 plus belles plages de Tanzanie\" class=\"read-more\" href=\"https:\/\/mistersafari.com\/fr\/safari-tanzanie\/plages\/\" aria-label=\"En savoir plus sur Les 10 plus belles plages de Tanzanie\">Lire la suite<\/a><\/p>\n","protected":false},"author":3,"featured_media":864,"parent":932,"menu_order":12,"comment_status":"closed","ping_status":"closed","template":"","meta":{"_acf_changed":false,"footnotes":""},"content_type":[],"country":[],"class_list":{"0":"post-853","1":"page","2":"type-page","3":"status-publish","4":"has-post-thumbnail","6":"no-featured-image-padding"},"acf":{"hreflang":null},"_links":{"self":[{"href":"https:\/\/mistersafari.com\/fr\/wp-json\/wp\/v2\/pages\/853","targetHints":{"allow":["GET"]}}],"collection":[{"href":"https:\/\/mistersafari.com\/fr\/wp-json\/wp\/v2\/pages"}],"about":[{"href":"https:\/\/mistersafari.com\/fr\/wp-json\/wp\/v2\/types\/page"}],"author":[{"embeddable":true,"href":"https:\/\/mistersafari.com\/fr\/wp-json\/wp\/v2\/users\/3"}],"replies":[{"embeddable":true,"href":"https:\/\/mistersafari.com\/fr\/wp-json\/wp\/v2\/comments?post=853"}],"version-history":[{"count":14,"href":"https:\/\/mistersafari.com\/fr\/wp-json\/wp\/v2\/pages\/853\/revisions"}],"predecessor-version":[{"id":2580,"href":"https:\/\/mistersafari.com\/fr\/wp-json\/wp\/v2\/pages\/853\/revisions\/2580"}],"up":[{"embeddable":true,"href":"https:\/\/mistersafari.com\/fr\/wp-json\/wp\/v2\/pages\/932"}],"wp:featuredmedia":[{"embeddable":true,"href":"https:\/\/mistersafari.com\/fr\/wp-json\/wp\/v2\/media\/864"}],"wp:attachment":[{"href":"https:\/\/mistersafari.com\/fr\/wp-json\/wp\/v2\/media?parent=853"}],"wp:term":[{"taxonomy":"content_type","embeddable":true,"href":"https:\/\/mistersafari.com\/fr\/wp-json\/wp\/v2\/content_type?post=853"},{"taxonomy":"country","embeddable":true,"href":"https:\/\/mistersafari.com\/fr\/wp-json\/wp\/v2\/country?post=853"}],"curies":[{"name":"wp","href":"https:\/\/api.w.org\/{rel}","templated":true}]}}