{"id":840,"date":"2020-06-18T14:45:00","date_gmt":"2020-06-18T14:45:00","guid":{"rendered":"https:\/\/mistersafari.com\/fr\/?p=840"},"modified":"2022-01-23T17:44:37","modified_gmt":"2022-01-23T17:44:37","slug":"visa","status":"publish","type":"page","link":"https:\/\/mistersafari.com\/fr\/safari-tanzanie\/visa\/","title":{"rendered":"Visa pour la Tanzanie"},"content":{"rendered":"\n<p>Afin de pr\u00e9parer au mieux votre voyage, et surtout vous permettre de visiter la Tanzanie, certaines d\u00e9marches administratives sont n\u00e9cessaires &#8211; dont l\u2019obtention d\u2019un visa. Quand en faire la demande, comment l\u2019obtenir et \u00e0 quel prix ? Voici notre guide.&nbsp;<\/p>\n\n\n<div id=\"ez-toc-container\" class=\"ez-toc-v2_0_76 counter-flat ez-toc-counter ez-toc-custom ez-toc-container-direction\">\n<div class=\"ez-toc-title-container\"><p class=\"ez-toc-title\" style=\"cursor:inherit\">Sommaire<\/p>\n<\/div><nav><ul class='ez-toc-list ez-toc-list-level-1 ' ><li class='ez-toc-page-1'><a class=\"ez-toc-link ez-toc-heading-1\" href=\"https:\/\/mistersafari.com\/fr\/safari-tanzanie\/visa\/#visa-pour-la-tanzanie-et-autres-formalites-obligatoires\">Visa pour la Tanzanie et autres formalit\u00e9s obligatoires<\/a><\/li><li class='ez-toc-page-1'><a class=\"ez-toc-link ez-toc-heading-2\" href=\"https:\/\/mistersafari.com\/fr\/safari-tanzanie\/visa\/#option-1-demander-votre-visa-pour-la-tanzanie-en-ligne\">Option 1 : Demander votre visa pour la Tanzanie en ligne<\/a><\/li><li class='ez-toc-page-1'><a class=\"ez-toc-link ez-toc-heading-3\" href=\"https:\/\/mistersafari.com\/fr\/safari-tanzanie\/visa\/#option-2-obtenir-un-visa-pour-la-tanzanie-a-votre-arrivee-sur-place\">Option 2 : Obtenir un visa pour la Tanzanie \u00e0 votre arriv\u00e9e sur place<\/a><\/li><li class='ez-toc-page-1'><a class=\"ez-toc-link ez-toc-heading-4\" href=\"https:\/\/mistersafari.com\/fr\/safari-tanzanie\/visa\/#option-3-demander-votre-visa-pour-la-tanzanie-aupres-dune-agence-specialisee\">Option 3 : Demander votre visa pour la Tanzanie aupr\u00e8s d\u2019une agence sp\u00e9cialis\u00e9e<\/a><\/li><li class='ez-toc-page-1'><a class=\"ez-toc-link ez-toc-heading-5\" href=\"https:\/\/mistersafari.com\/fr\/safari-tanzanie\/visa\/#contacts-utiles-pour-votre-visa\">Contacts utiles pour votre visa<\/a><\/li><\/ul><\/nav><\/div>\n\n\n\n\n<h2 class=\"wp-block-heading\"><span class=\"ez-toc-section\" id=\"visa-pour-la-tanzanie-et-autres-formalites-obligatoires\"><\/span>Visa pour la Tanzanie et autres formalit\u00e9s obligatoires<span class=\"ez-toc-section-end\"><\/span><\/h2>\n\n\n\n<h3 class=\"wp-block-heading\">Le visa en Tanzanie<\/h3>\n\n\n\n<p>Pour visiter la Tanzanie dans le cadre d\u2019un voyage touristique, vous devrez poss\u00e9der un visa dit \u201ctouristique\u201d pour pouvoir entrer le territoire.&nbsp;<\/p>\n\n\n\n<p class=\"callout-green\">Le visa pour la Tanzanie vous permet de visiter le pays pour une dur\u00e9e de 90 jours \u00e0 compter de la date d\u2019entr\u00e9e dans le pays.&nbsp;<\/p>\n\n\n\n<p>Le visa pour la Tanzanie est \u00e0 demander soit <a href=\"https:\/\/eservices.immigration.go.tz\/visa\/\" target=\"_blank\" aria-label=\" (opens in a new tab)\" rel=\"noreferrer noopener\" class=\"rank-math-link\">en ligne<\/a> pr\u00e9alablement \u00e0 votre voyage, soit directement sur place \u00e0 votre arriv\u00e9e. Il est valide pour une dur\u00e9e de 3 mois \u00e0 compter de sa date de d\u00e9livrance, que ce soit avant la date effective de votre voyage ou \u00e0 la m\u00eame date.&nbsp;<\/p>\n\n\n\n<p>Le visa pour la Tanzanie co\u00fbte 50\u20ac (ou $50) si vous faites les d\u00e9marches seul pour demander votre visa pour la Tanzanie. Si vous passez par une agence sp\u00e9cialis\u00e9e, vous serez en plus factur\u00e9 des frais de service.&nbsp;<\/p>\n\n\n\n<p>Pour une demande de visa \u00e9lectronique pour la Tanzanie, les d\u00e9lais sont d\u2019environ 10 jours. Prenez-vous y suffisamment t\u00f4t pour recevoir votre visa \u00e0 temps !&nbsp;<\/p>\n\n\n\n<h3 class=\"wp-block-heading\">Les documents n\u00e9cessaires pour la demande de visa<\/h3>\n\n\n\n<p>Que vous fassiez la demande de visa pour la Tanzanie sur place ou en ligne, les documents n\u00e9cessaires sont globalement les m\u00eames :&nbsp;<\/p>\n\n\n\n<ul class=\"wp-block-list\"><li>un formulaire de visa pour la Tanzanie<\/li><li>une copie du passeport, valide pour encore 6 mois minimum et contenant au moins une page vierge<\/li><li>le r\u00e8glement<\/li><li>si possible, une copie des billets d\u2019avion<\/li><\/ul>\n\n\n\n<h3 class=\"wp-block-heading\">Les autres formalit\u00e9s<\/h3>\n\n\n\n<p>Tous les mineurs voyageant en Tanzanie doivent poss\u00e9der leur propre passeport. S\u2019ils voyagent sans leurs parents, ils devront \u00e9galement d\u00e9tenir une <a href=\"https:\/\/www.service-public.fr\/simulateur\/calcul\/15646-01\" target=\"_blank\" aria-label=\" (opens in a new tab)\" rel=\"noreferrer noopener\" class=\"rank-math-link\">autorisation de sortie de territoire<\/a>, disponible sur le site du service public, ainsi qu\u2019une photocopie de la pi\u00e8ce d\u2019identit\u00e9 du parent signataire de l\u2019autorisation de sortie.&nbsp;<\/p>\n\n\n\n<p>Aucun vaccin n\u2019est obligatoire pour visiter la Tanzanie, mais certains sont (plus ou moins) recommand\u00e9s :&nbsp;<\/p>\n\n\n\n<ul class=\"wp-block-list\"><li>le vaccin contre la fi\u00e8vre jaune est fortement conseill\u00e9<\/li><li>un traitement anti-paludisme est aussi fortement conseill\u00e9<\/li><li>les vaccins de type DTCP, h\u00e9patite B, typho\u00efde, h\u00e9patite A sont conseill\u00e9s<\/li><\/ul>\n\n\n\n<p>Pour en savoir plus, lire notre article d\u00e9di\u00e9 aux <a href=\"https:\/\/mistersafari.com\/fr\/safari-tanzanie\/vaccins\/\" class=\"rank-math-link\">vaccins en Tanzanie<\/a>.<\/p>\n\n\n\n<p>Voici maintenant les trois d\u00e9marches possibles pour vous garantir votre arriv\u00e9e en Tanzanie avec un visa.&nbsp;<\/p>\n\n\n\n<h2 class=\"wp-block-heading\"><span class=\"ez-toc-section\" id=\"option-1-demander-votre-visa-pour-la-tanzanie-en-ligne\"><\/span>Option 1 : Demander votre visa pour la Tanzanie en ligne<span class=\"ez-toc-section-end\"><\/span><\/h2>\n\n\n\n<p>L\u2019Ambassade de Tanzanie en France ne d\u00e9livre plus de visas physiques. Vous devez donc faire votre demande de e-visa pour la Tanzanie en ligne.&nbsp;<\/p>\n\n\n\n<p class=\"callout-orange\">Seul le site officiel est \u00e0 utiliser, <a aria-label=\"dont voici le lien (opens in a new tab)\" href=\"https:\/\/eservices.immigration.go.tz\/visa\/\" target=\"_blank\" rel=\"noreferrer noopener\" class=\"rank-math-link\">dont voici le lien<\/a>.<\/p>\n\n\n\n<p>Le site est uniquement disponible en anglais. La proc\u00e9dure est la suivante :<\/p>\n\n\n\n<ol class=\"wp-block-list\"><li>Cliquez sur \u201cApply for a new visa\u201d<\/li><li>Renseignez le formulaire<\/li><li>T\u00e9l\u00e9chargez les documents<\/li><li>Un email vous est envoy\u00e9 avec vos identifiants<\/li><li>Terminez de compl\u00e9ter le formulaire&nbsp;<\/li><li>Payez le prix du visa pour la Tanzanie, par carte Visa, Mastercard ou virement SWIFT<\/li><li>Un email de confirmation vous est envoy\u00e9<\/li><\/ol>\n\n\n\n<p>Gr\u00e2ce \u00e0 vos identifiants, vous pourrez suivre l\u2019avancement de l\u2019Ambassade de la Tanzanie sur votre visa.<\/p>\n\n\n\n<p>Lors de la proc\u00e9dure de demande de visa pour la Tanzanie en ligne, vous devrez indiquer votre point d\u2019entr\u00e9e dans le pays et notamment si vous visitez la Tanzanie continentale ou Zanzibar. Les points d\u2019arriv\u00e9e dans le pays sont les suivants :&nbsp;<\/p>\n\n\n\n<ul class=\"wp-block-list\"><li>l\u2019a\u00e9roport du Kilimandjaro pr\u00e8s d\u2019Arusha&nbsp;<\/li><li>l\u2019a\u00e9roport Julius-Nyerere de Dar-es-Salaam&nbsp;<\/li><li>l\u2019a\u00e9roport Abeid Amani Karume \u00e0 Zanzibar&nbsp;<\/li><li>le poste-fronti\u00e8re terrestre de Namanga \u00e0 la fronti\u00e8re avec le <a href=\"https:\/\/mistersafari.com\/fr\/safari-kenya\/\" class=\"rank-math-link\">Kenya&nbsp;<\/a><\/li><li>le poste-fronti\u00e8re terrestre de Tunduma \u00e0 la fronti\u00e8re avec la Zambie<\/li><\/ul>\n\n\n\n<p><em>Les d\u00e9lais indiqu\u00e9s sont de 10 jours pour recevoir votre visa.<\/em>&nbsp;<\/p>\n\n\n\n<h2 class=\"wp-block-heading\"><span class=\"ez-toc-section\" id=\"option-2-obtenir-un-visa-pour-la-tanzanie-a-votre-arrivee-sur-place\"><\/span>Option 2 : Obtenir un visa pour la Tanzanie \u00e0 votre arriv\u00e9e sur place<span class=\"ez-toc-section-end\"><\/span><\/h2>\n\n\n\n<p>Autre solution qui satisfera notamment les retardataires, il est possible de faire une demande de visa pour la Tanzanie directement lors de votre arriv\u00e9e dans le pays.&nbsp;<\/p>\n\n\n\n<p>Dans ce cas, il faudra vous munir :<\/p>\n\n\n\n<ul class=\"wp-block-list\"><li>de votre passeport, avec toujours une validit\u00e9 d\u2019au moins 6 mois et une page rest\u00e9e vierge<\/li><li>le paiement de $50 ou 50\u20ac en esp\u00e8ces (avec l\u2019appoint, parce qu\u2019ils ne rendent pas la monnaie)<\/li><\/ul>\n\n\n\n<p class=\"callout-orange\">La proc\u00e9dure est simple, mais malgr\u00e9 tout toujours plus risqu\u00e9 que de partir avec son visa en poche !<\/p>\n\n\n\n<p>A l\u2019arriv\u00e9e en Tanzanie, le visa ne peut \u00eatre obtenu qu\u2019\u00e0 l\u2019un des points d\u2019entr\u00e9e \u00e9ligibles cit\u00e9s plus haut.&nbsp;<\/p>\n\n\n\n<h2 class=\"wp-block-heading\"><span class=\"ez-toc-section\" id=\"option-3-demander-votre-visa-pour-la-tanzanie-aupres-dune-agence-specialisee\"><\/span>Option 3 : Demander votre visa pour la Tanzanie aupr\u00e8s d\u2019une agence sp\u00e9cialis\u00e9e<span class=\"ez-toc-section-end\"><\/span><\/h2>\n\n\n\n<p>Pr\u00e9alablement \u00e0 votre voyage, vous pouvez aussi obtenir votre visa pour la Tanzanie en ligne aupr\u00e8s d\u2019une agence sp\u00e9cialis\u00e9e. Cette option pr\u00e9sente selon nous peu d\u2019avantages par rapport \u00e0 la demande de visa en ligne, si ce n\u2019est pour ceux qui ne parlent pas anglais.<\/p>\n\n\n\n<h2 class=\"wp-block-heading\"><span class=\"ez-toc-section\" id=\"contacts-utiles-pour-votre-visa\"><\/span>Contacts utiles pour votre visa<span class=\"ez-toc-section-end\"><\/span><\/h2>\n\n\n\n<figure class=\"wp-block-table\"><table><thead><tr><th><\/th><th>Ambassade de Tanzanie en France<\/th><th>Ambassade de France en Tanzanie<\/th><th>Le Commissaire G\u00e9n\u00e9ral des Services de l\u2019Immigration<\/th><th>Le Commissaire des Services de l\u2019Immigration (Zanzibar)<\/th><\/tr><\/thead><tbody><tr><td><strong>Adresse<\/strong><\/td><td>7 ter, rue L\u00e9onard-de-Vinci, 75116 Paris<\/td><td>7, Ali Hassan Mwinyi road Dar Es Salaam, 14110, Tanzanie<\/td><td>P. O. Box 512, Dar es Salaam, Tanzanie<\/td><td>P. O. Box 1354, Zanzibar, Tanzanie<\/td><\/tr><tr><td><strong>T\u00e9l.<\/strong><\/td><td>01 53 70 63 66<\/td><td>+255 22 219 8800<\/td><td>+255 2850575<\/td><td>+255 24 2234973<\/td><\/tr><tr><td><strong>Email<\/strong><\/td><td><\/td><td>visas.dar-es-salam-amba@diplomatie.gouv.fr<\/td><td>visatanzania@immigration.go.tz<\/td><td>adminznz@immigration.go.tz<\/td><\/tr><tr><td><strong>Horaires<\/strong><\/td><td>lundi au vendredi 9h-13h \/ 14h-17h<\/td><td>lundi au jeudi 9h-17h<\/td><td><\/td><td><\/td><\/tr><\/tbody><\/table><\/figure>\n","protected":false},"excerpt":{"rendered":"<p>Afin de pr\u00e9parer au mieux votre voyage, et surtout vous permettre de visiter la Tanzanie, certaines d\u00e9marches administratives sont n\u00e9cessaires &#8211; dont l\u2019obtention d\u2019un visa. Quand en faire la demande, comment l\u2019obtenir et \u00e0 quel prix ? Voici notre guide.&nbsp; Visa pour la Tanzanie et autres formalit\u00e9s obligatoires Le visa en Tanzanie Pour visiter la &#8230; <a title=\"Visa pour la Tanzanie\" class=\"read-more\" href=\"https:\/\/mistersafari.com\/fr\/safari-tanzanie\/visa\/\" aria-label=\"En savoir plus sur Visa pour la Tanzanie\">Lire la suite<\/a><\/p>\n","protected":false},"author":3,"featured_media":843,"parent":932,"menu_order":11,"comment_status":"closed","ping_status":"closed","template":"","meta":{"_acf_changed":false,"footnotes":""},"content_type":[],"country":[],"class_list":{"0":"post-840","1":"page","2":"type-page","3":"status-publish","4":"has-post-thumbnail","6":"no-featured-image-padding"},"acf":{"hreflang":[{"alternative_url":"https:\/\/mistersafari.com\/tanzania\/info\/visa\/","language":"en"}]},"_links":{"self":[{"href":"https:\/\/mistersafari.com\/fr\/wp-json\/wp\/v2\/pages\/840","targetHints":{"allow":["GET"]}}],"collection":[{"href":"https:\/\/mistersafari.com\/fr\/wp-json\/wp\/v2\/pages"}],"about":[{"href":"https:\/\/mistersafari.com\/fr\/wp-json\/wp\/v2\/types\/page"}],"author":[{"embeddable":true,"href":"https:\/\/mistersafari.com\/fr\/wp-json\/wp\/v2\/users\/3"}],"replies":[{"embeddable":true,"href":"https:\/\/mistersafari.com\/fr\/wp-json\/wp\/v2\/comments?post=840"}],"version-history":[{"count":8,"href":"https:\/\/mistersafari.com\/fr\/wp-json\/wp\/v2\/pages\/840\/revisions"}],"predecessor-version":[{"id":6315,"href":"https:\/\/mistersafari.com\/fr\/wp-json\/wp\/v2\/pages\/840\/revisions\/6315"}],"up":[{"embeddable":true,"href":"https:\/\/mistersafari.com\/fr\/wp-json\/wp\/v2\/pages\/932"}],"wp:featuredmedia":[{"embeddable":true,"href":"https:\/\/mistersafari.com\/fr\/wp-json\/wp\/v2\/media\/843"}],"wp:attachment":[{"href":"https:\/\/mistersafari.com\/fr\/wp-json\/wp\/v2\/media?parent=840"}],"wp:term":[{"taxonomy":"content_type","embeddable":true,"href":"https:\/\/mistersafari.com\/fr\/wp-json\/wp\/v2\/content_type?post=840"},{"taxonomy":"country","embeddable":true,"href":"https:\/\/mistersafari.com\/fr\/wp-json\/wp\/v2\/country?post=840"}],"curies":[{"name":"wp","href":"https:\/\/api.w.org\/{rel}","templated":true}]}}