{"id":837,"date":"2020-06-18T14:34:34","date_gmt":"2020-06-18T14:34:34","guid":{"rendered":"https:\/\/mistersafari.com\/fr\/?p=837"},"modified":"2022-01-06T13:21:43","modified_gmt":"2022-01-06T13:21:43","slug":"quand-partir","status":"publish","type":"page","link":"https:\/\/mistersafari.com\/fr\/safari-tanzanie\/quand-partir\/","title":{"rendered":"Quand partir en Tanzanie ?"},"content":{"rendered":"\n<p>Avec ses animaux sauvages, son patrimoine naturel, ses sommets, ses plages de sable blanc, la Tanzanie a tout pour plaire. Mais quel est le meilleur moment pour visiter ce pays de la c\u00f4te Est de l\u2019Afrique et faire un <a href=\"https:\/\/mistersafari.com\/fr\/safari-tanzanie\/\" class=\"rank-math-link\">safari en Tanzanie<\/a> ? R\u00e9ponse dans ce guide.&nbsp;<\/p>\n\n\n<div id=\"ez-toc-container\" class=\"ez-toc-v2_0_76 counter-flat ez-toc-counter ez-toc-custom ez-toc-container-direction\">\n<div class=\"ez-toc-title-container\"><p class=\"ez-toc-title\" style=\"cursor:inherit\">Sommaire<\/p>\n<\/div><nav><ul class='ez-toc-list ez-toc-list-level-1 ' ><li class='ez-toc-page-1'><a class=\"ez-toc-link ez-toc-heading-1\" href=\"https:\/\/mistersafari.com\/fr\/safari-tanzanie\/quand-partir\/#quand-partir-en-tanzanie-les-meilleurs-mois\" >Quand partir en Tanzanie : les meilleurs mois<\/a><\/li><li class='ez-toc-page-1'><a class=\"ez-toc-link ez-toc-heading-2\" href=\"https:\/\/mistersafari.com\/fr\/safari-tanzanie\/quand-partir\/#la-meteo-et-le-climat-en-tanzanie\" >La m\u00e9t\u00e9o et le climat en Tanzanie<\/a><\/li><li class='ez-toc-page-1'><a class=\"ez-toc-link ez-toc-heading-3\" href=\"https:\/\/mistersafari.com\/fr\/safari-tanzanie\/quand-partir\/#que-voir-et-que-faire-en-tanzanie\" >Que voir et que faire en Tanzanie<\/a><\/li><\/ul><\/nav><\/div>\n\n\n\n\n<h2 class=\"wp-block-heading\"><span class=\"ez-toc-section\" id=\"quand-partir-en-tanzanie-les-meilleurs-mois\"><\/span>Quand partir en Tanzanie : les meilleurs mois<span class=\"ez-toc-section-end\"><\/span><\/h2>\n\n\n\n<p>Le climat de la Tanzanie se divise en deux grandes saisons :&nbsp;<\/p>\n\n\n\n<ul class=\"wp-block-list\"><li>la saison s\u00e8che de Juin \u00e0 Octobre,<\/li><li>la saison des pluies de Novembre \u00e0 Avril.<\/li><\/ul>\n\n\n\n<p>Mais le climat fluctue aussi au cours de chacune des saisons avec notamment les petites pluies en Novembre et D\u00e9cembre et les grandes pluies en Mars et Avril. Ainsi, ce tableau vous indique globalement quand partir en Tanzanie :&nbsp;<\/p>\n\n\n\n<figure class=\"wp-block-table\"><table><thead><tr><th>Janvier<\/th><th>F\u00e9vrier<\/th><th>Mars<\/th><th>Avril<\/th><th>Mai<\/th><th>Juin<\/th><th>Juillet<\/th><th>Ao\u00fbt<\/th><th>Septembre<\/th><th>Octobre<\/th><th>Novembre<\/th><th>D\u00e9cembre<\/th><\/tr><\/thead><tbody><tr><td>**<\/td><td>**<\/td><td>*<\/td><td>*<\/td><td>*<\/td><td>***<\/td><td>***<\/td><td>***<\/td><td>***<\/td><td>***<\/td><td>**<\/td><td>*<\/td><\/tr><\/tbody><\/table><figcaption>Les meilleurs mois pour partir en Tanzanie<\/figcaption><\/figure>\n\n\n\n<p>Avec une superficie de plus de 945 000 km2, la Tanzanie est un vaste pays et les climats varient selon les r\u00e9gions : un climat plut\u00f4t tropical et temp\u00e9r\u00e9 \u00e0 l&rsquo;int\u00e9rieur du pays et un climat \u00e9quatorial et humide pr\u00e8s des c\u00f4tes et \u00e0 Zanzibar.&nbsp;<\/p>\n\n\n\n<p class=\"callout-blue\">Pour savoir quand partir en Tanzanie, choisir les r\u00e9gions que l\u2019on souhaite visiter, le type de climat dans lequel on pr\u00e9f\u00e8re voyager et la popularit\u00e9 de la p\u00e9riode sont les principaux crit\u00e8res.&nbsp;<\/p>\n\n\n\n<p>Au-del\u00e0 de son climat, la Tanzanie est en effet un pays appr\u00e9ci\u00e9 aussi bien pour un voyage animalier, que culturel ou encore farniente et par cons\u00e9quent une destination incontestablement touristique. On recommande toujours aux voyageurs d\u2019\u00e9viter si possible la haute saison, en Juillet, Ao\u00fbt et D\u00e9cembre, pendant laquelle les visiteurs (et les v\u00e9hicules dans les parcs) sont les plus nombreux.&nbsp;<\/p>\n\n\n\n<p class=\"callout-green\">Les p\u00e9riodes en basse saison o\u00f9 le climat est agr\u00e9able, c\u2019est-\u00e0-dire Juin, Septembre, Octobre, Novembre et d\u00e9but d\u00e9cembre, sont selon nous id\u00e9ales.&nbsp;<\/p>\n\n\n\n<h2 class=\"wp-block-heading\"><span class=\"ez-toc-section\" id=\"la-meteo-et-le-climat-en-tanzanie\"><\/span>La m\u00e9t\u00e9o et le climat en Tanzanie<span class=\"ez-toc-section-end\"><\/span><\/h2>\n\n\n\n<h3 class=\"wp-block-heading\">Les temp\u00e9ratures&nbsp;<\/h3>\n\n\n\n<p>Les temp\u00e9ratures en Tanzanie sont nettement impact\u00e9es par l\u2019altitude et la situation g\u00e9ographique de chaque zone. D\u2019une mani\u00e8re g\u00e9n\u00e9rale, les temp\u00e9ratures sont les plus basses au Nord du pays, \u00e0 la fronti\u00e8re avec le <a href=\"https:\/\/mistersafari.com\/fr\/safari-kenya\/\" class=\"rank-math-link\">Kenya<\/a>. Puis plus vous vous dirigez vers le Sud, en direction de l\u2019Oc\u00e9an Indien, plus les temp\u00e9ratures grimpent.&nbsp;<\/p>\n\n\n\n<p><strong>Les mois de D\u00e9cembre \u00e0 F\u00e9vrier sont les plus chauds dans tout le pays.&nbsp;<\/strong><\/p>\n\n\n\n<p>Les temp\u00e9ratures avoisinent alors les 35 degr\u00e9s \u00e0 l\u2019ombre. Le reste de l\u2019ann\u00e9e, les temp\u00e9ratures les plus chaudes s&rsquo;\u00e9l\u00e8vent \u00e0 environ 30 degr\u00e9s, mais sont difficilement supportables pendant la saison des pluies avec une importante humidit\u00e9.<\/p>\n\n\n\n<p>Les nuits peuvent \u00eatre fra\u00eeches, quelle que soit la saison et surtout en altitude.&nbsp;<\/p>\n\n\n\n<h3 class=\"wp-block-heading\">La m\u00e9t\u00e9o selon les r\u00e9gions&nbsp;<\/h3>\n\n\n\n<p>La particularit\u00e9 de la Tanzanie est la vari\u00e9t\u00e9 de ses paysages qui induit des variations m\u00e9t\u00e9orologiques selon les r\u00e9gions, voire m\u00eame selon les parcs animaliers.<\/p>\n\n\n\n<p><strong>Alors, quand partir en Tanzanie pour un safari ? Voici quelques indications selon les r\u00e9gions les plus appr\u00e9ci\u00e9es.<\/strong><\/p>\n\n\n\n<p>M\u00eame s\u2019il peut \u00eatre visit\u00e9 toute l\u2019ann\u00e9e, le <a href=\"https:\/\/mistersafari.com\/fr\/safari-tanzanie\/parcs-reserves\/cratere-ngorongoro\/\" class=\"rank-math-link\">crat\u00e8re du Ngorongoro<\/a> est le plus beau juste apr\u00e8s la saison des pluies, avec sa flore abondante. Les animaux sont tout le temps pr\u00e9sents, mais restent plus facilement observables pendant la saison s\u00e8che.&nbsp;<\/p>\n\n\n\n<p>Toujours au Nord, le <a href=\"https:\/\/mistersafari.com\/fr\/safari-tanzanie\/parcs-reserves\/parc-national-serengeti\/\" class=\"rank-math-link\">Parc du Serengeti<\/a> est \u00e0 privil\u00e9gier durant la saison s\u00e8che afin d\u2019observer le mouvement migratoire qui le rend si c\u00e9l\u00e8bre. F\u00e9vrier et Mars peuvent aussi \u00eatre une p\u00e9riode int\u00e9ressante avec les naissances et le d\u00e9but de la migration.&nbsp;<\/p>\n\n\n\n<p>Que ce soit pour un safari ou pour tenter son ascension, le <a href=\"https:\/\/mistersafari.com\/fr\/safari-tanzanie\/parcs-reserves\/parc-national-kilimandjaro\/\" class=\"rank-math-link\">Parc National du Mont Kilimandjaro<\/a> se visite surtout en Janvier et F\u00e9vrier, ou pendant la saison s\u00e8che mais les nuits sont froides.&nbsp;<\/p>\n\n\n\n<p>Les c\u00f4tes maritimes et <a href=\"https:\/\/mistersafari.com\/fr\/safari-tanzanie\/zanzibar\/quand-partir\/\" class=\"rank-math-link\">Zanzibar sont \u00e0 \u00e9viter de D\u00e9cembre \u00e0 Mars<\/a> lorsque les temp\u00e9ratures et l\u2019humidit\u00e9 sont \u00e9lev\u00e9es, rendant le climat \u00e9touffant. Juin \u00e0 Septembre sont les mois id\u00e9aux.&nbsp;<\/p>\n\n\n\n<p>Enfin, \u00e0 l\u2019Ouest, le<a href=\"https:\/\/mistersafari.com\/fr\/safari-tanzanie\/parcs-reserves\/parc-national-gombe\/\" class=\"rank-math-link\"> Parc de Gombe<\/a> est plus agr\u00e9able \u00e0 visiter pendant la saison s\u00e8che, avec un taux d\u2019humidit\u00e9 plus tol\u00e9rable. Les singes seront par contre plus mobiles.&nbsp;<\/p>\n\n\n\n<h2 class=\"wp-block-heading\"><span class=\"ez-toc-section\" id=\"que-voir-et-que-faire-en-tanzanie\"><\/span>Que voir et que faire en Tanzanie<span class=\"ez-toc-section-end\"><\/span><\/h2>\n\n\n\n<p>Randonn\u00e9es et safaris font bien \u00e9videmment la renomm\u00e9e de la Tanzanie. Ses nombreux <a href=\"https:\/\/mistersafari.com\/fr\/safari-tanzanie\/parcs-reserves\/\" class=\"rank-math-link\">parcs et r\u00e9serves<\/a> sont r\u00e9partis sur l\u2019ensemble du pays. Vous pouvez ainsi facilement cr\u00e9er vous-m\u00eame votre circuit en fonction de votre attrait pour chacun mais aussi de la p\u00e9riode que vous choisirez pour partir.&nbsp;<\/p>\n\n\n\n<p>Mais ce pays \u00e9quatorial a encore plus \u00e0 offrir. Visites culturelles, activit\u00e9s sportives ou nautiques, stations baln\u00e9aires, beaucoup de voyageurs choisissent de combiner plusieurs activit\u00e9s pendant leur s\u00e9jour en Tanzanie.&nbsp;Pour en savoir plus, voir notre article <a href=\"https:\/\/mistersafari.com\/fr\/safari-tanzanie\/que-faire\/\" class=\"rank-math-link\">que faire en Tanzanie<\/a>.<\/p>\n\n\n\n<p>Enfin, si vous le pouvez, voyager hors saison touristique est toujours plus agr\u00e9able et promet un voyage plus authentique.&nbsp;<\/p>\n","protected":false},"excerpt":{"rendered":"<p>Avec ses animaux sauvages, son patrimoine naturel, ses sommets, ses plages de sable blanc, la Tanzanie a tout pour plaire. Mais quel est le meilleur moment pour visiter ce pays de la c\u00f4te Est de l\u2019Afrique et faire un safari en Tanzanie ? R\u00e9ponse dans ce guide.&nbsp; Quand partir en Tanzanie : les meilleurs mois &#8230; <a title=\"Quand partir en Tanzanie ?\" class=\"read-more\" href=\"https:\/\/mistersafari.com\/fr\/safari-tanzanie\/quand-partir\/\" aria-label=\"En savoir plus sur Quand partir en Tanzanie ?\">Lire la suite<\/a><\/p>\n","protected":false},"author":3,"featured_media":839,"parent":932,"menu_order":8,"comment_status":"closed","ping_status":"closed","template":"","meta":{"_acf_changed":false,"footnotes":""},"content_type":[],"country":[],"class_list":{"0":"post-837","1":"page","2":"type-page","3":"status-publish","4":"has-post-thumbnail","6":"no-featured-image-padding"},"acf":{"hreflang":[{"alternative_url":"https:\/\/mistersafari.com\/tanzania\/info\/best-time-to-visit\/","language":"en"}]},"_links":{"self":[{"href":"https:\/\/mistersafari.com\/fr\/wp-json\/wp\/v2\/pages\/837","targetHints":{"allow":["GET"]}}],"collection":[{"href":"https:\/\/mistersafari.com\/fr\/wp-json\/wp\/v2\/pages"}],"about":[{"href":"https:\/\/mistersafari.com\/fr\/wp-json\/wp\/v2\/types\/page"}],"author":[{"embeddable":true,"href":"https:\/\/mistersafari.com\/fr\/wp-json\/wp\/v2\/users\/3"}],"replies":[{"embeddable":true,"href":"https:\/\/mistersafari.com\/fr\/wp-json\/wp\/v2\/comments?post=837"}],"version-history":[{"count":7,"href":"https:\/\/mistersafari.com\/fr\/wp-json\/wp\/v2\/pages\/837\/revisions"}],"predecessor-version":[{"id":6305,"href":"https:\/\/mistersafari.com\/fr\/wp-json\/wp\/v2\/pages\/837\/revisions\/6305"}],"up":[{"embeddable":true,"href":"https:\/\/mistersafari.com\/fr\/wp-json\/wp\/v2\/pages\/932"}],"wp:featuredmedia":[{"embeddable":true,"href":"https:\/\/mistersafari.com\/fr\/wp-json\/wp\/v2\/media\/839"}],"wp:attachment":[{"href":"https:\/\/mistersafari.com\/fr\/wp-json\/wp\/v2\/media?parent=837"}],"wp:term":[{"taxonomy":"content_type","embeddable":true,"href":"https:\/\/mistersafari.com\/fr\/wp-json\/wp\/v2\/content_type?post=837"},{"taxonomy":"country","embeddable":true,"href":"https:\/\/mistersafari.com\/fr\/wp-json\/wp\/v2\/country?post=837"}],"curies":[{"name":"wp","href":"https:\/\/api.w.org\/{rel}","templated":true}]}}