{"id":832,"date":"2020-06-18T14:22:50","date_gmt":"2020-06-18T14:22:50","guid":{"rendered":"https:\/\/mistersafari.com\/fr\/?p=832"},"modified":"2022-01-23T17:43:08","modified_gmt":"2022-01-23T17:43:08","slug":"comment-aller","status":"publish","type":"page","link":"https:\/\/mistersafari.com\/fr\/safari-tanzanie\/comment-aller\/","title":{"rendered":"Comment aller en Tanzanie ?"},"content":{"rendered":"\n<p>Pays touristique situ\u00e9 dans l\u2019Est Africain, la Tanzanie est relativement bien desservie. Comment se rendre en Tanzanie ? Avec quelle compagnie a\u00e9rienne ? Quel budget pr\u00e9voir ? Nous r\u00e9pondons \u00e0 toutes vos questions dans cet article.&nbsp;<\/p>\n\n\n<div id=\"ez-toc-container\" class=\"ez-toc-v2_0_76 counter-flat ez-toc-counter ez-toc-custom ez-toc-container-direction\">\n<div class=\"ez-toc-title-container\"><p class=\"ez-toc-title\" style=\"cursor:inherit\">Sommaire<\/p>\n<\/div><nav><ul class='ez-toc-list ez-toc-list-level-1 ' ><li class='ez-toc-page-1'><a class=\"ez-toc-link ez-toc-heading-1\" href=\"https:\/\/mistersafari.com\/fr\/safari-tanzanie\/comment-aller\/#aller-en-tanzanie-quelles-options\" >Aller en Tanzanie : quelles options ?<\/a><\/li><li class='ez-toc-page-1'><a class=\"ez-toc-link ez-toc-heading-2\" href=\"https:\/\/mistersafari.com\/fr\/safari-tanzanie\/comment-aller\/#quels-sont-les-aeroports-en-tanzanie-comment-choisir\" >Quels sont les a\u00e9roports en Tanzanie ? Comment choisir ?<\/a><\/li><li class='ez-toc-page-1'><a class=\"ez-toc-link ez-toc-heading-3\" href=\"https:\/\/mistersafari.com\/fr\/safari-tanzanie\/comment-aller\/#quand-et-ou-reserver-son-vol-pour-aller-en-tanzanie\" >Quand et o\u00f9 r\u00e9server son vol pour aller en Tanzanie<\/a><\/li><li class='ez-toc-page-1'><a class=\"ez-toc-link ez-toc-heading-4\" href=\"https:\/\/mistersafari.com\/fr\/safari-tanzanie\/comment-aller\/#partir-en-tanzanie-combien-ca-coute\" >Partir en Tanzanie, combien \u00e7a co\u00fbte ?<\/a><\/li><\/ul><\/nav><\/div>\n\n\n\n\n<h2 class=\"wp-block-heading\"><span class=\"ez-toc-section\" id=\"aller-en-tanzanie-quelles-options\"><\/span>Aller en Tanzanie : quelles options ?<span class=\"ez-toc-section-end\"><\/span><\/h2>\n\n\n\n<p>Pour vous rendre en Tanzanie, la premi\u00e8re option est bien \u00e9videmment l\u2019avion. Que vous partiez d\u2019Europe ou d&rsquo;ailleurs dans le monde, il existe de nombreux vols internationaux qui vous permettent de rejoindre le pays en quelques heures &#8211; comptez environ 10 heures depuis Paris par exemple.&nbsp;<\/p>\n\n\n\n<p>Si votre voyage ou votre <a href=\"https:\/\/mistersafari.com\/fr\/safari-tanzanie\/\" class=\"rank-math-link\">safari en Tanzanie<\/a> fait partie d\u2019un itin\u00e9raire plus long incluant des pays africains voisins, comme le <a href=\"https:\/\/mistersafari.com\/fr\/safari-kenya\/\" class=\"rank-math-link\">Kenya<\/a>, vous pourrez alors envisager d\u2019arriver en Tanzanie en avion mais aussi train, en bus ou en encore en voiture. Enfin, derni\u00e8re option, mais nettement moins probable, il est possible de se rendre en Tanzanie par bateau puisque le pays est au bord de l\u2019Oc\u00e9an Indien.&nbsp;<\/p>\n\n\n\n<h2 class=\"wp-block-heading\"><span class=\"ez-toc-section\" id=\"quels-sont-les-aeroports-en-tanzanie-comment-choisir\"><\/span>Quels sont les a\u00e9roports en Tanzanie ? Comment choisir ?<span class=\"ez-toc-section-end\"><\/span><\/h2>\n\n\n\n<p>On d\u00e9nombre trois a\u00e9roports internationaux en Tanzanie :&nbsp;<\/p>\n\n\n\n<ul class=\"wp-block-list\"><li>l\u2019a\u00e9roport Kilimandjaro, pr\u00e8s d\u2019Arusha<\/li><li>l\u2019a\u00e9roport de A\u00e9roport Julius Nyerere, \u00e0 Dar Es-Salaam<\/li><li>l\u2019a\u00e9roport Abeid Amani Karume, de Zanzibar<\/li><\/ul>\n\n\n\n<p>Le choix de votre a\u00e9roport d\u2019arriv\u00e9e et de d\u00e9part devra \u00eatre judicieusement choisi en fonction de votre circuit pour vous \u00e9viter des transferts trop longs.&nbsp;<\/p>\n\n\n\n<p>Depuis l\u2019a\u00e9roport Kilimandjaro, vous pourrez rejoindre facilement les parcs du Nord de la Tanzanie ainsi que le Kenya. Une arriv\u00e9e \u00e0 Dar Es-Salaam est id\u00e9ale si vous visitez les parcs du Centre et du Sud du pays. Enfin, pour un s\u00e9jour sur Zanzibar, optez pour l&rsquo;a\u00e9roport de l&rsquo;\u00eele.&nbsp;<\/p>\n\n\n\n<p><em>Pensez aussi \u00e0 combiner les itin\u00e9raires : arriv\u00e9e \u00e0 Dar Es-Salaam et d\u00e9part depuis Zanzibar par exemple.&nbsp;<\/em><\/p>\n\n\n\n<p>Il existe une derni\u00e8re option, qui permet parfois de faire quelques \u00e9conomies : <a class=\"rank-math-link\" href=\"https:\/\/mistersafari.com\/fr\/safari-kenya\/comment-aller\/\">aller au Kenya<\/a> (Nairobi) puis rejoindre la <a href=\"https:\/\/mistersafari.com\/fr\/safari-tanzanie\/location-voiture\/\" class=\"rank-math-link\">Tanzanie en voiture<\/a>.&nbsp;<\/p>\n\n\n\n<h2 class=\"wp-block-heading\"><span class=\"ez-toc-section\" id=\"quand-et-ou-reserver-son-vol-pour-aller-en-tanzanie\"><\/span>Quand et o\u00f9 r\u00e9server son vol pour aller en Tanzanie<span class=\"ez-toc-section-end\"><\/span><\/h2>\n\n\n\n<h3 class=\"wp-block-heading\">Options<\/h3>\n\n\n\n<p>Les vols internationaux vers la Tanzanie peuvent \u00eatre r\u00e9serv\u00e9s :<\/p>\n\n\n\n<ul class=\"wp-block-list\"><li><strong>en ligne<\/strong>, directement sur les sites internet des compagnies a\u00e9riennes ou par le biais d\u2019un comparateur de prix<\/li><li><strong>chez une agence de voyage<\/strong> (ce sera notamment le cas si vous r\u00e9servez un voyage organis\u00e9)<\/li><\/ul>\n\n\n\n<p><em>Si vous partez en voyage organis\u00e9, v\u00e9rifiez bien au pr\u00e9alable si vos billets d\u2019avion et les transferts depuis et vers l\u2019a\u00e9roport sont inclus dans le prix. Vous \u00e9viterez les mauvaises surprises !<\/em><\/p>\n\n\n\n<h3 class=\"wp-block-heading\">Les vols<\/h3>\n\n\n\n<p>Plusieurs compagnies a\u00e9riennes proposent des vols vers la Tanzanie.<\/p>\n\n\n\n<ul class=\"wp-block-list\"><li>Pour une arriv\u00e9e \u00e0 l\u2019a\u00e9roport Kilimandjaro, vous devrez choisir Air France \/ KLM.&nbsp;<\/li><li>L&rsquo;a\u00e9roport de Dar Es-Salaam est desservi par les compagnies Air France \/ KLM, Qatar Airways, Swiss et Emirates.&nbsp;<\/li><li>Ethiopian Airlines et Kenya Airways se rendent aussi en Tanzanie avec des escales respectives \u00e0 Addis Abeba et Nairobi.&nbsp;<\/li><\/ul>\n\n\n\n<p>Pour visiter Zanzibar, seul Oman Air dispose d\u2019un vol depuis la France avec une escale \u00e0 Oman. Par contre, Air France \/ KLM propose un circuit avec un vol aller vers Dar Es-Salaam ou Kilimandjaro puis un retour depuis Zanzibar.&nbsp;<\/p>\n\n\n\n<h2 class=\"wp-block-heading\"><span class=\"ez-toc-section\" id=\"partir-en-tanzanie-combien-ca-coute\"><\/span>Partir en Tanzanie, combien \u00e7a co\u00fbte ?<span class=\"ez-toc-section-end\"><\/span><\/h2>\n\n\n\n<p>Les vols les moins chers depuis Paris sont \u00e0 destination de Dar Es-Salaam. Comptez en moyenne 600\u20ac pour un vol aller\/retour. Vers l\u2019a\u00e9roport Kilimandjaro, les prix avoisinent en moyenne les 800\u20ac. Les vols vers Zanzibar tournent autour des 650\u20ac.&nbsp;<\/p>\n\n\n\n<p class=\"callout-blue\">Il s&rsquo;agit ici seulement de moyennes. Les prix peuvent fortement varier d\u2019une saison \u00e0 une autre.&nbsp;<\/p>\n\n\n\n<p>Pour obtenir les meilleurs tarifs et faire des \u00e9conomies non n\u00e9gligeables, pensez \u00e0 r\u00e9server vos vols le plus t\u00f4t possible. Notre article sur le <a href=\"https:\/\/mistersafari.com\/fr\/safari-tanzanie\/prix\/\" class=\"rank-math-link\">prix d\u2019un safari<\/a> en Tanzanie vous aidera \u00e0 pr\u00e9voir votre budget.&nbsp;<\/p>\n","protected":false},"excerpt":{"rendered":"<p>Pays touristique situ\u00e9 dans l\u2019Est Africain, la Tanzanie est relativement bien desservie. Comment se rendre en Tanzanie ? Avec quelle compagnie a\u00e9rienne ? Quel budget pr\u00e9voir ? Nous r\u00e9pondons \u00e0 toutes vos questions dans cet article.&nbsp; Aller en Tanzanie : quelles options ? Pour vous rendre en Tanzanie, la premi\u00e8re option est bien \u00e9videmment l\u2019avion. &#8230; <a title=\"Comment aller en Tanzanie ?\" class=\"read-more\" href=\"https:\/\/mistersafari.com\/fr\/safari-tanzanie\/comment-aller\/\" aria-label=\"En savoir plus sur Comment aller en Tanzanie ?\">Lire la suite<\/a><\/p>\n","protected":false},"author":3,"featured_media":836,"parent":932,"menu_order":10,"comment_status":"closed","ping_status":"closed","template":"","meta":{"_acf_changed":false,"footnotes":""},"content_type":[],"country":[],"class_list":{"0":"post-832","1":"page","2":"type-page","3":"status-publish","4":"has-post-thumbnail","6":"no-featured-image-padding"},"acf":{"hreflang":[{"alternative_url":"https:\/\/mistersafari.com\/tanzania\/info\/how-to-get\/","language":"en"}]},"_links":{"self":[{"href":"https:\/\/mistersafari.com\/fr\/wp-json\/wp\/v2\/pages\/832","targetHints":{"allow":["GET"]}}],"collection":[{"href":"https:\/\/mistersafari.com\/fr\/wp-json\/wp\/v2\/pages"}],"about":[{"href":"https:\/\/mistersafari.com\/fr\/wp-json\/wp\/v2\/types\/page"}],"author":[{"embeddable":true,"href":"https:\/\/mistersafari.com\/fr\/wp-json\/wp\/v2\/users\/3"}],"replies":[{"embeddable":true,"href":"https:\/\/mistersafari.com\/fr\/wp-json\/wp\/v2\/comments?post=832"}],"version-history":[{"count":10,"href":"https:\/\/mistersafari.com\/fr\/wp-json\/wp\/v2\/pages\/832\/revisions"}],"predecessor-version":[{"id":6314,"href":"https:\/\/mistersafari.com\/fr\/wp-json\/wp\/v2\/pages\/832\/revisions\/6314"}],"up":[{"embeddable":true,"href":"https:\/\/mistersafari.com\/fr\/wp-json\/wp\/v2\/pages\/932"}],"wp:featuredmedia":[{"embeddable":true,"href":"https:\/\/mistersafari.com\/fr\/wp-json\/wp\/v2\/media\/836"}],"wp:attachment":[{"href":"https:\/\/mistersafari.com\/fr\/wp-json\/wp\/v2\/media?parent=832"}],"wp:term":[{"taxonomy":"content_type","embeddable":true,"href":"https:\/\/mistersafari.com\/fr\/wp-json\/wp\/v2\/content_type?post=832"},{"taxonomy":"country","embeddable":true,"href":"https:\/\/mistersafari.com\/fr\/wp-json\/wp\/v2\/country?post=832"}],"curies":[{"name":"wp","href":"https:\/\/api.w.org\/{rel}","templated":true}]}}