{"id":816,"date":"2020-06-11T13:20:25","date_gmt":"2020-06-11T13:20:25","guid":{"rendered":"https:\/\/mistersafari.com\/fr\/?p=816"},"modified":"2022-10-28T08:28:10","modified_gmt":"2022-10-28T08:28:10","slug":"parc-national-serengeti","status":"publish","type":"page","link":"https:\/\/mistersafari.com\/fr\/safari-tanzanie\/parcs-reserves\/parc-national-serengeti\/","title":{"rendered":"Parc National de Serengeti"},"content":{"rendered":"\n<p>Le Serengeti, qui signifie \u201cplaines sans fin\u201d en Masa\u00ef, est sans nul doute le plus c\u00e9l\u00e8bre parc de Tanzanie. Abritant l\u2019un des \u00e9cosyst\u00e8mes les plus riches au monde, la visite du parc de Serengeti (Serengeti National Park) est un incontournable lors d\u2019un voyage en Tanzanie. D\u00e9couvrez notre guide complet sur le magnifique Parc National de Serengeti.<\/p>\n\n\n<div id=\"ez-toc-container\" class=\"ez-toc-v2_0_76 counter-flat ez-toc-counter ez-toc-custom ez-toc-container-direction\">\n<div class=\"ez-toc-title-container\"><p class=\"ez-toc-title\" style=\"cursor:inherit\">Sommaire<\/p>\n<\/div><nav><ul class='ez-toc-list ez-toc-list-level-1 ' ><li class='ez-toc-page-1'><a class=\"ez-toc-link ez-toc-heading-1\" href=\"https:\/\/mistersafari.com\/fr\/safari-tanzanie\/parcs-reserves\/parc-national-serengeti\/#pourquoi-se-rendre-au-parc-national-de-serengeti\">Pourquoi se rendre au Parc National de Serengeti ?<\/a><\/li><li class='ez-toc-page-1'><a class=\"ez-toc-link ez-toc-heading-2\" href=\"https:\/\/mistersafari.com\/fr\/safari-tanzanie\/parcs-reserves\/parc-national-serengeti\/#comment-se-rendre-au-parc-de-serengeti\">Comment se rendre au Parc de Serengeti<\/a><\/li><li class='ez-toc-page-1'><a class=\"ez-toc-link ez-toc-heading-3\" href=\"https:\/\/mistersafari.com\/fr\/safari-tanzanie\/parcs-reserves\/parc-national-serengeti\/#tarifs-et-reglementation\">Tarifs et r\u00e9glementation<\/a><\/li><li class='ez-toc-page-1'><a class=\"ez-toc-link ez-toc-heading-4\" href=\"https:\/\/mistersafari.com\/fr\/safari-tanzanie\/parcs-reserves\/parc-national-serengeti\/#ou-dormir-au-parc-de-serengeti\">O\u00f9 dormir au Parc de Serengeti<\/a><\/li><li class='ez-toc-page-1'><a class=\"ez-toc-link ez-toc-heading-5\" href=\"https:\/\/mistersafari.com\/fr\/safari-tanzanie\/parcs-reserves\/parc-national-serengeti\/#le-parc-de-serengeti-autres-informations-pratiques\">Le Parc de Serengeti : autres informations pratiques<\/a><\/li><\/ul><\/nav><\/div>\n\n\n\n\n<h2 class=\"wp-block-heading\"><span class=\"ez-toc-section\" id=\"pourquoi-se-rendre-au-parc-national-de-serengeti\"><\/span>Pourquoi se rendre au Parc National de Serengeti ?<span class=\"ez-toc-section-end\"><\/span><\/h2>\n\n\n\n<h3 class=\"wp-block-heading\">Un safari dans le Parc de Serengeti<\/h3>\n\n\n\n<p>Deuxi\u00e8me plus grand parc de Tanzanie avec une superficie de presque 15 000 km2, le Parc National du Serengeti est au c\u0153ur d\u2019un \u00e9cosyst\u00e8me offrant une biodiversit\u00e9 incomparable. La vari\u00e9t\u00e9 de ses territoires rend la visite du parc de Serengeti unique et int\u00e9ressante.<\/p>\n\n\n\n<p>Chaque r\u00e9gion conna\u00eet ses sp\u00e9cificit\u00e9s, avec par exemple :<\/p>\n\n\n\n<ul class=\"wp-block-list\"><li>le Sud-Ouest du parc qui est le lieu de naissance de petits herbivores,\u00a0<\/li><li>l\u2019Ouest avec la travers\u00e9e de la rivi\u00e8re de Grumeti ainsi que la proximit\u00e9 avec la<a href=\"https:\/\/mistersafari.com\/fr\/safari-tanzanie\/parcs-reserves\/reserve-grumeti\/\" data-type=\"page\" data-id=\"6892\"> r\u00e9serve de Grumeti<\/a>.<\/li><\/ul>\n\n\n\n<p><strong>Un safari dans le Parc de Serengeti est une exp\u00e9rience inoubliable.<\/strong><\/p>\n\n\n\n<p>Les vastes plaines de Serengeti permettent de rep\u00e9rer et observer les <a href=\"https:\/\/mistersafari.com\/fr\/safari-kenya\/animaux\/\" class=\"rank-math-link\">animaux du Kenya<\/a> depuis une longue distance. D\u2019ailleurs, le hors-piste est uniquement autoris\u00e9 dans la zone de conservation et les plaines du Sud du parc.<\/p>\n\n\n\n<p class=\"callout-green\">La fameuse grande migration des gnous et z\u00e8bres est la plus grande attraction du parc et offre un spectacle unique et rare.<\/p>\n\n\n\n<p>Ce sont plusieurs millions d\u2019animaux qui migrent \u00e0 travers le parc en fonction des alternances entre saison humide et saison s\u00e8che. Les pr\u00e9dateurs, comme les \u00e9normes crocodiles pr\u00e8s des rivi\u00e8res Mara et Kirawira, sont aux aguets. Les rencontres avec leurs proies offrent des spectacles de chasse naturelle impressionnants.<\/p>\n\n\n<div class=\"wp-block-image\">\n<figure class=\"aligncenter size-large\"><picture><source srcset=\"https:\/\/mistersafari.com\/fr\/wp-content\/uploads\/sites\/2\/serengeti.webp 799w,https:\/\/mistersafari.com\/fr\/wp-content\/uploads\/sites\/2\/serengeti-300x200.webp 300w,https:\/\/mistersafari.com\/fr\/wp-content\/uploads\/sites\/2\/serengeti-768x512.webp 768w\" sizes=\"auto, (max-width: 799px) 100vw, 799px\" type=\"image\/webp\"><img src=\"https:\/\/mistersafari.com\/fr\/wp-content\/uploads\/sites\/2\/serengeti.jpg\" height=\"533\" width=\"799\" srcset=\"https:\/\/mistersafari.com\/fr\/wp-content\/uploads\/sites\/2\/serengeti.jpg 799w, https:\/\/mistersafari.com\/fr\/wp-content\/uploads\/sites\/2\/serengeti-300x200.jpg 300w, https:\/\/mistersafari.com\/fr\/wp-content\/uploads\/sites\/2\/serengeti-768x512.jpg 768w\" sizes=\"auto, (max-width: 799px) 100vw, 799px\" class=\"wp-image-824 sp-no-webp\" alt=\"Gu\u00e9pards au parc du Serengeti\" loading=\"lazy\" decoding=\"async\"  > <\/picture><figcaption><em><em>Cr\u00e9dits :&nbsp;<a href=\"https:\/\/www.flickr.com\/photos\/jorgecancela\/22937586403\/\" target=\"_blank\" aria-label=\" (opens in a new tab)\" rel=\"noreferrer noopener\" class=\"rank-math-link\">Serengeti<\/a> par <a href=\"https:\/\/www.flickr.com\/photos\/jorgecancela\/\" target=\"_blank\" aria-label=\" (opens in a new tab)\" rel=\"noreferrer noopener\" class=\"rank-math-link\">Jorge Cancela<\/a>&nbsp;(CC BY&nbsp;<a rel=\"noreferrer noopener\" href=\"https:\/\/creativecommons.org\/licenses\/by\/2.0\/\" target=\"_blank\" class=\"rank-math-link\">2.0<\/a>)<\/em><\/em><\/figcaption><\/figure><\/div>\n\n\n<p>Prot\u00e9g\u00e9 depuis 1929, le parc du Serengeti rassemble aussi les plus beaux animaux d\u2019Afrique. Bien \u00e9videmment, le Big Five y est pr\u00e9sent m\u00eame si le rhinoc\u00e9ros reste assez rare. Hy\u00e8nes, gu\u00e9pards, girafes sont aussi nombreux alors que les antilopes sont un peu plus discr\u00e8tes. Les hippopotames et crocodiles trouvent refuge dans les points d\u2019eau.<\/p>\n\n\n\n<p class=\"callout-blue\">Le Parc du Serengeti est reconnu pour poss\u00e9der l\u2019une des plus grandes populations de pr\u00e9dateurs au monde, dont les lions et les hy\u00e8nes.<\/p>\n\n\n\n<p>Plus de 530 esp\u00e8ces d\u2019oiseaux ont \u00e9t\u00e9 r\u00e9pertori\u00e9es \u00e0 travers le parc. On y trouve notamment des esp\u00e8ces migratoires d\u2019Afrique, d\u2019Europe ou d\u2019Asie.<\/p>\n\n\n\n<p>Un s\u00e9jour d\u2019au minimum 3 nuits est recommand\u00e9. Pour les s\u00e9jours plus longs, n\u2019h\u00e9sitez pas \u00e0 choisir des h\u00e9bergements dans diff\u00e9rents endroits du parc pour profiter pleinement de tout ce qu\u2019il a \u00e0 offrir.&nbsp; Des safaris \u00e0 pieds sont aussi propos\u00e9s au sein du Parc du Serengeti.<\/p>\n\n\n\n<h3 class=\"wp-block-heading\">Les autres activit\u00e9s \u00e0 faire<\/h3>\n\n\n\n<h4 class=\"wp-block-heading\">Safari en montgolfi\u00e8re<\/h4>\n\n\n\n<p>Pour une activit\u00e9 atypique, vous pourrez exp\u00e9rimenter un safari en montgolfi\u00e8re. Survolant le parc du Serengeti \u00e0 plusieurs dizaines de m\u00e8tres de hauteur, les points de vue seront compl\u00e8tement diff\u00e9rents. La vue sur le lever du soleil est elle aussi inoubliable.<\/p>\n\n\n\n<h4 class=\"wp-block-heading\">Sites historiques<\/h4>\n\n\n\n<p>La visite du Parc du Serengeti sera l\u2019occasion de d\u00e9couvrir des ressources historiques des populations qui habitaient autrefois la r\u00e9gion. Des peintures sur roches sont visibles \u00e0 Moru. Vous pourrez aussi d\u00e9couvrir une roche typique de la r\u00e9gion utilis\u00e9e pour reproduire diff\u00e9rents sons : le Gong Rock.<\/p>\n\n\n\n<h4 class=\"wp-block-heading\">Kopjes<\/h4>\n\n\n\n<p>Prononc\u00e9 \u201ccopie\u201d, il s\u2019agit de roches s\u2019\u00e9levant parfois sur plusieurs dizaines de m\u00e8tres de hauteur. R\u00e9sultant d\u2019un ph\u00e9nom\u00e8ne naturel g\u00e9ologique, elles sont parfaitement int\u00e9gr\u00e9es au paysage et forment un abri id\u00e9al pour les animaux :&nbsp;<\/p>\n\n\n\n<ul class=\"wp-block-list\"><li>les pr\u00e9dateurs y trouvent de l\u2019eau mais aussi un point de vue sur la faune,<\/li><li>les autres animaux s\u2019y sentent plus prot\u00e9g\u00e9s et peuvent surveiller les pr\u00e9dateurs \u00e0 leurs trousses.<\/li><\/ul>\n\n\n\n<h2 class=\"wp-block-heading\"><span class=\"ez-toc-section\" id=\"comment-se-rendre-au-parc-de-serengeti\"><\/span>Comment se rendre au Parc de Serengeti<span class=\"ez-toc-section-end\"><\/span><\/h2>\n\n\n\n<p>Le Parc du Serengeti est accessible en voiture ou en avion.<\/p>\n\n\n\n<h3 class=\"wp-block-heading\">Par avion<\/h3>\n\n\n\n<p>Sept pistes d&rsquo;atterrissage sont r\u00e9parties dans le parc et permettent d\u2019y acc\u00e9der depuis les a\u00e9roports locaux et internationaux. C\u2019est l\u2019option la plus rapide, mais aussi la plus on\u00e9reuse.<\/p>\n\n\n\n<h3 class=\"wp-block-heading\">Par la route<\/h3>\n\n\n\n<p>La visite du Parc National du Serengeti est souvent r\u00e9alis\u00e9e au cours d\u2019un circuit dans les parcs du nord du pays. Nombreux sont les voyageurs qui arrivent donc en voiture. Depuis Arusha, il faudra compter environ 4 heures de route (sur une route goudronn\u00e9e) jusqu\u2019\u00e0 <a href=\"https:\/\/mistersafari.com\/fr\/safari-tanzanie\/parcs-reserves\/cratere-ngorongoro\/\" class=\"rank-math-link\">Ngorongoro <\/a>puis 2 \u00e0 3 heures de route (sur piste) de Ngorongoro jusqu\u2019\u00e0 l\u2019entr\u00e9e du parc de Serengeti.<\/p>\n\n\n\n<p>Le parc du Serengeti compte 8 portes d\u2019entr\u00e9e :&nbsp;<\/p>\n\n\n\n<ul class=\"wp-block-list\"><li>Porte Naabi Hill (272 km depuis Arusha)<\/li><li>Porte Ikoma<\/li><li>Porte Ndabaka<\/li><li>Porte Kleins (420 km depuis Arusha)<\/li><li>Porte Tabora B<\/li><li>Porte Lamai<\/li><li>Porte Handajega<\/li><li>Porte Ndutu<\/li><\/ul>\n\n\n<div class=\"wp-block-image\">\n<figure class=\"aligncenter size-full is-resized\"><picture><source srcset=\"https:\/\/mistersafari.com\/fr\/wp-content\/uploads\/sites\/2\/carte-serengeti-routes.webp 672w,https:\/\/mistersafari.com\/fr\/wp-content\/uploads\/sites\/2\/carte-serengeti-routes-210x300.webp 210w\" sizes=\"auto, (max-width: 336px) 100vw, 336px\" type=\"image\/webp\"><img src=\"https:\/\/mistersafari.com\/fr\/wp-content\/uploads\/sites\/2\/carte-serengeti-routes.png\" height=\"481\" width=\"336\" srcset=\"https:\/\/mistersafari.com\/fr\/wp-content\/uploads\/sites\/2\/carte-serengeti-routes.png 672w, https:\/\/mistersafari.com\/fr\/wp-content\/uploads\/sites\/2\/carte-serengeti-routes-210x300.png 210w\" sizes=\"auto, (max-width: 336px) 100vw, 336px\" class=\"wp-image-820 sp-no-webp\" alt=\"Carte du parc Serengeti\" loading=\"lazy\" decoding=\"async\"  > <\/picture><\/figure><\/div>\n\n\n<p>La visite du Parc du Serengeti est souvent combin\u00e9e avec des safaris dans la R\u00e9serve Nationale de <a href=\"https:\/\/mistersafari.com\/fr\/safari-kenya\/parcs-reserves\/masai-mara\/\" class=\"rank-math-link\">Masa\u00ef Mara<\/a> et dans les Parcs Nationaux du <a href=\"https:\/\/mistersafari.com\/fr\/safari-tanzanie\/parcs-reserves\/lac-manyara\/\" class=\"rank-math-link\">Lac Manyara<\/a>, de <a href=\"https:\/\/mistersafari.com\/fr\/safari-tanzanie\/parcs-reserves\/parc-national-tarangire\/\" class=\"rank-math-link\">Tarangire <\/a>et de <a href=\"https:\/\/mistersafari.com\/fr\/safari-tanzanie\/parcs-reserves\/cratere-ngorongoro\/\">Ngorongoro<\/a>.<\/p>\n\n\n\n<h2 class=\"wp-block-heading\"><span class=\"ez-toc-section\" id=\"tarifs-et-reglementation\"><\/span>Tarifs et r\u00e9glementation<span class=\"ez-toc-section-end\"><\/span><\/h2>\n\n\n\n<h3 class=\"wp-block-heading\">Serengeti : prix d\u2019entr\u00e9e<\/h3>\n\n\n\n<p>Le tarif d&rsquo;entr\u00e9e dans le Parc du Serengeti est le suivant :<\/p>\n\n\n\n<ul class=\"wp-block-list\"><li>$60 par adulte<\/li><li>$20 par enfant de 5 \u00e0 15 ans<\/li><li>Gratuit pour les moins de 5 ans<\/li><\/ul>\n\n\n\n<p>Les v\u00e9hicules (en fonction du poids) et les guides sont aussi payants et \u00e0 la charge des voyageurs. Une TVA \u00e0 18% s\u2019applique en plus sur ces tarifs.<\/p>\n\n\n\n<h3 class=\"wp-block-heading\">R\u00e9glementation du parc<\/h3>\n\n\n\n<p>Lors de votre visite du Parc National du Serengeti, pensez \u00e0 respecter la r\u00e9glementation en vigueur. Elle consiste \u00e0 respecter la faune et la flore. Les d\u00e9tails vous seront fournis lors de votre passage de la porte d\u2019entr\u00e9e du parc.<\/p>\n\n\n\n<h2 class=\"wp-block-heading\"><span class=\"ez-toc-section\" id=\"ou-dormir-au-parc-de-serengeti\"><\/span>O\u00f9 dormir au Parc de Serengeti<span class=\"ez-toc-section-end\"><\/span><\/h2>\n\n\n\n<p>\u00c9tant l\u2019une des plus grandes attractions de la Tanzanie, le Parc de Serengeti offre une large s\u00e9lection d\u2019h\u00e9bergements, pour tous les budgets et tous les go\u00fbts.<\/p>\n\n\n\n<h3 class=\"wp-block-heading\">Le camping<\/h3>\n\n\n\n<p>Neuf aires de camping public sont mises \u00e0 disposition des voyageurs. Vous pourrez utiliser les sanitaires et les cuisines sur place. Si vous r\u00e9servez votre camping par l\u2019interm\u00e9diaire d\u2019un tour-op\u00e9rateur ou d\u2019une agence de voyages, vous serez s\u00fbrement h\u00e9berg\u00e9 dans un camping dit \u201csp\u00e9cial\u201d. Les 140 campings sp\u00e9ciaux du Parc du Serengeti sont g\u00e9r\u00e9s par les organisateurs du voyage.<\/p>\n\n\n\n<h3 class=\"wp-block-heading\">Les tentes safaris<\/h3>\n\n\n\n<p>Le Parc de Serengeti compte plusieurs h\u00e9bergements en tente safari, appel\u00e9s aussi \u201ctented lodge\u201d. Le niveau de confort varie d\u2019un logement \u00e0 l\u2019autre. Le <a aria-label=\" (opens in a new tab)\" href=\"https:\/\/www.booking.com\/hotel\/tz\/serengeti-mawe-camp.fr.html\" target=\"_blank\" rel=\"noreferrer noopener\" class=\"rank-math-link\">Seregenti Mawe Lodge<\/a> est particuli\u00e8rement appr\u00e9ci\u00e9 des voyageurs.<\/p>\n\n\n\n<h3 class=\"wp-block-heading\">Les lodges<\/h3>\n\n\n\n<p>Pour un logement en dur et des infrastructures souvent plus luxueuses, vous pourrez aussi choisir parmi les six lodges du Parc National du Serengeti. Le <a href=\"https:\/\/www.booking.com\/hotel\/tz\/serengeti-serena-safari-lodge.fr.html\" target=\"_blank\" aria-label=\" (opens in a new tab)\" rel=\"noreferrer noopener\" class=\"rank-math-link\">Serengeti Serena Safari Lodge<\/a> est le lieu id\u00e9al pour s\u00e9journer pr\u00e8s de la rivi\u00e8re de Grumeti et \u00eatre ainsi aux premi\u00e8res loges pour observer la fabuleuse travers\u00e9e de la rivi\u00e8re par les gnous et les z\u00e8bres !<\/p>\n\n\n\n<h3 class=\"wp-block-heading\">Les autres h\u00e9bergements<\/h3>\n\n\n\n<p>Le Parc du Serengeti dispose aussi d\u2019autres types de logement comme une auberge de jeunesse, des h\u00f4tels, des bandas, &#8230;<\/p>\n\n\n\n<h2 class=\"wp-block-heading\"><span class=\"ez-toc-section\" id=\"le-parc-de-serengeti-autres-informations-pratiques\"><\/span>Le Parc de Serengeti : autres informations pratiques<span class=\"ez-toc-section-end\"><\/span><\/h2>\n\n\n\n<h3 class=\"wp-block-heading\">G\u00e9ographie<\/h3>\n\n\n\n<p>Situ\u00e9 au nord de la Tanzanie, \u00e0 la fronti\u00e8re avec le <a href=\"https:\/\/mistersafari.com\/fr\/safari-kenya\/\" class=\"rank-math-link\">Kenya<\/a>, le Parc National du Serengeti s\u2019\u00e9tend sur 14 763 km2. Son altitude se situe entre 1100 et 2000 m\u00e8tres.<\/p>\n\n\n\n<p>Aujourd\u2019hui inscrit au Patrimoine Mondial de l\u2019Humanit\u00e9, il fut d\u2019abord d\u00e9sign\u00e9 en tant que R\u00e9serve en 1929 avant de devenir officiellement Parc National en 1951. Les fronti\u00e8res du parc ont \u00e9t\u00e9 red\u00e9finies en 1959 et ont ainsi s\u00e9par\u00e9 le <a href=\"https:\/\/mistersafari.com\/fr\/safari-tanzanie\/parcs-reserves\/cratere-ngorongoro\/\" class=\"rank-math-link\">Crat\u00e8re Ngorongoro<\/a> du Serengeti.<\/p>\n\n\n\n<p>Les paysages du Serengeti varient beaucoup d\u2019une r\u00e9gion \u00e0 l\u2019autre du parc, ce qui n\u2019est pas surprenant vu sa taille :<\/p>\n\n\n\n<ul class=\"wp-block-list\"><li>Le Centre (Seronera) et le Sud avec des plaines herbeuses \u00e0 perte de vue, quelques acacias et une faune abondante<\/li><li>L\u2019Ouest, le Corridor de la rivi\u00e8re Grumeti, avec bois et rivi\u00e8res<\/li><li>Le Nord, appel\u00e9 Lobo, qui accueille les animaux migrateurs d\u2019octobre \u00e0 d\u00e9cembre<\/li><li>L\u2019Est avec les Kjopes<\/li><\/ul>\n\n\n\n<p class=\"callout-blue\">Le Parc National du Serengeti est \u00e0 distinguer de l&rsquo;\u00c9cosyst\u00e8me du Serengeti.<\/p>\n\n\n\n<p><em>Il s\u2019agit dans ce second cas d\u2019un territoire bien plus vaste, d\u2019environ 30 000 km2, qui regroupe les parcs, aires et r\u00e9serves avoisinants. Ensemble, ils constituent une zone disposant d\u2019une biodiversit\u00e9 parmi les plus riches au monde.<\/em><\/p>\n\n\n\n<h3 class=\"wp-block-heading\">M\u00e9t\u00e9o<\/h3>\n\n\n\n<p>Le Parc National du Serengeti dispose d\u2019un climat subtropical. Il conna\u00eet une saison s\u00e8che de juin \u00e0 octobre et deux saisons humides avec des petites pluies en novembre et les \u201cgrandes pluies\u201d en avril et mai.<\/p>\n\n\n\n<p>Les temp\u00e9ratures sont assez stables tout au long de l\u2019ann\u00e9e (autour de 15 degr\u00e9s minimum et 30 degr\u00e9s maximum), avec des nuits plus fra\u00eeches surtout en altitude.<\/p>\n\n\n\n<h3 class=\"wp-block-heading\">Quand visiter<\/h3>\n\n\n\n<p>Le Parc National du Serengeti se visite tout au long de l\u2019ann\u00e9e avec une pr\u00e9f\u00e9rence pour la saison s\u00e8che de juin \u00e0 octobre. Deux p\u00e9riodes se d\u00e9marquent :&nbsp;<\/p>\n\n\n\n<ul class=\"wp-block-list\"><li>la migration est la plus remarquable dans le Corridor Ouest en juin et juillet (la p\u00e9riode peut sensiblement varier chaque ann\u00e9e)<\/li><li>la saison des naissances est \u00e0 observer de janvier \u00e0 mars au Sud du parc<\/li><\/ul>\n","protected":false},"excerpt":{"rendered":"<p>Le Serengeti, qui signifie \u201cplaines sans fin\u201d en Masa\u00ef, est sans nul doute le plus c\u00e9l\u00e8bre parc de Tanzanie. Abritant l\u2019un des \u00e9cosyst\u00e8mes les plus riches au monde, la visite du parc de Serengeti (Serengeti National Park) est un incontournable lors d\u2019un voyage en Tanzanie. D\u00e9couvrez notre guide complet sur le magnifique Parc National de &#8230; <a title=\"Parc National de Serengeti\" class=\"read-more\" href=\"https:\/\/mistersafari.com\/fr\/safari-tanzanie\/parcs-reserves\/parc-national-serengeti\/\" aria-label=\"En savoir plus sur Parc National de Serengeti\">Lire la suite<\/a><\/p>\n","protected":false},"author":3,"featured_media":653,"parent":934,"menu_order":10,"comment_status":"closed","ping_status":"open","template":"","meta":{"_acf_changed":false,"footnotes":""},"content_type":[],"country":[],"class_list":{"0":"post-816","1":"page","2":"type-page","3":"status-publish","4":"has-post-thumbnail","6":"no-featured-image-padding"},"acf":{"hreflang":[{"alternative_url":"https:\/\/mistersafari.com\/serengeti-national-park\/","language":"en"}]},"_links":{"self":[{"href":"https:\/\/mistersafari.com\/fr\/wp-json\/wp\/v2\/pages\/816","targetHints":{"allow":["GET"]}}],"collection":[{"href":"https:\/\/mistersafari.com\/fr\/wp-json\/wp\/v2\/pages"}],"about":[{"href":"https:\/\/mistersafari.com\/fr\/wp-json\/wp\/v2\/types\/page"}],"author":[{"embeddable":true,"href":"https:\/\/mistersafari.com\/fr\/wp-json\/wp\/v2\/users\/3"}],"replies":[{"embeddable":true,"href":"https:\/\/mistersafari.com\/fr\/wp-json\/wp\/v2\/comments?post=816"}],"version-history":[{"count":19,"href":"https:\/\/mistersafari.com\/fr\/wp-json\/wp\/v2\/pages\/816\/revisions"}],"predecessor-version":[{"id":6927,"href":"https:\/\/mistersafari.com\/fr\/wp-json\/wp\/v2\/pages\/816\/revisions\/6927"}],"up":[{"embeddable":true,"href":"https:\/\/mistersafari.com\/fr\/wp-json\/wp\/v2\/pages\/934"}],"wp:featuredmedia":[{"embeddable":true,"href":"https:\/\/mistersafari.com\/fr\/wp-json\/wp\/v2\/media\/653"}],"wp:attachment":[{"href":"https:\/\/mistersafari.com\/fr\/wp-json\/wp\/v2\/media?parent=816"}],"wp:term":[{"taxonomy":"content_type","embeddable":true,"href":"https:\/\/mistersafari.com\/fr\/wp-json\/wp\/v2\/content_type?post=816"},{"taxonomy":"country","embeddable":true,"href":"https:\/\/mistersafari.com\/fr\/wp-json\/wp\/v2\/country?post=816"}],"curies":[{"name":"wp","href":"https:\/\/api.w.org\/{rel}","templated":true}]}}