{"id":813,"date":"2020-06-11T13:04:08","date_gmt":"2020-06-11T13:04:08","guid":{"rendered":"https:\/\/mistersafari.com\/fr\/?p=813"},"modified":"2021-12-24T11:44:27","modified_gmt":"2021-12-24T11:44:27","slug":"parc-national-kilimandjaro","status":"publish","type":"page","link":"https:\/\/mistersafari.com\/fr\/safari-tanzanie\/parcs-reserves\/parc-national-kilimandjaro\/","title":{"rendered":"Parc du National Mont Kilimandjaro"},"content":{"rendered":"\n<p>C\u2019est autour du plus haut sommet d\u2019Afrique que se situe le Parc National du Kilimandjaro. D\u00e9crit comme un symbole de la beaut\u00e9 de l\u2019Est Africain, le Parc National du Mont Kilimandjaro attire les adeptes de la marche qui se lance dans l\u2019ascension de son pic situ\u00e9 \u00e0 5 895 m\u00e8tres d\u2019altitude. Et c\u2019est en chemin que les voyageurs d\u00e9couvrent les magnifiques faune et flore d\u2019Afrique.&nbsp;<\/p>\n\n\n\n<p>Voici tout ce que vous devez savoir pour pr\u00e9parer votre voyage au Parc du Kilimandjaro.&nbsp;<\/p>\n\n\n<div id=\"ez-toc-container\" class=\"ez-toc-v2_0_76 counter-flat ez-toc-counter ez-toc-custom ez-toc-container-direction\">\n<div class=\"ez-toc-title-container\"><p class=\"ez-toc-title\" style=\"cursor:inherit\">Sommaire<\/p>\n<\/div><nav><ul class='ez-toc-list ez-toc-list-level-1 ' ><li class='ez-toc-page-1'><a class=\"ez-toc-link ez-toc-heading-1\" href=\"https:\/\/mistersafari.com\/fr\/safari-tanzanie\/parcs-reserves\/parc-national-kilimandjaro\/#pourquoi-se-rendre-au-parc-du-kilimandjaro\" >Pourquoi se rendre au Parc du Kilimandjaro ?<\/a><\/li><li class='ez-toc-page-1'><a class=\"ez-toc-link ez-toc-heading-2\" href=\"https:\/\/mistersafari.com\/fr\/safari-tanzanie\/parcs-reserves\/parc-national-kilimandjaro\/#comment-se-rendre-au-parc-du-kilimandjaro\" >Comment se rendre au Parc du Kilimandjaro ?<\/a><\/li><li class='ez-toc-page-1'><a class=\"ez-toc-link ez-toc-heading-3\" href=\"https:\/\/mistersafari.com\/fr\/safari-tanzanie\/parcs-reserves\/parc-national-kilimandjaro\/#tarifs-et-reglementation\" >Tarifs et r\u00e9glementation<\/a><\/li><li class='ez-toc-page-1'><a class=\"ez-toc-link ez-toc-heading-4\" href=\"https:\/\/mistersafari.com\/fr\/safari-tanzanie\/parcs-reserves\/parc-national-kilimandjaro\/#ou-dormir-au-parc-du-kilimandjaro\" >O\u00f9 dormir au Parc du Kilimandjaro<\/a><\/li><li class='ez-toc-page-1'><a class=\"ez-toc-link ez-toc-heading-5\" href=\"https:\/\/mistersafari.com\/fr\/safari-tanzanie\/parcs-reserves\/parc-national-kilimandjaro\/#autres-informations-pratiques\" >Autres informations pratiques<\/a><\/li><\/ul><\/nav><\/div>\n\n\n\n\n<h2 class=\"wp-block-heading\"><span class=\"ez-toc-section\" id=\"pourquoi-se-rendre-au-parc-du-kilimandjaro\"><\/span>Pourquoi se rendre au Parc du Kilimandjaro ?<span class=\"ez-toc-section-end\"><\/span><\/h2>\n\n\n\n<h3 class=\"wp-block-heading\">Un safari dans le parc<\/h3>\n\n\n\n<p>Un safari dans le Parc National du Kilimandjaro n\u2019est pas toujours la raison principale qui pousse les touristes \u00e0 se rendre dans ce parc. Mais ils ne sont jamais d\u00e9\u00e7us puisque l\u2019observation de nombreux animaux d\u2019Afrique fera incontestablement parti du programme de votre visite.&nbsp;<\/p>\n\n\n\n<p>Les changements d\u2019altitude cr\u00e9ent une vari\u00e9t\u00e9 de la v\u00e9g\u00e9tation comme nulle part ailleurs, ce qui conf\u00e8re des habitats id\u00e9aux pour de nombreuses esp\u00e8ces d\u2019animaux.&nbsp;<\/p>\n\n\n\n<p>Le Parc du Mont Kilimandjaro compte :<\/p>\n\n\n\n<ul class=\"wp-block-list\"><li>140 esp\u00e8ces de mammif\u00e8res<\/li><li>7 esp\u00e8ces de primates<\/li><li>25 esp\u00e8ces de carnivores<\/li><li>25 esp\u00e8ces d\u2019antilopes<\/li><li>179 esp\u00e8ces d\u2019oiseaux<\/li><li>24 esp\u00e8ces de chauve-souris<\/li><\/ul>\n\n\n\n<p class=\"callout-green\">Que vous choisissiez l\u2019ascension du Pic Kibo ou tout autre circuit de randonn\u00e9e, vous exp\u00e9rimenterez un safari \u00e0 pieds riche et inoubliable. <\/p>\n\n\n\n<p>Les \u00e9l\u00e9phants, buffles et l\u00e9opards sont largement pr\u00e9sents mais vous pourrez aussi rencontrer des c\u00e9phalophes d\u2019Abbot, une esp\u00e8ce en voie de disparition.<\/p>\n\n\n\n<h3 class=\"wp-block-heading\">Les autres activit\u00e9s \u00e0 faire<\/h3>\n\n\n\n<p>Combin\u00e9e ou non \u00e0 un safari dans le Parc du Kilimandjaro, c\u2019est bien \u00e9videmment l\u2019ascension de son plus haut sommet, le Pic Kibo, qui reste l\u2019attraction du parc. 6 routes permettent d\u2019acc\u00e9der au sommet. De nombreux autres chemins de randonn\u00e9es sont r\u00e9partis dans le parc, plus ou moins difficiles selon le d\u00e9nivel\u00e9 choisi.&nbsp;<\/p>\n\n\n\n<p>Le Parc du Mont Kilimandjaro propose aussi beaucoup d\u2019autres activit\u00e9s \u00e0 ses visiteurs : VTT, parapente, escalade, camping dans un crat\u00e8re volcanique, visite de chutes d\u2019eau, de sites culturels, \u2026&nbsp;<\/p>\n\n\n\n<h2 class=\"wp-block-heading\"><span class=\"ez-toc-section\" id=\"comment-se-rendre-au-parc-du-kilimandjaro\"><\/span>Comment se rendre au Parc du Kilimandjaro ?<span class=\"ez-toc-section-end\"><\/span><\/h2>\n\n\n\n<p>Uniquement accessible par la route, le Parc du Kilimandjaro se situe pr\u00e8s de la ville de Moshi, \u00e0 environ 120 km d\u2019<a href=\"https:\/\/mistersafari.com\/fr\/safari-tanzanie\/parcs-reserves\/arusha\/\" class=\"rank-math-link\">Arusha<\/a>.&nbsp;<\/p>\n\n\n\n<p>Comptez environ 2 heures de route depuis Arusha jusqu\u2019\u00e0 Moshi, puis ensuite 1 heure depuis Moshi jusqu\u2019\u00e0 la porte Marangu pour acc\u00e9der au parc. Depuis l\u2019a\u00e9roport du Kilimandjaro (situ\u00e9 pr\u00e8s d\u2019Arusha), le trajet dure 1h30 (86 km).&nbsp;<\/p>\n\n\n\n<p>Des navettes en bus sont propos\u00e9es. Vous pouvez aussi choisir de louer un v\u00e9hicule.&nbsp;<\/p>\n\n\n\n<h2 class=\"wp-block-heading\"><span class=\"ez-toc-section\" id=\"tarifs-et-reglementation\"><\/span>Tarifs et r\u00e9glementation<span class=\"ez-toc-section-end\"><\/span><\/h2>\n\n\n\n<h3 class=\"wp-block-heading\">Kilimandjaro : prix d\u2019entr\u00e9e<\/h3>\n\n\n\n<p>Les tarifs du Parc National du Mont Kilimandjaro sont les suivants pour une dur\u00e9e de 24h :<\/p>\n\n\n\n<ul class=\"wp-block-list\"><li>$70 par adulte<\/li><li>$20 par enfant de 5 \u00e0 15 ans<\/li><li>Gratuit pour les moins de 5 ans<\/li><\/ul>\n\n\n\n<p>Une TVA de 18% est appliqu\u00e9e.&nbsp;<\/p>\n\n\n\n<h3 class=\"wp-block-heading\">R\u00e9glementation du parc<\/h3>\n\n\n\n<p>Lors de votre visite du Parc du Mont Kilimandjaro, vous devrez respecter la r\u00e9glementation des <a href=\"https:\/\/mistersafari.com\/fr\/safari-tanzanie\/parcs-reserves\/\" class=\"rank-math-link\">parcs de la Tanzanie<\/a> g\u00e9r\u00e9s par le TANAPA (Tanzania National Parks Authority). Respect de la faune et de la flore est donc de mise. Tout vous sera expliqu\u00e9 lors de votre entr\u00e9e au Parc.&nbsp;&nbsp;<\/p>\n\n\n\n<h2 class=\"wp-block-heading\"><span class=\"ez-toc-section\" id=\"ou-dormir-au-parc-du-kilimandjaro\"><\/span>O\u00f9 dormir au Parc du Kilimandjaro<span class=\"ez-toc-section-end\"><\/span><\/h2>\n\n\n\n<p>Les logements du Parc du Mont Kilimandjaro consistent surtout en huttes de montage ou aires de camping dans l\u2019enceinte du parc, tout au long des circuits de randonn\u00e9es notamment. Quelques auberges sont aussi accessibles.&nbsp;<\/p>\n\n\n\n<p>Pour des logements plus confortables\/luxueux, il faudra se loger dans les villages de Marangu et Machame, voire m\u00eame \u00e0 Moshi, o\u00f9 vous trouverez de nombreux lodges et h\u00f4tels.&nbsp;<\/p>\n\n\n\n<h2 class=\"wp-block-heading\"><span class=\"ez-toc-section\" id=\"autres-informations-pratiques\"><\/span>Autres informations pratiques<span class=\"ez-toc-section-end\"><\/span><\/h2>\n\n\n\n<h3 class=\"wp-block-heading\">G\u00e9ographie<\/h3>\n\n\n\n<p>Le Parc du Kilimandjaro se trouve au Nord-Est de la Tanzanie, \u00e0 la fronti\u00e8re avec le Kenya et son <a href=\"https:\/\/mistersafari.com\/fr\/safari-kenya\/parcs-reserves\/parc-amboseli\/\" class=\"rank-math-link\">Parc National d&rsquo;Amboseli<\/a>. Le Mont Kilimandjaro compte trois sommets volcaniques :<\/p>\n\n\n\n<ul class=\"wp-block-list\"><li>Shira \u00e0 3962 m\u00e8tres,&nbsp;<\/li><li>Mawenzi \u00e0 5149 m\u00e8tres,<\/li><li>Kibo \u00e0 5895 m\u00e8tres, ce qui fait de lui le plus haut sommet d\u2019Afrique.<\/li><\/ul>\n\n\n\n<p>Ce dernier est recouvert de neiges \u00e9ternelles et de glaciers, offrant des images tr\u00e8s photog\u00e9niques et connues mondialement. On observe 5 zones de v\u00e9g\u00e9tation sur les pans du mont : des basses plaines, des for\u00eats de montagne, des landes d&rsquo;altitude, un d\u00e9sert alpin et enfin de la neige sur son sommet, offrant un habitat riche et vari\u00e9 pour la faune.&nbsp;<\/p>\n\n\n\n<p>Le Parc du Mont Kilimandjaro a \u00e9t\u00e9 d\u00e9clar\u00e9 Parc National en 1973, ouvert au tourisme en 1977 et inscrit au Patrimoine Mondial de l\u2019UNESCO en 1987.<\/p>\n\n\n\n<h3 class=\"wp-block-heading\">M\u00e9t\u00e9o<\/h3>\n\n\n\n<p>Le climat du Mont Kilimandjaro est nettement influenc\u00e9 par les vents. On distingue une premi\u00e8re saison des pluies de Mars \u00e0 Mai, nomm\u00e9es les \u201cgrandes pluies\u201d. Les pluies au bas des montagnes se transforment en chutes de neige \u00e0 mesure que l\u2019on monte en altitude, alimentant ainsi les neiges \u00e9ternelles du Mont Kilimandjaro.&nbsp;<\/p>\n\n\n\n<p>Puis vient une saison s\u00e8che de Juin \u00e0 Octobre, avec des temp\u00e9ratures tr\u00e8s fra\u00eeches la nuit. D\u2019Octobre \u00e0 D\u00e9cembre, il pleut en journ\u00e9e (les \u201cpetites pluies\u201d) alors que les nuits et les matin\u00e9es restent relativement d\u00e9gag\u00e9es. Enfin, en Janvier et F\u00e9vrier, c&rsquo;est la saison s\u00e8che avec des temp\u00e9ratures chaudes et cl\u00e9mentes, mais aussi quelques rares averses.&nbsp;<\/p>\n\n\n\n<h3 class=\"wp-block-heading\">Quand le visiter ?<\/h3>\n\n\n\n<p>Que ce soit pour un safari ou des randonn\u00e9es, la meilleure p\u00e9riode pour visiter le Parc du Mont Kilimandjaro est en Janvier et F\u00e9vrier. La visibilit\u00e9 est la meilleure et le climat le plus agr\u00e9able. De mi-Juin \u00e0 Octobre, les conditions sont aussi tr\u00e8s bonnes, avec des nuits un peu plus fra\u00eeches.&nbsp;<\/p>\n","protected":false},"excerpt":{"rendered":"<p>C\u2019est autour du plus haut sommet d\u2019Afrique que se situe le Parc National du Kilimandjaro. D\u00e9crit comme un symbole de la beaut\u00e9 de l\u2019Est Africain, le Parc National du Mont Kilimandjaro attire les adeptes de la marche qui se lance dans l\u2019ascension de son pic situ\u00e9 \u00e0 5 895 m\u00e8tres d\u2019altitude. Et c\u2019est en chemin &#8230; <a title=\"Parc du National Mont Kilimandjaro\" class=\"read-more\" href=\"https:\/\/mistersafari.com\/fr\/safari-tanzanie\/parcs-reserves\/parc-national-kilimandjaro\/\" aria-label=\"En savoir plus sur Parc du National Mont Kilimandjaro\">Lire la suite<\/a><\/p>\n","protected":false},"author":3,"featured_media":618,"parent":934,"menu_order":9,"comment_status":"closed","ping_status":"open","template":"","meta":{"_acf_changed":false,"footnotes":""},"content_type":[],"country":[],"class_list":{"0":"post-813","1":"page","2":"type-page","3":"status-publish","4":"has-post-thumbnail","6":"no-featured-image-padding"},"acf":{"hreflang":[{"alternative_url":"https:\/\/mistersafari.com\/kilimanjaro-national-park\/","language":"en"}]},"_links":{"self":[{"href":"https:\/\/mistersafari.com\/fr\/wp-json\/wp\/v2\/pages\/813","targetHints":{"allow":["GET"]}}],"collection":[{"href":"https:\/\/mistersafari.com\/fr\/wp-json\/wp\/v2\/pages"}],"about":[{"href":"https:\/\/mistersafari.com\/fr\/wp-json\/wp\/v2\/types\/page"}],"author":[{"embeddable":true,"href":"https:\/\/mistersafari.com\/fr\/wp-json\/wp\/v2\/users\/3"}],"replies":[{"embeddable":true,"href":"https:\/\/mistersafari.com\/fr\/wp-json\/wp\/v2\/comments?post=813"}],"version-history":[{"count":9,"href":"https:\/\/mistersafari.com\/fr\/wp-json\/wp\/v2\/pages\/813\/revisions"}],"predecessor-version":[{"id":6246,"href":"https:\/\/mistersafari.com\/fr\/wp-json\/wp\/v2\/pages\/813\/revisions\/6246"}],"up":[{"embeddable":true,"href":"https:\/\/mistersafari.com\/fr\/wp-json\/wp\/v2\/pages\/934"}],"wp:featuredmedia":[{"embeddable":true,"href":"https:\/\/mistersafari.com\/fr\/wp-json\/wp\/v2\/media\/618"}],"wp:attachment":[{"href":"https:\/\/mistersafari.com\/fr\/wp-json\/wp\/v2\/media?parent=813"}],"wp:term":[{"taxonomy":"content_type","embeddable":true,"href":"https:\/\/mistersafari.com\/fr\/wp-json\/wp\/v2\/content_type?post=813"},{"taxonomy":"country","embeddable":true,"href":"https:\/\/mistersafari.com\/fr\/wp-json\/wp\/v2\/country?post=813"}],"curies":[{"name":"wp","href":"https:\/\/api.w.org\/{rel}","templated":true}]}}