{"id":806,"date":"2020-06-03T15:59:41","date_gmt":"2020-06-03T15:59:41","guid":{"rendered":"https:\/\/mistersafari.com\/fr\/?p=806"},"modified":"2021-12-21T16:10:36","modified_gmt":"2021-12-21T16:10:36","slug":"parc-national-gombe","status":"publish","type":"page","link":"https:\/\/mistersafari.com\/fr\/safari-tanzanie\/parcs-reserves\/parc-national-gombe\/","title":{"rendered":"Parc National de Gombe"},"content":{"rendered":"\n<p>Le Parc du fleuve de Gombe, aussi nomm\u00e9 Parc National de Gombe Stream ou tout simplement Parc National de Gombe, est largement r\u00e9put\u00e9 pour la pr\u00e9sence de nombreux primates. C\u2019est notamment gr\u00e2ce \u00e0 Jane Goodall, primatologue et anthropologue britannique, qui y mena de nombreuses \u00e9tudes et recherches sur le comportement des chimpanz\u00e9s. Situ\u00e9 \u00e0 l\u2019ouest de la Tanzanie au bord du Lac Tanganyika, c\u2019est l\u2019un des plus petits parcs de Tanzanie, accessible uniquement en bateau.<\/p>\n\n\n<div id=\"ez-toc-container\" class=\"ez-toc-v2_0_76 counter-flat ez-toc-counter ez-toc-custom ez-toc-container-direction\">\n<div class=\"ez-toc-title-container\"><p class=\"ez-toc-title\" style=\"cursor:inherit\">Sommaire<\/p>\n<\/div><nav><ul class='ez-toc-list ez-toc-list-level-1 ' ><li class='ez-toc-page-1'><a class=\"ez-toc-link ez-toc-heading-1\" href=\"https:\/\/mistersafari.com\/fr\/safari-tanzanie\/parcs-reserves\/parc-national-gombe\/#pourquoi-se-rendre-au-parc-de-gombe\">Pourquoi se rendre au Parc de Gombe<\/a><\/li><li class='ez-toc-page-1'><a class=\"ez-toc-link ez-toc-heading-2\" href=\"https:\/\/mistersafari.com\/fr\/safari-tanzanie\/parcs-reserves\/parc-national-gombe\/#comment-se-rendre-au-parc-de-gombe\">Comment se rendre au Parc de Gombe<\/a><\/li><li class='ez-toc-page-1'><a class=\"ez-toc-link ez-toc-heading-3\" href=\"https:\/\/mistersafari.com\/fr\/safari-tanzanie\/parcs-reserves\/parc-national-gombe\/#tarifs-et-reglementation\">Tarifs et r\u00e9glementation<\/a><\/li><li class='ez-toc-page-1'><a class=\"ez-toc-link ez-toc-heading-4\" href=\"https:\/\/mistersafari.com\/fr\/safari-tanzanie\/parcs-reserves\/parc-national-gombe\/#ou-dormir-au-parc-de-gombe\">O\u00f9 dormir au Parc de Gombe<\/a><\/li><li class='ez-toc-page-1'><a class=\"ez-toc-link ez-toc-heading-5\" href=\"https:\/\/mistersafari.com\/fr\/safari-tanzanie\/parcs-reserves\/parc-national-gombe\/#le-parc-de-gombe-autres-informations-pratiques\">Le Parc de Gombe : autres informations pratiques<\/a><\/li><li class='ez-toc-page-1'><a class=\"ez-toc-link ez-toc-heading-6\" href=\"https:\/\/mistersafari.com\/fr\/safari-tanzanie\/parcs-reserves\/parc-national-gombe\/#faq\">FAQ<\/a><\/li><\/ul><\/nav><\/div>\n\n\n\n\n<p>Amoureux de chimpanz\u00e9s et de paysages uniques, d\u00e9couvrez notre guide sur le Parc National de Gombe pour pr\u00e9parer votre visite.&nbsp;<\/p>\n\n\n\n<h2 class=\"wp-block-heading\"><span class=\"ez-toc-section\" id=\"pourquoi-se-rendre-au-parc-de-gombe\"><\/span>Pourquoi se rendre au Parc de Gombe<span class=\"ez-toc-section-end\"><\/span><\/h2>\n\n\n\n<h3 class=\"wp-block-heading\">Un safari dans le Parc de Gombe<\/h3>\n\n\n\n<p>Nombreux sont les voyageurs qui se rendent dans le Parc National de Gombe Stream pour rencontrer la population de chimpanz\u00e9s, rendue c\u00e9l\u00e8bre par Jane Goodall. Esp\u00e8ce menac\u00e9e et prot\u00e9g\u00e9e, vous pourrez les observer au cours de randonn\u00e9es \u00e0 pieds, o\u00f9 vous serez guid\u00e9 dans leur direction par leurs cris hors du commun. Habitu\u00e9 \u00e0 l\u2019Homme, il est possible de s\u2019en approcher, tout en respectant certaines pr\u00e9cautions qui vous seront indiqu\u00e9es par votre guide.<\/p>\n\n\n\n<p class=\"callout-green\"><strong>Ces rencontres avec les chimpanz\u00e9s sont souvent vues par les voyageurs comme l\u2019apoth\u00e9ose d\u2019un <a class=\"rank-math-link\" href=\"http:\/\/lien\">safari<\/a><a class=\"rank-math-link\" href=\"https:\/\/mistersafari.com\/fr\/safari-tanzanie\/\"> en Tanzanie<\/a>.<\/strong><\/p>\n\n\n\n<p>Les chimpanz\u00e9s partagent leurs habitats avec d\u2019autres primates comme les babouins, les colobes rouges ou les singes bleus. Les amateurs d\u2019ornithologie ne seront pas non plus d\u00e9\u00e7us puisque plus de 200 esp\u00e8ces d\u2019oiseaux sont pr\u00e9sentes dans le parc.<\/p>\n\n\n\n<div class=\"wp-block-image\"><figure class=\"aligncenter size-full\"><picture><source srcset=\"https:\/\/mistersafari.com\/fr\/wp-content\/uploads\/sites\/2\/baboins-gombe.webp 1200w,https:\/\/mistersafari.com\/fr\/wp-content\/uploads\/sites\/2\/baboins-gombe-300x225.webp 300w,https:\/\/mistersafari.com\/fr\/wp-content\/uploads\/sites\/2\/baboins-gombe-1024x768.webp 1024w,https:\/\/mistersafari.com\/fr\/wp-content\/uploads\/sites\/2\/baboins-gombe-768x576.webp 768w\" sizes=\"auto, (max-width: 1200px) 100vw, 1200px\" type=\"image\/webp\"><img src=\"https:\/\/mistersafari.com\/fr\/wp-content\/uploads\/sites\/2\/baboins-gombe.jpg\" height=\"900\" width=\"1200\" srcset=\"https:\/\/mistersafari.com\/fr\/wp-content\/uploads\/sites\/2\/baboins-gombe.jpg 1200w, https:\/\/mistersafari.com\/fr\/wp-content\/uploads\/sites\/2\/baboins-gombe-300x225.jpg 300w, https:\/\/mistersafari.com\/fr\/wp-content\/uploads\/sites\/2\/baboins-gombe-1024x768.jpg 1024w, https:\/\/mistersafari.com\/fr\/wp-content\/uploads\/sites\/2\/baboins-gombe-768x576.jpg 768w\" sizes=\"auto, (max-width: 1200px) 100vw, 1200px\" class=\"wp-image-5542 sp-no-webp\" alt=\"baboins au parc de gombe\" loading=\"lazy\" decoding=\"async\"  > <\/picture><figcaption>Une famille de babouins<\/figcaption><\/figure><\/div>\n\n\n\n<p>Les autres animaux que vous pourrez observer lors d\u2019une visite du Parc de Gombe sont des l\u00e9opards, des antilopes, des potamoch\u00e8res du cap, des guibs harnach\u00e9s&#8230;<\/p>\n\n\n\n<p>C\u2019est aussi pour ses paysages \u00e9poustouflants que le Parc de Gombe vaut le d\u00e9tour.&nbsp; Ses for\u00eats tropicales denses sont situ\u00e9es entre les rives du Lac Tanganyika et des montages arpent\u00e9es \u00e0 l\u2019Est. Lorsque l\u2019on monte en altitude, les points de vue sont magnifiques, et plut\u00f4t atypiques par rapport aux d\u00e9cors usuels de la r\u00e9gion.<\/p>\n\n\n\n<p>Nous vous conseillons de pr\u00e9voir une visite du Parc de Gombe Stream sur deux jours. M\u00eame si le parc est petit et les animaux relativement nombreux, on ne sait pas \u00e0 l\u2019avance o\u00f9 ils se trouvent et il faut parfois du temps pour les trouver.&nbsp;Le parc est accessible uniquement \u00e0 pieds et en bateau.<\/p>\n\n\n\n<h3 class=\"wp-block-heading\">Les autres activit\u00e9s \u00e0 faire<\/h3>\n\n\n\n<p>Au-del\u00e0 de l\u2019observation des animaux, les randonn\u00e9es p\u00e9destres au sein du parc seront aussi l\u2019occasion de d\u00e9couvrir de spectaculaires chutes d\u2019eau.<\/p>\n\n\n\n<div class=\"wp-block-image\"><figure class=\"aligncenter size-full\"><picture><source srcset=\"https:\/\/mistersafari.com\/fr\/wp-content\/uploads\/sites\/2\/randonnees-gombe.webp 1200w,https:\/\/mistersafari.com\/fr\/wp-content\/uploads\/sites\/2\/randonnees-gombe-300x200.webp 300w,https:\/\/mistersafari.com\/fr\/wp-content\/uploads\/sites\/2\/randonnees-gombe-1024x683.webp 1024w,https:\/\/mistersafari.com\/fr\/wp-content\/uploads\/sites\/2\/randonnees-gombe-768x512.webp 768w\" sizes=\"auto, (max-width: 1200px) 100vw, 1200px\" type=\"image\/webp\"><img src=\"https:\/\/mistersafari.com\/fr\/wp-content\/uploads\/sites\/2\/randonnees-gombe.jpg\" height=\"800\" width=\"1200\" srcset=\"https:\/\/mistersafari.com\/fr\/wp-content\/uploads\/sites\/2\/randonnees-gombe.jpg 1200w, https:\/\/mistersafari.com\/fr\/wp-content\/uploads\/sites\/2\/randonnees-gombe-300x200.jpg 300w, https:\/\/mistersafari.com\/fr\/wp-content\/uploads\/sites\/2\/randonnees-gombe-1024x683.jpg 1024w, https:\/\/mistersafari.com\/fr\/wp-content\/uploads\/sites\/2\/randonnees-gombe-768x512.jpg 768w\" sizes=\"auto, (max-width: 1200px) 100vw, 1200px\" class=\"wp-image-5543 sp-no-webp\" alt=\"randonn\u00e9es au parc de gombe\" loading=\"lazy\" decoding=\"async\"  > <\/picture><\/figure><\/div>\n\n\n\n<p>Vous pourrez aussi profiter des plages du lac Tanganyika pour vous y baigner ou faire de la plong\u00e9e et observer les centaines de poissons color\u00e9s. La visite du port de p\u00eache et du chantier naval de boutres est aussi int\u00e9ressante.<\/p>\n\n\n\n<h2 class=\"wp-block-heading\"><span class=\"ez-toc-section\" id=\"comment-se-rendre-au-parc-de-gombe\"><\/span>Comment se rendre au Parc de Gombe<span class=\"ez-toc-section-end\"><\/span><\/h2>\n\n\n\n<p>L\u2019acc\u00e8s au Parc de Gombe est assez fastidieux. Il faudra d\u2019abord vous rendre \u00e0 la ville de Kigoma, situ\u00e9e \u00e0 16km au Sud du parc.<\/p>\n\n\n\n<p>Pour aller \u00e0 Kigoma :<\/p>\n\n\n\n<ul class=\"wp-block-list\"><li>des vols r\u00e9guliers sont propos\u00e9s depuis Dar Es-Salaam et Arusha&nbsp;<\/li><li>des trains (lents) circulent depuis Dar Es-Salaam et Mwanza<\/li><li>des travers\u00e9es maritimes hebdomadaires depuis Mpulungu en Zambie sont aussi possibles&nbsp;<\/li><\/ul>\n\n\n\n<p>Depuis Kigoma, vous devrez alors prendre un ferry pour rejoindre le Parc du fleuve de Gombe. Comptez jusqu\u2019\u00e0 3 heures en bateau taxi local ou moins d\u2019une heure avec la location de bateau \u00e0 moteurs.<\/p>\n\n\n\n<h2 class=\"wp-block-heading\"><span class=\"ez-toc-section\" id=\"tarifs-et-reglementation\"><\/span>Tarifs et r\u00e9glementation<span class=\"ez-toc-section-end\"><\/span><\/h2>\n\n\n\n<h3 class=\"wp-block-heading\">Gombe : prix d\u2019entr\u00e9e<\/h3>\n\n\n\n<p>Les tarifs pour entrer le Parc National de Gombe sont les suivants :<\/p>\n\n\n\n<ul class=\"wp-block-list\"><li>$100 par adulte<\/li><li>$20 par enfant de 5 \u00e0 15 ans<\/li><li>Gratuit pour les moins de 5 ans<\/li><\/ul>\n\n\n\n<p>Ce sont les tarifs les plus \u00e9lev\u00e9s des<a href=\"https:\/\/mistersafari.com\/fr\/safari-tanzanie\/parcs-reserves\/\" class=\"rank-math-link\"> parcs de la Tanzanie<\/a>.&nbsp;Rappelons qu\u2019une TVA de 18% est applicable sur ces prix et l\u2019entr\u00e9e de votre guide est aussi \u00e0 votre charge.<\/p>\n\n\n\n<h3 class=\"wp-block-heading\">R\u00e9glementation du parc<\/h3>\n\n\n\n<p>Le Parc National de Gombe attend de ses visiteurs de suivre les r\u00e8gles communes \u00e0 tous les parcs animaliers de Tanzanie. Mais au vu des sp\u00e9cificit\u00e9s du parc (randonn\u00e9e \u00e0 pieds, proximit\u00e9 avec les chimpanz\u00e9s), d\u2019autres r\u00e8gles sont applicables :<\/p>\n\n\n\n<ul class=\"wp-block-list\"><li>vous devez porter un masque pour limiter la transmission des maladies<\/li><li>vous pouvez rester en contact avec les chimpanz\u00e9s pendant une dur\u00e9e d\u2019une heure maximum<\/li><li>vous devez vous tenir \u00e0 une distance de plusieurs m\u00e8tres des chimpanz\u00e9s (dans la mesure du possible, puisqu\u2019il est fort probable qu\u2019eux s\u2019approchent plus pr\u00e8s de vous !)<\/li><\/ul>\n\n\n\n<p>Toutes ces informations vous seront fournies par votre guide.<\/p>\n\n\n\n<h2 class=\"wp-block-heading\"><span class=\"ez-toc-section\" id=\"ou-dormir-au-parc-de-gombe\"><\/span>O\u00f9 dormir au Parc de Gombe<span class=\"ez-toc-section-end\"><\/span><\/h2>\n\n\n\n<p>Lors de votre visite du Parc National de Gombe Stream, vous aurez le choix entre plusieurs types de logement, dans le parc ou \u00e0 l\u2019ext\u00e9rieur, :<\/p>\n\n\n\n<ul class=\"wp-block-list\"><li>les campings&nbsp;<\/li><li>les chambres d\u2019h\u00f4tes<\/li><li>les h\u00f4tels comme le <a aria-label=\" (opens in a new tab)\" href=\"https:\/\/www.booking.com\/hotel\/tz\/imperial.fr.html\" target=\"_blank\" rel=\"noreferrer noopener\" class=\"rank-math-link\">Imperial Hotel<\/a> \u00e0 Kigoma<\/li><li>les lodges comme le <a aria-label=\" (opens in a new tab)\" href=\"https:\/\/www.booking.com\/hotel\/tz\/gombe-forest-lodge.fr.html\" target=\"_blank\" rel=\"noreferrer noopener\" class=\"rank-math-link\">Mbali Mbali Gombe Lodge<\/a> au c\u0153ur du parc<\/li><\/ul>\n\n\n\n<h2 class=\"wp-block-heading\"><span class=\"ez-toc-section\" id=\"le-parc-de-gombe-autres-informations-pratiques\"><\/span>Le Parc de Gombe : autres informations pratiques<span class=\"ez-toc-section-end\"><\/span><\/h2>\n\n\n\n<h3 class=\"wp-block-heading\">G\u00e9ographie<\/h3>\n\n\n\n<p>Avec une superficie de 56 km2, le Parc National du fleuve de Gombe est l\u2019un des plus petits parcs de la Tanzanie. Situ\u00e9 \u00e0 l\u2019ouest de la Tanzanie, il borde le vaste Lac Tanganyika \u00e0 la fronti\u00e8re avec le Congo.<\/p>\n\n\n\n<p class=\"callout-blue\"><strong>Le Parc de Gombe est inscrit \u00e0 l\u2019UNESCO et fait partie d\u2019une R\u00e9serve de biosph\u00e8re.<\/strong><\/p>\n\n\n\n<p>Il est log\u00e9 entre le lac \u00e0 l\u2019Ouest par et une cha\u00eene de montagnes \u00e0 l\u2019Est atteignant jusqu\u2019\u00e0 1500 m\u00e8tres d\u2019altitude. Sa v\u00e9g\u00e9tation luxuriante est principalement compos\u00e9e de for\u00eats, habitat id\u00e9al pour les primates et les oiseaux.<\/p>\n\n\n\n<div class=\"wp-block-image\"><figure class=\"aligncenter size-full\"><picture><source srcset=\"https:\/\/mistersafari.com\/fr\/wp-content\/uploads\/sites\/2\/chimpanzes-gombe.webp 1200w,https:\/\/mistersafari.com\/fr\/wp-content\/uploads\/sites\/2\/chimpanzes-gombe-300x238.webp 300w,https:\/\/mistersafari.com\/fr\/wp-content\/uploads\/sites\/2\/chimpanzes-gombe-1024x813.webp 1024w,https:\/\/mistersafari.com\/fr\/wp-content\/uploads\/sites\/2\/chimpanzes-gombe-768x610.webp 768w\" sizes=\"auto, (max-width: 1200px) 100vw, 1200px\" type=\"image\/webp\"><img src=\"https:\/\/mistersafari.com\/fr\/wp-content\/uploads\/sites\/2\/chimpanzes-gombe.jpg\" height=\"953\" width=\"1200\" srcset=\"https:\/\/mistersafari.com\/fr\/wp-content\/uploads\/sites\/2\/chimpanzes-gombe.jpg 1200w, https:\/\/mistersafari.com\/fr\/wp-content\/uploads\/sites\/2\/chimpanzes-gombe-300x238.jpg 300w, https:\/\/mistersafari.com\/fr\/wp-content\/uploads\/sites\/2\/chimpanzes-gombe-1024x813.jpg 1024w, https:\/\/mistersafari.com\/fr\/wp-content\/uploads\/sites\/2\/chimpanzes-gombe-768x610.jpg 768w\" sizes=\"auto, (max-width: 1200px) 100vw, 1200px\" class=\"wp-image-5544 sp-no-webp\" alt=\"chimpanz\u00e9s Gombe\" loading=\"lazy\" decoding=\"async\"  > <\/picture><figcaption> Chimpanz\u00e9s de Gombe<\/figcaption><\/figure><\/div>\n\n\n\n<h3 class=\"wp-block-heading\">M\u00e9t\u00e9o<\/h3>\n\n\n\n<p>Le climat dans le Parc National de Gombe alterne entre :<\/p>\n\n\n\n<ul class=\"wp-block-list\"><li>Saisons des pluies de novembre \u00e0 mi-D\u00e9cembre puis de f\u00e9vrier \u00e0 mai<\/li><li>Saison s\u00e8che de juin \u00e0 octobre<\/li><\/ul>\n\n\n\n<h3 class=\"wp-block-heading\">Quand visiter<\/h3>\n\n\n\n<p>Le Parc National de Gombe Stream se visite toute l\u2019ann\u00e9e. Pendant la saison des pluies, les chimpanz\u00e9s se d\u00e9placent moins et sont donc plus facilement observables. Le climat est par contre humide. La saison s\u00e8che sera plus agr\u00e9able pour randonn\u00e9e en for\u00eat et les photos prises encore plus belles.<\/p>\n\n\n\n<h2 class=\"gb-headline gb-headline-5658dd36 gb-headline-text\"><span class=\"ez-toc-section\" id=\"faq\"><\/span>FAQ<span class=\"ez-toc-section-end\"><\/span><\/h2>\n\n\n<div id=\"rank-math-faq\" class=\"rank-math-block\">\n<div class=\"rank-math-list \">\n<div id=\"faq-question-1634735873078\" class=\"rank-math-list-item\">\n<h3 class=\"rank-math-question \">O\u00f9 se trouve le Parc National Murchison Falls ?<br><\/h3>\n<div class=\"rank-math-answer \">\n\n<p>Le parc se situe \u00e0 l\u2019ouest de la Tanzanie au bord du Lac Tanganyika.<\/p>\n\n<\/div>\n<\/div>\n<div id=\"faq-question-1634736505263\" class=\"rank-math-list-item\">\n<h3 class=\"rank-math-question \">Combien co\u00fbte l\u2019entr\u00e9e au Parc National Murchison Falls ?<br><\/h3>\n<div class=\"rank-math-answer \">\n\n<p>L&rsquo;entr\u00e9e co\u00fbte 1<span style=\"font-size: inherit\">00$ pour les adultes<\/span> et 20$ pour les enfants.<\/p>\n\n<\/div>\n<\/div>\n<div id=\"faq-question-1634736512261\" class=\"rank-math-list-item\">\n<h3 class=\"rank-math-question \">Quels animaux peut-on voir ?<br><\/h3>\n<div class=\"rank-math-answer \">\n\n<p>Vous pourrez voir les c\u00e9l\u00e8bres chimpanz\u00e9s, des colobes rouges, des singes bleus&#8230;<\/p>\n\n<\/div>\n<\/div>\n<\/div>\n<\/div>","protected":false},"excerpt":{"rendered":"<p>Le Parc du fleuve de Gombe, aussi nomm\u00e9 Parc National de Gombe Stream ou tout simplement Parc National de Gombe, est largement r\u00e9put\u00e9 pour la pr\u00e9sence de nombreux primates. C\u2019est notamment gr\u00e2ce \u00e0 Jane Goodall, primatologue et anthropologue britannique, qui y mena de nombreuses \u00e9tudes et recherches sur le comportement des chimpanz\u00e9s. Situ\u00e9 \u00e0 l\u2019ouest &#8230; <a title=\"Parc National de Gombe\" class=\"read-more\" href=\"https:\/\/mistersafari.com\/fr\/safari-tanzanie\/parcs-reserves\/parc-national-gombe\/\" aria-label=\"En savoir plus sur Parc National de Gombe\">Lire la suite<\/a><\/p>\n","protected":false},"author":3,"featured_media":643,"parent":934,"menu_order":8,"comment_status":"closed","ping_status":"open","template":"","meta":{"_acf_changed":false,"footnotes":""},"content_type":[],"country":[],"class_list":{"0":"post-806","1":"page","2":"type-page","3":"status-publish","4":"has-post-thumbnail","6":"no-featured-image-padding"},"acf":{"hreflang":[{"alternative_url":"https:\/\/mistersafari.com\/gombe-national-park\/","language":"en"}]},"_links":{"self":[{"href":"https:\/\/mistersafari.com\/fr\/wp-json\/wp\/v2\/pages\/806","targetHints":{"allow":["GET"]}}],"collection":[{"href":"https:\/\/mistersafari.com\/fr\/wp-json\/wp\/v2\/pages"}],"about":[{"href":"https:\/\/mistersafari.com\/fr\/wp-json\/wp\/v2\/types\/page"}],"author":[{"embeddable":true,"href":"https:\/\/mistersafari.com\/fr\/wp-json\/wp\/v2\/users\/3"}],"replies":[{"embeddable":true,"href":"https:\/\/mistersafari.com\/fr\/wp-json\/wp\/v2\/comments?post=806"}],"version-history":[{"count":15,"href":"https:\/\/mistersafari.com\/fr\/wp-json\/wp\/v2\/pages\/806\/revisions"}],"predecessor-version":[{"id":6243,"href":"https:\/\/mistersafari.com\/fr\/wp-json\/wp\/v2\/pages\/806\/revisions\/6243"}],"up":[{"embeddable":true,"href":"https:\/\/mistersafari.com\/fr\/wp-json\/wp\/v2\/pages\/934"}],"wp:featuredmedia":[{"embeddable":true,"href":"https:\/\/mistersafari.com\/fr\/wp-json\/wp\/v2\/media\/643"}],"wp:attachment":[{"href":"https:\/\/mistersafari.com\/fr\/wp-json\/wp\/v2\/media?parent=806"}],"wp:term":[{"taxonomy":"content_type","embeddable":true,"href":"https:\/\/mistersafari.com\/fr\/wp-json\/wp\/v2\/content_type?post=806"},{"taxonomy":"country","embeddable":true,"href":"https:\/\/mistersafari.com\/fr\/wp-json\/wp\/v2\/country?post=806"}],"curies":[{"name":"wp","href":"https:\/\/api.w.org\/{rel}","templated":true}]}}