{"id":800,"date":"2020-06-03T15:55:03","date_gmt":"2020-06-03T15:55:03","guid":{"rendered":"https:\/\/mistersafari.com\/fr\/?p=800"},"modified":"2021-12-24T11:47:18","modified_gmt":"2021-12-24T11:47:18","slug":"parc-monts-mahale","status":"publish","type":"page","link":"https:\/\/mistersafari.com\/fr\/safari-tanzanie\/parcs-reserves\/parc-monts-mahale\/","title":{"rendered":"Parc National des monts Mahale"},"content":{"rendered":"\n<p>Situ\u00e9 \u00e0 l&rsquo;ouest de la Tanzanie, au bord du Lac Tanganyika, le Parc National des Monts Mahale est l\u2019une des \u00e9tapes incontournables pour les passionn\u00e9s de chimpanz\u00e9s. Log\u00e9 entre les eaux transparentes du lac et les montagnes Mahale recouvertes de for\u00eats tropicales, ce d\u00e9cor paradisiaque m\u00e9rite que l\u2019on s\u2019y arr\u00eate au cours d\u2019un circuit de safaris en Tanzanie.<\/p>\n\n\n\n<p>Pr\u00e9parez votre visite du Parc de Mahale gr\u00e2ce \u00e0 notre guide d\u00e9taill\u00e9.<\/p>\n\n\n\n<h2 class=\"wp-block-heading\">Pourquoi se rendre au Parc de Mahale<\/h2>\n\n\n\n<h3 class=\"wp-block-heading\">Un safari dans le Parc de Mahale<\/h3>\n\n\n\n<p>La principale attraction du Parc National des Monts Mahale est sa large population de chimpanz\u00e9s. Avec le <a href=\"https:\/\/mistersafari.com\/fr\/safari-tanzanie\/parcs-reserves\/parc-national-gombe\/\" class=\"rank-math-link\">Parc National de Gombe<\/a>, il est l\u2019un des rares espaces prot\u00e9g\u00e9s pour les primates.<\/p>\n\n\n\n<p>Alors que la Britannique Jane Goodall s\u2019\u00e9tait install\u00e9e \u00e0 Gombe pendant de nombreuses ann\u00e9es pour observer ces animaux, ce sont des chercheurs Japonais qui ont d\u00e9marr\u00e9 les premi\u00e8res recherches \u00e0 Mahal dans les ann\u00e9es 1960.<\/p>\n\n\n\n<p class=\"callout-green\">Les plus de 1000 chimpanz\u00e9s qui vivent dans le parc sont donc habitu\u00e9s \u00e0 la pr\u00e9sence humaine.<\/p>\n\n\n\n<p>N\u00e9anmoins, au cours de votre visite du Parc de Mahale, vous devrez respecter un certain nombre de r\u00e8gles assez strictes et expliqu\u00e9es par votre guide, afin de perturber le moins possible leur population.<\/p>\n\n\n\n<p>Les safaris dans le Parc de Mahale se font \u00e0 pied, \u00e0 travers les nombreux sentiers qui arpentent les for\u00eats tropicales.&nbsp; Ces marches en pleine jungle africaine peuvent durer d\u2019une vingtaine de minutes \u00e0 quelques heures et vous suivrez les traces laiss\u00e9es par les chimpanz\u00e9s : amas de branches au sommet des arbres, carcasses de fruits frais, \u2026<\/p>\n\n\n\n<div class=\"wp-block-image\"><figure class=\"aligncenter size-large\"><picture><source srcset=\"https:\/\/mistersafari.com\/fr\/wp-content\/uploads\/sites\/2\/mahale-chimpanze-1024x682.webp 1024w,https:\/\/mistersafari.com\/fr\/wp-content\/uploads\/sites\/2\/mahale-chimpanze-300x200.webp 300w,https:\/\/mistersafari.com\/fr\/wp-content\/uploads\/sites\/2\/mahale-chimpanze-768x511.webp 768w,https:\/\/mistersafari.com\/fr\/wp-content\/uploads\/sites\/2\/mahale-chimpanze-174x116.webp 174w,https:\/\/mistersafari.com\/fr\/wp-content\/uploads\/sites\/2\/mahale-chimpanze.webp 1200w\" sizes=\"auto, (max-width: 1024px) 100vw, 1024px\" type=\"image\/webp\"><img src=\"https:\/\/mistersafari.com\/fr\/wp-content\/uploads\/sites\/2\/mahale-chimpanze-1024x682.jpg\" height=\"682\" width=\"1024\" srcset=\"https:\/\/mistersafari.com\/fr\/wp-content\/uploads\/sites\/2\/mahale-chimpanze-1024x682.jpg 1024w, https:\/\/mistersafari.com\/fr\/wp-content\/uploads\/sites\/2\/mahale-chimpanze-300x200.jpg 300w, https:\/\/mistersafari.com\/fr\/wp-content\/uploads\/sites\/2\/mahale-chimpanze-768x511.jpg 768w, https:\/\/mistersafari.com\/fr\/wp-content\/uploads\/sites\/2\/mahale-chimpanze-174x116.jpg 174w, https:\/\/mistersafari.com\/fr\/wp-content\/uploads\/sites\/2\/mahale-chimpanze.jpg 1200w\" sizes=\"auto, (max-width: 1024px) 100vw, 1024px\" class=\"wp-image-3579 sp-no-webp\" alt=\"\" loading=\"lazy\" decoding=\"async\"  > <\/picture><figcaption>Chimpanz\u00e9s du Mont Mahale<\/figcaption><\/figure><\/div>\n\n\n\n<p>Pr\u00e8s de 90 animaux sauvages cohabitent avec les chimpanz\u00e9s dans le Parc des Monts Mahale. Bien s\u00fbr, on y trouve d\u2019autres primates, comme le singe \u00e0 queue rouge, le singe bleu, le babouin jaune ou le colobe rouge, mais aussi des lions, des lycaons, des girafes et des \u00e9l\u00e9phants (cependant moins nombreux que dans d\u2019autres <a href=\"https:\/\/mistersafari.com\/fr\/safari-tanzanie\/parcs-reserves\/\" class=\"rank-math-link\">parcs de la Tanzanie<\/a>).<\/p>\n\n\n\n<p class=\"callout-green\">200 esp\u00e8ces d\u2019oiseaux et 90 esp\u00e8ces de poissons, tous aussi color\u00e9s les uns que les autres, enrichissent encore davantage le spectacle.<\/p>\n\n\n\n<p>Il faudra compter au minimum 2 jours pour visiter le Parc des Montagnes Mahale afin de vous donner toutes les chances de pouvoir rencontrer les chimpanz\u00e9s.&nbsp;L\u2019acc\u00e8s au parc \u00e9tant assez complexe, les voyageurs restent d\u2019ailleurs souvent plus longtemps.<\/p>\n\n\n\n<h3 class=\"wp-block-heading\">Les autres activit\u00e9s \u00e0 faire<\/h3>\n\n\n\n<p>Le lac Tanganyika offre l\u2019opportunit\u00e9 de vivre des exp\u00e9riences diff\u00e9rentes des safaris africains.<\/p>\n\n\n\n<p>Ce lac d\u2019eau douce est le plus long et le second lac en profondeur du monde.&nbsp;Vous pourrez vous essayer \u00e0 la plong\u00e9e sous-marine dans ses eaux turquoise et observer les poissons color\u00e9s. La p\u00eache est aussi une activit\u00e9 propos\u00e9e au bord du lac. Balades en kayak et autres sports nautiques sont aussi disponibles aux abords des plages de sable blanc.<\/p>\n\n\n\n<div class=\"wp-block-image\"><figure class=\"aligncenter size-large\"><picture><source srcset=\"https:\/\/mistersafari.com\/fr\/wp-content\/uploads\/sites\/2\/tanganyika-mahale-1024x683.webp 1024w,https:\/\/mistersafari.com\/fr\/wp-content\/uploads\/sites\/2\/tanganyika-mahale-300x200.webp 300w,https:\/\/mistersafari.com\/fr\/wp-content\/uploads\/sites\/2\/tanganyika-mahale-768x512.webp 768w,https:\/\/mistersafari.com\/fr\/wp-content\/uploads\/sites\/2\/tanganyika-mahale-1536x1024.webp 1536w,https:\/\/mistersafari.com\/fr\/wp-content\/uploads\/sites\/2\/tanganyika-mahale-2048x1365.webp 2048w,https:\/\/mistersafari.com\/fr\/wp-content\/uploads\/sites\/2\/tanganyika-mahale-174x116.webp 174w,https:\/\/mistersafari.com\/fr\/wp-content\/uploads\/sites\/2\/tanganyika-mahale-scaled.webp 1200w\" sizes=\"auto, (max-width: 1024px) 100vw, 1024px\" type=\"image\/webp\"><img src=\"https:\/\/mistersafari.com\/fr\/wp-content\/uploads\/sites\/2\/tanganyika-mahale-1024x683.jpg\" height=\"683\" width=\"1024\" srcset=\"https:\/\/mistersafari.com\/fr\/wp-content\/uploads\/sites\/2\/tanganyika-mahale-1024x683.jpg 1024w, https:\/\/mistersafari.com\/fr\/wp-content\/uploads\/sites\/2\/tanganyika-mahale-300x200.jpg 300w, https:\/\/mistersafari.com\/fr\/wp-content\/uploads\/sites\/2\/tanganyika-mahale-768x512.jpg 768w, https:\/\/mistersafari.com\/fr\/wp-content\/uploads\/sites\/2\/tanganyika-mahale-1536x1024.jpg 1536w, https:\/\/mistersafari.com\/fr\/wp-content\/uploads\/sites\/2\/tanganyika-mahale-2048x1365.jpg 2048w, https:\/\/mistersafari.com\/fr\/wp-content\/uploads\/sites\/2\/tanganyika-mahale-174x116.jpg 174w, https:\/\/mistersafari.com\/fr\/wp-content\/uploads\/sites\/2\/tanganyika-mahale-scaled.jpg 1200w\" sizes=\"auto, (max-width: 1024px) 100vw, 1024px\" class=\"wp-image-3581 sp-no-webp\" alt=\"lac tanganyika\" loading=\"lazy\" decoding=\"async\"  > <\/picture><figcaption>Les plages exceptionnelles du lac <meta charset=\"utf-8\">Tanganyika<\/figcaption><\/figure><\/div>\n\n\n\n<p>Enfin, que ce soit pour observer les animaux ou pour le plaisir de la marche, de nombreuses randonn\u00e9es sont \u00e0 r\u00e9aliser \u00e0 travers le Parc de Monts Mahale. Vous pourrez par exemple suivre les traces des populations locales de Tongwe et vous rendre au sommet le plus \u00e9lev\u00e9 du parc \u00e0 plus de 2400 m\u00e8tres : le \u00abNkungwe\u00bb.<\/p>\n\n\n\n<h2 class=\"wp-block-heading\">Comment se rendre au Parc de Mahale<\/h2>\n\n\n\n<p>L\u2019acc\u00e8s au Parc des Montagnes Mahale est assez difficile et parfois on\u00e9reux, ce qui freine souvent les visiteurs. Mais les options pour s\u2019y rendre sont nombreuses. En contrepartie, vous profiterez aussi d\u2019un parc au calme et pr\u00e9serv\u00e9 du tourisme, avec seulement une centaine de visiteurs par an (contre 12 000 au Serengeti par exemple !)&nbsp;<\/p>\n\n\n\n<p class=\"callout-blue\">Le plus simple pour se rendre au Parc des Monts Mahale est par avion.<\/p>\n\n\n\n<p>Durant la saison touristique, les h\u00e9bergements organisent eux-m\u00eames des vols r\u00e9guliers entre Arusha et Mahale. Renseignez-vous aupr\u00e8s de votre h\u00e9bergeur. Vous pouvez aussi planifier vos propres transferts en avion priv\u00e9, mais ce sera plus cher.<\/p>\n\n\n\n<p>Pour les budgets plus limit\u00e9s, vous pouvez vous rendre \u00e0 Mahale par la route ou par le train, via Kigoma.&nbsp; Selon votre point de d\u00e9part, le trajet peut durer plusieurs jours mais permet de d\u00e9couvrir le pays par la m\u00eame occasion. Une fois \u00e0 Kigoma, il faudra prendre un bateau. Le Parc National ou les Tour-op\u00e9rateurs priv\u00e9s organisent des trajets r\u00e9guliers, c\u2019est l\u2019option la plus simple. Comptez au minimum 4 \u00e0 5 heures de trajet en bateau sur le Lac Tanganyika.<\/p>\n\n\n\n<h2 class=\"wp-block-heading\">Tarifs et r\u00e9glementation<\/h2>\n\n\n\n<h3 class=\"wp-block-heading\">Mahale : prix d\u2019entr\u00e9e<\/h3>\n\n\n\n<p>Pour acc\u00e9der au Parc National des Montagnes Mahale, vous devrez acheter un billet d\u2019entr\u00e9e valable 24 heures. Les tarifs sont :<\/p>\n\n\n\n<ul class=\"wp-block-list\"><li>$80 par adulte<\/li><li>$20 par enfant de 5 \u00e0 15 ans<\/li><li>Gratuit pour les moins de 5 ans<\/li><\/ul>\n\n\n\n<p>Une TVA \u00e0 18% est applicable sur ces tarifs<em>.<\/em><\/p>\n\n\n\n<h3 class=\"wp-block-heading\">R\u00e9glementation du parc<\/h3>\n\n\n\n<p class=\"callout-orange\">Tout comme le Parc National du fleuve de Gombe, la r\u00e9glementation lors d\u2019un safari dans le Parc des Monts Mahale est plus stricte que dans les autres parcs de Tanzanie.&nbsp;<\/p>\n\n\n\n<p>S\u2019agissant d\u2019un parc prot\u00e9g\u00e9 et largement d\u00e9di\u00e9 aux recherches sur les chimpanz\u00e9s, il est primordial de respecter la population de primates, mais aussi la faune et la flore du parc. Votre guide vous expliquera les mesures de s\u00e9curit\u00e9 \u00e0 suivre.<\/p>\n\n\n\n<h2 class=\"wp-block-heading\">O\u00f9 dormir au Parc de Mahale<\/h2>\n\n\n\n<p>Lors de votre s\u00e9jour au Parc des Monts Mahale, vous pourrez choisir parmi les h\u00e9bergements suivants :<\/p>\n\n\n\n<ul class=\"wp-block-list\"><li>Une aire de camping<\/li><li>Cinq bandas (logements autonomes compos\u00e9s d\u2019une chambre et salle de bain priv\u00e9e, avec cuisine partag\u00e9e et la possibilit\u00e9 de louer les services d\u2019un cuisinier), \u00e0 r\u00e9server directement aupr\u00e8s du Parc<\/li><li>Trois lodges de luxe, dont le Camp de tentes de luxe Nomad Safaris<\/li><\/ul>\n\n\n\n<h2 class=\"wp-block-heading\">Le Parc de Mahale : autres informations pratiques<\/h2>\n\n\n\n<h3 class=\"wp-block-heading\">G\u00e9ographie<\/h3>\n\n\n\n<p>Situ\u00e9 \u00e0 l\u2019ouest de la Tanzanie, le Parc National des Montagnes Mahale s\u2019\u00e9tend sur une superficie d\u2019environ 1600 km2. Il est compos\u00e9 de for\u00eats tropicales enveloppant les monts Mahale, en bordure du Lac Tanganyika et \u00e0 proximit\u00e9 du <a href=\"https:\/\/mistersafari.com\/fr\/safari-tanzanie\/parcs-reserves\/parc-national-katavi\/\" data-type=\"page\" data-id=\"3545\">parc Katavi<\/a>. Le plus haut sommet attend presque 2500 m\u00e8tres avec une vue imprenable sur les environs.<\/p>\n\n\n\n<p><strong>Le parc a \u00e9t\u00e9 d\u00e9clar\u00e9 Parc National en 1985 et est un des deux lieux de la Tanzanie d\u00e9di\u00e9s \u00e0 la recherche et la protection des chimpanz\u00e9s.<\/strong><\/p>\n\n\n\n<h3 class=\"wp-block-heading\">M\u00e9t\u00e9o<\/h3>\n\n\n\n<p>Le climat du Parc National de Mahale se d\u00e9compose ainsi :<\/p>\n\n\n\n<ul class=\"wp-block-list\"><li>une saison s\u00e8che de mai \u00e0 octobre<\/li><li>une saison humide de novembre \u00e0 avril avec les petites pluies en novembre et d\u00e9cembre et les grandes pluies en mars et avril<\/li><\/ul>\n\n\n\n<h3 class=\"wp-block-heading\">Quand visiter ?<\/h3>\n\n\n\n<p>La meilleure p\u00e9riode pour visiter le Parc National des Monts Mahale est pendant la saison s\u00e8che, notamment en ao\u00fbt et septembre.<\/p>\n\n\n\n<p>Le climat est plus agr\u00e9able pour les randonn\u00e9es en for\u00eat, les chimpanz\u00e9s se rassemblent en groupes, les eaux claires du lac permettent d\u2019observer les poissons et les plages sont idylliques.<\/p>\n\n\n\n<p>Il est aussi possible de visiter le Parc de Mahale le reste de l\u2019ann\u00e9e, notamment lorsque les orages fr\u00e9quents offrent des magnifiques jeux de lumi\u00e8re.<\/p>\n","protected":false},"excerpt":{"rendered":"<p>Situ\u00e9 \u00e0 l&rsquo;ouest de la Tanzanie, au bord du Lac Tanganyika, le Parc National des Monts Mahale est l\u2019une des \u00e9tapes incontournables pour les passionn\u00e9s de chimpanz\u00e9s. Log\u00e9 entre les eaux transparentes du lac et les montagnes Mahale recouvertes de for\u00eats tropicales, ce d\u00e9cor paradisiaque m\u00e9rite que l\u2019on s\u2019y arr\u00eate au cours d\u2019un circuit de &#8230; <a title=\"Parc National des monts Mahale\" class=\"read-more\" href=\"https:\/\/mistersafari.com\/fr\/safari-tanzanie\/parcs-reserves\/parc-monts-mahale\/\" aria-label=\"En savoir plus sur Parc National des monts Mahale\">Lire la suite<\/a><\/p>\n","protected":false},"author":3,"featured_media":620,"parent":934,"menu_order":7,"comment_status":"closed","ping_status":"open","template":"","meta":{"_acf_changed":false,"footnotes":""},"content_type":[],"country":[],"class_list":{"0":"post-800","1":"page","2":"type-page","3":"status-publish","4":"has-post-thumbnail","6":"no-featured-image-padding"},"acf":{"hreflang":[{"alternative_url":"https:\/\/mistersafari.com\/mahale-mountains-national-park\/","language":"en"}]},"_links":{"self":[{"href":"https:\/\/mistersafari.com\/fr\/wp-json\/wp\/v2\/pages\/800","targetHints":{"allow":["GET"]}}],"collection":[{"href":"https:\/\/mistersafari.com\/fr\/wp-json\/wp\/v2\/pages"}],"about":[{"href":"https:\/\/mistersafari.com\/fr\/wp-json\/wp\/v2\/types\/page"}],"author":[{"embeddable":true,"href":"https:\/\/mistersafari.com\/fr\/wp-json\/wp\/v2\/users\/3"}],"replies":[{"embeddable":true,"href":"https:\/\/mistersafari.com\/fr\/wp-json\/wp\/v2\/comments?post=800"}],"version-history":[{"count":18,"href":"https:\/\/mistersafari.com\/fr\/wp-json\/wp\/v2\/pages\/800\/revisions"}],"predecessor-version":[{"id":6254,"href":"https:\/\/mistersafari.com\/fr\/wp-json\/wp\/v2\/pages\/800\/revisions\/6254"}],"up":[{"embeddable":true,"href":"https:\/\/mistersafari.com\/fr\/wp-json\/wp\/v2\/pages\/934"}],"wp:featuredmedia":[{"embeddable":true,"href":"https:\/\/mistersafari.com\/fr\/wp-json\/wp\/v2\/media\/620"}],"wp:attachment":[{"href":"https:\/\/mistersafari.com\/fr\/wp-json\/wp\/v2\/media?parent=800"}],"wp:term":[{"taxonomy":"content_type","embeddable":true,"href":"https:\/\/mistersafari.com\/fr\/wp-json\/wp\/v2\/content_type?post=800"},{"taxonomy":"country","embeddable":true,"href":"https:\/\/mistersafari.com\/fr\/wp-json\/wp\/v2\/country?post=800"}],"curies":[{"name":"wp","href":"https:\/\/api.w.org\/{rel}","templated":true}]}}