{"id":798,"date":"2020-06-03T15:44:38","date_gmt":"2020-06-03T15:44:38","guid":{"rendered":"https:\/\/mistersafari.com\/fr\/?p=798"},"modified":"2021-12-21T16:05:20","modified_gmt":"2021-12-21T16:05:20","slug":"reserve-selous","status":"publish","type":"page","link":"https:\/\/mistersafari.com\/fr\/safari-tanzanie\/parcs-reserves\/reserve-selous\/","title":{"rendered":"R\u00e9serve de Selous"},"content":{"rendered":"\n<p>Souvent combin\u00e9e avec un s\u00e9jour sur l&rsquo;\u00cele de Zanzibar, la visite de la r\u00e9serve de Selous (Selous Game Reserve) vous emm\u00e8ne \u00e0 travers l\u2019une des plus grandes zones prot\u00e9g\u00e9es d\u2019Afrique. Sur les 55 000 km\u00b2 de la r\u00e9serve, uniquement 10% du Nord du territoire est ouvert aux visiteurs. Cependant pas d\u2019inqui\u00e9tude, c\u2019est dans cette immensit\u00e9 que vous d\u00e9couvrirez la plus grande concentration d\u2019animaux.&nbsp;<\/p>\n\n\n<div id=\"ez-toc-container\" class=\"ez-toc-v2_0_76 counter-flat ez-toc-counter ez-toc-custom ez-toc-container-direction\">\n<div class=\"ez-toc-title-container\"><p class=\"ez-toc-title\" style=\"cursor:inherit\">Sommaire<\/p>\n<\/div><nav><ul class='ez-toc-list ez-toc-list-level-1 ' ><li class='ez-toc-page-1'><a class=\"ez-toc-link ez-toc-heading-1\" href=\"https:\/\/mistersafari.com\/fr\/safari-tanzanie\/parcs-reserves\/reserve-selous\/#pourquoi-se-rendre-a-la-reserve-de-selous\">Pourquoi se rendre \u00e0 la R\u00e9serve de Selous ?<\/a><\/li><li class='ez-toc-page-1'><a class=\"ez-toc-link ez-toc-heading-2\" href=\"https:\/\/mistersafari.com\/fr\/safari-tanzanie\/parcs-reserves\/reserve-selous\/#comment-se-rendre-a-la-reserve-de-selous\">Comment se rendre \u00e0 la R\u00e9serve de Selous<\/a><\/li><li class='ez-toc-page-1'><a class=\"ez-toc-link ez-toc-heading-3\" href=\"https:\/\/mistersafari.com\/fr\/safari-tanzanie\/parcs-reserves\/reserve-selous\/#tarifs-et-reglementation\">Tarifs et r\u00e9glementation<\/a><\/li><li class='ez-toc-page-1'><a class=\"ez-toc-link ez-toc-heading-4\" href=\"https:\/\/mistersafari.com\/fr\/safari-tanzanie\/parcs-reserves\/reserve-selous\/#ou-dormir-a-la-reserve-de-selous\">O\u00f9 dormir \u00e0 la R\u00e9serve de Selous<\/a><\/li><li class='ez-toc-page-1'><a class=\"ez-toc-link ez-toc-heading-5\" href=\"https:\/\/mistersafari.com\/fr\/safari-tanzanie\/parcs-reserves\/reserve-selous\/#la-reserve-de-selous-autres-informations-pratiques\">La R\u00e9serve de Selous : autres informations pratiques<\/a><\/li><li class='ez-toc-page-1'><a class=\"ez-toc-link ez-toc-heading-6\" href=\"https:\/\/mistersafari.com\/fr\/safari-tanzanie\/parcs-reserves\/reserve-selous\/#faq\">FAQ<\/a><\/li><\/ul><\/nav><\/div>\n\n\n\n\n<p>Voici notre guide pratique pour d\u00e9couvrir la R\u00e9serve de Selous.&nbsp;<\/p>\n\n\n\n<h2 class=\"wp-block-heading\"><span class=\"ez-toc-section\" id=\"pourquoi-se-rendre-a-la-reserve-de-selous\"><\/span>Pourquoi se rendre \u00e0 la R\u00e9serve de Selous ?<span class=\"ez-toc-section-end\"><\/span><\/h2>\n\n\n\n<h3 class=\"wp-block-heading\">Un safari dans la R\u00e9serve de Selous<\/h3>\n\n\n\n<p>La R\u00e9serve de Selous est la plus grande et la plus ancienne r\u00e9serve d\u2019Afrique. Malgr\u00e9 tout peu visit\u00e9e, elle est \u00e9tonnamment tr\u00e8s pr\u00e9serv\u00e9e de l\u2019impact des Hommes et offre ainsi l\u2019une des plus grandes <a href=\"https:\/\/mistersafari.com\/fr\/safari-tanzanie\/animaux\/\" class=\"rank-math-link\">concentrations d\u2019animaux de Tanzanie<\/a> et m\u00eame d&rsquo;Afrique.&nbsp;<\/p>\n\n\n\n<p>Gr\u00e2ce \u00e0 la rivi\u00e8re Rufiji et les nombreux points d\u2019eau que celle-ci alimente (lacs, canaux, lagons, mar\u00e9cages), l\u2019observation des animaux est relativement ais\u00e9e, surtout \u00e0 la fin de la saison s\u00e8che. Tous se rassemblent aupr\u00e8s des derni\u00e8res sources d\u2019eau : \u00e9l\u00e9phants, buffles, lions, rhinoc\u00e9ros, antilopes, \u00e9lans, girafes et bien s\u00fbr les hippopotames et crocodiles.&nbsp;<\/p>\n\n\n\n<div class=\"wp-block-image\"><figure class=\"aligncenter size-full\"><picture><source srcset=\"https:\/\/mistersafari.com\/fr\/wp-content\/uploads\/sites\/2\/buffles-selous.webp 1200w,https:\/\/mistersafari.com\/fr\/wp-content\/uploads\/sites\/2\/buffles-selous-300x200.webp 300w,https:\/\/mistersafari.com\/fr\/wp-content\/uploads\/sites\/2\/buffles-selous-1024x683.webp 1024w,https:\/\/mistersafari.com\/fr\/wp-content\/uploads\/sites\/2\/buffles-selous-768x512.webp 768w\" sizes=\"auto, (max-width: 1200px) 100vw, 1200px\" type=\"image\/webp\"><img src=\"https:\/\/mistersafari.com\/fr\/wp-content\/uploads\/sites\/2\/buffles-selous.jpg\" height=\"800\" width=\"1200\" srcset=\"https:\/\/mistersafari.com\/fr\/wp-content\/uploads\/sites\/2\/buffles-selous.jpg 1200w, https:\/\/mistersafari.com\/fr\/wp-content\/uploads\/sites\/2\/buffles-selous-300x200.jpg 300w, https:\/\/mistersafari.com\/fr\/wp-content\/uploads\/sites\/2\/buffles-selous-1024x683.jpg 1024w, https:\/\/mistersafari.com\/fr\/wp-content\/uploads\/sites\/2\/buffles-selous-768x512.jpg 768w\" sizes=\"auto, (max-width: 1200px) 100vw, 1200px\" class=\"wp-image-5551 sp-no-webp\" alt=\"buffles de la r\u00e9serve de Selous\" loading=\"lazy\" decoding=\"async\"  > <\/picture><\/figure><\/div>\n\n\n\n<p class=\"callout-green\">La R\u00e9serve de Selous abrite la plus large population de lycaons, esp\u00e8ce en voie de disparition, ainsi que d\u2019\u00e9l\u00e9phants (environ 110 000) en Afrique.&nbsp;&nbsp;<\/p>\n\n\n\n<p>Plus de 400 esp\u00e8ces d\u2019oiseaux ont \u00e9t\u00e9 r\u00e9pertori\u00e9es au sein de la R\u00e9serve de Selous.&nbsp;<\/p>\n\n\n\n<p>Vous pourrez choisir de visiter la R\u00e9serve de Selous en 4&#215;4, \u00e0 pieds ou en bateau.&nbsp; C\u2019est l\u2019occasion de sortir des sentiers battus et exp\u00e9rimenter de nouveaux types de safaris, peu communs dans le reste du pays. En bateau par exemple, vous pourrez approcher les hippopotames et les crocodiles, mais aussi d\u00e9couvrir les nombreux oiseaux, depuis des points de vue bien diff\u00e9rents que lors d\u2019un safari en 4&#215;4.&nbsp;<\/p>\n\n\n\n<p>Le point fort de la R\u00e9serve de Selous est la faible fr\u00e9quentation du parc, souvent oubli\u00e9 des <a href=\"https:\/\/mistersafari.com\/fr\/safari-tanzanie\/\" class=\"rank-math-link\">safaris en Tanzanie<\/a><strong>. <\/strong>Contrairement aux parcs du Nord de la Tanzanie, il y a tr\u00e8s peu de chance que vous vous retrouviez \u00e0 observer les animaux en m\u00eame temps que d\u2019autres v\u00e9hicules de touristes.&nbsp;<\/p>\n\n\n\n<p class=\"callout-bue\">Pour profiter au mieux de votre visite de la R\u00e9serve de Selous, un s\u00e9jour de 3 \u00e0 4 nuits minimum est conseill\u00e9.&nbsp;<\/p>\n\n\n\n<h3 class=\"wp-block-heading\">Les autres activit\u00e9s \u00e0 faire<\/h3>\n\n\n\n<p>Proche de l\u2019Oc\u00e9an Indien et de Zanzibar, les voyageurs visitent la R\u00e9serve de Selous avant d\u2019aller passer quelques jours sur les plages paradisiaques de la Tanzanie.&nbsp;<\/p>\n\n\n\n<p>Un safari dans la R\u00e9serve de Selous est aussi souvent combin\u00e9 avec la visite du <a href=\"https:\/\/mistersafari.com\/fr\/safari-tanzanie\/parcs-reserves\/parc-national-mikumi\/\" class=\"rank-math-link\">Parc National de Mikumi<\/a> ou de <a href=\"https:\/\/mistersafari.com\/fr\/safari-tanzanie\/parcs-reserves\/parc-ruaha\/\" class=\"rank-math-link\">Ruaha<\/a>.&nbsp;<\/p>\n\n\n\n<h2 class=\"wp-block-heading\"><span class=\"ez-toc-section\" id=\"comment-se-rendre-a-la-reserve-de-selous\"><\/span>Comment se rendre \u00e0 la R\u00e9serve de Selous<span class=\"ez-toc-section-end\"><\/span><\/h2>\n\n\n\n<p>Pour vous rendre \u00e0 la R\u00e9serve de Selous, vous pourrez choisir entre :<\/p>\n\n\n\n<ul class=\"wp-block-list\"><li>la voiture<\/li><li>le train<\/li><li>l\u2019avion<\/li><\/ul>\n\n\n\n<p>En voiture, il faudra compter environ 5 heures de route depuis Dar Es-Salaam. Ce sera l\u2019occasion de faire un court d\u00e9tour pour un <a href=\"https:\/\/mistersafari.com\/fr\/safari-tanzanie\/parcs-reserves\/parc-national-mikumi\/\" class=\"rank-math-link\">safari dans le Parc de Mikumi<\/a>. L\u2019avantage est que vous disposerez de votre propre v\u00e9hicule, lou\u00e9 \u00e0 Dar Es-Salaam par exemple.<\/p>\n\n\n\n<p>Des liaisons en train depuis Dar Es-Salaam offrent une alternative plus \u00e9conomique pour les petits budgets. A bord de l\u2019un des trains de la TAZARA (Tanzanie Zambie Railway), vous pourrez d\u00e9couvrir les vastes \u00e9tendues de brousse et les magnifiques paysages de la Tanzanie. Comptez 4 \u00e0 5 heures de trajet depuis Dar Es-Salaam jusqu\u2019\u00e0 Matambwe.&nbsp;<\/p>\n\n\n\n<div class=\"wp-block-image\"><figure class=\"aligncenter size-full\"><picture><source srcset=\"https:\/\/mistersafari.com\/fr\/wp-content\/uploads\/sites\/2\/lions-Selous.webp 1200w,https:\/\/mistersafari.com\/fr\/wp-content\/uploads\/sites\/2\/lions-Selous-300x200.webp 300w,https:\/\/mistersafari.com\/fr\/wp-content\/uploads\/sites\/2\/lions-Selous-1024x684.webp 1024w,https:\/\/mistersafari.com\/fr\/wp-content\/uploads\/sites\/2\/lions-Selous-768x513.webp 768w\" sizes=\"auto, (max-width: 1200px) 100vw, 1200px\" type=\"image\/webp\"><img src=\"https:\/\/mistersafari.com\/fr\/wp-content\/uploads\/sites\/2\/lions-Selous.jpg\" height=\"801\" width=\"1200\" srcset=\"https:\/\/mistersafari.com\/fr\/wp-content\/uploads\/sites\/2\/lions-Selous.jpg 1200w, https:\/\/mistersafari.com\/fr\/wp-content\/uploads\/sites\/2\/lions-Selous-300x200.jpg 300w, https:\/\/mistersafari.com\/fr\/wp-content\/uploads\/sites\/2\/lions-Selous-1024x684.jpg 1024w, https:\/\/mistersafari.com\/fr\/wp-content\/uploads\/sites\/2\/lions-Selous-768x513.jpg 768w\" sizes=\"auto, (max-width: 1200px) 100vw, 1200px\" class=\"wp-image-5554 sp-no-webp\" alt=\"lions de Selous gr\" loading=\"lazy\" decoding=\"async\"  > <\/picture><\/figure><\/div>\n\n\n\n<p>Solution la plus rapide, mais aussi la plus on\u00e9reuse, vous pourrez vous rendre en avion \u00e0 Selous depuis Arusha, Dar Es-Salaam, Zanzibar ou encore depuis le <a href=\"https:\/\/mistersafari.com\/fr\/safari-tanzanie\/parcs-reserves\/parc-ruaha\/\" class=\"rank-math-link\">Parc National de Ruaha<\/a>.&nbsp;<\/p>\n\n\n\n<h2 class=\"wp-block-heading\"><span class=\"ez-toc-section\" id=\"tarifs-et-reglementation\"><\/span>Tarifs et r\u00e9glementation<span class=\"ez-toc-section-end\"><\/span><\/h2>\n\n\n\n<h3 class=\"wp-block-heading\">Selous : prix d\u2019entr\u00e9e<\/h3>\n\n\n\n<p>L\u2019entr\u00e9e dans la R\u00e9serve de Selous est payante. Le tarif est d\u2019environ $75 par adulte pour une dur\u00e9e de 24h.&nbsp;<\/p>\n\n\n\n<h3 class=\"wp-block-heading\">R\u00e9glementation de la r\u00e9serve<\/h3>\n\n\n\n<p>Lors de la visite de la R\u00e9serve de Selous, il faudra respecter les r\u00e8gles mises en place au sein de tous les<a href=\"https:\/\/mistersafari.com\/fr\/safari-tanzanie\/parcs-reserves\/\" class=\"rank-math-link\"> parcs de la Tanzanie<\/a>. Le respect des animaux et de la flore est bien \u00e9videmment exig\u00e9 : restez calme et silencieux pr\u00e8s des animaux, gardez une distance suffisante avec les animaux, ramassez vos d\u00e9tritus, \u2026 Tout vous sera expliqu\u00e9 par votre guide ou par les rangers \u00e0 l\u2019entr\u00e9e du parc.&nbsp;<\/p>\n\n\n\n<h2 class=\"wp-block-heading\"><span class=\"ez-toc-section\" id=\"ou-dormir-a-la-reserve-de-selous\"><\/span>O\u00f9 dormir \u00e0 la R\u00e9serve de Selous<span class=\"ez-toc-section-end\"><\/span><\/h2>\n\n\n\n<p>La R\u00e9serve de Selous compte de nombreuses options de logement, que ce soit \u00e0 l\u2019int\u00e9rieur ou \u00e0 l\u2019ext\u00e9rieur du parc animalier.&nbsp;<\/p>\n\n\n\n<p>L\u2019un des plus appr\u00e9ci\u00e9s est incontestablement le <a href=\"https:\/\/www.booking.com\/hotel\/tz\/selous-river-camp-kwangwazi.fr.html\" target=\"_blank\" aria-label=\" (opens in a new tab)\" rel=\"noreferrer noopener\" class=\"rank-math-link\">Selous River Camp<\/a>, situ\u00e9 pr\u00e8s de la rivi\u00e8re Rufiji. On appr\u00e9cie d\u2019une part qu\u2019il propose plusieurs types d\u2019h\u00e9bergement en fonction du budget, mais aussi son emplacement au bord de la rivi\u00e8re : le spot id\u00e9al pour observer les animaux !<\/p>\n\n\n\n<p>A l\u2019Est de la r\u00e9serve, le lodge de luxe Siwandu est log\u00e9 dans une des parties les plus sauvages du parc, offrant ainsi de magnifiques safaris directement aux portes du logement. La r\u00e9servation d\u2019une tente dans cet h\u00e9bergement inclut deux safaris par jour, au choix \u00e0 pieds, en 4&#215;4 ou en bateau.&nbsp;<\/p>\n\n\n\n<h2 class=\"wp-block-heading\"><span class=\"ez-toc-section\" id=\"la-reserve-de-selous-autres-informations-pratiques\"><\/span>La R\u00e9serve de Selous : autres informations pratiques<span class=\"ez-toc-section-end\"><\/span><\/h2>\n\n\n\n<h3 class=\"wp-block-heading\">G\u00e9ographie<\/h3>\n\n\n\n<p>La<strong> <\/strong>R\u00e9serve de Selous se situe au Sud-Ouest de la Tanzanie, non loin des c\u00f4tes de l\u2019Oc\u00e9an Indien et voisine du Parc National de Mikumi. Elle s\u2019\u00e9tend sur plus de 55 000 km\u00b2, ce qui en fait l\u2019une, voire la plus grande des zones prot\u00e9g\u00e9es du continent africain.&nbsp;<\/p>\n\n\n\n<p class=\"callout-blue\">La R\u00e9serve de Selous est class\u00e9e au patrimoine mondial de l\u2019UNESCO.&nbsp;&nbsp;<\/p>\n\n\n\n<p>On y trouve de vastes \u00e9tendues bois\u00e9es. Mais le point d\u2019attraction est la rivi\u00e8re Rufiji qui la traverse d\u2019Est en Ouest, alimentant ainsi de nombreux lacs, des canaux et des mar\u00e9cages. La v\u00e9g\u00e9tation est ainsi dense et les paysages bien diff\u00e9rents des autres parcs du pays.<\/p>\n\n\n\n<h3 class=\"wp-block-heading\">M\u00e9t\u00e9o<\/h3>\n\n\n\n<p>Comme dans la plupart des parcs de Tanzanie, le climat dans la r\u00e9serve de Selous alterne entre saison s\u00e8che (de Mai \u00e0 Octobre) et saison humide (de Novembre \u00e0 Avril).<\/p>\n\n\n\n<div class=\"wp-block-image\"><figure class=\"aligncenter size-full\"><picture><source srcset=\"https:\/\/mistersafari.com\/fr\/wp-content\/uploads\/sites\/2\/hotel-selous.webp 1200w,https:\/\/mistersafari.com\/fr\/wp-content\/uploads\/sites\/2\/hotel-selous-300x186.webp 300w,https:\/\/mistersafari.com\/fr\/wp-content\/uploads\/sites\/2\/hotel-selous-1024x636.webp 1024w,https:\/\/mistersafari.com\/fr\/wp-content\/uploads\/sites\/2\/hotel-selous-768x477.webp 768w\" sizes=\"auto, (max-width: 1200px) 100vw, 1200px\" type=\"image\/webp\"><img src=\"https:\/\/mistersafari.com\/fr\/wp-content\/uploads\/sites\/2\/hotel-selous.jpg\" height=\"745\" width=\"1200\" srcset=\"https:\/\/mistersafari.com\/fr\/wp-content\/uploads\/sites\/2\/hotel-selous.jpg 1200w, https:\/\/mistersafari.com\/fr\/wp-content\/uploads\/sites\/2\/hotel-selous-300x186.jpg 300w, https:\/\/mistersafari.com\/fr\/wp-content\/uploads\/sites\/2\/hotel-selous-1024x636.jpg 1024w, https:\/\/mistersafari.com\/fr\/wp-content\/uploads\/sites\/2\/hotel-selous-768x477.jpg 768w\" sizes=\"auto, (max-width: 1200px) 100vw, 1200px\" class=\"wp-image-5556 sp-no-webp\" alt=\"plage de selous\" loading=\"lazy\" decoding=\"async\"  > <\/picture><\/figure><\/div>\n\n\n\n<p>La saison s\u00e8che offre les temp\u00e9ratures les plus cl\u00e9mentes, avoisinant les 27 degr\u00e9s. Les mois de Novembre \u00e0 Mars sont les plus chauds, avec plus de 30 degr\u00e9s et une atmosph\u00e8re tr\u00e8s humide.&nbsp;<\/p>\n\n\n\n<h3 class=\"wp-block-heading\">Quand visiter<\/h3>\n\n\n\n<p>La meilleure p\u00e9riode pour visiter la R\u00e9serve de Selous est pendant la saison s\u00e8che, et notamment d&rsquo;Ao\u00fbt \u00e0 Octobre. Les points d\u2019eau et la v\u00e9g\u00e9tation se font plus rares et les animaux sont plus facilement visibles.<\/p>\n\n\n\n<p>Durant la basse saison de Janvier \u00e0 Mars, les pistes sont impraticables. Il est toutefois possible de visiter Selous au d\u00e9but et \u00e0 la fin de la saison des pluies. Les lumi\u00e8res sont belles et les \u00e9claircies alternent avec les averses.<\/p>\n\n\n\n<h2 class=\"gb-headline gb-headline-216911e7 gb-headline-text\"><span class=\"ez-toc-section\" id=\"faq\"><\/span>FAQ<span class=\"ez-toc-section-end\"><\/span><\/h2>\n\n\n<div id=\"rank-math-faq\" class=\"rank-math-block\">\n<div class=\"rank-math-list \">\n<div id=\"faq-question-1634804623900\" class=\"rank-math-list-item\">\n<h3 class=\"rank-math-question \">O\u00f9 se trouve\u00a0la R\u00e9serve de Selous ? <\/h3>\n<div class=\"rank-math-answer \">\n\n<p> La<strong> <\/strong>R\u00e9serve se trouve au Sud-Ouest de la Tanzanie vers les c\u00f4tes de l\u2019Oc\u00e9an Indien.<\/p>\n\n<\/div>\n<\/div>\n<div id=\"faq-question-1634804633958\" class=\"rank-math-list-item\">\n<h3 class=\"rank-math-question \">Combien co\u00fbte l\u2019entr\u00e9e \u00e0 la R\u00e9serve de Selous ?  <\/h3>\n<div class=\"rank-math-answer \">\n\n<p> L&rsquo;entr\u00e9e co\u00fbte environ $75 par adulte pour 24h.\u00a0 <\/p>\n\n<\/div>\n<\/div>\n<div id=\"faq-question-1634804646592\" class=\"rank-math-list-item\">\n<h3 class=\"rank-math-question \">Quels animaux peut-on voir ?<\/h3>\n<div class=\"rank-math-answer \">\n\n<p> Vous pourrez admirer\u00a0des \u00e9l\u00e9phants, buffles, lions, rhinoc\u00e9ros, antilopes, \u00e9lans, girafes, hippopotames, crocodiles et de rares  lycaons.<\/p>\n\n<\/div>\n<\/div>\n<\/div>\n<\/div>","protected":false},"excerpt":{"rendered":"<p>Souvent combin\u00e9e avec un s\u00e9jour sur l&rsquo;\u00cele de Zanzibar, la visite de la r\u00e9serve de Selous (Selous Game Reserve) vous emm\u00e8ne \u00e0 travers l\u2019une des plus grandes zones prot\u00e9g\u00e9es d\u2019Afrique. Sur les 55 000 km\u00b2 de la r\u00e9serve, uniquement 10% du Nord du territoire est ouvert aux visiteurs. Cependant pas d\u2019inqui\u00e9tude, c\u2019est dans cette immensit\u00e9 &#8230; <a title=\"R\u00e9serve de Selous\" class=\"read-more\" href=\"https:\/\/mistersafari.com\/fr\/safari-tanzanie\/parcs-reserves\/reserve-selous\/\" aria-label=\"En savoir plus sur R\u00e9serve de Selous\">Lire la suite<\/a><\/p>\n","protected":false},"author":3,"featured_media":648,"parent":934,"menu_order":6,"comment_status":"closed","ping_status":"open","template":"","meta":{"_acf_changed":false,"footnotes":""},"content_type":[],"country":[],"class_list":{"0":"post-798","1":"page","2":"type-page","3":"status-publish","4":"has-post-thumbnail","6":"no-featured-image-padding"},"acf":{"hreflang":[{"alternative_url":"https:\/\/mistersafari.com\/selous-game-reserve\/","language":"en"}]},"_links":{"self":[{"href":"https:\/\/mistersafari.com\/fr\/wp-json\/wp\/v2\/pages\/798","targetHints":{"allow":["GET"]}}],"collection":[{"href":"https:\/\/mistersafari.com\/fr\/wp-json\/wp\/v2\/pages"}],"about":[{"href":"https:\/\/mistersafari.com\/fr\/wp-json\/wp\/v2\/types\/page"}],"author":[{"embeddable":true,"href":"https:\/\/mistersafari.com\/fr\/wp-json\/wp\/v2\/users\/3"}],"replies":[{"embeddable":true,"href":"https:\/\/mistersafari.com\/fr\/wp-json\/wp\/v2\/comments?post=798"}],"version-history":[{"count":17,"href":"https:\/\/mistersafari.com\/fr\/wp-json\/wp\/v2\/pages\/798\/revisions"}],"predecessor-version":[{"id":6239,"href":"https:\/\/mistersafari.com\/fr\/wp-json\/wp\/v2\/pages\/798\/revisions\/6239"}],"up":[{"embeddable":true,"href":"https:\/\/mistersafari.com\/fr\/wp-json\/wp\/v2\/pages\/934"}],"wp:featuredmedia":[{"embeddable":true,"href":"https:\/\/mistersafari.com\/fr\/wp-json\/wp\/v2\/media\/648"}],"wp:attachment":[{"href":"https:\/\/mistersafari.com\/fr\/wp-json\/wp\/v2\/media?parent=798"}],"wp:term":[{"taxonomy":"content_type","embeddable":true,"href":"https:\/\/mistersafari.com\/fr\/wp-json\/wp\/v2\/content_type?post=798"},{"taxonomy":"country","embeddable":true,"href":"https:\/\/mistersafari.com\/fr\/wp-json\/wp\/v2\/country?post=798"}],"curies":[{"name":"wp","href":"https:\/\/api.w.org\/{rel}","templated":true}]}}