{"id":792,"date":"2020-06-03T15:34:11","date_gmt":"2020-06-03T15:34:11","guid":{"rendered":"https:\/\/mistersafari.com\/fr\/?p=792"},"modified":"2021-12-24T11:47:46","modified_gmt":"2021-12-24T11:47:46","slug":"udzungwa","status":"publish","type":"page","link":"https:\/\/mistersafari.com\/fr\/safari-tanzanie\/parcs-reserves\/udzungwa\/","title":{"rendered":"Parc national des monts Udzungwa"},"content":{"rendered":"\n<p>Cr\u00e9\u00e9 en 1992, le Parc National des Monts d\u2019Udzungwa est appr\u00e9ci\u00e9 pour la biodiversit\u00e9 de sa faune, la pr\u00e9sence d\u2019animaux embl\u00e9matiques et ses riches for\u00eats verdoyantes. Il est d\u2019ailleurs assez diff\u00e9rent des autres parcs de la Tanzanie et en vaut ainsi le d\u00e9tour. Ses diff\u00e9rents surnoms (Arc oriental, Arc montagneux de l\u2019Est,&#8230;) d\u00e9crivent entre autres son paysage escarp\u00e9. D\u00e9couvrez en plus sur ce parc atypique gr\u00e2ce \u00e0 notre guide.<\/p>\n\n\n<div id=\"ez-toc-container\" class=\"ez-toc-v2_0_76 counter-flat ez-toc-counter ez-toc-custom ez-toc-container-direction\">\n<div class=\"ez-toc-title-container\"><p class=\"ez-toc-title\" style=\"cursor:inherit\">Sommaire<\/p>\n<\/div><nav><ul class='ez-toc-list ez-toc-list-level-1 ' ><li class='ez-toc-page-1'><a class=\"ez-toc-link ez-toc-heading-1\" href=\"https:\/\/mistersafari.com\/fr\/safari-tanzanie\/parcs-reserves\/udzungwa\/#pourquoi-se-rendre-au-parc-dudzungwa\">Pourquoi se rendre au Parc d\u2019Udzungwa&nbsp;?<\/a><\/li><li class='ez-toc-page-1'><a class=\"ez-toc-link ez-toc-heading-2\" href=\"https:\/\/mistersafari.com\/fr\/safari-tanzanie\/parcs-reserves\/udzungwa\/#comment-se-rendre-au-parc-dudzungwa\">Comment se rendre au Parc d\u2019Udzungwa<\/a><\/li><li class='ez-toc-page-1'><a class=\"ez-toc-link ez-toc-heading-3\" href=\"https:\/\/mistersafari.com\/fr\/safari-tanzanie\/parcs-reserves\/udzungwa\/#tarifs-et-reglementation\">Tarifs et r\u00e9glementation<\/a><\/li><li class='ez-toc-page-1'><a class=\"ez-toc-link ez-toc-heading-4\" href=\"https:\/\/mistersafari.com\/fr\/safari-tanzanie\/parcs-reserves\/udzungwa\/#ou-dormir-au-parc-dudzungwa\">O\u00f9 dormir au Parc d\u2019Udzungwa<\/a><\/li><li class='ez-toc-page-1'><a class=\"ez-toc-link ez-toc-heading-5\" href=\"https:\/\/mistersafari.com\/fr\/safari-tanzanie\/parcs-reserves\/udzungwa\/#le-parc-dudzungwa-autres-informations-pratiques\">Le Parc d\u2019Udzungwa : autres informations pratiques<\/a><\/li><\/ul><\/nav><\/div>\n\n\n\n\n<h2 class=\"wp-block-heading\"><span class=\"ez-toc-section\" id=\"pourquoi-se-rendre-au-parc-dudzungwa\"><\/span>Pourquoi se rendre au Parc d\u2019Udzungwa&nbsp;?<span class=\"ez-toc-section-end\"><\/span><\/h2>\n\n\n\n<h3 class=\"wp-block-heading\">Un safari dans le Parc d\u2019Udzungwa<\/h3>\n\n\n\n<p>Avec ses habitats tr\u00e8s diversifi\u00e9s, le parc d\u2019Udzungwa accueille plusieurs esp\u00e8ces d\u2019animaux embl\u00e9matiques de l\u2019Afrique : \u00e9l\u00e9phants, buffles, l\u00e9opards, lions, \u00e9lans, hy\u00e8nes pour ne citer qu\u2019eux. C\u2019est aussi \u00e0 Udzungwa que vous pourrez observer six esp\u00e8ces de primates, dont deux d\u00e9couvertes \u00e0 la fin des ann\u00e9es 70 et que vous ne verrez que dans ce parc : le colobe rouge d\u2019Iringa et le cercoc\u00e8be \u00e0 cr\u00eate de Sanje.&nbsp;<\/p>\n\n\n\n<p class=\"callout-blue\">En 2005, une nouvelle esp\u00e8ce, inconnue jusque-l\u00e0, a \u00e9t\u00e9 aper\u00e7ue pour la premi\u00e8re fois \u00e0 Udzungwa : le macrosc\u00e9lide g\u00e9ant.&nbsp;<\/p>\n\n\n\n<p>Plus de 400 esp\u00e8ces d&rsquo;oiseaux ont \u00e9t\u00e9 r\u00e9pertori\u00e9es dans le parc, dont quatre end\u00e9miques \u00e0 Udzungwa comme la perdrix de for\u00eat.&nbsp;<\/p>\n\n\n\n<p>Le Parc d\u2019Udzungwa est ainsi r\u00e9put\u00e9 pour la densit\u00e9 d\u2019oiseaux qui trouvent refuge dans les arbres de ses for\u00eats. Vous pourrez observer des orioles \u00e0 t\u00eate verte, des marins-p\u00eacheurs de for\u00eat, des marabouts, des vautours de r\u00fcppell, des aigles couronn\u00e9s mais aussi, plus rares, des calaos \u00e0 joue argent\u00e9s et des calaos trompettes.<\/p>\n\n\n\n<p>Mais c\u2019est aussi, voire surtout, pour la biodiversit\u00e9 extr\u00eamement riche de sa flore que vous visiterez Udzungwa. Sa v\u00e9g\u00e9tation unique compte plus de 2500 esp\u00e8ces de plantes dont 160 sont des plantes m\u00e9dicinales.&nbsp;<\/p>\n\n\n\n<h3 class=\"wp-block-heading\">Les autres activit\u00e9s \u00e0 faire<\/h3>\n\n\n\n<p class=\"callout-green\">Le Parc des Monts d\u2019Udzungwa est un haut lieu pour les randonn\u00e9es p\u00e9destres.&nbsp;<\/p>\n\n\n\n<p>De nombreux sentiers \u00e0 travers les for\u00eats vous font d\u00e9couvrir le parc \u00e0 la journ\u00e9e ou \u00e0 la demi-journ\u00e9e. Ne manquez pas de vous rendre aux Chutes de Sanje (une demi-journ\u00e9e de randonn\u00e9e). Il s\u2019agit d\u2019une cascade de 170 m\u00e8tres de haut avec une vall\u00e9e bois\u00e9e \u00e0 ses pieds. Pour les plus aventureux, la randonn\u00e9e de 3 jours de Mwanihana vous am\u00e8ne jusqu\u2019\u00e0 son sommet, le second plus haut sommet des monts d\u2019Udzungwa.<\/p>\n\n\n\n<p>Vous pourrez aussi visiter un village local, d\u00e9couvrir la culture et les traditions des habitants et d\u00e9ambuler sur un march\u00e9.&nbsp;<\/p>\n\n\n\n<h2 class=\"wp-block-heading\"><span class=\"ez-toc-section\" id=\"comment-se-rendre-au-parc-dudzungwa\"><\/span>Comment se rendre au Parc d\u2019Udzungwa<span class=\"ez-toc-section-end\"><\/span><\/h2>\n\n\n\n<p>Udzungwa \u00e9tant situ\u00e9 au Sud-Est du <a href=\"https:\/\/mistersafari.com\/fr\/safari-tanzanie\/parcs-reserves\/parc-national-mikumi\/\" class=\"rank-math-link\">Parc de Mikumi<\/a>, les voyageurs combinent souvent la visite des deux parcs.&nbsp;<\/p>\n\n\n\n<p>A environ 350 km de Dar Es-Salaam, c\u2019est de la r\u00e9gion Centre \/ Sud-Est de la Tanzanie qu\u2019il sera le plus facile d&rsquo;acc\u00e9der au parc.&nbsp;<\/p>\n\n\n\n<ul class=\"wp-block-list\"><li><strong>En avion <\/strong>: depuis Dar Es-Salaam, <a href=\"https:\/\/mistersafari.com\/fr\/safari-tanzanie\/zanzibar\/\" class=\"rank-math-link\">Zanzibar<\/a> ou m\u00eame Mikumi, il existe des vols internes r\u00e9guliers.<\/li><li><strong>En transport en commun<\/strong> : depuis Dar Es-Salaam, une liaison quotidienne vous am\u00e8ne \u00e0 Udzungwa.<\/li><li><strong>En voiture<\/strong> : comptez 5 heures depuis Dar Es-Salaam et 3 heures depuis Mikumi.&nbsp;<\/li><\/ul>\n\n\n\n<h2 class=\"wp-block-heading\"><span class=\"ez-toc-section\" id=\"tarifs-et-reglementation\"><\/span>Tarifs et r\u00e9glementation<span class=\"ez-toc-section-end\"><\/span><\/h2>\n\n\n\n<h3 class=\"wp-block-heading\">Udzungwa : prix d\u2019entr\u00e9e<\/h3>\n\n\n\n<p>Les tarifs d\u2019entr\u00e9e du Parc National d\u2019Udzungwa sont :<\/p>\n\n\n\n<ul class=\"wp-block-list\"><li>$30 par adulte<\/li><li>$10 par enfant de 5 \u00e0 15 ans<\/li><li>Gratuit pour les moins de 5 ans<\/li><\/ul>\n\n\n\n<p>Il faudra ajouter 18% de TVA \u00e0 ces tarifs Les entr\u00e9es sont valides pendant 24h. Pensez aussi que les frais d\u2019entr\u00e9e du v\u00e9hicule et du guide sont \u00e0 la charge des voyageurs.&nbsp;<\/p>\n\n\n\n<h3 class=\"wp-block-heading\">R\u00e9glementation du parc<\/h3>\n\n\n\n<p>Lors de votre visite du Parc National des Monts d\u2019Udzungwa, il vous sera demand\u00e9 de respecter la r\u00e9glementation commune \u00e0 tous les<a href=\"https:\/\/mistersafari.com\/fr\/safari-tanzanie\/parcs-reserves\/\" class=\"rank-math-link\"> parcs de Tanzanie<\/a>. Il s\u2019agit bien \u00e9videmment de respecter les animaux et la flore en restant \u00e0 bord de votre v\u00e9hicule, maintenir le silence et une certaine distance en s\u2019approchant des animaux, ramasser vos d\u00e9tritus, \u2026<\/p>\n\n\n\n<h2 class=\"wp-block-heading\"><span class=\"ez-toc-section\" id=\"ou-dormir-au-parc-dudzungwa\"><\/span>O\u00f9 dormir au Parc d\u2019Udzungwa<span class=\"ez-toc-section-end\"><\/span><\/h2>\n\n\n\n<p>Les possibilit\u00e9s d\u2019h\u00e9bergements au sein du Parc d\u2019Udzungwa sont assez succinctes.&nbsp;<\/p>\n\n\n\n<p>Pour un s\u00e9jour \u00e0 moindre co\u00fbt, vous pourrez choisir parmi les quelques campings publics. La r\u00e9servation se fera directement \u00e0 l\u2019entr\u00e9e du parc.&nbsp;<\/p>\n\n\n\n<p>Il existe aussi quelques lodges, dont l\u2019<a href=\"https:\/\/www.booking.com\/hotel\/tz\/udzungwa-forest-tented-camp.fr.html\" target=\"_blank\" aria-label=\" (opens in a new tab)\" rel=\"noreferrer noopener\" class=\"rank-math-link\">Udzungwa Forest Tented Camp<\/a> et l\u2019<a href=\"http:\/\/www.udzungwafallslodge.com\/\" target=\"_blank\" aria-label=\" (opens in a new tab)\" rel=\"noreferrer noopener nofollow\" class=\"rank-math-link\">Udzungwa Falls Lodge<\/a>, qui sont g\u00e9n\u00e9ralement appr\u00e9ci\u00e9s des voyageurs.&nbsp;<\/p>\n\n\n\n<h2 class=\"wp-block-heading\"><span class=\"ez-toc-section\" id=\"le-parc-dudzungwa-autres-informations-pratiques\"><\/span>Le Parc d\u2019Udzungwa : autres informations pratiques<span class=\"ez-toc-section-end\"><\/span><\/h2>\n\n\n\n<h3 class=\"wp-block-heading\">G\u00e9ographie<\/h3>\n\n\n\n<p>Situ\u00e9 au Centre-Sud de la Tanzanie, le Parc National d\u2019Udzungwa s\u2019\u00e9tend sur une superficie de 1990 km2, ce qui repr\u00e9sente environ 20% de la cha\u00eene des Monts d\u2019Udzungwa. Son altitude est tr\u00e8s variable, allant de 250 m\u00e8tres \u00e0 plus de 2500 m\u00e8tres.<\/p>\n\n\n\n<p>Le parc est principalement recouvert de for\u00eats mais les variations d\u2019altitude entra\u00eenent des types de v\u00e9g\u00e9tations tr\u00e8s diff\u00e9rents. Certains arbres culminent \u00e0 30 m\u00e8tres de haut.&nbsp;<\/p>\n\n\n\n<h3 class=\"wp-block-heading\">M\u00e9t\u00e9o<\/h3>\n\n\n\n<p>Le climat au Parc des Monts d\u2019Udzungwa se d\u00e9compose en :<\/p>\n\n\n\n<ul class=\"wp-block-list\"><li>Une saison s\u00e8che de Juin \u00e0 Octobre,<\/li><li>Une saison humide de Novembre \u00e0 Mai, avec les petites pluies en Novembre et les grandes pluies en Mars et Avril.&nbsp;<\/li><\/ul>\n\n\n\n<p>Avec ses variations d\u2019altitude, les temp\u00e9ratures sont variables d\u2019un endroit \u00e0 l\u2019autre du parc. Plus vous montez en hauteur et plus les nuits seront fra\u00eeches.&nbsp;<\/p>\n\n\n\n<h3 class=\"wp-block-heading\">Quand visiter<\/h3>\n\n\n\n<p>Les sentiers deviennent tr\u00e8s glissants pendant la saison humide et notamment de Mars \u00e0 Mai. Il est fortement conseill\u00e9 de visiter le Parc National d\u2019Udzungwa pendant la saison s\u00e8che, entre Juin et Septembre.&nbsp;<\/p>\n","protected":false},"excerpt":{"rendered":"<p>Cr\u00e9\u00e9 en 1992, le Parc National des Monts d\u2019Udzungwa est appr\u00e9ci\u00e9 pour la biodiversit\u00e9 de sa faune, la pr\u00e9sence d\u2019animaux embl\u00e9matiques et ses riches for\u00eats verdoyantes. Il est d\u2019ailleurs assez diff\u00e9rent des autres parcs de la Tanzanie et en vaut ainsi le d\u00e9tour. Ses diff\u00e9rents surnoms (Arc oriental, Arc montagneux de l\u2019Est,&#8230;) d\u00e9crivent entre autres &#8230; <a title=\"Parc national des monts Udzungwa\" class=\"read-more\" href=\"https:\/\/mistersafari.com\/fr\/safari-tanzanie\/parcs-reserves\/udzungwa\/\" aria-label=\"En savoir plus sur Parc national des monts Udzungwa\">Lire la suite<\/a><\/p>\n","protected":false},"author":3,"featured_media":637,"parent":934,"menu_order":5,"comment_status":"closed","ping_status":"open","template":"","meta":{"_acf_changed":false,"footnotes":""},"content_type":[],"country":[],"class_list":{"0":"post-792","1":"page","2":"type-page","3":"status-publish","4":"has-post-thumbnail","6":"no-featured-image-padding"},"acf":{"hreflang":[{"alternative_url":"https:\/\/mistersafari.com\/udzungwa-mountains-national-park\/","language":"en"}]},"_links":{"self":[{"href":"https:\/\/mistersafari.com\/fr\/wp-json\/wp\/v2\/pages\/792","targetHints":{"allow":["GET"]}}],"collection":[{"href":"https:\/\/mistersafari.com\/fr\/wp-json\/wp\/v2\/pages"}],"about":[{"href":"https:\/\/mistersafari.com\/fr\/wp-json\/wp\/v2\/types\/page"}],"author":[{"embeddable":true,"href":"https:\/\/mistersafari.com\/fr\/wp-json\/wp\/v2\/users\/3"}],"replies":[{"embeddable":true,"href":"https:\/\/mistersafari.com\/fr\/wp-json\/wp\/v2\/comments?post=792"}],"version-history":[{"count":8,"href":"https:\/\/mistersafari.com\/fr\/wp-json\/wp\/v2\/pages\/792\/revisions"}],"predecessor-version":[{"id":6255,"href":"https:\/\/mistersafari.com\/fr\/wp-json\/wp\/v2\/pages\/792\/revisions\/6255"}],"up":[{"embeddable":true,"href":"https:\/\/mistersafari.com\/fr\/wp-json\/wp\/v2\/pages\/934"}],"wp:featuredmedia":[{"embeddable":true,"href":"https:\/\/mistersafari.com\/fr\/wp-json\/wp\/v2\/media\/637"}],"wp:attachment":[{"href":"https:\/\/mistersafari.com\/fr\/wp-json\/wp\/v2\/media?parent=792"}],"wp:term":[{"taxonomy":"content_type","embeddable":true,"href":"https:\/\/mistersafari.com\/fr\/wp-json\/wp\/v2\/content_type?post=792"},{"taxonomy":"country","embeddable":true,"href":"https:\/\/mistersafari.com\/fr\/wp-json\/wp\/v2\/country?post=792"}],"curies":[{"name":"wp","href":"https:\/\/api.w.org\/{rel}","templated":true}]}}