{"id":781,"date":"2020-05-19T09:51:09","date_gmt":"2020-05-19T09:51:09","guid":{"rendered":"https:\/\/mistersafari.com\/fr\/?p=781"},"modified":"2021-12-24T11:46:05","modified_gmt":"2021-12-24T11:46:05","slug":"parc-national-mikumi","status":"publish","type":"page","link":"https:\/\/mistersafari.com\/fr\/safari-tanzanie\/parcs-reserves\/parc-national-mikumi\/","title":{"rendered":"Parc National de Mikumi"},"content":{"rendered":"\n<p>Souvent compar\u00e9 avec le <a href=\"https:\/\/mistersafari.com\/fr\/safari-tanzanie\/parcs-reserves\/parc-national-serengeti\/\" class=\"rank-math-link\">Serengeti<\/a> pour ses paysages, le Parc National de Mikumi est bien plus petit mais tout aussi int\u00e9ressant. Son acc\u00e8s facile depuis Dar Es Salaam fait de lui un parc id\u00e9al pour observer beaucoup d\u2019animaux sur un court s\u00e9jour.&nbsp;Voici notre guide complet pour visiter le Parc National de Mikumi.<\/p>\n\n\n<div id=\"ez-toc-container\" class=\"ez-toc-v2_0_76 counter-flat ez-toc-counter ez-toc-custom ez-toc-container-direction\">\n<div class=\"ez-toc-title-container\"><p class=\"ez-toc-title\" style=\"cursor:inherit\">Sommaire<\/p>\n<\/div><nav><ul class='ez-toc-list ez-toc-list-level-1 ' ><li class='ez-toc-page-1'><a class=\"ez-toc-link ez-toc-heading-1\" href=\"https:\/\/mistersafari.com\/fr\/safari-tanzanie\/parcs-reserves\/parc-national-mikumi\/#pourquoi-se-rendre-au-parc-de-mikumi\">Pourquoi se rendre au Parc de Mikumi<\/a><\/li><li class='ez-toc-page-1'><a class=\"ez-toc-link ez-toc-heading-2\" href=\"https:\/\/mistersafari.com\/fr\/safari-tanzanie\/parcs-reserves\/parc-national-mikumi\/#comment-se-rendre-au-parc-de-mikumi\">Comment se rendre au Parc de Mikumi<\/a><\/li><li class='ez-toc-page-1'><a class=\"ez-toc-link ez-toc-heading-3\" href=\"https:\/\/mistersafari.com\/fr\/safari-tanzanie\/parcs-reserves\/parc-national-mikumi\/#tarifs-et-reglementation-du-parc-national-de-mikumi\">Tarifs et r\u00e9glementation du parc national de Mikumi<\/a><\/li><li class='ez-toc-page-1'><a class=\"ez-toc-link ez-toc-heading-4\" href=\"https:\/\/mistersafari.com\/fr\/safari-tanzanie\/parcs-reserves\/parc-national-mikumi\/#ou-dormir-au-parc-de-mikumi\">O\u00f9 dormir au Parc de Mikumi<\/a><\/li><li class='ez-toc-page-1'><a class=\"ez-toc-link ez-toc-heading-5\" href=\"https:\/\/mistersafari.com\/fr\/safari-tanzanie\/parcs-reserves\/parc-national-mikumi\/#le-parc-de-mikumi-autres-informations-pratiques\">Le Parc de Mikumi : autres informations pratiques<\/a><\/li><\/ul><\/nav><\/div>\n\n\n\n\n<h2 class=\"wp-block-heading\"><span class=\"ez-toc-section\" id=\"pourquoi-se-rendre-au-parc-de-mikumi\"><\/span>Pourquoi se rendre au Parc de Mikumi<span class=\"ez-toc-section-end\"><\/span><\/h2>\n\n\n\n<h3 class=\"wp-block-heading\">Un safari dans le Parc de Mikumi<\/h3>\n\n\n\n<p>La biodiversit\u00e9 du Parc de Mikumi est tr\u00e8s riche. On d\u00e9nombre plus de 20 esp\u00e8ces de mammif\u00e8res, 30 esp\u00e8ces de papillons et 1200 esp\u00e8ces de plantes.<\/p>\n\n\n\n<p class=\"callout-green\"><strong>Le Parc National de Mikumi offre toutes les chances de rencontrer quatre des Big Five : \u00e9l\u00e9phants, buffles, lions, l\u00e9opards. M\u00eame si les rhinoc\u00e9ros sont absents du parc, vous ne serez pas d\u00e9\u00e7u lors d\u2019un safari dans le Parc de Mikumi !<\/strong><\/p>\n\n\n\n<div class=\"wp-block-image\"><figure class=\"aligncenter size-large\"><picture><source srcset=\"https:\/\/mistersafari.com\/fr\/wp-content\/uploads\/sites\/2\/mikumi.webp 800w,https:\/\/mistersafari.com\/fr\/wp-content\/uploads\/sites\/2\/mikumi-300x200.webp 300w,https:\/\/mistersafari.com\/fr\/wp-content\/uploads\/sites\/2\/mikumi-768x512.webp 768w\" sizes=\"auto, (max-width: 800px) 100vw, 800px\" type=\"image\/webp\"><img src=\"https:\/\/mistersafari.com\/fr\/wp-content\/uploads\/sites\/2\/mikumi.jpg\" height=\"533\" width=\"800\" srcset=\"https:\/\/mistersafari.com\/fr\/wp-content\/uploads\/sites\/2\/mikumi.jpg 800w, https:\/\/mistersafari.com\/fr\/wp-content\/uploads\/sites\/2\/mikumi-300x200.jpg 300w, https:\/\/mistersafari.com\/fr\/wp-content\/uploads\/sites\/2\/mikumi-768x512.jpg 768w\" sizes=\"auto, (max-width: 800px) 100vw, 800px\" class=\"wp-image-786 sp-no-webp\" alt=\"Parc national de Mikumi\" loading=\"lazy\" decoding=\"async\"  > <\/picture><figcaption>Cr\u00e9dits : <a aria-label=\"Mikumi National Park (opens in a new tab)\" href=\"https:\/\/www.flickr.com\/photos\/mwanasimba\/3179899510\/in\/photolist-5QZPkC-5QZKMj-5QZMVL-5RbcPh-5RbkXW-5QZSdw-5QZRz3-5QVwav-5QVyGH-5R6VSM-5QZM8w-5QVwhv-5QVzYR-5QZL27-5QVsYk-5RbdjG-5QVy4R-5R6WHn-5QZRRy-5QZMys-5QZRWA-5QZQpf-exQSSR-5QZQju-5QVtBe-5QZS7W-5QZKRG-5QZQYj-5QZN4E-5QVxEg-5Rbm3N-5QZKE9-5QVttH-5QZPYf-5QZQNh-5QVvM6-5QVwA4-5QZLoC-5QVx3K-5QVt5V-5QVvFK-5R8MFK-5Rd4Gm-5QZSus-5T3vbS-5QZPa3-9Z3WAg-5R6WBt-5QZMTJ-exP6GA\" target=\"_blank\" rel=\"noreferrer noopener nofollow\" class=\"rank-math-link\">Mikumi National Park<\/a> par <a aria-label=\"Sherwood (opens in a new tab)\" href=\"https:\/\/www.flickr.com\/photos\/mwanasimba\/\" rel=\"noreferrer noopener\" target=\"_blank\" class=\"rank-math-link\">Sherwood<\/a> (CC BY SA <a href=\"https:\/\/creativecommons.org\/licenses\/by-sa\/2.0\/\" class=\"rank-math-link\" target=\"_blank\" rel=\"noopener\">2.0<\/a>)<\/figcaption><\/figure><\/div>\n\n\n\n<p>La petite taille du parc et ses grandes prairies facilitent l\u2019observation des animaux sauvages. Girafes, z\u00e8bres, antilopes, gnous, hy\u00e8nes, impalas, grands koudous et hippotragues noirs peuplent les \u00e9tendues de savane. Les \u00e9lans, plus grande esp\u00e8ce d\u2019antilope au monde, font aussi la renomm\u00e9e du parc. Pr\u00e8s des points d\u2019eau, les hippopotames, les crocodiles et de nombreux oiseaux migrateurs sont pr\u00e9sents. Des groupes de babouins ont aussi \u00e9lu domicile dans le parc.&nbsp;Enfin, plus de 400 esp\u00e8ces d\u2019oiseaux sont observ\u00e9es dans le Parc de Mikumi dont le rollier \u00e0 longs brins, la sentinelle \u00e0 gorge jaune et l\u2019aigle bateleur.<\/p>\n\n\n\n<p>Comptez entre 2 et 4 nuits pour un safari complet dans le Parc de Mikumi. Cette destination est souvent combin\u00e9e avec la visite des Parcs du Selous, de <a href=\"https:\/\/mistersafari.com\/fr\/safari-tanzanie\/parcs-reserves\/parc-ruaha\/\" class=\"rank-math-link\">Ruaha <\/a>et d\u2019Udzungwa ou avec un <a href=\"https:\/\/mistersafari.com\/fr\/safari-tanzanie\/zanzibar\/\" class=\"rank-math-link\">s\u00e9jour safari \u00e0 Zanzibar<\/a> et sur les plus belles plages de Tanzanie.<\/p>\n\n\n\n<p>Des safaris de nuit et des safaris \u00e0 pieds sont aussi organis\u00e9s au sein du Parc de Mikumi.<\/p>\n\n\n\n<h3 class=\"wp-block-heading\">Les autres activit\u00e9s \u00e0 faire<\/h3>\n\n\n\n<h4 class=\"wp-block-heading\">Points de vue<\/h4>\n\n\n\n<p>Lors de votre visite du Parc de Mikumi, arr\u00eatez-vous aux points de vue de Vuma Hill et de Hippo Pool pour observer d\u2019une part les paysages et la faune (dont les crocodiles et les hippopotames qui se baignent) mais aussi les magnifiques couchers et levers de soleil qu\u2019offre le parc.<\/p>\n\n\n\n<h4 class=\"wp-block-heading\">Visite d\u2019un village local<\/h4>\n\n\n\n<p>Les villages voisins au parc proposent des visites aux voyageurs afin de d\u00e9couvrir leurs habitations, des repas et danses traditionnelles et des fabrications artisanales.<\/p>\n\n\n\n<h2 class=\"wp-block-heading\"><span class=\"ez-toc-section\" id=\"comment-se-rendre-au-parc-de-mikumi\"><\/span>Comment se rendre au Parc de Mikumi<span class=\"ez-toc-section-end\"><\/span><\/h2>\n\n\n\n<p>L\u2019acc\u00e8s au Parc de Mikumi est plus ou moins facile selon votre lieu de d\u00e9part.<\/p>\n\n\n\n<h4 class=\"wp-block-heading\">Depuis Dar Es Salaam<\/h4>\n\n\n\n<p>Vous pourrez vous rendre au Parc de Mikumi par voiture. Gr\u00e2ce \u00e0 la route goudronn\u00e9e reliant Dar Es Salaam \u00e0 Iringa (la Tanzam Highway), il faudra compter environ 4 heures de voyage. Des liaisons quotidiennes en bus et en avion sont aussi propos\u00e9es aux voyageurs.<\/p>\n\n\n\n<h4 class=\"wp-block-heading\">Depuis Arusha et le nord de la Tanzanie<\/h4>\n\n\n\n<p>La route est longue (plus de 10 heures) et l\u2019option de venir en voiture est rarement choisie par les voyageurs. Pr\u00e9f\u00e9rez plut\u00f4t un vol interne qui vous permettra de rejoindre le Parc de Mikumi en 1 heure de vol.<\/p>\n\n\n\n<p>Deux portes d\u2019acc\u00e8s permettent d\u2019entrer le parc :<\/p>\n\n\n\n<ul class=\"wp-block-list\"><li>une porte au Nord du parc, la plus emprunt\u00e9e ;<\/li><li>une porte au Sud.<\/li><\/ul>\n\n\n\n<h2 class=\"wp-block-heading\"><span class=\"ez-toc-section\" id=\"tarifs-et-reglementation-du-parc-national-de-mikumi\"><\/span>Tarifs et r\u00e9glementation du parc national de Mikumi<span class=\"ez-toc-section-end\"><\/span><\/h2>\n\n\n\n<h3 class=\"wp-block-heading\">Prix d\u2019entr\u00e9e<\/h3>\n\n\n\n<p>\u00c0 l\u2019entr\u00e9e du Parc de Mikumi, vous devrez vous acquitter de votre billet d\u2019entr\u00e9e, valide pour une dur\u00e9e de 24h. Les tarifs sont les suivants :&nbsp;<\/p>\n\n\n\n<ul class=\"wp-block-list\"><li>$30 par adultes<\/li><li>$15 par enfant de 5 \u00e0 15 ans<\/li><li>Gratuit pour les enfants de moins de 5 ans<\/li><\/ul>\n\n\n\n<p>Les v\u00e9hicules sont aussi payants et le tarif d\u00e9pend du poids du 4&#215;4.<\/p>\n\n\n\n<h3 class=\"wp-block-heading\">R\u00e9glementation du parc Mikumi<\/h3>\n\n\n\n<p>Au sein du parc, il faudra s\u2019assurer de respecter les r\u00e8gles communes \u00e0 tous les <a href=\"http:\/\/lien\">safaris en Tanzanie<\/a> : respect de la faune et de la flore, minimiser le bruit, ramasser ses d\u00e9chets, rester \u00e0 une certaine distance des animaux, \u2026<\/p>\n\n\n\n<h2 class=\"wp-block-heading\"><span class=\"ez-toc-section\" id=\"ou-dormir-au-parc-de-mikumi\"><\/span>O\u00f9 dormir au Parc de Mikumi<span class=\"ez-toc-section-end\"><\/span><\/h2>\n\n\n\n<h3 class=\"wp-block-heading\">Les campings<\/h3>\n\n\n\n<p>Le Parc National de Mikumi compte quatre campings, tout simplement appel\u00e9s camping Num\u00e9ro 1, Num\u00e9ro 2, Num\u00e9ro 3 et Num\u00e9ro 4. Il s\u2019agit de campings publics qui disposent des infrastructures de base dont l\u2019eau courante et des sanitaires.&nbsp;Il existe aussi un camping sp\u00e9cial, c\u2019est-\u00e0-dire sans eau courante et sans sanitaire, le Chogawale. Il est \u00e0 usage exclusif des groupes lors d\u2019un safari organis\u00e9.<\/p>\n\n\n\n<h3 class=\"wp-block-heading\">Les camps de toile<\/h3>\n\n\n\n<p>Vous avez le choix entre trois camps de toile :<\/p>\n\n\n\n<ul class=\"wp-block-list\"><li>Vuma Hill Tented Lodge \u00e0 environ 8 km de la porte principale<\/li><li><a href=\"https:\/\/www.foxessafaricamps.com\/\" class=\"rank-math-link\" target=\"_blank\" rel=\"noopener\">Fox Safari Camp<\/a> situ\u00e9 \u00e0 Stanley Kopjes, environ 40 km depuis la porte principale<\/li><li><a href=\"https:\/\/www.booking.com\/hotel\/tz\/mikumi-wildlife-camp.fr.html\" class=\"rank-math-link\" target=\"_blank\" rel=\"noopener\">Mikumi Wildlife Camp<\/a> \u00e0 200m de la porte principale<\/li><\/ul>\n\n\n\n<h3 class=\"wp-block-heading\">Les lodges<\/h3>\n\n\n\n<p>Situ\u00e9 \u00e0 l\u2019int\u00e9rieur du parc, le lodge <a aria-label=\" (opens in a new tab)\" href=\"https:\/\/www.booking.com\/hotel\/tz\/mikumi-ndovu-lodge.fr.html\" target=\"_blank\" rel=\"noreferrer noopener\" class=\"rank-math-link\">Mikumi Ndovu Lodge<\/a> offre des chambres privatives. Les infrastructures sont moins luxueuses que certains camps de toile.<\/p>\n\n\n\n<h2 class=\"wp-block-heading\"><span class=\"ez-toc-section\" id=\"le-parc-de-mikumi-autres-informations-pratiques\"><\/span>Le Parc de Mikumi : autres informations pratiques<span class=\"ez-toc-section-end\"><\/span><\/h2>\n\n\n\n<h3 class=\"wp-block-heading\">G\u00e9ographie<\/h3>\n\n\n\n<p>Quatri\u00e8me plus grand parc de Tanzanie, le Parc de Mikumi fait partie d\u2019un large \u00e9cosyst\u00e8me de plus de 70 000 km2 \u00e0 l\u2019est de la Tanzanie, dont la R\u00e9serve de Selous fait aussi partie, qui s\u2019\u00e9tend presque jusqu\u2019aux c\u00f4tes de l\u2019Oc\u00e9an Indien.<\/p>\n\n\n\n<p>D\u2019une superficie de 3 230 km2, des montagnes bordent le parc et marquent ses fronti\u00e8res :&nbsp; au Sud avec Selous, \u00e0 l\u2019Est avec le massif de 2743 m\u00e8tres d\u2019Uluguru et au Sud-Est avec Vidunda Hill. Les \u00e9tendues de savane pr\u00e9dominent et les collines entourent les plaines inondables de la rivi\u00e8re Mkata.<\/p>\n\n\n\n<h3 class=\"wp-block-heading\">M\u00e9t\u00e9o<\/h3>\n\n\n\n<p>Le climat du Parc de Mikumi est marqu\u00e9 par :<\/p>\n\n\n\n<ul class=\"wp-block-list\"><li>une saison humide avec la saison des petites pluies d\u2019octobre \u00e0 novembre puis la saison des grandes pluies de mars \u00e0 mai (les pluies se font aussi rares pendant les mois de janvier et f\u00e9vrier)&nbsp;<\/li><li>une saison s\u00e8che de juin \u00e0 septembre<\/li><\/ul>\n\n\n\n<p>Les temp\u00e9ratures sont plus agr\u00e9ables pendant la saison s\u00e8che et varient entre 20 et 25 degr\u00e9s, alors qu\u2019elles peuvent atteindre les 30 degr\u00e9s pendant la saison des pluies.<\/p>\n\n\n\n<h3 class=\"wp-block-heading\">Quand visiter<\/h3>\n\n\n\n<p>Le parc est accessible toute l\u2019ann\u00e9e. Mais la meilleure p\u00e9riode pour visiter le Parc National de Mikumi est pendant la saison s\u00e8che. Les points d\u2019eau s\u2019ass\u00e8chent, notamment en ao\u00fbt, et les animaux s\u2019y rassemblent. C\u2019est donc id\u00e9al pour un safari \u00e0 Mikumi.<\/p>\n","protected":false},"excerpt":{"rendered":"<p>Souvent compar\u00e9 avec le Serengeti pour ses paysages, le Parc National de Mikumi est bien plus petit mais tout aussi int\u00e9ressant. Son acc\u00e8s facile depuis Dar Es Salaam fait de lui un parc id\u00e9al pour observer beaucoup d\u2019animaux sur un court s\u00e9jour.&nbsp;Voici notre guide complet pour visiter le Parc National de Mikumi. Pourquoi se rendre &#8230; <a title=\"Parc National de Mikumi\" class=\"read-more\" href=\"https:\/\/mistersafari.com\/fr\/safari-tanzanie\/parcs-reserves\/parc-national-mikumi\/\" aria-label=\"En savoir plus sur Parc National de Mikumi\">Lire la suite<\/a><\/p>\n","protected":false},"author":3,"featured_media":671,"parent":934,"menu_order":4,"comment_status":"closed","ping_status":"open","template":"","meta":{"_acf_changed":false,"footnotes":""},"content_type":[],"country":[],"class_list":{"0":"post-781","1":"page","2":"type-page","3":"status-publish","4":"has-post-thumbnail","6":"no-featured-image-padding"},"acf":{"hreflang":[{"alternative_url":"https:\/\/mistersafari.com\/mikumi-national-park\/","language":"en"}]},"_links":{"self":[{"href":"https:\/\/mistersafari.com\/fr\/wp-json\/wp\/v2\/pages\/781","targetHints":{"allow":["GET"]}}],"collection":[{"href":"https:\/\/mistersafari.com\/fr\/wp-json\/wp\/v2\/pages"}],"about":[{"href":"https:\/\/mistersafari.com\/fr\/wp-json\/wp\/v2\/types\/page"}],"author":[{"embeddable":true,"href":"https:\/\/mistersafari.com\/fr\/wp-json\/wp\/v2\/users\/3"}],"replies":[{"embeddable":true,"href":"https:\/\/mistersafari.com\/fr\/wp-json\/wp\/v2\/comments?post=781"}],"version-history":[{"count":14,"href":"https:\/\/mistersafari.com\/fr\/wp-json\/wp\/v2\/pages\/781\/revisions"}],"predecessor-version":[{"id":6250,"href":"https:\/\/mistersafari.com\/fr\/wp-json\/wp\/v2\/pages\/781\/revisions\/6250"}],"up":[{"embeddable":true,"href":"https:\/\/mistersafari.com\/fr\/wp-json\/wp\/v2\/pages\/934"}],"wp:featuredmedia":[{"embeddable":true,"href":"https:\/\/mistersafari.com\/fr\/wp-json\/wp\/v2\/media\/671"}],"wp:attachment":[{"href":"https:\/\/mistersafari.com\/fr\/wp-json\/wp\/v2\/media?parent=781"}],"wp:term":[{"taxonomy":"content_type","embeddable":true,"href":"https:\/\/mistersafari.com\/fr\/wp-json\/wp\/v2\/content_type?post=781"},{"taxonomy":"country","embeddable":true,"href":"https:\/\/mistersafari.com\/fr\/wp-json\/wp\/v2\/country?post=781"}],"curies":[{"name":"wp","href":"https:\/\/api.w.org\/{rel}","templated":true}]}}