{"id":768,"date":"2020-05-19T09:36:47","date_gmt":"2020-05-19T09:36:47","guid":{"rendered":"https:\/\/mistersafari.com\/fr\/?p=768"},"modified":"2021-12-24T11:49:30","modified_gmt":"2021-12-24T11:49:30","slug":"arusha","status":"publish","type":"page","link":"https:\/\/mistersafari.com\/fr\/safari-tanzanie\/parcs-reserves\/arusha\/","title":{"rendered":"Parc national d&rsquo;Arusha"},"content":{"rendered":"\n<p>Plus petit parc de la Tanzanie, Arusha n\u2019en est pas moins un parc int\u00e9ressant \u00e0 visiter . Avec notamment le Mont Meru, deuxi\u00e8me sommet de la Tanzanie, qui s\u2019\u00e9l\u00e8ve au milieu du parc, les paysages sont \u00e0 couper le souffle et constituent un habitat id\u00e9al pour de nombreux animaux.&nbsp;Pr\u00e9parez votre visite du Parc National d\u2019Arusha gr\u00e2ce \u00e0 notre guide.&nbsp;<\/p>\n\n\n<div id=\"ez-toc-container\" class=\"ez-toc-v2_0_76 counter-flat ez-toc-counter ez-toc-custom ez-toc-container-direction\">\n<div class=\"ez-toc-title-container\"><p class=\"ez-toc-title\" style=\"cursor:inherit\">Sommaire<\/p>\n<\/div><nav><ul class='ez-toc-list ez-toc-list-level-1 ' ><li class='ez-toc-page-1'><a class=\"ez-toc-link ez-toc-heading-1\" href=\"https:\/\/mistersafari.com\/fr\/safari-tanzanie\/parcs-reserves\/arusha\/#pourquoi-se-rendre-au-parc-darusha\">Pourquoi se rendre au Parc d\u2019Arusha ?<\/a><\/li><li class='ez-toc-page-1'><a class=\"ez-toc-link ez-toc-heading-2\" href=\"https:\/\/mistersafari.com\/fr\/safari-tanzanie\/parcs-reserves\/arusha\/#comment-se-rendre-au-parc-darusha\">Comment se rendre au Parc d\u2019Arusha<\/a><\/li><li class='ez-toc-page-1'><a class=\"ez-toc-link ez-toc-heading-3\" href=\"https:\/\/mistersafari.com\/fr\/safari-tanzanie\/parcs-reserves\/arusha\/#tarifs-et-reglementation-du-parc-darusha\">Tarifs et r\u00e9glementation du parc d&rsquo;Arusha<\/a><\/li><li class='ez-toc-page-1'><a class=\"ez-toc-link ez-toc-heading-4\" href=\"https:\/\/mistersafari.com\/fr\/safari-tanzanie\/parcs-reserves\/arusha\/#ou-dormir-au-parc-darusha\">O\u00f9 dormir au Parc d\u2019Arusha<\/a><\/li><li class='ez-toc-page-1'><a class=\"ez-toc-link ez-toc-heading-5\" href=\"https:\/\/mistersafari.com\/fr\/safari-tanzanie\/parcs-reserves\/arusha\/#le-parc-darusha-autres-informations-pratiques\">Le Parc d\u2019Arusha : autres informations pratiques<\/a><\/li><\/ul><\/nav><\/div>\n\n\n\n\n<h2 class=\"wp-block-heading\"><span class=\"ez-toc-section\" id=\"pourquoi-se-rendre-au-parc-darusha\"><\/span>Pourquoi se rendre au Parc d\u2019Arusha ?<span class=\"ez-toc-section-end\"><\/span><\/h2>\n\n\n\n<h3 class=\"wp-block-heading\">Un safari dans le Parc d\u2019Arusha<\/h3>\n\n\n\n<p>Gr\u00e2ce \u00e0 sa proximit\u00e9 avec la ville d\u2019Arusha, le parc national du m\u00eame nom est souvent la premi\u00e8re ou la derni\u00e8re \u00e9tape d\u2019un circuit de safaris dans les parcs du Nord du pays.&nbsp;<\/p>\n\n\n\n<p>Sa flore diversifi\u00e9e accueille de nombreuses esp\u00e8ces d\u2019animaux, tout aussi vari\u00e9es. Commen\u00e7ons tout d\u2019abord avec les oiseaux. Vous pourrez observer des flamants roses et autres oiseaux aquatiques pr\u00e8s des nombreux lacs. Dans tout le parc, des p\u00e9licans, des milans, des touracos multicolores (dont le touraco de Hartlaub pr\u00e9sent uniquement en Afrique de l\u2019Est), des aigles couronn\u00e9s, des ibis, des calaos et bien d\u2019autres oiseaux sont pr\u00e9sents. Les for\u00eats tropicales sont aussi le refuge d\u2019une multitude d\u2019esp\u00e8ces. Log\u00e9s sur les cimes des arbres, ils ne sont pas toujours faciles \u00e0 apercevoir. Par contre, lors d\u2019une balade au coeur de la for\u00eat, vous pourrez appr\u00e9cier les chants des oiseaux.&nbsp;<\/p>\n\n\n\n<p>C\u2019est aussi dans les for\u00eats du parc que vous aurez la chance d\u2019observer une esp\u00e8ce rare : les colobes.&nbsp; Le Parc National d\u2019Arusha est d\u2019ailleurs le parc de Tanzanie le plus peupl\u00e9 de colobes noirs et blancs.&nbsp;Avec ses longs poils noirs et blancs, il est facilement reconnaissable et vit surtout en haut des arbres, en groupe avec un m\u00e2le dominant. Les babouins et singes bleus sont aussi pr\u00e9sents dans le Parc d\u2019Arusha.&nbsp;<\/p>\n\n\n\n<p class=\"callout-green\"><strong>Lors d\u2019un safari dans le Parc National d\u2019Arusha, vous rencontrerez aussi des girafes, des buffles, des z\u00e8bres, des antilopes, des l\u00e9opards, des hippopotames, des phacoch\u00e8res\u2026&nbsp;<\/strong><\/p>\n\n\n\n<div class=\"wp-block-image\"><figure class=\"aligncenter size-large\"><picture><source srcset=\"https:\/\/mistersafari.com\/fr\/wp-content\/uploads\/sites\/2\/arusha.webp 800w,https:\/\/mistersafari.com\/fr\/wp-content\/uploads\/sites\/2\/arusha-300x185.webp 300w,https:\/\/mistersafari.com\/fr\/wp-content\/uploads\/sites\/2\/arusha-768x473.webp 768w\" sizes=\"auto, (max-width: 800px) 100vw, 800px\" type=\"image\/webp\"><img src=\"https:\/\/mistersafari.com\/fr\/wp-content\/uploads\/sites\/2\/arusha.jpg\" height=\"493\" width=\"800\" srcset=\"https:\/\/mistersafari.com\/fr\/wp-content\/uploads\/sites\/2\/arusha.jpg 800w, https:\/\/mistersafari.com\/fr\/wp-content\/uploads\/sites\/2\/arusha-300x185.jpg 300w, https:\/\/mistersafari.com\/fr\/wp-content\/uploads\/sites\/2\/arusha-768x473.jpg 768w\" sizes=\"auto, (max-width: 800px) 100vw, 800px\" class=\"wp-image-776 sp-no-webp\" alt=\"\" loading=\"lazy\" decoding=\"async\"  > <\/picture><figcaption><em>Cr\u00e9dits : <a href=\"https:\/\/www.flickr.com\/photos\/romanboed\/15574173648\/in\/photolist-pJeHej-nRSsD8-6A2nwt-25xmYHh-JDxKS6-9NsSZG-9Npusg-p4SLMg-TUasuw-q2tVm9-9NpvHc-9NsPQo-9NpFJc-9NrU93-9NpSjF-9NsRi5-9NsdCN-9NqhTR-rEHU3K-9NsNiA-9NsLs7-9Np9e2-9NsEYo-9NsGEW-9NpwG6-q1rQsa-9NpjVa-9Nqaun-9NrT4h-TnLCv3-9NpmgM-9Ns3Vq-9Nq8Kv-9NqdJP-9NsBJb-9NrRUU-9Nsb4d-9NsmA7-9NpfRX-9Nt5WG-9NpCfx-9NsYkq-9Nptxa-9Np5jn-9Nq9t8-9NpLVH-9NrPUU-9NqbqK-pJVLNJ-JVrzud\" target=\"_blank\" aria-label=\"Arusha (opens in a new tab)\" rel=\"noreferrer noopener\" class=\"rank-math-link\">Arusha<\/a> par <a href=\"https:\/\/www.flickr.com\/photos\/romanboed\/\" target=\"_blank\" aria-label=\"R Boed (opens in a new tab)\" rel=\"noreferrer noopener\" class=\"rank-math-link\">R Boed<\/a> (CC BY <a href=\"https:\/\/creativecommons.org\/licenses\/by\/2.0\/\" target=\"_blank\" aria-label=\"2.0 (opens in a new tab)\" rel=\"noreferrer noopener\" class=\"rank-math-link\">2.0<\/a>)<\/em><\/figcaption><\/figure><\/div>\n\n\n\n<p>Les \u00e9l\u00e9phants sont rares et les lions sont par contre absents dans ce parc.&nbsp; Au-del\u00e0 des animaux, ne manquez pas lors d\u2019un safari au Parc National d\u2019Arusha la magnifique vue sur le kilimandjaro, situ\u00e9 seulement 50km plus loin, que l&rsquo;on peut observer au lever ou au coucher du soleil lorsque le ciel est d\u00e9gag\u00e9.&nbsp;<\/p>\n\n\n\n<p>Comptez une demi-journ\u00e9e ou une journ\u00e9e maximum pour visiter le Parc National d\u2019Arusha.&nbsp; Des safaris \u00e0 pieds, d\u2019une dur\u00e9e de 4h et accompagn\u00e9s d\u2019un ranger arm\u00e9, sont aussi propos\u00e9s.<\/p>\n\n\n\n<h3 class=\"wp-block-heading\">Les autres activit\u00e9s \u00e0 faire<\/h3>\n\n\n\n<p>M\u00eame si Arusha est relativement peu visit\u00e9, plusieurs activit\u00e9s valent que l\u2019on s\u2019y arr\u00eate.&nbsp;<\/p>\n\n\n\n<h4 class=\"wp-block-heading\">Safari en cano\u00eb sur le Lac Momella<\/h4>\n\n\n\n<p>La visite du Parc d\u2019Arusha sera l\u2019occasion de tester une activit\u00e9 originale en r\u00e9alisant un safari en cano\u00eb sur le plus grand lac du parc, le Lac Momella. Offrant des points de vue hors de l\u2019ordinaire, vous aurez la chance de pouvoir observer les hippopotames de pr\u00e8s, ainsi que les oiseaux et les autres animaux qui viennent s\u2019abreuver dans les eaux du lac.&nbsp;<\/p>\n\n\n\n<h4 class=\"wp-block-heading\">Ascension du Mont Meru<\/h4>\n\n\n\n<p>C\u2019est l\u2019une des raisons principales qui incite les voyageurs \u00e0 visiter le Parc National d\u2019Arusha. Le Mont Meru culmine \u00e0 4566 m\u00e8tres d\u2019altitude. Il est le deuxi\u00e8me plus grand sommet de la Tanzanie et le cinqui\u00e8me d\u2019Afrique. Cela fait de lui un bon exercice d\u2019acclimatation \u00e0 l\u2019altitude pour les grimpeurs qui s&rsquo;attaquent ensuite au Kilimandjaro. Comptez environ 3 \u00e0 4 jours de marche.&nbsp; <\/p>\n\n\n\n<p>D\u2019autres randonn\u00e9es au sein du Parc d\u2019Arusha sont aussi possibles gr\u00e2ce aux nombreux sentiers qui arpentent le parc.&nbsp;<\/p>\n\n\n\n<h4 class=\"wp-block-heading\">Visite de la ville d\u2019Arusha<\/h4>\n\n\n\n<p>Situ\u00e9 \u00e0 moins d\u2019une heure du parc, la ville d\u2019Arusha sera tr\u00e8s certainement l\u2019une de vos \u00e9tapes si vous r\u00e9alisez des safaris dans les parcs du Nord de la Tanzanie. La visite de la capitale de la r\u00e9gion sera l\u2019occasion de d\u00e9couvrir la culture locale, m\u00eame si elle est aujourd\u2019hui bien modernis\u00e9e.<\/p>\n\n\n\n<h4 class=\"wp-block-heading\">Visiter une plantation de caf\u00e9<\/h4>\n\n\n\n<p>Pr\u00e8s d\u2019Arusha, de nombreuses plantations de caf\u00e9 ouvrent leurs portes aux visiteurs. Apprendre tout sur la pousse du caf\u00e9, torr\u00e9fier et moudre du caf\u00e9 puis le d\u00e9guster et enfin d\u00e9couvrir la culture Meru sont au programme de ces visites.&nbsp;<\/p>\n\n\n\n<h2 class=\"wp-block-heading\"><span class=\"ez-toc-section\" id=\"comment-se-rendre-au-parc-darusha\"><\/span>Comment se rendre au Parc d\u2019Arusha<span class=\"ez-toc-section-end\"><\/span><\/h2>\n\n\n\n<p>L\u2019acc\u00e8s est tr\u00e8s facile, c\u2019est notamment l\u2019un des parcs les plus proches de l\u2019a\u00e9roport international Kilimandjaro. Vous pourrez vous rendre au Parc National d\u2019Arusha en voiture, en bus ou en taxi.&nbsp;<\/p>\n\n\n\n<p class=\"callout-blue\">Comptez environ 45 minutes en voiture depuis Arusha (attention aux bouchons aux heures de pointe dans cette ville anim\u00e9e).&nbsp;<\/p>\n\n\n\n<p>Pour entrer dans l\u2019enceinte du parc, vous passerez par l\u2019une des deux portes :<\/p>\n\n\n\n<ul class=\"wp-block-list\"><li>Porte NGongongare au Sud<\/li><li>Porte Momella au Nord<\/li><\/ul>\n\n\n\n<h2 class=\"wp-block-heading\"><span class=\"ez-toc-section\" id=\"tarifs-et-reglementation-du-parc-darusha\"><\/span>Tarifs et r\u00e9glementation du parc d&rsquo;Arusha<span class=\"ez-toc-section-end\"><\/span><\/h2>\n\n\n\n<h3 class=\"wp-block-heading\">Prix d\u2019entr\u00e9e<\/h3>\n\n\n\n<p>L\u2019acc\u00e8s au parc Arusha est payant et les tarifs sont les suivants :<\/p>\n\n\n\n<ul class=\"wp-block-list\"><li>$45 par adulte<\/li><li>$15 par enfant de 5 \u00e0 16 ans<\/li><li>Gratuit pour les moins de 5 ans.&nbsp;<\/li><\/ul>\n\n\n\n<p>Ces prix sont indiqu\u00e9s hors taxe, il faudra donc ajouter 18% de TVA.&nbsp;<\/p>\n\n\n\n<p>Pensez aussi que votre v\u00e9hicule (et le guide avec qui vous voyagez) sont aussi payants. Les tarifs varient en fonction du poids du v\u00e9hicule.&nbsp;<\/p>\n\n\n\n<h3 class=\"wp-block-heading\">R\u00e9glementation du parc<\/h3>\n\n\n\n<p>Les r\u00e8gles applicables au sein du Parc National d\u2019Arusha sont les m\u00eames que dans les <a href=\"https:\/\/mistersafari.com\/fr\/safari-tanzanie\/parcs-reserves\/\" class=\"rank-math-link\">autres parcs de Tanzanie<\/a>. Vous devez respecter la faune et la flore en minimisant le bruit, ramassant vos d\u00e9chets, gardant vos distances avec les animaux, \u2026 La r\u00e9glementation de la visite du Parc d\u2019Arusha est fournie lors de votre entr\u00e9e.&nbsp;<\/p>\n\n\n\n<h2 class=\"wp-block-heading\"><span class=\"ez-toc-section\" id=\"ou-dormir-au-parc-darusha\"><\/span>O\u00f9 dormir au Parc d\u2019Arusha<span class=\"ez-toc-section-end\"><\/span><\/h2>\n\n\n\n<p>La visite du Parc National d\u2019Arusha est souvent la premi\u00e8re ou la derni\u00e8re \u00e9tape lors d\u2019un circuit dans le Nord de la Tanzanie, en partant ou en arrivant sur Arusha. La ville d\u2019Arusha dispose d\u2019un vaste choix de logements pour les touristes, de tout niveau de confort et pour tous les budgets (h\u00f4tels, lodges, \u2026). Les voyageurs qui choisissent de passer une nuit dans le parc d\u2019Arusha auront le choix entre plusieurs types d\u2019h\u00e9bergement. Quelques uns sont situ\u00e9s \u00e0 l&rsquo;int\u00e9rieur du parc, mais la plupart se trouve \u00e0 proximit\u00e9.&nbsp;&nbsp;<\/p>\n\n\n\n<h3 class=\"wp-block-heading\">Les campings<\/h3>\n\n\n\n<p>On distingue les campings publics des campings sp\u00e9ciaux.&nbsp;Les premiers sont ouverts \u00e0 tous les voyageurs. Certains disposent de sanitaires et de points d\u2019eau. Pour d\u2019autres, le confort est assez rustique. Les r\u00e9servations se font aupr\u00e8s du TANAPA, l\u2019administration qui r\u00e9git les parcs nationaux de Tanzanie, \u00e0 chaque porte d\u2019entr\u00e9e du parc.&nbsp; Les campings sp\u00e9ciaux sont r\u00e9serv\u00e9s aux groupes organis\u00e9s. Avec des infrastructures tr\u00e8s succinctes, ils impliquent que les organisateurs voyagent avec tout le n\u00e9cessaire.&nbsp;<\/p>\n\n\n\n<h3 class=\"wp-block-heading\">Les g\u00eetes et chambres d\u2019h\u00f4tes<\/h3>\n\n\n\n<p><a href=\"https:\/\/www.booking.com\/hotel\/tz\/hillside-retreat-africa-amini-life.fr.html\" target=\"_blank\" aria-label=\" (opens in a new tab)\" rel=\"noreferrer noopener\" class=\"rank-math-link\">Hillside Retreat<\/a> est situ\u00e9 au coeur du parc et propose deux g\u00eetes, avec cuisine privative mais aussi un restaurant o\u00f9 peuvent \u00eatre servis le petit-d\u00e9jeuner. L\u2019\u00e9tablissement propose plusieurs activit\u00e9s (visite d\u2019\u00e9coles locales, randonn\u00e9es, \u2026).<\/p>\n\n\n\n<p>Quelques chambres d\u2019h\u00f4tes peuvent aussi vous accueillir.<\/p>\n\n\n\n<h3 class=\"wp-block-heading\">Les lodges<\/h3>\n\n\n\n<p>Si vous souhaitez \u00eatre log\u00e9 en lodge au sein du parc, les options sont limit\u00e9es. <a href=\"https:\/\/www.booking.com\/hotel\/tz\/twiga-lodge-anp.fr.html\" target=\"_blank\" aria-label=\" (opens in a new tab)\" rel=\"noreferrer noopener\" class=\"rank-math-link\">Twiga Lodge<\/a> propose des chambres en dur avec salle de bain privative,&nbsp; ainsi qu\u2019un restaurant et un bar.&nbsp;<\/p>\n\n\n\n<p>Au Sud du parc, <a href=\"https:\/\/www.booking.com\/hotel\/tz\/ngare-sero-mountain-lodge.fr.html\" target=\"_blank\" aria-label=\" (opens in a new tab)\" rel=\"noreferrer noopener\" class=\"rank-math-link\">Ngare Sero Mountain Lodge<\/a> a excellente r\u00e9putation. Situ\u00e9 \u00e0 16km de l\u2019entr\u00e9e du parc, l\u2019acc\u00e8s est rapide. Vous profitez d\u2019infrastructures modernes, dont un restaurant, une piscine et des chambres priv\u00e9es spacieuses.&nbsp;<\/p>\n\n\n\n<h2 class=\"wp-block-heading\"><span class=\"ez-toc-section\" id=\"le-parc-darusha-autres-informations-pratiques\"><\/span>Le Parc d\u2019Arusha : autres informations pratiques<span class=\"ez-toc-section-end\"><\/span><\/h2>\n\n\n\n<h3 class=\"wp-block-heading\">G\u00e9ographie<\/h3>\n\n\n\n<p>Le Parc National d\u2019Arusha est situ\u00e9 au Nord de la Tanzanie. Avec une superficie de 137 km2, il s&rsquo;agit du plus petit parc du pays. Il est situ\u00e9 \u00e0 une altitude minimum de 1500 m\u00e8tres.<\/p>\n\n\n\n<p>Il est divis\u00e9 en trois parties :&nbsp;<\/p>\n\n\n\n<ul class=\"wp-block-list\"><li>Le Mont Meru domine le parc. Avec son sommet culminant \u00e0 4566 m\u00e8tres, il repr\u00e9sente le second sommet de Tanzanie, derri\u00e8re le Kilimandjaro, et le cinqui\u00e8me d\u2019Afrique.&nbsp;<\/li><li>Au Sud Est, le crat\u00e8re Ngurdoto, souvent appel\u00e9 le cousin du <a href=\"https:\/\/mistersafari.com\/fr\/safari-tanzanie\/parcs-reserves\/cratere-ngorongoro\/\" class=\"rank-math-link\">crat\u00e8re Ngorongoro<\/a>, est recouvert d\u2019une for\u00eat tropicale et mesure 3 km de diam\u00e8tre.&nbsp;&nbsp;&nbsp;<\/li><li>Au Nord Est, les lacs Momella, alcalins et non sal\u00e9s, accueillent de nombreux flamants roses et autres oiseaux.&nbsp;<\/li><\/ul>\n\n\n\n<p>La diversit\u00e9 des paysages et de la flore en font un lieu id\u00e9al pour les animaux sauvages.&nbsp; Le parc a \u00e9t\u00e9 d\u00e9clar\u00e9 Parc National en 1960 et a connu plusieurs appellations (Parc National Ngurdoto et Parc National du Mont Meru) avant d\u2019obtenir son nom actuel.&nbsp;<\/p>\n\n\n\n<h3 class=\"wp-block-heading\">M\u00e9t\u00e9o<\/h3>\n\n\n\n<p>Le Parc National d\u2019Arusha conna\u00eet deux principales saisons : une saison des pluies allant de Novembre \u00e0 Avril et une saison s\u00e8che de Juin \u00e0 Octobre.&nbsp;<\/p>\n\n\n\n<p>Pendant la saison humide, les pluies sont les plus abondantes en Avril et en Novembre.&nbsp; Les temp\u00e9ratures avoisinent les 30 degr\u00e9s. Durant la saison s\u00e8che, le climat est plus temp\u00e9r\u00e9. Les temp\u00e9ratures au d\u00e9but de la saison varient entre 18 et 25 degr\u00e9s et peuvent aller jusqu\u2019\u00e0 28 degr\u00e9s en milieu de saison.&nbsp;<\/p>\n\n\n\n<h3 class=\"wp-block-heading\">Quand visiter<\/h3>\n\n\n\n<p>Le parc se visite toute l\u2019ann\u00e9e. Mais selon vos projets de voyage, certaines p\u00e9riodes sont \u00e0 privil\u00e9gi\u00e9es.&nbsp;<\/p>\n\n\n\n<p>Pour un safari, la p\u00e9riode de fin Juin \u00e0 Octobre est la plus propice \u00e0 l&rsquo;observation de la faune. La v\u00e9g\u00e9tation est moins dense et les animaux se rassemblent autour des points d\u2019eau. Le climat est agr\u00e9able.&nbsp;<\/p>\n\n\n\n<p>En D\u00e9cembre, Janvier et F\u00e9vrier, la v\u00e9g\u00e9tation est luxuriante, les oiseaux sont nombreux et les chances d\u2019apercevoir le Kilimandjaro sont plus grandes. On profite de belles journ\u00e9es ensoleill\u00e9es mais les orages en fin de journ\u00e9e sont fr\u00e9quents.<\/p>\n","protected":false},"excerpt":{"rendered":"<p>Plus petit parc de la Tanzanie, Arusha n\u2019en est pas moins un parc int\u00e9ressant \u00e0 visiter . Avec notamment le Mont Meru, deuxi\u00e8me sommet de la Tanzanie, qui s\u2019\u00e9l\u00e8ve au milieu du parc, les paysages sont \u00e0 couper le souffle et constituent un habitat id\u00e9al pour de nombreux animaux.&nbsp;Pr\u00e9parez votre visite du Parc National d\u2019Arusha &#8230; <a title=\"Parc national d&rsquo;Arusha\" class=\"read-more\" href=\"https:\/\/mistersafari.com\/fr\/safari-tanzanie\/parcs-reserves\/arusha\/\" aria-label=\"En savoir plus sur Parc national d&rsquo;Arusha\">Lire la suite<\/a><\/p>\n","protected":false},"author":3,"featured_media":645,"parent":934,"menu_order":0,"comment_status":"closed","ping_status":"open","template":"","meta":{"_acf_changed":false,"footnotes":""},"content_type":[],"country":[],"class_list":{"0":"post-768","1":"page","2":"type-page","3":"status-publish","4":"has-post-thumbnail","6":"no-featured-image-padding"},"acf":{"hreflang":[{"alternative_url":"https:\/\/mistersafari.com\/arusha-national-park\/","language":"en"}]},"_links":{"self":[{"href":"https:\/\/mistersafari.com\/fr\/wp-json\/wp\/v2\/pages\/768","targetHints":{"allow":["GET"]}}],"collection":[{"href":"https:\/\/mistersafari.com\/fr\/wp-json\/wp\/v2\/pages"}],"about":[{"href":"https:\/\/mistersafari.com\/fr\/wp-json\/wp\/v2\/types\/page"}],"author":[{"embeddable":true,"href":"https:\/\/mistersafari.com\/fr\/wp-json\/wp\/v2\/users\/3"}],"replies":[{"embeddable":true,"href":"https:\/\/mistersafari.com\/fr\/wp-json\/wp\/v2\/comments?post=768"}],"version-history":[{"count":16,"href":"https:\/\/mistersafari.com\/fr\/wp-json\/wp\/v2\/pages\/768\/revisions"}],"predecessor-version":[{"id":6260,"href":"https:\/\/mistersafari.com\/fr\/wp-json\/wp\/v2\/pages\/768\/revisions\/6260"}],"up":[{"embeddable":true,"href":"https:\/\/mistersafari.com\/fr\/wp-json\/wp\/v2\/pages\/934"}],"wp:featuredmedia":[{"embeddable":true,"href":"https:\/\/mistersafari.com\/fr\/wp-json\/wp\/v2\/media\/645"}],"wp:attachment":[{"href":"https:\/\/mistersafari.com\/fr\/wp-json\/wp\/v2\/media?parent=768"}],"wp:term":[{"taxonomy":"content_type","embeddable":true,"href":"https:\/\/mistersafari.com\/fr\/wp-json\/wp\/v2\/content_type?post=768"},{"taxonomy":"country","embeddable":true,"href":"https:\/\/mistersafari.com\/fr\/wp-json\/wp\/v2\/country?post=768"}],"curies":[{"name":"wp","href":"https:\/\/api.w.org\/{rel}","templated":true}]}}