{"id":759,"date":"2020-05-11T05:02:35","date_gmt":"2020-05-11T05:02:35","guid":{"rendered":"https:\/\/mistersafari.com\/fr\/?p=759"},"modified":"2021-12-21T16:03:40","modified_gmt":"2021-12-21T16:03:40","slug":"parc-national-tarangire","status":"publish","type":"page","link":"https:\/\/mistersafari.com\/fr\/safari-tanzanie\/parcs-reserves\/parc-national-tarangire\/","title":{"rendered":"Parc National de Tarangire"},"content":{"rendered":"\n<p>Sixi\u00e8me plus grand <a class=\"rank-math-link\" href=\"https:\/\/mistersafari.com\/fr\/safari-tanzanie\/parcs-reserves\/\">parc de Tanzanie<\/a>, le Parc National de Tarangire (Tarangire National Park en anglais) n\u2019est pourtant pas parmi les plus connus. Sa rivi\u00e8re, dont il porte le nom et qui signifie \u201crivi\u00e8re de phacoch\u00e8res\u201d, traverse les plus de 2600 km2 du parc.<\/p>\n\n\n\n<p>De nombreux animaux viennent s\u2019y rafra\u00eechir, notamment pendant la saison s\u00e8che, et offrent de belles chances d&rsquo;observation de la faune africaine. Retrouvez dans ce guide toutes les informations pratiques pour pr\u00e9parer votre visite du Parc National de Tarangire.<\/p>\n\n\n<div id=\"ez-toc-container\" class=\"ez-toc-v2_0_76 counter-flat ez-toc-counter ez-toc-custom ez-toc-container-direction\">\n<div class=\"ez-toc-title-container\"><p class=\"ez-toc-title\" style=\"cursor:inherit\">Sommaire<\/p>\n<\/div><nav><ul class='ez-toc-list ez-toc-list-level-1 ' ><li class='ez-toc-page-1'><a class=\"ez-toc-link ez-toc-heading-1\" href=\"https:\/\/mistersafari.com\/fr\/safari-tanzanie\/parcs-reserves\/parc-national-tarangire\/#pourquoi-se-rendre-au-parc-de-tarangire\">Pourquoi se rendre au Parc de Tarangire<\/a><\/li><li class='ez-toc-page-1'><a class=\"ez-toc-link ez-toc-heading-2\" href=\"https:\/\/mistersafari.com\/fr\/safari-tanzanie\/parcs-reserves\/parc-national-tarangire\/#comment-se-rendre-au-parc-de-tarangire\">Comment se rendre au Parc de Tarangire<\/a><\/li><li class='ez-toc-page-1'><a class=\"ez-toc-link ez-toc-heading-3\" href=\"https:\/\/mistersafari.com\/fr\/safari-tanzanie\/parcs-reserves\/parc-national-tarangire\/#tarifs-et-reglementation\">Tarifs et r\u00e9glementation<\/a><\/li><li class='ez-toc-page-1'><a class=\"ez-toc-link ez-toc-heading-4\" href=\"https:\/\/mistersafari.com\/fr\/safari-tanzanie\/parcs-reserves\/parc-national-tarangire\/#ou-dormir-au-parc-de-tarangire\">O\u00f9 dormir au Parc de Tarangire<\/a><\/li><li class='ez-toc-page-1'><a class=\"ez-toc-link ez-toc-heading-5\" href=\"https:\/\/mistersafari.com\/fr\/safari-tanzanie\/parcs-reserves\/parc-national-tarangire\/#le-parc-de-tarangire-autres-informations-pratiques\">Le Parc de Tarangire : autres informations pratiques<\/a><\/li><\/ul><\/nav><\/div>\n\n\n\n\n<h2 class=\"wp-block-heading\"><span class=\"ez-toc-section\" id=\"pourquoi-se-rendre-au-parc-de-tarangire\"><\/span>Pourquoi se rendre au Parc de Tarangire<span class=\"ez-toc-section-end\"><\/span><\/h2>\n\n\n\n<h3 class=\"wp-block-heading\">Un safari dans le Parc de Tarangire<\/h3>\n\n\n\n<p>La rivi\u00e8re p\u00e9renne de Tarangire attire de nombreux animaux qui viennent migrer dans le parc pendant la saison s\u00e8che. Ils arrivent de <a href=\"https:\/\/mistersafari.com\/fr\/safari-tanzanie\/parcs-reserves\/lac-manyara\/\" class=\"rank-math-link\">Manyara <\/a>ou de <a href=\"https:\/\/mistersafari.com\/fr\/safari-tanzanie\/parcs-reserves\/cratere-ngorongoro\/\" class=\"rank-math-link\">Ngorongoro <\/a>\u00e0 la recherche du seul point d\u2019eau de la r\u00e9gion. Ainsi, le Parc National de Tarangire est r\u00e9put\u00e9 pour les milliers d\u2019\u00e9l\u00e9phants qui y ont \u00e9lu domicile.<\/p>\n\n\n\n<p class=\"callout-blue\"><strong>C\u2019est sans conteste l\u2019un des parcs de Tanzanie qui compte le plus grand nombre de ces mammif\u00e8res aux d\u00e9fenses d\u2019ivoire.&nbsp;<\/strong><\/p>\n\n\n\n<p>On peut aussi observer des z\u00e8bres, lions, gnous, buffles, l\u00e9opards, gu\u00e9pards, antilopes, girafes, pythons\u2026 Ainsi que des esp\u00e8ces plus rares, uniquement pr\u00e9sentes \u00e0 Tarangire, comme les oryx, les koudous, les g\u00e9n\u00e9ruks voire des lycaons. Les rhinoc\u00e9ros ne sont pas pr\u00e9sents dans le parc.<\/p>\n\n\n\n<p>La rivi\u00e8re est propice \u00e0 l\u2019observation de nombreuses esp\u00e8ces d\u2019oiseaux : vautour, aigle, martin-chasseur, grue couronn\u00e9e, hirondelle stri\u00e9e et bien d\u2019autres.&nbsp;Pas moins de 550 esp\u00e8ces d\u2019oiseaux sont d\u00e9nombr\u00e9es (plus qu\u2019\u00e0 <a href=\"https:\/\/mistersafari.com\/fr\/safari-tanzanie\/parcs-reserves\/parc-national-serengeti\/\" class=\"rank-math-link\">Serengeti <\/a>!).<\/p>\n\n\n\n<div class=\"wp-block-image\"><figure class=\"aligncenter size-large\"><picture><source srcset=\"https:\/\/mistersafari.com\/fr\/wp-content\/uploads\/sites\/2\/pafc-tanrangire.webp 800w,https:\/\/mistersafari.com\/fr\/wp-content\/uploads\/sites\/2\/pafc-tanrangire-300x200.webp 300w,https:\/\/mistersafari.com\/fr\/wp-content\/uploads\/sites\/2\/pafc-tanrangire-768x511.webp 768w\" sizes=\"auto, (max-width: 800px) 100vw, 800px\" type=\"image\/webp\"><img src=\"https:\/\/mistersafari.com\/fr\/wp-content\/uploads\/sites\/2\/pafc-tanrangire.jpg\" height=\"532\" width=\"800\" srcset=\"https:\/\/mistersafari.com\/fr\/wp-content\/uploads\/sites\/2\/pafc-tanrangire.jpg 800w, https:\/\/mistersafari.com\/fr\/wp-content\/uploads\/sites\/2\/pafc-tanrangire-300x200.jpg 300w, https:\/\/mistersafari.com\/fr\/wp-content\/uploads\/sites\/2\/pafc-tanrangire-768x511.jpg 768w\" sizes=\"auto, (max-width: 800px) 100vw, 800px\" class=\"wp-image-764 sp-no-webp\" alt=\"Parc Tarangire\" loading=\"lazy\" decoding=\"async\"  > <\/picture><figcaption><em><em><em><em>Cr\u00e9dits : <a aria-label=\" (opens in a new tab)\" href=\"https:\/\/www.flickr.com\/photos\/deborah_s_perspective\/42413957434\/in\/photolist-27BYBSb-25ByEdy-26ZXYHZ-28HhoRz-25X2iXq-b1asLg-b1a51g-27h6vTU-269fEDU-27h6dyo-28nyn3x-8948PF-6XrEhs-26ZXZdX-269dCb1-2ctUjXr-27BRR9f-25X2kSC-28ifjHU-28nyi3Z-27h6vwm-28PPYHA-r2TuN1-28PPZJo-25XqqNJ-25X3TFL-27NFReE-28U8sK8-27kzeir-28PQX7Y-27wkt3T-27whp1k-269eHLC-28CUSG3-27whkSB-Lzfza7-28CXQyQ-28HnMYg-25Xrj51-LLtKJm-28igVaC-25BBpg3-Loxbnf-25LomqL-25X2nFh-28CE1D5-27kd4ti-25X3AXf-2dN1vWu-28U9fMZ\" target=\"_blank\" rel=\"noreferrer noopener\" class=\"rank-math-link\">Parc Tarangire<\/a> par <a aria-label=\" (opens in a new tab)\" href=\"https:\/\/www.flickr.com\/photos\/deborah_s_perspective\/\" target=\"_blank\" rel=\"noreferrer noopener\" class=\"rank-math-link\">Deborah<\/a> (CC BY <a aria-label=\"2.0 (opens in a new tab)\" href=\"https:\/\/creativecommons.org\/licenses\/by\/2.0\/\" target=\"_blank\" rel=\"noreferrer noopener\" class=\"rank-math-link\">2.0<\/a>)<\/em><\/em><\/em><\/em><\/figcaption><\/figure><\/div>\n\n\n\n<p>M\u00eame s\u2019il est facilement accessible, le Parc National de Tarangire est peu visit\u00e9. Vous \u00eates s\u00fbrs de profiter d\u2019un safari en toute tranquillit\u00e9.&nbsp;Comptez au minimum 3 jours pour un safari dans le Parc National de Tarangire, r\u00e9partis entre le Nord puis le Centre et le Sud du parc, beaucoup moins fr\u00e9quent\u00e9s. Des safaris nocturnes et des safaris \u00e0 pieds sont aussi organis\u00e9s \u00e0 Tarangire par les lodges et les camps de toile.<\/p>\n\n\n\n<h3 class=\"wp-block-heading\">Les autres activit\u00e9s \u00e0 faire<\/h3>\n\n\n\n<p>Assez peu touristiques, les safaris sont la principale activit\u00e9 pratiqu\u00e9e dans le parc de Tarangire. Au Sud du parc, il est quand m\u00eame possible de visiter un village typique Massa\u00ef, appel\u00e9 un Boma. Vous d\u00e9couvrirez les habitations et les pratiques traditionnelles des peuples Massa\u00ef.<\/p>\n\n\n\n<h2 class=\"wp-block-heading\"><span class=\"ez-toc-section\" id=\"comment-se-rendre-au-parc-de-tarangire\"><\/span>Comment se rendre au Parc de Tarangire<span class=\"ez-toc-section-end\"><\/span><\/h2>\n\n\n\n<p>Le parc est situ\u00e9 dans une r\u00e9gion plut\u00f4t touristique et facilement accessible de la Tanzanie.&nbsp;Pour vous rendre au Parc de Tarangire, plusieurs solutions s\u2019offrent \u00e0 vous :&nbsp;<\/p>\n\n\n\n<ul class=\"wp-block-list\"><li><strong>En voiture<\/strong> : 110 km s\u00e9parent Tarangire d\u2019Arusha. Il faut compter environ 2 heures de trajet sur une route goudronn\u00e9e pour acc\u00e9der \u00e0 la porte principale de Tarangire. Le parc est aussi accessible de Mto Wa Mbu (70 km), le village le plus proche du <a href=\"https:\/\/mistersafari.com\/fr\/safari-tanzanie\/parcs-reserves\/lac-manyara\/\" class=\"rank-math-link\">Parc de Manyara<\/a> pour combiner les visites.&nbsp;<\/li><li><strong>En avion<\/strong> : il existe des liaisons a\u00e9riennes entre le Parc de Tarangire et le Parc du Serengeti. Vous gagnerez un peu de temps, mais le co\u00fbt reste on\u00e9reux.<\/li><\/ul>\n\n\n\n<p>Une fois arriv\u00e9e pr\u00e8s du parc, vous pourrez acc\u00e9der \u00e0 l\u2019enceinte par la porte principale situ\u00e9e au Nord, la plus directe depuis Arusha.&nbsp;<em>C\u2019est aussi ici que se trouve le quartier g\u00e9n\u00e9ral des Rangers.<\/em><\/p>\n\n\n\n<p>Deux autres portes permettent de p\u00e9n\u00e9trer le parc :&nbsp;<\/p>\n\n\n\n<ul class=\"wp-block-list\"><li>Porte de Boundary Hill au Nord-Est<\/li><li>Porte de Sangaiwe au Nord-Ouest<\/li><\/ul>\n\n\n\n<p>Le Parc National de Tarangire est ouvert de 6h \u00e0 18h.&nbsp;<\/p>\n\n\n\n<h2 class=\"wp-block-heading\"><span class=\"ez-toc-section\" id=\"tarifs-et-reglementation\"><\/span>Tarifs et r\u00e9glementation<span class=\"ez-toc-section-end\"><\/span><\/h2>\n\n\n\n<h3 class=\"wp-block-heading\">Tarangire : prix d\u2019entr\u00e9e<\/h3>\n\n\n\n<p>Les tarifs pour visiter le Parc National de Tarangire sont les suivants :<\/p>\n\n\n\n<ul class=\"wp-block-list\"><li>$45 par adulte<\/li><li>$15 par enfant de 5 \u00e0 15 ans<\/li><li>Gratuit pour les moins de 5 ans<\/li><\/ul>\n\n\n\n<p>\u00c0 cela, s\u2019ajoute la TVA \u00e0 18%. L\u2019entr\u00e9e est valide pour une dur\u00e9e de 24h.&nbsp;L\u2019entr\u00e9e du v\u00e9hicule dans le parc est aussi payante. Selon les conditions de votre voyage (organis\u00e9, en groupe, individuel, \u2026), v\u00e9rifiez si cela est inclus.<\/p>\n\n\n\n<h3 class=\"wp-block-heading\">R\u00e9glementation du parc<\/h3>\n\n\n\n<p>La r\u00e9glementation qui s\u2019applique pour les visites du Parc de Tarangire est la m\u00eame que dans les <a href=\"https:\/\/mistersafari.com\/fr\/safari-tanzanie\/parcs-reserves\/\" class=\"rank-math-link\">autres parcs de Tanzanie<\/a>. Respect des animaux, respect de la flore, vitesse limit\u00e9e, tout vous sera expliqu\u00e9 \u00e0 l\u2019entr\u00e9e du parc.<\/p>\n\n\n\n<h2 class=\"wp-block-heading\"><span class=\"ez-toc-section\" id=\"ou-dormir-au-parc-de-tarangire\"><\/span>O\u00f9 dormir au Parc de Tarangire<span class=\"ez-toc-section-end\"><\/span><\/h2>\n\n\n\n<p>\u00c0 l\u2019int\u00e9rieur ou \u00e0 proximit\u00e9, plusieurs types de logements sont propos\u00e9s aux visiteurs du Parc de Tarangire.<\/p>\n\n\n\n<h3 class=\"wp-block-heading\">Le camping<\/h3>\n\n\n\n<p>Des aires de camping publiques sont accessibles, dans le cas o\u00f9 vous voyagez seul, dont une directement \u00e0 l\u2019entr\u00e9e principale du parc. Les groupes organis\u00e9s disposent quant \u00e0 eux d\u2019aires de \u201ccamping sp\u00e9ciales\u201d dans lesquels les organisateurs doivent amener tout le n\u00e9cessaire.<\/p>\n\n\n\n<h3 class=\"wp-block-heading\">Les camps de toile<\/h3>\n\n\n\n<p>Ils sont compos\u00e9s de chambres privatives en toile ou en semi-dur. Les niveaux de prestations varient, et les prix aussi. Certains tr\u00e8s luxueux disposent d\u2019une piscine, d\u2019un restaurant, d\u2019un bar alors que pour d\u2019autres, les prestations sont plus succinctes.<\/p>\n\n\n\n<p><strong>Un exemple de logement appr\u00e9ci\u00e9 des voyageurs est le <\/strong><a aria-label=\" (opens in a new tab)\" href=\"https:\/\/www.booking.com\/hotel\/tz\/baobab-tented-camp.fr.html\" target=\"_blank\" rel=\"noreferrer noopener\" class=\"rank-math-link\"><strong>Baobab Tented Camp<\/strong><\/a><strong> au Nord du parc.<\/strong><\/p>\n\n\n\n<h3 class=\"wp-block-heading\">Les lodges<\/h3>\n\n\n\n<p>Les lodges disposent de chambres en dur avec sanitaire et souvent une terrasse priv\u00e9e. Pour une version luxe et atypique, le <a aria-label=\" (opens in a new tab)\" href=\"https:\/\/www.elewanacollection.com\/tarangire-treetops\/at-a-glance\" target=\"_blank\" rel=\"noreferrer noopener nofollow\" class=\"rank-math-link\">Tarangire Treetops<\/a> propose des chambres construites sur les branches des baobabs et figuiers centenaires, offrant une vue panoramique sur le parc.<\/p>\n\n\n\n<h2 class=\"wp-block-heading\"><span class=\"ez-toc-section\" id=\"le-parc-de-tarangire-autres-informations-pratiques\"><\/span>Le Parc de Tarangire : autres informations pratiques<span class=\"ez-toc-section-end\"><\/span><\/h2>\n\n\n\n<h3 class=\"wp-block-heading\">G\u00e9ographie<\/h3>\n\n\n\n<p>Avec ses 100 km de long et environ 30 km de large, le Parc National de Tarangire s\u2019\u00e9tend sur plus de 2600 km2. Avec des reliefs peu marqu\u00e9s, son altitude moyenne est de 1100 m\u00e8tres. Il est situ\u00e9 au nord de la Tanzanie, un peu plus au Sud que le <a href=\"https:\/\/mistersafari.com\/fr\/safari-tanzanie\/parcs-reserves\/lac-manyara\/\" class=\"rank-math-link\">Lac de Manyara<\/a>.<\/p>\n\n\n\n<p>Il est principalement compos\u00e9 de la rivi\u00e8re Tarangire et sa vall\u00e9e. Les vastes plaines l\u00e9g\u00e8rement vallonn\u00e9es sont recouvertes de for\u00eats d&rsquo;acacias et de baobabs g\u00e9ants, qui ont fait sa r\u00e9putation. On retrouve aussi de grandes zones de marais dans le centre du parc.<\/p>\n\n\n\n<p class=\"callout-blue\"><strong>Le Parc de Tarangire a \u00e9t\u00e9 d\u00e9clar\u00e9 R\u00e9serve de faune en 1957, notamment pour lutter contre le braconnage des \u00e9l\u00e9phants, puis Parc National en 1970.<\/strong><\/p>\n\n\n\n<h3 class=\"wp-block-heading\">M\u00e9t\u00e9o<\/h3>\n\n\n\n<p>Comme les autres parcs du nord de la Tanzanie, il y a deux saisons principales \u00e0 Tarangire.<\/p>\n\n\n\n<p>Pendant la saison des pluies de novembre \u00e0 mai, on observe les petites pluies en novembre et d\u00e9cembre et les grandes pluies en mars et avril. Les marais deviennent tr\u00e8s mar\u00e9cageux, et parfois inaccessibles pour certains animaux. C\u2019est aussi \u00e0 ce moment que les sources d\u2019eau et la rivi\u00e8re Tarangire se remplissent et que les temp\u00e9ratures sont les plus \u00e9lev\u00e9es.<\/p>\n\n\n\n<p>La saison s\u00e8che dure de juin \u00e0 novembre. Les plaines s\u2019ass\u00e8chent mais la rivi\u00e8re Tarangire coule toujours. Les temp\u00e9ratures sont agr\u00e9ables et oscillent entre 20 et 25 degr\u00e9s, juillet \u00e9tant le mois le plus \u201cfrais\u201d. Les nuits et les matins sont en effet particuli\u00e8rement frais.<\/p>\n\n\n\n<h3 class=\"wp-block-heading\">Quand visiter<\/h3>\n\n\n\n<p>Pour faire un safari, la meilleure p\u00e9riode pour visiter le Parc National de Tarangire est entre fin juin et octobre. La rivi\u00e8re Tarangire devient le seul point d\u2019eau de la r\u00e9gion et les animaux parcourent des milliers de kilom\u00e8tres pour venir s\u2019abreuver ici. Vous pourrez donc facilement observer de nombreux mammif\u00e8res et pr\u00e9dateurs aux abords de la rivi\u00e8re, dans les herbes rases ou encore \u00e0 l\u2019ombre des arbres.<\/p>\n\n\n\n<p>Mais le reste de l\u2019ann\u00e9e pr\u00e9sente aussi des int\u00e9r\u00eats :&nbsp;<\/p>\n\n\n\n<ul class=\"wp-block-list\"><li>de nombreuses naissances ont lieu entre d\u00e9cembre et Mars,&nbsp;<\/li><li>les \u00e9l\u00e9phants notamment mais aussi d\u2019autres animaux sauvages restent pr\u00e9sents toute l\u2019ann\u00e9e,&nbsp;<\/li><li>la v\u00e9g\u00e9tation est luxuriante,&nbsp;<\/li><li>les oiseaux migratoires sont tr\u00e8s nombreux.<\/li><\/ul>\n\n\n\n<p><em>Attention \u00e0 la forte densit\u00e9 de mouches ts\u00e9-ts\u00e9 au sein du Parc National de Tarangire, pendant la saison humide notamment.<\/em><\/p>\n","protected":false},"excerpt":{"rendered":"<p>Sixi\u00e8me plus grand parc de Tanzanie, le Parc National de Tarangire (Tarangire National Park en anglais) n\u2019est pourtant pas parmi les plus connus. Sa rivi\u00e8re, dont il porte le nom et qui signifie \u201crivi\u00e8re de phacoch\u00e8res\u201d, traverse les plus de 2600 km2 du parc. De nombreux animaux viennent s\u2019y rafra\u00eechir, notamment pendant la saison s\u00e8che, &#8230; <a title=\"Parc National de Tarangire\" class=\"read-more\" href=\"https:\/\/mistersafari.com\/fr\/safari-tanzanie\/parcs-reserves\/parc-national-tarangire\/\" aria-label=\"En savoir plus sur Parc National de Tarangire\">Lire la suite<\/a><\/p>\n","protected":false},"author":3,"featured_media":670,"parent":934,"menu_order":14,"comment_status":"closed","ping_status":"open","template":"","meta":{"_acf_changed":false,"footnotes":""},"content_type":[],"country":[],"class_list":{"0":"post-759","1":"page","2":"type-page","3":"status-publish","4":"has-post-thumbnail","6":"no-featured-image-padding"},"acf":{"hreflang":[{"alternative_url":"https:\/\/mistersafari.com\/tarangire-national-park\/","language":"en"}]},"_links":{"self":[{"href":"https:\/\/mistersafari.com\/fr\/wp-json\/wp\/v2\/pages\/759","targetHints":{"allow":["GET"]}}],"collection":[{"href":"https:\/\/mistersafari.com\/fr\/wp-json\/wp\/v2\/pages"}],"about":[{"href":"https:\/\/mistersafari.com\/fr\/wp-json\/wp\/v2\/types\/page"}],"author":[{"embeddable":true,"href":"https:\/\/mistersafari.com\/fr\/wp-json\/wp\/v2\/users\/3"}],"replies":[{"embeddable":true,"href":"https:\/\/mistersafari.com\/fr\/wp-json\/wp\/v2\/comments?post=759"}],"version-history":[{"count":16,"href":"https:\/\/mistersafari.com\/fr\/wp-json\/wp\/v2\/pages\/759\/revisions"}],"predecessor-version":[{"id":6236,"href":"https:\/\/mistersafari.com\/fr\/wp-json\/wp\/v2\/pages\/759\/revisions\/6236"}],"up":[{"embeddable":true,"href":"https:\/\/mistersafari.com\/fr\/wp-json\/wp\/v2\/pages\/934"}],"wp:featuredmedia":[{"embeddable":true,"href":"https:\/\/mistersafari.com\/fr\/wp-json\/wp\/v2\/media\/670"}],"wp:attachment":[{"href":"https:\/\/mistersafari.com\/fr\/wp-json\/wp\/v2\/media?parent=759"}],"wp:term":[{"taxonomy":"content_type","embeddable":true,"href":"https:\/\/mistersafari.com\/fr\/wp-json\/wp\/v2\/content_type?post=759"},{"taxonomy":"country","embeddable":true,"href":"https:\/\/mistersafari.com\/fr\/wp-json\/wp\/v2\/country?post=759"}],"curies":[{"name":"wp","href":"https:\/\/api.w.org\/{rel}","templated":true}]}}