{"id":746,"date":"2020-05-10T12:53:31","date_gmt":"2020-05-10T12:53:31","guid":{"rendered":"https:\/\/mistersafari.com\/fr\/?p=746"},"modified":"2021-12-24T11:45:31","modified_gmt":"2021-12-24T11:45:31","slug":"parc-national-lac-manyara","status":"publish","type":"page","link":"https:\/\/mistersafari.com\/fr\/safari-tanzanie\/parcs-reserves\/parc-national-lac-manyara\/","title":{"rendered":"Parc National du Lac Manyara"},"content":{"rendered":"\n<p>Officiellement d\u00e9clar\u00e9 Parc National en 1960, le parc National du lac Manyara regorge de paysages vari\u00e9s et de faune qui trouve refuge pr\u00e8s de son point d\u2019eau. Sur les 330 km2 de parc, le lac occupe \u00e0 lui seul les deux tiers. Situ\u00e9 entre Arusha et le crat\u00e8re Ngonrogo et le Seregenti, c\u2019est une \u00e9tape id\u00e9ale pour un safari en Tanzanie.&nbsp;<\/p>\n\n\n\n<p>D\u00e9couvrez notre guide pratique sur le Parc National du Lac de Manyara.&nbsp;<\/p>\n\n\n<div id=\"ez-toc-container\" class=\"ez-toc-v2_0_76 counter-flat ez-toc-counter ez-toc-custom ez-toc-container-direction\">\n<div class=\"ez-toc-title-container\"><p class=\"ez-toc-title\" style=\"cursor:inherit\">Sommaire<\/p>\n<\/div><nav><ul class='ez-toc-list ez-toc-list-level-1 ' ><li class='ez-toc-page-1'><a class=\"ez-toc-link ez-toc-heading-1\" href=\"https:\/\/mistersafari.com\/fr\/safari-tanzanie\/parcs-reserves\/parc-national-lac-manyara\/#pourquoi-se-rendre-au-parc-national-du-lac-manyara\">Pourquoi se rendre au Parc National du lac Manyara<\/a><\/li><li class='ez-toc-page-1'><a class=\"ez-toc-link ez-toc-heading-2\" href=\"https:\/\/mistersafari.com\/fr\/safari-tanzanie\/parcs-reserves\/parc-national-lac-manyara\/#comment-se-rendre-au-lac-manyara\">Comment se rendre au Lac Manyara ?<\/a><\/li><li class='ez-toc-page-1'><a class=\"ez-toc-link ez-toc-heading-3\" href=\"https:\/\/mistersafari.com\/fr\/safari-tanzanie\/parcs-reserves\/parc-national-lac-manyara\/#tarifs-et-reglementation-du-parc-national-du-lac-manyara\">Tarifs et r\u00e9glementation du Parc National du lac Manyara<\/a><\/li><li class='ez-toc-page-1'><a class=\"ez-toc-link ez-toc-heading-4\" href=\"https:\/\/mistersafari.com\/fr\/safari-tanzanie\/parcs-reserves\/parc-national-lac-manyara\/#ou-dormir-au-parc-national-du-lac-manyara\">O\u00f9 dormir au Parc National du lac Manyara ?<\/a><\/li><li class='ez-toc-page-1'><a class=\"ez-toc-link ez-toc-heading-5\" href=\"https:\/\/mistersafari.com\/fr\/safari-tanzanie\/parcs-reserves\/parc-national-lac-manyara\/#lac-manyara-autres-informations-pratiques\">Lac Manyara : autres informations pratiques<\/a><\/li><li class='ez-toc-page-1'><a class=\"ez-toc-link ez-toc-heading-6\" href=\"https:\/\/mistersafari.com\/fr\/safari-tanzanie\/parcs-reserves\/parc-national-lac-manyara\/#faq\">FAQ<\/a><\/li><\/ul><\/nav><\/div>\n\n\n\n\n<h2 class=\"wp-block-heading\"><span class=\"ez-toc-section\" id=\"pourquoi-se-rendre-au-parc-national-du-lac-manyara\"><\/span>Pourquoi se rendre au Parc National du lac Manyara<span class=\"ez-toc-section-end\"><\/span><\/h2>\n\n\n\n<h3 class=\"wp-block-heading\">Un safari dans le Parc National<\/h3>\n\n\n\n<p>Malgr\u00e9 sa petite superficie en comparaison des <a class=\"rank-math-link\" href=\"https:\/\/mistersafari.com\/fr\/safari-tanzanie\/parcs-reserves\/\">autres parcs de la Tanzanie<\/a>, le Parc de Manyara pr\u00e9sente de nombreux int\u00e9r\u00eats pour un safari.&nbsp;<\/p>\n\n\n\n<p>Le Parc National de Manyara est connu pour ses nombreux lions somnolents sur les branches des arbres. On observe aussi de nombreux singes bleus et autres babouins par milliers.&nbsp;<\/p>\n\n\n\n<p>Le lac est bien \u00e9videmment le point de rencontre incontournable pour les animaux. M\u00eame si leur population a nettement chut\u00e9 depuis plusieurs d\u00e9cennies, vous verrez autour du lac de grands troupeaux d\u2019\u00e9l\u00e9phants. Girafes, z\u00e8bres, gnous, buffles, antilopes et flamants roses sont aussi pr\u00e9sents.&nbsp;<\/p>\n\n\n\n<div class=\"wp-block-image\"><figure class=\"aligncenter size-full\"><picture><source srcset=\"https:\/\/mistersafari.com\/fr\/wp-content\/uploads\/sites\/2\/parc-national-lac-manyara.webp 800w,https:\/\/mistersafari.com\/fr\/wp-content\/uploads\/sites\/2\/parc-national-lac-manyara-300x200.webp 300w,https:\/\/mistersafari.com\/fr\/wp-content\/uploads\/sites\/2\/parc-national-lac-manyara-768x513.webp 768w\" sizes=\"auto, (max-width: 800px) 100vw, 800px\" type=\"image\/webp\"><img src=\"https:\/\/mistersafari.com\/fr\/wp-content\/uploads\/sites\/2\/parc-national-lac-manyara.jpg\" height=\"534\" width=\"800\" srcset=\"https:\/\/mistersafari.com\/fr\/wp-content\/uploads\/sites\/2\/parc-national-lac-manyara.jpg 800w, https:\/\/mistersafari.com\/fr\/wp-content\/uploads\/sites\/2\/parc-national-lac-manyara-300x200.jpg 300w, https:\/\/mistersafari.com\/fr\/wp-content\/uploads\/sites\/2\/parc-national-lac-manyara-768x513.jpg 768w\" sizes=\"auto, (max-width: 800px) 100vw, 800px\" class=\"wp-image-751 sp-no-webp\" alt=\"Parc national Lac Manyara\" loading=\"lazy\" decoding=\"async\"  > <\/picture><figcaption><em><em>Cr\u00e9dits : <a href=\"https:\/\/www.flickr.com\/photos\/endogamia\/4400876798\/in\/photolist-7GTDmb-562FW9-9J8pK8-ef1SQk-55XuWe-9J8pzX-7HPnR1-41K9qV-562FZU-7S8mWX-a5ruqf-5KSGEr-8Lerfe-a5oEdX-5cQCRT-5cQCM8-5cQCVV-5cQD8F-5KWXHW-5cVa2u-5cQDpK-5cURDb-5cQx8t-5cURJ3-5cQxGK-5cV9Nw-5cV92m-5cQQ9a-5cQxzV-5cQCuz-5cQxqe-b1apqT-5cUXMQ-5cV9v7-5cV9WL-5cV9Aw-5cQx1R-5cQDte-5cURAy-5cQD3P-5cUXrU-5cURtw-b1a1PT-5cQDdX-5cQCca-5cV9md-b1a64P-5cQCpi-5cV9e7-afBZYP\" target=\"_blank\" aria-label=\" (opens in a new tab)\" rel=\"noreferrer noopener\" class=\"rank-math-link\">Lake Manyara<\/a> par <a href=\"https:\/\/www.flickr.com\/photos\/endogamia\/\" target=\"_blank\" aria-label=\" (opens in a new tab)\" rel=\"noreferrer noopener\" class=\"rank-math-link\">Noel Feans<\/a> (CC BY <a rel=\"noreferrer noopener\" href=\"https:\/\/creativecommons.org\/licenses\/by\/2.0\/\" target=\"_blank\" class=\"rank-math-link\">2.0<\/a> )<\/em><\/em><\/figcaption><\/figure><\/div>\n\n\n\n<p class=\"callout-green\"><strong>Spectacle \u00e0 ne pas rater non plus : les hippopotames profitent du soleil bas du matin ou de la soir\u00e9e pour se d\u00e9lecter de bains de boue aux abords du lac. En journ\u00e9e, vous les verrez surtout dans l\u2019eau.&nbsp;<\/strong><\/p>\n\n\n\n<p>Attir\u00e9s par le large point d\u2019eau alcalin, les oiseaux sont aussi tr\u00e8s nombreux. Flamands roses et p\u00e9licans sont tr\u00e8s nombreux dans le lac, mais aussi h\u00e9rons, cormorans\u2026 C\u2019est plus de 400 esp\u00e8ces d&rsquo;oiseaux, dont certaines rares, qui vivent aux alentours du lac.&nbsp;Pour profiter au mieux de votre exp\u00e9rience, pr\u00e9voyez d&rsquo;amener un picnic et passez une journ\u00e9e enti\u00e8re dans le parc.&nbsp;<\/p>\n\n\n\n<p>Enfin, le Parc Manyara est l&rsquo;un des rares parcs de Tanzanie qui autorise les safaris de nuit (de 20h \u00e0 23h) mais aussi les safaris \u00e0 pieds gr\u00e2ce aux nombreux sentiers p\u00e9destres.&nbsp;<\/p>\n\n\n\n<h3 class=\"wp-block-heading\">Les autres activit\u00e9s \u00e0 faire<\/h3>\n\n\n\n<p>Le Parc National du Lac Manyara est surtout fr\u00e9quent\u00e9 lors d\u2019un premi\u00e8re \u00e9tape au cours d\u2019un circuit de safari en Tanzanie. Sa proximit\u00e9 avec les nombreux autres points d\u2019int\u00e9r\u00eats de la Tanzanie permettent de combiner sa visite avec d\u2019autres lieux plus ou moins proches.&nbsp;<\/p>\n\n\n\n<p>\u00c0 l\u2019int\u00e9rieur ou \u00e0 proximit\u00e9 directe du parc, vous pourrez d\u00e9couvrir d\u2019autres activit\u00e9s. La petite taille du parc permet de r\u00e9aliser \u00e0 la fois un safari et une autre activit\u00e9 sur une journ\u00e9e.&nbsp;<\/p>\n\n\n\n<h4 class=\"wp-block-heading\">Points de vue<\/h4>\n\n\n\n<p>Pensez \u00e0 vous rendre aux deux points de vue propos\u00e9s par le parc :<\/p>\n\n\n\n<ul class=\"wp-block-list\"><li>Hippo pool viewpoint : c\u2019est une plateforme en bois \u00e0 2m50 de hauteur qui offre une vue panoramique sur la vall\u00e9e du rift, les animaux, le parc&#8230;<\/li><li>Lac Manyara viewpoint : depuis cette plateforme en bois de 325 m\u00e8tres de long au dessus du lac, vous pourrez observer les animaux d\u2019en haut et notamment les hippopotames.&nbsp;<\/li><\/ul>\n\n\n\n<div class=\"wp-block-image\"><figure class=\"aligncenter size-full\"><picture><source srcset=\"https:\/\/mistersafari.com\/fr\/wp-content\/uploads\/sites\/2\/lion-manyara.webp 1200w,https:\/\/mistersafari.com\/fr\/wp-content\/uploads\/sites\/2\/lion-manyara-300x199.webp 300w,https:\/\/mistersafari.com\/fr\/wp-content\/uploads\/sites\/2\/lion-manyara-1024x680.webp 1024w,https:\/\/mistersafari.com\/fr\/wp-content\/uploads\/sites\/2\/lion-manyara-768x510.webp 768w\" sizes=\"auto, (max-width: 1200px) 100vw, 1200px\" type=\"image\/webp\"><img src=\"https:\/\/mistersafari.com\/fr\/wp-content\/uploads\/sites\/2\/lion-manyara.jpg\" height=\"797\" width=\"1200\" srcset=\"https:\/\/mistersafari.com\/fr\/wp-content\/uploads\/sites\/2\/lion-manyara.jpg 1200w, https:\/\/mistersafari.com\/fr\/wp-content\/uploads\/sites\/2\/lion-manyara-300x199.jpg 300w, https:\/\/mistersafari.com\/fr\/wp-content\/uploads\/sites\/2\/lion-manyara-1024x680.jpg 1024w, https:\/\/mistersafari.com\/fr\/wp-content\/uploads\/sites\/2\/lion-manyara-768x510.jpg 768w\" sizes=\"auto, (max-width: 1200px) 100vw, 1200px\" class=\"wp-image-4159 sp-no-webp\" alt=\"lion sur arbre au Parc National du Lac Manyara\" loading=\"lazy\" decoding=\"async\"  > <\/picture><figcaption>Une magnifique lionne relax\u00e9e dans un arbre au Parc National du Lac Manyara<\/figcaption><\/figure><\/div>\n\n\n\n<h4 class=\"wp-block-heading\">Cano\u00eb sur le lac Manyara<\/h4>\n\n\n\n<p>Ce parc offre la possibilit\u00e9 (rare en Tanzanie !) de r\u00e9aliser un safari en cano\u00eb sur le lac Manyara. Vous profiterez de points de vue compl\u00e8tement diff\u00e9rents et pourrez approcher les animaux en silence.&nbsp;<\/p>\n\n\n\n<h4 class=\"wp-block-heading\">Les sources d\u2019eau chaude&nbsp;<\/h4>\n\n\n\n<p>Au Sud du parc, des sources d\u2019eau chaude, Maji Moto en swahili, offrent un spectacle surprenant. Les eaux chaudes sont remplies de composants chimiques qui viennent color\u00e9s les sols. Des bulles se d\u00e9gagent de ces points d\u2019eau.<\/p>\n\n\n\n<h4 class=\"wp-block-heading\">La visite du village Mto Wa Mbu<\/h4>\n\n\n\n<p>Vous y passerez certainement pour acc\u00e9der au Para, alors profitez en pour visiter le village Mto Wa Mbu. D\u00e9couvertes culturelles et culinaires seront au rendez-vous.&nbsp;<\/p>\n\n\n\n<h2 class=\"wp-block-heading\"><span class=\"ez-toc-section\" id=\"comment-se-rendre-au-lac-manyara\"><\/span>Comment se rendre au Lac Manyara ?<span class=\"ez-toc-section-end\"><\/span><\/h2>\n\n\n\n<p>Situ\u00e9 \u00e0 une centaine de kilom\u00e8tres d&rsquo;Arusha, l&rsquo;acc\u00e8s au Parc National de Maryana est plut\u00f4t ais\u00e9. Pour vous y rendre, vous pourrez choisir entre :<\/p>\n\n\n\n<ul class=\"wp-block-list\"><li><strong>L&rsquo;avion<\/strong> : selon votre lieu de d\u00e9part, il est possible d&rsquo;arriver par avion \u00e0 l\u2019a\u00e9roport de Manyara ou de Kusini. \u00c9tant la plus on\u00e9reuse, cette option n&rsquo;est rentable que si vous arrivez de loin.&nbsp;<\/li><li><strong>Le bus<\/strong> : depuis Arusha, vous pouvez utiliser les transports en commun pour vous rendre \u00e0 Manyara. Plusieurs liaisons en bus ou train sont propos\u00e9es mais les trajets sont longs.&nbsp;&nbsp;<\/li><li><strong>La voiture<\/strong> : c&rsquo;est l&rsquo;option la plus utilis\u00e9e par les voyageurs. Comptez environ 2h de route depuis Arusha.&nbsp;<\/li><\/ul>\n\n\n\n<p class=\"callout-green\">Situ\u00e9 \u00e0 mi-chemin entre Arusha et Ngongoro, un safari dans le Parc National De Manyara est une magnifique entr\u00e9e en mati\u00e8re lors d\u2019un circuit en Tanzanie avant de poursuivre sa route !&nbsp;<\/p>\n\n\n\n<p>Une seule porte d&rsquo;entr\u00e9e vous permet d&rsquo;acc\u00e9der au Parc du Lac de Manyara. Elle se trouve \u00e0 3km du village de Mto Wa Mbu au nord du parc. Le parc est ouvert de 6h30 \u00e0 18h30.&nbsp;<\/p>\n\n\n\n<h2 class=\"wp-block-heading\"><span class=\"ez-toc-section\" id=\"tarifs-et-reglementation-du-parc-national-du-lac-manyara\"><\/span>Tarifs et r\u00e9glementation du <meta charset=\"utf-8\">Parc National du lac Manyara<span class=\"ez-toc-section-end\"><\/span><\/h2>\n\n\n\n<h3 class=\"wp-block-heading\">Manyara : prix d\u2019entr\u00e9e<\/h3>\n\n\n\n<p>Pour pouvoir visiter le Parc National de Manyara, il faudra vous acquitter d&rsquo;un prix d&rsquo;entr\u00e9e qui s&rsquo;\u00e9l\u00e8ve \u00e0 :<\/p>\n\n\n\n<ul class=\"wp-block-list\"><li>$45 par adulte<\/li><li>$15 par enfant de 5 \u00e0 15 ans<\/li><li>Gratuit pour les moins de 5 ans<\/li><\/ul>\n\n\n\n<p>Ces prix s&rsquo;entendent pour une dur\u00e9e de 24 heures dans le parc.&nbsp;<\/p>\n\n\n\n<h3 class=\"wp-block-heading\">R\u00e9glementation du parc<\/h3>\n\n\n\n<p>Comme tous les<a href=\"https:\/\/mistersafari.com\/fr\/safari-tanzanie\/parcs-reserves\/\" class=\"rank-math-link\"> parcs nationaux de Tanzanie<\/a>, il faudra s&rsquo;assurer de respecter certaines r\u00e8gles lors de votre visite.&nbsp;<\/p>\n\n\n\n<p>Le respect des animaux est bien \u00e9videmment de mise. Il est important de garder une distance suffisante mais aussi de prot\u00e9ger leur habitat. Rouler doucement, \u00eatre silencieux en les approchant, ramasser ses d\u00e9tritus font partis des obligations \u00e0 respecter dans le parc de Manyara.&nbsp;<\/p>\n\n\n\n<h2 class=\"wp-block-heading\"><span class=\"ez-toc-section\" id=\"ou-dormir-au-parc-national-du-lac-manyara\"><\/span>O\u00f9 dormir au <meta charset=\"utf-8\">Parc National du lac Manyara ?<span class=\"ez-toc-section-end\"><\/span><\/h2>\n\n\n\n<p>Beaucoup de voyageurs choisissent de passer une journ\u00e9e ou une demi-journ\u00e9e au Parc National du Lac Manyara puis de continuer leur route vers <a class=\"rank-math-link\" href=\"https:\/\/mistersafari.com\/fr\/safari-tanzanie\/parcs-reserves\/cratere-ngorongoro\/\">Ngorongoro<\/a>, <a class=\"rank-math-link\" href=\"https:\/\/mistersafari.com\/fr\/safari-tanzanie\/parcs-reserves\/parc-national-tarangire\/\">Tarangire<\/a> ou <a class=\"rank-math-link\" href=\"https:\/\/mistersafari.com\/fr\/safari-tanzanie\/parcs-reserves\/parc-national-serengeti\/\">Serengeti<\/a>, o\u00f9 ils passeront la nuit. Il y a donc relativement peu d\u2019h\u00e9bergements \u00e0 l\u2019int\u00e9rieur ou \u00e0 proximit\u00e9 du parc. Voici les options qui s\u2019offrent \u00e0 vous si vous d\u00e9cidez d\u2019y passer une ou deux nuits.&nbsp; <em>Dans tous les cas, les logements en dehors du parc seront toujours moins chers.&nbsp;<\/em><\/p>\n\n\n\n<h3 class=\"wp-block-heading\">Le camping<\/h3>\n\n\n\n<p>Quatre aires de camping sont disponibles dans l\u2019enceinte du Parc de Manyara et quelques autres \u00e0 Mto Wa Mbu. Le confort est parfois assez rudimentaire mais c\u2019est la solution la plus \u00e9conomique. Bagayo A et B et Lakeshore sont trois aires de camping \u00e0 l\u2019int\u00e9rieur du parc.&nbsp;<\/p>\n\n\n\n<h3 class=\"wp-block-heading\">Le camp de toile<\/h3>\n\n\n\n<p>Il s\u2019agit de campements de luxe qui apporte tout le confort, avec des logements en semi-dur ou en toile. Typiques et traditionnels, ces logements sont parfois \u00e0 des tarifs assez \u00e9lev\u00e9s.<\/p>\n\n\n\n<p>\u00c0 Manyara, vous pourrez choisir entre :&nbsp;<\/p>\n\n\n\n<ul class=\"wp-block-list\"><li>Migunga Forest Camp situ\u00e9 \u00e0 quelques minutes de la porte d\u2019entr\u00e9e du parc (\u00e0 l\u2019ext\u00e9rieur)<\/li><li>Lemala Manyara Camp, l\u2019un des seuls \u00e0 l\u2019int\u00e9rieur du parc, appr\u00e9ci\u00e9 pour sa situation&nbsp;<\/li><\/ul>\n\n\n\n<h3 class=\"wp-block-heading\">Les lodges<\/h3>\n\n\n\n<p>En choisissant un h\u00e9bergement en lodge, vous profiterez d\u2019infrastructures plus modernes : piscine, restaurant, bar&#8230; Les chambres sont confortables, souvent isol\u00e9es et disposent de sanitaires priv\u00e9s.&nbsp;<\/p>\n\n\n\n<p>Il y a assez peu de choix \u00e0 Manyara et dans les environs. Seulement Manyara Tree Lodge se trouve \u00e0 l\u2019int\u00e9rieur du parc. Tr\u00e8s luxueux, avec m\u00eame des suites situ\u00e9es dans les arbres, il conviendra aux budgets les plus \u00e9lev\u00e9s.&nbsp;<\/p>\n\n\n\n<h2 class=\"wp-block-heading\"><span class=\"ez-toc-section\" id=\"lac-manyara-autres-informations-pratiques\"><\/span>Lac Manyara : autres informations pratiques<span class=\"ez-toc-section-end\"><\/span><\/h2>\n\n\n\n<h3 class=\"wp-block-heading\">G\u00e9ographie<\/h3>\n\n\n\n<p>Le Parc National du Lac de Manyara est situ\u00e9 au Nord de la Tanzanie, \u00e0 l\u2019Ouest d\u2019Arusha.&nbsp;<\/p>\n\n\n\n<p class=\"callout-blue\">Il est compos\u00e9 du lac d\u2019un c\u00f4t\u00e9, dont il tient le nom, et de falaises rouges de 600 m\u00e8tres de haut de l\u2019autre.&nbsp;<\/p>\n\n\n\n<p>Tout en longueur, il s&rsquo;\u00e9tire sur environ 50 km. Sa superficie de 330 km\u00b2 est occup\u00e9 sur \u2154 par le lac en saison humide. Son altitude varie entre 960 m\u00e8tres et 1600 m\u00e8tres.&nbsp;<\/p>\n\n\n\n<p>Les paysages diversifi\u00e9s sont compos\u00e9s :<\/p>\n\n\n\n<ul class=\"wp-block-list\"><li>d\u2019une for\u00eat tropicale luxuriante<\/li><li>des bois d&rsquo;acacias et des zones de broussailles parsem\u00e9s<\/li><li>la plaine aux abords du lac avec son eau alcaline et ses tons bleus et blancs<\/li><\/ul>\n\n\n\n<div class=\"wp-block-image\"><figure class=\"aligncenter size-full\"><picture><source srcset=\"https:\/\/mistersafari.com\/fr\/wp-content\/uploads\/sites\/2\/herons-lac-manyara.webp 1200w,https:\/\/mistersafari.com\/fr\/wp-content\/uploads\/sites\/2\/herons-lac-manyara-300x200.webp 300w,https:\/\/mistersafari.com\/fr\/wp-content\/uploads\/sites\/2\/herons-lac-manyara-1024x683.webp 1024w,https:\/\/mistersafari.com\/fr\/wp-content\/uploads\/sites\/2\/herons-lac-manyara-768x512.webp 768w\" sizes=\"auto, (max-width: 1200px) 100vw, 1200px\" type=\"image\/webp\"><img src=\"https:\/\/mistersafari.com\/fr\/wp-content\/uploads\/sites\/2\/herons-lac-manyara.jpg\" height=\"800\" width=\"1200\" srcset=\"https:\/\/mistersafari.com\/fr\/wp-content\/uploads\/sites\/2\/herons-lac-manyara.jpg 1200w, https:\/\/mistersafari.com\/fr\/wp-content\/uploads\/sites\/2\/herons-lac-manyara-300x200.jpg 300w, https:\/\/mistersafari.com\/fr\/wp-content\/uploads\/sites\/2\/herons-lac-manyara-1024x683.jpg 1024w, https:\/\/mistersafari.com\/fr\/wp-content\/uploads\/sites\/2\/herons-lac-manyara-768x512.jpg 768w\" sizes=\"auto, (max-width: 1200px) 100vw, 1200px\" class=\"wp-image-4160 sp-no-webp\" alt=\"h\u00e9rons du lac de Manyara\" loading=\"lazy\" decoding=\"async\"  > <\/picture><figcaption>H\u00e9rons du Lac Manyara<\/figcaption><\/figure><\/div>\n\n\n\n<h3 class=\"wp-block-heading\">M\u00e9t\u00e9o<\/h3>\n\n\n\n<p>Le Parc National du Lac de Manyara conna\u00eet deux grandes saisons.&nbsp;<\/p>\n\n\n\n<ul class=\"wp-block-list\"><li><strong>La saison s\u00e8che dure de Juin \u00e0 Octobre<\/strong>, avec peu de pluie et un bel ensoleillement. Les temp\u00e9ratures les plus fra\u00eeches sont entre 15 et 20 degr\u00e9s et les plus chaudes entre 20 et 25 degr\u00e9s.&nbsp;<\/li><li><strong>La saison des pluies est divis\u00e9e en deux<\/strong> . La saison des petites pluies en Novembre et D\u00e9cembre et la saison des grandes pluies de F\u00e9vrier \u00e0 Mai. Les temp\u00e9ratures sont un peu plus \u00e9lev\u00e9es et varient entre 20 et 30 degr\u00e9s.&nbsp;<\/li><\/ul>\n\n\n\n<h3 class=\"wp-block-heading\">Quand visiter le lac Manyara ?<\/h3>\n\n\n\n<p>Le parc reste ouvert toute l\u2019ann\u00e9e et chaque saison pr\u00e9sente un int\u00e9r\u00eat.&nbsp; La meilleure saison pour visiter le Parc National du Lac de Manyara est pendant la saison s\u00e8che de fin Juin \u00e0 Octobre. Les conditions m\u00e9t\u00e9orologiques sont les plus agr\u00e9ables et les grands mammif\u00e8res seront facilement observables.&nbsp; Pour les amateurs d\u2019oiseaux, il faudra plut\u00f4t privil\u00e9gier une p\u00e9riode humide (entre Novembre et Juillet) pendant laquelle le lac attire les nombreuses esp\u00e8ces, et notamment les flamants roses.&nbsp;<\/p>\n\n\n\n<h2 class=\"wp-block-heading\"><span class=\"ez-toc-section\" id=\"faq\"><\/span>FAQ<span class=\"ez-toc-section-end\"><\/span><\/h2>\n\n\n<div id=\"rank-math-faq\" class=\"rank-math-block\">\n<div class=\"rank-math-list \">\n<div id=\"faq-question-1631544370163\" class=\"rank-math-list-item\">\n<h3 class=\"rank-math-question \">Comment se rendre au Lac Manyara ?<\/h3>\n<div class=\"rank-math-answer \">\n\n<p>Situ\u00e9 \u00e0 une centaine de kilom\u00e8tres d&rsquo;Arusha, l&rsquo;acc\u00e8s au Parc National de Maryana est plut\u00f4t ais\u00e9. Pour vous y rendre, vous pourrez choisir entre l&rsquo;avion, le bus et surtout la voiture (4&#215;4 vivement conseill\u00e9)<\/p>\n\n<\/div>\n<\/div>\n<div id=\"faq-question-1631544408004\" class=\"rank-math-list-item\">\n<h3 class=\"rank-math-question \">Combien co\u00fbte l&rsquo;entr\u00e9e au Parc du Lac Manyara ?<\/h3>\n<div class=\"rank-math-answer \">\n\n<p>Pour pouvoir visiter le Parc National de Manyara, il faudra vous acquitter d&rsquo;un prix d&rsquo;entr\u00e9e aux alentours de 15$ par enfant et 45$ par adulte.<\/p>\n\n<\/div>\n<\/div>\n<\/div>\n<\/div>","protected":false},"excerpt":{"rendered":"<p>Officiellement d\u00e9clar\u00e9 Parc National en 1960, le parc National du lac Manyara regorge de paysages vari\u00e9s et de faune qui trouve refuge pr\u00e8s de son point d\u2019eau. Sur les 330 km2 de parc, le lac occupe \u00e0 lui seul les deux tiers. Situ\u00e9 entre Arusha et le crat\u00e8re Ngonrogo et le Seregenti, c\u2019est une \u00e9tape &#8230; <a title=\"Parc National du Lac Manyara\" class=\"read-more\" href=\"https:\/\/mistersafari.com\/fr\/safari-tanzanie\/parcs-reserves\/parc-national-lac-manyara\/\" aria-label=\"En savoir plus sur Parc National du Lac Manyara\">Lire la suite<\/a><\/p>\n","protected":false},"author":3,"featured_media":4154,"parent":934,"menu_order":13,"comment_status":"closed","ping_status":"closed","template":"","meta":{"_acf_changed":false,"footnotes":""},"content_type":[],"country":[],"class_list":{"0":"post-746","1":"page","2":"type-page","3":"status-publish","4":"has-post-thumbnail","6":"no-featured-image-padding"},"acf":{"hreflang":[{"alternative_url":"https:\/\/mistersafari.com\/lake-manyara-national-park\/","language":"en"}]},"_links":{"self":[{"href":"https:\/\/mistersafari.com\/fr\/wp-json\/wp\/v2\/pages\/746","targetHints":{"allow":["GET"]}}],"collection":[{"href":"https:\/\/mistersafari.com\/fr\/wp-json\/wp\/v2\/pages"}],"about":[{"href":"https:\/\/mistersafari.com\/fr\/wp-json\/wp\/v2\/types\/page"}],"author":[{"embeddable":true,"href":"https:\/\/mistersafari.com\/fr\/wp-json\/wp\/v2\/users\/3"}],"replies":[{"embeddable":true,"href":"https:\/\/mistersafari.com\/fr\/wp-json\/wp\/v2\/comments?post=746"}],"version-history":[{"count":24,"href":"https:\/\/mistersafari.com\/fr\/wp-json\/wp\/v2\/pages\/746\/revisions"}],"predecessor-version":[{"id":6248,"href":"https:\/\/mistersafari.com\/fr\/wp-json\/wp\/v2\/pages\/746\/revisions\/6248"}],"up":[{"embeddable":true,"href":"https:\/\/mistersafari.com\/fr\/wp-json\/wp\/v2\/pages\/934"}],"wp:featuredmedia":[{"embeddable":true,"href":"https:\/\/mistersafari.com\/fr\/wp-json\/wp\/v2\/media\/4154"}],"wp:attachment":[{"href":"https:\/\/mistersafari.com\/fr\/wp-json\/wp\/v2\/media?parent=746"}],"wp:term":[{"taxonomy":"content_type","embeddable":true,"href":"https:\/\/mistersafari.com\/fr\/wp-json\/wp\/v2\/content_type?post=746"},{"taxonomy":"country","embeddable":true,"href":"https:\/\/mistersafari.com\/fr\/wp-json\/wp\/v2\/country?post=746"}],"curies":[{"name":"wp","href":"https:\/\/api.w.org\/{rel}","templated":true}]}}