{"id":738,"date":"2020-05-01T16:08:48","date_gmt":"2020-05-01T16:08:48","guid":{"rendered":"https:\/\/mistersafari.com\/fr\/?p=738"},"modified":"2021-12-21T16:09:11","modified_gmt":"2021-12-21T16:09:11","slug":"parc-ruaha","status":"publish","type":"page","link":"https:\/\/mistersafari.com\/fr\/safari-tanzanie\/parcs-reserves\/parc-ruaha\/","title":{"rendered":"Parc National de Ruaha"},"content":{"rendered":"\n<p>Parmi les plus grands <a class=\"rank-math-link\" href=\"https:\/\/mistersafari.com\/fr\/safari-tanzanie\/parcs-reserves\/\">parcs nationaux de la Tanzanie<\/a>, le Parc National de Ruaha n\u2019est pourtant pas le plus visit\u00e9. Avec sa localisation au centre du pays, il est assez \u00e9loign\u00e9 des autres r\u00e9gions touristiques et les voyageurs ont tendance \u00e0 ne pas l\u2019inclure dans leur p\u00e9riple. La richesse du lieu m\u00e9rite pourtant grandement le d\u00e9tour.<\/p>\n\n\n\n<p>Voici tout ce que vous devez savoir pour visiter le Parc National de Ruaha.<\/p>\n\n\n\n<h2 class=\"wp-block-heading\">Pourquoi se rendre au Parc National de Ruaha ?<\/h2>\n\n\n\n<h3 class=\"wp-block-heading\">Un safari dans le Parc National de Ruaha<\/h3>\n\n\n\n<p>\u00c9tendu sur plus de 20 000 km2, l\u2019immense parc national de Ruaha compte des milliers d\u2019animaux.<\/p>\n\n\n\n<p class=\"callout-green\"><strong>La population d\u2019\u00e9l\u00e9phants est l\u2019une des plus larges d\u2019Afrique, on en d\u00e9nombre plus de 10 000.<\/strong><\/p>\n\n\n\n<p>Les rivi\u00e8res ass\u00e9ch\u00e9es laissent appara\u00eetre des bancs de sable, que les \u00e9l\u00e9phants creusent avec leur trompe pour s&rsquo;abreuver. On rencontre aussi de nombreux fauves : lions (avec parfois de grandes familles jusqu\u2019\u00e0 20 lions), l\u00e9opards, gu\u00e9pards, hy\u00e8nes ray\u00e9es et tachet\u00e9es, otocyons et quelques lycaons (esp\u00e8ce en voie de disparition). Les buffles et girafes sont aussi pr\u00e9sents.<\/p>\n\n\n\n<p>Les amateurs d\u2019oiseaux pourront observer plus de 574 esp\u00e8ces. C\u2019est le plus grand nombre d\u2019oiseaux de Tanzanie.<\/p>\n\n\n\n<p>La rivi\u00e8re Ruaha, qui traverse le parc et qui lui a donn\u00e9 son nom, accueille de nombreux hippopotames et crocodiles. Elle est aussi le seul point d\u2019eau disponible pendant la saison s\u00e8che. Les <a href=\"https:\/\/mistersafari.com\/fr\/safari-tanzanie\/animaux\/\" class=\"rank-math-link\">diff\u00e9rents animaux<\/a> se rassemblent sur les berges de la rivi\u00e8re et il est donc tr\u00e8s ais\u00e9 d\u2019en observer par milliers.<\/p>\n\n\n\n<p class=\"callout-green\"><strong>Mais c\u2019est surtout pour la diversit\u00e9 des esp\u00e8ces d\u2019antilopes, rares ailleurs, que le parc de Ruaha est appr\u00e9ci\u00e9 : le grand koudou, l\u2019hippotrague noir et l\u2019antilope rouanne.<\/strong><\/p>\n\n\n\n<p>Concernant la flore, le parc national de Ruaha est constitu\u00e9 de paysages tr\u00e8s vari\u00e9s, changeant tout au long de l\u2019ann\u00e9e. Plaines recouvertes de for\u00eats de baobabs, savanes et \u00e9tendues de sable, brousses parsem\u00e9es d\u2019acacias, collines et escarpements rocheux, \u2026 Tout s\u2019articule autour de la rivi\u00e8re Ruaha, le point central du parc.<\/p>\n\n\n\n<div class=\"wp-block-image\"><figure class=\"aligncenter size-large\"><picture><source srcset=\"https:\/\/mistersafari.com\/fr\/wp-content\/uploads\/sites\/2\/parc-ruaha-tanzanie.webp 800w,https:\/\/mistersafari.com\/fr\/wp-content\/uploads\/sites\/2\/parc-ruaha-tanzanie-300x200.webp 300w,https:\/\/mistersafari.com\/fr\/wp-content\/uploads\/sites\/2\/parc-ruaha-tanzanie-768x511.webp 768w\" sizes=\"auto, (max-width: 800px) 100vw, 800px\" type=\"image\/webp\"><img src=\"https:\/\/mistersafari.com\/fr\/wp-content\/uploads\/sites\/2\/parc-ruaha-tanzanie.jpg\" height=\"532\" width=\"800\" srcset=\"https:\/\/mistersafari.com\/fr\/wp-content\/uploads\/sites\/2\/parc-ruaha-tanzanie.jpg 800w, https:\/\/mistersafari.com\/fr\/wp-content\/uploads\/sites\/2\/parc-ruaha-tanzanie-300x200.jpg 300w, https:\/\/mistersafari.com\/fr\/wp-content\/uploads\/sites\/2\/parc-ruaha-tanzanie-768x511.jpg 768w\" sizes=\"auto, (max-width: 800px) 100vw, 800px\" class=\"wp-image-741 sp-no-webp\" alt=\"Parc de Ruaha\" loading=\"lazy\" decoding=\"async\"  > <\/picture><figcaption><em><em><em><em>Cr\u00e9dits : <a aria-label=\" (opens in a new tab)\" rel=\"noreferrer noopener\" href=\"https:\/\/www.flickr.com\/photos\/paulshaffner\/282419130\/in\/photolist-qXtnm-ppHZuu-CZ345b-211osk9-CX5SVE-8UfgAj-G9raxD-ZYteMQ-8UfgJQ-G7uDGF-8Ufgyh-2BrsLF-215Neiz-211qFhh-2166Yit-YYyUWN-5GWTaH-cCKxz3-Z1qYff-21114PW-G7tRhM-CYJwbw-8Ufgw3-CZ3mwW-211hpoU-2111fWL-Z18RxS-Z18KB3-2111wFm-21323LW-211qA7C-2149SSe-211hrcd-ZYqUqC-ZYtiYL-211qtBo-213iGUN-49KKgB-qXqgq-Z1r56o-qXqgw-8UfgEU-49PMB9-qXtn3-ZYtp3J-qXtnp-YYyMDS-Z1qSNU-215NprR-215Nd7M\" target=\"_blank\" class=\"rank-math-link\">Ruaha Park<\/a> par <a href=\"https:\/\/www.flickr.com\/photos\/paulshaffner\/\" target=\"_blank\" aria-label=\"Paul Shaffner (opens in a new tab)\" rel=\"noreferrer noopener\" class=\"rank-math-link\">Paul Shaffner<\/a> (CC BY <a href=\"https:\/\/creativecommons.org\/licenses\/by\/2.0\/\" target=\"_blank\" aria-label=\"2.0 (opens in a new tab)\" rel=\"noreferrer noopener\" class=\"rank-math-link\">2.0<\/a>)<\/em><\/em><\/em><\/em><\/figcaption><\/figure><\/div>\n\n\n\n<p>Son \u00e9loignement des r\u00e9gions plus touristiques et sa vaste \u00e9tendue assurent un safari en toute tranquillit\u00e9. Tr\u00e8s peu visit\u00e9 malgr\u00e9 tous ses avantages, vous aurez peu de chance de croiser d\u2019autres v\u00e9hicules.<\/p>\n\n\n\n<p>Des safaris de nuit ainsi que des safaris \u00e0 pieds (allant d\u2019une heure de marche \u00e0 plus de cinq heures) sont aussi organis\u00e9s.&nbsp;Pour profiter au mieux du parc, un safari de trois&nbsp; jours est recommand\u00e9.<\/p>\n\n\n\n<h3 class=\"wp-block-heading\">Les autres activit\u00e9s \u00e0 faire<\/h3>\n\n\n\n<p>Le parc national de Ruaha est assez isol\u00e9 et l\u2019on s\u2019y rend principalement pour faire un safari.<\/p>\n\n\n\n<p>De nombreuses randonn\u00e9es sont propos\u00e9es au c\u0153ur de la brousse du parc national de Ruaha et dans les montagnes d\u2019Udzungwa \u00e0 l\u2019Est du Parc.<\/p>\n\n\n\n<p>Les sources d\u2019eau chaude de <a aria-label=\"Maji Moto (opens in a new tab)\" class=\"rank-math-link\" href=\"https:\/\/en.wikipedia.org\/wiki\/Maji_Moto\" target=\"_blank\" rel=\"noreferrer noopener\">Maji Moto<\/a> ainsi que les nombreuses peintures sur roches (\u00e0 Nyanywa et Idinda) valent aussi le d\u00e9tour. Vous pourrez aussi participer \u00e0 des activit\u00e9s d\u2019observation des \u00e9toiles et de safari en montgolfi\u00e8re dans le Parc national de Ruaha.<\/p>\n\n\n\n<h2 class=\"wp-block-heading\">Comment se rendre au Parc National de Ruaha<\/h2>\n\n\n\n<p>Sa situation loin des autres zones touristiques du pays rend l\u2019acc\u00e8s au Parc National de Ruaha assez contraignante (long ou cher), ce qui malheureusement rebute certains voyageurs.<\/p>\n\n\n\n<p>Pour aller au Parc National de Ruaha, vous pourrez vous y rendre :<\/p>\n\n\n\n<ul class=\"wp-block-list\"><li><strong>en voiture<\/strong> : comptez au moins 10 heures de trajet depuis Dar Es Salam. C\u2019est l\u2019une des options, mais peu souvent celle choisie par les voyageurs.<\/li><li><strong>en avion<\/strong> : 1h30 de vol depuis les a\u00e9roports de Dar Es Salam, le Selous, le <a href=\"https:\/\/mistersafari.com\/fr\/safari-tanzanie\/parcs-reserves\/parc-national-serengeti\/\" class=\"rank-math-link\">Serengeti<\/a>, <a href=\"https:\/\/mistersafari.com\/fr\/safari-tanzanie\/parcs-reserves\/arusha\/\" class=\"rank-math-link\">Arusha<\/a>, Iringa et Mbeya, jusqu\u2019\u00e0 Msembe et Jongomero. Les vols sont quotidiens mais chers.<\/li><\/ul>\n\n\n\n<p class=\"callout-blue\">Les voyageurs combinent souvent la visite du Parc de Ruaha avec un safari dans le Parc de Selous afin de rentabiliser le temps\/co\u00fbt.<\/p>\n\n\n\n<h2 class=\"wp-block-heading\">Tarif et r\u00e9glementation<\/h2>\n\n\n\n<h3 class=\"wp-block-heading\">Parc  National de Ruaha : prix d\u2019entr\u00e9e<\/h3>\n\n\n\n<p>Pour acc\u00e9der au Parc de Ruaha, vous devez payer des frais d\u2019entr\u00e9e :<\/p>\n\n\n\n<ul class=\"wp-block-list\"><li>$30 par jour par adulte<\/li><li>$15 par jour par enfant (5 \u00e0 18 ans) et \u00e9tudiant<\/li><\/ul>\n\n\n\n<h3 class=\"wp-block-heading\">R\u00e9glementation du Parc National de Ruaha<\/h3>\n\n\n\n<p>Comme dans tous les parcs de la Tanzanie, des r\u00e8gles s\u2019appliquent lors de votre visite du Parc de Ruaha. Il s\u2019agit surtout de bon sens pour respecter les animaux et la nature : \u00eatre silencieux en s\u2019approchant des animaux et garder de la distance, ramasser ses d\u00e9chets, \u2026<\/p>\n\n\n\n<h2 class=\"wp-block-heading\">O\u00f9 dormir au Parc de Ruaha ?<\/h2>\n\n\n\n<p>Plusieurs types d\u2019h\u00e9bergements sont propos\u00e9s au sein du Parc National de Ruaha. Vous pourrez choisir parmi :<\/p>\n\n\n\n<ul class=\"wp-block-list\"><li>un des deux sites de camping<\/li><li>des camps de tentes en toile<\/li><li>des camps de tentes en semi-dur<\/li><li>des lodges de luxe<\/li><\/ul>\n\n\n\n<p><a aria-label=\" (opens in a new tab)\" href=\"https:\/\/www.ruahariverlodge.com\/\" target=\"_blank\" rel=\"noreferrer noopener nofollow\" class=\"rank-math-link\">Ruaha River Lodge<\/a> offre une vue imprenable pour observer les animaux au bord de la rivi\u00e8re Ruaha. Pour les safaris \u00e0 pieds ou hors des sentiers battus, jetez un \u0153il \u00e0 <a aria-label=\" (opens in a new tab)\" href=\"https:\/\/www.kichakaexpeditions.com\/\" target=\"_blank\" rel=\"noreferrer noopener nofollow\" class=\"rank-math-link\">Kichaka Expedition Camp<\/a>.<\/p>\n\n\n\n<p>Sauf deux exceptions (Jongomero Camp et Kichaka Expedition), les lodges sont principalement situ\u00e9s au centre du parc, aux abords de la rivi\u00e8re Ruaha.<\/p>\n\n\n\n<h2 class=\"wp-block-heading\">Le Parc National de Ruaha : autres informations pratiques<\/h2>\n\n\n\n<h3 class=\"wp-block-heading\">G\u00e9ographie<\/h3>\n\n\n\n<p>Le parc Ruaha de plus de 20 000 km2 est situ\u00e9 au Centre-Sud de la Tanzanie. Compos\u00e9 de nombreuses zones prot\u00e9g\u00e9es, c\u2019est aujourd\u2019hui le plus grand <a href=\"https:\/\/mistersafari.com\/fr\/safari-tanzanie\/parcs-reserves\/\" data-type=\"page\" data-id=\"934\">parc de la Tanzanie<\/a>.<\/p>\n\n\n\n<p>Le point culminant du parc est \u00e0 1859m d\u2019altitude. La rivi\u00e8re Ruaha et les autres sources d\u2019eaux (comme Mwagusi et Mdonya) offrent une flore verdoyante pendant et juste apr\u00e8s la saison des pluies. Les for\u00eats avoisinantes servent d\u2019abris aux animaux. Pendant la saison s\u00e8che, le paysage change et s\u2019ass\u00e8che laissant place \u00e0 des bancs de sable et de vastes plaines de savane dor\u00e9e.<\/p>\n\n\n\n<h3 class=\"wp-block-heading\">M\u00e9t\u00e9o<\/h3>\n\n\n\n<p>Le Parc de Ruaha conna\u00eet seulement deux saisons : la saison des pluies de novembre \u00e0 avril et la saison s\u00e8che de mi-Mai \u00e0 novembre.<\/p>\n\n\n\n<p>Les temp\u00e9ratures les plus agr\u00e9ables sont de juin \u00e0 juillet. Elles s&rsquo;\u00e9l\u00e8vent \u00e0 30 degr\u00e9s maximum en journ\u00e9e pour chuter \u00e0 environ 8 degr\u00e9s au plus bas la nuit. La saison la plus chaude est en novembre et d\u00e9cembre avec des temp\u00e9ratures avoisinant les 40 degr\u00e9s.<\/p>\n\n\n\n<h3 class=\"wp-block-heading\">Quand visiter<\/h3>\n\n\n\n<p>Le Parc de Ruaha offre un paysage vari\u00e9 et int\u00e9ressant tout au long de l\u2019ann\u00e9e.<\/p>\n\n\n\n<p>Pour un safari riche en animaux, il faudra privil\u00e9gier la saison s\u00e8che de mai \u00e0 d\u00e9cembre. La pr\u00e9sence de nombreux grands koudous m\u00e2les en juin pendant la saison des amours est un plus.<\/p>\n\n\n\n<p>La nature, quant \u00e0 elle, est la plus belle \u00e0 la fin ou juste apr\u00e8s la saison des pluies. Attention cependant \u00e0 l\u2019accessibilit\u00e9 de certaines pistes et aux chaleurs humides pendant cette saison.<\/p>\n","protected":false},"excerpt":{"rendered":"<p>Parmi les plus grands parcs nationaux de la Tanzanie, le Parc National de Ruaha n\u2019est pourtant pas le plus visit\u00e9. Avec sa localisation au centre du pays, il est assez \u00e9loign\u00e9 des autres r\u00e9gions touristiques et les voyageurs ont tendance \u00e0 ne pas l\u2019inclure dans leur p\u00e9riple. La richesse du lieu m\u00e9rite pourtant grandement le &#8230; <a title=\"Parc National de Ruaha\" class=\"read-more\" href=\"https:\/\/mistersafari.com\/fr\/safari-tanzanie\/parcs-reserves\/parc-ruaha\/\" aria-label=\"En savoir plus sur Parc National de Ruaha\">Lire la suite<\/a><\/p>\n","protected":false},"author":3,"featured_media":663,"parent":934,"menu_order":12,"comment_status":"closed","ping_status":"open","template":"","meta":{"_acf_changed":false,"footnotes":""},"content_type":[],"country":[],"class_list":{"0":"post-738","1":"page","2":"type-page","3":"status-publish","4":"has-post-thumbnail","6":"no-featured-image-padding"},"acf":{"hreflang":[{"alternative_url":"https:\/\/mistersafari.com\/ruaha-national-park\/","language":"en"}]},"_links":{"self":[{"href":"https:\/\/mistersafari.com\/fr\/wp-json\/wp\/v2\/pages\/738","targetHints":{"allow":["GET"]}}],"collection":[{"href":"https:\/\/mistersafari.com\/fr\/wp-json\/wp\/v2\/pages"}],"about":[{"href":"https:\/\/mistersafari.com\/fr\/wp-json\/wp\/v2\/types\/page"}],"author":[{"embeddable":true,"href":"https:\/\/mistersafari.com\/fr\/wp-json\/wp\/v2\/users\/3"}],"replies":[{"embeddable":true,"href":"https:\/\/mistersafari.com\/fr\/wp-json\/wp\/v2\/comments?post=738"}],"version-history":[{"count":13,"href":"https:\/\/mistersafari.com\/fr\/wp-json\/wp\/v2\/pages\/738\/revisions"}],"predecessor-version":[{"id":6241,"href":"https:\/\/mistersafari.com\/fr\/wp-json\/wp\/v2\/pages\/738\/revisions\/6241"}],"up":[{"embeddable":true,"href":"https:\/\/mistersafari.com\/fr\/wp-json\/wp\/v2\/pages\/934"}],"wp:featuredmedia":[{"embeddable":true,"href":"https:\/\/mistersafari.com\/fr\/wp-json\/wp\/v2\/media\/663"}],"wp:attachment":[{"href":"https:\/\/mistersafari.com\/fr\/wp-json\/wp\/v2\/media?parent=738"}],"wp:term":[{"taxonomy":"content_type","embeddable":true,"href":"https:\/\/mistersafari.com\/fr\/wp-json\/wp\/v2\/content_type?post=738"},{"taxonomy":"country","embeddable":true,"href":"https:\/\/mistersafari.com\/fr\/wp-json\/wp\/v2\/country?post=738"}],"curies":[{"name":"wp","href":"https:\/\/api.w.org\/{rel}","templated":true}]}}