{"id":718,"date":"2020-04-30T10:09:06","date_gmt":"2020-04-30T10:09:06","guid":{"rendered":"https:\/\/mistersafari.com\/fr\/?p=718"},"modified":"2021-12-21T16:15:25","modified_gmt":"2021-12-21T16:15:25","slug":"cratere-ngorongoro","status":"publish","type":"page","link":"https:\/\/mistersafari.com\/fr\/safari-tanzanie\/parcs-reserves\/cratere-ngorongoro\/","title":{"rendered":"Crat\u00e8re  du Ngorongoro"},"content":{"rendered":"\n<p>Situ\u00e9e au nord de la Tanzanie, l\u2019aire de conservation du Ngorongoro est l\u2019un des <a href=\"https:\/\/mistersafari.com\/fr\/safari-tanzanie\/parcs-reserves\/\">parcs les plus visit\u00e9s de la Tanzanie<\/a>. R\u00e9put\u00e9 pour ses paysages incroyables et sa faune abondante, le parc Ngorongoro est une zone prot\u00e9g\u00e9e et inscrite au Patrimoine Mondial de l\u2019UNESCO.<\/p>\n\n\n\n<p>Parcourez notre guide pour d\u00e9couvrir cette destination de la Tanzanie \u00e0 ne surtout pas manquer.<\/p>\n\n\n<div id=\"ez-toc-container\" class=\"ez-toc-v2_0_76 counter-flat ez-toc-counter ez-toc-custom ez-toc-container-direction\">\n<div class=\"ez-toc-title-container\"><p class=\"ez-toc-title\" style=\"cursor:inherit\">Sommaire<\/p>\n<\/div><nav><ul class='ez-toc-list ez-toc-list-level-1 ' ><li class='ez-toc-page-1'><a class=\"ez-toc-link ez-toc-heading-1\" href=\"https:\/\/mistersafari.com\/fr\/safari-tanzanie\/parcs-reserves\/cratere-ngorongoro\/#pourquoi-se-rendre-au-cratere-du-ngorongoro\">Pourquoi se rendre au Crat\u00e8re du Ngorongoro ?<\/a><\/li><li class='ez-toc-page-1'><a class=\"ez-toc-link ez-toc-heading-2\" href=\"https:\/\/mistersafari.com\/fr\/safari-tanzanie\/parcs-reserves\/cratere-ngorongoro\/#comment-se-rendre-au-cratere-du-ngorongoro\">Comment se rendre au Crat\u00e8re du Ngorongoro<\/a><\/li><li class='ez-toc-page-1'><a class=\"ez-toc-link ez-toc-heading-3\" href=\"https:\/\/mistersafari.com\/fr\/safari-tanzanie\/parcs-reserves\/cratere-ngorongoro\/#tarif-et-reglementation\">Tarif et r\u00e9glementation<\/a><\/li><li class='ez-toc-page-1'><a class=\"ez-toc-link ez-toc-heading-4\" href=\"https:\/\/mistersafari.com\/fr\/safari-tanzanie\/parcs-reserves\/cratere-ngorongoro\/#ou-dormir-au-cratere-du-ngorongoro\">O\u00f9 dormir au Crat\u00e8re du Ngorongoro ?<\/a><\/li><li class='ez-toc-page-1'><a class=\"ez-toc-link ez-toc-heading-5\" href=\"https:\/\/mistersafari.com\/fr\/safari-tanzanie\/parcs-reserves\/cratere-ngorongoro\/#le-cratere-ngorongoro-autres-informations-pratiques\">Le Crat\u00e8re Ngorongoro : autres informations pratiques<\/a><\/li><\/ul><\/nav><\/div>\n\n\n\n\n<h2 class=\"wp-block-heading\"><span class=\"ez-toc-section\" id=\"pourquoi-se-rendre-au-cratere-du-ngorongoro\"><\/span>Pourquoi se rendre au Crat\u00e8re du Ngorongoro ?<span class=\"ez-toc-section-end\"><\/span><\/h2>\n\n\n\n<h3 class=\"wp-block-heading\">Un safari dans le crat\u00e8re de Ngorongoro<\/h3>\n\n\n\n<p>L\u2019effondrement de l\u2019un des volcans de la r\u00e9gion a laiss\u00e9 place \u00e0 une vaste (la plus grande au monde !) caldeira parfaitement dessin\u00e9e de plus de 20km de diam\u00e8tre.<\/p>\n\n\n\n<p class=\"callout-green\">Ce sont sur ces hauts plateaux de Ngorongoro que l\u2019on peut profiter de la plus forte densit\u00e9 de mammif\u00e8res pr\u00e9dateurs d&rsquo;Afrique.<\/p>\n\n\n\n<p>La nature abondante, les p\u00e2turages fertiles et les lacs et plans d\u2019eau font de ce lieu un endroit id\u00e9al pour les animaux. C\u2019est aussi un lieu de passage pour les animaux qui migrent entre le sud de la Tanzanie et le <a class=\"rank-math-link\" href=\"https:\/\/mistersafari.com\/fr\/safari-kenya\/\">Kenya <\/a>au Nord.<\/p>\n\n\n\n<p>Sur les plus de 260 km2 d&rsquo;\u00e9tendue, vous verrez donc au cours d\u2019un safari de nombreux mammif\u00e8res : z\u00e8bres, gnous, buffles, gazelles, gu\u00e9pards, l\u00e9opards, lions, hy\u00e8nes, \u00e9l\u00e9phants, hippopotames, rhinoc\u00e9ros pour ne citer qu\u2019eux.&nbsp;La population importante de hy\u00e8nes offre souvent de jolis spectacles de chasse.<\/p>\n\n\n\n<div class=\"wp-block-image\"><figure class=\"aligncenter size-large\"><picture><source srcset=\"https:\/\/mistersafari.com\/fr\/wp-content\/uploads\/sites\/2\/ngorongoro-cratere-zebres.webp 799w,https:\/\/mistersafari.com\/fr\/wp-content\/uploads\/sites\/2\/ngorongoro-cratere-zebres-300x200.webp 300w,https:\/\/mistersafari.com\/fr\/wp-content\/uploads\/sites\/2\/ngorongoro-cratere-zebres-768x512.webp 768w\" sizes=\"auto, (max-width: 799px) 100vw, 799px\" type=\"image\/webp\"><img src=\"https:\/\/mistersafari.com\/fr\/wp-content\/uploads\/sites\/2\/ngorongoro-cratere-zebres.jpg\" height=\"533\" width=\"799\" srcset=\"https:\/\/mistersafari.com\/fr\/wp-content\/uploads\/sites\/2\/ngorongoro-cratere-zebres.jpg 799w, https:\/\/mistersafari.com\/fr\/wp-content\/uploads\/sites\/2\/ngorongoro-cratere-zebres-300x200.jpg 300w, https:\/\/mistersafari.com\/fr\/wp-content\/uploads\/sites\/2\/ngorongoro-cratere-zebres-768x512.jpg 768w\" sizes=\"auto, (max-width: 799px) 100vw, 799px\" class=\"wp-image-732 sp-no-webp\" alt=\"Crat\u00e8re Ngorongoro\" loading=\"lazy\" decoding=\"async\"  > <\/picture><figcaption><em><em>Cr\u00e9dits : <a aria-label=\" (opens in a new tab)\" rel=\"noreferrer noopener\" class=\"rank-math-link rank-math-link\" href=\"https:\/\/www.flickr.com\/photos\/paul_e_balfe\/47988046482\/in\/photolist-2g7xhkL-8RV2bT-ooHyQF-b1apJ4-JJTP8w-b1a9zg-b1atr6-b1ajVk-b1adbn-4HuVWg-5VbNZX-7e1cVn-4HuV3k-KCBGV3-KCBoaN-4rzkPY-9Aqaw2-2hHNj67-dx6utW-4HuVtt-dx6ukf-KCCqEL-JJUeTo-KyyBrn-dx6wYN-dx6sHw-dwZYct-b1a6nX-quQzE4-2hHS2gG-nmnkB-b19XqZ-72mevv-9Fqept-b1asfa-9FqeWn-9FqfKD-dwZXZv-KyyfQT-dwZXND-dx6r13-dx6rHW-dwZYmM-KFqgyz-dx6pFL-dx13M6-dvHgAT-dwZZsv-hXTmWq-dx191R\" target=\"_blank\">Ngorongoro<\/a> par <a rel=\"noreferrer noopener\" class=\"rank-math-link rank-math-link\" href=\"https:\/\/www.flickr.com\/photos\/elchurro\/\" target=\"_blank\">Paul Balfe <\/a>(CC BY <a href=\"https:\/\/creativecommons.org\/licenses\/by\/2.0\/\" target=\"_blank\" aria-label=\"2.0) (opens in a new tab)\" rel=\"noreferrer noopener\" class=\"rank-math-link\">2.0<\/a>)<\/em><\/em><\/figcaption><\/figure><\/div>\n\n\n\n<p>Il est plus rare de voir des girafes, des impalas ou encore des crocodiles dans le crat\u00e8re de Ngorongoro, qui n\u2019osent se risquer sur les bords escarp\u00e9s du crat\u00e8re.<\/p>\n\n\n\n<p>Ngorongoro accueille aussi une population importante d\u2019oiseaux. Plus de 500 esp\u00e8ces ont \u00e9t\u00e9 r\u00e9pertori\u00e9es, dont l\u2019autruche, le p\u00e9lican, la grue couronn\u00e9e, le flamant rose, le vautour, et bien d\u2019autres.<\/p>\n\n\n\n<p>Un safari au Ngorongoro, c\u2019est donc :<\/p>\n\n\n\n<ul class=\"wp-block-list\"><li>des paysages \u00e0 couper le souffle<\/li><li>une population d\u2019animaux sauvages tr\u00e8s importante<\/li><li>une flore riche et vari\u00e9e<\/li><\/ul>\n\n\n\n<p>C\u2019est sans surprise que visiter le parc de Ngorongoro fait partie de l\u2019itin\u00e9raire de nombreux voyageurs en Tanzanie. Vous ne serez donc pas les seuls \u00e0 vous y rendre. Mais, cela n\u2019enl\u00e8ve rien \u00e0 la magie du lieu qui reste un incontournable lors d\u2019un <a class=\"rank-math-link\" href=\"https:\/\/mistersafari.com\/fr\/safari-tanzanie\/\">safari en Tanzanie<\/a>.<\/p>\n\n\n\n<p><em>Comptez une journ\u00e9e pour un safari dans le crat\u00e8re Ngorongoro et un jour suppl\u00e9mentaire pour visiter l\u2019aire de conservation de Ngorongoro et ses alentours.<\/em><\/p>\n\n\n\n<h3 class=\"wp-block-heading\">Les autres activit\u00e9s \u00e0 faire<\/h3>\n\n\n\n<h4 class=\"wp-block-heading\">Randonn\u00e9es et visite d\u2019un village Masa\u00ef<\/h4>\n\n\n\n<p>Alors que le crat\u00e8re de Ngorongoro est interdit aux pi\u00e9tons, il est possible de faire des randonn\u00e9es et du trekking \u00e0 travers les vastes \u00e9tendues de l\u2019aire de conservation du Ngorongoro. Vous y d\u00e9couvrirez des paysages tout aussi sublimes et vous pourrez voir de pr\u00e8s des animaux sauvages, sans la barri\u00e8re impos\u00e9e par un safari en 4&#215;4.<\/p>\n\n\n\n<p>Ces nombreux circuits de randonn\u00e9e au Ngorongoro sont g\u00e9n\u00e9ralement organis\u00e9s par des agences locales. Vous serez accompagn\u00e9 par un guide local et un ranger.<\/p>\n\n\n\n<figure class=\"wp-block-image size-large\"><picture><source srcset=\"https:\/\/mistersafari.com\/fr\/wp-content\/uploads\/sites\/2\/randonnee-ngorongoro-1024x959.webp 1024w,https:\/\/mistersafari.com\/fr\/wp-content\/uploads\/sites\/2\/randonnee-ngorongoro-300x281.webp 300w,https:\/\/mistersafari.com\/fr\/wp-content\/uploads\/sites\/2\/randonnee-ngorongoro-768x719.webp 768w,https:\/\/mistersafari.com\/fr\/wp-content\/uploads\/sites\/2\/randonnee-ngorongoro.webp 1200w\" sizes=\"auto, (max-width: 1024px) 100vw, 1024px\" type=\"image\/webp\"><img src=\"https:\/\/mistersafari.com\/fr\/wp-content\/uploads\/sites\/2\/randonnee-ngorongoro-1024x959.png\" height=\"959\" width=\"1024\" srcset=\"https:\/\/mistersafari.com\/fr\/wp-content\/uploads\/sites\/2\/randonnee-ngorongoro-1024x959.png 1024w, https:\/\/mistersafari.com\/fr\/wp-content\/uploads\/sites\/2\/randonnee-ngorongoro-300x281.png 300w, https:\/\/mistersafari.com\/fr\/wp-content\/uploads\/sites\/2\/randonnee-ngorongoro-768x719.png 768w, https:\/\/mistersafari.com\/fr\/wp-content\/uploads\/sites\/2\/randonnee-ngorongoro.png 1200w\" sizes=\"auto, (max-width: 1024px) 100vw, 1024px\" class=\"wp-image-724 sp-no-webp\" alt=\"Carte Ngorongoro\" loading=\"lazy\" decoding=\"async\"  > <\/picture><figcaption><a href=\"https:\/\/www.ngorongorocrater.org\" target=\"_blank\" aria-label=\"Source (opens in a new tab)\" rel=\"noreferrer noopener\" class=\"rank-math-link\">Source<\/a><\/figcaption><\/figure>\n\n\n\n<p>Les longues balades seront l\u2019occasion de croiser des \u00e9leveurs Masa\u00ef et leurs troupeaux mais aussi de visiter l\u2019un des nombreux villages typiques Masa\u00ef.<\/p>\n\n\n\n<h4 class=\"wp-block-heading\">Les Gorges d\u2019Olduvai<\/h4>\n\n\n\n<p>Il s\u2019agit d\u2019un site pr\u00e9historique situ\u00e9 au Nord-Est du parc Ngorongoro. C\u2019est dans ce canyon que furent retrouv\u00e9s des os fossiles d\u2019esp\u00e8ces humaines et animales de plus de 2 millions d\u2019ann\u00e9es.<\/p>\n\n\n\n<p>Aujourd\u2019hui, le lieu dispose d\u2019un petit mus\u00e9e ainsi que d\u2019une zone prot\u00e9g\u00e9e. Le tarif d\u2019entr\u00e9e est de $35 par personne et vous devez vous faire accompagner d\u2019un guide officiel. C\u2019est aussi un incontournable de la r\u00e9gion de Ngorongoro.<\/p>\n\n\n\n<h2 class=\"wp-block-heading\"><span class=\"ez-toc-section\" id=\"comment-se-rendre-au-cratere-du-ngorongoro\"><\/span>Comment se rendre au Crat\u00e8re du Ngorongoro<span class=\"ez-toc-section-end\"><\/span><\/h2>\n\n\n\n<p><strong>La visite de l\u2019aire de conservation Ngorongoro est souvent combin\u00e9e avec un safari dans les parcs nationaux de <\/strong><a class=\"rank-math-link\" href=\"https:\/\/mistersafari.com\/fr\/safari-tanzanie\/parcs-reserves\/lac-manyara\/\"><strong>Manyara<\/strong><\/a><strong>, <\/strong><a class=\"rank-math-link\" href=\"https:\/\/mistersafari.com\/fr\/safari-tanzanie\/parcs-reserves\/parc-national-tarangire\/\"><strong>Tarangire <\/strong><\/a><strong>ou du <\/strong><a class=\"rank-math-link\" href=\"https:\/\/mistersafari.com\/fr\/safari-tanzanie\/parcs-reserves\/parc-national-serengeti\/\"><strong>Serengeti<\/strong><\/a><strong>.<\/strong><\/p>\n\n\n\n<p>Pour vous rendre au Parc Ngorongoro, vous pourrez choisir entre l\u2019avion ou la route. Les vols internes sont tr\u00e8s on\u00e9reux. La plupart des voyageurs vont \u00e0 Ngorongoro en v\u00e9hicule. Depuis Arusha, la route de 160 km est enti\u00e8rement goudronn\u00e9e et il faudra compter environ 3 heures de trajet.<\/p>\n\n\n\n<p class=\"callout-blue\">Un 4&#215;4 n\u2019est pas forc\u00e9ment n\u00e9cessaire sur cette route. Par contre, il est vivement recommand\u00e9 pour visiter le crat\u00e8re du Ngorongoro.<\/p>\n\n\n\n<p>La plupart des voyageurs arrivant d\u2019Arusha entrent dans la zone prot\u00e9g\u00e9e par la porte de Loduare, situ\u00e9e au sud. Une fois entr\u00e9 dans l\u2019aire de conservation du Ngorongoro, vous pourrez acc\u00e9der au crat\u00e8re par l\u2019une des trois routes :<\/p>\n\n\n\n<ul class=\"wp-block-list\"><li>Seneto, uniquement pour les descentes<\/li><li>Lerai, uniquement pour les mont\u00e9es (attention aux v\u00e9hicules qui vont malgr\u00e9 tout \u00e0 contresens)<\/li><li>Lemala (Sopa), pour les descentes et les mont\u00e9es<\/li><\/ul>\n\n\n\n<p>Le parc Ngorongoro est ouvert de 6h \u00e0 18h, sauf la porte de Seneto qui ferme \u00e0 16h.<\/p>\n\n\n\n<h2 class=\"wp-block-heading\"><span class=\"ez-toc-section\" id=\"tarif-et-reglementation\"><\/span>Tarif et r\u00e9glementation<span class=\"ez-toc-section-end\"><\/span><\/h2>\n\n\n\n<h3 class=\"wp-block-heading\">Ngorongoro : prix d\u2019entr\u00e9e<\/h3>\n\n\n\n<p>La visite de l\u2019aire de conservation du Ngorongoro et du crat\u00e8re est payante :<\/p>\n\n\n\n<ul class=\"wp-block-list\"><li>$60 par adulte pour entrer dans l\u2019aire de conservation<\/li><li>un forfait pour le v\u00e9hicule en fonction du poids (et donc du nombre de passagers) qui s\u2019\u00e9l\u00e8ve entre $200 et $300 pour entrer dans le crat\u00e8re<\/li><\/ul>\n\n\n\n<h3 class=\"wp-block-heading\">R\u00e9glementation du parc<\/h3>\n\n\n\n<p class=\"callout-orange\"><strong>Pour visiter le crat\u00e8re du Ngorongoro ainsi que les Gorges d\u2019Olduvai, il est obligatoire de se faire accompagner par un guide officiel et approuv\u00e9 par NCAA (l\u2019aire de conservation).<\/strong><\/p>\n\n\n\n<p>La visite du crat\u00e8re est limit\u00e9e \u00e0 une dur\u00e9e de 6h. Cela signifie que vous ne pourrez pas&nbsp; faire un safari \u00e0 Ngorongoro le matin puis un safari le soir sans devoir payer \u00e0 nouveau les droits d\u2019entr\u00e9e.&nbsp;<\/p>\n\n\n\n<p>Les r\u00e8gles communes aux <a href=\"https:\/\/mistersafari.com\/fr\/safari-afrique\/\" class=\"rank-math-link\">safaris en Afrique<\/a> s\u2019appliquent :<\/p>\n\n\n\n<ul class=\"wp-block-list\"><li>respect de la faune, de la flore et des populations locales<\/li><li>rester \u00e0 bord du v\u00e9hicule dans le crat\u00e8re<\/li><li>pas plus de 5 v\u00e9hicules s\u2019approchant d\u2019un animal<\/li><li>ramasser ses d\u00e9tritus<\/li><li>&#8230;<\/li><\/ul>\n\n\n\n<h2 class=\"wp-block-heading\"><span class=\"ez-toc-section\" id=\"ou-dormir-au-cratere-du-ngorongoro\"><\/span>O\u00f9 dormir au Crat\u00e8re du Ngorongoro ?<span class=\"ez-toc-section-end\"><\/span><\/h2>\n\n\n\n<p>Lors de votre visite de l\u2019aire de conservation du Ngorongoro, vous pourrez choisir entre plusieurs types d\u2019h\u00e9bergement.&nbsp;<\/p>\n\n\n\n<p>Certains sont situ\u00e9s sur les bords du crat\u00e8re. Ils ont pour avantage d\u2019offrir une vue imprenable sur le crat\u00e8re. Leur proximit\u00e9 permet aussi de d\u00e9buter un safari aux premi\u00e8res heures et d\u2019en finir un jusqu\u2019en fin de journ\u00e9e. Sans surprise, ces logements sont tr\u00e8s on\u00e9reux, les plus chers de la Tanzanie.<\/p>\n\n\n\n<p>Pour un h\u00e9bergement plus abordable, il faudra donc se diriger du c\u00f4t\u00e9 de Karatu (la derni\u00e8re ville apr\u00e8s Arusha) ou en p\u00e9riph\u00e9rie de l\u2019aire de conservation. Les choix d\u2019h\u00e9bergement sont alors vastes, \u00e0 des rapports qualit\u00e9\/prix tr\u00e8s satisfaisants. Par contre, il faut pr\u00e9voir au minimum 1 heure de trajet pour atteindre le crat\u00e8re, difficilement compatible avec un safari aux aurores.<\/p>\n\n\n\n<h3 class=\"wp-block-heading\">Le camping<\/h3>\n\n\n\n<p>Il existe plus d\u2019une quinzaine de campings dans l\u2019aire de conservation du Ngorongoro. Il est cependant interdit de camper au sein du crat\u00e8re.<\/p>\n\n\n\n<p>Tous les campings, \u00e0 l\u2019exception du camping Simba situ\u00e9 pr\u00e8s du si\u00e8ge de la <a aria-label=\"NCAA (opens in a new tab)\" class=\"rank-math-link\" href=\"https:\/\/www.ncaa.go.tz\/\" target=\"_blank\" rel=\"noreferrer noopener\">NCAA<\/a>, sont des \u201ccampings sp\u00e9ciaux\u201d. Ils sont r\u00e9serv\u00e9s \u00e0 un usage exclusif. Sans infrastructures, ils sont destin\u00e9s aux safaris organis\u00e9s qui voyagent avec tout le n\u00e9cessaire pour camper. La plupart sont de grands campings, mais certains comme ceux pr\u00e8s du crat\u00e8re d\u2019Empakaai, sont limit\u00e9s \u00e0 un nombre restreint de voyageurs.<\/p>\n\n\n\n<p>Les campings peuvent \u00eatre r\u00e9serv\u00e9s aupr\u00e8s du si\u00e8ge de la NCAA ou \u00e0 l\u2019office de tourisme d\u2019Arusha-Ngongoro.&nbsp;<\/p>\n\n\n\n<h3 class=\"wp-block-heading\">Les lodges<\/h3>\n\n\n\n<p>Vous aurez le choix parmi de nombreux lodges, en dur ou en camp de toile. De niveau standard ou plus luxueux, les lodges vous proposent des prestations de qualit\u00e9 : restauration, bar, piscine, service de chambre, climatisation, \u2026&nbsp;Les deux plus r\u00e9cents, Ngorongoro Sopa Lodge et <a aria-label=\" (opens in a new tab)\" class=\"rank-math-link\" href=\"https:\/\/www.booking.com\/hotel\/tz\/ngorongoro-serena-safari-lodge.fr.html\" target=\"_blank\" rel=\"noreferrer noopener\">Ngorongoro Serena Lodge<\/a>, offrent un bon rapport qualit\u00e9\/prix.<\/p>\n\n\n\n<h2 class=\"wp-block-heading\"><span class=\"ez-toc-section\" id=\"le-cratere-ngorongoro-autres-informations-pratiques\"><\/span>Le Crat\u00e8re Ngorongoro : autres informations pratiques<span class=\"ez-toc-section-end\"><\/span><\/h2>\n\n\n\n<h3 class=\"wp-block-heading\">G\u00e9ographie du crat\u00e8re Ngorongoro<\/h3>\n\n\n\n<p>Des montagnes, des vall\u00e9es, des plateaux et des crat\u00e8res d\u2019origine volcanique constituent le d\u00e9cor de la r\u00e9gion de Ngorongoro.<\/p>\n\n\n\n<div class=\"wp-block-image\"><figure class=\"aligncenter size-large\"><picture><source srcset=\"https:\/\/mistersafari.com\/fr\/wp-content\/uploads\/sites\/2\/ngorongoro-1.webp 800w,https:\/\/mistersafari.com\/fr\/wp-content\/uploads\/sites\/2\/ngorongoro-1-300x150.webp 300w,https:\/\/mistersafari.com\/fr\/wp-content\/uploads\/sites\/2\/ngorongoro-1-768x384.webp 768w\" sizes=\"auto, (max-width: 800px) 100vw, 800px\" type=\"image\/webp\"><img src=\"https:\/\/mistersafari.com\/fr\/wp-content\/uploads\/sites\/2\/ngorongoro-1.jpg\" height=\"400\" width=\"800\" srcset=\"https:\/\/mistersafari.com\/fr\/wp-content\/uploads\/sites\/2\/ngorongoro-1.jpg 800w, https:\/\/mistersafari.com\/fr\/wp-content\/uploads\/sites\/2\/ngorongoro-1-300x150.jpg 300w, https:\/\/mistersafari.com\/fr\/wp-content\/uploads\/sites\/2\/ngorongoro-1-768x384.jpg 768w\" sizes=\"auto, (max-width: 800px) 100vw, 800px\" class=\"wp-image-730 sp-no-webp\" alt=\"crat\u00e8re Ngorongoro\" loading=\"lazy\" decoding=\"async\"  > <\/picture><figcaption><em><em>Cr\u00e9dits : <a href=\"https:\/\/www.flickr.com\/photos\/elchurro\/8729056883\/in\/photolist-eimGuK-5JL8yF-xxBnkr-xfYqrQ-dvHgKP-bDr7AG-9hc4vo-5SDzFi-5SDzPg-8qwbXW-8qsXGv-72ewWx-8EFzjp-8qt6Gr-8qt5b8-8qt6j8-xybbtr-8qwbxs-8Qw2ui-BJxoJL-8qw5tN-8qt61M-8Qw3Ja-8qt5Dn-8qt41t-8qt3HH-wV5YCm-8qwbmY-HzqYL2-8qw8ju-8qwaBG-8qwcnm-8qt2kn-8qw7qw-8qsYki-uRH65-rh8KcC-8qwaKY-8Eps14-5JQoXu-b1abav-41NLEw-8qwars-8qw5Ao-8qw86U-8qt1BT-5JQwiq-5JLfd2-5KX5Qy-5JLezv\" target=\"_blank\" aria-label=\" (opens in a new tab)\" rel=\"noreferrer noopener nofollow\" class=\"rank-math-link\">Ngorongoro<\/a> par <a href=\"https:\/\/www.flickr.com\/photos\/elchurro\/\" target=\"_blank\" aria-label=\" (opens in a new tab)\" rel=\"noreferrer noopener nofollow\" class=\"rank-math-link\">Ren\u00e9 Mayorga<\/a> (CC BY-SA <a href=\"https:\/\/creativecommons.org\/licenses\/by\/2.0\/fr\/\" target=\"_blank\" aria-label=\" (opens in a new tab)\" rel=\"noreferrer noopener\" class=\"rank-math-link\">2.0<\/a>)<\/em><\/em><\/figcaption><\/figure><\/div>\n\n\n\n<p>Situ\u00e9e au nord de la Tanzanie, l\u2019aire de conservation Ngorongoro s\u2019\u00e9tend sur plus de 8 000 km2. L\u2019altitude varie entre 960 m\u00e8tres \u00e0 3 648 m\u00e8tres. Elle est entour\u00e9e d\u2019autres grands parcs de la Tanzanie, comme <a class=\"rank-math-link\" href=\"https:\/\/mistersafari.com\/fr\/safari-tanzanie\/parcs-reserves\/lac-manyara\/\">Manyara <\/a>et <a class=\"rank-math-link\" href=\"https:\/\/mistersafari.com\/fr\/safari-tanzanie\/parcs-reserves\/parc-national-tarangire\/\">Tarangire <\/a>au Sud-Est et <a class=\"rank-math-link\" href=\"https:\/\/mistersafari.com\/fr\/safari-tanzanie\/parcs-reserves\/parc-national-serengeti\/\">Serengeti <\/a>au Nord-Ouest. On retrouve aussi deux lacs aux alentours, le lac Natron au Nord-Est et le lac Eyasi au Sud-Est, qui attirent de nombreux animaux.<\/p>\n\n\n\n<p>Le crat\u00e8re du Ngorongoro est quant \u00e0 lui \u00e0 une altitude allant de 1700 m\u00e8tres au creux du crat\u00e8re et jusqu\u2019\u00e0 2300 m\u00e8tres aux abords.<\/p>\n\n\n\n<h3 class=\"wp-block-heading\">M\u00e9t\u00e9o<\/h3>\n\n\n\n<p>La r\u00e9gion du parc de Ngorongoro conna\u00eet un climat subtropical. Du fait de son altitude, les nuits sont fra\u00eeches et les temp\u00e9ratures plus douces pendant la journ\u00e9e. \u00c0 2300 m\u00e8tres d\u2019altitude, on rel\u00e8ve des temp\u00e9ratures allant de 8 \u00e0 19 degr\u00e9s un jour de juillet et de 10 \u00e0 23 degr\u00e9s en janvier.<\/p>\n\n\n\n<p>Les nombreux reliefs ont tendance \u00e0 arr\u00eater les nuages au-dessus de la r\u00e9gion, ce qui entra\u00eene des pr\u00e9cipitations plus \u00e9lev\u00e9es que dans les r\u00e9gions voisines. La saison s\u00e8che court de juin \u00e0 septembre, avec des pluies tr\u00e8s rares m\u00eame si les nuages peuvent toujours \u00eatre pr\u00e9sents. A contrario, d\u2019octobre \u00e0 mai, il s\u2019agit de la saison des pluies avec les \u201cpetites pluies\u201d de d\u2019octobre \u00e0 d\u00e9cembre et les \u201clongues pluies\u201d de mars \u00e0 mai.<\/p>\n\n\n\n<h3 class=\"wp-block-heading\">Quand visiter<\/h3>\n\n\n\n<p>Gr\u00e2ce \u00e0 la richesse des sols et la pr\u00e9sence du lac Magadi et de deux autres points d\u2019eau, les animaux sont pr\u00e9sents dans l\u2019aire de conservation du Ngorongoro et au c\u0153ur du crat\u00e8re tout au long de l\u2019ann\u00e9e. Chaque saison pr\u00e9sente ses avantages et ses inconv\u00e9nients.<\/p>\n\n\n\n<p class=\"callout-blue\">Pendant la saison s\u00e8che, les animaux se regroupent autour du lac, ils sont plus faciles \u00e0 observer. C\u2019est par cons\u00e9quent la saison la plus touristique, vous ne serez pas les seuls \u00e0 vous y rendre.<\/p>\n\n\n\n<p>Pendant la saison des pluies, la flore est verdoyante et luxuriante. Les animaux sont toujours pr\u00e9sents alors que les visiteurs sont beaucoup moins nombreux. C\u2019est id\u00e9al pour un safari au Ngorongoro plus authentique et exclusif. Les routes d\u2019acc\u00e8s sont parfois plus difficilement praticables.<\/p>\n","protected":false},"excerpt":{"rendered":"<p>Situ\u00e9e au nord de la Tanzanie, l\u2019aire de conservation du Ngorongoro est l\u2019un des parcs les plus visit\u00e9s de la Tanzanie. R\u00e9put\u00e9 pour ses paysages incroyables et sa faune abondante, le parc Ngorongoro est une zone prot\u00e9g\u00e9e et inscrite au Patrimoine Mondial de l\u2019UNESCO. Parcourez notre guide pour d\u00e9couvrir cette destination de la Tanzanie \u00e0 &#8230; <a title=\"Crat\u00e8re  du Ngorongoro\" class=\"read-more\" href=\"https:\/\/mistersafari.com\/fr\/safari-tanzanie\/parcs-reserves\/cratere-ngorongoro\/\" aria-label=\"En savoir plus sur Crat\u00e8re  du Ngorongoro\">Lire la suite<\/a><\/p>\n","protected":false},"author":3,"featured_media":635,"parent":934,"menu_order":11,"comment_status":"closed","ping_status":"closed","template":"","meta":{"_acf_changed":false,"footnotes":""},"content_type":[],"country":[],"class_list":{"0":"post-718","1":"page","2":"type-page","3":"status-publish","4":"has-post-thumbnail","6":"no-featured-image-padding"},"acf":{"hreflang":[{"alternative_url":"https:\/\/mistersafari.com\/ngorongoro-crater\/","language":"en"}]},"_links":{"self":[{"href":"https:\/\/mistersafari.com\/fr\/wp-json\/wp\/v2\/pages\/718","targetHints":{"allow":["GET"]}}],"collection":[{"href":"https:\/\/mistersafari.com\/fr\/wp-json\/wp\/v2\/pages"}],"about":[{"href":"https:\/\/mistersafari.com\/fr\/wp-json\/wp\/v2\/types\/page"}],"author":[{"embeddable":true,"href":"https:\/\/mistersafari.com\/fr\/wp-json\/wp\/v2\/users\/3"}],"replies":[{"embeddable":true,"href":"https:\/\/mistersafari.com\/fr\/wp-json\/wp\/v2\/comments?post=718"}],"version-history":[{"count":25,"href":"https:\/\/mistersafari.com\/fr\/wp-json\/wp\/v2\/pages\/718\/revisions"}],"predecessor-version":[{"id":6245,"href":"https:\/\/mistersafari.com\/fr\/wp-json\/wp\/v2\/pages\/718\/revisions\/6245"}],"up":[{"embeddable":true,"href":"https:\/\/mistersafari.com\/fr\/wp-json\/wp\/v2\/pages\/934"}],"wp:featuredmedia":[{"embeddable":true,"href":"https:\/\/mistersafari.com\/fr\/wp-json\/wp\/v2\/media\/635"}],"wp:attachment":[{"href":"https:\/\/mistersafari.com\/fr\/wp-json\/wp\/v2\/media?parent=718"}],"wp:term":[{"taxonomy":"content_type","embeddable":true,"href":"https:\/\/mistersafari.com\/fr\/wp-json\/wp\/v2\/content_type?post=718"},{"taxonomy":"country","embeddable":true,"href":"https:\/\/mistersafari.com\/fr\/wp-json\/wp\/v2\/country?post=718"}],"curies":[{"name":"wp","href":"https:\/\/api.w.org\/{rel}","templated":true}]}}