{"id":715,"date":"2020-04-30T08:45:29","date_gmt":"2020-04-30T08:45:29","guid":{"rendered":"https:\/\/mistersafari.com\/fr\/?p=715"},"modified":"2022-03-14T08:58:21","modified_gmt":"2022-03-14T08:58:21","slug":"comment-aller","status":"publish","type":"page","link":"https:\/\/mistersafari.com\/fr\/safari-kenya\/comment-aller\/","title":{"rendered":"Comment aller au Kenya ?"},"content":{"rendered":"\n<p>Pour aller au Kenya, l\u2019organisation du moyen de transport pour s\u2019y rendre est \u00e0 organiser suffisamment t\u00f4t. D\u2019o\u00f9 partir, avec quelle compagnie a\u00e9rienne, comment r\u00e9server et combien \u00e7a co\u00fbte ? Que ce soit pour visiter les parcs K\u00e9nyans dans le cadre d&rsquo;un Safari ou un s\u00e9jour sur les plages, voici quelques informations utiles pour pr\u00e9parer au mieux votre voyage au Kenya.&nbsp;<\/p>\n\n\n<div id=\"ez-toc-container\" class=\"ez-toc-v2_0_76 counter-flat ez-toc-counter ez-toc-custom ez-toc-container-direction\">\n<div class=\"ez-toc-title-container\"><p class=\"ez-toc-title\" style=\"cursor:inherit\">Sommaire<\/p>\n<\/div><nav><ul class='ez-toc-list ez-toc-list-level-1 ' ><li class='ez-toc-page-1'><a class=\"ez-toc-link ez-toc-heading-1\" href=\"https:\/\/mistersafari.com\/fr\/safari-kenya\/comment-aller\/#aller-au-kenya-quelles-options\" >Aller au Kenya : quelles options ?<\/a><\/li><li class='ez-toc-page-1'><a class=\"ez-toc-link ez-toc-heading-2\" href=\"https:\/\/mistersafari.com\/fr\/safari-kenya\/comment-aller\/#quels-sont-les-aeroports-au-kenya-comment-choisir\" >Quels sont les a\u00e9roports au Kenya ? Comment choisir ?<\/a><\/li><li class='ez-toc-page-1'><a class=\"ez-toc-link ez-toc-heading-3\" href=\"https:\/\/mistersafari.com\/fr\/safari-kenya\/comment-aller\/#quand-et-ou-reserver-son-vol-pour-aller-au-kenya\" >Quand et o\u00f9 r\u00e9server son vol pour aller au Kenya ?<\/a><\/li><li class='ez-toc-page-1'><a class=\"ez-toc-link ez-toc-heading-4\" href=\"https:\/\/mistersafari.com\/fr\/safari-kenya\/comment-aller\/#aller-au-kenya-combien-ca-coute\" >Aller au Kenya, combien \u00e7a co\u00fbte ?<\/a><\/li><\/ul><\/nav><\/div>\n\n\n\n\n<h2 class=\"wp-block-heading\"><span class=\"ez-toc-section\" id=\"aller-au-kenya-quelles-options\"><\/span>Aller au Kenya : quelles options ?<span class=\"ez-toc-section-end\"><\/span><\/h2>\n\n\n\n<p>Pour se rendre au Kenya, plusieurs options sont possibles en fonction de votre point de d\u00e9part.<\/p>\n\n\n\n<p>Si vous venez d\u2019Europe ou d\u2019ailleurs dans le monde, un vol international vous permettra de vous rendre en quelques heures au Kenya. Vous prendrez aussi un vol international, ou un train, un bus ou encore louerez un v\u00e9hicule si vous venez d\u2019un pays voisin, \u00e0 la suite d\u2019un <a class=\"rank-math-link\" href=\"https:\/\/mistersafari.com\/fr\/safari-tanzanie\/\">safari en Tanzanie<\/a> par exemple. <\/p>\n\n\n\n<div class=\"wp-block-image\"><figure class=\"aligncenter size-full\"><picture><source srcset=\"https:\/\/mistersafari.com\/fr\/wp-content\/uploads\/sites\/2\/vol-kenya.webp 1200w,https:\/\/mistersafari.com\/fr\/wp-content\/uploads\/sites\/2\/vol-kenya-300x200.webp 300w,https:\/\/mistersafari.com\/fr\/wp-content\/uploads\/sites\/2\/vol-kenya-1024x683.webp 1024w,https:\/\/mistersafari.com\/fr\/wp-content\/uploads\/sites\/2\/vol-kenya-768x512.webp 768w\" sizes=\"auto, (max-width: 1200px) 100vw, 1200px\" type=\"image\/webp\"><img src=\"https:\/\/mistersafari.com\/fr\/wp-content\/uploads\/sites\/2\/vol-kenya.jpg\" height=\"800\" width=\"1200\" srcset=\"https:\/\/mistersafari.com\/fr\/wp-content\/uploads\/sites\/2\/vol-kenya.jpg 1200w, https:\/\/mistersafari.com\/fr\/wp-content\/uploads\/sites\/2\/vol-kenya-300x200.jpg 300w, https:\/\/mistersafari.com\/fr\/wp-content\/uploads\/sites\/2\/vol-kenya-1024x683.jpg 1024w, https:\/\/mistersafari.com\/fr\/wp-content\/uploads\/sites\/2\/vol-kenya-768x512.jpg 768w\" sizes=\"auto, (max-width: 1200px) 100vw, 1200px\" class=\"wp-image-6087 sp-no-webp\" alt=\"vol Kenya\" loading=\"lazy\" decoding=\"async\"  > <\/picture><\/figure><\/div>\n\n\n\n<p>Enfin, avec sa vaste \u00e9tendue de c\u00f4tes maritimes, il est m\u00eame possible d\u2019aller au Kenya en bateau, m\u00eame si c&rsquo;est plus rare. Ce sera le cas si vous faites un tour du monde en bateau, arrivez d&rsquo;\u00eeles de l\u2019Oc\u00e9an Indien ou encore de Zanzibar.&nbsp;<\/p>\n\n\n\n<h2 class=\"wp-block-heading\"><span class=\"ez-toc-section\" id=\"quels-sont-les-aeroports-au-kenya-comment-choisir\"><\/span>Quels sont les a\u00e9roports au Kenya ? Comment choisir ?<span class=\"ez-toc-section-end\"><\/span><\/h2>\n\n\n\n<p>Le Kenya compte deux a\u00e9roports : l\u2019a\u00e9roport international de Nairobi, le plus important, et l\u2019a\u00e9roport international de Mombasa, sur la c\u00f4te.<\/p>\n\n\n\n<p>Le choix de votre a\u00e9roport d\u2019arriv\u00e9e au Kenya va d\u00e9pendre :<\/p>\n\n\n\n<ul class=\"wp-block-list\"><li>de votre ville de d\u00e9part,&nbsp;<\/li><li>de la compagnie a\u00e9rienne avec qui vous voyagez,<\/li><li>et bien s\u00fbr du th\u00e8me de votre voyage au Kenya.&nbsp;<\/li><\/ul>\n\n\n\n<p>Pour un <a class=\"rank-math-link\" href=\"https:\/\/mistersafari.com\/fr\/safari-kenya\/\">safari au Kenya<\/a>, vous pourrez arriver dans l\u2019un ou l\u2019autre des a\u00e9roports du Kenya. Si vous d\u00e9butez ou finissez votre voyage par un s\u00e9jour sur les <a class=\"rank-math-link\" href=\"https:\/\/mistersafari.com\/fr\/safari-kenya\/plages\/\">plages kenyanes<\/a>, l\u2019a\u00e9roport de Mombasa sera plus proche.&nbsp;<\/p>\n\n\n\n<h2 class=\"wp-block-heading\"><span class=\"ez-toc-section\" id=\"quand-et-ou-reserver-son-vol-pour-aller-au-kenya\"><\/span>Quand et o\u00f9 r\u00e9server son vol pour aller au Kenya ?<span class=\"ez-toc-section-end\"><\/span><\/h2>\n\n\n\n<h3 class=\"wp-block-heading\">Options<\/h3>\n\n\n\n<p>La r\u00e9servation d\u2019un vol pour partir au Kenya s\u2019effectue en ligne, directement sur les sites internet des compagnies a\u00e9riennes ou par l\u2019interm\u00e9diaire des comparateurs de prix.&nbsp;<\/p>\n\n\n\n<p>Vous pouvez aussi le r\u00e9server par le biais d\u2019une agence de voyages. Certains tour-op\u00e9rateurs proposent des packages avec vol inclus. Chez d\u2019autres, vous devrez r\u00e9server vos vols seuls.<\/p>\n\n\n\n<h3 class=\"wp-block-heading\">Les vols pour se rendre au Kenya<\/h3>\n\n\n\n<p>Depuis la France, les seuls vols directs partent depuis Paris avec Air France. Si vous souhaitez partir d\u2019une autre ville, vous ferez certainement une escale \u00e0 Paris ou dans une autre capitale d\u2019Europe.&nbsp;<\/p>\n\n\n\n<div class=\"wp-block-image\"><figure class=\"aligncenter size-full\"><picture><source srcset=\"https:\/\/mistersafari.com\/fr\/wp-content\/uploads\/sites\/2\/air-france.webp 1200w,https:\/\/mistersafari.com\/fr\/wp-content\/uploads\/sites\/2\/air-france-300x189.webp 300w,https:\/\/mistersafari.com\/fr\/wp-content\/uploads\/sites\/2\/air-france-1024x645.webp 1024w,https:\/\/mistersafari.com\/fr\/wp-content\/uploads\/sites\/2\/air-france-768x484.webp 768w\" sizes=\"auto, (max-width: 1200px) 100vw, 1200px\" type=\"image\/webp\"><img src=\"https:\/\/mistersafari.com\/fr\/wp-content\/uploads\/sites\/2\/air-france.jpg\" height=\"756\" width=\"1200\" srcset=\"https:\/\/mistersafari.com\/fr\/wp-content\/uploads\/sites\/2\/air-france.jpg 1200w, https:\/\/mistersafari.com\/fr\/wp-content\/uploads\/sites\/2\/air-france-300x189.jpg 300w, https:\/\/mistersafari.com\/fr\/wp-content\/uploads\/sites\/2\/air-france-1024x645.jpg 1024w, https:\/\/mistersafari.com\/fr\/wp-content\/uploads\/sites\/2\/air-france-768x484.jpg 768w\" sizes=\"auto, (max-width: 1200px) 100vw, 1200px\" class=\"wp-image-6088 sp-no-webp\" alt=\"air france vol kenya\" loading=\"lazy\" decoding=\"async\"  > <\/picture><\/figure><\/div>\n\n\n\n<p>D\u2019autres compagnies a\u00e9riennes proposent des vols vers le Kenya :<\/p>\n\n\n\n<ul class=\"wp-block-list\"><li>KLM, direct depuis Paris ou avec escale \u00e0 Amsterdam<\/li><li>Swiss, avec escale \u00e0 Zurich<\/li><li>Emirates, avec escale \u00e0 Duba\u00ef<\/li><li>SN Brussel Airlines, avec escale \u00e0 Bruxelles<\/li><li>British Airways, avec escale \u00e0 Londres<\/li><\/ul>\n\n\n\n<h2 class=\"wp-block-heading\"><span class=\"ez-toc-section\" id=\"aller-au-kenya-combien-ca-coute\"><\/span>Aller au Kenya, combien \u00e7a co\u00fbte ?<span class=\"ez-toc-section-end\"><\/span><\/h2>\n\n\n\n<p>Quelle que soit la m\u00e9thode choisie pour la r\u00e9servation, il est conseill\u00e9 de r\u00e9server vos vols le plus t\u00f4t possible afin d\u2019obtenir les meilleurs tarifs.<\/p>\n\n\n\n<p>Comme nous vous l\u2019expliquons dans notre article sur le <a class=\"rank-math-link\" href=\"https:\/\/mistersafari.com\/fr\/safari-kenya\/prix\/\">prix d\u2019un safari au Kenya<\/a>, les tarifs des vols pour le Kenya varient fortement. Ils se situent entre 350\u20ac et plus de 900\u20ac. Il faut compter aux alentours de 500\u20ac en moyenne pour un vol aller\/retour vers le Kenya.<\/p>\n","protected":false},"excerpt":{"rendered":"<p>Pour aller au Kenya, l\u2019organisation du moyen de transport pour s\u2019y rendre est \u00e0 organiser suffisamment t\u00f4t. D\u2019o\u00f9 partir, avec quelle compagnie a\u00e9rienne, comment r\u00e9server et combien \u00e7a co\u00fbte ? Que ce soit pour visiter les parcs K\u00e9nyans dans le cadre d&rsquo;un Safari ou un s\u00e9jour sur les plages, voici quelques informations utiles pour pr\u00e9parer &#8230; <a title=\"Comment aller au Kenya ?\" class=\"read-more\" href=\"https:\/\/mistersafari.com\/fr\/safari-kenya\/comment-aller\/\" aria-label=\"En savoir plus sur Comment aller au Kenya ?\">Lire la suite<\/a><\/p>\n","protected":false},"author":3,"featured_media":717,"parent":924,"menu_order":9,"comment_status":"closed","ping_status":"closed","template":"","meta":{"_acf_changed":false,"footnotes":""},"content_type":[],"country":[],"class_list":{"0":"post-715","1":"page","2":"type-page","3":"status-publish","4":"has-post-thumbnail","6":"no-featured-image-padding"},"acf":{"hreflang":[{"alternative_url":"https:\/\/mistersafari.com\/kenya\/info\/how-to-get-to\/","language":"en"}]},"_links":{"self":[{"href":"https:\/\/mistersafari.com\/fr\/wp-json\/wp\/v2\/pages\/715","targetHints":{"allow":["GET"]}}],"collection":[{"href":"https:\/\/mistersafari.com\/fr\/wp-json\/wp\/v2\/pages"}],"about":[{"href":"https:\/\/mistersafari.com\/fr\/wp-json\/wp\/v2\/types\/page"}],"author":[{"embeddable":true,"href":"https:\/\/mistersafari.com\/fr\/wp-json\/wp\/v2\/users\/3"}],"replies":[{"embeddable":true,"href":"https:\/\/mistersafari.com\/fr\/wp-json\/wp\/v2\/comments?post=715"}],"version-history":[{"count":9,"href":"https:\/\/mistersafari.com\/fr\/wp-json\/wp\/v2\/pages\/715\/revisions"}],"predecessor-version":[{"id":6462,"href":"https:\/\/mistersafari.com\/fr\/wp-json\/wp\/v2\/pages\/715\/revisions\/6462"}],"up":[{"embeddable":true,"href":"https:\/\/mistersafari.com\/fr\/wp-json\/wp\/v2\/pages\/924"}],"wp:featuredmedia":[{"embeddable":true,"href":"https:\/\/mistersafari.com\/fr\/wp-json\/wp\/v2\/media\/717"}],"wp:attachment":[{"href":"https:\/\/mistersafari.com\/fr\/wp-json\/wp\/v2\/media?parent=715"}],"wp:term":[{"taxonomy":"content_type","embeddable":true,"href":"https:\/\/mistersafari.com\/fr\/wp-json\/wp\/v2\/content_type?post=715"},{"taxonomy":"country","embeddable":true,"href":"https:\/\/mistersafari.com\/fr\/wp-json\/wp\/v2\/country?post=715"}],"curies":[{"name":"wp","href":"https:\/\/api.w.org\/{rel}","templated":true}]}}