{"id":709,"date":"2020-04-23T15:52:24","date_gmt":"2020-04-23T15:52:24","guid":{"rendered":"https:\/\/mistersafari.com\/fr\/?p=709"},"modified":"2022-03-14T08:59:07","modified_gmt":"2022-03-14T08:59:07","slug":"prix","status":"publish","type":"page","link":"https:\/\/mistersafari.com\/fr\/safari-kenya\/prix\/","title":{"rendered":"Prix d&rsquo;un safari au Kenya"},"content":{"rendered":"\n<p>Un <a href=\"https:\/\/mistersafari.com\/fr\/safari-kenya\/\" class=\"rank-math-link\">safari au Kenya<\/a> a un prix non n\u00e9gligeable \u00e0 bien pr\u00e9voir lorsque l\u2019on pr\u00e9pare son voyage. Du prix du visa pour le Kenya, au logement en passant par les visites sur place, de nombreux facteurs impactent le budget de votre voyage.&nbsp; Gr\u00e2ce \u00e0 notre guide, vous allez pouvoir comprendre ce qui compose le prix d\u2019un safari au Kenya et estimer le co\u00fbt de votre p\u00e9riple.<\/p>\n\n\n<div id=\"ez-toc-container\" class=\"ez-toc-v2_0_76 counter-flat ez-toc-counter ez-toc-custom ez-toc-container-direction\">\n<div class=\"ez-toc-title-container\"><p class=\"ez-toc-title\" style=\"cursor:inherit\">Sommaire<\/p>\n<\/div><nav><ul class='ez-toc-list ez-toc-list-level-1 ' ><li class='ez-toc-page-1'><a class=\"ez-toc-link ez-toc-heading-1\" href=\"https:\/\/mistersafari.com\/fr\/safari-kenya\/prix\/#les-elements-qui-influencent-le-prix-dun-safari-au-kenya\" >Les \u00e9l\u00e9ments qui influencent le prix d\u2019un safari au Kenya<\/a><\/li><li class='ez-toc-page-1'><a class=\"ez-toc-link ez-toc-heading-2\" href=\"https:\/\/mistersafari.com\/fr\/safari-kenya\/prix\/#quel-budget-global-prevoir-pour-un-voyage-au-kenya\" >Quel budget global pr\u00e9voir pour un voyage au Kenya ?<\/a><\/li><li class='ez-toc-page-1'><a class=\"ez-toc-link ez-toc-heading-3\" href=\"https:\/\/mistersafari.com\/fr\/safari-kenya\/prix\/#un-safari-au-kenya-pas-cher-cest-possible\" >Un Safari au Kenya pas cher, c\u2019est possible ?<\/a><\/li><li class='ez-toc-page-1'><a class=\"ez-toc-link ez-toc-heading-4\" href=\"https:\/\/mistersafari.com\/fr\/safari-kenya\/prix\/#pour-resumer-le-prix-moyen-dun-safari-au-kenya\" >Pour r\u00e9sumer : le prix moyen d\u2019un safari au Kenya<\/a><\/li><li class='ez-toc-page-1'><a class=\"ez-toc-link ez-toc-heading-5\" href=\"https:\/\/mistersafari.com\/fr\/safari-kenya\/prix\/#faq\" >FAQ<\/a><\/li><\/ul><\/nav><\/div>\n\n\n\n\n<h2 class=\"wp-block-heading\"><span class=\"ez-toc-section\" id=\"les-elements-qui-influencent-le-prix-dun-safari-au-kenya\"><\/span>Les \u00e9l\u00e9ments qui influencent le prix d\u2019un safari au Kenya<span class=\"ez-toc-section-end\"><\/span><\/h2>\n\n\n\n<p>Pour estimer le prix de votre safari au Kenya, vous devez \u00e9valuer le co\u00fbt de tous les \u00e9l\u00e9ments qui composent votre voyage.&nbsp;<\/p>\n\n\n\n<h3 class=\"wp-block-heading\">Le vol pour le Kenya<\/h3>\n\n\n\n<p>Les prix d\u2019un billet d\u2019avion pour le Kenya varient en fonction :<\/p>\n\n\n\n<ul class=\"wp-block-list\"><li>des dates (p\u00e9riodes scolaires ou non, conditions m\u00e9t\u00e9orologiques au Kenya, \u2026) et jours de la semaine ;<\/li><li>de la ville de d\u00e9part ;<\/li><li>de la compagnie&nbsp;;<\/li><li>des escales ou non.<\/li><\/ul>\n\n\n\n<p>Pour choisir la meilleure p\u00e9riode pour partir au Kenya, n&rsquo;h\u00e9sitez pas \u00e0 vous aider de notre <a href=\"https:\/\/mistersafari.com\/fr\/safari-kenya\/quand-partir\/\" class=\"rank-math-link\">article sur le sujet<\/a>. Si vous n\u2019avez pas d\u2019imp\u00e9ratif et \u00eates libre de partir quand vous le souhaitez, les mois de janvier et f\u00e9vrier offrent g\u00e9n\u00e9ralement les meilleurs prix pour un safari au Kenya.<\/p>\n\n\n<div class=\"gb-container gb-container-8cc1ba80\"><div class=\"gb-inside-container\">\n<div class=\"gb-grid-wrapper gb-grid-wrapper-e0bc1c85\">\n<div class=\"gb-grid-column gb-grid-column-d873f923\"><div class=\"gb-container gb-container-d873f923\"><div class=\"gb-inside-container\">\n\n<div class=\"gb-headline gb-headline-974fb64d gb-headline-text\">Trouvez les meilleures offres pour votre Safari<\/div>\n\n\n\n<p class=\"gb-headline gb-headline-8fabdb11 gb-headline-text\">Mister Safari vous aide \u00e0 trouver les meilleurs prix et prestataires pour organiser le safari de vos r\u00eaves<\/p>\n\n\n<div class=\"gb-button-wrapper gb-button-wrapper-c8a43616\">\n\n<a class=\"gb-button gb-button-c1c54722 gb-button-text\" href=\"https:\/\/mistersafari.com\/fr\/demande-devis\/\">Obtenir un devis gratuit<\/a>\n\n<\/div>\n<\/div><\/div><\/div>\n<\/div>\n<\/div><\/div>\n\n\n<h3 class=\"wp-block-heading\">Le transport sur place<\/h3>\n\n\n\n<p>Plusieurs options s\u2019offrent \u00e0 vous :<\/p>\n\n\n\n<ul class=\"wp-block-list\"><li><strong>Rejoindre un voyage de groupes<\/strong> : dans ce cas, vous partagerez les frais de location de v\u00e9hicule, les services du guide, l\u2019essence, les frais d\u2019entr\u00e9e des parcs pour le v\u00e9hicule et le guide. Les groupes vont g\u00e9n\u00e9ralement jusqu\u2019\u00e0 6 ou 7 personnes, ce qui correspond au nombre de places disponibles dans le 4&#215;4.&nbsp;C\u2019est certainement l\u2019alternative au rapport qualit\u00e9\/prix attractif mais pas forc\u00e9ment la plus confortable. Cette option convient donc aux petits budgets, mais si vous le pouvez, privil\u00e9giez plut\u00f4t un safari priv\u00e9.<\/li><li><strong>Un safari avec v\u00e9hicule et un guide\/chauffeur priv\u00e9<\/strong> : vous louez un 4&#215;4 et les services d\u2019un chauffeur qui sera votre guide pendant les safaris dans les parcs et r\u00e9serves. C\u2019est l\u2019option id\u00e9ale si vous voyagez \u00e0 deux, en famille ou entre amis.&nbsp;<\/li><li><strong>Louer et conduire un 4&#215;4<\/strong> : la <a href=\"https:\/\/mistersafari.com\/fr\/safari-kenya\/location-voiture\/\">location d\u2019un v\u00e9hicule au Kenya<\/a> vous offre la libert\u00e9 de vous d\u00e9placer o\u00f9 et quand vous voulez. M\u00eame si c\u2019est une solution attractive, il faudra prendre en consid\u00e9ration le co\u00fbt et la s\u00e9curit\u00e9 sur les routes kenyanes. De plus, sans la pr\u00e9sence d\u2019un guide, vous risquez de ne pas savoir dans quels points strat\u00e9giques vous rendre pour observer les animaux et perdre du temps.&nbsp; Cette option est donc envisageable par les connaisseurs ou les habitu\u00e9s, ou tout simplement les plus aventuriers.&nbsp;<\/li><li><strong>Transport en commun, stop, vols internes\u2026<\/strong>Il existe d\u2019autres moyens de transport pour vous d\u00e9placer \u00e0 travers le Kenya.&nbsp;M\u00eame s\u2019ils font gagner un temps pr\u00e9cieux, les transferts en vol internes sont tr\u00e8s chers. Souvent combin\u00e9s \u00e0 la pr\u00e9sence d\u2019un guide priv\u00e9, ils conviendront uniquement aux voyageurs au budget \u00e9lev\u00e9.&nbsp;Les transports en commun sont relativement bien desservis entre les grandes villes et la c\u00f4te kenyane. Mais tout comme le voyage en auto-stop, vous devrez dans tous les cas faire appel \u00e0 un guide avec 4&#215;4 pour visiter les parcs et r\u00e9serves du Kenya.<\/li><\/ul>\n\n\n\n<h3 class=\"wp-block-heading\">Les h\u00e9bergements<\/h3>\n\n\n\n<p>Niveau logement, il y en a pour tous les go\u00fbts, et surtout pour tous les budgets.&nbsp;Du camping rustique au <a href=\"https:\/\/mistersafari.com\/fr\/safari-kenya\/lodges\/\" class=\"rank-math-link\">lodge<\/a> grand luxe, ce sont vos attentes en termes de confort qui d\u00e9finissent le budget \u00e0 allouer \u00e0 l\u2019h\u00e9bergement. Il faudra aussi choisir entre des logements \u00e0 l\u2019int\u00e9rieur des parcs et r\u00e9serves du Kenya (plus chers) ou \u00e0 l\u2019ext\u00e9rieur des parcs (plus abordables). Les prix des logements varient aussi en fonction du parc ou de la r\u00e9serve visit\u00e9.&nbsp;<\/p>\n\n\n\n<h3 class=\"wp-block-heading\">La nourriture<\/h3>\n\n\n\n<p>Selon la formule choisie, la nourriture et les boissons seront comprises ou pas dans votre package. M\u00eame si le co\u00fbt de la vie au Kenya est moins cher qu\u2019en France, les formules en pension compl\u00e8te restent souvent la meilleure option.<\/p>\n\n\n\n<h3 class=\"wp-block-heading\">Les parcs et r\u00e9serves<\/h3>\n\n\n\n<p>Comme la plupart des <a href=\"https:\/\/mistersafari.com\/fr\/safari-afrique\/\" class=\"rank-math-link\">safaris en Afrique<\/a>, l\u2019entr\u00e9e dans les <a href=\"https:\/\/mistersafari.com\/fr\/safari-kenya\/parcs-reserves\/\" class=\"rank-math-link\">parcs et r\u00e9serves du Kenya<\/a> sont payants.&nbsp; Les tarifs sont dus par personne et g\u00e9n\u00e9ralement valables pour une p\u00e9riode de 24h. Pensez aussi au suppl\u00e9ment pour le v\u00e9hicule et l\u2019entr\u00e9e du guide \u00e0 votre charge.&nbsp;<\/p>\n\n\n\n<h3 class=\"wp-block-heading\">Les autres activit\u00e9s<\/h3>\n\n\n\n<p>M\u00eame si on se rend au Kenya pour un safari, il y a une multitude d\u2019<a href=\"https:\/\/mistersafari.com\/fr\/safari-kenya\/que-faire\/\" class=\"rank-math-link\">autres activit\u00e9s \u00e0 faire au Kenya<\/a>. Un s\u00e9jour farniente sur les <a href=\"https:\/\/mistersafari.com\/fr\/safari-kenya\/plages\/\" class=\"rank-math-link\">plages <\/a>de la c\u00f4te de l\u2019Oc\u00e9an indien ne sera pas forc\u00e9ment co\u00fbteux, alors qu\u2019un tour en Montgolfi\u00e8re \u00e0 <a href=\"https:\/\/mistersafari.com\/fr\/safari-kenya\/parcs-reserves\/masai-mara\/\" class=\"rank-math-link\">Masa\u00ef Mara<\/a> repr\u00e9sentera un budget plus cons\u00e9quent.&nbsp;<\/p>\n\n\n\n<h3 class=\"wp-block-heading\">Les autres d\u00e9penses<\/h3>\n\n\n\n<p>Le <a href=\"https:\/\/mistersafari.com\/fr\/safari-kenya\/visa\/\" class=\"rank-math-link\">visa pour le Kenya<\/a> est co\u00fbte 50\u20ac environ. Pensez aussi \u00e0 votre <a href=\"https:\/\/mistersafari.com\/fr\/blog\/preparer-valise-safari\/\" class=\"rank-math-link\">\u00e9quipement pour un safari r\u00e9ussi<\/a> : appareil photo, cam\u00e9ra, tenues et chaussures adapt\u00e9es, \u2026&nbsp;<\/p>\n\n\n\n<p>Enfin, comme dans beaucoup de pays anglophones, il est habituel de donner un pourboire (peu importe le niveau de satisfaction du service). Chauffeurs, guides, serveurs, personnels des h\u00e9bergements,&#8230; Les pourboires permettent de compl\u00e9ter leurs faibles salaires. Pr\u00e9voyez donc un budget pourboires, qui s&rsquo;\u00e9l\u00e8vera environ \u00e0 une dizaine d&rsquo;euros par jour de voyage.<\/p>\n\n\n\n<h2 class=\"wp-block-heading\"><span class=\"ez-toc-section\" id=\"quel-budget-global-prevoir-pour-un-voyage-au-kenya\"><\/span>Quel budget global pr\u00e9voir pour un voyage au Kenya ?<span class=\"ez-toc-section-end\"><\/span><\/h2>\n\n\n\n<h3 class=\"wp-block-heading\">Les transports<\/h3>\n\n\n\n<p>Le premier poste de d\u00e9pense est le billet d\u2019avion.&nbsp; M\u00eame si certaines compagnies affichent des prix \u00e0 partir de 350\u20ac, il faudra plut\u00f4t compter au minimum 450 \u00e0 500\u20ac pour un vol aller-retour Paris \/ Nairobi.&nbsp;<\/p>\n\n\n\n<p class=\"callout-orange\"><strong>En fonction des facteurs list\u00e9s ci-dessus, les prix des vols pour le Kenya peuvent grimper jusqu\u2019\u00e0 900\u20ac.&nbsp;<\/strong><\/p>\n\n\n\n<p>Sur place, la location d\u2019un v\u00e9hicule vous co\u00fbtera 90\u20ac\/jour au minimum pour un petit v\u00e9hicule et jusqu\u2019\u00e0 plus de 200\u20ac\/jour pour un 4&#215;4 adapt\u00e9. L\u2019assurance revient \u00e0 environ 10\u20ac\/ jour si vous conduisez vous-m\u00eame le v\u00e9hicule. \u00c0 cela, il faudra ajouter le prix de l\u2019essence.&nbsp;<em>Pensez \u00e0 faire le plein dans les grandes villes o\u00f9 le prix du litre d\u2019essence est moins cher.&nbsp;<\/em><\/p>\n\n\n\n<p>Comptez quelques dizaines d\u2019euros par jour pour les services d\u2019un guide.&nbsp;<strong>Ces tarifs seront bien \u00e9videmment partag\u00e9s avec les autres voyageurs si vous optez pour un safari en groupe.&nbsp;<\/strong><\/p>\n\n\n\n<p>Si vous optez pour des transferts en avion, il faudra payer pr\u00e8s de 200\u20ac pour un vol Nairobi \/ Masa\u00ef Mara par exemple.&nbsp;<\/p>\n\n\n\n<h3 class=\"wp-block-heading\">L\u2019h\u00e9bergement et la nourriture<\/h3>\n\n\n\n<p>Au vu de la multitude des possibilit\u00e9s d&rsquo;h\u00e9bergement au Kenya, un prix moyen ne serait pas repr\u00e9sentatif. Il est plus judicieux de d\u00e9finir d\u2019abord son <a href=\"https:\/\/mistersafari.com\/fr\/safari-kenya\/circuit\/\" class=\"rank-math-link\">circuit pour un safari au Kenya<\/a> et de choisir ensuite les logements qui rentrent dans son budget.&nbsp;<\/p>\n\n\n\n<p class=\"callout-green\">Les packages avec pension compl\u00e8te que ce soit en camping, tentes safaris, lodges ou h\u00f4tels sont g\u00e9n\u00e9ralement d\u2019un bon rapport qualit\u00e9\/prix.<\/p>\n\n\n\n<h3 class=\"wp-block-heading\">Les activit\u00e9s sur place<\/h3>\n\n\n\n<p>Les prix d\u2019entr\u00e9e des parcs et r\u00e9serves ont baiss\u00e9 ces derni\u00e8res ann\u00e9es. Il faut compter aux alentours de 60 \u00e0 70\u20ac par adulte et par jour en moyenne avec des diff\u00e9rences notables :&nbsp;<\/p>\n\n\n\n<ul class=\"wp-block-list\"><li>moins de 50\u20ac \/ jour \/ adulte pour le <a href=\"https:\/\/mistersafari.com\/fr\/safari-kenya\/parcs-reserves\/parc-tsavo-est-ouest\/\" class=\"rank-math-link\">parc de Tsavo<\/a>&nbsp;<\/li><li>jusqu\u2019\u00e0 75\u20ac \/ jour \/ adulte pour <a href=\"https:\/\/mistersafari.com\/fr\/safari-kenya\/parcs-reserves\/masai-mara\/\">Masa\u00ef Mara<\/a>.&nbsp;<\/li><\/ul>\n\n\n\n<p>Un safari en Montgolfi\u00e8re au Masa\u00ef Mara co\u00fbte 400\u20ac.<\/p>\n\n\n\n<h2 class=\"wp-block-heading\"><span class=\"ez-toc-section\" id=\"un-safari-au-kenya-pas-cher-cest-possible\"><\/span>Un Safari au Kenya pas cher, c\u2019est possible ?<span class=\"ez-toc-section-end\"><\/span><\/h2>\n\n\n\n<p>Le Kenya n&rsquo;est pas le plays le plus cher d\u2019Afrique de l\u2019Est pour y faire un safari, et il est donc possible d&rsquo;y r\u00e9aliser un safari pas cher ?<\/p>\n\n\n\n<p>Si votre budget est tr\u00e8s limit\u00e9, peut-\u00eatre que l\u2019une de ces astuces vous permettra de r\u00e9aliser un safari en pas cher au Kenya dans vos prix :<\/p>\n\n\n\n<ul class=\"wp-block-list\"><li>certains parcs sont moins chers que d&rsquo;autres ;<\/li><li>envisagez le self-drive \u00e0 la place d&rsquo;un chauffeur priv\u00e9 ;<\/li><li>mieux vaut limiter le nombre de parcs mais en profiter davantage sur place. ;<\/li><li>pour r\u00e9duire votre budget global, pensez aussi \u00e0 passer quelques jours sur la c\u00f4te pour profiter de l\u2019une des plus belles <a href=\"https:\/\/mistersafari.com\/fr\/safari-tanzanie\/plages\/\" class=\"rank-math-link\">plages du Kenya<\/a>.<\/li><\/ul>\n\n\n\n<p><em>D\u2019autres pays, comme la <a href=\"https:\/\/mistersafari.com\/fr\/safari-kenya\/\" class=\"rank-math-link\">Tanzanie<\/a> par exemple, sont beaucoup plus chers.<\/em><\/p>\n\n\n\n<h2 class=\"wp-block-heading\"><span class=\"ez-toc-section\" id=\"pour-resumer-le-prix-moyen-dun-safari-au-kenya\"><\/span>Pour r\u00e9sumer : le prix moyen d\u2019un safari au Kenya<span class=\"ez-toc-section-end\"><\/span><\/h2>\n\n\n\n<p>Voici quelques exemples de prix pour un safari au Kenya pour deux adultes en p\u00e9riode favorable (janvier ou f\u00e9vrier).&nbsp;<\/p>\n\n\n\n<p><strong>Pour un circuit pas cher au Kenya de moins de 10 jours qui comprend :<\/strong><\/p>\n\n\n\n<ul class=\"wp-block-list\"><li>vols internationaux ;<\/li><li>la visite des principaux parcs ou r\u00e9serves ;<\/li><li>h\u00e9bergement en tente safari standard ;<\/li><li>location d\u2019un 4&#215;4 avec chauffeur priv\u00e9 ;<\/li><li>pension compl\u00e8te.<\/li><\/ul>\n\n\n\n<p>Comptez entre 4000 et 5000 \u20ac pour deux<\/p>\n\n\n\n<p class=\"callout-blue\">Vous pouvez faire des \u00e9conomies de 15 \u00e0 20% en partageant la location du 4&#215;4 et des services d\u2019un guide avec d\u2019autre voyageurs.<\/p>\n\n\n\n<p><strong>Pour un circuit de luxe de 15 jours comprenant :<\/strong><\/p>\n\n\n\n<ul class=\"wp-block-list\"><li>vols internationaux<\/li><li>la visite de nombreux parcs et r\u00e9serves&nbsp;<\/li><li>h\u00e9bergement en lodges de luxe<\/li><li>location d\u2019un 4&#215;4 avec chauffeur priv\u00e9<\/li><li>pension compl\u00e8te<\/li><\/ul>\n\n\n\n<p>Comptez entre 10000 et 15000\u20ac pour deux, par exemple pour un <a href=\"https:\/\/mistersafari.com\/fr\/safari-kenya\/voyage-de-noces\/\" class=\"rank-math-link\">voyage de noce au Kenya<\/a>.<\/p>\n\n\n\n<p>Voici un tableau r\u00e9capitulatif et simplifi\u00e9 des prix d\u2019un <a href=\"https:\/\/mistersafari.com\/fr\/safari-kenya\/\" class=\"rank-math-link\">safari au Kenya<\/a>.&nbsp;<\/p>\n\n\n\n<figure class=\"wp-block-table\"><table><thead><tr><th>Estimation<\/th><th>Prix minimum<\/th><th>Prix moyen<\/th><\/tr><\/thead><tbody><tr><td>Vol<\/td><td>400\u20ac\/personne<\/td><td>550\u20ac\/personne<\/td><\/tr><tr><td>H\u00e9bergement + pension<\/td><td>100\u20ac\/personne\/jour<\/td><td>300\u20ac\/personne\/jour<\/td><\/tr><tr><td>Transport<\/td><td>150\/personne\/jour<\/td><td>250\u20ac\/personne\/jour<\/td><\/tr><tr><td>Parcs et r\u00e9serves<\/td><td>48\/personne\/jour<\/td><td>60\u20ac\/personne\/jour<\/td><\/tr><tr><td>Total pour un safari de&nbsp; 8 jours<\/td><td>~ 2700\u20ac soit ~ 170\u20ac\/personne\/jour<\/td><td>~6000\u20ac soit ~ 375\u20ac\/personne\/jour<\/td><\/tr><tr><td>Total pour un safari de 15 jours<\/td><td>~ 5000\u20ac soit ~ 170\u20ac\/personne\/jour<\/td><td>~10250\u20ac soit ~ 350\u20ac\/personne\/joir<\/td><\/tr><\/tbody><\/table><figcaption>Les tarifs moyens d&rsquo;un safari au Kenya<\/figcaption><\/figure>\n\n\n\n<p>Nous l&rsquo;avons d\u00e9j\u00e0 dit, les prix sont r\u00e9ellement impact\u00e9s par les choix que vous faites en termes de moyens de transport, h\u00e9bergement, dur\u00e9e du s\u00e9jour et types d&rsquo;activit\u00e9. Il est donc assez ais\u00e9 d&rsquo;influencer le co\u00fbt de votre voyage, \u00e0 la hausse ou \u00e0 la baisse, en modifiant l&rsquo;un ou l&rsquo;autre des \u00e9l\u00e9ments de votre p\u00e9riple.&nbsp;<\/p>\n\n\n\n<p>\u00c9videmment, ces prix que nous avons constat\u00e9s pour l&rsquo;organisation d&rsquo;un safari au Kenya sont donn\u00e9s \u00e0 titre indicatif, et il est toujours possible de trouver des prix diff\u00e9rents ici et l\u00e0, notamment gr\u00e2ce aux agences de voyage sp\u00e9cialis\u00e9es.<\/p>\n\n\n\n<h2 class=\"gb-headline gb-headline-a7ff1ec0 gb-headline-text\"><span class=\"ez-toc-section\" id=\"faq\"><\/span>FAQ<span class=\"ez-toc-section-end\"><\/span><\/h2>\n\n\n<div id=\"rank-math-faq\" class=\"rank-math-block\">\n<div class=\"rank-math-list \">\n<div id=\"faq-question-1608025174637\" class=\"rank-math-list-item\">\n<h3 class=\"rank-math-question \">Combien co\u00fbte un safari au Kenya ?<\/h3>\n<div class=\"rank-math-answer \">\n\n<p>Comme expliqu\u00e9 plus haut dans notre article, le tarif d&rsquo;un safari au Kenya d\u00e9pend de nombreux facteurs. Dans l&rsquo;ensemble, comptez entre 150 et 400\u20ac par personne et par jour, jusqu&rsquo;\u00e0 beaucoup plus pour un <a href=\"https:\/\/mistersafari.com\/fr\/safari-kenya\/luxe\/\" class=\"rank-math-link\">safari de Luxe au Kenya<\/a>.<\/p>\n\n<\/div>\n<\/div>\n<div id=\"faq-question-1608025302606\" class=\"rank-math-list-item\">\n<h3 class=\"rank-math-question \">O\u00f9 faire le plus beau safari ?<\/h3>\n<div class=\"rank-math-answer \">\n\n<p>Le Kenya est une destination phare du safari. Parmi les alternatives principales, vous pouvez envisager un <a href=\"https:\/\/mistersafari.com\/fr\/blog\/tanzanie-ou-afrique-du-sud\/\" class=\"rank-math-link\">safari en Tanzanie ou en Afrique du Sud<\/a>.<\/p>\n\n<\/div>\n<\/div>\n<div id=\"faq-question-1608025396946\" class=\"rank-math-list-item\">\n<h3 class=\"rank-math-question \">Quand faire un safari au Kenya ?<\/h3>\n<div class=\"rank-math-answer \">\n\n<p>La saison s\u00e8che est une des meilleures p\u00e9riodes pour <a href=\"https:\/\/mistersafari.com\/fr\/safari-kenya\/comment-aller\/\" class=\"rank-math-link\">partir au Kenya<\/a>, puisque toutes les routes sont praticables.<\/p>\n\n<\/div>\n<\/div>\n<\/div>\n<\/div>","protected":false},"excerpt":{"rendered":"<p>Un safari au Kenya a un prix non n\u00e9gligeable \u00e0 bien pr\u00e9voir lorsque l\u2019on pr\u00e9pare son voyage. Du prix du visa pour le Kenya, au logement en passant par les visites sur place, de nombreux facteurs impactent le budget de votre voyage.&nbsp; Gr\u00e2ce \u00e0 notre guide, vous allez pouvoir comprendre ce qui compose le prix &#8230; <a title=\"Prix d&rsquo;un safari au Kenya\" class=\"read-more\" href=\"https:\/\/mistersafari.com\/fr\/safari-kenya\/prix\/\" aria-label=\"En savoir plus sur Prix d&rsquo;un safari au Kenya\">Lire la suite<\/a><\/p>\n","protected":false},"author":3,"featured_media":651,"parent":924,"menu_order":8,"comment_status":"closed","ping_status":"closed","template":"","meta":{"_acf_changed":false,"footnotes":""},"content_type":[],"country":[],"class_list":{"0":"post-709","1":"page","2":"type-page","3":"status-publish","4":"has-post-thumbnail","6":"no-featured-image-padding"},"acf":{"hreflang":[{"alternative_url":"https:\/\/mistersafari.com\/kenya\/info\/safari-prices\/","language":"en"}]},"_links":{"self":[{"href":"https:\/\/mistersafari.com\/fr\/wp-json\/wp\/v2\/pages\/709","targetHints":{"allow":["GET"]}}],"collection":[{"href":"https:\/\/mistersafari.com\/fr\/wp-json\/wp\/v2\/pages"}],"about":[{"href":"https:\/\/mistersafari.com\/fr\/wp-json\/wp\/v2\/types\/page"}],"author":[{"embeddable":true,"href":"https:\/\/mistersafari.com\/fr\/wp-json\/wp\/v2\/users\/3"}],"replies":[{"embeddable":true,"href":"https:\/\/mistersafari.com\/fr\/wp-json\/wp\/v2\/comments?post=709"}],"version-history":[{"count":27,"href":"https:\/\/mistersafari.com\/fr\/wp-json\/wp\/v2\/pages\/709\/revisions"}],"predecessor-version":[{"id":6464,"href":"https:\/\/mistersafari.com\/fr\/wp-json\/wp\/v2\/pages\/709\/revisions\/6464"}],"up":[{"embeddable":true,"href":"https:\/\/mistersafari.com\/fr\/wp-json\/wp\/v2\/pages\/924"}],"wp:featuredmedia":[{"embeddable":true,"href":"https:\/\/mistersafari.com\/fr\/wp-json\/wp\/v2\/media\/651"}],"wp:attachment":[{"href":"https:\/\/mistersafari.com\/fr\/wp-json\/wp\/v2\/media?parent=709"}],"wp:term":[{"taxonomy":"content_type","embeddable":true,"href":"https:\/\/mistersafari.com\/fr\/wp-json\/wp\/v2\/content_type?post=709"},{"taxonomy":"country","embeddable":true,"href":"https:\/\/mistersafari.com\/fr\/wp-json\/wp\/v2\/country?post=709"}],"curies":[{"name":"wp","href":"https:\/\/api.w.org\/{rel}","templated":true}]}}