{"id":703,"date":"2020-04-22T18:53:49","date_gmt":"2020-04-22T18:53:49","guid":{"rendered":"https:\/\/mistersafari.com\/fr\/?p=703"},"modified":"2021-07-05T13:59:23","modified_gmt":"2021-07-05T13:59:23","slug":"circuit","status":"publish","type":"page","link":"https:\/\/mistersafari.com\/fr\/safari-kenya\/circuit\/","title":{"rendered":"Circuit au Kenya"},"content":{"rendered":"\n<p>Avec plus de 50 parcs et r\u00e9serves, une biodiversit\u00e9 riche et des paysages vari\u00e9s, le Kenya ne compte pas un meilleur circuit mais bien une multitude d\u2019options. Le choix de votre circuit au Kenya va d\u00e9pendre de votre budget, de la dur\u00e9e de votre s\u00e9jour, des personnes avec qui vous partez, mais aussi de vos centres d\u2019int\u00e9r\u00eats et vos pr\u00e9f\u00e9rences en termes de confort de voyage.<\/p>\n\n\n<div id=\"ez-toc-container\" class=\"ez-toc-v2_0_76 counter-flat ez-toc-counter ez-toc-custom ez-toc-container-direction\">\n<div class=\"ez-toc-title-container\"><p class=\"ez-toc-title\" style=\"cursor:inherit\">Sommaire<\/p>\n<\/div><nav><ul class='ez-toc-list ez-toc-list-level-1 ' ><li class='ez-toc-page-1'><a class=\"ez-toc-link ez-toc-heading-1\" href=\"https:\/\/mistersafari.com\/fr\/safari-kenya\/circuit\/#les-meilleurs-circuits-au-kenya\" >Les meilleurs circuits au Kenya<\/a><\/li><li class='ez-toc-page-1'><a class=\"ez-toc-link ez-toc-heading-2\" href=\"https:\/\/mistersafari.com\/fr\/safari-kenya\/circuit\/#comment-organiser-son-circuit-au-kenya\" >Comment organiser son circuit au kenya ?<\/a><\/li><li class='ez-toc-page-1'><a class=\"ez-toc-link ez-toc-heading-3\" href=\"https:\/\/mistersafari.com\/fr\/safari-kenya\/circuit\/#circuit-au-kenya-et-dans-dautres-pays\" >Circuit au Kenya et dans d\u2019autres pays<\/a><\/li><\/ul><\/nav><\/div>\n\n\n\n\n<h2 class=\"wp-block-heading\"><span class=\"ez-toc-section\" id=\"les-meilleurs-circuits-au-kenya\"><\/span>Les meilleurs circuits au Kenya<span class=\"ez-toc-section-end\"><\/span><\/h2>\n\n\n\n<p>Voici quelques suggestions des meilleurs circuits pour votre voyage au Kenya. Il en existe bien d\u2019autres et vous pourrez trouver toutes les informations sur chacune des destinations dans notre rubrique sur les <a href=\"https:\/\/mistersafari.com\/fr\/safari-kenya\/\" class=\"rank-math-link\">safaris au Kenya<\/a>.&nbsp;<\/p>\n\n\n\n<h3 class=\"wp-block-heading\">Le crit\u00e8re principal d&rsquo;un circuit au Kenya : le budget<\/h3>\n\n\n\n<p>Le circuit de votre voyage au Kenya est bien \u00e9videmment \u00e0 adapter en fonction de votre budget.&nbsp; Voici deux exemples de circuits \u00e0 l&rsquo;oppos\u00e9 en termes de fourchette de prix.<\/p>\n\n\n\n<p>Les petits budgets privil\u00e9gieront des <a href=\"https:\/\/mistersafari.com\/fr\/safari-kenya\/parcs-reserves\/\" class=\"rank-math-link\">parcs ou r\u00e9serves<\/a> \u00e0 proximit\u00e9 les uns des autres, un h\u00e9bergement en camping ou encore un voyage en groupe pour partager les frais de<a href=\"https:\/\/mistersafari.com\/fr\/safari-kenya\/location-voiture\/\" class=\"rank-math-link\"> location de v\u00e9hicule<\/a> et de service d\u2019un guide.&nbsp;<\/p>\n\n\n\n<p><strong>Pour un circuit au Kenya pas cher<\/strong> : safari de 9 jours (vols et transferts compris) dans les parcs et r\u00e9serves incontournables du Kenya, r\u00e9alis\u00e9 en groupe avec h\u00e9bergement en campings ou <a href=\"https:\/\/mistersafari.com\/fr\/safari-kenya\/lodges\/\" class=\"rank-math-link\">lodges<\/a> selon les budgets.&nbsp;<\/p>\n\n\n\n<ul class=\"wp-block-list\"><li>Jour 1 : Arriv\u00e9e \u00e0 Nairobi et transfert vers Masa\u00ef Mara<\/li><li>Jours 2 et 3 : Safaris matinaux et en fin d\u2019apr\u00e8s-midi dans la <a href=\"https:\/\/mistersafari.com\/fr\/safari-kenya\/parcs-reserves\/masai-mara\/\">r\u00e9serve de Masa\u00ef Mara<\/a><\/li><li>Jour 4 : Transfert et safari au <a href=\"https:\/\/mistersafari.com\/fr\/safari-kenya\/parcs-reserves\/lac-nakuru\/\">Lac Nakuru<\/a><\/li><li>Jour 5 : Transfert vers le <a href=\"https:\/\/mistersafari.com\/fr\/safari-kenya\/parcs-reserves\/parc-amboseli\/\">parc Amboseli<\/a>&nbsp;<\/li><li>Jours 6 et 7 : Safaris matinaux et en fin d\u2019apr\u00e8s-midi dans dans le parc Amboseli<\/li><li>Jour 8 : Retour \u00e0 Nairobi et d\u00e9part<\/li><\/ul>\n\n\n\n<p>Les voyageurs au budget plus important pourront profiter d\u2019un <a href=\"https:\/\/mistersafari.com\/fr\/safari-kenya\/luxe\/\" class=\"rank-math-link\">safari version luxe au Kenya<\/a>, tout compris et dans des logements haut de gamme.&nbsp;<\/p>\n\n\n\n<p><strong>Circuit au Kenya pour un safari luxueux<\/strong> : safari de 16 jours (vols et transferts compris) pour parcourir une grande partie du Kenya, avec v\u00e9hicule et guide priv\u00e9 et h\u00e9bergement en lodges de luxe.<\/p>\n\n\n\n<ul class=\"wp-block-list\"><li>Jour 1 : Arriv\u00e9e \u00e0 Nairobi et transfert vers Samburu<\/li><li>Jour 2 : Safari dans la <a href=\"https:\/\/mistersafari.com\/fr\/safari-kenya\/parcs-reserves\/samburu\/\" class=\"rank-math-link\">r\u00e9serve de Samburu<\/a>&nbsp;<\/li><li>Jour 3 : Safari dans la r\u00e9serve de Shaba<\/li><li>Jour 5 : Safari dans la r\u00e9serve de Buffalo Springs<\/li><li>Jour 6 : Transfert vers le <a href=\"https:\/\/mistersafari.com\/fr\/safari-kenya\/parcs-reserves\/lac-nakuru\/\" class=\"rank-math-link\">Lac Nakuru<\/a> et safari en soir\u00e9e<\/li><li>Jour 7: Transfert vers la r\u00e9serve de Masa\u00ef Mara et safari en soir\u00e9e<\/li><li>Jour 8 : Safaris matinaux et en fin d\u2019apr\u00e8s-midi dans la <a href=\"https:\/\/mistersafari.com\/fr\/safari-kenya\/parcs-reserves\/masai-mara\/\">r\u00e9serve de Masa\u00ef Mara<\/a><\/li><li>Jour 9 : Transfert vers Nairobi et visite de l\u2019orphelinat des \u00e9l\u00e9phants de David Sheldrick puis transfert vers le parc Amboseli<\/li><li>Jours 10 et 11 : Safaris au <a href=\"https:\/\/mistersafari.com\/fr\/safari-kenya\/parcs-reserves\/parc-amboseli\/\" class=\"rank-math-link\">parc Amboseli<\/a><\/li><li>Jour 12 : Transfert vers le parc Tsavo et visite de Taita Hills<\/li><li>Jours 13 et 14 : Safaris \u00e0 <a href=\"https:\/\/mistersafari.com\/fr\/safari-kenya\/parcs-reserves\/parc-tsavo-est-ouest\/\" class=\"rank-math-link\">Tsavo Est et Tsavo Ouest<\/a><\/li><li>Jours 15 : Retour \u00e0 Nairobi et d\u00e9part&nbsp;<\/li><\/ul>\n\n\n\n<p class=\"callout-blue\">Vous pouvez aussi opter pour des transferts a\u00e9riens entre les parcs. Plus co\u00fbteux, vous vous \u00e9pargnerez les longues heures de route en 4&#215;4 et gagnerez beaucoup de temps.&nbsp;<\/p>\n\n\n\n<h3 class=\"wp-block-heading\">En famille, entre amis, seul ou en groupe : le second crit\u00e8re pour organiser son circuit safari au Kenya<\/h3>\n\n\n\n<p>Selon que vous voyagez avec des enfants, en couple ou entre amis, vous ne choisirez pas le m\u00eame circuit au Kenya. De m\u00eame, il est possible de voyager seul (ou avec vos proches) ou parmi un groupe de voyageurs.&nbsp;<\/p>\n\n\n\n<p>Plus difficile \u00e0 organiser, voici un exemple de circuit \u00e0 faire avec des enfants.<\/p>\n\n\n\n<p><strong>Circuit pour un safari au Kenya en famille : <\/strong>safari de 7 jours maximum dans les plus beaux parcs et r\u00e9serves du Kenya puis 7 jours de repos au bord de la mer.<\/p>\n\n\n\n<ul class=\"wp-block-list\"><li>Jour 1 : Arriv\u00e9e \u00e0 Nairobi et transfert vers Masa\u00ef Mara<\/li><li>Jours 2 et 3 : Safaris matinaux et en fin d\u2019apr\u00e8s-midi dans la <a href=\"https:\/\/mistersafari.com\/fr\/safari-kenya\/parcs-reserves\/masai-mara\/\">r\u00e9serve de Masa\u00ef Mara<\/a><\/li><li>Jour 4 : Transfert vers le Lac Navaisha (ou le <a href=\"https:\/\/mistersafari.com\/fr\/safari-kenya\/parcs-reserves\/lac-nakuru\/\">Lac Nakuru<\/a>) et safari<\/li><li>Jour 5 : Safari matinal au Lac Navaisha (ou Nakuru) et transfert vers le <a href=\"https:\/\/mistersafari.com\/fr\/safari-kenya\/parcs-reserves\/parc-amboseli\/\">parc Amboseli<\/a><\/li><li>Jour 6 et 7 : Safaris dans le <a href=\"https:\/\/mistersafari.com\/fr\/safari-kenya\/parcs-reserves\/parc-amboseli\/\">parc Amboseli<\/a><\/li><li>Jours 8 \u00e0 14 : S\u00e9jour \u00e0 Mombasa beach<\/li><li>Jour 15 : Transfert vers Nairobi et d\u00e9part<\/li><\/ul>\n\n\n\n<p><em>Un safari est un voyage assez fatiguant, avec beaucoup de routes, d\u2019attentes et des levers aux aurores. Pensez \u00e0 adapter la dur\u00e9e du voyage \u00e0 l\u2019\u00e2ge de vos enfants.&nbsp;<\/em><\/p>\n\n\n\n<p>Certains adultes pr\u00e9f\u00e9reront un circuit hors des sentiers battus.<\/p>\n\n\n\n<p><strong>Circuit pour un safari hors des sentiers battus au Kenya<\/strong> : safari de 11 jours (vols et transferts compris) dans le nord du Kenya avec randonn\u00e9e sur plusieurs jours.<\/p>\n\n\n\n<ul class=\"wp-block-list\"><li>Jour 1 : Arriv\u00e9e \u00e0 Nairobi et transfert vers la r\u00e9gion de Laikipia<\/li><li>Jours 2 \u00e0 4\u00a0 : Safari de trois jours \u00e0 pieds \u00e0 Laikipia<\/li><li>Jour 5 : Transfert et safari dans la r\u00e9serve Ol Pejeta<\/li><li>Jour 6 : Safari dans la r\u00e9serve de Lewa Downs (on en parle <a href=\"https:\/\/mistersafari.com\/fr\/safari-kenya\/parcs-reserves\/\">ici<\/a>)<\/li><li>Jour 7 : Transfert vers le <a href=\"https:\/\/mistersafari.com\/fr\/safari-kenya\/parcs-reserves\/aberdare\/\" data-type=\"page\" data-id=\"3306\">parc d\u2019Aberdare<\/a><\/li><li>Jour 8 et 9 : Safaris dans le parc d\u2019Aberdare<\/li><li>Jour 10 : Transfert vers Nairobi et d\u00e9part<\/li><\/ul>\n\n\n\n<p>Les voyages en groupe sont souvent tout inclus : transferts, location d\u2019un 4&#215;4 et service d\u2019un guide, h\u00e9bergements, nourritures, entr\u00e9e dans les parcs et r\u00e9serves\u2026 Il existe de nombreux circuits organis\u00e9s. \u00c0 vous de voir quels <a href=\"https:\/\/mistersafari.com\/fr\/safari-kenya\/parcs-reserves\/\">parcs ou r\u00e9serves du Kenya<\/a> vous souhaitez visiter et choisir le circuit en fonction !<\/p>\n\n\n\n<h3 class=\"wp-block-heading\">Combin\u00e9 safari et plages : le circuit id\u00e9al ?<\/h3>\n\n\n\n<p>Beaucoup de voyageurs d\u00e9cident de cl\u00f4turer leur safari par un s\u00e9jour au bord de la mer. Avec plus de 500 km de c\u00f4te maritime, le Kenya offre de nombreuses plages au bord de l\u2019Oc\u00e9an Indien, toutes plus belles les unes que les autres.&nbsp;<\/p>\n\n\n\n<p class=\"callout-green\"><strong>L&rsquo;avantage principal ? <\/strong>Passer quelques jours \u00e0 la plage r\u00e9duit drastiquement le prix de votre safari au Kenya.<\/p>\n\n\n\n<p>Voici deux exemples de circuit qui combinent safaris dans des parcs animaliers au Kenya et s\u00e9jour farniente au soleil.&nbsp;<\/p>\n\n\n\n<p><strong>Circuit dans le sud-est du Kenya<\/strong> : voyage de 15 jours (vols et transferts compris) pour visiter les incontournables du Kenya.<\/p>\n\n\n\n<ul class=\"wp-block-list\"><li>Jour 1 : Arriv\u00e9e \u00e0 Nairobi et transfert vers le <a href=\"https:\/\/mistersafari.com\/fr\/safari-kenya\/parcs-reserves\/parc-amboseli\/\">parc Amboseli<\/a><\/li><li>Jour 2 et 3 : Safaris matinaux et en fin d\u2019apr\u00e8s-midi dans le parc Amboseli<\/li><li>Jour 4 : Transfert vers le <a href=\"https:\/\/mistersafari.com\/fr\/safari-kenya\/parcs-reserves\/parc-tsavo-est-ouest\/\">parc Tsavo<\/a><\/li><li>Jour 5 \u00e0 7 : Safaris matinaux et en fin d\u2019apr\u00e8s-midi dans les parcs Tsavo Est et Tsavo Ouest avec visite des Mzima Springs, Taita Hills et le plateau de Yatta<\/li><li>Jour 8 \u00e0 13 : S\u00e9jour \u00e0 Diani Beach \u00e0 Mombasa<\/li><li>Jour 14 : Transfert vers Nairobi et d\u00e9part<\/li><\/ul>\n\n\n\n<p><strong>Circuit pour voir des animaux au Kenya<\/strong> : voyage de 15 jours (vols et transferts compris) entre parcs animaliers terrestres et marins.<\/p>\n\n\n\n<ul class=\"wp-block-list\"><li>Jour 1 : Arriv\u00e9e \u00e0 Nairobi et transfert vers le parc d\u2019Aberdare&nbsp;<\/li><li>Jour 2 et 3 : Safaris matinaux et en fin d\u2019apr\u00e8s-midi dans le parc d\u2019Aberdare<\/li><li>Jour 4 : Transfert vers le <a href=\"https:\/\/mistersafari.com\/fr\/safari-kenya\/parcs-reserves\/parc-tsavo-est-ouest\/\">parc Tsavo Est<\/a><\/li><li>Jour 5 \u00e0 7 : Safaris matinaux et en fin d\u2019apr\u00e8s-midi dans le parc Tsavo Est<\/li><li>Jour 8 : Transfert vers Watamu<\/li><li>Jour 9 \u00e0 13 : S\u00e9jour \u00e0 Watamu avec Watamu Beach (on en parle ici), visite de Watamu Turtle Watch et Malindi<\/li><li>Jour 14 : Transfert vers Nairobi et d\u00e9part<\/li><\/ul>\n\n\n\n<p>Pour en savoir plus, n&rsquo;h\u00e9sitez pas \u00e0 lire notre article sur les <a href=\"https:\/\/mistersafari.com\/fr\/safari-kenya\/plages\/\" class=\"rank-math-link\">plages au Kenya<\/a>.<\/p>\n\n\n\n<h2 class=\"wp-block-heading\"><span class=\"ez-toc-section\" id=\"comment-organiser-son-circuit-au-kenya\"><\/span>Comment organiser son circuit au kenya ?<span class=\"ez-toc-section-end\"><\/span><\/h2>\n\n\n\n<p>Voici les \u00e9l\u00e9ments \u00e0 prendre en consid\u00e9ration lorsque vous pr\u00e9parez votre circuit pour un safari au Kenya.&nbsp;<\/p>\n\n\n\n<h3 class=\"wp-block-heading\">Le nombre de jours sur place<\/h3>\n\n\n\n<p>Un safari est un voyage souvent intense et fatigant. Les \u201cGame drives\u201d, qui sont les sorties en 4&#215;4 dans les parcs et r\u00e9serves pour voir les animaux, ont lieu le matin de bonne heure ou en fin d\u2019apr\u00e8s-midi\/soir\u00e9e. Les temp\u00e9ratures sont alors plus douces et les animaux plus faciles \u00e0 observer.&nbsp;<\/p>\n\n\n\n<p>Vous allez donc devoir vous lever aux aurores, passer plusieurs heures dans un 4&#215;4 parfois peu confortable et \u00eatre aux aguets \u00e0 chercher ces fameux animaux pendant toute la dur\u00e9e du Game Drive.&nbsp; Et il faut parfois plusieurs tentatives pour arriver \u00e0 trouver un lion ou un crocodile bien cach\u00e9.&nbsp;<\/p>\n\n\n\n<p class=\"callout-blue\"><strong>Lorsque vous pr\u00e9parez votre circuit pour un safari au Kenya, il s\u2019agit de trouver un bon \u00e9quilibre entre un nombre de jours suffisant pour avoir la chance de voir le plus d\u2019animaux possible, sans que cela ne devienne trop fatiguant et d\u00e9plaisant.&nbsp;<\/strong><\/p>\n\n\n\n<p>Un voyage d\u2019une semaine en visitant au moins deux parcs ou r\u00e9serves du Kenya est g\u00e9n\u00e9ralement un minimum. Au-del\u00e0 de deux semaines, il y a de forte chance que vous en ayez assez.&nbsp;<\/p>\n\n\n\n<h3 class=\"wp-block-heading\">Les  activit\u00e9s<\/h3>\n\n\n\n<p>Bien souvent, on se rend au Kenya pour y faire un safari. Avec ses nombreux <a href=\"https:\/\/mistersafari.com\/fr\/safari-kenya\/parcs-reserves\/\" class=\"rank-math-link\">parcs et r\u00e9serves<\/a>, vous n\u2019aurez que l\u2019embarras du choix pour constituer votre circuit.&nbsp;<\/p>\n\n\n\n<p>Afin de varier les plaisirs et de profiter pleinement de<a href=\"https:\/\/mistersafari.com\/fr\/safari-kenya\/que-faire\/\" class=\"rank-math-link\"> tout ce que le Kenya a \u00e0 offrir<\/a>, n\u2019h\u00e9sitez pas \u00e0 combiner un safari avec une ou plusieurs autres activit\u00e9s disponibles au Kenya.&nbsp;<\/p>\n\n\n\n<ul class=\"wp-block-list\"><li>Les villages locaux ouvrent souvent leurs portes aux touristes afin de partager leur culture et proposer une visite du village, des habitations, de l\u2019\u00e9cole.&nbsp;<\/li><li>En lac, rivi\u00e8re ou en bateau, la pratique de la p\u00eache est facilement accessible au Kenya avec les nombreux points d\u2019eau du pays. De m\u00eame, plong\u00e9e et autres activit\u00e9s nautiques sont propos\u00e9es aux voyageurs dans toutes les stations de la c\u00f4te kenyane.&nbsp;<\/li><li>Les amateurs de golf pourront am\u00e9liorer leur swing sur l\u2019un des 40 parcours que compte le pays.&nbsp;<\/li><li>Sans oublier la randonn\u00e9e \u00e0 pieds ou en VTT qui se pratique un peu partout dans le pays &#8211; attention elle est souvent encadr\u00e9e dans les parcs et r\u00e9serves du Kenya.&nbsp;<\/li><\/ul>\n\n\n\n<h3 class=\"wp-block-heading\">Quand partir<\/h3>\n\n\n\n<p>La p\u00e9riode id\u00e9ale pour visiter le Kenya va surtout d\u00e9pendre des r\u00e9gions que vous allez visiter. M\u00eame si le pays profite d\u2019un climat plut\u00f4t cl\u00e9ment toute l\u2019ann\u00e9e, les p\u00e9riodes de Janvier \u00e0 Mars et Juillet\/Ao\u00fbt sont globalement plus agr\u00e9ables (saisons s\u00e8ches).&nbsp;Pour en savoir plus sur la meilleure p\u00e9riode pour visiter le Kenya, n\u2019h\u00e9sitez pas \u00e0 lire notre <a href=\"https:\/\/mistersafari.com\/fr\/safari-kenya\/quand-partir\/\">article d\u00e9di\u00e9 \u00e0 ce sujet<\/a>.&nbsp;<\/p>\n\n\n\n<h3 class=\"wp-block-heading\">Le budget<\/h3>\n\n\n\n<p>C\u2019est sans conteste un facteur important quand on part au Kenya pour un circuit safari.&nbsp;Votre budget va d\u00e9finir non seulement la dur\u00e9e de votre voyage au Kenya mais aussi :<\/p>\n\n\n\n<ul class=\"wp-block-list\"><li>le type de logement<\/li><li>le nombre de transferts et parcs ou r\u00e9serves visit\u00e9s<\/li><li>le moyen de transport&nbsp;<\/li><li>si vous voyagez seul (ou avec vos proches) ou en groupe organis\u00e9<\/li><\/ul>\n\n\n\n<p>Pour estimer votre budget, faites un tour sur notre article sur le prix d\u2019un safari.<\/p>\n\n\n\n<h3 class=\"wp-block-heading\">L&rsquo;organisation sur place<\/h3>\n\n\n\n<p>D\u2019autres \u00e9l\u00e9ments sont \u00e0 pr\u00e9parer au pr\u00e9alable pour un circuit au Kenya.&nbsp;<\/p>\n\n\n\n<h4 class=\"wp-block-heading\">Les logements<\/h4>\n\n\n\n<p>Campings, tentes safari, lodges haut de gamme,&#8230; le choix est vaste au Kenya.&nbsp;Le confort est assez rudimentaire en camping, certains n\u2019ayant m\u00eame pas de point d\u2019eau courante, mais les tarifs sont imbattables. Les tentes safari offrent des logements en semi-dur avec des services de restauration. Pour une version de luxe, les lodges disposent de piscine, de restaurant et bar, d\u2019un service de chambre haut de gamme, \u2026&nbsp;<\/p>\n\n\n\n<h4 class=\"wp-block-heading\">La nourriture<\/h4>\n\n\n\n<p>Les h\u00e9bergements incluent la plupart du temps les repas. C\u2019est sans aucun doute la meilleure formule, vous n\u2019aurez pas \u00e0 vous soucier de l\u2019achat de nourriture et vous d\u00e9couvrirez en prime les sp\u00e9cialit\u00e9s locales (des plats occidentaux sont aussi toujours disponibles).&nbsp; Si vous optez pour un voyage seul en camping, il faudra alors vous ravitailler dans les villes avant de vous diriger vers les parcs et r\u00e9serves.&nbsp;<\/p>\n\n\n\n<h4 class=\"wp-block-heading\">Les d\u00e9placements et transferts<\/h4>\n\n\n\n<p><a href=\"https:\/\/mistersafari.com\/fr\/safari-kenya\/location-voiture\/\" class=\"rank-math-link\">Location de 4&#215;4<\/a>, avec ou sans chauffeur, transfert en avion, encore une fois \u00e0 vous de choisir l\u2019option qui vous convient le mieux. Votre budget sera bien \u00e9videmment impact\u00e9 par ce choix.&nbsp;<\/p>\n\n\n\n<p>Le meilleur rapport qualit\u00e9\/prix est sans aucun doute la location d\u2019un 4&#215;4 avec chauffeur. Vous pourrez r\u00e9server cela seul (avec donc un chauffeur priv\u00e9) ou rejoindre un groupe organis\u00e9 pour r\u00e9duire les frais.&nbsp;<\/p>\n\n\n\n<h2 class=\"wp-block-heading\"><span class=\"ez-toc-section\" id=\"circuit-au-kenya-et-dans-dautres-pays\"><\/span>Circuit au Kenya et dans d\u2019autres pays<span class=\"ez-toc-section-end\"><\/span><\/h2>\n\n\n\n<p>Il est aussi possible de combiner un voyage au Kenya avec un autre pays pour un <a href=\"https:\/\/mistersafari.com\/fr\/safari-afrique\/\" class=\"rank-math-link\">safari en Afrique<\/a> inoubliable.&nbsp;<\/p>\n\n\n\n<p>La proximit\u00e9 avec la Tanzanie permet d&rsquo;organiser facilement un circuit Kenya \/ Tanzanie. Ce sera l\u2019occasion aussi l\u2019occasion de visiter Zanzibar lors d\u2019un circuit Kenya \/ Tanzanie \/ Zanzibar par exemple.&nbsp;<\/p>\n\n\n\n<p>Certains voyageurs prennent aussi des vols internationaux entre pays africains pour visiter d\u2019autres r\u00e9gions du continent. Un circuit Kenya et Afrique du Sud ou un circuit Kenya et Namibie sont aussi possibles.&nbsp;<\/p>\n","protected":false},"excerpt":{"rendered":"<p>Avec plus de 50 parcs et r\u00e9serves, une biodiversit\u00e9 riche et des paysages vari\u00e9s, le Kenya ne compte pas un meilleur circuit mais bien une multitude d\u2019options. Le choix de votre circuit au Kenya va d\u00e9pendre de votre budget, de la dur\u00e9e de votre s\u00e9jour, des personnes avec qui vous partez, mais aussi de vos &#8230; <a title=\"Circuit au Kenya\" class=\"read-more\" href=\"https:\/\/mistersafari.com\/fr\/safari-kenya\/circuit\/\" aria-label=\"En savoir plus sur Circuit au Kenya\">Lire la suite<\/a><\/p>\n","protected":false},"author":3,"featured_media":664,"parent":924,"menu_order":7,"comment_status":"closed","ping_status":"closed","template":"","meta":{"_acf_changed":false,"footnotes":""},"content_type":[],"country":[],"class_list":{"0":"post-703","1":"page","2":"type-page","3":"status-publish","4":"has-post-thumbnail","6":"no-featured-image-padding"},"acf":{"hreflang":null},"_links":{"self":[{"href":"https:\/\/mistersafari.com\/fr\/wp-json\/wp\/v2\/pages\/703","targetHints":{"allow":["GET"]}}],"collection":[{"href":"https:\/\/mistersafari.com\/fr\/wp-json\/wp\/v2\/pages"}],"about":[{"href":"https:\/\/mistersafari.com\/fr\/wp-json\/wp\/v2\/types\/page"}],"author":[{"embeddable":true,"href":"https:\/\/mistersafari.com\/fr\/wp-json\/wp\/v2\/users\/3"}],"replies":[{"embeddable":true,"href":"https:\/\/mistersafari.com\/fr\/wp-json\/wp\/v2\/comments?post=703"}],"version-history":[{"count":11,"href":"https:\/\/mistersafari.com\/fr\/wp-json\/wp\/v2\/pages\/703\/revisions"}],"predecessor-version":[{"id":3312,"href":"https:\/\/mistersafari.com\/fr\/wp-json\/wp\/v2\/pages\/703\/revisions\/3312"}],"up":[{"embeddable":true,"href":"https:\/\/mistersafari.com\/fr\/wp-json\/wp\/v2\/pages\/924"}],"wp:featuredmedia":[{"embeddable":true,"href":"https:\/\/mistersafari.com\/fr\/wp-json\/wp\/v2\/media\/664"}],"wp:attachment":[{"href":"https:\/\/mistersafari.com\/fr\/wp-json\/wp\/v2\/media?parent=703"}],"wp:term":[{"taxonomy":"content_type","embeddable":true,"href":"https:\/\/mistersafari.com\/fr\/wp-json\/wp\/v2\/content_type?post=703"},{"taxonomy":"country","embeddable":true,"href":"https:\/\/mistersafari.com\/fr\/wp-json\/wp\/v2\/country?post=703"}],"curies":[{"name":"wp","href":"https:\/\/api.w.org\/{rel}","templated":true}]}}