{"id":6950,"date":"2022-11-02T16:55:50","date_gmt":"2022-11-02T16:55:50","guid":{"rendered":"https:\/\/mistersafari.com\/fr\/?page_id=6950"},"modified":"2022-11-02T16:55:51","modified_gmt":"2022-11-02T16:55:51","slug":"reserve-thornybush","status":"publish","type":"page","link":"https:\/\/mistersafari.com\/fr\/safari-afrique-du-sud\/parcs-reserves\/reserve-thornybush\/","title":{"rendered":"R\u00e9serve Priv\u00e9e de Thornybush"},"content":{"rendered":"\n<p>La r\u00e9serve priv\u00e9e de Thornybush est l&rsquo;une des plus grandes r\u00e9serves priv\u00e9es d&rsquo;Afrique du Sud, avec une superficie de 14 000 acres et sans cl\u00f4ture. Elle abrite une grande vari\u00e9t\u00e9 d&rsquo;animaux sauvages, notamment des lions, des gu\u00e9pards, des rhinoc\u00e9ros et d&rsquo;autres animaux que l&rsquo;on ne s&rsquo;attend pas \u00e0 voir dans un espace aussi vaste.<\/p>\n\n\n\n<p>Mais avant de les voir tous, suivez notre guide pour pr\u00e9parer votre s\u00e9jour dans cette r\u00e9serve.<\/p>\n\n\n<div id=\"ez-toc-container\" class=\"ez-toc-v2_0_76 counter-flat ez-toc-counter ez-toc-custom ez-toc-container-direction\">\n<div class=\"ez-toc-title-container\"><p class=\"ez-toc-title\" style=\"cursor:inherit\">Sommaire<\/p>\n<\/div><nav><ul class='ez-toc-list ez-toc-list-level-1 ' ><li class='ez-toc-page-1'><a class=\"ez-toc-link ez-toc-heading-1\" href=\"https:\/\/mistersafari.com\/fr\/safari-afrique-du-sud\/parcs-reserves\/reserve-thornybush\/#pourquoi-se-rendre-a-la-reserve-privee-de-thornybush\" >Pourquoi se rendre \u00e0 la R\u00e9serve Priv\u00e9e de Thornybush ?<\/a><\/li><li class='ez-toc-page-1'><a class=\"ez-toc-link ez-toc-heading-2\" href=\"https:\/\/mistersafari.com\/fr\/safari-afrique-du-sud\/parcs-reserves\/reserve-thornybush\/#tarif-et-reglementation\" >Tarif et r\u00e9glementation<\/a><\/li><li class='ez-toc-page-1'><a class=\"ez-toc-link ez-toc-heading-3\" href=\"https:\/\/mistersafari.com\/fr\/safari-afrique-du-sud\/parcs-reserves\/reserve-thornybush\/#comment-se-rendre-a-la-reserve-privee-de-thornybush\" >Comment se rendre \u00e0 la R\u00e9serve Priv\u00e9e de Thornybush ?<\/a><\/li><li class='ez-toc-page-1'><a class=\"ez-toc-link ez-toc-heading-4\" href=\"https:\/\/mistersafari.com\/fr\/safari-afrique-du-sud\/parcs-reserves\/reserve-thornybush\/#ou-dormir-a-la-reserve-privee-de-thornybush\" >O\u00f9 dormir \u00e0 la R\u00e9serve Priv\u00e9e de Thornybush ?<\/a><\/li><li class='ez-toc-page-1'><a class=\"ez-toc-link ez-toc-heading-5\" href=\"https:\/\/mistersafari.com\/fr\/safari-afrique-du-sud\/parcs-reserves\/reserve-thornybush\/#reserve-privee-de-thornybush-autres-informations-pratiques\" >R\u00e9serve Priv\u00e9e de Thornybush : autres informations pratiques<\/a><\/li><li class='ez-toc-page-1'><a class=\"ez-toc-link ez-toc-heading-6\" href=\"https:\/\/mistersafari.com\/fr\/safari-afrique-du-sud\/parcs-reserves\/reserve-thornybush\/#faq\" >FAQ<\/a><\/li><\/ul><\/nav><\/div>\n\n\n\n\n<h2 class=\"wp-block-heading\"><span class=\"ez-toc-section\" id=\"pourquoi-se-rendre-a-la-reserve-privee-de-thornybush\"><\/span><strong>Pourquoi se rendre \u00e0 la R\u00e9serve Priv\u00e9e de Thornybush ?<\/strong><span class=\"ez-toc-section-end\"><\/span><\/h2>\n\n\n\n<h3 class=\"wp-block-heading\"><strong>La vie sauvage<\/strong><\/h3>\n\n\n\n<p>La r\u00e9serve priv\u00e9e de Thornybush saura vous \u00e9pater par la richesse de sa vie sauvage. Et pour cause, les Big Five y sont pr\u00e9sents (lions, l\u00e9opards, \u00e9l\u00e9phants, rhinoc\u00e9ros et buffles), mais aussi les girafes, les hippopotames, les z\u00e8bres, les hy\u00e8nes, et bien d\u2019autres. Cette grande diversit\u00e9 animale est li\u00e9e au fait que la r\u00e9serve n\u2019ait aucune cl\u00f4ture avec le grand <a href=\"https:\/\/mistersafari.com\/fr\/safari-afrique-du-sud\/parcs-reserves\/parc-kruger\/\" data-type=\"page\" data-id=\"1113\">parc national de Kruger<\/a>. Ce qui permet aux animaux de circuler librement.<\/p>\n\n\n<div class=\"wp-block-image\">\n<figure class=\"aligncenter size-full\"><picture><source srcset=\"https:\/\/mistersafari.com\/fr\/wp-content\/uploads\/sites\/2\/lions-thornybush.webp 1200w,https:\/\/mistersafari.com\/fr\/wp-content\/uploads\/sites\/2\/lions-thornybush-300x175.webp 300w,https:\/\/mistersafari.com\/fr\/wp-content\/uploads\/sites\/2\/lions-thornybush-1024x597.webp 1024w,https:\/\/mistersafari.com\/fr\/wp-content\/uploads\/sites\/2\/lions-thornybush-768x448.webp 768w\" sizes=\"auto, (max-width: 1200px) 100vw, 1200px\" type=\"image\/webp\"><img src=\"https:\/\/mistersafari.com\/fr\/wp-content\/uploads\/sites\/2\/lions-thornybush.png\" height=\"700\" width=\"1200\" srcset=\"https:\/\/mistersafari.com\/fr\/wp-content\/uploads\/sites\/2\/lions-thornybush.png 1200w, https:\/\/mistersafari.com\/fr\/wp-content\/uploads\/sites\/2\/lions-thornybush-300x175.png 300w, https:\/\/mistersafari.com\/fr\/wp-content\/uploads\/sites\/2\/lions-thornybush-1024x597.png 1024w, https:\/\/mistersafari.com\/fr\/wp-content\/uploads\/sites\/2\/lions-thornybush-768x448.png 768w\" sizes=\"auto, (max-width: 1200px) 100vw, 1200px\" class=\"wp-image-6951 sp-no-webp\" alt=\"\" loading=\"lazy\" decoding=\"async\"  > <\/picture><\/figure><\/div>\n\n\n<p>De votre c\u00f4t\u00e9, vous pourrez profiter de votre s\u00e9jour pour visiter ce grand espace naturel, ainsi que les autres r\u00e9serves \u00e0 proximit\u00e9, comme celle de Timbavati.<\/p>\n\n\n\n<p class=\"callout-green\">O\u00f9 que vous soyez, nous vous conseillons d\u2019effectuer un safari \u00e0 l\u2019aube et au cr\u00e9puscule. Vous verrez ainsi les animaux sauvages et le lever ou le coucher de soleil en toile de fond, pour le plus grand plaisir de vos yeux.<\/p>\n\n\n\n<h3 class=\"wp-block-heading\"><strong>Les promenades dans la brousse<\/strong><\/h3>\n\n\n\n<p>Pour les plus aventuriers, il est aussi possible de partir en promenade dans le bush. Mais attention, comme il s\u2019agit d\u2019une r\u00e9serve accueillant les plus grands pr\u00e9dateurs terrestres, ne partez pas sans guide (et pas avec des enfants de moins de 16 ans).<\/p>\n\n\n\n<p>Lors de ces excursions, vous pourrez tracer les esp\u00e8ces sauvages en suivant les conseils avis\u00e9s de votre ranger. Il vous dira o\u00f9 poser les yeux pour admirer les animaux qui se cachent entre la brousse.<\/p>\n\n\n\n<h3 class=\"wp-block-heading\"><strong>Les autres activit\u00e9s<\/strong><\/h3>\n\n\n\n<p>Pour multiplier les exp\u00e9riences, la r\u00e9serve priv\u00e9e de Thornybush vous propose d\u2019autres types de safari, notamment le safari nocturne. Vous pourrez ainsi observer les animaux qui reprennent vie \u00e0 la tomb\u00e9e de la nuit. Et l\u00e0 encore, pour ce type d\u2019excursion, vous devez imp\u00e9rativement rester aupr\u00e8s de votre guide.<\/p>\n\n\n\n<p>Il est aussi possible d\u2019effectuer un safari en montgolfi\u00e8re. Depuis le ciel, vous observerez les troupeaux d\u2019animaux sauvages.<\/p>\n\n\n<div class=\"wp-block-image\">\n<figure class=\"aligncenter size-full\"><picture><source srcset=\"https:\/\/mistersafari.com\/fr\/wp-content\/uploads\/sites\/2\/girafes-thornybush.webp 1200w,https:\/\/mistersafari.com\/fr\/wp-content\/uploads\/sites\/2\/girafes-thornybush-300x175.webp 300w,https:\/\/mistersafari.com\/fr\/wp-content\/uploads\/sites\/2\/girafes-thornybush-1024x597.webp 1024w,https:\/\/mistersafari.com\/fr\/wp-content\/uploads\/sites\/2\/girafes-thornybush-768x448.webp 768w\" sizes=\"auto, (max-width: 1200px) 100vw, 1200px\" type=\"image\/webp\"><img src=\"https:\/\/mistersafari.com\/fr\/wp-content\/uploads\/sites\/2\/girafes-thornybush.png\" height=\"700\" width=\"1200\" srcset=\"https:\/\/mistersafari.com\/fr\/wp-content\/uploads\/sites\/2\/girafes-thornybush.png 1200w, https:\/\/mistersafari.com\/fr\/wp-content\/uploads\/sites\/2\/girafes-thornybush-300x175.png 300w, https:\/\/mistersafari.com\/fr\/wp-content\/uploads\/sites\/2\/girafes-thornybush-1024x597.png 1024w, https:\/\/mistersafari.com\/fr\/wp-content\/uploads\/sites\/2\/girafes-thornybush-768x448.png 768w\" sizes=\"auto, (max-width: 1200px) 100vw, 1200px\" class=\"wp-image-6952 sp-no-webp\" alt=\"\" loading=\"lazy\" decoding=\"async\"  > <\/picture><\/figure><\/div>\n\n\n<p>Et pour vous d\u00e9tendre apr\u00e8s toutes ces \u00e9preuves, le spa vous attend. Massages, soins et piscines sont \u00e0 votre disposition pour une relaxation absolue.<\/p>\n\n\n\n<h2 class=\"wp-block-heading\"><span class=\"ez-toc-section\" id=\"tarif-et-reglementation\"><\/span><strong>Tarif et r\u00e9glementation<\/strong><span class=\"ez-toc-section-end\"><\/span><\/h2>\n\n\n\n<h3 class=\"wp-block-heading\"><strong>Tarifs<\/strong><\/h3>\n\n\n\n<p>Le prix de votre s\u00e9jour au sein de la r\u00e9serve priv\u00e9e de Thornybush d\u00e9pend surtout de votre lodge et de vos activit\u00e9s. Et pour cause, chaque \u00e9tablissement vous propose des formules tout compris, incluant les activit\u00e9s, les transferts et la nourriture.<\/p>\n\n\n\n<p class=\"callout-blue\">Ces tarifs peuvent aller de 8 000 \u00e0 26 000 rands.<\/p>\n\n\n\n<p>Hormis le co\u00fbt global, sachez que l\u2019entr\u00e9e au parc est de 310 rands par v\u00e9hicule et 140 rands par personne.<\/p>\n\n\n\n<h3 class=\"wp-block-heading\"><strong>R\u00e9glementation<\/strong><\/h3>\n\n\n\n<p>Afin de garantir votre s\u00e9curit\u00e9 lors de votre s\u00e9jour, voici quelques r\u00e8gles \u00e0 respecter :<\/p>\n\n\n\n<ul class=\"wp-block-list\"><li>Ne pas sortir du v\u00e9hicule lorsque vous \u00eates en safari avec un 4*4 ouvert.<\/li><li>Pr\u00e9voir des protections solaires (lunettes, cr\u00e8mes, casquettes) et des v\u00eatements discrets.<\/li><li>Ne pas manger de fruits en provenance des arbres sans consulter le ranger.<\/li><\/ul>\n\n\n\n<h2 class=\"wp-block-heading\"><span class=\"ez-toc-section\" id=\"comment-se-rendre-a-la-reserve-privee-de-thornybush\"><\/span><strong>Comment se rendre \u00e0 la R\u00e9serve Priv\u00e9e de Thornybush ?<\/strong><span class=\"ez-toc-section-end\"><\/span><\/h2>\n\n\n\n<h3 class=\"wp-block-heading\"><strong>En voiture<\/strong><\/h3>\n\n\n\n<p>Si vous pr\u00e9voyez de visiter les principaux <a href=\"https:\/\/mistersafari.com\/fr\/safari-afrique-du-sud\/parcs-reserves\/\" data-type=\"page\" data-id=\"1095\">parcs naturels de l\u2019Afrique du Sud<\/a>, la <a href=\"https:\/\/mistersafari.com\/fr\/safari-afrique-du-sud\/location-voiture\/\" data-type=\"page\" data-id=\"1182\">location de voiture<\/a> est une bonne option pour gagner en ind\u00e9pendance. Mais il faut toutefois savoir que les distances sont assez longues. En effet, pour se rendre au parc de Thornybush depuis Johannesburg, il faudra pr\u00e9voir environ 6 heures.<\/p>\n\n\n\n<h3 class=\"wp-block-heading\"><strong>Par avion<\/strong><\/h3>\n\n\n\n<p>Si vous n\u2019avez pas envie de conduire au cours de votre s\u00e9jour, il est \u00e9galement possible de prendre l\u2019avion. En effet, l&rsquo;a\u00e9roport de Hoedspruit est \u00e0 proximit\u00e9 de la r\u00e9serve (environ 30 minutes). Des transferts sont g\u00e9n\u00e9ralement pr\u00e9vus jusqu\u2019\u00e0 votre lodge.<\/p>\n\n\n\n<p class=\"callout-green\">Vous pourrez trouver des vols r\u00e9guliers depuis les a\u00e9roports de Johannesburg ou de Cape Town.<\/p>\n\n\n\n<p>En outre, il y a aussi des pistes d\u2019atterrissage \u00e0 l\u2019int\u00e9rieur m\u00eame de la r\u00e9serve. Il faudra donc v\u00e9rifier avec l\u2019\u00e9tablissement d\u2019h\u00e9bergement s\u2019il propose des charters priv\u00e9s.<\/p>\n\n\n\n<h2 class=\"wp-block-heading\"><span class=\"ez-toc-section\" id=\"ou-dormir-a-la-reserve-privee-de-thornybush\"><\/span><strong>O\u00f9 dormir \u00e0 la R\u00e9serve Priv\u00e9e de Thornybush ?<\/strong><span class=\"ez-toc-section-end\"><\/span><\/h2>\n\n\n\n<h3 class=\"wp-block-heading\"><strong>Les camps<\/strong><\/h3>\n\n\n\n<p>Il existe un camp principal dans la r\u00e9serve priv\u00e9e de Thornybush, le Saseka Tented Camp. Mais ne vous laissez pas tromper par son nom, ce camp propose des tentes de luxe qui vous permettront de vous d\u00e9connecter totalement pendant votre s\u00e9jour.<\/p>\n\n\n\n<h3 class=\"wp-block-heading\"><strong>Les lodges<\/strong><\/h3>\n\n\n\n<p>La r\u00e9serve de Thornybush vous propose 4 lodges :<\/p>\n\n\n\n<ul class=\"wp-block-list\"><li>Little Saseka : le soir venu, vous pourrez vous r\u00e9chauffer au coin du feu et discuter avec les autres convives de l\u2019\u00e9tablissement.<\/li><li>Simbabili Game Lodge : ce lodge vous accueille dans une ambiance \u00e0 la fois moderne et traditionnelle.<\/li><li>Thorny bush Game Lodge : entre piscine et spa, cet \u00e9tablissement vous promet un s\u00e9jour sous le signe du luxe.<\/li><li>Jackalberry Lodge : ce petit havre de paix vous aidera \u00e0 vous relaxer gr\u00e2ce \u00e0 sa piscine, sa biblioth\u00e8que et la bonne humeur de ses h\u00f4tes.<\/li><\/ul>\n\n\n\n<h2 class=\"wp-block-heading\"><span class=\"ez-toc-section\" id=\"reserve-privee-de-thornybush-autres-informations-pratiques\"><\/span><strong>R\u00e9serve Priv\u00e9e de Thornybush : autres informations pratiques<\/strong><span class=\"ez-toc-section-end\"><\/span><\/h2>\n\n\n\n<h3 class=\"wp-block-heading\"><strong>G\u00e9ographie<\/strong><\/h3>\n\n\n\n<p>Situ\u00e9e dans le c\u00e9l\u00e8bre grand parc national Kruger, la r\u00e9serve priv\u00e9e de Thornybush se situe au nord de l\u2019Afrique du Sud. Elle est proche de la<a href=\"https:\/\/mistersafari.com\/fr\/safari-afrique-du-sud\/parcs-reserves\/reserve-timbavati\/\" data-type=\"page\" data-id=\"6844\"> r\u00e9serve de Timbavati<\/a>, la r\u00e9serve de Manyeleti et a une fronti\u00e8re avec la <a href=\"https:\/\/mistersafari.com\/fr\/safari-afrique-du-sud\/parcs-reserves\/reserve-kapama\/\" data-type=\"page\" data-id=\"6929\">r\u00e9serve de Kapama<\/a>.<\/p>\n\n\n<div class=\"wp-block-image\">\n<figure class=\"aligncenter size-full\"><picture><source srcset=\"https:\/\/mistersafari.com\/fr\/wp-content\/uploads\/sites\/2\/antilope-thornybush.webp 1200w,https:\/\/mistersafari.com\/fr\/wp-content\/uploads\/sites\/2\/antilope-thornybush-300x175.webp 300w,https:\/\/mistersafari.com\/fr\/wp-content\/uploads\/sites\/2\/antilope-thornybush-1024x597.webp 1024w,https:\/\/mistersafari.com\/fr\/wp-content\/uploads\/sites\/2\/antilope-thornybush-768x448.webp 768w\" sizes=\"auto, (max-width: 1200px) 100vw, 1200px\" type=\"image\/webp\"><img src=\"https:\/\/mistersafari.com\/fr\/wp-content\/uploads\/sites\/2\/antilope-thornybush.png\" height=\"700\" width=\"1200\" srcset=\"https:\/\/mistersafari.com\/fr\/wp-content\/uploads\/sites\/2\/antilope-thornybush.png 1200w, https:\/\/mistersafari.com\/fr\/wp-content\/uploads\/sites\/2\/antilope-thornybush-300x175.png 300w, https:\/\/mistersafari.com\/fr\/wp-content\/uploads\/sites\/2\/antilope-thornybush-1024x597.png 1024w, https:\/\/mistersafari.com\/fr\/wp-content\/uploads\/sites\/2\/antilope-thornybush-768x448.png 768w\" sizes=\"auto, (max-width: 1200px) 100vw, 1200px\" class=\"wp-image-6956 sp-no-webp\" alt=\"\" loading=\"lazy\" decoding=\"async\"  > <\/picture><\/figure><\/div>\n\n\n<h3 class=\"wp-block-heading\"><strong>M\u00e9t\u00e9o<\/strong><\/h3>\n\n\n\n<p>Comme le reste de l\u2019Afrique du Sud, la r\u00e9serve priv\u00e9e de Thornybush se caract\u00e9rise par deux saisons :<\/p>\n\n\n\n<ul class=\"wp-block-list\"><li>La saison humide (entre novembre et mars) : \u00e0 cette p\u00e9riode, vous serez surpris par les pluies diluviennes et les orages spectaculaires. Mais malgr\u00e9 l\u2019humidit\u00e9, les temp\u00e9ratures sont tr\u00e8s \u00e9lev\u00e9es (environ 36\u00ba).<\/li><li>La saison s\u00e8che (entre avril et octobre) : les temp\u00e9ratures sont agr\u00e9ables en journ\u00e9e, mais nous vous conseillons toutefois d\u2019apporter des v\u00eatements chauds, car les matin\u00e9es et les soir\u00e9es sont assez fra\u00eeches.<\/li><\/ul>\n\n\n\n<h3 class=\"wp-block-heading\"><strong>Quand visiter ?<\/strong><\/h3>\n\n\n\n<p>La meilleure saison pour visiter la r\u00e9serve priv\u00e9e de Thornybush est sans aucun doute la saison s\u00e8che. D\u2019une part, parce que les temp\u00e9ratures sont agr\u00e9ables et que vous ne subirez pas les foudres de nombreux orages. D\u2019autre part, parce qu\u2019il est plus facile d\u2019observer les animaux sauvages. Et oui, la v\u00e9g\u00e9tation est beaucoup moins dense et ils se r\u00e9unissent tous autour des principaux points d\u2019eau de la r\u00e9serve pour s\u2019y abreuver.<\/p>\n\n\n\n<p>Cela dit, la saison humide apporte aussi son lot de charme avec une v\u00e9g\u00e9tation luxuriante et des paysages \u00e0 couper le souffle.<\/p>\n\n\n\n<h2 class=\"wp-block-heading\"><span class=\"ez-toc-section\" id=\"faq\"><\/span><strong>FAQ<\/strong><span class=\"ez-toc-section-end\"><\/span><\/h2>\n\n\n<div id=\"rank-math-faq\" class=\"rank-math-block\">\n<div class=\"rank-math-list \">\n<div id=\"faq-question-1667406139989\" class=\"rank-math-list-item\">\n<h3 class=\"rank-math-question \"><strong>O\u00f9 se trouve la R\u00e9serve Priv\u00e9e de Thornybush ?<\/strong><\/h3>\n<div class=\"rank-math-answer \">\n\n<p>La Thornybush Private Game Reserve est situ\u00e9e dans le nord de l&rsquo;Afrique du Sud, \u00e0 l&rsquo;int\u00e9rieur du parc national Kruger.<\/p>\n\n<\/div>\n<\/div>\n<div id=\"faq-question-1667406147671\" class=\"rank-math-list-item\">\n<h3 class=\"rank-math-question \"><strong>Combien co\u00fbte l\u2019entr\u00e9e \u00e0 la R\u00e9serve Priv\u00e9e de Thornybush ?<\/strong><\/h3>\n<div class=\"rank-math-answer \">\n\n<p>L\u2019entr\u00e9e \u00e0 la r\u00e9serve de Thornybush  est de 310 rands par v\u00e9hicule et 140 rands par personne.<\/p>\n\n<\/div>\n<\/div>\n<div id=\"faq-question-1667406167298\" class=\"rank-math-list-item\">\n<h3 class=\"rank-math-question \"><strong>Quels animaux peut-on voir \u00e0 la R\u00e9serve Priv\u00e9e de Thornybush ?<\/strong><\/h3>\n<div class=\"rank-math-answer \">\n\n<p>Dans la r\u00e9serve de Thornybush, vous pourrez observer des lions, des l\u00e9opards, des \u00e9l\u00e9phants, des rhinoc\u00e9ros, des buffles, des girafes, des hippopotames, des z\u00e8bres, des hy\u00e8nes, etc.<\/p>\n\n<\/div>\n<\/div>\n<\/div>\n<\/div>","protected":false},"excerpt":{"rendered":"<p>La r\u00e9serve priv\u00e9e de Thornybush est l&rsquo;une des plus grandes r\u00e9serves priv\u00e9es d&rsquo;Afrique du Sud, avec une superficie de 14 000 acres et sans cl\u00f4ture. Elle abrite une grande vari\u00e9t\u00e9 d&rsquo;animaux sauvages, notamment des lions, des gu\u00e9pards, des rhinoc\u00e9ros et d&rsquo;autres animaux que l&rsquo;on ne s&rsquo;attend pas \u00e0 voir dans un espace aussi vaste. Mais &#8230; <a title=\"R\u00e9serve Priv\u00e9e de Thornybush\" class=\"read-more\" href=\"https:\/\/mistersafari.com\/fr\/safari-afrique-du-sud\/parcs-reserves\/reserve-thornybush\/\" aria-label=\"En savoir plus sur R\u00e9serve Priv\u00e9e de Thornybush\">Lire la suite<\/a><\/p>\n","protected":false},"author":3,"featured_media":6977,"parent":1095,"menu_order":0,"comment_status":"closed","ping_status":"closed","template":"","meta":{"_acf_changed":false,"footnotes":""},"content_type":[23],"country":[29],"class_list":{"0":"post-6950","1":"page","2":"type-page","3":"status-publish","4":"has-post-thumbnail","6":"content_type-parc","7":"country-afrique-du-sud","8":"no-featured-image-padding"},"acf":{"hreflang":[{"alternative_url":"https:\/\/mistersafari.com\/thornybush-game-reserve\/","language":"en"}]},"_links":{"self":[{"href":"https:\/\/mistersafari.com\/fr\/wp-json\/wp\/v2\/pages\/6950","targetHints":{"allow":["GET"]}}],"collection":[{"href":"https:\/\/mistersafari.com\/fr\/wp-json\/wp\/v2\/pages"}],"about":[{"href":"https:\/\/mistersafari.com\/fr\/wp-json\/wp\/v2\/types\/page"}],"author":[{"embeddable":true,"href":"https:\/\/mistersafari.com\/fr\/wp-json\/wp\/v2\/users\/3"}],"replies":[{"embeddable":true,"href":"https:\/\/mistersafari.com\/fr\/wp-json\/wp\/v2\/comments?post=6950"}],"version-history":[{"count":21,"href":"https:\/\/mistersafari.com\/fr\/wp-json\/wp\/v2\/pages\/6950\/revisions"}],"predecessor-version":[{"id":6980,"href":"https:\/\/mistersafari.com\/fr\/wp-json\/wp\/v2\/pages\/6950\/revisions\/6980"}],"up":[{"embeddable":true,"href":"https:\/\/mistersafari.com\/fr\/wp-json\/wp\/v2\/pages\/1095"}],"wp:featuredmedia":[{"embeddable":true,"href":"https:\/\/mistersafari.com\/fr\/wp-json\/wp\/v2\/media\/6977"}],"wp:attachment":[{"href":"https:\/\/mistersafari.com\/fr\/wp-json\/wp\/v2\/media?parent=6950"}],"wp:term":[{"taxonomy":"content_type","embeddable":true,"href":"https:\/\/mistersafari.com\/fr\/wp-json\/wp\/v2\/content_type?post=6950"},{"taxonomy":"country","embeddable":true,"href":"https:\/\/mistersafari.com\/fr\/wp-json\/wp\/v2\/country?post=6950"}],"curies":[{"name":"wp","href":"https:\/\/api.w.org\/{rel}","templated":true}]}}