{"id":694,"date":"2020-04-10T11:41:59","date_gmt":"2020-04-10T11:41:59","guid":{"rendered":"https:\/\/mistersafari.com\/fr\/?p=694"},"modified":"2022-03-14T08:52:55","modified_gmt":"2022-03-14T08:52:55","slug":"visa","status":"publish","type":"page","link":"https:\/\/mistersafari.com\/fr\/safari-kenya\/visa\/","title":{"rendered":"Visa pour le Kenya"},"content":{"rendered":"\n<p>L\u2019obtention du visa pour le Kenya est une \u00e9tape cruciale de la pr\u00e9paration de votre voyage. Pour visiter le Kenya, vous ne pourrez en effet pas d\u00e9roger \u00e0 cette d\u00e9marche administrative. Alors, comment s\u2019y prendre ? Quelles sont vos obligations au Kenya pour le visa ? On vous dit tout.<\/p>\n\n\n<div id=\"ez-toc-container\" class=\"ez-toc-v2_0_76 counter-flat ez-toc-counter ez-toc-custom ez-toc-container-direction\">\n<div class=\"ez-toc-title-container\"><p class=\"ez-toc-title\" style=\"cursor:inherit\">Sommaire<\/p>\n<\/div><nav><ul class='ez-toc-list ez-toc-list-level-1 ' ><li class='ez-toc-page-1'><a class=\"ez-toc-link ez-toc-heading-1\" href=\"https:\/\/mistersafari.com\/fr\/safari-kenya\/visa\/#visa-pour-le-kenya-et-autres-formalites-obligatoires\">Visa pour le Kenya et autres formalit\u00e9s obligatoires<\/a><\/li><li class='ez-toc-page-1'><a class=\"ez-toc-link ez-toc-heading-2\" href=\"https:\/\/mistersafari.com\/fr\/safari-kenya\/visa\/#option-1-demander-votre-visa-a-lambassade-du-kenya-en-france\">Option 1 : Demander votre visa \u00e0 l\u2019Ambassade du Kenya en France<\/a><\/li><li class='ez-toc-page-1'><a class=\"ez-toc-link ez-toc-heading-3\" href=\"https:\/\/mistersafari.com\/fr\/safari-kenya\/visa\/#option-2-obtenir-un-visa-pour-le-kenya-en-ligne\">Option 2 : Obtenir un visa pour le Kenya en ligne<\/a><\/li><li class='ez-toc-page-1'><a class=\"ez-toc-link ez-toc-heading-4\" href=\"https:\/\/mistersafari.com\/fr\/safari-kenya\/visa\/#option-3-demander-votre-visa-pour-le-kenya-sur-place\">Option 3 : Demander votre visa pour le Kenya sur place<\/a><\/li><li class='ez-toc-page-1'><a class=\"ez-toc-link ez-toc-heading-5\" href=\"https:\/\/mistersafari.com\/fr\/safari-kenya\/visa\/#quel-est-le-prix-dun-visa-pour-le-kenya\">Quel est le prix d&rsquo;un visa pour le Kenya ?<\/a><\/li><li class='ez-toc-page-1'><a class=\"ez-toc-link ez-toc-heading-6\" href=\"https:\/\/mistersafari.com\/fr\/safari-kenya\/visa\/#contacts-utiles-pour-votre-visa\">Contacts utiles pour votre visa<\/a><\/li><\/ul><\/nav><\/div>\n\n\n\n\n<h2 class=\"wp-block-heading\"><span class=\"ez-toc-section\" id=\"visa-pour-le-kenya-et-autres-formalites-obligatoires\"><\/span>Visa pour le Kenya et autres formalit\u00e9s obligatoires<span class=\"ez-toc-section-end\"><\/span><\/h2>\n\n\n\n<h3 class=\"wp-block-heading\">Le visa pour le Kenya<\/h3>\n\n\n\n<p>Il s\u2019obtient aupr\u00e8s de l\u2019Ambassade du Kenya en France, en ligne ou directement \u00e0 votre arriv\u00e9e au Kenya. Les proc\u00e9dures de chacune de ces options sont d\u00e9taill\u00e9es ci-dessous.<\/p>\n\n\n\n<p><strong>Un visa touristique est obligatoire pour visiter le Kenya sauf pour les mineurs de moins de 16 ans, qui sont dispens\u00e9s de poss\u00e9der un visa mais doivent poss\u00e9der leur propre passeport<\/strong>.<\/p>\n\n\n\n<p>Le prix du visa au Kenya est de :<\/p>\n\n\n\n<ul class=\"wp-block-list\"><li>40\u20ac si vous en faites la demande au pr\u00e9alable aupr\u00e8s de l\u2019Ambassade du Kenya.<\/li><li>$50 (de pr\u00e9f\u00e9rence, ou 40\u20ac) si vous l\u2019obtenez aupr\u00e8s de l\u2019immigration du Kenya \u00e0 votre arriv\u00e9e. Pr\u00e9voyez l\u2019appoint car ils n\u2019ont pas toujours de change.&nbsp;<\/li><li>$51 si vous faites la demande de visa pour le Kenya en ligne (par Visa ou Mastercard).<\/li><\/ul>\n\n\n\n<p class=\"callout-green\">Le visa tourisme est valable pour une dur\u00e9e de trois mois \u00e0 partir de la date de son obtention. Il permet de visiter le Kenya pendant une dur\u00e9e de 90 jours.<\/p>\n\n\n\n<p>Les d\u00e9lais d\u2019obtention peuvent varient selon la m\u00e9thode choisie. Pensez donc \u00e0 entamer les d\u00e9marches suffisamment t\u00f4t. .&nbsp;Pour vous assurer un dossier complet et rapidement valid\u00e9, quelques obligations sont \u00e0 respecter :<\/p>\n\n\n\n<ul class=\"wp-block-list\"><li>Votre passeport doit \u00eatre valide encore 6 mois au minimum apr\u00e8s votre date de retour pr\u00e9vu<\/li><li>Votre passeport doit comporter au minimum deux pages vierges en vis-\u00e0-vis<\/li><\/ul>\n\n\n\n<h3 class=\"wp-block-heading\">Les documents n\u00e9cessaires pour la demande de visa<\/h3>\n\n\n\n<p>Quelle que soit la d\u00e9marche choisie, les documents \u00e0 rassembler pour faire votre demande de visa pour le Kenya sont globalement les m\u00eames :&nbsp;<\/p>\n\n\n\n<ul class=\"wp-block-list\"><li>un formulaire de demande de visa<\/li><li>une copie de la page avec photo de votre passeport<\/li><li>une photo d&rsquo;identit\u00e9<\/li><li>un document justifiant votre voyage : copie des billets d\u2019avion, de l\u2019itin\u00e9raire fourni par l\u2019agence de voyages, &#8230;<\/li><li>le r\u00e8glement<\/li><\/ul>\n\n\n\n<h3 class=\"wp-block-heading\">Les autres formalit\u00e9s<\/h3>\n\n\n\n<p>Quelques autres formalit\u00e9s sont \u00e0 conna\u00eetre selon vos projets de voyage.<\/p>\n\n\n\n<p>Sur place, vous pourrez prolonger votre visa de 3 mois suppl\u00e9mentaires aupr\u00e8s de l\u2019immigration Kenyane. Le tarif est alors de 20\u20ac.<\/p>\n\n\n\n<p>Pour les mineurs voyageant avec un accompagnateur autre que l\u2019un de leurs parents, ils doivent pr\u00e9senter une autorisation de sortie du territoire (disponible sur le site www.service-public.fr) et une copie de la pi\u00e8ce d\u2019identit\u00e9 du parent signataire.<\/p>\n\n\n\n<p>Concernant les vaccins, aucun n\u2019est obligatoire pour les voyageurs europ\u00e9ens. Par contre, certains sont fortement conseill\u00e9s :&nbsp;<\/p>\n\n\n\n<ul class=\"wp-block-list\"><li>fi\u00e8vre jaune (surtout si vous voyagez dans d\u2019autres pays d\u2019Afrique)<\/li><li>dipht\u00e9rie, t\u00e9tanos et poliomy\u00e9lite,&nbsp;<\/li><li>H\u00e9patites A et B,&nbsp;<\/li><li>Coqueluche,<\/li><li>Rougeole (pour les enfants),<\/li><li>Typho\u00efde et rage.<\/li><\/ul>\n\n\n\n<p>Un traitement pr\u00e9ventif contre le paludisme est aussi conseill\u00e9.&nbsp;Pour en savoir plus, rendez-vous sur le <a aria-label=\" (opens in a new tab)\" href=\"https:\/\/www.pasteur.fr\/fr\/centre-medical\/preparer-son-voyage\/kenya\" target=\"_blank\" rel=\"noreferrer noopener\" class=\"rank-math-link\">site de l&rsquo;Institut Pasteur<\/a>. Dans tous les cas, demandez conseil \u00e0 votre m\u00e9decin avant votre d\u00e9part.&nbsp;Passons maintenant aux diff\u00e9rentes options pour obtenir votre visa pour le Kenya.<\/p>\n\n\n\n<h2 class=\"wp-block-heading\"><span class=\"ez-toc-section\" id=\"option-1-demander-votre-visa-a-lambassade-du-kenya-en-france\"><\/span>Option 1 : Demander votre visa \u00e0 l\u2019Ambassade du Kenya en France<span class=\"ez-toc-section-end\"><\/span><\/h2>\n\n\n\n<p>Pour obtenir un visa pour le Kenya depuis la France, il faudra adresser votre demande \u00e0 l\u2019Ambassade du Kenya situ\u00e9e \u00e0 Paris.&nbsp;Vous pouvez vous y rendre directement (\u00e0 deux reprises : lors du d\u00e9p\u00f4t du dossier et lors de la collecte du visa) si vous habitez \u00e0 proximit\u00e9, ou faire votre demande par courrier.<\/p>\n\n\n\n<p>Le dossier doit comporter :<\/p>\n\n\n\n<ul class=\"wp-block-list\"><li>le formulaire 22 de demande de visa au Kenya<\/li><li>votre passeport (6 mois minimum de validit\u00e9 et deux pages vierges vis-\u00e0-vis)<\/li><li>une photocopie de la page avec photo de votre passeport<\/li><li>une photo d\u2019identit\u00e9 r\u00e9glement\u00e9e<\/li><li>le r\u00e8glement du visa du Kenya au prix de 40\u20ac (en esp\u00e8ces si vous pr\u00e9sentez le dossier physique ou par mandat cache si vous envoyez le dossier par la poste)<\/li><li>une copie du billet d\u2019avion aller\/retour ou le document de voyage fourni par l\u2019agence de voyages<\/li><li>une enveloppe affranchie en lettre recommand\u00e9e (au poids du passeport) si vous envoyez le dossier par la Poste (pour le renvoi du passeport tamponn\u00e9)<\/li><\/ul>\n\n\n\n<p>Vous devez indiquer sur le formulaire 22 les noms et adresses des h\u00e9bergements o\u00f9 vous serez log\u00e9.<\/p>\n\n\n\n<p><strong>Comptez environ une semaine pour obtenir votre visa. Ces d\u00e9lais peuvent varier donc soyez pr\u00e9voyant.<\/strong><\/p>\n\n\n\n<p>Ces informations peuvent r\u00e9guli\u00e8rement changer. Pensez donc bien \u00e0 v\u00e9rifier la proc\u00e9dure aupr\u00e8s de l\u2019Ambassade du Kenya \u00e0 Paris.<\/p>\n\n\n\n<h2 class=\"wp-block-heading\"><span class=\"ez-toc-section\" id=\"option-2-obtenir-un-visa-pour-le-kenya-en-ligne\"><\/span>Option 2 : Obtenir un visa pour le Kenya en ligne<span class=\"ez-toc-section-end\"><\/span><\/h2>\n\n\n\n<p>La proc\u00e9dure de demande de visa en ligne a \u00e9t\u00e9 mise en place assez r\u00e9cemment. Elle permet d\u2019obtenir un e-visa pour le Kenya depuis l\u2019un des deux sites officiels : <a aria-label=\" (opens in a new tab)\" rel=\"noreferrer noopener\" href=\"https:\/\/account.ecitizen.go.ke\/register\" target=\"_blank\" class=\"rank-math-link\">ecitizen.go.ke<\/a> et\/ou <a aria-label=\" (opens in a new tab)\" rel=\"noreferrer noopener\" href=\"https:\/\/www.visahq.fr\/kenya\/\" target=\"_blank\" class=\"rank-math-link\">visahq.fr<\/a>.<\/p>\n\n\n\n<p class=\"callout-orange\"><strong>Attention, de nombreux autres sites de demandes au Kenya d\u2019e-visa voient le jour, mais attention aux arnaques, il s&rsquo;agit de sites frauduleux.<\/strong><\/p>\n\n\n\n<p>La proc\u00e9dure est un peu longue et les deux sites sont en anglais. Mais cette option permet de faire la demande tr\u00e8s simplement depuis chez vous et l&rsquo;un dans l&rsquo;autre, elle vous fait quand m\u00eame gagner sur temps sur les formalit\u00e9s d&rsquo;obtention du visa kenyan.<\/p>\n\n\n\n<p>Pour gagner du temps, nous vous conseillons de pr\u00e9parer au pr\u00e9alable les documents n\u00e9cessaires :<\/p>\n\n\n\n<ul class=\"wp-block-list\"><li>une photo d\u2019identit\u00e9 officielle num\u00e9ris\u00e9e (photomaton ou photographe)<\/li><li>une copie num\u00e9rique de votre passeport, plus pr\u00e9cis\u00e9ment la page o\u00f9 appara\u00eet votre photo, nom, pr\u00e9nom, date de validit\u00e9<\/li><li>une copie PDF de vos billets d\u2019avion ou de votre itin\u00e9raire<\/li><li>votre carte bancaire<\/li><\/ul>\n\n\n\n<p>Une fois votre compte cr\u00e9\u00e9 sur le site officiel, vous devrez remplir un formulaire en ligne reprenant votre identit\u00e9 et les \u00e9l\u00e9ments de votre voyage. Les pi\u00e8ces list\u00e9es ci-dessus devront \u00eatre t\u00e9l\u00e9charg\u00e9es et le paiement du visa se fera en ligne par carte bancaire. Une fois valid\u00e9, votre e-visa pour le Kenya est disponible dans la rubrique \u201cdownload\u201d.<\/p>\n\n\n\n<p class=\"callout-orange\">Attention, si votre dossier est incomplet, votre demande de visa sera rejet\u00e9e. Vous ne serez pas rembours\u00e9 des frais engag\u00e9s.<\/p>\n\n\n\n<p>Votre e-visa devrait \u00eatre disponible au t\u00e9l\u00e9chargement sous 2 \u00e0 3 jours. Vous devrez pr\u00e9senter \u00e0 l\u2019arriv\u00e9e au Kenya votre e-visa imprim\u00e9 afin d\u2019obtenir le document officiel.<\/p>\n\n\n\n<h2 class=\"wp-block-heading\"><span class=\"ez-toc-section\" id=\"option-3-demander-votre-visa-pour-le-kenya-sur-place\"><\/span>Option 3 : Demander votre visa pour le Kenya sur place<span class=\"ez-toc-section-end\"><\/span><\/h2>\n\n\n\n<p>La derni\u00e8re option est de faire votre demande de visa pour le Kenya sur place.&nbsp;<em>On parle au Kenya de \u201cvisa on arrival\u201d.<\/em><\/p>\n\n\n\n<p>Les plus rebut\u00e9s par l&rsquo;administration ou les retardataires pourront faire leur demande de visa directement aupr\u00e8s du service de l\u2019immigration du Kenya d\u00e8s leur entr\u00e9e sur le territoire. Cette proc\u00e9dure est la plus simple, mais vous serez s\u00fbrement amen\u00e9 \u00e0 faire la queue au guichet de l\u2019immigration.<\/p>\n\n\n\n<p>Vous n\u2019avez aucun document particulier \u00e0 fournir, autres que :<\/p>\n\n\n\n<ul class=\"wp-block-list\"><li>Votre passeport avec une validit\u00e9 de 6 mois minimum et contenant deux pages vierges<\/li><li>Le r\u00e8glement du prix du visa : $50 (ou 40\u20ac) en esp\u00e8ces imp\u00e9rativement<\/li><\/ul>\n\n\n\n<p class=\"callout-orange\"><strong>Cette demande de visa sur place peut \u00eatre faite uniquement depuis les a\u00e9roports internationaux, comme Jomo Kenyatta \u00e0 Nairobi ou Mombasa-Moi \u00e0 Mombasa.<\/strong><\/p>\n\n\n\n<p>Enfin, notez que si vous comptez visiter d\u2019autres pays de l\u2019Est, sachez qu\u2019un visa \u201cEast Africa Tourist Visa\u201d est disponible au tarif de 100\u20ac et permet de se rendre au Kenya, au Rwanda et en Ouganda, sans avoir \u00e0 repasser par un bureau de l\u2019immigration.<\/p>\n\n\n\n<h2 class=\"wp-block-heading\"><span class=\"ez-toc-section\" id=\"quel-est-le-prix-dun-visa-pour-le-kenya\"><\/span>Quel est le prix d&rsquo;un visa pour le Kenya ?<span class=\"ez-toc-section-end\"><\/span><\/h2>\n\n\n\n<p>Le prix d&rsquo;un visa pour le Kenya d\u00e9pend de l&rsquo;option choisie parmi celles que nous venons de vous pr\u00e9senter. Comptez, pour chaque option :<\/p>\n\n\n\n<ul class=\"wp-block-list\"><li>40\u20ac pour une demande de visa \u00e0 l&rsquo;ambassade du Kenya en France ;<\/li><li>78\u20ac pour une demande de visa en ligne ;<\/li><li>50$ pour une demande de visa sur place.<\/li><\/ul>\n\n\n\n<h2 class=\"wp-block-heading\"><span class=\"ez-toc-section\" id=\"contacts-utiles-pour-votre-visa\"><\/span>Contacts utiles pour votre visa<span class=\"ez-toc-section-end\"><\/span><\/h2>\n\n\n\n<p>Voici quelques contacts qui vous seront utiles pour l\u2019obtention de votre visa.<\/p>\n\n\n\n<figure class=\"wp-block-table\"><table class=\"has-fixed-layout\"><thead><tr><th><\/th><th>Ambassade de France au Kenya (Nairobi)<\/th><th>Ambassade du Kenya \u00e0 Paris<\/th><th>Consul Honoraire \u00e0 Mombasa<\/th><\/tr><\/thead><tbody><tr><td><strong>Adresse<\/strong><\/td><td>Peponi Gardens, off Peponi Road<br>PO Box 41784 Nairobi<\/td><td>3, rue Freycinet,<br>75116 Paris<\/td><td>C\/O Thalassa Mombasa<br>Next to new Nyali Bridge<br>PO Box 81108 &#8211; 80100<\/td><\/tr><tr><td><strong>T\u00e9l\/Fax<\/strong><\/td><td>Tel : +254 20 760 5555<br>Fax : +254 20 277 8180<\/td><td>T\u00e9l. : 01 56 62 25 25<\/td><td>Tel : +254 265 0018 ou +254 722 414 985<br>Fax : +254 277 868<\/td><\/tr><tr><td><strong>Site internet<\/strong><\/td><td><a aria-label=\"www.ambafrance-ke.org (opens in a new tab)\" rel=\"noreferrer noopener\" class=\"rank-math-link rank-math-link\" href=\"http:\/\/www.ambafrance-ke.org\" target=\"_blank\">www.ambafrance-ke.org<\/a><\/td><td><\/td><td><\/td><\/tr><tr><td><strong>Autres informations<\/strong><\/td><td>Email : ambafrance.nairobi@diplomative.gouv.fr<br>Permanence t\u00e9l\u00e9phonique 24h\/24 : +254 73 368 2231<\/td><td>Consulat ouvert du lundi au vendredi de 10h \u00e0 13h et de 15h \u00e0 16h<\/td><td><\/td><\/tr><\/tbody><\/table><\/figure>\n","protected":false},"excerpt":{"rendered":"<p>L\u2019obtention du visa pour le Kenya est une \u00e9tape cruciale de la pr\u00e9paration de votre voyage. Pour visiter le Kenya, vous ne pourrez en effet pas d\u00e9roger \u00e0 cette d\u00e9marche administrative. Alors, comment s\u2019y prendre ? Quelles sont vos obligations au Kenya pour le visa ? On vous dit tout. Visa pour le Kenya et &#8230; <a title=\"Visa pour le Kenya\" class=\"read-more\" href=\"https:\/\/mistersafari.com\/fr\/safari-kenya\/visa\/\" aria-label=\"En savoir plus sur Visa pour le Kenya\">Lire la suite<\/a><\/p>\n","protected":false},"author":3,"featured_media":623,"parent":924,"menu_order":6,"comment_status":"closed","ping_status":"closed","template":"","meta":{"_acf_changed":false,"footnotes":""},"content_type":[],"country":[],"class_list":{"0":"post-694","1":"page","2":"type-page","3":"status-publish","4":"has-post-thumbnail","6":"no-featured-image-padding"},"acf":{"hreflang":[{"alternative_url":"https:\/\/mistersafari.com\/kenya\/info\/visa\/","language":"en"}]},"_links":{"self":[{"href":"https:\/\/mistersafari.com\/fr\/wp-json\/wp\/v2\/pages\/694","targetHints":{"allow":["GET"]}}],"collection":[{"href":"https:\/\/mistersafari.com\/fr\/wp-json\/wp\/v2\/pages"}],"about":[{"href":"https:\/\/mistersafari.com\/fr\/wp-json\/wp\/v2\/types\/page"}],"author":[{"embeddable":true,"href":"https:\/\/mistersafari.com\/fr\/wp-json\/wp\/v2\/users\/3"}],"replies":[{"embeddable":true,"href":"https:\/\/mistersafari.com\/fr\/wp-json\/wp\/v2\/comments?post=694"}],"version-history":[{"count":14,"href":"https:\/\/mistersafari.com\/fr\/wp-json\/wp\/v2\/pages\/694\/revisions"}],"predecessor-version":[{"id":6456,"href":"https:\/\/mistersafari.com\/fr\/wp-json\/wp\/v2\/pages\/694\/revisions\/6456"}],"up":[{"embeddable":true,"href":"https:\/\/mistersafari.com\/fr\/wp-json\/wp\/v2\/pages\/924"}],"wp:featuredmedia":[{"embeddable":true,"href":"https:\/\/mistersafari.com\/fr\/wp-json\/wp\/v2\/media\/623"}],"wp:attachment":[{"href":"https:\/\/mistersafari.com\/fr\/wp-json\/wp\/v2\/media?parent=694"}],"wp:term":[{"taxonomy":"content_type","embeddable":true,"href":"https:\/\/mistersafari.com\/fr\/wp-json\/wp\/v2\/content_type?post=694"},{"taxonomy":"country","embeddable":true,"href":"https:\/\/mistersafari.com\/fr\/wp-json\/wp\/v2\/country?post=694"}],"curies":[{"name":"wp","href":"https:\/\/api.w.org\/{rel}","templated":true}]}}