{"id":6929,"date":"2022-10-28T09:23:18","date_gmt":"2022-10-28T09:23:18","guid":{"rendered":"https:\/\/mistersafari.com\/fr\/?page_id=6929"},"modified":"2022-10-28T09:23:18","modified_gmt":"2022-10-28T09:23:18","slug":"reserve-kapama","status":"publish","type":"page","link":"https:\/\/mistersafari.com\/fr\/safari-afrique-du-sud\/parcs-reserves\/reserve-kapama\/","title":{"rendered":"R\u00e9serve Priv\u00e9e de Kapama"},"content":{"rendered":"\n<p>Avec une superficie de 13 000 hectares, la r\u00e9serve priv\u00e9e de Kapama s\u00e9duira tous les amoureux de la nature. Situ\u00e9e dans le nord de l&rsquo;Afrique du Sud et \u00e0 une heure de route du parc national Kruger, la luxueuse Kapama Game Reserve offre un sanctuaire parfait pour une grande vari\u00e9t\u00e9 de faune et de flore.<\/p>\n\n\n<div id=\"ez-toc-container\" class=\"ez-toc-v2_0_76 counter-flat ez-toc-counter ez-toc-custom ez-toc-container-direction\">\n<div class=\"ez-toc-title-container\"><p class=\"ez-toc-title\" style=\"cursor:inherit\">Sommaire<\/p>\n<\/div><nav><ul class='ez-toc-list ez-toc-list-level-1 ' ><li class='ez-toc-page-1'><a class=\"ez-toc-link ez-toc-heading-1\" href=\"https:\/\/mistersafari.com\/fr\/safari-afrique-du-sud\/parcs-reserves\/reserve-kapama\/#pourquoi-se-rendre-a-la-reserve-de-kapama\" >Pourquoi se rendre \u00e0 la R\u00e9serve de Kapama ?<\/a><\/li><li class='ez-toc-page-1'><a class=\"ez-toc-link ez-toc-heading-2\" href=\"https:\/\/mistersafari.com\/fr\/safari-afrique-du-sud\/parcs-reserves\/reserve-kapama\/#tarif-et-reglementation\" >Tarif et r\u00e9glementation<\/a><\/li><li class='ez-toc-page-1'><a class=\"ez-toc-link ez-toc-heading-3\" href=\"https:\/\/mistersafari.com\/fr\/safari-afrique-du-sud\/parcs-reserves\/reserve-kapama\/#comment-se-rendre-a-la-reserve-de-kapama\" >Comment se rendre \u00e0 la R\u00e9serve de Kapama ?<\/a><\/li><li class='ez-toc-page-1'><a class=\"ez-toc-link ez-toc-heading-4\" href=\"https:\/\/mistersafari.com\/fr\/safari-afrique-du-sud\/parcs-reserves\/reserve-kapama\/#ou-dormir-a-la-reserve-de-kapama\" >O\u00f9 dormir \u00e0 la R\u00e9serve de Kapama ?<\/a><\/li><li class='ez-toc-page-1'><a class=\"ez-toc-link ez-toc-heading-5\" href=\"https:\/\/mistersafari.com\/fr\/safari-afrique-du-sud\/parcs-reserves\/reserve-kapama\/#reserve-de-kapama-autres-informations-pratiques\" >R\u00e9serve de Kapama : autres informations pratiques<\/a><\/li><li class='ez-toc-page-1'><a class=\"ez-toc-link ez-toc-heading-6\" href=\"https:\/\/mistersafari.com\/fr\/safari-afrique-du-sud\/parcs-reserves\/reserve-kapama\/#faq\" >FAQ<\/a><\/li><\/ul><\/nav><\/div>\n\n\n\n\n<h2 class=\"wp-block-heading\"><span class=\"ez-toc-section\" id=\"pourquoi-se-rendre-a-la-reserve-de-kapama\"><\/span><strong>Pourquoi se rendre \u00e0 la R\u00e9serve de Kapama ?<\/strong><span class=\"ez-toc-section-end\"><\/span><\/h2>\n\n\n\n<h3 class=\"wp-block-heading\"><strong>La richesse de la faune<\/strong><\/h3>\n\n\n\n<p>Kapama Game Park est avant tout r\u00e9put\u00e9e pour la richesse de sa faune. Et pour cause, vous aurez l\u2019occasion d\u2019admirer les fameux Big Five, \u00e0 savoir le lion, le rhinoc\u00e9ros, le l\u00e9opard, l\u2019\u00e9l\u00e9phant et le buffle. Mais au-del\u00e0 de ces grands pr\u00e9dateurs, vous pourrez \u00e9galement observer des gu\u00e9pards, des lycaons, des impalas, des antilopes, des singes, \u2026<\/p>\n\n\n\n<p>Sans oublier les nombreux oiseaux. En effet, la r\u00e9serve de Kapama ne recense pas moins de 250\u00a0esp\u00e8ces dont plusieurs sont des oiseaux migrateurs. On y trouve le plus souvent : des calaos leucom\u00e8le, des rolliers \u00e0 poitrine lilas, et coquis francolin.<\/p>\n\n\n<div class=\"wp-block-image\">\n<figure class=\"aligncenter size-full\"><picture><source srcset=\"https:\/\/mistersafari.com\/fr\/wp-content\/uploads\/sites\/2\/calao-leucomele-kapama.webp 1200w,https:\/\/mistersafari.com\/fr\/wp-content\/uploads\/sites\/2\/calao-leucomele-kapama-300x175.webp 300w,https:\/\/mistersafari.com\/fr\/wp-content\/uploads\/sites\/2\/calao-leucomele-kapama-1024x597.webp 1024w,https:\/\/mistersafari.com\/fr\/wp-content\/uploads\/sites\/2\/calao-leucomele-kapama-768x448.webp 768w\" sizes=\"auto, (max-width: 1200px) 100vw, 1200px\" type=\"image\/webp\"><img src=\"https:\/\/mistersafari.com\/fr\/wp-content\/uploads\/sites\/2\/calao-leucomele-kapama.png\" height=\"700\" width=\"1200\" srcset=\"https:\/\/mistersafari.com\/fr\/wp-content\/uploads\/sites\/2\/calao-leucomele-kapama.png 1200w, https:\/\/mistersafari.com\/fr\/wp-content\/uploads\/sites\/2\/calao-leucomele-kapama-300x175.png 300w, https:\/\/mistersafari.com\/fr\/wp-content\/uploads\/sites\/2\/calao-leucomele-kapama-1024x597.png 1024w, https:\/\/mistersafari.com\/fr\/wp-content\/uploads\/sites\/2\/calao-leucomele-kapama-768x448.png 768w\" sizes=\"auto, (max-width: 1200px) 100vw, 1200px\" class=\"wp-image-6932 sp-no-webp\" alt=\"\" loading=\"lazy\" decoding=\"async\"  > <\/picture><figcaption>Calao leucom\u00e8le du Kapama<\/figcaption><\/figure><\/div>\n\n\n<h3 class=\"wp-block-heading\"><strong>Les Game Drives<\/strong><\/h3>\n\n\n\n<p>Pour admirer toutes ces esp\u00e8ces sauvages, la meilleure solution est de partir explorer la r\u00e9serve \u00e0 bord d\u2019un 4*4. Ici, ce sont les rangers exp\u00e9riment\u00e9s qui vous conduisent dans la brousse. Gr\u00e2ce \u00e0 leur connaissance des lieux, ils vous emm\u00e8neront dans les meilleurs spots d\u2019observation.<\/p>\n\n\n\n<p class=\"callout-green\">Il ne vous reste plus qu\u2019\u00e0 sortir votre appareil photo pour immortaliser ces instants.<\/p>\n\n\n\n<h3 class=\"wp-block-heading\"><strong>Les safaris \u00e0 pieds<\/strong><\/h3>\n\n\n\n<p>Si vous vous sentez l&rsquo;\u00e2me d&rsquo;un aventurier, vous pouvez opter pour le safari \u00e0 pied (toujours accompagn\u00e9 d&rsquo;un ranger). En plus d&rsquo;admirer la faune, c&rsquo;est aussi l&rsquo;occasion de profiter des magnifiques paysages qu&rsquo;offre la r\u00e9serve de Kapama, dont la majestueuse <a href=\"https:\/\/mistersafari.com\/fr\/safari-afrique-du-sud\/parcs-reserves\/drakensberg\/\" data-type=\"page\" data-id=\"2393\">montagne du Drakensberg<\/a>.<\/p>\n\n\n\n<p>Mais pour appr\u00e9cier l\u2019exp\u00e9rience au mieux, nous vous conseillons de partir en randonn\u00e9e \u00e0 l\u2019aurore ou au cr\u00e9puscule. Ainsi, vous ne souffrirez pas de la chaleur qui r\u00e8gne. Et surtout, vous pourrez admirer l\u2019environnement sauvage baignant dans les couleurs du soleil levant.<\/p>\n\n\n\n<h3 class=\"wp-block-heading\"><strong>Les autres activit\u00e9s<\/strong><\/h3>\n\n\n\n<p>La diversit\u00e9 de la faune fait de Kapama Private Game R\u00e9serve un espace tr\u00e8s appr\u00e9ci\u00e9 des touristes. Vous pourrez donc profiter de diverses activit\u00e9s, m\u00eame lorsque vous n\u2019\u00eates pas en safari :<\/p>\n\n\n\n<ul class=\"wp-block-list\"><li><strong>Centre de bien-\u00eatre : <\/strong>pour vous relaxer pendant vos vacances, vous pourrez vous faire masser dans ce spa grand luxe.<\/li><li><strong>Camp Jabulaniavec :<\/strong> ce camp accueille des \u00e9l\u00e9phants semi-sauvage que vous pourrez admirer lors de votre s\u00e9jour.<\/li><li><strong>Safari \u00e0 dos d\u2019\u00e9l\u00e9phant : <\/strong>pour d\u00e9couvrir la r\u00e9serve Kapama sous un nouveau jour, vous pouvez monter \u00e0 dos d\u2019\u00e9l\u00e9phant.<\/li><li><strong>Nuit \u00e0 la belle \u00e9toile : <\/strong>loin de toute pollution lumineuse, la r\u00e9serve de Kapama vous offre un ciel \u00e9toil\u00e9 \u00e9blouissant.<\/li><li><strong>Vol en montgolfi\u00e8re :<\/strong> c\u2019est l\u2019occasion de vivre une exp\u00e9rience unique et d\u2019admirer les troupeaux d\u2019animaux sauvages sous un nouveau jour.<\/li><\/ul>\n\n\n<div class=\"wp-block-image\">\n<figure class=\"aligncenter size-full\"><picture><source srcset=\"https:\/\/mistersafari.com\/fr\/wp-content\/uploads\/sites\/2\/safari-elephant-kapama.webp 1200w,https:\/\/mistersafari.com\/fr\/wp-content\/uploads\/sites\/2\/safari-elephant-kapama-300x175.webp 300w,https:\/\/mistersafari.com\/fr\/wp-content\/uploads\/sites\/2\/safari-elephant-kapama-1024x597.webp 1024w,https:\/\/mistersafari.com\/fr\/wp-content\/uploads\/sites\/2\/safari-elephant-kapama-768x448.webp 768w\" sizes=\"auto, (max-width: 1200px) 100vw, 1200px\" type=\"image\/webp\"><img src=\"https:\/\/mistersafari.com\/fr\/wp-content\/uploads\/sites\/2\/safari-elephant-kapama.png\" height=\"700\" width=\"1200\" srcset=\"https:\/\/mistersafari.com\/fr\/wp-content\/uploads\/sites\/2\/safari-elephant-kapama.png 1200w, https:\/\/mistersafari.com\/fr\/wp-content\/uploads\/sites\/2\/safari-elephant-kapama-300x175.png 300w, https:\/\/mistersafari.com\/fr\/wp-content\/uploads\/sites\/2\/safari-elephant-kapama-1024x597.png 1024w, https:\/\/mistersafari.com\/fr\/wp-content\/uploads\/sites\/2\/safari-elephant-kapama-768x448.png 768w\" sizes=\"auto, (max-width: 1200px) 100vw, 1200px\" class=\"wp-image-6933 sp-no-webp\" alt=\"\" loading=\"lazy\" decoding=\"async\"  > <\/picture><\/figure><\/div>\n\n\n<h2 class=\"wp-block-heading\"><span class=\"ez-toc-section\" id=\"tarif-et-reglementation\"><\/span><strong>Tarif et r\u00e9glementation<\/strong><span class=\"ez-toc-section-end\"><\/span><\/h2>\n\n\n\n<h3 class=\"wp-block-heading\"><strong>Tarifs<\/strong><\/h3>\n\n\n\n<p>Les tarifs d\u00e9pendent du lodge dans lequel vous s\u00e9journez et de la p\u00e9riode. En effet, les tarifs varient entre 6000 et 80 000 rands par nuit et par personne. En plus, il faudra pr\u00e9voir le co\u00fbt des activit\u00e9s et des soins.<\/p>\n\n\n\n<h3 class=\"wp-block-heading\"><strong>R\u00e9glementation<\/strong><\/h3>\n\n\n\n<p>Afin de garantir, la s\u00e9curit\u00e9 des animaux, la r\u00e9serve de Kapama impose certaines r\u00e8gles aux vacanciers, telles que :<\/p>\n\n\n\n<ul class=\"wp-block-list\"><li>l\u2019interdiction de nourrir ou blesser les animaux ;<\/li><li>l\u2019interdiction de jeter ses d\u00e9tritus ;<\/li><li>la signature d\u2019une d\u00e9claration par laquelle vous reconnaissez \u00eatre conscient des risques ;<\/li><li>l\u2019interdiction des animaux domestiques ;<\/li><li>des restrictions sur certaines activit\u00e9s pour les enfants.<\/li><\/ul>\n\n\n\n<h2 class=\"wp-block-heading\"><span class=\"ez-toc-section\" id=\"comment-se-rendre-a-la-reserve-de-kapama\"><\/span><strong>Comment se rendre \u00e0 la R\u00e9serve de Kapama ?<\/strong><span class=\"ez-toc-section-end\"><\/span><\/h2>\n\n\n\n<h3 class=\"wp-block-heading\"><strong>En voiture<\/strong><\/h3>\n\n\n\n<p>Vous pouvez vous rendre \u00e0 la Kapama Private Game reserve en voiture si vous avez lou\u00e9 un v\u00e9hicule pour votre s\u00e9jour en Afrique du Sud. Depuis Johannesburg, il vous faudra environ 5,5 heures de route pour vous y rendre. Si vous traversez le <a href=\"https:\/\/mistersafari.com\/fr\/safari-afrique-du-sud\/parcs-reserves\/parc-kruger\/\" data-type=\"page\" data-id=\"1113\">parc national Kruger<\/a>, il vous faudra pr\u00e8s d&rsquo;une heure pour vous rendre \u00e0 la r\u00e9serve.<\/p>\n\n\n\n<h3 class=\"wp-block-heading\"><strong>Par avion<\/strong><\/h3>\n\n\n\n<p>Cela dit, la meilleure solution pour se rendre \u00e0 la r\u00e9serve priv\u00e9e de Kapama est d\u00e9finitivement l\u2019avion. Et pour cause, l\u2019a\u00e9roport d\u2019Eastgate \u00e0 Hoedspruit se situe \u00e0 seulement 10 minutes de l\u2019entr\u00e9e.<\/p>\n\n\n\n<p class=\"callout-blue\">Vous pourrez trouver facilement des vols depuis Johannesburg, Cape Town, ou avec des charters priv\u00e9s.<\/p>\n\n\n<div class=\"wp-block-image\">\n<figure class=\"aligncenter size-full is-resized\"><picture><source srcset=\"https:\/\/mistersafari.com\/fr\/wp-content\/uploads\/sites\/2\/antilope-kapama.webp 1200w,https:\/\/mistersafari.com\/fr\/wp-content\/uploads\/sites\/2\/antilope-kapama-300x175.webp 300w,https:\/\/mistersafari.com\/fr\/wp-content\/uploads\/sites\/2\/antilope-kapama-1024x597.webp 1024w,https:\/\/mistersafari.com\/fr\/wp-content\/uploads\/sites\/2\/antilope-kapama-768x448.webp 768w\" sizes=\"auto, (max-width: 1024px) 100vw, 1024px\" type=\"image\/webp\"><img src=\"https:\/\/mistersafari.com\/fr\/wp-content\/uploads\/sites\/2\/antilope-kapama.png\" height=\"597\" width=\"1024\" srcset=\"https:\/\/mistersafari.com\/fr\/wp-content\/uploads\/sites\/2\/antilope-kapama.png 1200w, https:\/\/mistersafari.com\/fr\/wp-content\/uploads\/sites\/2\/antilope-kapama-300x175.png 300w, https:\/\/mistersafari.com\/fr\/wp-content\/uploads\/sites\/2\/antilope-kapama-1024x597.png 1024w, https:\/\/mistersafari.com\/fr\/wp-content\/uploads\/sites\/2\/antilope-kapama-768x448.png 768w\" sizes=\"auto, (max-width: 1024px) 100vw, 1024px\" class=\"wp-image-6934 sp-no-webp\" alt=\"\" loading=\"lazy\" decoding=\"async\"  > <\/picture><figcaption>Les Nyalas de la r\u00e9serve de Kapama<\/figcaption><\/figure><\/div>\n\n\n<h2 class=\"wp-block-heading\"><span class=\"ez-toc-section\" id=\"ou-dormir-a-la-reserve-de-kapama\"><\/span><strong>O\u00f9 dormir \u00e0 la R\u00e9serve de Kapama ?<\/strong><span class=\"ez-toc-section-end\"><\/span><\/h2>\n\n\n\n<p>Du fait de son attractivit\u00e9 touristique, la r\u00e9serve de Kapama vous propose de nombreux lodges et camps. Voici notre s\u00e9lection.<\/p>\n\n\n\n<h3 class=\"wp-block-heading\"><strong>Les camps<\/strong><\/h3>\n\n\n\n<p>Parmi les camps, vous avez le choix entre le Buffalo Camp et le Southern Camp. Ces deux \u00e9tablissements portent le nom de camp, mais ils vous offrent en r\u00e9alit\u00e9 tout le confort n\u00e9cessaire, avec de tr\u00e8s belles chambres et m\u00eame une piscine.<\/p>\n\n\n\n<p>Et pour ceux qui pr\u00e9f\u00e8rent s\u2019isoler pour d\u00e9connecter totalement, il y a aussi le Camp Jabulani qui est un peu plus \u00e9loign\u00e9 (mais toujours tr\u00e8s luxueux).<\/p>\n\n\n\n<h3 class=\"wp-block-heading\"><strong>Les lodges<\/strong><\/h3>\n\n\n\n<p>Niveau lodge, vous pouvez s\u00e9journer au Kapama River Lodge ou au Kapama Karula. Ce dernier est sans aucun doute le plus luxueux puisqu\u2019il dispose d\u2019un spa et d\u2019un centre de fitness.<\/p>\n\n\n\n<h2 class=\"wp-block-heading\"><span class=\"ez-toc-section\" id=\"reserve-de-kapama-autres-informations-pratiques\"><\/span><strong>R\u00e9serve de Kapama : autres informations pratiques<\/strong><span class=\"ez-toc-section-end\"><\/span><\/h2>\n\n\n\n<h3 class=\"wp-block-heading\"><strong>G\u00e9ographie<\/strong><\/h3>\n\n\n\n<p>La r\u00e9serve de Kapama se situe dans le nord de l\u2019Afrique du Sud, \u00e0 l\u2019ouest du Parc National Kruger.<\/p>\n\n\n<div class=\"wp-block-image\">\n<figure class=\"aligncenter size-full\"><picture><source srcset=\"https:\/\/mistersafari.com\/fr\/wp-content\/uploads\/sites\/2\/lion-kapama.webp 1200w,https:\/\/mistersafari.com\/fr\/wp-content\/uploads\/sites\/2\/lion-kapama-300x175.webp 300w,https:\/\/mistersafari.com\/fr\/wp-content\/uploads\/sites\/2\/lion-kapama-1024x597.webp 1024w,https:\/\/mistersafari.com\/fr\/wp-content\/uploads\/sites\/2\/lion-kapama-768x448.webp 768w\" sizes=\"auto, (max-width: 1200px) 100vw, 1200px\" type=\"image\/webp\"><img src=\"https:\/\/mistersafari.com\/fr\/wp-content\/uploads\/sites\/2\/lion-kapama.png\" height=\"700\" width=\"1200\" srcset=\"https:\/\/mistersafari.com\/fr\/wp-content\/uploads\/sites\/2\/lion-kapama.png 1200w, https:\/\/mistersafari.com\/fr\/wp-content\/uploads\/sites\/2\/lion-kapama-300x175.png 300w, https:\/\/mistersafari.com\/fr\/wp-content\/uploads\/sites\/2\/lion-kapama-1024x597.png 1024w, https:\/\/mistersafari.com\/fr\/wp-content\/uploads\/sites\/2\/lion-kapama-768x448.png 768w\" sizes=\"auto, (max-width: 1200px) 100vw, 1200px\" class=\"wp-image-6935 sp-no-webp\" alt=\"\" loading=\"lazy\" decoding=\"async\"  > <\/picture><figcaption>Lion d&rsquo;Afrique du Sud<\/figcaption><\/figure><\/div>\n\n\n<h3 class=\"wp-block-heading\"><strong>M\u00e9t\u00e9o<\/strong><\/h3>\n\n\n\n<p>Tout comme le reste de l\u2019Afrique, la r\u00e9serve de Kapama Private Game se caract\u00e9rise par deux saisons :<\/p>\n\n\n\n<ul class=\"wp-block-list\"><li>La saison s\u00e8che : de mai \u00e0 septembre.<\/li><li>La saison humide : d\u2019octobre \u00e0 avril.<\/li><\/ul>\n\n\n\n<h3 class=\"wp-block-heading\"><strong>Quand visiter ?<\/strong><\/h3>\n\n\n\n<p>La r\u00e9serve de Kapama est cl\u00f4tur\u00e9e, ce qui vous permet de profiter de la forte concentration d\u2019animaux sauvages tout au long de l\u2019ann\u00e9e. N\u00e9anmoins, en fonction des conditions m\u00e9t\u00e9orologiques, il sera plus ou moins difficile de les observer.<\/p>\n\n\n\n<p class=\"callout-green\">C\u2019est pourquoi, nous vous conseillons de venir entre mars et novembre, et id\u00e9alement en septembre et octobre.<\/p>\n\n\n\n<h2 class=\"wp-block-heading\"><span class=\"ez-toc-section\" id=\"faq\"><\/span><strong>FAQ<\/strong><span class=\"ez-toc-section-end\"><\/span><\/h2>\n\n\n<div id=\"rank-math-faq\" class=\"rank-math-block\">\n<div class=\"rank-math-list \">\n<div id=\"faq-question-1666948681742\" class=\"rank-math-list-item\">\n<h3 class=\"rank-math-question \"><strong>O\u00f9 se trouve la R\u00e9serve de Kapama ?<\/strong><\/h3>\n<div class=\"rank-math-answer \">\n\n<p>La r\u00e9serve de Kapama se situe \u00e0 l\u2019ouest du Parc National Kruger.<\/p>\n\n<\/div>\n<\/div>\n<div id=\"faq-question-1666948688355\" class=\"rank-math-list-item\">\n<h3 class=\"rank-math-question \"><strong>Combien co\u00fbte l\u2019entr\u00e9e \u00e0 la R\u00e9serve de Kapama ?<\/strong><\/h3>\n<div class=\"rank-math-answer \">\n\n<p>Les tarifs d\u00e9pendent du lodge dans lequel vous s\u00e9journez et de la p\u00e9riode<\/p>\n\n<\/div>\n<\/div>\n<div id=\"faq-question-1666948695720\" class=\"rank-math-list-item\">\n<h3 class=\"rank-math-question \"><strong>Quels animaux peut-on voir \u00e0 la R\u00e9serve de Kapama ?<\/strong><\/h3>\n<div class=\"rank-math-answer \">\n\n<p>Vous pourrez admirer les Big five, mais aussi des gu\u00e9pards, des lycaons, des impalas, des antilopes, des singes, ainsi que des centaines d&rsquo;oiseaux migrateurs.<\/p>\n\n<\/div>\n<\/div>\n<\/div>\n<\/div>","protected":false},"excerpt":{"rendered":"<p>Avec une superficie de 13 000 hectares, la r\u00e9serve priv\u00e9e de Kapama s\u00e9duira tous les amoureux de la nature. Situ\u00e9e dans le nord de l&rsquo;Afrique du Sud et \u00e0 une heure de route du parc national Kruger, la luxueuse Kapama Game Reserve offre un sanctuaire parfait pour une grande vari\u00e9t\u00e9 de faune et de flore. &#8230; <a title=\"R\u00e9serve Priv\u00e9e de Kapama\" class=\"read-more\" href=\"https:\/\/mistersafari.com\/fr\/safari-afrique-du-sud\/parcs-reserves\/reserve-kapama\/\" aria-label=\"En savoir plus sur R\u00e9serve Priv\u00e9e de Kapama\">Lire la suite<\/a><\/p>\n","protected":false},"author":3,"featured_media":6941,"parent":1095,"menu_order":0,"comment_status":"closed","ping_status":"closed","template":"","meta":{"_acf_changed":false,"footnotes":""},"content_type":[23],"country":[29],"class_list":{"0":"post-6929","1":"page","2":"type-page","3":"status-publish","4":"has-post-thumbnail","6":"content_type-parc","7":"country-afrique-du-sud","8":"no-featured-image-padding"},"acf":{"hreflang":[{"alternative_url":"https:\/\/mistersafari.com\/kapama-private-game-reserve\/","language":"en"}]},"_links":{"self":[{"href":"https:\/\/mistersafari.com\/fr\/wp-json\/wp\/v2\/pages\/6929","targetHints":{"allow":["GET"]}}],"collection":[{"href":"https:\/\/mistersafari.com\/fr\/wp-json\/wp\/v2\/pages"}],"about":[{"href":"https:\/\/mistersafari.com\/fr\/wp-json\/wp\/v2\/types\/page"}],"author":[{"embeddable":true,"href":"https:\/\/mistersafari.com\/fr\/wp-json\/wp\/v2\/users\/3"}],"replies":[{"embeddable":true,"href":"https:\/\/mistersafari.com\/fr\/wp-json\/wp\/v2\/comments?post=6929"}],"version-history":[{"count":11,"href":"https:\/\/mistersafari.com\/fr\/wp-json\/wp\/v2\/pages\/6929\/revisions"}],"predecessor-version":[{"id":6949,"href":"https:\/\/mistersafari.com\/fr\/wp-json\/wp\/v2\/pages\/6929\/revisions\/6949"}],"up":[{"embeddable":true,"href":"https:\/\/mistersafari.com\/fr\/wp-json\/wp\/v2\/pages\/1095"}],"wp:featuredmedia":[{"embeddable":true,"href":"https:\/\/mistersafari.com\/fr\/wp-json\/wp\/v2\/media\/6941"}],"wp:attachment":[{"href":"https:\/\/mistersafari.com\/fr\/wp-json\/wp\/v2\/media?parent=6929"}],"wp:term":[{"taxonomy":"content_type","embeddable":true,"href":"https:\/\/mistersafari.com\/fr\/wp-json\/wp\/v2\/content_type?post=6929"},{"taxonomy":"country","embeddable":true,"href":"https:\/\/mistersafari.com\/fr\/wp-json\/wp\/v2\/country?post=6929"}],"curies":[{"name":"wp","href":"https:\/\/api.w.org\/{rel}","templated":true}]}}