{"id":6892,"date":"2022-10-27T16:38:16","date_gmt":"2022-10-27T16:38:16","guid":{"rendered":"https:\/\/mistersafari.com\/fr\/?page_id=6892"},"modified":"2022-10-28T08:35:53","modified_gmt":"2022-10-28T08:35:53","slug":"reserve-grumeti","status":"publish","type":"page","link":"https:\/\/mistersafari.com\/fr\/safari-tanzanie\/parcs-reserves\/reserve-grumeti\/","title":{"rendered":"R\u00e9serve Priv\u00e9e de Grumeti"},"content":{"rendered":"\n<p>140 000 hectares de nature sauvage \u00e0 l\u2019\u00e9tat pur, c\u2019est ce que vous propose la r\u00e9serve de Grumeti. Au programme : safari \u00e0 pied ou en 4*4, observation des animaux sauvages, vol en montgolfi\u00e8re, et bien d\u2019autres. Bref, un s\u00e9jour que vous n\u2019\u00eates pas pr\u00eat d\u2019oublier.<\/p>\n\n\n<div id=\"ez-toc-container\" class=\"ez-toc-v2_0_76 counter-flat ez-toc-counter ez-toc-custom ez-toc-container-direction\">\n<div class=\"ez-toc-title-container\"><p class=\"ez-toc-title\" style=\"cursor:inherit\">Sommaire<\/p>\n<\/div><nav><ul class='ez-toc-list ez-toc-list-level-1 ' ><li class='ez-toc-page-1'><a class=\"ez-toc-link ez-toc-heading-1\" href=\"https:\/\/mistersafari.com\/fr\/safari-tanzanie\/parcs-reserves\/reserve-grumeti\/#pourquoi-se-rendre-a-la-reserve-de-grumeti\" >Pourquoi se rendre \u00e0 la r\u00e9serve de Grumeti ?<\/a><\/li><li class='ez-toc-page-1'><a class=\"ez-toc-link ez-toc-heading-2\" href=\"https:\/\/mistersafari.com\/fr\/safari-tanzanie\/parcs-reserves\/reserve-grumeti\/#tarif-et-reglementation\" >Tarif et r\u00e9glementation<\/a><\/li><li class='ez-toc-page-1'><a class=\"ez-toc-link ez-toc-heading-3\" href=\"https:\/\/mistersafari.com\/fr\/safari-tanzanie\/parcs-reserves\/reserve-grumeti\/#comment-se-rendre-a-la-reserve-de-grumeti\" >Comment se rendre \u00e0 la r\u00e9serve de Grumeti ?<\/a><\/li><li class='ez-toc-page-1'><a class=\"ez-toc-link ez-toc-heading-4\" href=\"https:\/\/mistersafari.com\/fr\/safari-tanzanie\/parcs-reserves\/reserve-grumeti\/#ou-dormir-a-la-reserve-de-grumeti\" >O\u00f9 dormir \u00e0 la r\u00e9serve de Grumeti ?<\/a><\/li><li class='ez-toc-page-1'><a class=\"ez-toc-link ez-toc-heading-5\" href=\"https:\/\/mistersafari.com\/fr\/safari-tanzanie\/parcs-reserves\/reserve-grumeti\/#la-reserve-de-grumeti-autres-informations-pratiques\" >La r\u00e9serve de Grumeti : autres informations pratiques<\/a><\/li><li class='ez-toc-page-1'><a class=\"ez-toc-link ez-toc-heading-6\" href=\"https:\/\/mistersafari.com\/fr\/safari-tanzanie\/parcs-reserves\/reserve-grumeti\/#faq\" >FAQ<\/a><\/li><\/ul><\/nav><\/div>\n\n\n\n\n<h2 class=\"wp-block-heading\"><span class=\"ez-toc-section\" id=\"pourquoi-se-rendre-a-la-reserve-de-grumeti\"><\/span><strong>Pourquoi se rendre \u00e0 la r\u00e9serve de Grumeti ?<\/strong><span class=\"ez-toc-section-end\"><\/span><\/h2>\n\n\n\n<h3 class=\"wp-block-heading\"><strong>L\u2019observation de la faune<\/strong><\/h3>\n\n\n\n<p>Grumeti est un v\u00e9ritable paradis pour les amoureux de la nature. Et pour cause, la r\u00e9serve abrite une densit\u00e9 de faune sauvage impressionnante.<\/p>\n\n\n\n<p>Vous pourrez en effet admirer les Big Five (lions, \u00e9l\u00e9phants, buffles, rhinoc\u00e9ros et l\u00e9opards), des gu\u00e9pards, des crocodiles, des hy\u00e8nes, des chacals, des chiens sauvages, des girafes, des antilopes, et bien d\u2019autres.<\/p>\n\n\n<div class=\"wp-block-image\">\n<figure class=\"aligncenter size-full\"><picture><source srcset=\"https:\/\/mistersafari.com\/fr\/wp-content\/uploads\/sites\/2\/lionne-grumeti.webp 1200w,https:\/\/mistersafari.com\/fr\/wp-content\/uploads\/sites\/2\/lionne-grumeti-300x175.webp 300w,https:\/\/mistersafari.com\/fr\/wp-content\/uploads\/sites\/2\/lionne-grumeti-1024x597.webp 1024w,https:\/\/mistersafari.com\/fr\/wp-content\/uploads\/sites\/2\/lionne-grumeti-768x448.webp 768w\" sizes=\"auto, (max-width: 1200px) 100vw, 1200px\" type=\"image\/webp\"><img src=\"https:\/\/mistersafari.com\/fr\/wp-content\/uploads\/sites\/2\/lionne-grumeti.png\" height=\"700\" width=\"1200\" srcset=\"https:\/\/mistersafari.com\/fr\/wp-content\/uploads\/sites\/2\/lionne-grumeti.png 1200w, https:\/\/mistersafari.com\/fr\/wp-content\/uploads\/sites\/2\/lionne-grumeti-300x175.png 300w, https:\/\/mistersafari.com\/fr\/wp-content\/uploads\/sites\/2\/lionne-grumeti-1024x597.png 1024w, https:\/\/mistersafari.com\/fr\/wp-content\/uploads\/sites\/2\/lionne-grumeti-768x448.png 768w\" sizes=\"auto, (max-width: 1200px) 100vw, 1200px\" class=\"wp-image-6893 sp-no-webp\" alt=\"\" loading=\"lazy\" decoding=\"async\"  > <\/picture><\/figure><\/div>\n\n\n<p>Sans oublier les milliers d\u2019oiseaux, comme les gu\u00eapiers, les canaris, les colombes, etc. Mais ici, nous vous conseillons d\u2019apporter vos jumelles pour mieux les observer.<\/p>\n\n\n\n<p>Et surtout, la r\u00e9serve de Grumeti est r\u00e9put\u00e9e pour sa grande migration. Entre mai et juin, d\u2019immenses troupeaux des gnous, des z\u00e8bres et des gazelles se d\u00e9placent pour le plus grand bonheur de vos yeux.<\/p>\n\n\n\n<h3 class=\"wp-block-heading\"><strong>Les promenades dans la brousse<\/strong><\/h3>\n\n\n\n<p>Pour admirer toute cette faune, vous pouvez partir \u00e0 bord d\u2019un 4*4. Mais aussi choisir les randonn\u00e9es p\u00e9destres. Accompagn\u00e9 d\u2019un guide exp\u00e9riment\u00e9, vous suivrez les traces des animaux sauvages.<\/p>\n\n\n\n<p>En plus de vous apprendre les techniques du tra\u00e7age, le ranger vous enseignera \u00e9galement les secrets des plantes et leur utilisation \u00e0 des fins m\u00e9dicinales ou culturelles.<\/p>\n\n\n\n<h3 class=\"wp-block-heading\"><strong>Les safaris hors-pistes<\/strong><\/h3>\n\n\n\n<p>Lors de votre s\u00e9jour dans la r\u00e9serve de Grumeti, vous pourrez sortir des sentiers battus \u00e0 travers les safaris hors pistes. C\u2019est l\u2019id\u00e9al pour maximiser vos chances d\u2019observer les animaux sauvages, qui ont souvent tendance \u00e0 se cacher loin des \u00eatres humains.<\/p>\n\n\n\n<p>Et comme le parc de Grumeti est situ\u00e9 \u00e0 proximit\u00e9 des parcs de <a href=\"https:\/\/mistersafari.com\/fr\/safari-tanzanie\/parcs-reserves\/parc-national-serengeti\/\" data-type=\"page\" data-id=\"816\">Serengeti <\/a>et <a href=\"https:\/\/mistersafari.com\/fr\/safari-kenya\/parcs-reserves\/masai-mara\/\" data-type=\"page\" data-id=\"536\">Masai Mara<\/a>, vous pourrez aussi en profiter pour d\u00e9couvrir ces espaces naturels.<\/p>\n\n\n\n<h3 class=\"wp-block-heading\"><strong>Les autres activit\u00e9s<\/strong><\/h3>\n\n\n\n<p>La r\u00e9serve de Grumeti vous propose d\u2019autres activit\u00e9s exceptionnelles lors de votre s\u00e9jour. Vous pourrez par exemple partir en promenade la nuit pour admirer la faune sauvage sous un nouveau jour.<\/p>\n\n\n\n<p class=\"callout-green\">Si vous souhaitez prendre de la hauteur, il est possible d\u2019opter pour un vol en montgolfi\u00e8re. C\u2019est le lieu parfait pour observer les troupeaux d\u2019animaux sauvages.<\/p>\n\n\n<div class=\"wp-block-image\">\n<figure class=\"aligncenter size-full\"><picture><source srcset=\"https:\/\/mistersafari.com\/fr\/wp-content\/uploads\/sites\/2\/montgolfiere-grumeti.webp 1200w,https:\/\/mistersafari.com\/fr\/wp-content\/uploads\/sites\/2\/montgolfiere-grumeti-300x175.webp 300w,https:\/\/mistersafari.com\/fr\/wp-content\/uploads\/sites\/2\/montgolfiere-grumeti-1024x597.webp 1024w,https:\/\/mistersafari.com\/fr\/wp-content\/uploads\/sites\/2\/montgolfiere-grumeti-768x448.webp 768w\" sizes=\"auto, (max-width: 1200px) 100vw, 1200px\" type=\"image\/webp\"><img src=\"https:\/\/mistersafari.com\/fr\/wp-content\/uploads\/sites\/2\/montgolfiere-grumeti.png\" height=\"700\" width=\"1200\" srcset=\"https:\/\/mistersafari.com\/fr\/wp-content\/uploads\/sites\/2\/montgolfiere-grumeti.png 1200w, https:\/\/mistersafari.com\/fr\/wp-content\/uploads\/sites\/2\/montgolfiere-grumeti-300x175.png 300w, https:\/\/mistersafari.com\/fr\/wp-content\/uploads\/sites\/2\/montgolfiere-grumeti-1024x597.png 1024w, https:\/\/mistersafari.com\/fr\/wp-content\/uploads\/sites\/2\/montgolfiere-grumeti-768x448.png 768w\" sizes=\"auto, (max-width: 1200px) 100vw, 1200px\" class=\"wp-image-6894 sp-no-webp\" alt=\"\" loading=\"lazy\" decoding=\"async\"  > <\/picture><\/figure><\/div>\n\n\n<p>Vous pourrez aussi visiter les communaut\u00e9s, d\u00e9couvrir les postes d&rsquo;observation anti-braconnage, pratiquer le tir \u00e0 l&rsquo;arc et m\u00eame des activit\u00e9s artistiques et artisanales.<\/p>\n\n\n\n<h2 class=\"wp-block-heading\"><span class=\"ez-toc-section\" id=\"tarif-et-reglementation\"><\/span><strong>Tarif et r\u00e9glementation<\/strong><span class=\"ez-toc-section-end\"><\/span><\/h2>\n\n\n\n<h3 class=\"wp-block-heading\"><strong>Tarifs<\/strong><\/h3>\n\n\n\n<p>Les tarifs de la r\u00e9serve de Grumeti d\u00e9pendent surtout du choix du lodge, de la saison et des activit\u00e9s \u00e0 faire.<\/p>\n\n\n\n<h3 class=\"wp-block-heading\"><strong>R\u00e9glementation<\/strong><\/h3>\n\n\n\n<p>Les visiteurs doivent respecter les r\u00e8gles de la Grumeti Game Reserve, y compris la flore et la faune. Comme pour tous les parcs naturels, il est interdit de nourrir ou blesser les animaux, jeter ses d\u00e9tritus ou encore venir avec des animaux de compagnie.<\/p>\n\n\n\n<p>De plus, il vous sera demand\u00e9 de pr\u00e9senter vos documents d&rsquo;identification \u00e0 votre arriv\u00e9e dans la r\u00e9serve.<\/p>\n\n\n\n<h2 class=\"wp-block-heading\"><span class=\"ez-toc-section\" id=\"comment-se-rendre-a-la-reserve-de-grumeti\"><\/span><strong>Comment se rendre \u00e0 la r\u00e9serve de Grumeti ?<\/strong><span class=\"ez-toc-section-end\"><\/span><\/h2>\n\n\n\n<h3 class=\"wp-block-heading\"><strong>En voiture<\/strong><\/h3>\n\n\n\n<p>Si vous pr\u00e9voyez de visiter le parc national de Seregenti et la r\u00e9serve de Grumeti, la location de voiture est une excellente option, puisqu\u2019ils sont situ\u00e9s \u00e0 proximit\u00e9.<\/p>\n\n\n\n<h3 class=\"wp-block-heading\"><strong>Par avion<\/strong><\/h3>\n\n\n\n<p>Pour vous rendre \u00e0 la r\u00e9serve de Grumeti, il faudra partir de l&rsquo;a\u00e9roport international du Kilimandjaro. Vous pourrez alors affr\u00e9ter un avion priv\u00e9 jusqu&rsquo;\u00e0 la piste d&rsquo;atterrissage de la r\u00e9serve. Pr\u00e9voyez environ 50 minutes de vol.<\/p>\n\n\n\n<h2 class=\"wp-block-heading\"><span class=\"ez-toc-section\" id=\"ou-dormir-a-la-reserve-de-grumeti\"><\/span><strong>O\u00f9 dormir \u00e0 la r\u00e9serve de Grumeti ?<\/strong><span class=\"ez-toc-section-end\"><\/span><\/h2>\n\n\n\n<p>Au regard de son attrait touristique, la r\u00e9serve de Grumeti vous offre un large choix d\u2019h\u00e9bergement.<\/p>\n\n\n\n<h3 class=\"wp-block-heading\"><strong>Les camps<\/strong><\/h3>\n\n\n\n<p>Si vous souhaitez profiter pleinement de l\u2019exp\u00e9rience sauvage, les camps repr\u00e9sentent votre meilleure option. Vous pourrez alors dormir au :<\/p>\n\n\n\n<ul class=\"wp-block-list\"><li>Singita Explore : vous s\u00e9journerez dans des tentes tout confort pour une d\u00e9connexion totale.<\/li><li>Sabory Luxury Camp : en plus des tentes de luxe, vous pourrez profiter de la piscine pour vous relaxer apr\u00e8s un safari.<\/li><\/ul>\n\n\n\n<h3 class=\"wp-block-heading\"><strong>Les lodges<\/strong><\/h3>\n\n\n\n<p>La r\u00e9serve de Grumeti vous propose deux lodges \u00e0 choisir selon vos envies :<\/p>\n\n\n\n<ul class=\"wp-block-list\"><li>Faru Faru Lodge : depuis la piscine \u00e0 d\u00e9bordement, vous pourrez admirer le paysage exceptionnel de la r\u00e9serve de Grumeti.<\/li><li>Sasakwa luxury lodge : avec son style unique, ce lodge manoir vous transporte dans une autre \u00e9poque.<\/li><\/ul>\n\n\n\n<h3 class=\"wp-block-heading\"><strong>Les villas<\/strong><\/h3>\n\n\n\n<p>Pour ceux qui veulent un maximum d\u2019intimit\u00e9 au cours de leur s\u00e9jour, il est aussi possible de r\u00e9server une villa. \u00c9loign\u00e9 de tous, vous pourrez m\u00eame observer les z\u00e8bres qui viennent se nourrir \u00e0 proximit\u00e9 de la piscine.<\/p>\n\n\n\n<h2 class=\"wp-block-heading\"><span class=\"ez-toc-section\" id=\"la-reserve-de-grumeti-autres-informations-pratiques\"><\/span><strong>La r\u00e9serve de Grumeti : autres informations pratiques<\/strong><span class=\"ez-toc-section-end\"><\/span><\/h2>\n\n\n\n<h3 class=\"wp-block-heading\"><strong>G\u00e9ographie<\/strong><\/h3>\n\n\n\n<p>La r\u00e9serve de Grumeti se situe au nord de la Tanzanie, \u00e0 proximit\u00e9 du c\u00e9l\u00e8bre parc national Serengeti. <\/p>\n\n\n<div class=\"wp-block-image\">\n<figure class=\"aligncenter size-full\"><picture><source srcset=\"https:\/\/mistersafari.com\/fr\/wp-content\/uploads\/sites\/2\/zebres-grumeti.webp 1200w,https:\/\/mistersafari.com\/fr\/wp-content\/uploads\/sites\/2\/zebres-grumeti-300x175.webp 300w,https:\/\/mistersafari.com\/fr\/wp-content\/uploads\/sites\/2\/zebres-grumeti-1024x597.webp 1024w,https:\/\/mistersafari.com\/fr\/wp-content\/uploads\/sites\/2\/zebres-grumeti-768x448.webp 768w\" sizes=\"auto, (max-width: 1200px) 100vw, 1200px\" type=\"image\/webp\"><img src=\"https:\/\/mistersafari.com\/fr\/wp-content\/uploads\/sites\/2\/zebres-grumeti.png\" height=\"700\" width=\"1200\" srcset=\"https:\/\/mistersafari.com\/fr\/wp-content\/uploads\/sites\/2\/zebres-grumeti.png 1200w, https:\/\/mistersafari.com\/fr\/wp-content\/uploads\/sites\/2\/zebres-grumeti-300x175.png 300w, https:\/\/mistersafari.com\/fr\/wp-content\/uploads\/sites\/2\/zebres-grumeti-1024x597.png 1024w, https:\/\/mistersafari.com\/fr\/wp-content\/uploads\/sites\/2\/zebres-grumeti-768x448.png 768w\" sizes=\"auto, (max-width: 1200px) 100vw, 1200px\" class=\"wp-image-6897 sp-no-webp\" alt=\"\" loading=\"lazy\" decoding=\"async\"  > <\/picture><\/figure><\/div>\n\n\n<h3 class=\"wp-block-heading\"><strong>M\u00e9t\u00e9o<\/strong><\/h3>\n\n\n\n<p>La r\u00e9serve de Grumeti conna\u00eet une longue saison s\u00e8che qui se d\u00e9roule entre juin et octobre. \u00c0 cette p\u00e9riode, les temp\u00e9ratures sont de 25 en journ\u00e9e, et 17 degr\u00e9s le soir.<\/p>\n\n\n\n<p>Les temp\u00e9ratures sont sensiblement les m\u00eames pendant la saison humide, mais la grande diff\u00e9rence, ce sont les pluies intenses qui viennent s\u2019abattre sur la r\u00e9serve de Grumeti. En particulier entre mars et mai, o\u00f9 les pluies ne s&rsquo;arr\u00eatent quasiment jamais.<\/p>\n\n\n\n<h3 class=\"wp-block-heading\"><strong>Quand visiter ?<\/strong><\/h3>\n\n\n\n<p>La r\u00e9serve de Grumeti vous offre des conditions optimales tout au long de l\u2019ann\u00e9e. Mais s\u2019il faut choisir, nous vous recommandons la p\u00e9riode entre mai et juin. Et pour cause, \u00e0 cette p\u00e9riode, la m\u00e9t\u00e9o est agr\u00e9able, l\u2019observation des animaux est ais\u00e9e, et surtout, c\u2019est la grande migration des gnous, des z\u00e8bres et des gazelles.<\/p>\n\n\n\n<h2 class=\"wp-block-heading\"><span class=\"ez-toc-section\" id=\"faq\"><\/span><strong>FAQ<\/strong><span class=\"ez-toc-section-end\"><\/span><\/h2>\n\n\n<div id=\"rank-math-faq\" class=\"rank-math-block\">\n<div class=\"rank-math-list \">\n<div id=\"faq-question-1666886883575\" class=\"rank-math-list-item\">\n<h3 class=\"rank-math-question \"><strong>O\u00f9 se trouve la r\u00e9serve de Grumeti ?<\/strong><\/h3>\n<div class=\"rank-math-answer \">\n\n<p>La r\u00e9serve de Grumeti se situe au nord de la Tanzanie \u00e0 proximit\u00e9 du parc national de Serengiti et la r\u00e9serve naturelle d&rsquo;Ikorongo.<\/p>\n\n<\/div>\n<\/div>\n<div id=\"faq-question-1666886887776\" class=\"rank-math-list-item\">\n<h3 class=\"rank-math-question \"><strong>Combien co\u00fbte l\u2019entr\u00e9e \u00e0 la r\u00e9serve de Grumeti ?<\/strong><\/h3>\n<div class=\"rank-math-answer \">\n\n<p>Le tarif d&rsquo;entr\u00e9e \u00e0 la r\u00e9serve de Grumeti d\u00e9pend de votre lodge et des activit\u00e9s que vous envisagez de faire.<\/p>\n\n<\/div>\n<\/div>\n<div id=\"faq-question-1666886900984\" class=\"rank-math-list-item\">\n<h3 class=\"rank-math-question \"><strong>Quels animaux peut-on voir \u00e0 la r\u00e9serve de Grumeti ?<\/strong><\/h3>\n<div class=\"rank-math-answer \">\n\n<p>Vous pourrez observer au sein de la r\u00e9serve de Grumeti tous les membres des Big Five, des gu\u00e9pards, des crocodiles, des hy\u00e8nes, des chacals, des chiens sauvages, des girafes, des antilopes, et bien d\u2019autres.<\/p>\n\n<\/div>\n<\/div>\n<\/div>\n<\/div>","protected":false},"excerpt":{"rendered":"<p>140 000 hectares de nature sauvage \u00e0 l\u2019\u00e9tat pur, c\u2019est ce que vous propose la r\u00e9serve de Grumeti. Au programme : safari \u00e0 pied ou en 4*4, observation des animaux sauvages, vol en montgolfi\u00e8re, et bien d\u2019autres. Bref, un s\u00e9jour que vous n\u2019\u00eates pas pr\u00eat d\u2019oublier. Pourquoi se rendre \u00e0 la r\u00e9serve de Grumeti ? &#8230; <a title=\"R\u00e9serve Priv\u00e9e de Grumeti\" class=\"read-more\" href=\"https:\/\/mistersafari.com\/fr\/safari-tanzanie\/parcs-reserves\/reserve-grumeti\/\" aria-label=\"En savoir plus sur R\u00e9serve Priv\u00e9e de Grumeti\">Lire la suite<\/a><\/p>\n","protected":false},"author":3,"featured_media":6920,"parent":934,"menu_order":0,"comment_status":"closed","ping_status":"closed","template":"","meta":{"_acf_changed":false,"footnotes":""},"content_type":[23],"country":[40],"class_list":{"0":"post-6892","1":"page","2":"type-page","3":"status-publish","4":"has-post-thumbnail","6":"content_type-parc","7":"country-tanzanie","8":"no-featured-image-padding"},"acf":{"hreflang":[{"alternative_url":"https:\/\/mistersafari.com\/grumeti-game-reserve\/","language":"en"}]},"_links":{"self":[{"href":"https:\/\/mistersafari.com\/fr\/wp-json\/wp\/v2\/pages\/6892","targetHints":{"allow":["GET"]}}],"collection":[{"href":"https:\/\/mistersafari.com\/fr\/wp-json\/wp\/v2\/pages"}],"about":[{"href":"https:\/\/mistersafari.com\/fr\/wp-json\/wp\/v2\/types\/page"}],"author":[{"embeddable":true,"href":"https:\/\/mistersafari.com\/fr\/wp-json\/wp\/v2\/users\/3"}],"replies":[{"embeddable":true,"href":"https:\/\/mistersafari.com\/fr\/wp-json\/wp\/v2\/comments?post=6892"}],"version-history":[{"count":23,"href":"https:\/\/mistersafari.com\/fr\/wp-json\/wp\/v2\/pages\/6892\/revisions"}],"predecessor-version":[{"id":6931,"href":"https:\/\/mistersafari.com\/fr\/wp-json\/wp\/v2\/pages\/6892\/revisions\/6931"}],"up":[{"embeddable":true,"href":"https:\/\/mistersafari.com\/fr\/wp-json\/wp\/v2\/pages\/934"}],"wp:featuredmedia":[{"embeddable":true,"href":"https:\/\/mistersafari.com\/fr\/wp-json\/wp\/v2\/media\/6920"}],"wp:attachment":[{"href":"https:\/\/mistersafari.com\/fr\/wp-json\/wp\/v2\/media?parent=6892"}],"wp:term":[{"taxonomy":"content_type","embeddable":true,"href":"https:\/\/mistersafari.com\/fr\/wp-json\/wp\/v2\/content_type?post=6892"},{"taxonomy":"country","embeddable":true,"href":"https:\/\/mistersafari.com\/fr\/wp-json\/wp\/v2\/country?post=6892"}],"curies":[{"name":"wp","href":"https:\/\/api.w.org\/{rel}","templated":true}]}}