{"id":6844,"date":"2022-10-27T15:34:55","date_gmt":"2022-10-27T15:34:55","guid":{"rendered":"https:\/\/mistersafari.com\/fr\/?page_id=6844"},"modified":"2022-11-02T17:04:24","modified_gmt":"2022-11-02T17:04:24","slug":"reserve-timbavati","status":"publish","type":"page","link":"https:\/\/mistersafari.com\/fr\/safari-afrique-du-sud\/parcs-reserves\/reserve-timbavati\/","title":{"rendered":"R\u00e9serve Priv\u00e9e de Timbavati"},"content":{"rendered":"\n<p><em>\u00ab Le lieu o\u00f9 quelque chose de sacr\u00e9 est descendu sur Terre depuis les Cieux \u00bb<\/em>. Voici la signification du nom de Timbavati. Et l\u2019on peut dire que la r\u00e9serve le porte tr\u00e8s bien. Alors qu\u2019y a-t-il \u00e0 voir dans la r\u00e9serve priv\u00e9e de Timbavati ? D\u00e9couvrez dans ce guide tout ce que vous devez savoir sur cette r\u00e9serve mythique.<\/p>\n\n\n<div id=\"ez-toc-container\" class=\"ez-toc-v2_0_76 counter-flat ez-toc-counter ez-toc-custom ez-toc-container-direction\">\n<div class=\"ez-toc-title-container\"><p class=\"ez-toc-title\" style=\"cursor:inherit\">Sommaire<\/p>\n<\/div><nav><ul class='ez-toc-list ez-toc-list-level-1 ' ><li class='ez-toc-page-1'><a class=\"ez-toc-link ez-toc-heading-1\" href=\"https:\/\/mistersafari.com\/fr\/safari-afrique-du-sud\/parcs-reserves\/reserve-timbavati\/#pourquoi-se-rendre-a-la-reserve-privee-de-timbavati\" >Pourquoi se rendre \u00e0 la R\u00e9serve Priv\u00e9e de Timbavati ?<\/a><\/li><li class='ez-toc-page-1'><a class=\"ez-toc-link ez-toc-heading-2\" href=\"https:\/\/mistersafari.com\/fr\/safari-afrique-du-sud\/parcs-reserves\/reserve-timbavati\/#tarif-et-reglementation\" >Tarif et r\u00e9glementation<\/a><\/li><li class='ez-toc-page-1'><a class=\"ez-toc-link ez-toc-heading-3\" href=\"https:\/\/mistersafari.com\/fr\/safari-afrique-du-sud\/parcs-reserves\/reserve-timbavati\/#comment-se-rendre-a-la-reserve-de-timbavati\" >Comment se rendre \u00e0 la R\u00e9serve de Timbavati ?<\/a><\/li><li class='ez-toc-page-1'><a class=\"ez-toc-link ez-toc-heading-4\" href=\"https:\/\/mistersafari.com\/fr\/safari-afrique-du-sud\/parcs-reserves\/reserve-timbavati\/#ou-dormir-a-la-reserve-de-timbavati\" >O\u00f9 dormir \u00e0 la R\u00e9serve de Timbavati ?<\/a><\/li><li class='ez-toc-page-1'><a class=\"ez-toc-link ez-toc-heading-5\" href=\"https:\/\/mistersafari.com\/fr\/safari-afrique-du-sud\/parcs-reserves\/reserve-timbavati\/#reserve-de-timbavati-autres-informations-pratiques\" >R\u00e9serve de Timbavati : autres informations pratiques<\/a><\/li><li class='ez-toc-page-1'><a class=\"ez-toc-link ez-toc-heading-6\" href=\"https:\/\/mistersafari.com\/fr\/safari-afrique-du-sud\/parcs-reserves\/reserve-timbavati\/#faq\" >FAQ<\/a><\/li><\/ul><\/nav><\/div>\n\n\n\n\n<h2 class=\"wp-block-heading\"><span class=\"ez-toc-section\" id=\"pourquoi-se-rendre-a-la-reserve-privee-de-timbavati\"><\/span><strong>Pourquoi se rendre \u00e0 la R\u00e9serve Priv\u00e9e de Timbavati ?<\/strong><span class=\"ez-toc-section-end\"><\/span><\/h2>\n\n\n\n<h3 class=\"wp-block-heading\"><strong>Les safari<\/strong>s<\/h3>\n\n\n\n<p>Il est impossible de se rendre dans la r\u00e9serve de Timbavati sans faire un safari. Et pour cause, c&rsquo;est l&rsquo;endroit id\u00e9al pour admirer les animaux sauvages et la beaut\u00e9 du paysage.<\/p>\n\n\n<div class=\"wp-block-image\">\n<figure class=\"aligncenter size-full\"><picture><source srcset=\"https:\/\/mistersafari.com\/fr\/wp-content\/uploads\/sites\/2\/safari-voiture-timbavati.webp 1200w,https:\/\/mistersafari.com\/fr\/wp-content\/uploads\/sites\/2\/safari-voiture-timbavati-300x175.webp 300w,https:\/\/mistersafari.com\/fr\/wp-content\/uploads\/sites\/2\/safari-voiture-timbavati-1024x597.webp 1024w,https:\/\/mistersafari.com\/fr\/wp-content\/uploads\/sites\/2\/safari-voiture-timbavati-768x448.webp 768w\" sizes=\"auto, (max-width: 1200px) 100vw, 1200px\" type=\"image\/webp\"><img src=\"https:\/\/mistersafari.com\/fr\/wp-content\/uploads\/sites\/2\/safari-voiture-timbavati.png\" height=\"700\" width=\"1200\" srcset=\"https:\/\/mistersafari.com\/fr\/wp-content\/uploads\/sites\/2\/safari-voiture-timbavati.png 1200w, https:\/\/mistersafari.com\/fr\/wp-content\/uploads\/sites\/2\/safari-voiture-timbavati-300x175.png 300w, https:\/\/mistersafari.com\/fr\/wp-content\/uploads\/sites\/2\/safari-voiture-timbavati-1024x597.png 1024w, https:\/\/mistersafari.com\/fr\/wp-content\/uploads\/sites\/2\/safari-voiture-timbavati-768x448.png 768w\" sizes=\"auto, (max-width: 1200px) 100vw, 1200px\" class=\"wp-image-6862 sp-no-webp\" alt=\"\" loading=\"lazy\" decoding=\"async\"  > <\/picture><\/figure><\/div>\n\n\n<p>De nombreux safaris sont donc organis\u00e9s par les lodges pour vous en faire profiter. G\u00e9n\u00e9ralement, ils proposent deux safaris par jour : un le matin et un l&rsquo;apr\u00e8s-midi.<\/p>\n\n\n\n<p>Le game park de Timbavati \u00e9tant tr\u00e8s vaste, vous aurez l\u2019occasion de d\u00e9couvrir une multitude de spots. Mais il est aussi possible que vous outrepassiez les fronti\u00e8res de la r\u00e9serve. En effet, Timbavati fait partie de l\u2019APNR (Associated Private Nature Reserves) qui r\u00e9unit d\u2019autres r\u00e9serves, comme celles de Klaserie, <a href=\"https:\/\/mistersafari.com\/fr\/safari-afrique-du-sud\/parcs-reserves\/balule-game-reserve\/\">Balule<\/a>, Umbabat et <a href=\"https:\/\/mistersafari.com\/fr\/safari-afrique-du-sud\/parcs-reserves\/reserve-thornybush\/\" data-type=\"page\" data-id=\"6950\">Thornybush<\/a>. <\/p>\n\n\n\n<p class=\"callout-green\">Par ailleurs, les cl\u00f4tures entre ces diff\u00e9rentes r\u00e9serves et le <a href=\"https:\/\/mistersafari.com\/fr\/safari-afrique-du-sud\/parcs-reserves\/parc-kruger\/\" data-type=\"page\" data-id=\"1113\">parc national de Kruger<\/a> ont \u00e9t\u00e9 \u00e9limin\u00e9es afin de favoriser la migration des animaux.<\/p>\n\n\n\n<h3 class=\"wp-block-heading\"><strong>La richesse faunique<\/strong><\/h3>\n\n\n\n<p>Entre ses 53 396 hectares de superficie et l\u2019absence de cl\u00f4ture avec le parc de Kruger, la r\u00e9serve de Timbavati accueille une diversit\u00e9 de faune sauvage impressionnante.<\/p>\n\n\n\n<p>Concr\u00e8tement, vous pourrez <a href=\"https:\/\/mistersafari.com\/fr\/safari-afrique-du-sud\/big-five\/\" data-type=\"page\" data-id=\"1650\">admirer les Big Five de l&rsquo;Afrique du Sud<\/a>, que sont le lion, le rhinoc\u00e9ros, le buffle, l&rsquo;\u00e9l\u00e9phant et le l\u00e9opard. Mais aussi des hippopotames, des girafes, des impalas, des singes, des hy\u00e8nes, etc. Sans oublier les 360 esp\u00e8ces d\u2019oiseaux qui peuplent le parc.<\/p>\n\n\n\n<p>Et surtout, la r\u00e9serve est r\u00e9put\u00e9e pour ses lions blancs. C\u2019est d\u2019ailleurs la seule r\u00e9serve animali\u00e8re o\u00f9 ils se reproduisent de mani\u00e8re naturelle. Alors pensez \u00e0 prendre votre cam\u00e9ra pour photographier ces b\u00eates majestueuses.<\/p>\n\n\n<div class=\"wp-block-image\">\n<figure class=\"aligncenter size-full\"><picture><source srcset=\"https:\/\/mistersafari.com\/fr\/wp-content\/uploads\/sites\/2\/lion-blac-timbavati.webp 1200w,https:\/\/mistersafari.com\/fr\/wp-content\/uploads\/sites\/2\/lion-blac-timbavati-300x200.webp 300w,https:\/\/mistersafari.com\/fr\/wp-content\/uploads\/sites\/2\/lion-blac-timbavati-1024x683.webp 1024w,https:\/\/mistersafari.com\/fr\/wp-content\/uploads\/sites\/2\/lion-blac-timbavati-768x512.webp 768w\" sizes=\"auto, (max-width: 1200px) 100vw, 1200px\" type=\"image\/webp\"><img src=\"https:\/\/mistersafari.com\/fr\/wp-content\/uploads\/sites\/2\/lion-blac-timbavati.png\" height=\"800\" width=\"1200\" srcset=\"https:\/\/mistersafari.com\/fr\/wp-content\/uploads\/sites\/2\/lion-blac-timbavati.png 1200w, https:\/\/mistersafari.com\/fr\/wp-content\/uploads\/sites\/2\/lion-blac-timbavati-300x200.png 300w, https:\/\/mistersafari.com\/fr\/wp-content\/uploads\/sites\/2\/lion-blac-timbavati-1024x683.png 1024w, https:\/\/mistersafari.com\/fr\/wp-content\/uploads\/sites\/2\/lion-blac-timbavati-768x512.png 768w\" sizes=\"auto, (max-width: 1200px) 100vw, 1200px\" class=\"wp-image-6854 sp-no-webp\" alt=\"\" loading=\"lazy\" decoding=\"async\"  > <\/picture><\/figure><\/div>\n\n\n<h3 class=\"wp-block-heading\"><strong>Les autres activit\u00e9s<\/strong><\/h3>\n\n\n\n<p>Outre le safari en 4*4 dans la r\u00e9serve priv\u00e9e de Timbavati, il existe d\u2019autres mani\u00e8res d\u2019observer la faune sauvage. Vous pourrez, en effet, opter pour le safari p\u00e9destre ou le safari nocturne. Ici, plus que jamais, vous aurez besoin d\u2019un guide. Il garantira votre s\u00e9curit\u00e9 et vous conduira vers les meilleurs spots d\u2019observation.<\/p>\n\n\n\n<p>En plus des safaris, vous pourrez \u00e9galement faire une escale au Blyde River Canyon. Autrement dit, le 3\u00e8me plus grand canyon au monde. Bien qu\u2019il ne soit pas directement localis\u00e9 dans la r\u00e9serve de Timbavati, il se trouve \u00e0 proximit\u00e9. Il serait donc dommage de ne pas en profiter.<\/p>\n\n\n\n<p>Enfin, nous vous conseillons le mus\u00e9e Graeme Naylor. Vous pourrez y d\u00e9couvrir l\u2019histoire naturelle de Timbavati et la grande vari\u00e9t\u00e9 des esp\u00e8ces y habitant.<\/p>\n\n\n\n<h2 class=\"wp-block-heading\"><span class=\"ez-toc-section\" id=\"tarif-et-reglementation\"><\/span><strong>Tarif et r\u00e9glementation<\/strong><span class=\"ez-toc-section-end\"><\/span><\/h2>\n\n\n\n<h3 class=\"wp-block-heading\"><strong>Tarifs<\/strong><\/h3>\n\n\n\n<p>Le tarif d&rsquo;entr\u00e9e \u00e0 la r\u00e9serve est de 190 rands pour une voiture. \u00c0 cela s\u2019ajoute le prix des lodges ou des camps et des diff\u00e9rentes activit\u00e9s pr\u00e9vues.<\/p>\n\n\n\n<h3 class=\"wp-block-heading\"><strong>R\u00e9glementation<\/strong><\/h3>\n\n\n\n<p>Le safari ouvre ses portes de 5h \u00e0 22h. Nous vous conseillons d\u2019arriver le matin pour r\u00e9aliser votre safari d\u00e8s l&rsquo;apr\u00e8s-midi.<\/p>\n\n\n\n<p class=\"callout-blue\">Dans tous les cas, vous devrez pr\u00e9senter vos documents d&rsquo;identit\u00e9 \u00e0 l&rsquo;entr\u00e9e du parc.<\/p>\n\n\n\n<h2 class=\"wp-block-heading\"><span class=\"ez-toc-section\" id=\"comment-se-rendre-a-la-reserve-de-timbavati\"><\/span><strong>Comment se rendre \u00e0 la R\u00e9serve de Timbavati ?<\/strong><span class=\"ez-toc-section-end\"><\/span><\/h2>\n\n\n\n<h3 class=\"wp-block-heading\"><strong>En voiture<\/strong><\/h3>\n\n\n\n<p>La r\u00e9serve de Timbavati \u00e9tant situ\u00e9e au nord de l&rsquo;Afrique du Sud, la route est tr\u00e8s longue pour s\u2019y rendre. Depuis Johannesburg, il faut pr\u00e9voir environ 7 heures pour arriver aux portes de la r\u00e9serve. En revanche, si vous pr\u00e9voyez de visiter plusieurs parcs (notamment le parc national de Kruger), la voiture est une excellente option.<\/p>\n\n\n<div class=\"wp-block-image\">\n<figure class=\"aligncenter size-full\"><picture><source srcset=\"https:\/\/mistersafari.com\/fr\/wp-content\/uploads\/sites\/2\/leopard-timbavati.webp 1200w,https:\/\/mistersafari.com\/fr\/wp-content\/uploads\/sites\/2\/leopard-timbavati-300x200.webp 300w,https:\/\/mistersafari.com\/fr\/wp-content\/uploads\/sites\/2\/leopard-timbavati-1024x683.webp 1024w,https:\/\/mistersafari.com\/fr\/wp-content\/uploads\/sites\/2\/leopard-timbavati-768x512.webp 768w\" sizes=\"auto, (max-width: 1200px) 100vw, 1200px\" type=\"image\/webp\"><img src=\"https:\/\/mistersafari.com\/fr\/wp-content\/uploads\/sites\/2\/leopard-timbavati.png\" height=\"800\" width=\"1200\" srcset=\"https:\/\/mistersafari.com\/fr\/wp-content\/uploads\/sites\/2\/leopard-timbavati.png 1200w, https:\/\/mistersafari.com\/fr\/wp-content\/uploads\/sites\/2\/leopard-timbavati-300x200.png 300w, https:\/\/mistersafari.com\/fr\/wp-content\/uploads\/sites\/2\/leopard-timbavati-1024x683.png 1024w, https:\/\/mistersafari.com\/fr\/wp-content\/uploads\/sites\/2\/leopard-timbavati-768x512.png 768w\" sizes=\"auto, (max-width: 1200px) 100vw, 1200px\" class=\"wp-image-6849 sp-no-webp\" alt=\"\" loading=\"lazy\" decoding=\"async\"  > <\/picture><\/figure><\/div>\n\n\n<h3 class=\"wp-block-heading\"><strong>Par avion<\/strong><\/h3>\n\n\n\n<p>Si vous pr\u00e9voyez de venir \u00e0 la r\u00e9serve de Timbavati en avion, il faudra vous arr\u00eater \u00e0 l\u2019a\u00e9roport Eastgate d\u2019Hoedspruit. De l\u00e0, vous pourrez demander le transfert jusqu&rsquo;\u00e0 votre lodge.<\/p>\n\n\n\n<p class=\"callout-green\">Sachez \u00e9galement que certains \u00e9tablissements disposent de leur propre piste d&rsquo;atterrissage. Il convient donc de vous renseigner en amont avant de r\u00e9server vos billets.<\/p>\n\n\n\n<h2 class=\"wp-block-heading\"><span class=\"ez-toc-section\" id=\"ou-dormir-a-la-reserve-de-timbavati\"><\/span><strong>O\u00f9 dormir \u00e0 la R\u00e9serve de Timbavati ?<\/strong><span class=\"ez-toc-section-end\"><\/span><\/h2>\n\n\n\n<p>La r\u00e9serve priv\u00e9e de Timbavati \u00e9tant tr\u00e8s populaire, elle vous propose de multiples offres d&rsquo;h\u00e9bergement. Vous pourrez ainsi dormir dans un lodge, comme le Simbavati River Lodge, le Simbavati Lodge, le Makanyi Game Lodge, le Masungulo Lodge, etc.<\/p>\n\n\n\n<p class=\"callout-green\">Nous vous conseillons vivement le Hilltop Lodge avec sa piscine \u00e0 d\u00e9bordement et sa vue sur la rivi\u00e8re.<\/p>\n\n\n\n<p>Vous pourrez \u00e9galement opter pour un camp. Et l\u00e0 encore, vous avez l\u2019embarras du choix : Simbavati Machaon Camp, Simbavati Trails Camp, Bateleur Safari Camp, Shindzela Tented Camp, Umlani bushcamp, etc.<\/p>\n\n\n\n<p>Si vous avez un budget serr\u00e9, optez plut\u00f4t pour le Shindzela Tented Camp.<\/p>\n\n\n\n<h2 class=\"wp-block-heading\"><span class=\"ez-toc-section\" id=\"reserve-de-timbavati-autres-informations-pratiques\"><\/span><strong>R\u00e9serve de Timbavati : autres informations pratiques<\/strong><span class=\"ez-toc-section-end\"><\/span><\/h2>\n\n\n\n<h3 class=\"wp-block-heading\"><strong>G\u00e9ographie<\/strong><\/h3>\n\n\n\n<p>La Timbavati Private Nature Reserve est situ\u00e9e dans la province de Mpumalanga, au nord de l\u2019Afrique du Sud.<\/p>\n\n\n<div class=\"wp-block-image\">\n<figure class=\"aligncenter size-full\"><picture><source srcset=\"https:\/\/mistersafari.com\/fr\/wp-content\/uploads\/sites\/2\/elephant-timbavati.webp 1200w,https:\/\/mistersafari.com\/fr\/wp-content\/uploads\/sites\/2\/elephant-timbavati-300x200.webp 300w,https:\/\/mistersafari.com\/fr\/wp-content\/uploads\/sites\/2\/elephant-timbavati-1024x683.webp 1024w,https:\/\/mistersafari.com\/fr\/wp-content\/uploads\/sites\/2\/elephant-timbavati-768x512.webp 768w\" sizes=\"auto, (max-width: 1200px) 100vw, 1200px\" type=\"image\/webp\"><img src=\"https:\/\/mistersafari.com\/fr\/wp-content\/uploads\/sites\/2\/elephant-timbavati.png\" height=\"800\" width=\"1200\" srcset=\"https:\/\/mistersafari.com\/fr\/wp-content\/uploads\/sites\/2\/elephant-timbavati.png 1200w, https:\/\/mistersafari.com\/fr\/wp-content\/uploads\/sites\/2\/elephant-timbavati-300x200.png 300w, https:\/\/mistersafari.com\/fr\/wp-content\/uploads\/sites\/2\/elephant-timbavati-1024x683.png 1024w, https:\/\/mistersafari.com\/fr\/wp-content\/uploads\/sites\/2\/elephant-timbavati-768x512.png 768w\" sizes=\"auto, (max-width: 1200px) 100vw, 1200px\" class=\"wp-image-6864 sp-no-webp\" alt=\"\" loading=\"lazy\" decoding=\"async\"  > <\/picture><\/figure><\/div>\n\n\n<h3 class=\"wp-block-heading\"><strong>M\u00e9t\u00e9o<\/strong><\/h3>\n\n\n\n<p>La r\u00e9serve de Timbavati se caract\u00e9rise par deux saisons :<\/p>\n\n\n\n<ul class=\"wp-block-list\"><li>La saison s\u00e8che : entre mars et novembre. Comme son nom l\u2019indique, les pluies se font plus rares et les temp\u00e9ratures sont plus cl\u00e9mentes.<\/li><li>La saison humide : entre d\u00e9cembre et f\u00e9vrier. \u00c0 cette p\u00e9riode, les pluies sont tr\u00e8s fr\u00e9quentes et la chaleur \u00e9touffante.<\/li><\/ul>\n\n\n\n<h3 class=\"wp-block-heading\"><strong>Quand visiter ?<\/strong><\/h3>\n\n\n\n<p>Le meilleur moment pour visiter la r\u00e9serve de Timbavati est sans aucun doute la saison s\u00e8che. Et pour cause, les animaux sauvages se r\u00e9unissent tous autour des points d\u2019eau, ce qui facilite leur observation.<\/p>\n\n\n\n<p>Cela dit, les passionn\u00e9s d\u2019ornithologie pr\u00e9f\u00e9reront la p\u00e9riode entre octobre et mars pour admirer les flux migratoires.<\/p>\n\n\n\n<h2 class=\"wp-block-heading\"><span class=\"ez-toc-section\" id=\"faq\"><\/span><strong>FAQ<\/strong><span class=\"ez-toc-section-end\"><\/span><\/h2>\n\n\n<div id=\"rank-math-faq\" class=\"rank-math-block\">\n<div class=\"rank-math-list \">\n<div id=\"faq-question-1666867961580\" class=\"rank-math-list-item\">\n<h3 class=\"rank-math-question \"><strong>O\u00f9 se trouve la R\u00e9serve de Timbavati ?<\/strong><\/h3>\n<div class=\"rank-math-answer \">\n\n<p>La Timbavati Private Nature Reserve au nord de l\u2019Afrique du Sud.<\/p>\n\n<\/div>\n<\/div>\n<div id=\"faq-question-1666867969663\" class=\"rank-math-list-item\">\n<h3 class=\"rank-math-question \"><strong>Combien co\u00fbte l\u2019entr\u00e9e \u00e0 la R\u00e9serve de Timbavati ?<\/strong><\/h3>\n<div class=\"rank-math-answer \">\n\n<p>Le prix pour l\u2019entr\u00e9e de Timbavati Game Reserve est de 190 rands par voiture.<\/p>\n\n<\/div>\n<\/div>\n<div id=\"faq-question-1666867985009\" class=\"rank-math-list-item\">\n<h3 class=\"rank-math-question \"><strong>Quels animaux peut-on voir \u00e0 la R\u00e9serve de Timbavati ?<\/strong><\/h3>\n<div class=\"rank-math-answer \">\n\n<p>La r\u00e9serve de Timbavati accueille les Big Five, des hippopotames, des girafes, des impalas, des singes, des hy\u00e8nes, et bien d\u2019autres esp\u00e8ces sauvages.<\/p>\n\n<\/div>\n<\/div>\n<\/div>\n<\/div>","protected":false},"excerpt":{"rendered":"<p>\u00ab Le lieu o\u00f9 quelque chose de sacr\u00e9 est descendu sur Terre depuis les Cieux \u00bb. Voici la signification du nom de Timbavati. Et l\u2019on peut dire que la r\u00e9serve le porte tr\u00e8s bien. Alors qu\u2019y a-t-il \u00e0 voir dans la r\u00e9serve priv\u00e9e de Timbavati ? D\u00e9couvrez dans ce guide tout ce que vous devez &#8230; <a title=\"R\u00e9serve Priv\u00e9e de Timbavati\" class=\"read-more\" href=\"https:\/\/mistersafari.com\/fr\/safari-afrique-du-sud\/parcs-reserves\/reserve-timbavati\/\" aria-label=\"En savoir plus sur R\u00e9serve Priv\u00e9e de Timbavati\">Lire la suite<\/a><\/p>\n","protected":false},"author":3,"featured_media":6891,"parent":1095,"menu_order":0,"comment_status":"closed","ping_status":"closed","template":"","meta":{"_acf_changed":false,"footnotes":""},"content_type":[23],"country":[29],"class_list":{"0":"post-6844","1":"page","2":"type-page","3":"status-publish","4":"has-post-thumbnail","6":"content_type-parc","7":"country-afrique-du-sud","8":"no-featured-image-padding"},"acf":{"hreflang":[{"alternative_url":"https:\/\/mistersafari.com\/timbavati-private-nature-reserve\/","language":"en"}]},"_links":{"self":[{"href":"https:\/\/mistersafari.com\/fr\/wp-json\/wp\/v2\/pages\/6844","targetHints":{"allow":["GET"]}}],"collection":[{"href":"https:\/\/mistersafari.com\/fr\/wp-json\/wp\/v2\/pages"}],"about":[{"href":"https:\/\/mistersafari.com\/fr\/wp-json\/wp\/v2\/types\/page"}],"author":[{"embeddable":true,"href":"https:\/\/mistersafari.com\/fr\/wp-json\/wp\/v2\/users\/3"}],"replies":[{"embeddable":true,"href":"https:\/\/mistersafari.com\/fr\/wp-json\/wp\/v2\/comments?post=6844"}],"version-history":[{"count":33,"href":"https:\/\/mistersafari.com\/fr\/wp-json\/wp\/v2\/pages\/6844\/revisions"}],"predecessor-version":[{"id":6981,"href":"https:\/\/mistersafari.com\/fr\/wp-json\/wp\/v2\/pages\/6844\/revisions\/6981"}],"up":[{"embeddable":true,"href":"https:\/\/mistersafari.com\/fr\/wp-json\/wp\/v2\/pages\/1095"}],"wp:featuredmedia":[{"embeddable":true,"href":"https:\/\/mistersafari.com\/fr\/wp-json\/wp\/v2\/media\/6891"}],"wp:attachment":[{"href":"https:\/\/mistersafari.com\/fr\/wp-json\/wp\/v2\/media?parent=6844"}],"wp:term":[{"taxonomy":"content_type","embeddable":true,"href":"https:\/\/mistersafari.com\/fr\/wp-json\/wp\/v2\/content_type?post=6844"},{"taxonomy":"country","embeddable":true,"href":"https:\/\/mistersafari.com\/fr\/wp-json\/wp\/v2\/country?post=6844"}],"curies":[{"name":"wp","href":"https:\/\/api.w.org\/{rel}","templated":true}]}}