{"id":684,"date":"2020-04-06T14:21:39","date_gmt":"2020-04-06T14:21:39","guid":{"rendered":"https:\/\/mistersafari.com\/fr\/?p=684"},"modified":"2021-05-11T10:08:06","modified_gmt":"2021-05-11T10:08:06","slug":"parc-tsavo-est-ouest","status":"publish","type":"page","link":"https:\/\/mistersafari.com\/fr\/safari-kenya\/parcs-reserves\/parc-tsavo-est-ouest\/","title":{"rendered":"Parc Tsavo (Est et Ouest)"},"content":{"rendered":"\n<p>Un des plus c\u00e9l\u00e8bres <a href=\"https:\/\/mistersafari.com\/fr\/safari-kenya\/parcs-reserves\/\" class=\"rank-math-link\">parcs du Kenya<\/a>, le Parc National de Tsavo s\u2019\u00e9tend sur presque 21 000 km2, ce qui en fait le plus grand parc animalier d\u2019Afrique. Il est en fait divis\u00e9 en deux : Tsavo Est et Tsavo Ouest, s\u00e9par\u00e9s par un chemin de fer reliant Nairobi \u00e0 Mombasa et la route A109. <\/p>\n\n\n\n<p>Avec des paysages tr\u00e8s contrast\u00e9s, la faune et la flore y sont tr\u00e8s riches et les deux parcs se compl\u00e8tent \u00e0 la perfection.&nbsp;Voici toutes les informations utiles \u00e0 la pr\u00e9paration de votre voyage au Parc National de Tsavo.&nbsp;<\/p>\n\n\n<div id=\"ez-toc-container\" class=\"ez-toc-v2_0_76 counter-flat ez-toc-counter ez-toc-custom ez-toc-container-direction\">\n<div class=\"ez-toc-title-container\"><p class=\"ez-toc-title\" style=\"cursor:inherit\">Sommaire<\/p>\n<\/div><nav><ul class='ez-toc-list ez-toc-list-level-1 ' ><li class='ez-toc-page-1'><a class=\"ez-toc-link ez-toc-heading-1\" href=\"https:\/\/mistersafari.com\/fr\/safari-kenya\/parcs-reserves\/parc-tsavo-est-ouest\/#pourquoi-se-rendre-au-parc-national-tsavo\">Pourquoi se rendre au Parc National Tsavo ?&nbsp;<\/a><\/li><li class='ez-toc-page-1'><a class=\"ez-toc-link ez-toc-heading-2\" href=\"https:\/\/mistersafari.com\/fr\/safari-kenya\/parcs-reserves\/parc-tsavo-est-ouest\/#comment-se-rendre-au-parc-national-de-tsavo\">Comment se rendre au Parc National de Tsavo ?&nbsp;<\/a><\/li><li class='ez-toc-page-1'><a class=\"ez-toc-link ez-toc-heading-3\" href=\"https:\/\/mistersafari.com\/fr\/safari-kenya\/parcs-reserves\/parc-tsavo-est-ouest\/#prix-dentree-du-parc-tsavo-et-reglementation\">Prix d&rsquo;entr\u00e9e du Parc Tsavo et r\u00e9glementation<\/a><\/li><li class='ez-toc-page-1'><a class=\"ez-toc-link ez-toc-heading-4\" href=\"https:\/\/mistersafari.com\/fr\/safari-kenya\/parcs-reserves\/parc-tsavo-est-ouest\/#ou-dormir-a-tsavo\">O\u00f9 dormir \u00e0 Tsavo ?&nbsp;<\/a><\/li><li class='ez-toc-page-1'><a class=\"ez-toc-link ez-toc-heading-5\" href=\"https:\/\/mistersafari.com\/fr\/safari-kenya\/parcs-reserves\/parc-tsavo-est-ouest\/#le-parc-national-de-tsavo-autres-informations\">Le Parc National de Tsavo : autres informations<\/a><\/li><\/ul><\/nav><\/div>\n\n\n\n\n<h2 class=\"wp-block-heading\"><span class=\"ez-toc-section\" id=\"pourquoi-se-rendre-au-parc-national-tsavo\"><\/span>Pourquoi se rendre au Parc National Tsavo ?&nbsp;<span class=\"ez-toc-section-end\"><\/span><\/h2>\n\n\n\n<h3 class=\"wp-block-heading\">Un safari \u00e0 Tsavo<\/h3>\n\n\n\n<p>Tsavo, aussi bien Est que Ouest, est peupl\u00e9 de nombreux troupeaux d\u2019\u00e9l\u00e9phants, caract\u00e9ris\u00e9s par leur d\u00e9fenses en ivoire particuli\u00e8rement longues.&nbsp; Ces grands mammif\u00e8res aiment se rouler dans la terre rouge vive de la partie Est du parc, se recouvrant ainsi d\u2019une boue rouge\u00e2tre. Tr\u00e8s photog\u00e9nique !<\/p>\n\n\n\n<p>Dans le Parc National de Tsavo, vous pourrez aussi observer de nombreux autres <a href=\"https:\/\/mistersafari.com\/fr\/safari-kenya\/animaux\/\" class=\"rank-math-link\">animaux du Kenya<\/a> : des buffles, des lions, des l\u00e9opards, des z\u00e8bres de Gr\u00e9vy, des generuks (gazelle girafe), des dicks-dicks, des oryx beixa, des cobes \u00e0 croissant, mais aussi des hippopotames plus pr\u00e8s des points d\u2019eau.&nbsp;<\/p>\n\n\n\n<p class=\"callout-green\"><strong>Le parc est aussi un paradis ornithologique avec plus de 500 esp\u00e8ces d\u2019oiseaux.&nbsp;<\/strong><\/p>\n\n\n\n<p>Le parc n\u2019est pas divis\u00e9 par des cl\u00f4tures, ce qui permet aux animaux de passer de l\u2019un \u00e0 l\u2019autre sans restriction.&nbsp;<\/p>\n\n\n\n<p>C\u00f4t\u00e9 flore, les deux parties du parc sont tr\u00e8s distinctes :<\/p>\n\n\n\n<ul class=\"wp-block-list\"><li>\u00c0 Tsavo Est, on est entour\u00e9 de larges plaines arides et d\u00e9sertiques, avec peu de v\u00e9g\u00e9tation et une terre rouge vive. <\/li><li>Tsavo Ouest est une r\u00e9gion volcanique, beaucoup plus vallonn\u00e9e, avec plusieurs coul\u00e9es de lave, mais surtout plus buissonneuse. Plusieurs rivi\u00e8res (Tsavo, Athi, Galana,&#8230;) attirent et regroupent les animaux.&nbsp;<\/li><\/ul>\n\n\n\n<p>Le parc mesurant au total plusieurs milliers de km2, il faudra parfois rouler plusieurs heures avant de pouvoir voir des animaux. L\u2019avantage est que vous avez peu de chance de croiser d\u2019autres v\u00e9hicules, contrairement \u00e0 d\u2019autres parcs ou r\u00e9serves du Kenya comme <a href=\"https:\/\/mistersafari.com\/fr\/safari-kenya\/parcs-reserves\/masai-mara\/\" class=\"rank-math-link\">Masai Mara<\/a> ou <a href=\"https:\/\/mistersafari.com\/fr\/safari-kenya\/parcs-reserves\/parc-amboseli\/\" class=\"rank-math-link\">Amboseli<\/a>. Cela rend le safari vraiment sauvage et unique.&nbsp;<\/p>\n\n\n\n<p>Malgr\u00e9 la vaste \u00e9tendue du parc, les points d\u2019eau et le manque de v\u00e9g\u00e9tation facilitent l&rsquo;observation des animaux.&nbsp;<\/p>\n\n\n\n<h3 class=\"wp-block-heading\">Les autres activit\u00e9s dans le parc national Tsavo<\/h3>\n\n\n\n<p>Le parc Tsavo pr\u00e9sente de nombreux autres points d\u2019int\u00e9r\u00eats. En voici quelques uns.&nbsp;<\/p>\n\n\n\n<h4 class=\"wp-block-heading\">Mzima Springs<\/h4>\n\n\n\n<p>Dans le Parc National de Tsavo Ouest, les Mzima Springs offrent un spectacle atypique. Ce sont quatre sources naturelles dot\u00e9es d\u2019une eau claire et transparente, qui cr\u00e9ent un v\u00e9ritable oasis de verdure en pleine savane africaine. On y acc\u00e8de par un chemin \u00e0 pieds, accompagn\u00e9 d\u2019un guide local.<\/p>\n\n\n\n<p class=\"callout-green\"><strong>Bien sur, ce lieu est habit\u00e9 par les crocodiles et les hippopotames que vous pourrez contempler depuis un petit observatoire sous-marin.&nbsp;<\/strong><\/p>\n\n\n\n<p>Des singes et de nombreux oiseaux dont des cormorans sont aussi pr\u00e9sents.<\/p>\n\n\n\n<h4 class=\"wp-block-heading\">Taita Hills<\/h4>\n\n\n\n<p>Il s\u2019agit d\u2019un sanctuaire prot\u00e9g\u00e9 d\u2019une centainte de km2, g\u00e9r\u00e9 par une r\u00e9serve priv\u00e9e et situ\u00e9 sur une cha\u00eene montagneuse \u00e0 environ 2200 m\u00e8tres d\u2019altitude. On s\u2019y arr\u00eate pour la beaut\u00e9 des paysages et les animaux venant s\u2019abreuver aux points d\u2019eau.&nbsp;<\/p>\n\n\n\n<p>Vous pouvez aussi vous rendre dans l\u2019un des villages de Taita Hills, rencontrer les habitants, visiter le village et l\u2019\u00e9cole et d\u00e9couvrir leur culture.&nbsp;<\/p>\n\n\n\n<h4 class=\"wp-block-heading\">Plateau de Yatta<\/h4>\n\n\n\n<p>C\u2019est ici que vous pourrez observer l\u2019une des plus longues coul\u00e9es de lave au monde qui provient du volcan Ol Donyo Sabuk, aujourd\u2019hui \u00e9teint. Le paysage est spectaculaire et vaut le d\u00e9tour.&nbsp;<\/p>\n\n\n\n<h2 class=\"wp-block-heading\"><span class=\"ez-toc-section\" id=\"comment-se-rendre-au-parc-national-de-tsavo\"><\/span>Comment se rendre au Parc National de Tsavo ?&nbsp;<span class=\"ez-toc-section-end\"><\/span><\/h2>\n\n\n\n<p>Plusieurs options existent pour vous rendre au Parc National de Tsavo. Le parc \u00e9tant particuli\u00e8rement vaste, cela va surtout d\u00e9pendre d\u2019o\u00f9 vous arrivez.&nbsp;<\/p>\n\n\n\n<ul class=\"wp-block-list\"><li><strong>Par avion<\/strong> : Plusieurs pistes d&rsquo;atterrissage priv\u00e9es permettent de se rendre en avion \u00e0 Tsavo, au d\u00e9part de Nairobi par exemple. Il faudra alors faire appel \u00e0 des guides priv\u00e9s. Les prix sont relativement \u00e9lev\u00e9s.&nbsp;<\/li><\/ul>\n\n\n\n<ul class=\"wp-block-list\"><li>Par voiture : C\u2019est l\u2019option la plus utilis\u00e9e. Le parc Tsavo est \u00e0 peu pr\u00e8s \u00e0 \u00e9gale distance entre Nairobi et Mombasa, soit environ 250 km. La dur\u00e9e du trajet va surtout d\u00e9pendre de votre lieu de d\u00e9part et de la porte par laquelle vous p\u00e9n\u00e9trez le parc.&nbsp;<\/li><\/ul>\n\n\n\n<p>Entre les deux parcs, vous pourrez choisir parmi plusieurs portes d\u2019entr\u00e9e :<\/p>\n\n\n\n<ul class=\"wp-block-list\"><li>la porte Mtito Andei, la plus facilement accessible depuis Nairobi<\/li><li>la porte Tsavo, pr\u00e8s de Manyani, la plus facilement accessible depuis Mombasa<\/li><li>la porte Chyulu, si vous venez du <a href=\"https:\/\/mistersafari.com\/fr\/safari-kenya\/parcs-reserves\/parc-amboseli\/\" class=\"rank-math-link\">Parc National d\u2019Amboseli<\/a><\/li><li>les portes Lake Jipe, Maktau ou Ziwani depuis la route Taveta \/ Voi<\/li><li>la porte Sala, pour Tsavo Est<\/li><\/ul>\n\n\n\n<h2 class=\"wp-block-heading\"><span class=\"ez-toc-section\" id=\"prix-dentree-du-parc-tsavo-et-reglementation\"><\/span>Prix d&rsquo;entr\u00e9e du Parc Tsavo et r\u00e9glementation<span class=\"ez-toc-section-end\"><\/span><\/h2>\n\n\n\n<h3 class=\"wp-block-heading\">Le prix d\u2019entr\u00e9e du parc<\/h3>\n\n\n\n<p>A chaque porte d\u2019entr\u00e9e, il vous sera demand\u00e9 de r\u00e9gler un tarif d\u2019entr\u00e9e de :&nbsp;<\/p>\n\n\n\n<ul class=\"wp-block-list\"><li>$52 par adulte<\/li><li>$35 par enfant<\/li><\/ul>\n\n\n\n<p>Ces tickets d\u2019entr\u00e9e sont valables pour une dur\u00e9e de 24h.&nbsp;<\/p>\n\n\n\n<p class=\"callout-yellow\">Toute sortie est d\u00e9finitive et vous devrez vous affranchir de nouveau du prix d\u2019entr\u00e9e si vous souhaitez revenir dans le parc.&nbsp;&nbsp;<\/p>\n\n\n\n<h3 class=\"wp-block-heading\">La r\u00e9glementation \u00e0 l\u2019int\u00e9rieur du parc Tsavo&nbsp;<\/h3>\n\n\n\n<p>Tout comme les autres <a href=\"https:\/\/mistersafari.com\/fr\/safari-kenya\/parcs-reserves\/\" class=\"rank-math-link\">parcs et r\u00e9serves du Ke<\/a><a class=\"rank-math-link\" href=\"https:\/\/mistersafari.com\/fr\/safari-kenya\/parcs-reserves\/\">n<\/a><a class=\"rank-math-link\" href=\"http:\/\/lien\">ya<\/a>, un certain nombre de r\u00e8gles sont \u00e0 respecter. Elles concernent aussi bien la nature que les animaux et il s\u2019agit surtout de bon sens : garder de la distance avec les animaux, rester \u00e0 bord du v\u00e9hicule, limiter le bruit, ne pas jeter vos d\u00e9chets, &#8230;<\/p>\n\n\n\n<h2 class=\"wp-block-heading\"><span class=\"ez-toc-section\" id=\"ou-dormir-a-tsavo\"><\/span>O\u00f9 dormir \u00e0 Tsavo ?&nbsp;<span class=\"ez-toc-section-end\"><\/span><\/h2>\n\n\n\n<p>Lors de votre visite du Parc National de Tsavo Est ou Ouest, vous pourrez choisir entre plusieurs types d\u2019h\u00e9bergement.<\/p>\n\n\n\n<h3 class=\"wp-block-heading\">Le camping<\/h3>\n\n\n\n<p>Certains organismes proposent des bivouacs encadr\u00e9s \u00e0 travers le parc Tsavo Ouest ou Est avec un h\u00e9bergement en tente. Il s\u2019agira alors de camping sauvage lors duquel votre campement sera surveill\u00e9 par le(s) rangers en charge de votre groupe.&nbsp; Si vous voyagez seul, vous pourrez camper sur des sites am\u00e9nag\u00e9s ou pr\u00e9vus pour le public.&nbsp;<\/p>\n\n\n\n<p>\u00c0 l\u2019Est, sur les bords de la rivi\u00e8re du Voi, le camping Ndolo dispose des \u00e9quipements sanitaires de base. Du c\u00f4t\u00e9 Ouest, les campings Kudu et Kenge se situent le long de la rivi\u00e8re Tsavo et plairont notamment aux randonneurs. Notez qu\u2019ils ne disposent pas de services de base.<\/p>\n\n\n\n<h3 class=\"wp-block-heading\">Les lodges&nbsp;<\/h3>\n\n\n\n<p>L&rsquo;alternative au camping, et qui offrent plus de confort, ce sont les lodges. Plus ou moins luxueux, il s\u2019agit de camp de tentes en dur ou semi-dur, disposant \u00e9galement d\u2019un restaurant, d\u2019un bar, d\u2019une piscine et autres \u00e9quipements.&nbsp;<\/p>\n\n\n\n<p>Severin Safari Camp, dans le parc Tsavo Ouest, propose des tentes mont\u00e9es sur pilotis. Vous pouvez ainsi observer la savane et les animaux depuis votre tente. A l\u2019Est, l\u2019<a href=\"https:\/\/www.booking.com\/hotel\/ke\/ashnil-aruba-lodge.fr.html\" target=\"_blank\" aria-label=\" (opens in a new tab)\" rel=\"noreferrer noopener\" class=\"rank-math-link\">Ashnill Aruba Lodge<\/a> pla\u00eet pour sa situation en plein coeur du parc.<\/p>\n\n\n\n<h2 class=\"wp-block-heading\"><span class=\"ez-toc-section\" id=\"le-parc-national-de-tsavo-autres-informations\"><\/span>Le Parc National de Tsavo : autres informations<span class=\"ez-toc-section-end\"><\/span><\/h2>\n\n\n\n<h3 class=\"wp-block-heading\">G\u00e9ographie<\/h3>\n\n\n\n<p>Les pr\u00e8s de 20 000 km2 du Parc National de Tsavo se situe au Sud-Est du Kenya. Tsavo Est s\u2019\u00e9tend sur un peu plus de 13 000 km2, alors que Tsavo Ouest mesure 7 000 km2. L\u2019altitude est proche du niveau de la mer, contrairement au <a href=\"https:\/\/mistersafari.com\/fr\/safari-kenya\/parcs-reserves\/lac-nakuru\/\">lac Nakuru<\/a> ou au <a href=\"https:\/\/mistersafari.com\/fr\/safari-kenya\/parcs-reserves\/masai-mara\/\">Masai Mara<\/a> par exemple.&nbsp;&nbsp;<\/p>\n\n\n\n<p class=\"callout-green\"><strong>Du fait de sa grande superficie, les paysages y sont tr\u00e8s vari\u00e9s, avec aussi bien des collines volcaniques que des plaine rases.&nbsp;<\/strong> <\/p>\n\n\n\n<h3 class=\"wp-block-heading\">M\u00e9t\u00e9o<\/h3>\n\n\n\n<p>La proximit\u00e9 avec l\u2019Oc\u00e9an Indien conf\u00e8re au Parc National de Tsavo un climat chaud et humide.&nbsp; Le Parc Tsavo conna\u00eet deux saisons des pluies : la petite saison des pluies de Novembre \u00e0 D\u00e9cembre et la grande saison des pluies en Mars et Avril. C\u2019est \u00e0 ces moments que les temp\u00e9ratures sont les plus chaudes, avoisinant parfois les 40 degr\u00e9s.<\/p>\n\n\n\n<h3 class=\"wp-block-heading\">Quand visiter<\/h3>\n\n\n\n<p>Il est recommand\u00e9 de visiter le parc Tsavo durant la saison s\u00e8che, c\u2019est-\u00e0-dire de Juin \u00e0 Octobre et en Janvier et F\u00e9vrier. Les temp\u00e9ratures y sont plus cl\u00e9mentes et les herbes rases permettent d\u2019apercevoir les animaux plus facilement.&nbsp;<br><\/p>\n\n\n\n<p><em>Sa situation proche de l\u2019Oc\u00e9an Indien permet notamment de combiner un <\/em><a href=\"https:\/\/mistersafari.com\/fr\/safari-kenya\/\" class=\"rank-math-link\"><em>safari au Kenya<\/em><\/a><em> dans le parc Tsavo avec un s\u00e9jour sur les <\/em><a href=\"https:\/\/mistersafari.com\/fr\/safari-kenya\/plages\/\" class=\"rank-math-link\"><em>plus belles plages du pays<\/em><\/a><em>.<\/em><\/p>\n","protected":false},"excerpt":{"rendered":"<p>Un des plus c\u00e9l\u00e8bres parcs du Kenya, le Parc National de Tsavo s\u2019\u00e9tend sur presque 21 000 km2, ce qui en fait le plus grand parc animalier d\u2019Afrique. Il est en fait divis\u00e9 en deux : Tsavo Est et Tsavo Ouest, s\u00e9par\u00e9s par un chemin de fer reliant Nairobi \u00e0 Mombasa et la route A109. &#8230; <a title=\"Parc Tsavo (Est et Ouest)\" class=\"read-more\" href=\"https:\/\/mistersafari.com\/fr\/safari-kenya\/parcs-reserves\/parc-tsavo-est-ouest\/\" aria-label=\"En savoir plus sur Parc Tsavo (Est et Ouest)\">Lire la suite<\/a><\/p>\n","protected":false},"author":3,"featured_media":642,"parent":926,"menu_order":5,"comment_status":"closed","ping_status":"open","template":"","meta":{"_acf_changed":false,"footnotes":""},"content_type":[],"country":[],"class_list":{"0":"post-684","1":"page","2":"type-page","3":"status-publish","4":"has-post-thumbnail","6":"no-featured-image-padding"},"acf":{"hreflang":null},"_links":{"self":[{"href":"https:\/\/mistersafari.com\/fr\/wp-json\/wp\/v2\/pages\/684","targetHints":{"allow":["GET"]}}],"collection":[{"href":"https:\/\/mistersafari.com\/fr\/wp-json\/wp\/v2\/pages"}],"about":[{"href":"https:\/\/mistersafari.com\/fr\/wp-json\/wp\/v2\/types\/page"}],"author":[{"embeddable":true,"href":"https:\/\/mistersafari.com\/fr\/wp-json\/wp\/v2\/users\/3"}],"replies":[{"embeddable":true,"href":"https:\/\/mistersafari.com\/fr\/wp-json\/wp\/v2\/comments?post=684"}],"version-history":[{"count":11,"href":"https:\/\/mistersafari.com\/fr\/wp-json\/wp\/v2\/pages\/684\/revisions"}],"predecessor-version":[{"id":2276,"href":"https:\/\/mistersafari.com\/fr\/wp-json\/wp\/v2\/pages\/684\/revisions\/2276"}],"up":[{"embeddable":true,"href":"https:\/\/mistersafari.com\/fr\/wp-json\/wp\/v2\/pages\/926"}],"wp:featuredmedia":[{"embeddable":true,"href":"https:\/\/mistersafari.com\/fr\/wp-json\/wp\/v2\/media\/642"}],"wp:attachment":[{"href":"https:\/\/mistersafari.com\/fr\/wp-json\/wp\/v2\/media?parent=684"}],"wp:term":[{"taxonomy":"content_type","embeddable":true,"href":"https:\/\/mistersafari.com\/fr\/wp-json\/wp\/v2\/content_type?post=684"},{"taxonomy":"country","embeddable":true,"href":"https:\/\/mistersafari.com\/fr\/wp-json\/wp\/v2\/country?post=684"}],"curies":[{"name":"wp","href":"https:\/\/api.w.org\/{rel}","templated":true}]}}