{"id":680,"date":"2020-03-28T07:40:30","date_gmt":"2020-03-28T07:40:30","guid":{"rendered":"https:\/\/mistersafari.com\/fr\/?p=680"},"modified":"2021-04-12T08:24:09","modified_gmt":"2021-04-12T08:24:09","slug":"location-voiture","status":"publish","type":"page","link":"https:\/\/mistersafari.com\/fr\/safari-kenya\/location-voiture\/","title":{"rendered":"Louer une voiture au Kenya"},"content":{"rendered":"\n<p>La pr\u00e9paration de votre <a href=\"https:\/\/mistersafari.com\/fr\/safari-kenya\/\" class=\"rank-math-link\">safari au Kenya<\/a> implique aussi l\u2019organisation de vos d\u00e9placements. M\u00eame si le r\u00e9seau de bus dessert les grandes villes Kenyanes, louer une voiture est souvent n\u00e9cessaire pour vous rendre dans les <a href=\"https:\/\/mistersafari.com\/fr\/safari-kenya\/parcs-reserves\/\" class=\"rank-math-link\">parcs et r\u00e9serves du Kenya<\/a>. Quel v\u00e9hicule louer ? \u00c0 partir d\u2019o\u00f9 ? Avec un guide ou sans ? On vous dit tout sur la location de voiture au Kenya.<\/p>\n\n\n<div id=\"ez-toc-container\" class=\"ez-toc-v2_0_76 counter-flat ez-toc-counter ez-toc-custom ez-toc-container-direction\">\n<div class=\"ez-toc-title-container\"><p class=\"ez-toc-title\" style=\"cursor:inherit\">Sommaire<\/p>\n<\/div><nav><ul class='ez-toc-list ez-toc-list-level-1 ' ><li class='ez-toc-page-1'><a class=\"ez-toc-link ez-toc-heading-1\" href=\"https:\/\/mistersafari.com\/fr\/safari-kenya\/location-voiture\/#louer-une-voiture-au-kenya-la-meilleure-option-pour-votre-voyage\" >Louer une voiture au Kenya : la meilleure option pour votre voyage ?<\/a><\/li><li class='ez-toc-page-1'><a class=\"ez-toc-link ez-toc-heading-2\" href=\"https:\/\/mistersafari.com\/fr\/safari-kenya\/location-voiture\/#ou-et-comment-louer-sa-voiture\" >O\u00f9 et comment louer sa voiture ?<\/a><\/li><li class='ez-toc-page-1'><a class=\"ez-toc-link ez-toc-heading-3\" href=\"https:\/\/mistersafari.com\/fr\/safari-kenya\/location-voiture\/#combien-coute-la-location-dune-voiture-au-kenya\" >Combien co\u00fbte la location d\u2019une voiture au Kenya<\/a><\/li><\/ul><\/nav><\/div>\n\n\n\n\n<h2 class=\"wp-block-heading\"><span class=\"ez-toc-section\" id=\"louer-une-voiture-au-kenya-la-meilleure-option-pour-votre-voyage\"><\/span>Louer une voiture au Kenya : la meilleure option pour votre voyage ?<span class=\"ez-toc-section-end\"><\/span><\/h2>\n\n\n\n<h3 class=\"wp-block-heading\">Les avantages de la location d\u2019une voiture au Kenya<\/h3>\n\n\n\n<p>Que votre voyage soit d\u2019un safari ou un s\u00e9jour au soleil sur les plus belles plages du pays, louer une voiture au Kenya pr\u00e9sente plusieurs avantages :<\/p>\n\n\n\n<ul class=\"wp-block-list\"><li>l\u2019autonomie dans vos d\u00e9placements<\/li><li>l\u2019acc\u00e8s \u00e0 des r\u00e9gions plus isol\u00e9es<\/li><li>la possibilit\u00e9 de visiter plusieurs r\u00e9gions sans devoir multiplier les moyens de transport<\/li><\/ul>\n\n\n\n<h3 class=\"wp-block-heading\">Les inconv\u00e9nients<\/h3>\n\n\n\n<p>L&rsquo;inconv\u00e9nient principal de la location d\u2019une voiture au Kenya est son co\u00fbt. Il faudra prendre en compte d\u2019une part le tarif de la location mais aussi les frais d\u2019assurance et d&rsquo;assistance en cas d\u2019accident ou de panne. Les agences de location de voitures au Kenya n\u2019offrent pas toutes le m\u00eame niveau de service. Au Kenya, la location d\u2019un v\u00e9hicule \u00e0 un tarif plus \u00e9lev\u00e9 signifie souvent que l\u2019on obtiendra une voiture en meilleur \u00e9tat.&nbsp;<\/p>\n\n\n\n<p class=\"callout-orange\">Autre inconv\u00e9nient de la location de voiture au Kenya : le niveau de s\u00e9curit\u00e9 sur les routes.&nbsp;<\/p>\n\n\n\n<p>Entre les autres chauffeurs qui ne respectent pas forc\u00e9ment le code de la route, l\u2019\u00e9tat des infrastructures, les animaux sauvages, les cyclistes et les pi\u00e9tons, il vaut mieux \u00eatre un conducteur exp\u00e9riment\u00e9 et \u00eatre tr\u00e8s r\u00e9actif pour \u00e9viter l\u2019accident.<\/p>\n\n\n\n<p><em>Sachez aussi que certains lieux, et notamment la <\/em><a href=\"https:\/\/mistersafari.com\/fr\/safari-kenya\/parcs-reserves\/masai-mara\/\" class=\"rank-math-link\"><em>r\u00e9serve de Masa\u00ef Mara<\/em><\/a><em>, sont exclus des conditions de location des loueurs. Vous ne pourrez visiter la r\u00e9serve qu\u2019avec un guide et son v\u00e9hicule, comme le proposent la plupart des lodges.<\/em><\/p>\n\n\n\n<p>M\u00eame s\u2019ils sont en nette diminution, attention aussi au banditisme et \u00e0 la corruption si vous voyagez sans accompagnateur.<\/p>\n\n\n\n<h3 class=\"wp-block-heading\">Les alternatives<\/h3>\n\n\n\n<p>D\u2019autres alternatives sont possibles :<\/p>\n\n\n\n<ul class=\"wp-block-list\"><li><strong>Louer une voiture au Kenya avec un guide<\/strong>&nbsp; : Malgr\u00e9 un co\u00fbt un peu plus \u00e9lev\u00e9, c\u2019est une tr\u00e8s bonne option : moins de contraintes, plus de libert\u00e9, plus de s\u00e9curit\u00e9.<\/li><li><strong>Louer une moto&nbsp;<\/strong> : C\u2019est peu courant au Kenya, vous serez vite limit\u00e9 en termes d\u2019accessibilit\u00e9 et de confort.<\/li><li><strong>Faire du stop&nbsp;<\/strong>: Participations \u00e0 verser aux conducteurs locaux, raret\u00e9 des places dans les voitures de touristes de safari, peu de flexibilit\u00e9, \u2026 cette solution pr\u00e9sente selon nous peu d\u2019avantage. Aussi, pensez toujours \u00e0 consid\u00e9rer les risques de ce mode de transport.<\/li><li><strong>Utiliser les transports en commun&nbsp;<\/strong> : Le r\u00e9seau de bus est relativement bien desservi entre les grandes villes et le littoral, mais tr\u00e8s limit\u00e9 pour acc\u00e9der aux parcs et r\u00e9serves ou au nord du pays. Des vols int\u00e9rieurs entre les parcs et r\u00e9serves sont possibles, priv\u00e9s ou non, mais restent tr\u00e8s on\u00e9reux.&nbsp;<\/li><\/ul>\n\n\n\n<h2 class=\"wp-block-heading\"><span class=\"ez-toc-section\" id=\"ou-et-comment-louer-sa-voiture\"><\/span>O\u00f9 et comment louer sa voiture ?<span class=\"ez-toc-section-end\"><\/span><\/h2>\n\n\n\n<h3 class=\"wp-block-heading\">Sur place ou avant de partir ?<\/h3>\n\n\n\n<p>Vous pouvez louer votre v\u00e9hicule en ligne aupr\u00e8s des principales agences de location de voiture avant de partir au Kenya. Cela vous permet de comparer les prix et faire votre r\u00e9servation avant le d\u00e9part.&nbsp;<\/p>\n\n\n\n<p>Il existe aussi des loueurs locaux, pr\u00e9sents notamment \u00e0 l\u2019a\u00e9roport de Nairobi ou dans les grandes villes. La location d\u2019une voiture \u00e0 Nairobi ou au Kenya peut se faire au pr\u00e9alable, mais bien souvent uniquement par t\u00e9l\u00e9phone, ou alors directement sur place.&nbsp;<\/p>\n\n\n\n<h3 class=\"wp-block-heading\">Sous quelle formule ?&nbsp;<\/h3>\n\n\n\n<p>Vous pourrez passer directement par les agences de location de voiture, via une r\u00e9servation en ligne par exemple chez les loueurs pr\u00e9sents internationalement, ou par email ou t\u00e9l\u00e9phone chez les loueurs locaux.&nbsp; <\/p>\n\n\n\n<p>Certaines formules de voyage tout inclus comprennent la location de voiture, avec ou sans guide.&nbsp; Dans ce dernier cas, vous n\u2019aurez pas forc\u00e9ment le d\u00e9tail du tarif de votre voyage. Il est donc difficile de savoir s\u2019il est plus int\u00e9ressant de r\u00e9server seul ou par une agence de voyage.&nbsp;<\/p>\n\n\n\n<h3 class=\"wp-block-heading\">Quel type de voiture louer ?<\/h3>\n\n\n\n<p>Cela va d\u00e9pendre du type de voyage que vous souhaitez r\u00e9aliser et du circuit choisi.&nbsp;<\/p>\n\n\n\n<p>Pour un <a href=\"https:\/\/mistersafari.com\/fr\/safari-kenya\/\" class=\"rank-math-link\">safari au Kenya<\/a>, m\u00eame si les pistes des parcs et r\u00e9serves sont assez facilement praticables, vous devrez disposer d\u2019un v\u00e9hicule sur\u00e9lev\u00e9 et avec quatres roues motrices.&nbsp; <strong>Louer un 4&#215;4 au Kenya est un imp\u00e9ratif pour faire un safari seul.&nbsp;<\/strong><\/p>\n\n\n\n<p>Une voiture classique suffira si vous empruntez uniquement les principaux axes routiers, entre les grandes villes ou vers le littoral.&nbsp; Certains loueurs locaux proposent la location de van au Kenya ou bien de v\u00e9hicules avec une tente sur le toit. Ce sont des options \u00e0 envisager si vous optez pour l\u2019h\u00e9bergement en camping ou dans votre v\u00e9hicule.<\/p>\n\n\n\n<h3 class=\"wp-block-heading\">O\u00f9 r\u00e9cup\u00e9rer son v\u00e9hicule ?<\/h3>\n\n\n\n<p>V\u00e9rifiez o\u00f9 se trouvent les agences de location et les points de retrait des v\u00e9hicules. Ils sont plus ou moins \u00e9loign\u00e9s de l\u2019a\u00e9roport international.&nbsp; Les loueurs situ\u00e9s en dehors de l\u2019a\u00e9roport de Nairobi proposent des tarifs l\u00e9g\u00e8rement plus comp\u00e9titifs. Cela peut valoir le coup de se d\u00e9placer un peu plus loin pour aller r\u00e9cup\u00e9rer sa voiture.&nbsp;<\/p>\n\n\n\n<h3 class=\"wp-block-heading\">S\u2019approvisionner en essence<\/h3>\n\n\n\n<p>Le tarif de l\u2019essence au Kenya suit le cours mondial. Le prix au litre sera moins \u00e9lev\u00e9 en dehors de la capitale dans les r\u00e9gions facilement accessibles. Mais, d\u00e8s que vous vous \u00e9loignez dans des zones plus isol\u00e9es, les prix grimpent tr\u00e8s vite.&nbsp; Les stations essence se font rares dans les r\u00e9gions les plus recul\u00e9es. <\/p>\n\n\n\n<p class=\"callout-blue\">Pensez \u00e0 pr\u00e9voir un jerricane d\u2019essence suppl\u00e9mentaire dans votre voiture par pr\u00e9caution.&nbsp;<br><\/p>\n\n\n\n<h2 class=\"wp-block-heading\"><span class=\"ez-toc-section\" id=\"combien-coute-la-location-dune-voiture-au-kenya\"><\/span>Combien co\u00fbte la location d\u2019une voiture au Kenya<span class=\"ez-toc-section-end\"><\/span><\/h2>\n\n\n\n<p>Le prix de la location d\u2019une voiture au Kenya d\u00e9pend du mod\u00e8le de voiture, de la dur\u00e9e et de la formule de la location.&nbsp; Comptez environ :<\/p>\n\n\n\n<ul class=\"wp-block-list\"><li>65\u20ac\/jour minimum pour une voiture type berline<\/li><li>90\u20ac\/jour minimum pour un petit 4&#215;4<\/li><\/ul>\n\n\n\n<p>\u00c0 cela s\u2019ajoute le prix de l\u2019assurance, fortement recommand\u00e9e (sinon obligatoire !), qui s\u2019\u00e9l\u00e8ve \u00e0 une dizaine d\u2019euros par jour. Elle doit inclure le vol et les collisions. Mais sachez que les bris de vitre ou les dommages sur les roues restent \u00e0 la charge du locataire.&nbsp;<\/p>\n\n\n\n<p>Le dernier frais \u00e0 pr\u00e9voir est la franchise. Elle varie fortement selon les soci\u00e9t\u00e9s de location et le niveau de protection souhait\u00e9 : entre 15\u20ac et 1&nbsp;300&nbsp;\u20ac. V\u00e9rifiez bien les conditions du contrat.&nbsp;<\/p>\n\n\n\n<p>Enfin, certains loueurs proposent aussi les services d\u2019un chauffeur priv\u00e9. C\u2019est une pratique tr\u00e8s courante au Kenya. Cela vous co\u00fbtera quelques dizaines d\u2019euros par jour, mais c\u2019est une d\u00e9pense rapidement rentabilis\u00e9e et la garantie de davantage de tranquillit\u00e9 dans votre voyage.<\/p>\n","protected":false},"excerpt":{"rendered":"<p>La pr\u00e9paration de votre safari au Kenya implique aussi l\u2019organisation de vos d\u00e9placements. M\u00eame si le r\u00e9seau de bus dessert les grandes villes Kenyanes, louer une voiture est souvent n\u00e9cessaire pour vous rendre dans les parcs et r\u00e9serves du Kenya. Quel v\u00e9hicule louer ? \u00c0 partir d\u2019o\u00f9 ? Avec un guide ou sans ? On &#8230; <a title=\"Louer une voiture au Kenya\" class=\"read-more\" href=\"https:\/\/mistersafari.com\/fr\/safari-kenya\/location-voiture\/\" aria-label=\"En savoir plus sur Louer une voiture au Kenya\">Lire la suite<\/a><\/p>\n","protected":false},"author":3,"featured_media":641,"parent":924,"menu_order":5,"comment_status":"closed","ping_status":"closed","template":"","meta":{"_acf_changed":false,"footnotes":""},"content_type":[],"country":[],"class_list":{"0":"post-680","1":"page","2":"type-page","3":"status-publish","4":"has-post-thumbnail","6":"no-featured-image-padding"},"acf":{"hreflang":null},"_links":{"self":[{"href":"https:\/\/mistersafari.com\/fr\/wp-json\/wp\/v2\/pages\/680","targetHints":{"allow":["GET"]}}],"collection":[{"href":"https:\/\/mistersafari.com\/fr\/wp-json\/wp\/v2\/pages"}],"about":[{"href":"https:\/\/mistersafari.com\/fr\/wp-json\/wp\/v2\/types\/page"}],"author":[{"embeddable":true,"href":"https:\/\/mistersafari.com\/fr\/wp-json\/wp\/v2\/users\/3"}],"replies":[{"embeddable":true,"href":"https:\/\/mistersafari.com\/fr\/wp-json\/wp\/v2\/comments?post=680"}],"version-history":[{"count":5,"href":"https:\/\/mistersafari.com\/fr\/wp-json\/wp\/v2\/pages\/680\/revisions"}],"predecessor-version":[{"id":2228,"href":"https:\/\/mistersafari.com\/fr\/wp-json\/wp\/v2\/pages\/680\/revisions\/2228"}],"up":[{"embeddable":true,"href":"https:\/\/mistersafari.com\/fr\/wp-json\/wp\/v2\/pages\/924"}],"wp:featuredmedia":[{"embeddable":true,"href":"https:\/\/mistersafari.com\/fr\/wp-json\/wp\/v2\/media\/641"}],"wp:attachment":[{"href":"https:\/\/mistersafari.com\/fr\/wp-json\/wp\/v2\/media?parent=680"}],"wp:term":[{"taxonomy":"content_type","embeddable":true,"href":"https:\/\/mistersafari.com\/fr\/wp-json\/wp\/v2\/content_type?post=680"},{"taxonomy":"country","embeddable":true,"href":"https:\/\/mistersafari.com\/fr\/wp-json\/wp\/v2\/country?post=680"}],"curies":[{"name":"wp","href":"https:\/\/api.w.org\/{rel}","templated":true}]}}