{"id":6600,"date":"2022-06-13T11:14:31","date_gmt":"2022-06-13T11:14:31","guid":{"rendered":"https:\/\/mistersafari.com\/fr\/?page_id=6600"},"modified":"2022-06-13T11:14:32","modified_gmt":"2022-06-13T11:14:32","slug":"parc-transfrontalier-ai-ais-richtersveld","status":"publish","type":"page","link":"https:\/\/mistersafari.com\/fr\/safari-namibie\/parcs-reserves\/parc-transfrontalier-ai-ais-richtersveld\/","title":{"rendered":"Parc Transfrontier du Ai-Ais Richtersveld"},"content":{"rendered":"\n<p>Entre l\u2019Afrique du Sud et la Namibie se trouve le parc transfrontalier du Ai-Ais Richtersveld. \u00c0 l\u2019int\u00e9rieur de ces terres, vous d\u00e9couvrirez des paysages exceptionnels, des peintures rupestres datant de plusieurs milliers d\u2019ann\u00e9es, sans oublier des plantes uniques.<\/p>\n\n\n<div id=\"ez-toc-container\" class=\"ez-toc-v2_0_76 counter-flat ez-toc-counter ez-toc-custom ez-toc-container-direction\">\n<div class=\"ez-toc-title-container\"><p class=\"ez-toc-title\" style=\"cursor:inherit\">Sommaire<\/p>\n<\/div><nav><ul class='ez-toc-list ez-toc-list-level-1 ' ><li class='ez-toc-page-1'><a class=\"ez-toc-link ez-toc-heading-1\" href=\"https:\/\/mistersafari.com\/fr\/safari-namibie\/parcs-reserves\/parc-transfrontalier-ai-ais-richtersveld\/#pourquoi-se-rendre-au-parc-transfrontalier-du-ai-ais-richtersveld\" >Pourquoi se rendre au Parc transfrontalier du Ai-Ais Richtersveld ?<\/a><\/li><li class='ez-toc-page-1'><a class=\"ez-toc-link ez-toc-heading-2\" href=\"https:\/\/mistersafari.com\/fr\/safari-namibie\/parcs-reserves\/parc-transfrontalier-ai-ais-richtersveld\/#tarif-et-reglementation\" >Tarif et r\u00e9glementation<\/a><\/li><li class='ez-toc-page-1'><a class=\"ez-toc-link ez-toc-heading-3\" href=\"https:\/\/mistersafari.com\/fr\/safari-namibie\/parcs-reserves\/parc-transfrontalier-ai-ais-richtersveld\/#ou-dormir-au-parc-transfrontalier-du-ai-ais-richtersveld\" >O\u00f9 dormir au Parc transfrontalier du Ai-Ais Richtersveld ?<\/a><\/li><li class='ez-toc-page-1'><a class=\"ez-toc-link ez-toc-heading-4\" href=\"https:\/\/mistersafari.com\/fr\/safari-namibie\/parcs-reserves\/parc-transfrontalier-ai-ais-richtersveld\/#parc-transfrontalier-du-ai-ais-richtersveld-autres-informations-pratiques\" >Parc transfrontalier du Ai-Ais Richtersveld : autres informations pratiques<\/a><\/li><li class='ez-toc-page-1'><a class=\"ez-toc-link ez-toc-heading-5\" href=\"https:\/\/mistersafari.com\/fr\/safari-namibie\/parcs-reserves\/parc-transfrontalier-ai-ais-richtersveld\/#faq\" >FAQ<\/a><\/li><\/ul><\/nav><\/div>\n\n\n\n\n<h2 class=\"wp-block-heading\"><span class=\"ez-toc-section\" id=\"pourquoi-se-rendre-au-parc-transfrontalier-du-ai-ais-richtersveld\"><\/span>Pourquoi se rendre au Parc transfrontalier du Ai-Ais Richtersveld ?<span class=\"ez-toc-section-end\"><\/span><\/h2>\n\n\n\n<h3 class=\"wp-block-heading\">Une flore succulente<\/h3>\n\n\n\n<p>Avec une superficie de 162 000 hectares, le parc Ai Ais Richtersveld Transfrontier est particuli\u00e8rement r\u00e9put\u00e9 pour ses paysages d\u00e9sertiques. Mais n\u2019allez pas croire que vous ne verrez que des dunes de sable. Et pour cause, la flore y est aussi tr\u00e8s riche. D\u2019ailleurs, cet espace naturel abrite la plus grande vari\u00e9t\u00e9 de plantes dites succulentes (ou plantes grasses). C\u2019est justement pour cette raison que le parc de Richtersveld est prot\u00e9g\u00e9 par la Richtersveld Community Conservancy et inscrit au patrimoine mondial de l\u2019Unesco depuis 2007.<\/p>\n\n\n\n<p class=\"callout-green\">Pour admirer la richesse florale de la r\u00e9gion, nous vous conseillons de venir entre juin et octobre, pendant la p\u00e9riode des floraisons.<\/p>\n\n\n<div class=\"wp-block-image\">\n<figure class=\"aligncenter size-full\"><img loading=\"lazy\" decoding=\"async\" width=\"1200\" height=\"800\" src=\"https:\/\/mistersafari.com\/fr\/wp-content\/uploads\/sites\/2\/arbre-aux-carquois-ai-ais-richtersveld.jpg\" alt=\"\" class=\"wp-image-6616\" srcset=\"https:\/\/mistersafari.com\/fr\/wp-content\/uploads\/sites\/2\/arbre-aux-carquois-ai-ais-richtersveld.jpg 1200w, https:\/\/mistersafari.com\/fr\/wp-content\/uploads\/sites\/2\/arbre-aux-carquois-ai-ais-richtersveld-300x200.jpg 300w, https:\/\/mistersafari.com\/fr\/wp-content\/uploads\/sites\/2\/arbre-aux-carquois-ai-ais-richtersveld-1024x683.jpg 1024w, https:\/\/mistersafari.com\/fr\/wp-content\/uploads\/sites\/2\/arbre-aux-carquois-ai-ais-richtersveld-768x512.jpg 768w\" sizes=\"auto, (max-width: 1200px) 100vw, 1200px\" \/><figcaption>Arbre aux carquois de Namibie<\/figcaption><\/figure><\/div>\n\n\n<p>En plus de participer \u00e0 la beaut\u00e9 des paysages, ces plantes robustes servent \u00e9galement aux hommes. En effet, de nombreux pasteurs collectent les plantes m\u00e9dicinales pour leurs multiples bienfaits. C\u2019est ce qu\u2019on appelle le pastoralisme transhumant.<\/p>\n\n\n\n<h3 class=\"wp-block-heading\">Randonn\u00e9e \u00e0 travers le Fish River Canyon<\/h3>\n\n\n\n<p>Le parc Ai Ais Richtersveld Transfrontier est situ\u00e9 \u00e0 la fronti\u00e8re entre l\u2019Afrique du Sud et la Namibie. Et si vous allez du c\u00f4t\u00e9 namibien, ne ratez pas le<a href=\"https:\/\/mistersafari.com\/fr\/safari-namibie\/parcs-reserves\/fish-river-canyon\/\" data-type=\"page\" data-id=\"4174\"> Fish River Canyon<\/a>. Il s\u2019agit d\u2019un gouffre creus\u00e9 par la terre sur une centaine de kilom\u00e8tres de longueur et 27 kilom\u00e8tres de largeur. Ces dimensions impressionnantes en font le plus grand canyon d\u2019Afrique et le 2e au monde.<\/p>\n\n\n<div class=\"wp-block-image\">\n<figure class=\"aligncenter size-full\"><picture><source srcset=\"https:\/\/mistersafari.com\/fr\/wp-content\/uploads\/sites\/2\/canyon-riviere-fish.webp 1200w,https:\/\/mistersafari.com\/fr\/wp-content\/uploads\/sites\/2\/canyon-riviere-fish-300x198.webp 300w,https:\/\/mistersafari.com\/fr\/wp-content\/uploads\/sites\/2\/canyon-riviere-fish-1024x675.webp 1024w,https:\/\/mistersafari.com\/fr\/wp-content\/uploads\/sites\/2\/canyon-riviere-fish-768x506.webp 768w\" sizes=\"auto, (max-width: 1200px) 100vw, 1200px\" type=\"image\/webp\"><img src=\"https:\/\/mistersafari.com\/fr\/wp-content\/uploads\/sites\/2\/canyon-riviere-fish.jpg\" height=\"791\" width=\"1200\" srcset=\"https:\/\/mistersafari.com\/fr\/wp-content\/uploads\/sites\/2\/canyon-riviere-fish.jpg 1200w, https:\/\/mistersafari.com\/fr\/wp-content\/uploads\/sites\/2\/canyon-riviere-fish-300x198.jpg 300w, https:\/\/mistersafari.com\/fr\/wp-content\/uploads\/sites\/2\/canyon-riviere-fish-1024x675.jpg 1024w, https:\/\/mistersafari.com\/fr\/wp-content\/uploads\/sites\/2\/canyon-riviere-fish-768x506.jpg 768w\" sizes=\"auto, (max-width: 1200px) 100vw, 1200px\" class=\"wp-image-4185 sp-no-webp\" alt=\"fish river canyon\" loading=\"lazy\" decoding=\"async\"  > <\/picture><figcaption>Le Fish River Canyon<\/figcaption><\/figure><\/div>\n\n\n<p>Alors pour le d\u00e9couvrir, nous vous conseillons de partir en randonn\u00e9e p\u00e9destre. Vous pouvez partir pour quelques heures, une journ\u00e9e compl\u00e8te ou m\u00eame plus. Dans tous les cas, il est pr\u00e9f\u00e9rable de partir avec un guide.<\/p>\n\n\n\n<p>\u00c0 la fin de votre p\u00e9riple, rendez-vous aux sources chaudes d\u2019Ai-Ais pour vous baigner et vous d\u00e9tendre.<\/p>\n\n\n\n<p class=\"callout-blue\"><strong>Bon \u00e0 savoir :<\/strong> les sentiers p\u00e9destres ne sont ouverts qu\u2019en hiver, entre avril et septembre.<\/p>\n\n\n\n<h3 class=\"wp-block-heading\">Des p\u00e9troglyphes mill\u00e9naires<\/h3>\n\n\n\n<p>Le parc contient plusieurs sites arch\u00e9ologiques qui t\u00e9moignent de l\u2019adaptation de l\u2019homme \u00e0 cet espace naturel a priori hostile.<\/p>\n\n\n\n<p>Pour admirer ces vestiges, nous vous conseillons d\u2019abord de vous rendre pr\u00e8s de Tatasberg. Vous y verrez les premiers habitats humains qui datent de plus de 2 200 ans. En outre, les arch\u00e9ologues y retrouvent \u00e9galement des ossements d&rsquo;animaux de plus de 4 000 ans.<\/p>\n\n\n\n<p>Ensuite, continuez votre chemin le long du fleuve Orange. Ici, l\u2019histoire des chasseurs-cueilleurs est inscrite sur diff\u00e9rents p\u00e9troglyphes et peintures rupestres.<\/p>\n\n\n\n<h3 class=\"wp-block-heading\"><strong>Excursion en ba<\/strong>t<strong>eau<\/strong><\/h3>\n\n\n\n<p>En vous approchant du fleuve Orange qui traverse la r\u00e9serve, vous verrez une oasis de verdure ; le contraste est impressionnant avec les couleurs du d\u00e9sert.<\/p>\n\n\n<div class=\"wp-block-image\">\n<figure class=\"aligncenter size-full\"><img loading=\"lazy\" decoding=\"async\" width=\"1200\" height=\"800\" src=\"https:\/\/mistersafari.com\/fr\/wp-content\/uploads\/sites\/2\/orange-river-ai-ais-richtersveld.jpg\" alt=\"fleuve orange ai-ais richtersveld\" class=\"wp-image-6601\" srcset=\"https:\/\/mistersafari.com\/fr\/wp-content\/uploads\/sites\/2\/orange-river-ai-ais-richtersveld.jpg 1200w, https:\/\/mistersafari.com\/fr\/wp-content\/uploads\/sites\/2\/orange-river-ai-ais-richtersveld-300x200.jpg 300w, https:\/\/mistersafari.com\/fr\/wp-content\/uploads\/sites\/2\/orange-river-ai-ais-richtersveld-1024x683.jpg 1024w, https:\/\/mistersafari.com\/fr\/wp-content\/uploads\/sites\/2\/orange-river-ai-ais-richtersveld-768x512.jpg 768w\" sizes=\"auto, (max-width: 1200px) 100vw, 1200px\" \/><figcaption>Le fleuve Orange<\/figcaption><\/figure><\/div>\n\n\n<p>Mais pour admirer ce paysage, on vous recommande vivement l\u2019excursion \u00e0 bord d\u2019un bateau rivi\u00e8re. Vous pourrez alors vous relaxer, et m\u00eame pratiquer la p\u00eache \u00e0 la mouche.<\/p>\n\n\n\n<p>Pour ceux qui ont besoin d\u2019activit\u00e9 physique et d\u2019aventure, il y a aussi le cano\u00eb ou le rafting.<\/p>\n\n\n\n<h3 class=\"wp-block-heading\"><strong>Les autres activit\u00e9s<\/strong><\/h3>\n\n\n\n<p>Le parc national Ai-Ais Richtersveld Transfrontier, c\u2019est plus de 200 kilom\u00e8tres de terrains accident\u00e9s. \u00c0 ce titre, le 4*4 est le v\u00e9hicule indispensable. Si vous partez avec votre propre v\u00e9hicule, vous prendrez plaisir \u00e0 conduire sur ces routes hors du commun.<\/p>\n\n\n\n<p class=\"callout-green\">Mais au-del\u00e0 de la voiture, vous pouvez \u00e9galement d\u00e9couvrir le parc \u00e0 bord d\u2019un VTT.<\/p>\n\n\n\n<p>Enfin, les amateurs d\u2019ornithologie trouveront aussi leur bonheur, puisque le parc compte plus de 200 esp\u00e8ces. Pour mettre toutes les chances de votre c\u00f4t\u00e9 quant \u00e0 l\u2019observation des oiseaux, nous vous conseillons les abords du fleuve Orange.<\/p>\n\n\n\n<h2 class=\"wp-block-heading\"><span class=\"ez-toc-section\" id=\"tarif-et-reglementation\"><\/span>Tarif et r\u00e9glementation<span class=\"ez-toc-section-end\"><\/span><\/h2>\n\n\n\n<h3 class=\"wp-block-heading\"><strong>Tarifs<\/strong><\/h3>\n\n\n\n<p>Pour votre voyage au sein du parc transfrontalier du Ai-Ais Richtersveld, il faudra pr\u00e9voir :<\/p>\n\n\n\n<ul class=\"wp-block-list\"><li>272 rands par adulte et par jour (environ 16 \u20ac) ;<\/li><li>136 rands par enfant et par jour (environ 8 \u20ac)<\/li><\/ul>\n\n\n\n<h3 class=\"wp-block-heading\"><strong>R\u00e9glementation<\/strong><\/h3>\n\n\n\n<p>Lors de votre s\u00e9jour au parc transfrontalier du Ai-Ais Richtersveld, nous vous conseillons de respecter les r\u00e8gles suivantes :<\/p>\n\n\n\n<ul class=\"wp-block-list\"><li>Id\u00e9alement, d\u00e9placez-vous en convoi. En effet, les routes sont accident\u00e9es, sablonneuses et parfois profondes. Si vous partez seul, vous devrez signer un accord vous obligeant \u00e0 vous pr\u00e9senter \u00e0 la r\u00e9ception au moment de votre d\u00e9part. Et pour \u00e9viter les accidents, n\u2019oubliez pas la roue de secours.<\/li><li>Emmenez une bouteille d\u2019eau afin d\u2019\u00e9viter la d\u00e9shydratation due \u00e0 l\u2019aridit\u00e9.<\/li><li>Portez des chaussures ferm\u00e9es lors de vos randonn\u00e9es, afin d\u2019\u00e9viter les morsures de scorpion.<\/li><\/ul>\n\n\n\n<h2 class=\"wp-block-heading\"><span class=\"ez-toc-section\" id=\"ou-dormir-au-parc-transfrontalier-du-ai-ais-richtersveld\"><\/span>O\u00f9 dormir au Parc transfrontalier du Ai-Ais Richtersveld ?<span class=\"ez-toc-section-end\"><\/span><\/h2>\n\n\n\n<p>Il existe plusieurs options d\u2019h\u00e9bergement. Voici les plus courantes.<\/p>\n\n\n\n<h3 class=\"gb-headline gb-headline-07863f0d gb-headline-text\">Les camps<\/h3>\n\n\n\n<p>Les camps sont dispers\u00e9s partout dans le parc. Nous vous recommandons ceux-ci :<\/p>\n\n\n\n<ul class=\"wp-block-list\"><li>Kokerboomkloof : en plein milieu de la montagne, c\u2019est le meilleur h\u00e9bergement si vous venez pendant la saison hivernale.<\/li><li>Hiking Trails Base Camp : c\u2019est le lieu parfait pour vous reposer lors d\u2019un trekking de plusieurs jours.<\/li><\/ul>\n\n\n\n<h3 class=\"gb-headline gb-headline-3b71bd1e gb-headline-text\">Les lodges<\/h3>\n\n\n\n<p>Pour ceux qui pr\u00e9f\u00e8rent un s\u00e9jour luxueux, voici notre s\u00e9lection des meilleurs lodges :<\/p>\n\n\n\n<ul class=\"wp-block-list\"><li>Sendelings drift : il vous propose 10 unit\u00e9s parfaitement \u00e9quip\u00e9es pour votre confort.<\/li><li>Tatasberg and Gannakouriep Wilderness Camp : vous pourrez dormir dans des chalets surplombant le fleuve.<\/li><\/ul>\n\n\n\n<h3 class=\"gb-headline gb-headline-9b4a800c gb-headline-text\">Le camping<\/h3>\n\n\n\n<p>Et si vous partez en randonn\u00e9e p\u00e9destre pendant plusieurs jours, vous pourrez dormir dans les campings rustiques \u00e9parpill\u00e9s partout dans le parc. Vous retrouverez par exemple Potjiespram, De Hoop ou Richtersberg. Ici, vous b\u00e9n\u00e9ficierez du confort minimum pour une bonne nuit de sommeil.<\/p>\n\n\n\n<h2 class=\"wp-block-heading\"><span class=\"ez-toc-section\" id=\"parc-transfrontalier-du-ai-ais-richtersveld-autres-informations-pratiques\"><\/span>Parc transfrontalier du Ai-Ais Richtersveld : autres informations pratiques<span class=\"ez-toc-section-end\"><\/span><\/h2>\n\n\n\n<h3 class=\"wp-block-heading\">G\u00e9ographie<\/h3>\n\n\n\n<p>Le parc transfrontalier du Ai-Ais Richtersveld est situ\u00e9 dans la province du Cap Nord en Afrique du Sud, \u00e0 la fronti\u00e8re de la Namibie.<\/p>\n\n\n<div class=\"wp-block-image\">\n<figure class=\"aligncenter size-full\"><img loading=\"lazy\" decoding=\"async\" width=\"1200\" height=\"800\" src=\"https:\/\/mistersafari.com\/fr\/wp-content\/uploads\/sites\/2\/oreotrague-ai-ais-richtersveld.jpg\" alt=\"Or\u00e9otrague antelope\" class=\"wp-image-6621\" srcset=\"https:\/\/mistersafari.com\/fr\/wp-content\/uploads\/sites\/2\/oreotrague-ai-ais-richtersveld.jpg 1200w, https:\/\/mistersafari.com\/fr\/wp-content\/uploads\/sites\/2\/oreotrague-ai-ais-richtersveld-300x200.jpg 300w, https:\/\/mistersafari.com\/fr\/wp-content\/uploads\/sites\/2\/oreotrague-ai-ais-richtersveld-1024x683.jpg 1024w, https:\/\/mistersafari.com\/fr\/wp-content\/uploads\/sites\/2\/oreotrague-ai-ais-richtersveld-768x512.jpg 768w\" sizes=\"auto, (max-width: 1200px) 100vw, 1200px\" \/><figcaption>Or\u00e9otrague Namibien<\/figcaption><\/figure><\/div>\n\n\n<p>Les voyageurs pourront s\u2019y rendre par la route depuis Springbok qui se trouve \u00e0 326 kilom\u00e8tres. Mais attention, nous vous conseillons d\u2019y aller en 4*4, car les 80 derniers kilom\u00e8tres sont enti\u00e8rement faits de terre.<\/p>\n\n\n\n<h3 class=\"wp-block-heading\">M\u00e9t\u00e9o<\/h3>\n\n\n\n<p>La r\u00e9serve naturelle Ai-Ais Richtersveld est caract\u00e9ris\u00e9e par deux saisons :<\/p>\n\n\n\n<ul class=\"wp-block-list\"><li>\u00c9t\u00e9 : entre octobre et avril. \u00c0 cette p\u00e9riode, la temp\u00e9rature tourne autour de 28\u00ba, mais peut monter jusqu\u2019\u00e0 plus de 50\u00ba.<\/li><li>Hiver : de mai \u00e0 septembre. Les journ\u00e9es sont un peu plus fra\u00eeches et agr\u00e9ables.<\/li><\/ul>\n\n\n\n<p>Malgr\u00e9 ces deux saisons principales, la m\u00e9t\u00e9o du parc transfrontalier varie en fonction des zones. Par exemple, le Dsert Mountain conna\u00eet tr\u00e8s peu de pr\u00e9cipitation au cours de l\u2019ann\u00e9e (entre 45 \u00e0 200 mm annuels) et elles sont\u00a0 principalement concentr\u00e9es en hauteur.<\/p>\n\n\n\n<p>Par ailleurs, l\u2019ouest du parc est pluvieux en hiver, alors qu\u2019\u00e0 l\u2019est, c\u2019est en \u00e9t\u00e9 que les pr\u00e9cipitations sont les plus fr\u00e9quentes. Enfin, si vous allez dans le sud, vous pourrez faire face \u00e0 des vents violents.<\/p>\n\n\n\n<p>Cela dit, o\u00f9 que vous soyez, les temp\u00e9ratures seront toujours \u00e9lev\u00e9es.<\/p>\n\n\n\n<h3 class=\"wp-block-heading\">Quand visiter ?<\/h3>\n\n\n\n<p>Nous vous recommandons de partir en hiver. D\u2019une part, parce que de nombreux sentiers p\u00e9destres sont ferm\u00e9s entre octobre et mars. D\u2019autre part, parce que les temp\u00e9ratures sont plus agr\u00e9ables \u00e0 cette p\u00e9riode de l\u2019ann\u00e9e (m\u00eame si les matins et soir\u00e9es peuvent \u00eatre frais). Sans oublier, la saison des floraisons (entre juin et octobre) qui vous apportent des couleurs magnifiques.<\/p>\n\n\n\n<h2 class=\"wp-block-heading\"><span class=\"ez-toc-section\" id=\"faq\"><\/span>FAQ<span class=\"ez-toc-section-end\"><\/span><\/h2>\n\n\n<div id=\"rank-math-faq\" class=\"rank-math-block\">\n<div class=\"rank-math-list \">\n<div id=\"faq-question-1655116519769\" class=\"rank-math-list-item\">\n<h3 class=\"rank-math-question \">O\u00f9 se trouve le Parc transfrontalier du Ai-Ais Richtersveld ?<\/h3>\n<div class=\"rank-math-answer \">\n\n<p>Le parc transfrontalier du Ai-Ais Richtersveld est \u00e0 cheval entre l\u2019Afrique du Sud et la Namibie.<\/p>\n\n<\/div>\n<\/div>\n<div id=\"faq-question-1655116525063\" class=\"rank-math-list-item\">\n<h3 class=\"rank-math-question \">Combien co\u00fbte l\u2019entr\u00e9e au Parc transfrontalier du Ai-Ais Richtersveld ?<\/h3>\n<div class=\"rank-math-answer \">\n\n<p>L\u2019entr\u00e9e co\u00fbte 16 \u20ac par jour par adulte, et 8 \u20ac par jour par enfant.<\/p>\n\n<\/div>\n<\/div>\n<div id=\"faq-question-1655116532687\" class=\"rank-math-list-item\">\n<h3 class=\"rank-math-question \">Quels animaux peut-on voir ?<\/h3>\n<div class=\"rank-math-answer \">\n\n<p>De fait de l\u2019aridit\u00e9 des lieux, le parc transfrontalier du Ai-Ais Richtersveld n\u2019est pas particuli\u00e8rement r\u00e9put\u00e9 pour sa faune. Si vous ouvrez bien les yeux, vous pourrez toutefois apercevoir des z\u00e8bres de montagne, des suricates, ou des \u00e9cureuils.<\/p>\n\n<\/div>\n<\/div>\n<\/div>\n<\/div>","protected":false},"excerpt":{"rendered":"<p>Entre l\u2019Afrique du Sud et la Namibie se trouve le parc transfrontalier du Ai-Ais Richtersveld. \u00c0 l\u2019int\u00e9rieur de ces terres, vous d\u00e9couvrirez des paysages exceptionnels, des peintures rupestres datant de plusieurs milliers d\u2019ann\u00e9es, sans oublier des plantes uniques. Pourquoi se rendre au Parc transfrontalier du Ai-Ais Richtersveld ? Une flore succulente Avec une superficie de &#8230; <a title=\"Parc Transfrontier du Ai-Ais Richtersveld\" class=\"read-more\" href=\"https:\/\/mistersafari.com\/fr\/safari-namibie\/parcs-reserves\/parc-transfrontalier-ai-ais-richtersveld\/\" aria-label=\"En savoir plus sur Parc Transfrontier du Ai-Ais Richtersveld\">Lire la suite<\/a><\/p>\n","protected":false},"author":3,"featured_media":6612,"parent":3258,"menu_order":0,"comment_status":"closed","ping_status":"closed","template":"","meta":{"_acf_changed":false,"footnotes":""},"content_type":[23],"country":[42],"class_list":{"0":"post-6600","1":"page","2":"type-page","3":"status-publish","4":"has-post-thumbnail","6":"content_type-parc","7":"country-namibie","8":"no-featured-image-padding"},"acf":{"hreflang":[{"alternative_url":"https:\/\/mistersafari.com\/ai-ais-richtersveld-transfrontier\/","language":"en"}]},"_links":{"self":[{"href":"https:\/\/mistersafari.com\/fr\/wp-json\/wp\/v2\/pages\/6600","targetHints":{"allow":["GET"]}}],"collection":[{"href":"https:\/\/mistersafari.com\/fr\/wp-json\/wp\/v2\/pages"}],"about":[{"href":"https:\/\/mistersafari.com\/fr\/wp-json\/wp\/v2\/types\/page"}],"author":[{"embeddable":true,"href":"https:\/\/mistersafari.com\/fr\/wp-json\/wp\/v2\/users\/3"}],"replies":[{"embeddable":true,"href":"https:\/\/mistersafari.com\/fr\/wp-json\/wp\/v2\/comments?post=6600"}],"version-history":[{"count":23,"href":"https:\/\/mistersafari.com\/fr\/wp-json\/wp\/v2\/pages\/6600\/revisions"}],"predecessor-version":[{"id":6634,"href":"https:\/\/mistersafari.com\/fr\/wp-json\/wp\/v2\/pages\/6600\/revisions\/6634"}],"up":[{"embeddable":true,"href":"https:\/\/mistersafari.com\/fr\/wp-json\/wp\/v2\/pages\/3258"}],"wp:featuredmedia":[{"embeddable":true,"href":"https:\/\/mistersafari.com\/fr\/wp-json\/wp\/v2\/media\/6612"}],"wp:attachment":[{"href":"https:\/\/mistersafari.com\/fr\/wp-json\/wp\/v2\/media?parent=6600"}],"wp:term":[{"taxonomy":"content_type","embeddable":true,"href":"https:\/\/mistersafari.com\/fr\/wp-json\/wp\/v2\/content_type?post=6600"},{"taxonomy":"country","embeddable":true,"href":"https:\/\/mistersafari.com\/fr\/wp-json\/wp\/v2\/country?post=6600"}],"curies":[{"name":"wp","href":"https:\/\/api.w.org\/{rel}","templated":true}]}}