{"id":6539,"date":"2022-06-13T10:30:21","date_gmt":"2022-06-13T10:30:21","guid":{"rendered":"https:\/\/mistersafari.com\/fr\/?page_id=6539"},"modified":"2022-06-13T10:30:21","modified_gmt":"2022-06-13T10:30:21","slug":"parc-national-namib-naukluft","status":"publish","type":"page","link":"https:\/\/mistersafari.com\/fr\/safari-namibie\/parcs-reserves\/parc-national-namib-naukluft\/","title":{"rendered":"Parc National de Namib-Naukluft"},"content":{"rendered":"\n<p>Le parc national de Namib-Naukluft est particuli\u00e8rement connu pour ses grands espaces d\u00e9sertiques. Et pour cause, c\u2019est l\u2019un des d\u00e9serts les plus anciens de notre plan\u00e8te, mais aussi le plus grand parc d\u2019Afrique, et le quatri\u00e8me au monde.<\/p>\n\n\n<div id=\"ez-toc-container\" class=\"ez-toc-v2_0_76 counter-flat ez-toc-counter ez-toc-custom ez-toc-container-direction\">\n<div class=\"ez-toc-title-container\"><p class=\"ez-toc-title\" style=\"cursor:inherit\">Sommaire<\/p>\n<\/div><nav><ul class='ez-toc-list ez-toc-list-level-1 ' ><li class='ez-toc-page-1'><a class=\"ez-toc-link ez-toc-heading-1\" href=\"https:\/\/mistersafari.com\/fr\/safari-namibie\/parcs-reserves\/parc-national-namib-naukluft\/#pourquoi-se-rendre-au-parc-national-de-namib-naukluft\" >Pourquoi se rendre au parc national de Namib-Naukluft ?<\/a><\/li><li class='ez-toc-page-1'><a class=\"ez-toc-link ez-toc-heading-2\" href=\"https:\/\/mistersafari.com\/fr\/safari-namibie\/parcs-reserves\/parc-national-namib-naukluft\/#tarif-et-reglementation\" >Tarif et r\u00e9glementation<\/a><\/li><li class='ez-toc-page-1'><a class=\"ez-toc-link ez-toc-heading-3\" href=\"https:\/\/mistersafari.com\/fr\/safari-namibie\/parcs-reserves\/parc-national-namib-naukluft\/#ou-dormir-au-parc-national-de-namib-naukluft\" >O\u00f9 dormir au parc national de Namib-Naukluft ?<\/a><\/li><li class='ez-toc-page-1'><a class=\"ez-toc-link ez-toc-heading-4\" href=\"https:\/\/mistersafari.com\/fr\/safari-namibie\/parcs-reserves\/parc-national-namib-naukluft\/#parc-national-de-namib-naukluft-autres-informations-pratiques\" >Parc national de Namib-Naukluft : autres informations pratiques<\/a><\/li><li class='ez-toc-page-1'><a class=\"ez-toc-link ez-toc-heading-5\" href=\"https:\/\/mistersafari.com\/fr\/safari-namibie\/parcs-reserves\/parc-national-namib-naukluft\/#faq\" >FAQ<\/a><\/li><\/ul><\/nav><\/div>\n\n\n\n\n<h2 class=\"wp-block-heading\"><span class=\"ez-toc-section\" id=\"pourquoi-se-rendre-au-parc-national-de-namib-naukluft\"><\/span>Pourquoi se rendre au parc national de Namib-Naukluft ?<span class=\"ez-toc-section-end\"><\/span><\/h2>\n\n\n\n<h3 class=\"wp-block-heading\">Les magnifiques dunes de sable rouges<\/h3>\n\n\n\n<p>Le parc national de Namib-Naukluft est r\u00e9put\u00e9 pour ses dunes majestueuses de Sossusvlei et le d\u00e9sert du Namib.<\/p>\n\n\n\n<p>Lors de votre visite, commencez par le site de Sossusvlei, un immense d\u00e9sert constitu\u00e9 de sel et d&rsquo;argile. Ici, les dunes s\u2019\u00e9tendent \u00e0 perte de vue pour vous en offrir plein les yeux. Vous vous sentirez tout petit face \u00e0 la grandeur de cette nature unique.<\/p>\n\n\n<div class=\"wp-block-image\">\n<figure class=\"aligncenter size-full\"><picture><source srcset=\"https:\/\/mistersafari.com\/fr\/wp-content\/uploads\/sites\/2\/desert-namib-naukluft.webp 1200w,https:\/\/mistersafari.com\/fr\/wp-content\/uploads\/sites\/2\/desert-namib-naukluft-300x200.webp 300w,https:\/\/mistersafari.com\/fr\/wp-content\/uploads\/sites\/2\/desert-namib-naukluft-1024x683.webp 1024w,https:\/\/mistersafari.com\/fr\/wp-content\/uploads\/sites\/2\/desert-namib-naukluft-768x512.webp 768w\" sizes=\"auto, (max-width: 1200px) 100vw, 1200px\" type=\"image\/webp\"><img src=\"https:\/\/mistersafari.com\/fr\/wp-content\/uploads\/sites\/2\/desert-namib-naukluft.jpg\" height=\"800\" width=\"1200\" srcset=\"https:\/\/mistersafari.com\/fr\/wp-content\/uploads\/sites\/2\/desert-namib-naukluft.jpg 1200w, https:\/\/mistersafari.com\/fr\/wp-content\/uploads\/sites\/2\/desert-namib-naukluft-300x200.jpg 300w, https:\/\/mistersafari.com\/fr\/wp-content\/uploads\/sites\/2\/desert-namib-naukluft-1024x683.jpg 1024w, https:\/\/mistersafari.com\/fr\/wp-content\/uploads\/sites\/2\/desert-namib-naukluft-768x512.jpg 768w\" sizes=\"auto, (max-width: 1200px) 100vw, 1200px\" class=\"wp-image-6559 sp-no-webp\" alt=\"dune de Sossusvle\" loading=\"lazy\" decoding=\"async\"  > <\/picture><figcaption>Les dunes de Sossusvle<\/figcaption><\/figure><\/div>\n\n\n<p>Parmi toutes ces dunes de sable, quelques rares sources d\u2019eau cristalline se dessinent. Vous pourrez alors admirer le paysage d\u2019une oasis verdoyante. Un vrai d\u00e9cor de carte postale !<\/p>\n\n\n\n<p>Et pour observer la beaut\u00e9 du parc national Namib-Naukluft, nous vous recommandons le vol en montgolfi\u00e8re ou en h\u00e9licopt\u00e8re.<\/p>\n\n\n\n<h3 class=\"wp-block-heading\">Les animaux du d\u00e9sert<\/h3>\n\n\n\n<p>Pr\u00e9dateurs ou non, la plupart des animaux aiment les sources d\u2019eau pour s&rsquo;abreuver. Et comme le parc national de Namib-Naukluft est un grand d\u00e9sert, ce n\u2019est pas ici que vous pourrez admirer une grande diversit\u00e9 de faune sauvage.<\/p>\n\n\n\n<p>Cela dit, plusieurs esp\u00e8ces peuplent cette r\u00e9serve, comme les z\u00e8bres, les oryx, les gnous, les serpents, les scorpions, etc. Mais pour avoir une chance de les voir, mieux vaut se faire accompagner par un guide.<\/p>\n\n\n\n<p>En plus de tous ces animaux terrestres, n\u2019oubliez pas de lever les yeux au ciel pour admirer les aigles noirs ou les faucons lanciers. Et si vous venez pendant la saison humide (de novembre \u00e0 avril), vous pourrez observer les oiseaux migrateurs.<\/p>\n\n\n<div class=\"wp-block-image\">\n<figure class=\"aligncenter size-full\"><picture><source srcset=\"https:\/\/mistersafari.com\/fr\/wp-content\/uploads\/sites\/2\/oryx-namib-naukluft.webp 1200w,https:\/\/mistersafari.com\/fr\/wp-content\/uploads\/sites\/2\/oryx-namib-naukluft-300x200.webp 300w,https:\/\/mistersafari.com\/fr\/wp-content\/uploads\/sites\/2\/oryx-namib-naukluft-1024x683.webp 1024w,https:\/\/mistersafari.com\/fr\/wp-content\/uploads\/sites\/2\/oryx-namib-naukluft-768x512.webp 768w\" sizes=\"auto, (max-width: 1200px) 100vw, 1200px\" type=\"image\/webp\"><img src=\"https:\/\/mistersafari.com\/fr\/wp-content\/uploads\/sites\/2\/oryx-namib-naukluft.jpg\" height=\"800\" width=\"1200\" srcset=\"https:\/\/mistersafari.com\/fr\/wp-content\/uploads\/sites\/2\/oryx-namib-naukluft.jpg 1200w, https:\/\/mistersafari.com\/fr\/wp-content\/uploads\/sites\/2\/oryx-namib-naukluft-300x200.jpg 300w, https:\/\/mistersafari.com\/fr\/wp-content\/uploads\/sites\/2\/oryx-namib-naukluft-1024x683.jpg 1024w, https:\/\/mistersafari.com\/fr\/wp-content\/uploads\/sites\/2\/oryx-namib-naukluft-768x512.jpg 768w\" sizes=\"auto, (max-width: 1200px) 100vw, 1200px\" class=\"wp-image-6567 sp-no-webp\" alt=\"Oryx de Namib-Naukluft\" loading=\"lazy\" decoding=\"async\"  > <\/picture><figcaption>Oryx de Namib-Naukluft<\/figcaption><\/figure><\/div>\n\n\n<h3 class=\"wp-block-heading\">Les autres activit\u00e9s<\/h3>\n\n\n\n<p>Pour votre s\u00e9jour dans le parc national de Namib-Naukluft, nous vous avons s\u00e9lectionn\u00e9 une liste d\u2019activit\u00e9s \u00e0 faire :<\/p>\n\n\n\n<ul class=\"wp-block-list\"><li>Une randonn\u00e9e p\u00e9destre jusqu&rsquo;au sommet de la c\u00e9l\u00e8bre Dune 45 ou dans les montagnes de Naukluft. Ici, vous pouvez partir \u00e0 la journ\u00e9e ou seulement pour quelques heures.<\/li><li>Une visite des fermes traditionnelles : elles vous proposent aussi des randonn\u00e9es \u00e0 dos de cheval pour une exp\u00e9rience exceptionnelle. Et pour les amateurs de vins, l&rsquo;une des fermes abrite un domaine viticole.<\/li><li>Un bain dans l\u2019une des piscines naturelles du canyon de Sesriem.<\/li><li>Une excursion Game Drives. \u00c0 bord d\u2019un 4*4, vous pourrez rouler sur les dunes de sable pour d\u00e9couvrir de nouvelles sensations.<\/li><\/ul>\n\n\n\n<h2 class=\"wp-block-heading\"><span class=\"ez-toc-section\" id=\"tarif-et-reglementation\"><\/span>Tarif et r\u00e9glementation<span class=\"ez-toc-section-end\"><\/span><\/h2>\n\n\n\n<h3 class=\"wp-block-heading\">Tarifs<\/h3>\n\n\n\n<p>Les tarifs d\u2019entr\u00e9e au parc national de Namib-Naukluft sont les suivants :<\/p>\n\n\n\n<ul class=\"wp-block-list\"><li>Pour les enfants de moins de 16 ans : 100 $ namibien ;<\/li><li>Pour les adultes : 150 $ namibien ;<\/li><li>Pour les v\u00e9hicules (moins de 10 si\u00e8ges) : 50 $ namibien.<\/li><\/ul>\n\n\n\n<p class=\"callout-blue\">Ces tarifs s\u2019appliquent \u00e0 la journ\u00e9e. Si vous restez plusieurs jours, il faudra donc repayer les frais d\u2019entr\u00e9e chaque jour, pour chaque personne et chaque v\u00e9hicule.<\/p>\n\n\n\n<h3 class=\"wp-block-heading\">R\u00e9glementation<\/h3>\n\n\n\n<p>Si vous pr\u00e9voyez un tour organis\u00e9, il faudra toujours \u00e9couter les pr\u00e9cieux conseils de votre guide. \u00c0 d\u00e9faut, voici nos recommandations pour bien pr\u00e9parer votre s\u00e9jour en toute s\u00e9curit\u00e9.<\/p>\n\n\n\n<ul class=\"wp-block-list\"><li>Pour \u00e9viter le risque de malaria, il est conseill\u00e9 de se faire vacciner avant de partir pour la Namibie. Et surtout, n&rsquo;oubliez pas de mettre une protection anti moustique.<\/li><li>Pour vous prot\u00e9ger contre les morsures de serpent ou de scorpions, portez des chaussures ferm\u00e9es.<\/li><li>Le parc national de Namib-Naukluft \u00e9tant un grand d\u00e9sert, nous vous recommandons de vous arr\u00eater \u00e0 chaque station afin de faire le plein d\u2019essence ou le plein d\u2019eau.<\/li><\/ul>\n\n\n\n<h2 class=\"wp-block-heading\"><span class=\"ez-toc-section\" id=\"ou-dormir-au-parc-national-de-namib-naukluft\"><\/span>O\u00f9 dormir au parc national de Namib-Naukluft ?<span class=\"ez-toc-section-end\"><\/span><\/h2>\n\n\n\n<p>Quel que soit votre budget, vous trouverez facilement un endroit o\u00f9 dormir au\u00a0parc national de Namib-Naukluft. Mais pour vous aider \u00e0 faire votre choix, on a s\u00e9lectionn\u00e9 les meilleurs camps et lodges de cette r\u00e9serve naturelle.<\/p>\n\n\n\n<h3 class=\"gb-headline gb-headline-7d558b9f gb-headline-text\"><strong>L<\/strong>e<strong>s camps<\/strong><\/h3>\n\n\n\n<p>Pour les petits budgets et les aventuriers, les camps sont d\u00e9finitivement la meilleure option. Voici nos favoris :<\/p>\n\n\n\n<ul class=\"wp-block-list\"><li><strong>Camp Sossus<\/strong> : ce camp temporaire est ouvert d\u2019avril \u00e0 novembre pour vous offrir une exp\u00e9rience inoubliable.<\/li><li><strong>Desert Camp<\/strong> : c\u2019est l\u2019option parfaite si vous souhaitez \u00e9conomiser lors de votre s\u00e9jour, tout en dormant en plein milieu du d\u00e9sert.<\/li><li><strong>Desert Hill Camp :<\/strong> id\u00e9alement situ\u00e9 au-dessus de la dune, ce camp vous offre un point de vue magnifique avant de dormir.<\/li><\/ul>\n\n\n\n<h3 class=\"gb-headline gb-headline-2041e9c0 gb-headline-text\">Les lodges<\/h3>\n\n\n\n<p>Voici les trois meilleurs lodges du parc national de Namib-Naukluft :<\/p>\n\n\n\n<ul class=\"wp-block-list\"><li><strong>Barkhan Dune Retreat :<\/strong> \u00e0 proximit\u00e9 du col de Spreetshoogte, vous pourrez vous d\u00e9tendre dans une ambiance relaxante avant de reprendre la marche.<\/li><li><strong>Bullsport Lodge and Farm<\/strong> : cette ferme d\u2019\u00e9levage vous accueille dans une ambiance chaleureuse. C\u2019est l\u2019id\u00e9al pour une reconnexion avec la nature.<\/li><li><strong>Desert Grace<\/strong> : pour un s\u00e9jour tout en confort, optez pour ce lodge avec des mini-piscines dans chaque chambre.<\/li><\/ul>\n\n\n\n<h2 class=\"wp-block-heading\"><span class=\"ez-toc-section\" id=\"parc-national-de-namib-naukluft-autres-informations-pratiques\"><\/span>Parc national de Namib-Naukluft : autres informations pratiques<span class=\"ez-toc-section-end\"><\/span><\/h2>\n\n\n\n<h3 class=\"wp-block-heading\">G\u00e9ographie<\/h3>\n\n\n\n<p>Le parc national est situ\u00e9 dans le sud-ouest de la Namibi<strong>e,<\/strong> entre le d\u00e9sert du Namib et les montagnes de Naukluft.<\/p>\n\n\n<div class=\"wp-block-image\">\n<figure class=\"aligncenter size-full\"><picture><source srcset=\"https:\/\/mistersafari.com\/fr\/wp-content\/uploads\/sites\/2\/dune-namib-naukluft.webp 1200w,https:\/\/mistersafari.com\/fr\/wp-content\/uploads\/sites\/2\/dune-namib-naukluft-300x200.webp 300w,https:\/\/mistersafari.com\/fr\/wp-content\/uploads\/sites\/2\/dune-namib-naukluft-1024x684.webp 1024w,https:\/\/mistersafari.com\/fr\/wp-content\/uploads\/sites\/2\/dune-namib-naukluft-768x513.webp 768w\" sizes=\"auto, (max-width: 1200px) 100vw, 1200px\" type=\"image\/webp\"><img src=\"https:\/\/mistersafari.com\/fr\/wp-content\/uploads\/sites\/2\/dune-namib-naukluft.jpg\" height=\"801\" width=\"1200\" srcset=\"https:\/\/mistersafari.com\/fr\/wp-content\/uploads\/sites\/2\/dune-namib-naukluft.jpg 1200w, https:\/\/mistersafari.com\/fr\/wp-content\/uploads\/sites\/2\/dune-namib-naukluft-300x200.jpg 300w, https:\/\/mistersafari.com\/fr\/wp-content\/uploads\/sites\/2\/dune-namib-naukluft-1024x684.jpg 1024w, https:\/\/mistersafari.com\/fr\/wp-content\/uploads\/sites\/2\/dune-namib-naukluft-768x513.jpg 768w\" sizes=\"auto, (max-width: 1200px) 100vw, 1200px\" class=\"wp-image-6582 sp-no-webp\" alt=\"les dunes du Namib \" loading=\"lazy\" decoding=\"async\"  > <\/picture><\/figure><\/div>\n\n\n<p class=\"callout-blue\">Si vous souhaitez vous y rendre en voiture, il est facilement accessible depuis la capitale (285 kilom\u00e8tres).<\/p>\n\n\n\n<h3 class=\"wp-block-heading\">M\u00e9t\u00e9o<\/h3>\n\n\n\n<p>Comme vous allez dans un d\u00e9sert, vous ne risquez pas d\u2019avoir trop froid. Cela dit, pendant la saison s\u00e8che (entre mai et octobre), il peut faire un peu frais le matin.<\/p>\n\n\n\n<p>Pendant la saison humide (de novembre \u00e0 avril), les pluies peuvent \u00eatre intenses. Dans certains cas, elles limitent m\u00eame l\u2019acc\u00e8s \u00e0 certaines zones. En plus, les temp\u00e9ratures grimpent en fl\u00e8che rendant l\u2019air difficilement respirable.<\/p>\n\n\n\n<h3 class=\"wp-block-heading\">Quand visiter ?<\/h3>\n\n\n\n<p>Pour visiter le parc national de Namib-Naukluft, nous vous conseillons de partir entre les mois de mai et septembre. C\u2019est vraiment la meilleure saison pour s\u2019y rendre, puisqu\u2019il fait beaucoup moins chaud et les routes sont plus accessibles.<\/p>\n\n\n\n<h2 class=\"wp-block-heading\"><span class=\"ez-toc-section\" id=\"faq\"><\/span>FAQ<span class=\"ez-toc-section-end\"><\/span><\/h2>\n\n\n<div id=\"rank-math-faq\" class=\"rank-math-block\">\n<div class=\"rank-math-list \">\n<div id=\"faq-question-1655113583940\" class=\"rank-math-list-item\">\n<h3 class=\"rank-math-question \">O\u00f9 se trouve le parc national de Namib-Naukluft ?<\/h3>\n<div class=\"rank-math-answer \">\n\n<p>Le parc national est situ\u00e9 dans le sud-ouest de la Namibie.<\/p>\n\n<\/div>\n<\/div>\n<div id=\"faq-question-1655113589610\" class=\"rank-math-list-item\">\n<h3 class=\"rank-math-question \">Combien co\u00fbte l\u2019entr\u00e9e au parc national de Namib-Naukluft ?<\/h3>\n<div class=\"rank-math-answer \">\n\n<p>Pour les adultes, l\u2019entr\u00e9e est de 150 $ namibien. Si vous voyagez avec des enfants de moins de 16 ans, il faudra pr\u00e9voir 100 $ namibien.<\/p>\n\n<\/div>\n<\/div>\n<div id=\"faq-question-1655113602322\" class=\"rank-math-list-item\">\n<h3 class=\"rank-math-question \">Quels animaux peut-on voir ?<\/h3>\n<div class=\"rank-math-answer \">\n\n<p>Les animaux se font rares au parc national de Namib-Naukluft, mais vous pourrez observer des z\u00e8bres, des oryx, des gnous, et des reptiles.<\/p>\n\n<\/div>\n<\/div>\n<\/div>\n<\/div>","protected":false},"excerpt":{"rendered":"<p>Le parc national de Namib-Naukluft est particuli\u00e8rement connu pour ses grands espaces d\u00e9sertiques. Et pour cause, c\u2019est l\u2019un des d\u00e9serts les plus anciens de notre plan\u00e8te, mais aussi le plus grand parc d\u2019Afrique, et le quatri\u00e8me au monde. Pourquoi se rendre au parc national de Namib-Naukluft ? Les magnifiques dunes de sable rouges Le parc &#8230; <a title=\"Parc National de Namib-Naukluft\" class=\"read-more\" href=\"https:\/\/mistersafari.com\/fr\/safari-namibie\/parcs-reserves\/parc-national-namib-naukluft\/\" aria-label=\"En savoir plus sur Parc National de Namib-Naukluft\">Lire la suite<\/a><\/p>\n","protected":false},"author":3,"featured_media":6560,"parent":3258,"menu_order":0,"comment_status":"closed","ping_status":"closed","template":"","meta":{"_acf_changed":false,"footnotes":""},"content_type":[],"country":[42],"class_list":{"0":"post-6539","1":"page","2":"type-page","3":"status-publish","4":"has-post-thumbnail","6":"country-namibie","7":"no-featured-image-padding"},"acf":{"hreflang":[{"alternative_url":"https:\/\/mistersafari.com\/namib-naukluft-national-park\/","language":"en"}]},"_links":{"self":[{"href":"https:\/\/mistersafari.com\/fr\/wp-json\/wp\/v2\/pages\/6539","targetHints":{"allow":["GET"]}}],"collection":[{"href":"https:\/\/mistersafari.com\/fr\/wp-json\/wp\/v2\/pages"}],"about":[{"href":"https:\/\/mistersafari.com\/fr\/wp-json\/wp\/v2\/types\/page"}],"author":[{"embeddable":true,"href":"https:\/\/mistersafari.com\/fr\/wp-json\/wp\/v2\/users\/3"}],"replies":[{"embeddable":true,"href":"https:\/\/mistersafari.com\/fr\/wp-json\/wp\/v2\/comments?post=6539"}],"version-history":[{"count":25,"href":"https:\/\/mistersafari.com\/fr\/wp-json\/wp\/v2\/pages\/6539\/revisions"}],"predecessor-version":[{"id":6599,"href":"https:\/\/mistersafari.com\/fr\/wp-json\/wp\/v2\/pages\/6539\/revisions\/6599"}],"up":[{"embeddable":true,"href":"https:\/\/mistersafari.com\/fr\/wp-json\/wp\/v2\/pages\/3258"}],"wp:featuredmedia":[{"embeddable":true,"href":"https:\/\/mistersafari.com\/fr\/wp-json\/wp\/v2\/media\/6560"}],"wp:attachment":[{"href":"https:\/\/mistersafari.com\/fr\/wp-json\/wp\/v2\/media?parent=6539"}],"wp:term":[{"taxonomy":"content_type","embeddable":true,"href":"https:\/\/mistersafari.com\/fr\/wp-json\/wp\/v2\/content_type?post=6539"},{"taxonomy":"country","embeddable":true,"href":"https:\/\/mistersafari.com\/fr\/wp-json\/wp\/v2\/country?post=6539"}],"curies":[{"name":"wp","href":"https:\/\/api.w.org\/{rel}","templated":true}]}}