{"id":6511,"date":"2022-05-27T11:06:24","date_gmt":"2022-05-27T11:06:24","guid":{"rendered":"https:\/\/mistersafari.com\/fr\/?page_id=6511"},"modified":"2022-06-13T09:25:25","modified_gmt":"2022-06-13T09:25:25","slug":"kaokoland","status":"publish","type":"page","link":"https:\/\/mistersafari.com\/fr\/safari-namibie\/parcs-reserves\/kaokoland\/","title":{"rendered":"Kaokoland"},"content":{"rendered":"\n<p>Ancienne r\u00e9gion autonome au nord-ouest de la Namibie, Kaokoland est pleinement int\u00e9gr\u00e9e dans le pays. La r\u00e9gion de Kunene vous surprendra par sa nature sauvage, mais aussi par la richesse culturelle et les traditions de ses habitants.<\/p>\n\n\n<div id=\"ez-toc-container\" class=\"ez-toc-v2_0_76 counter-flat ez-toc-counter ez-toc-custom ez-toc-container-direction\">\n<div class=\"ez-toc-title-container\"><p class=\"ez-toc-title\" style=\"cursor:inherit\">Sommaire<\/p>\n<\/div><nav><ul class='ez-toc-list ez-toc-list-level-1 ' ><li class='ez-toc-page-1'><a class=\"ez-toc-link ez-toc-heading-1\" href=\"https:\/\/mistersafari.com\/fr\/safari-namibie\/parcs-reserves\/kaokoland\/#pourquoi-se-rendre-a-kaokoland\" >Pourquoi se rendre \u00e0 Kaokoland ?<\/a><\/li><li class='ez-toc-page-1'><a class=\"ez-toc-link ez-toc-heading-2\" href=\"https:\/\/mistersafari.com\/fr\/safari-namibie\/parcs-reserves\/kaokoland\/#tarif-et-reglementation\" >Tarif et r\u00e9glementation<\/a><\/li><li class='ez-toc-page-1'><a class=\"ez-toc-link ez-toc-heading-3\" href=\"https:\/\/mistersafari.com\/fr\/safari-namibie\/parcs-reserves\/kaokoland\/#ou-dormir-a-kaokoland\" >O\u00f9 dormir \u00e0 Kaokoland ?<\/a><\/li><li class='ez-toc-page-1'><a class=\"ez-toc-link ez-toc-heading-4\" href=\"https:\/\/mistersafari.com\/fr\/safari-namibie\/parcs-reserves\/kaokoland\/#kaokoland-autres-informations-pratiques\" >Kaokoland : autres informations pratiques<\/a><\/li><li class='ez-toc-page-1'><a class=\"ez-toc-link ez-toc-heading-5\" href=\"https:\/\/mistersafari.com\/fr\/safari-namibie\/parcs-reserves\/kaokoland\/#faq\" >FAQ<\/a><\/li><\/ul><\/nav><\/div>\n\n\n\n\n<h2 class=\"wp-block-heading\"><span class=\"ez-toc-section\" id=\"pourquoi-se-rendre-a-kaokoland\"><\/span>Pourquoi se rendre \u00e0 Kaokoland ?<span class=\"ez-toc-section-end\"><\/span><\/h2>\n\n\n\n<h3 class=\"wp-block-heading\"><strong>Un paysage montagneux exceptionnel<\/strong><\/h3>\n\n\n\n<p>La force de Kaokoland, c\u2019est \u00e9videmment son paysage exceptionnel. Entre montagnes et dunes \u00e0 perte de vue, vous ne pourrez qu\u2019\u00eatre impressionn\u00e9 par les forces de la nature. Pour appr\u00e9cier pleinement ce d\u00e9cor de carte postale, nous vous recommandons de partir en randonn\u00e9e dans cette r\u00e9gion namibienne \u00e0 la fronti\u00e8re de l\u2019Angola. Parmi les excursions possibles, nous vous sugg\u00e9rons le fleuve de Kunene, le <a href=\"https:\/\/mistersafari.com\/fr\/safari-namibie\/parcs-reserves\/parc-national-etosha\/\" data-type=\"page\" data-id=\"3643\">parc d\u2019Etosha <\/a>ou les villages du pays d\u2019Ovambo.<\/p>\n\n\n\n<p>Et pour profiter de la beaut\u00e9 de la nature sauvage, attendez la fin de journ\u00e9e. Avec les reflets du soleil sur le sable, les couleurs chaudes s&rsquo;intensifient pour le plus grand bonheur de vos yeux. Et si vous \u00eates matinal, le r\u00e9veil aux aurores vous permettra d\u2019admirer le lever du soleil.<\/p>\n\n\n\n<h3 class=\"wp-block-heading\"><strong>Rencontre mythique<\/strong><\/h3>\n\n\n\n<p>Aujourd\u2019hui, le Kaokoland est particuli\u00e8rement connu pour \u00eatre le foyer ancestral du peuple des Himbas. Une tribu, compos\u00e9e d\u2019environ 10 000 personnes, qui a su conserver l\u2019ensemble de ces traditions d\u2019antan.<\/p>\n\n\n<div class=\"wp-block-image\">\n<figure class=\"aligncenter size-full\"><picture><source srcset=\"https:\/\/mistersafari.com\/fr\/wp-content\/uploads\/sites\/2\/les-himbas-kaokoland.webp 1200w,https:\/\/mistersafari.com\/fr\/wp-content\/uploads\/sites\/2\/les-himbas-kaokoland-300x202.webp 300w,https:\/\/mistersafari.com\/fr\/wp-content\/uploads\/sites\/2\/les-himbas-kaokoland-1024x689.webp 1024w,https:\/\/mistersafari.com\/fr\/wp-content\/uploads\/sites\/2\/les-himbas-kaokoland-768x516.webp 768w\" sizes=\"auto, (max-width: 1200px) 100vw, 1200px\" type=\"image\/webp\"><img src=\"https:\/\/mistersafari.com\/fr\/wp-content\/uploads\/sites\/2\/les-himbas-kaokoland.jpg\" height=\"807\" width=\"1200\" srcset=\"https:\/\/mistersafari.com\/fr\/wp-content\/uploads\/sites\/2\/les-himbas-kaokoland.jpg 1200w, https:\/\/mistersafari.com\/fr\/wp-content\/uploads\/sites\/2\/les-himbas-kaokoland-300x202.jpg 300w, https:\/\/mistersafari.com\/fr\/wp-content\/uploads\/sites\/2\/les-himbas-kaokoland-1024x689.jpg 1024w, https:\/\/mistersafari.com\/fr\/wp-content\/uploads\/sites\/2\/les-himbas-kaokoland-768x516.jpg 768w\" sizes=\"auto, (max-width: 1200px) 100vw, 1200px\" class=\"wp-image-6528 sp-no-webp\" alt=\"peuple des himbas\" loading=\"lazy\" decoding=\"async\"  > <\/picture><figcaption><strong>Peuple des Himbas<\/strong><\/figcaption><\/figure><\/div>\n\n\n<p>Mais \u00e0 l\u2019origine, les Himbas n\u2019occupent pas le Kaokoland. Il s\u2019agit, en effet, d\u2019un peuple de pasteurs nomades, convertis en chasseurs-cueilleurs. Selon les l\u00e9gendes, ils proviendraient alors de l\u2019Afrique des Grands Lacs et des rives du Nil. C\u2019est ensuite \u00e0 travers leurs nombreux voyages au fil des si\u00e8cles qu\u2019ils parviennent en Namibie dans la r\u00e9gion de Kunene. Plus pr\u00e9cis\u00e9ment, leur arriv\u00e9e dans le Kaokoland remonte au 16e si\u00e8cle lorsqu\u2019ils ont franchi la rivi\u00e8re Kunene s\u00e9parant l\u2019Angola et la Namibie. Mais cette installation ne s\u2019est pas faite sans difficult\u00e9. Ils ont, en effet, subi de nombreux pillages du fait de leur isolement dans cette zone inhospitali\u00e8re.<\/p>\n\n\n\n<p>Malgr\u00e9 toutes leurs p\u00e9rip\u00e9ties, ils n\u2019ont pas perdu leur tradition et leur religion. La seule diff\u00e9rence, c\u2019est qu\u2019ils sont d\u00e9sormais plus s\u00e9dentaires que nomades.<\/p>\n\n\n\n<p>Alors pour d\u00e9couvrir leurs habits, leurs coiffures hors du temps, leur mode de vie, nous vous recommandons de visiter l\u2019un de leurs villages. Pour cela, dirigez-vous dans le pays Ovambo.<\/p>\n\n\n\n<p class=\"callout-gree\">Et si vous souhaitez mieux comprendre leur culture, n\u2019h\u00e9sitez pas \u00e0 vous d\u00e9placer avec un guide qui vous expliquera les significations de leurs v\u00eatements ou coiffures.<\/p>\n\n\n\n<h3 class=\"wp-block-heading\"><strong>Rafting et cano\u00eb sur la rivi\u00e8re de Kunene<\/strong><\/h3>\n\n\n\n<p>Entre l\u2019Angola et la Namibie se trouve la rivi\u00e8re Kunene. Et c\u2019est justement cette source d\u2019eau qui fait vivre la r\u00e9gion de Kaokoland.<\/p>\n\n\n\n<p>Pour les aventuriers, cette rivi\u00e8re est le spot id\u00e9al pour partir en excursion lors d\u2019une session de rafting ou de cano\u00eb. Le fleuve vous offre de multiples chutes pour un maximum de sensations fortes. Les plus impressionnantes sont \u00e9videmment celles d\u2019Epupa.<\/p>\n\n\n\n<p>Ce sera l\u2019occasion id\u00e9ale pour vous rafra\u00eechir lors de voyage \u00e0 Kaokoland. Mais attention, si vous souhaitez vous baigner, on vous conseille d\u2019attendre un peu. Les crocodiles ne sont pas tr\u00e8s loin.<\/p>\n\n\n<div class=\"wp-block-image\">\n<figure class=\"aligncenter size-full\"><picture><source srcset=\"https:\/\/mistersafari.com\/fr\/wp-content\/uploads\/sites\/2\/crocodile-kunene-kaokoland.webp 1200w,https:\/\/mistersafari.com\/fr\/wp-content\/uploads\/sites\/2\/crocodile-kunene-kaokoland-300x200.webp 300w,https:\/\/mistersafari.com\/fr\/wp-content\/uploads\/sites\/2\/crocodile-kunene-kaokoland-1024x681.webp 1024w,https:\/\/mistersafari.com\/fr\/wp-content\/uploads\/sites\/2\/crocodile-kunene-kaokoland-768x511.webp 768w\" sizes=\"auto, (max-width: 1200px) 100vw, 1200px\" type=\"image\/webp\"><img src=\"https:\/\/mistersafari.com\/fr\/wp-content\/uploads\/sites\/2\/crocodile-kunene-kaokoland.jpg\" height=\"798\" width=\"1200\" srcset=\"https:\/\/mistersafari.com\/fr\/wp-content\/uploads\/sites\/2\/crocodile-kunene-kaokoland.jpg 1200w, https:\/\/mistersafari.com\/fr\/wp-content\/uploads\/sites\/2\/crocodile-kunene-kaokoland-300x200.jpg 300w, https:\/\/mistersafari.com\/fr\/wp-content\/uploads\/sites\/2\/crocodile-kunene-kaokoland-1024x681.jpg 1024w, https:\/\/mistersafari.com\/fr\/wp-content\/uploads\/sites\/2\/crocodile-kunene-kaokoland-768x511.jpg 768w\" sizes=\"auto, (max-width: 1200px) 100vw, 1200px\" class=\"wp-image-6518 sp-no-webp\" alt=\"crocodile kaokoland\" loading=\"lazy\" decoding=\"async\"  > <\/picture><\/figure><\/div>\n\n\n<h3 class=\"wp-block-heading\"><strong>Les autres activit\u00e9s<\/strong><\/h3>\n\n\n\n<p>De par son climat aride, le parc de Kaokoland n\u2019est pas la zone la plus propice au d\u00e9veloppement de la faune sauvage. Mais les animaux sont tout de m\u00eame pr\u00e9sents, notamment les \u00e9l\u00e9phants du d\u00e9sert.<\/p>\n\n\n\n<p>Cela dit, ils sont \u00e9parpill\u00e9s un peu partout sur le territoire. Alors pour partir \u00e0 leur rencontre, n\u2019h\u00e9sitez pas \u00e0 booker un safari. Accompagn\u00e9 d\u2019un guide qui conna\u00eet leur cachette, vous multipliez vos chances d\u2019observer la faune sauvage.<\/p>\n\n\n\n<p>Outre les animaux, nous vous recommandons \u00e9galement Epupa Falls. Bien qu\u2019elles ne mesurent que 37 m\u00e8tres de hauteur, ces chutes d\u2019eau repr\u00e9sentent un petit coin de paradis, \u00e0 la fois pour les visiteurs, mais aussi pour les peuples Himbas.<\/p>\n\n\n\n<p>Lors de votre visite, vous pourrez voir de grands baobabs et des palmiers au bord de la rivi\u00e8re.<\/p>\n\n\n\n<h2 class=\"wp-block-heading\"><span class=\"ez-toc-section\" id=\"tarif-et-reglementation\"><\/span><strong>Tarif et r\u00e9glementation<\/strong><span class=\"ez-toc-section-end\"><\/span><\/h2>\n\n\n\n<h3 class=\"wp-block-heading\"><strong>Tarifs<\/strong><\/h3>\n\n\n\n<p>Entre les safaris, les visites de villages, les randonn\u00e9es, et les excursions en rafting, les activit\u00e9s ne manquent pas lors de votre voyage dans le Kaokoland. Mais pour chacune, les prix diff\u00e8rent.<\/p>\n\n\n\n<p>Il est donc assez difficile de vous donner une id\u00e9e de budget, puisque cela d\u00e9pend des options s\u00e9lectionn\u00e9es.<\/p>\n\n\n\n<p>Sans compter les prix des h\u00e9bergements qui peuvent aussi doubler, voire tripler.<\/p>\n\n\n\n<h3 class=\"wp-block-heading\"><strong>R\u00e9glementation<\/strong><\/h3>\n\n\n\n<p>En plus de la faune et de la nature sauvage, Kaokoland est aussi marqu\u00e9e par une population aux traditions tr\u00e8s fortes. \u00c0 ce titre, il est primordial de bien respecter leurs traditions, leur environnement, leur intimit\u00e9 et leur mode de vie.<\/p>\n\n\n\n<h2 class=\"wp-block-heading\"><span class=\"ez-toc-section\" id=\"ou-dormir-a-kaokoland\"><\/span><strong>O\u00f9 dormir \u00e0 Kaokoland ?<\/strong><span class=\"ez-toc-section-end\"><\/span><\/h2>\n\n\n\n<p>Kaokoland \u00e9tant un site assez \u00e9loign\u00e9, les offres d\u2019h\u00e9bergement ne sont pas aussi denses que pour d\u2019autres r\u00e9gions Namibiennes. Heureusement, on vous a d\u00e9nich\u00e9 quelques h\u00f4tels, lodges et camps. Alors quel que soit votre budget, vous pourrez trouver un endroit o\u00f9 dormir.<\/p>\n\n\n\n<p><strong>Les h\u00f4tels<\/strong><\/p>\n\n\n\n<p>Le meilleur h\u00f4tel de la r\u00e9gion de Kunene est Ohakane Guest House Opuwo Kaokoland. C\u2019est l\u2019id\u00e9al pour ceux qui souhaitent un s\u00e9jour luxueux.<\/p>\n\n\n\n<p><strong>Les lodges<\/strong><\/p>\n\n\n\n<p>Vous trouverez plusieurs lodges dans le Kaokoland. Mais voici nos favoris :<\/p>\n\n\n\n<ul class=\"wp-block-list\"><li>Fort Sesfontein Lodge Sesfontein South Kaokoland : il est situ\u00e9 \u00e0 proximit\u00e9 de Hoanib river.<\/li><li>Okahirongo Elephant Lodge Sesfontein Kaokoland : c\u2019est un lodge de luxe qui vous fera profiter d\u2019une vue exceptionnelle.<\/li><li>Opuwo Country Lodge : avec sa grande piscine, vous b\u00e9n\u00e9ficierez d\u2019un confort optimal.<\/li><\/ul>\n\n\n\n<p><strong>Les camps<\/strong><\/p>\n\n\n\n<p>Pour ceux qui pr\u00e9f\u00e8rent \u00e9conomiser au niveau de l\u2019h\u00e9bergement, vous avez plusieurs choix de camp :<\/p>\n\n\n\n<ul class=\"wp-block-list\"><li>Ongongo Camp Walmquelle Kaokoland : avec une eau fra\u00eeche en provenance de la source et une piscine naturelle, vous avez le confort n\u00e9cessaire \u00e0 un prix tr\u00e8s abordable.<\/li><li>Mopane Tented Camp : ce camp dispose d\u2019une quinzaine de tentes avec coin salle de bain et lit double.<\/li><li>Omarunga Camp : \u00e0 seulement quelques m\u00e8tres de Epupa Falls, ce camp est id\u00e9alement situ\u00e9.<\/li><\/ul>\n\n\n\n<h2 class=\"wp-block-heading\"><span class=\"ez-toc-section\" id=\"kaokoland-autres-informations-pratiques\"><\/span><strong>Kaokoland : autres informations pratiques<\/strong><span class=\"ez-toc-section-end\"><\/span><\/h2>\n\n\n\n<h3 class=\"wp-block-heading\"><strong>G\u00e9ographie<\/strong><\/h3>\n\n\n\n<p>Kaokoland est situ\u00e9 <strong>dans le nord-ouest de la Namibie, \u00e0 la fronti\u00e8re de l\u2019Angola<\/strong>. Sa capitale Opuwo se trouve \u00e0 732 kilom\u00e8tres (7 heures en voiture) de Windhoek. Pour vous y rendre, le 4*4 est indispensable.<\/p>\n\n\n<div class=\"wp-block-image\">\n<figure class=\"aligncenter size-full\"><picture><source srcset=\"https:\/\/mistersafari.com\/fr\/wp-content\/uploads\/sites\/2\/drive-kaokoland.webp 1200w,https:\/\/mistersafari.com\/fr\/wp-content\/uploads\/sites\/2\/drive-kaokoland-300x200.webp 300w,https:\/\/mistersafari.com\/fr\/wp-content\/uploads\/sites\/2\/drive-kaokoland-1024x683.webp 1024w,https:\/\/mistersafari.com\/fr\/wp-content\/uploads\/sites\/2\/drive-kaokoland-768x512.webp 768w\" sizes=\"auto, (max-width: 1200px) 100vw, 1200px\" type=\"image\/webp\"><img src=\"https:\/\/mistersafari.com\/fr\/wp-content\/uploads\/sites\/2\/drive-kaokoland.jpg\" height=\"800\" width=\"1200\" srcset=\"https:\/\/mistersafari.com\/fr\/wp-content\/uploads\/sites\/2\/drive-kaokoland.jpg 1200w, https:\/\/mistersafari.com\/fr\/wp-content\/uploads\/sites\/2\/drive-kaokoland-300x200.jpg 300w, https:\/\/mistersafari.com\/fr\/wp-content\/uploads\/sites\/2\/drive-kaokoland-1024x683.jpg 1024w, https:\/\/mistersafari.com\/fr\/wp-content\/uploads\/sites\/2\/drive-kaokoland-768x512.jpg 768w\" sizes=\"auto, (max-width: 1200px) 100vw, 1200px\" class=\"wp-image-6523 sp-no-webp\" alt=\"4*4 kaokoland\" loading=\"lazy\" decoding=\"async\"  > <\/picture><\/figure><\/div>\n\n\n<h3 class=\"wp-block-heading\"><strong>M\u00e9t\u00e9o<\/strong><\/h3>\n\n\n\n<p>La m\u00e9t\u00e9o change au fil des deux principales saisons :<\/p>\n\n\n\n<ul class=\"wp-block-list\"><li>Entre mai et octobre, c\u2019est l\u2019hiver. Les pr\u00e9cipitations se font de plus en plus sentir et la temp\u00e9rature ne cesse de grimper.<\/li><li>Entre novembre et avril, l\u2019\u00e9t\u00e9 arrive. \u00c0 cette p\u00e9riode, la chaleur est toujours bel et bien pr\u00e9sente, avec quelques orages.<\/li><\/ul>\n\n\n\n<h3 class=\"wp-block-heading\"><strong>Quand visiter ?<\/strong><\/h3>\n\n\n\n<p>Nous vous conseillons de partir <strong>entre avril et d\u00e9cembre pour profiter des temp\u00e9ratures plus fra\u00eeches<\/strong>. \u00c0 cette p\u00e9riode, les paysages sont magnifiques, en particulier lorsque le soleil se couche (ou se l\u00e8ve).<\/p>\n\n\n\n<p>Cela dit, pendant la saison humide, la v\u00e9g\u00e9tation reprend ses droits, agr\u00e9mentant le parc de belles couleurs vertes. En outre, c\u2019est aussi la saison id\u00e9ale pour admirer les oiseaux migratoires.<\/p>\n\n\n\n<h2 class=\"wp-block-heading\"><span class=\"ez-toc-section\" id=\"faq\"><\/span><strong>FAQ<\/strong><span class=\"ez-toc-section-end\"><\/span><\/h2>\n\n\n<div id=\"rank-math-faq\" class=\"rank-math-block\">\n<div class=\"rank-math-list \">\n<div id=\"faq-question-1653385485207\" class=\"rank-math-list-item\">\n<h3 class=\"rank-math-question \"><strong>O\u00f9 se trouve Kaokoland ?<\/strong><\/h3>\n<div class=\"rank-math-answer \">\n\n<p>Kaokoland est situ\u00e9 dans le nord-ouest de la Namibie, \u00e0 la fronti\u00e8re de l\u2019Angola.<\/p>\n\n<\/div>\n<\/div>\n<div id=\"faq-question-1653385493592\" class=\"rank-math-list-item\">\n<h3 class=\"rank-math-question \"><strong>Quels animaux peut-on voir ?<\/strong><\/h3>\n<div class=\"rank-math-answer \">\n\n<p>Les principaux animaux sont les \u00e9l\u00e9phants du d\u00e9sert, les antilopes et les reptiles<\/p>\n\n<\/div>\n<\/div>\n<\/div>\n<\/div>","protected":false},"excerpt":{"rendered":"<p>Ancienne r\u00e9gion autonome au nord-ouest de la Namibie, Kaokoland est pleinement int\u00e9gr\u00e9e dans le pays. La r\u00e9gion de Kunene vous surprendra par sa nature sauvage, mais aussi par la richesse culturelle et les traditions de ses habitants. Pourquoi se rendre \u00e0 Kaokoland ? Un paysage montagneux exceptionnel La force de Kaokoland, c\u2019est \u00e9videmment son paysage &#8230; <a title=\"Kaokoland\" class=\"read-more\" href=\"https:\/\/mistersafari.com\/fr\/safari-namibie\/parcs-reserves\/kaokoland\/\" aria-label=\"En savoir plus sur Kaokoland\">Lire la suite<\/a><\/p>\n","protected":false},"author":3,"featured_media":6525,"parent":3258,"menu_order":0,"comment_status":"closed","ping_status":"closed","template":"","meta":{"_acf_changed":false,"footnotes":""},"content_type":[23],"country":[],"class_list":{"0":"post-6511","1":"page","2":"type-page","3":"status-publish","4":"has-post-thumbnail","6":"content_type-parc","7":"no-featured-image-padding"},"acf":{"hreflang":[{"alternative_url":"https:\/\/mistersafari.com\/kaokoland\/","language":"en"}]},"_links":{"self":[{"href":"https:\/\/mistersafari.com\/fr\/wp-json\/wp\/v2\/pages\/6511","targetHints":{"allow":["GET"]}}],"collection":[{"href":"https:\/\/mistersafari.com\/fr\/wp-json\/wp\/v2\/pages"}],"about":[{"href":"https:\/\/mistersafari.com\/fr\/wp-json\/wp\/v2\/types\/page"}],"author":[{"embeddable":true,"href":"https:\/\/mistersafari.com\/fr\/wp-json\/wp\/v2\/users\/3"}],"replies":[{"embeddable":true,"href":"https:\/\/mistersafari.com\/fr\/wp-json\/wp\/v2\/comments?post=6511"}],"version-history":[{"count":10,"href":"https:\/\/mistersafari.com\/fr\/wp-json\/wp\/v2\/pages\/6511\/revisions"}],"predecessor-version":[{"id":6551,"href":"https:\/\/mistersafari.com\/fr\/wp-json\/wp\/v2\/pages\/6511\/revisions\/6551"}],"up":[{"embeddable":true,"href":"https:\/\/mistersafari.com\/fr\/wp-json\/wp\/v2\/pages\/3258"}],"wp:featuredmedia":[{"embeddable":true,"href":"https:\/\/mistersafari.com\/fr\/wp-json\/wp\/v2\/media\/6525"}],"wp:attachment":[{"href":"https:\/\/mistersafari.com\/fr\/wp-json\/wp\/v2\/media?parent=6511"}],"wp:term":[{"taxonomy":"content_type","embeddable":true,"href":"https:\/\/mistersafari.com\/fr\/wp-json\/wp\/v2\/content_type?post=6511"},{"taxonomy":"country","embeddable":true,"href":"https:\/\/mistersafari.com\/fr\/wp-json\/wp\/v2\/country?post=6511"}],"curies":[{"name":"wp","href":"https:\/\/api.w.org\/{rel}","templated":true}]}}