{"id":6509,"date":"2022-06-13T09:12:03","date_gmt":"2022-06-13T09:12:03","guid":{"rendered":"https:\/\/mistersafari.com\/fr\/?page_id=6509"},"modified":"2022-06-13T10:03:37","modified_gmt":"2022-06-13T10:03:37","slug":"damaraland","status":"publish","type":"page","link":"https:\/\/mistersafari.com\/fr\/safari-namibie\/parcs-reserves\/damaraland\/","title":{"rendered":"Damaraland"},"content":{"rendered":"\n<p>Damaraland, c\u2019est le pays des Damaras. Cet ancien territoire autonome a r\u00e9int\u00e9gr\u00e9 la Namibie \u00e0 partir de 1989. Aujourd\u2019hui, cette r\u00e9gion sauvage accueille des visiteurs du monde entier pour la richesse de ses paysages.<\/p>\n\n\n<div id=\"ez-toc-container\" class=\"ez-toc-v2_0_76 counter-flat ez-toc-counter ez-toc-custom ez-toc-container-direction\">\n<div class=\"ez-toc-title-container\"><p class=\"ez-toc-title\" style=\"cursor:inherit\">Sommaire<\/p>\n<\/div><nav><ul class='ez-toc-list ez-toc-list-level-1 ' ><li class='ez-toc-page-1'><a class=\"ez-toc-link ez-toc-heading-1\" href=\"https:\/\/mistersafari.com\/fr\/safari-namibie\/parcs-reserves\/damaraland\/#pourquoi-se-rendre-a-damaraland\" >Pourquoi se rendre \u00e0 Damaraland ?<\/a><\/li><li class='ez-toc-page-1'><a class=\"ez-toc-link ez-toc-heading-2\" href=\"https:\/\/mistersafari.com\/fr\/safari-namibie\/parcs-reserves\/damaraland\/#tarif-et-reglementation\" >Tarif et r\u00e9glementation<\/a><\/li><li class='ez-toc-page-1'><a class=\"ez-toc-link ez-toc-heading-3\" href=\"https:\/\/mistersafari.com\/fr\/safari-namibie\/parcs-reserves\/damaraland\/#ou-dormir-a-damaraland\" >O\u00f9 dormir \u00e0 Damaraland ?<\/a><\/li><li class='ez-toc-page-1'><a class=\"ez-toc-link ez-toc-heading-4\" href=\"https:\/\/mistersafari.com\/fr\/safari-namibie\/parcs-reserves\/damaraland\/#damaraland-autres-informations-pratiques\" >Damaraland : autres informations pratiques<\/a><\/li><li class='ez-toc-page-1'><a class=\"ez-toc-link ez-toc-heading-5\" href=\"https:\/\/mistersafari.com\/fr\/safari-namibie\/parcs-reserves\/damaraland\/#faq\" >FAQ<\/a><\/li><\/ul><\/nav><\/div>\n\n\n\n\n<h2 class=\"wp-block-heading\"><span class=\"ez-toc-section\" id=\"pourquoi-se-rendre-a-damaraland\"><\/span>Pourquoi se rendre \u00e0 Damaraland ?<span class=\"ez-toc-section-end\"><\/span><\/h2>\n\n\n\n<h3 class=\"wp-block-heading\">Un paysage de d\u00e9sert exceptionnel<\/h3>\n\n\n\n<p>Le Damaraland, c\u2019est un espace sauvage caract\u00e9ris\u00e9 par une grande diversit\u00e9 de paysages :<\/p>\n\n\n\n<ul class=\"wp-block-list\"><li><strong>Le d\u00e9sert namibien<\/strong> : des dunes qui s\u2019\u00e9tendent \u00e0 perte de vue ;<\/li><li><strong>Le massif de Spitzkoppe<\/strong> : ce sont des formations rocheuses toutes plus originales les unes que les autres, parmi lesquelles une arche en forme d&rsquo;\u0153il. Les aventuriers pourront d\u2019ailleurs escalader ces roches (\u00e0 condition bien s\u00fbr d\u2019\u00eatre \u00e9quip\u00e9 et exp\u00e9riment\u00e9).<\/li><li><strong>Les tuyaux d&rsquo;orgue (Organ Pipes)<\/strong> : ce sont des petites falaises uniques en leur genre, faites de \u201ctuyaux\u201d de dol\u00e9rites verticaux.<\/li><li><strong>La montagne br\u00fbl\u00e9e (Burnt Mountain)<\/strong> : son nom, elle l\u2019a acquis par les couleurs noires de ses roches (presque carbonis\u00e9es). C\u2019est le contraste lunaire avec le paysage d\u00e9sertique.<\/li><li><strong>La for\u00eat p\u00e9trifi\u00e9e du Damaraland<\/strong> : cette for\u00eat se trouve \u00e0 proximit\u00e9 du site d\u2019art rupestre de Twyfelfontein. Mais ne vous imaginez pas une for\u00eat avec une v\u00e9g\u00e9tation luxuriante. Il s\u2019agit d\u2019un espace avec des arbres fossilis\u00e9s ayant plus de 280 000 millions d\u2019ann\u00e9es.<\/li><\/ul>\n\n\n<div class=\"wp-block-image\">\n<figure class=\"aligncenter size-full\"><picture><source srcset=\"https:\/\/mistersafari.com\/fr\/wp-content\/uploads\/sites\/2\/namib-desert-damaraland.webp 1200w,https:\/\/mistersafari.com\/fr\/wp-content\/uploads\/sites\/2\/namib-desert-damaraland-300x200.webp 300w,https:\/\/mistersafari.com\/fr\/wp-content\/uploads\/sites\/2\/namib-desert-damaraland-1024x683.webp 1024w,https:\/\/mistersafari.com\/fr\/wp-content\/uploads\/sites\/2\/namib-desert-damaraland-768x512.webp 768w\" sizes=\"auto, (max-width: 1200px) 100vw, 1200px\" type=\"image\/webp\"><img src=\"https:\/\/mistersafari.com\/fr\/wp-content\/uploads\/sites\/2\/namib-desert-damaraland.jpg\" height=\"800\" width=\"1200\" srcset=\"https:\/\/mistersafari.com\/fr\/wp-content\/uploads\/sites\/2\/namib-desert-damaraland.jpg 1200w, https:\/\/mistersafari.com\/fr\/wp-content\/uploads\/sites\/2\/namib-desert-damaraland-300x200.jpg 300w, https:\/\/mistersafari.com\/fr\/wp-content\/uploads\/sites\/2\/namib-desert-damaraland-1024x683.jpg 1024w, https:\/\/mistersafari.com\/fr\/wp-content\/uploads\/sites\/2\/namib-desert-damaraland-768x512.jpg 768w\" sizes=\"auto, (max-width: 1200px) 100vw, 1200px\" class=\"wp-image-6521 sp-no-webp\" alt=\"d\u00e9sert Namibien\" loading=\"lazy\" decoding=\"async\"  > <\/picture><figcaption>D\u00e9sert Namibi<\/figcaption><\/figure><\/div>\n\n\n<h3 class=\"wp-block-heading\">Un voyage \u00e0 travers l&rsquo;histoire<\/h3>\n\n\n\n<p>Le site d\u2019art rupestre Bushman est situ\u00e9 \u00e0 Twyfelfontein, dans le massif du Brandberg. Ce site arch\u00e9ologique est inscrit au patrimoine mondial de l&rsquo;Unesco. Il est d\u2019ailleurs qualifi\u00e9 de&nbsp;\u00ab\u00a0premier site de l&rsquo;h\u00e9ritage mondial de Namibie\u00a0\u00bb.<\/p>\n\n\n\n<p>Ici, vous pourrez d\u00e9couvrir pr\u00e8s de 3000 p\u00e9troglyphes et peintures rupestres datant d\u2019au moins 6000 ans. Parmi les \u0153uvres d\u2019art, vous pourrez admirer de grandes dalles sculpt\u00e9es de lions, de girafes, d&rsquo;oryx et de toutes sortes d&rsquo;animaux connus dans la r\u00e9gion. Toutes ces peintures sont sculpt\u00e9es dans des roches d\u2019un rouge feu, qui sont sublim\u00e9es gr\u00e2ce au ciel bleu.<\/p>\n\n\n\n<p>En vous rendant \u00e0 Twyfelfontein, vous faites un retour dans le temps qui vous permet d\u2019en apprendre davantage sur l\u2019\u00e9poque des chasseurs-cueilleurs, des \u00e9leveurs ou des peuples Kho\u00efkho\u00ef. Et pour cause, c\u2019est ici que les populations d\u2019antan vivaient, mangeaient, chassaient et exer\u00e7aient leur culte chamanique.<\/p>\n\n\n\n<h3 class=\"wp-block-heading\">Le mus\u00e9e vivant de la Damara<\/h3>\n\n\n\n<p>Comme de nombreuses r\u00e9gions Namibiennes, le Damaraland accueille aussi plusieurs esp\u00e8ces animales. Mais il convient toutefois de rappeler qu\u2019il s\u2019agit avant tout d\u2019un d\u00e9sert. Les animaux ne sont pas aussi r\u00e9pandus que dans d\u2019autres safaris.<\/p>\n\n\n\n<p>Cela dit, vous pourrez toujours partir \u00e0 la rencontre des \u00e9l\u00e9phants, des oryx, des girafes, des lions, et parfois m\u00eame des rhinoc\u00e9ros noirs. <\/p>\n\n\n\n<p class=\"callout-green\">Pour avoir une chance de les voir, le 4*4 et le guide sont indispensables.<\/p>\n\n\n\n<h3 class=\"wp-block-heading\">Les autres activit\u00e9s<\/h3>\n\n\n\n<p>Pour les amateurs d\u2019ornithologie, Damaraland est aussi un lieu privil\u00e9gi\u00e9 pour les promenades guid\u00e9es dans le bush. Vous pourrez y d\u00e9couvrir la richesse de l\u2019avifaune. La r\u00e9gion regroupe en effet pr\u00e8s de 200 esp\u00e8ces d\u2019oiseaux et de rapaces. Parmi lesquelles, la huppe fasci\u00e9e, le francolin de Hartlaub, le calao de Monteiro, la m\u00e9sange charbonni\u00e8re, la babille \u00e0 joues nues, le coureur des rochers ou encore l\u2019aigle de Verreaux.<\/p>\n\n\n<div class=\"wp-block-image\">\n<figure class=\"aligncenter size-full\"><picture><source srcset=\"https:\/\/mistersafari.com\/fr\/wp-content\/uploads\/sites\/2\/francolin-hartlaub-damaraland.webp 1200w,https:\/\/mistersafari.com\/fr\/wp-content\/uploads\/sites\/2\/francolin-hartlaub-damaraland-300x200.webp 300w,https:\/\/mistersafari.com\/fr\/wp-content\/uploads\/sites\/2\/francolin-hartlaub-damaraland-1024x683.webp 1024w,https:\/\/mistersafari.com\/fr\/wp-content\/uploads\/sites\/2\/francolin-hartlaub-damaraland-768x512.webp 768w\" sizes=\"auto, (max-width: 1200px) 100vw, 1200px\" type=\"image\/webp\"><img src=\"https:\/\/mistersafari.com\/fr\/wp-content\/uploads\/sites\/2\/francolin-hartlaub-damaraland.jpg\" height=\"800\" width=\"1200\" srcset=\"https:\/\/mistersafari.com\/fr\/wp-content\/uploads\/sites\/2\/francolin-hartlaub-damaraland.jpg 1200w, https:\/\/mistersafari.com\/fr\/wp-content\/uploads\/sites\/2\/francolin-hartlaub-damaraland-300x200.jpg 300w, https:\/\/mistersafari.com\/fr\/wp-content\/uploads\/sites\/2\/francolin-hartlaub-damaraland-1024x683.jpg 1024w, https:\/\/mistersafari.com\/fr\/wp-content\/uploads\/sites\/2\/francolin-hartlaub-damaraland-768x512.jpg 768w\" sizes=\"auto, (max-width: 1200px) 100vw, 1200px\" class=\"wp-image-6541 sp-no-webp\" alt=\"Le francolin de Hartlaub\" loading=\"lazy\" decoding=\"async\"  > <\/picture><figcaption>Le francolin de Hartlaub du Damaraland<\/figcaption><\/figure><\/div>\n\n\n<p>Et si vous souhaitez faire d\u2019autres activit\u00e9s, nous vous sugg\u00e9rons l\u2019observation des \u00e9toiles, la photo au tropique du Capricorne, le tour en avion au-dessus du d\u00e9sert, ou encore une randonn\u00e9e \u00e9questre.<\/p>\n\n\n\n<h2 class=\"wp-block-heading\"><span class=\"ez-toc-section\" id=\"tarif-et-reglementation\"><\/span>Tarif et r\u00e9glementation<span class=\"ez-toc-section-end\"><\/span><\/h2>\n\n\n\n<h3 class=\"wp-block-heading\">Tarifs<\/h3>\n\n\n\n<p>Lors de votre s\u00e9jour dans le Damaraland, le budget \u00e0 d\u00e9penser d\u00e9pend de vos activit\u00e9s.<\/p>\n\n\n\n<p>Mais pour vous donner un ordre d\u2019id\u00e9e, sachez que le prix d&rsquo;entr\u00e9e \u00e0 Twyfelfontein est de 60 NAD$ par adulte. Ce tarif comprend un guide qui vous montrera 10 \u00e0 12 sites incontournables de la r\u00e9gion.<\/p>\n\n\n\n<h3 class=\"wp-block-heading\">R\u00e9glementation<\/h3>\n\n\n\n<p>Lors de votre voyage dans la r\u00e9gion du Damaraland, il est primordial de respecter certaines r\u00e8gles de conduite. Par exemple :<\/p>\n\n\n\n<ul class=\"wp-block-list\"><li>pr\u00e9senter sa carte d\u2019identit\u00e9 \u00e0 l\u2019entr\u00e9e des sites touristiques ;<\/li><li>ne pas jeter ses d\u00e9tritus ;<\/li><li>ne pas faire de mal aux animaux, ni s\u2019approcher trop pr\u00e8s.<\/li><\/ul>\n\n\n\n<h2 class=\"wp-block-heading\"><span class=\"ez-toc-section\" id=\"ou-dormir-a-damaraland\"><\/span>O\u00f9 dormir \u00e0 Damaraland ?<span class=\"ez-toc-section-end\"><\/span><\/h2>\n\n\n\n<h3 class=\"gb-headline gb-headline-e8bfde05 gb-headline-text\">Les camps<\/h3>\n\n\n\n<p>Si vous avez un petit budget, nous vous recommandons de dormir dans un camp du Damaraland. Voici notre s\u00e9lection :<\/p>\n\n\n\n<ul class=\"wp-block-list\"><li>Palmwag Lodge &amp; Campsite : partez \u00e0 l\u2019aventure en dormant dans ce camp. C\u2019est aussi l\u2019id\u00e9al si vous souhaitez observer les \u00e9toiles.<\/li><li>Buruxa Camp : en plein milieu de la savane, vous n\u2019\u00eates pas pr\u00eat d\u2019oublier votre nuit \u00e0 Damaraland.<\/li><li>Brandberg Restcamp : ce camp dispose de tout le confort n\u00e9cessaire, m\u00eame une piscine.<\/li><\/ul>\n\n\n\n<h3 class=\"gb-headline gb-headline-68a4528a gb-headline-text\">Les lodges<\/h3>\n\n\n\n<p>Pour ceux qui souhaitent un confort optimal, il y a aussi les lodges :<\/p>\n\n\n\n<ul class=\"wp-block-list\"><li>Vingerklip Lodge : avec sa piscine et sa vue exceptionnelle, vous allez b\u00e9n\u00e9ficier d\u2019un s\u00e9jour grand luxe.<\/li><li>Twyfelfontein Country Lodge : \u00e0 proximit\u00e9 du site d\u2019art rupestre, vous pourrez profiter de vos vacances \u00e0 Damaraland dans une ambiance champ\u00eatre.<\/li><li>Damara Mopane Lodge : piscine, restaurant, chambre tout confort, il ne vous reste plus qu&rsquo;\u00e0 poser vos valises.<\/li><\/ul>\n\n\n\n<h2 class=\"wp-block-heading\"><span class=\"ez-toc-section\" id=\"damaraland-autres-informations-pratiques\"><\/span>Damaraland : autres informations pratiques<span class=\"ez-toc-section-end\"><\/span><\/h2>\n\n\n\n<h3 class=\"wp-block-heading\">G\u00e9ographie<\/h3>\n\n\n\n<p>Le Damaraland est situ\u00e9 dans l\u2019ouest de la Namibie, au sud de la r\u00e9gion de Kunene et entre la <a href=\"https:\/\/mistersafari.com\/fr\/safari-namibie\/parcs-reserves\/parc-national-skeleton-coast\/\" data-type=\"page\" data-id=\"4276\">Skeleton Coast<\/a> et le <a href=\"https:\/\/mistersafari.com\/fr\/safari-namibie\/parcs-reserves\/kaokoland\/\" data-type=\"page\" data-id=\"6511\">Kaokoland<\/a>.<\/p>\n\n\n<div class=\"wp-block-image\">\n<figure class=\"aligncenter size-full\"><picture><source srcset=\"https:\/\/mistersafari.com\/fr\/wp-content\/uploads\/sites\/2\/montagnes-damaraland.webp 1200w,https:\/\/mistersafari.com\/fr\/wp-content\/uploads\/sites\/2\/montagnes-damaraland-300x179.webp 300w,https:\/\/mistersafari.com\/fr\/wp-content\/uploads\/sites\/2\/montagnes-damaraland-1024x611.webp 1024w,https:\/\/mistersafari.com\/fr\/wp-content\/uploads\/sites\/2\/montagnes-damaraland-768x458.webp 768w\" sizes=\"auto, (max-width: 1200px) 100vw, 1200px\" type=\"image\/webp\"><img src=\"https:\/\/mistersafari.com\/fr\/wp-content\/uploads\/sites\/2\/montagnes-damaraland.jpg\" height=\"716\" width=\"1200\" srcset=\"https:\/\/mistersafari.com\/fr\/wp-content\/uploads\/sites\/2\/montagnes-damaraland.jpg 1200w, https:\/\/mistersafari.com\/fr\/wp-content\/uploads\/sites\/2\/montagnes-damaraland-300x179.jpg 300w, https:\/\/mistersafari.com\/fr\/wp-content\/uploads\/sites\/2\/montagnes-damaraland-1024x611.jpg 1024w, https:\/\/mistersafari.com\/fr\/wp-content\/uploads\/sites\/2\/montagnes-damaraland-768x458.jpg 768w\" sizes=\"auto, (max-width: 1200px) 100vw, 1200px\" class=\"wp-image-6544 sp-no-webp\" alt=\"les montagnes du Damaraland\" loading=\"lazy\" decoding=\"async\"  > <\/picture><\/figure><\/div>\n\n\n<p>Si vous souhaitez vous y rendre en voiture, voici les distances \u00e0 parcourir :<\/p>\n\n\n\n<ul class=\"wp-block-list\"><li>Depuis Windhoek : environ 400 km (soit 5h30 de route) ;<\/li><li>Depuis Swakopmund : environ 330 km (soit 5h de route) ;<\/li><li>Depuis Etosha : environ 3300 km (soit 4h30 de route).<\/li><\/ul>\n\n\n\n<h3 class=\"wp-block-heading\">M\u00e9t\u00e9o<\/h3>\n\n\n\n<p>Comme le reste de la Namibie, Damaraland est caract\u00e9ris\u00e9 par deux saisons :<\/p>\n\n\n\n<ul class=\"wp-block-list\"><li><strong>Hiver :<\/strong> entre mai et septembre, c\u2019est aussi la saison s\u00e8che. Autrement dit, les pluies se font plus rares.<\/li><li><strong>\u00c9t\u00e9 : <\/strong>entre octobre et avril, c\u2019est la saison humide. \u00c0 cette p\u00e9riode, les temp\u00e9ratures explosent.<\/li><\/ul>\n\n\n\n<h3 class=\"wp-block-heading\">Quand visiter ?<\/h3>\n\n\n\n<p>La meilleure p\u00e9riode pour visiter Damaraland est entre mai et septembre. C\u2019est \u00e0 cette p\u00e9riode que les animaux sont les plus faciles \u00e0 observer. Et pour cause, du fait du manque d\u2019eau, ils se regroupent tous autour des quelques sources encore disponibles.<\/p>\n\n\n\n<h2 class=\"wp-block-heading\"><span class=\"ez-toc-section\" id=\"faq\"><\/span>FAQ<span class=\"ez-toc-section-end\"><\/span><\/h2>\n\n\n<div id=\"rank-math-faq\" class=\"rank-math-block\">\n<div class=\"rank-math-list \">\n<div id=\"faq-question-1653298043440\" class=\"rank-math-list-item\">\n<h3 class=\"rank-math-question \"><strong>O\u00f9 se trouve Damaraland ?<\/strong><\/h3>\n<div class=\"rank-math-answer \">\n\n<p>Le Damaraland est situ\u00e9 dans l\u2019ouest de la Namibie, au sud de la r\u00e9gion de Kunene.<\/p>\n\n<\/div>\n<\/div>\n<div id=\"faq-question-1653298052295\" class=\"rank-math-list-item\">\n<h3 class=\"rank-math-question \"><strong>Quels animaux peut-on voir ?<\/strong><\/h3>\n<div class=\"rank-math-answer \">\n\n<p>Vous pourrez observer des \u00e9l\u00e9phants, des oryx, des girafes, des lions, et parfois m\u00eame des rhinoc\u00e9ros noirs.<\/p>\n\n<\/div>\n<\/div>\n<\/div>\n<\/div>","protected":false},"excerpt":{"rendered":"<p>Damaraland, c\u2019est le pays des Damaras. Cet ancien territoire autonome a r\u00e9int\u00e9gr\u00e9 la Namibie \u00e0 partir de 1989. Aujourd\u2019hui, cette r\u00e9gion sauvage accueille des visiteurs du monde entier pour la richesse de ses paysages. Pourquoi se rendre \u00e0 Damaraland ? Un paysage de d\u00e9sert exceptionnel Le Damaraland, c\u2019est un espace sauvage caract\u00e9ris\u00e9 par une grande &#8230; <a title=\"Damaraland\" class=\"read-more\" href=\"https:\/\/mistersafari.com\/fr\/safari-namibie\/parcs-reserves\/damaraland\/\" aria-label=\"En savoir plus sur Damaraland\">Lire la suite<\/a><\/p>\n","protected":false},"author":3,"featured_media":6546,"parent":3258,"menu_order":0,"comment_status":"closed","ping_status":"closed","template":"","meta":{"_acf_changed":false,"footnotes":""},"content_type":[],"country":[42],"class_list":{"0":"post-6509","1":"page","2":"type-page","3":"status-publish","4":"has-post-thumbnail","6":"country-namibie","7":"no-featured-image-padding"},"acf":{"hreflang":[{"alternative_url":"https:\/\/mistersafari.com\/damaraland\/","language":"en"}]},"_links":{"self":[{"href":"https:\/\/mistersafari.com\/fr\/wp-json\/wp\/v2\/pages\/6509","targetHints":{"allow":["GET"]}}],"collection":[{"href":"https:\/\/mistersafari.com\/fr\/wp-json\/wp\/v2\/pages"}],"about":[{"href":"https:\/\/mistersafari.com\/fr\/wp-json\/wp\/v2\/types\/page"}],"author":[{"embeddable":true,"href":"https:\/\/mistersafari.com\/fr\/wp-json\/wp\/v2\/users\/3"}],"replies":[{"embeddable":true,"href":"https:\/\/mistersafari.com\/fr\/wp-json\/wp\/v2\/comments?post=6509"}],"version-history":[{"count":13,"href":"https:\/\/mistersafari.com\/fr\/wp-json\/wp\/v2\/pages\/6509\/revisions"}],"predecessor-version":[{"id":6572,"href":"https:\/\/mistersafari.com\/fr\/wp-json\/wp\/v2\/pages\/6509\/revisions\/6572"}],"up":[{"embeddable":true,"href":"https:\/\/mistersafari.com\/fr\/wp-json\/wp\/v2\/pages\/3258"}],"wp:featuredmedia":[{"embeddable":true,"href":"https:\/\/mistersafari.com\/fr\/wp-json\/wp\/v2\/media\/6546"}],"wp:attachment":[{"href":"https:\/\/mistersafari.com\/fr\/wp-json\/wp\/v2\/media?parent=6509"}],"wp:term":[{"taxonomy":"content_type","embeddable":true,"href":"https:\/\/mistersafari.com\/fr\/wp-json\/wp\/v2\/content_type?post=6509"},{"taxonomy":"country","embeddable":true,"href":"https:\/\/mistersafari.com\/fr\/wp-json\/wp\/v2\/country?post=6509"}],"curies":[{"name":"wp","href":"https:\/\/api.w.org\/{rel}","templated":true}]}}