{"id":6491,"date":"2022-05-23T09:09:46","date_gmt":"2022-05-23T09:09:46","guid":{"rendered":"https:\/\/mistersafari.com\/fr\/?page_id=6491"},"modified":"2022-05-23T09:10:11","modified_gmt":"2022-05-23T09:10:11","slug":"caprivi-strip","status":"publish","type":"page","link":"https:\/\/mistersafari.com\/fr\/safari-namibie\/parcs-reserves\/caprivi-strip\/","title":{"rendered":"Bande de Caprivi"},"content":{"rendered":"\n<p>Situ\u00e9e au nord-est de la Namibie, entre l\u2019Angola, la Zambie et le Botswana, la bande de Caprivi semble particuli\u00e8rement \u00e9loign\u00e9e du reste du pays. Et pourtant, cette r\u00e9gion verdoyante vous offre des paysages exceptionnels.<\/p>\n\n\n<div id=\"ez-toc-container\" class=\"ez-toc-v2_0_76 counter-flat ez-toc-counter ez-toc-custom ez-toc-container-direction\">\n<div class=\"ez-toc-title-container\"><p class=\"ez-toc-title\" style=\"cursor:inherit\">Sommaire<\/p>\n<\/div><nav><ul class='ez-toc-list ez-toc-list-level-1 ' ><li class='ez-toc-page-1'><a class=\"ez-toc-link ez-toc-heading-1\" href=\"https:\/\/mistersafari.com\/fr\/safari-namibie\/parcs-reserves\/caprivi-strip\/#pourquoi-se-rendre-a-la-bande-de-caprivi\" >Pourquoi se rendre \u00e0 la bande de Caprivi ?<\/a><\/li><li class='ez-toc-page-1'><a class=\"ez-toc-link ez-toc-heading-2\" href=\"https:\/\/mistersafari.com\/fr\/safari-namibie\/parcs-reserves\/caprivi-strip\/#tarif-et-reglementation\" >Tarif et r\u00e9glementation<\/a><\/li><li class='ez-toc-page-1'><a class=\"ez-toc-link ez-toc-heading-3\" href=\"https:\/\/mistersafari.com\/fr\/safari-namibie\/parcs-reserves\/caprivi-strip\/#ou-dormir-a-la-bande-de-caprivi\" >O\u00f9 dormir \u00e0 la bande de Caprivi ?<\/a><\/li><li class='ez-toc-page-1'><a class=\"ez-toc-link ez-toc-heading-4\" href=\"https:\/\/mistersafari.com\/fr\/safari-namibie\/parcs-reserves\/caprivi-strip\/#la-bande-de-caprivi-autres-informations-pratiques\" >La bande de Caprivi : autres informations pratiques<\/a><\/li><li class='ez-toc-page-1'><a class=\"ez-toc-link ez-toc-heading-5\" href=\"https:\/\/mistersafari.com\/fr\/safari-namibie\/parcs-reserves\/caprivi-strip\/#faq\" >FAQ<\/a><\/li><\/ul><\/nav><\/div>\n\n\n\n\n<h2 class=\"wp-block-heading\"><span class=\"ez-toc-section\" id=\"pourquoi-se-rendre-a-la-bande-de-caprivi\"><\/span><strong>Pourquoi se rendre \u00e0 la bande de Caprivi ?<\/strong><span class=\"ez-toc-section-end\"><\/span><\/h2>\n\n\n\n<h3 class=\"wp-block-heading\"><strong>Une oasis verdoyante<\/strong><\/h3>\n\n\n\n<p>Si la Namibie est c\u00e9l\u00e8bre pour son grand d\u00e9sert, la r\u00e9gion de Caprivi fait figure d\u2019exception. Mais gr\u00e2ce \u00e0 sa v\u00e9g\u00e9tation luxuriante, elle saura vous impressionner.<\/p>\n\n\n\n<p>Ce paysage unique en son genre, Caprivi le doit aux 4 grands fleuves d&rsquo;Afrique australe (<a href=\"https:\/\/mistersafari.com\/fr\/safari-botswana\/parcs-reserves\/delta-okavango\/\" data-type=\"page\" data-id=\"3081\">le Kavango<\/a>, le Chobe, le <a href=\"https:\/\/mistersafari.com\/fr\/safari-zambie\/croisiere-fleuve-zambeze\/\" data-type=\"page\" data-id=\"4371\">Zamb\u00e8ze<\/a> et le Cuando) qui la traverse. Lors de votre excursion, vous d\u00e9couvrirez une magnifique oasis verdoyante peupl\u00e9e par une faune et une flore tr\u00e8s riche.<\/p>\n\n\n\n<figure class=\"wp-block-image size-full\"><picture><source srcset=\"https:\/\/mistersafari.com\/fr\/wp-content\/uploads\/sites\/2\/fleuve-caprivi.webp 1200w,https:\/\/mistersafari.com\/fr\/wp-content\/uploads\/sites\/2\/fleuve-caprivi-300x200.webp 300w,https:\/\/mistersafari.com\/fr\/wp-content\/uploads\/sites\/2\/fleuve-caprivi-1024x683.webp 1024w,https:\/\/mistersafari.com\/fr\/wp-content\/uploads\/sites\/2\/fleuve-caprivi-768x512.webp 768w\" sizes=\"auto, (max-width: 1200px) 100vw, 1200px\" type=\"image\/webp\"><img src=\"https:\/\/mistersafari.com\/fr\/wp-content\/uploads\/sites\/2\/fleuve-caprivi.jpg\" height=\"800\" width=\"1200\" srcset=\"https:\/\/mistersafari.com\/fr\/wp-content\/uploads\/sites\/2\/fleuve-caprivi.jpg 1200w, https:\/\/mistersafari.com\/fr\/wp-content\/uploads\/sites\/2\/fleuve-caprivi-300x200.jpg 300w, https:\/\/mistersafari.com\/fr\/wp-content\/uploads\/sites\/2\/fleuve-caprivi-1024x683.jpg 1024w, https:\/\/mistersafari.com\/fr\/wp-content\/uploads\/sites\/2\/fleuve-caprivi-768x512.jpg 768w\" sizes=\"auto, (max-width: 1200px) 100vw, 1200px\" class=\"wp-image-6496 sp-no-webp\" alt=\"\" loading=\"lazy\" decoding=\"async\"  > <\/picture><\/figure>\n\n\n\n<p>Au-del\u00e0 de ses paysages, Caprivi est aussi marqu\u00e9e par sa position g\u00e9ographique. Et pour cause, il s\u2019agit v\u00e9ritablement d\u2019une bande (presque exclue du reste de la Namibie) qui partage ses fronti\u00e8res avec le Botswana, la Zambie et l&rsquo;Angola.<\/p>\n\n\n\n<p>Au fil de l\u2019histoire, cette localisation a \u00e9galement \u00e9t\u00e9 le lieu de nombreux conflits. Aussi bien entre les diff\u00e9rents \u00c9tats qu\u2019\u00e0 l\u2019int\u00e9rieur m\u00eame de la Namibie, entre le gouvernement \u00e9tatique et les habitants d\u00e9sireux d\u2019obtenir leur ind\u00e9pendance.<\/p>\n\n\n\n<h3 class=\"wp-block-heading\">La richesse de la faune<\/h3>\n\n\n\n<p>Avec ses nombreux fleuves qui la traversent, Caprivi est le paradis des animaux sauvages qui cherchent \u00e0 s&rsquo;abreuver. Vous y verrez d\u2019ailleurs certaines esp\u00e8ces qui ne peuvent survivre dans le d\u00e9sert de la Namibie. Par exemple des antilopes, des \u00e9l\u00e9phants, des z\u00e8bres, des hippopotames, des crocodiles, et bien d\u2019autres.<\/p>\n\n\n\n<figure class=\"wp-block-image size-full\"><picture><source srcset=\"https:\/\/mistersafari.com\/fr\/wp-content\/uploads\/sites\/2\/hippo-caprivi.webp 1200w,https:\/\/mistersafari.com\/fr\/wp-content\/uploads\/sites\/2\/hippo-caprivi-300x200.webp 300w,https:\/\/mistersafari.com\/fr\/wp-content\/uploads\/sites\/2\/hippo-caprivi-1024x683.webp 1024w,https:\/\/mistersafari.com\/fr\/wp-content\/uploads\/sites\/2\/hippo-caprivi-768x512.webp 768w\" sizes=\"auto, (max-width: 1200px) 100vw, 1200px\" type=\"image\/webp\"><img src=\"https:\/\/mistersafari.com\/fr\/wp-content\/uploads\/sites\/2\/hippo-caprivi.jpg\" height=\"800\" width=\"1200\" srcset=\"https:\/\/mistersafari.com\/fr\/wp-content\/uploads\/sites\/2\/hippo-caprivi.jpg 1200w, https:\/\/mistersafari.com\/fr\/wp-content\/uploads\/sites\/2\/hippo-caprivi-300x200.jpg 300w, https:\/\/mistersafari.com\/fr\/wp-content\/uploads\/sites\/2\/hippo-caprivi-1024x683.jpg 1024w, https:\/\/mistersafari.com\/fr\/wp-content\/uploads\/sites\/2\/hippo-caprivi-768x512.jpg 768w\" sizes=\"auto, (max-width: 1200px) 100vw, 1200px\" class=\"wp-image-6499 sp-no-webp\" alt=\"hippo caprivi\" loading=\"lazy\" decoding=\"async\"  > <\/picture><\/figure>\n\n\n\n<p>Pour les admirer, vous avez le choix des transports. Mais on vous recommande vivement la randonn\u00e9e p\u00e9destre ou les croisi\u00e8res \u00e0 bord d\u2019un bateau ou d\u2019un cano\u00eb.<\/p>\n\n\n\n<p class=\"callout-green\">Si vous optez pour cette derni\u00e8re option, vous pourrez aussi p\u00eacher des tigerfish qui prolif\u00e8rent au sein des rivi\u00e8res de la r\u00e9gion de Caprivi en Namibie.<\/p>\n\n\n\n<p>Outre les animaux terrestres ou marins, Caprivi est surtout r\u00e9put\u00e9e pour sa richesse ornithologique. Vous pourrez alors faire une excursion \u00e0 la d\u00e9couverte des nombreuses esp\u00e8ces d\u2019oiseaux qui occupent la r\u00e9gion (comme le coucal \u00e0 queue cuivr\u00e9e, l&rsquo;aigrette vineuse, le gu\u00eapier carmin et le pinson brun). Entre les oiseaux r\u00e9sidents et les migrateurs, Caprivi compte pas moins de 500 esp\u00e8ces<\/p>\n\n\n\n<h3 class=\"wp-block-heading\">Des magnifiques couchers de soleil<\/h3>\n\n\n\n<p>Le soir venu, posez-vous \u00e0 proximit\u00e9 d\u2019une rivi\u00e8re pour admirer les reflets du paysage dans cette source d\u2019eau. Et pour obtenir une meilleure vue, on vous conseille l\u2019observation du coucher du soleil pendant les safaris en bateau ou les croisi\u00e8res.<\/p>\n\n\n\n<p>La nuit venue, pensez \u00e9galement \u00e0 lever les yeux au ciel. Il ne s\u2019agit pas d\u2019observer les oiseaux, mais bien les \u00e9toiles. D\u00e9pourvu de pollution lumineuse, le ciel vous appara\u00eetra avec une beaut\u00e9 \u00e9blouissante.<\/p>\n\n\n\n<h2 class=\"wp-block-heading\"><span class=\"ez-toc-section\" id=\"tarif-et-reglementation\"><\/span><strong>Tarif et r\u00e9glementation<\/strong><span class=\"ez-toc-section-end\"><\/span><\/h2>\n\n\n\n<h3 class=\"wp-block-heading\"><strong>Tarifs<\/strong><\/h3>\n\n\n\n<p>Caprivi \u00e9tant une vaste r\u00e9gion de 450 kilom\u00e8tres de longueur, le choix des activit\u00e9s est tr\u00e8s large : cano\u00eb, croisi\u00e8re, safari en 4*4, randonn\u00e9e p\u00e9destre, etc. Or, les tarifs peuvent varier du simple au double. D\u2019autant plus que vous pouvez choisir de partir en autonomie ou de vous faire accompagner par un guide.<\/p>\n\n\n\n<p>Il en va de m\u00eame pour les h\u00e9bergements qui peuvent \u00eatre soit tr\u00e8s luxueux, soit rudimentaires.<\/p>\n\n\n\n<p class=\"callout-blue\">Alors pour conna\u00eetre le budget moyen lors de votre s\u00e9jour \u00e0 Caprivi, nous vous conseillons d\u2019abord de savoir ce que vous allez faire.<\/p>\n\n\n\n<h3 class=\"wp-block-heading\">R\u00e9glementation<\/h3>\n\n\n\n<p>Avant de vous rendre dans la r\u00e9gion de Caprivi, il est important de respecter quelques pr\u00e9cautions de s\u00e9curit\u00e9 :<\/p>\n\n\n\n<ul class=\"wp-block-list\"><li><strong>Pour l&rsquo;observation de la faune<\/strong> : ne vous approchez pas trop pr\u00e8s des animaux sauvages, et ne leur donnez pas \u00e0 manger.<\/li><li><strong>Pour les transports :<\/strong> on vous conseille de faire le plein d\u2019essence r\u00e9guli\u00e8rement, et d\u2019emporter beaucoup d\u2019eau.<\/li><li><strong>Pour le quotidien<\/strong> : il est pr\u00e9f\u00e9rable de louer un t\u00e9l\u00e9phone satellite.<\/li><li><strong>Pour la sant\u00e9<\/strong> : le paludisme \u00e9tant fr\u00e9quent dans la r\u00e9gion, n\u2019oubliez pas de prendre des prophylaxies et de faire le vaccin contre la Malaria.<\/li><\/ul>\n\n\n\n<h2 class=\"wp-block-heading\"><span class=\"ez-toc-section\" id=\"ou-dormir-a-la-bande-de-caprivi\"><\/span><strong>O\u00f9 dormir \u00e0 la bande de Caprivi ?<\/strong><span class=\"ez-toc-section-end\"><\/span><\/h2>\n\n\n\n<p>Quel que soit votre budget, on vous recommande les lodges au bord de l\u2019eau qui vous offrent un cadre exceptionnel.<\/p>\n\n\n\n<p>Parmi notre s\u00e9lection, vous retrouverez :<\/p>\n\n\n\n<ul class=\"wp-block-list\"><li><strong>Hakusembe River Lodge<\/strong> : avec sa piscine, son restaurant, son bar, et ses chambres grand luxe, c\u2019est l\u2019endroit parfait pour une d\u00e9connexion totale.<\/li><li><strong>Nunda River Lodge<\/strong> : en plus d\u2019une vue \u00e0 couper le souffle, vous pourrez profiter des d\u00e9licieux menus propos\u00e9s par le restaurant.<\/li><li><strong>Caprivi Houseboat Safari Lodge :<\/strong> ce lodge vous offre tout le confort n\u00e9cessaire pour un s\u00e9jour inoubliable.<\/li><\/ul>\n\n\n\n<h2 class=\"wp-block-heading\"><span class=\"ez-toc-section\" id=\"la-bande-de-caprivi-autres-informations-pratiques\"><\/span>La bande de Caprivi : autres informations pratiques<span class=\"ez-toc-section-end\"><\/span><\/h2>\n\n\n\n<h3 class=\"wp-block-heading\"><strong>G\u00e9ographie<\/strong><\/h3>\n\n\n\n<p>La bande de Caprivi est situ\u00e9e en Namibie, mais reste \u00e9loign\u00e9e du reste du pays. De par ses fronti\u00e8res, elle est plus proche de l\u2019Angola, de la Zambie et du Botswana.<\/p>\n\n\n\n<figure class=\"wp-block-image size-full\"><picture><source srcset=\"https:\/\/mistersafari.com\/fr\/wp-content\/uploads\/sites\/2\/buffle-caprivi.webp 1200w,https:\/\/mistersafari.com\/fr\/wp-content\/uploads\/sites\/2\/buffle-caprivi-300x201.webp 300w,https:\/\/mistersafari.com\/fr\/wp-content\/uploads\/sites\/2\/buffle-caprivi-1024x686.webp 1024w,https:\/\/mistersafari.com\/fr\/wp-content\/uploads\/sites\/2\/buffle-caprivi-768x515.webp 768w\" sizes=\"auto, (max-width: 1200px) 100vw, 1200px\" type=\"image\/webp\"><img src=\"https:\/\/mistersafari.com\/fr\/wp-content\/uploads\/sites\/2\/buffle-caprivi.jpg\" height=\"804\" width=\"1200\" srcset=\"https:\/\/mistersafari.com\/fr\/wp-content\/uploads\/sites\/2\/buffle-caprivi.jpg 1200w, https:\/\/mistersafari.com\/fr\/wp-content\/uploads\/sites\/2\/buffle-caprivi-300x201.jpg 300w, https:\/\/mistersafari.com\/fr\/wp-content\/uploads\/sites\/2\/buffle-caprivi-1024x686.jpg 1024w, https:\/\/mistersafari.com\/fr\/wp-content\/uploads\/sites\/2\/buffle-caprivi-768x515.jpg 768w\" sizes=\"auto, (max-width: 1200px) 100vw, 1200px\" class=\"wp-image-6495 sp-no-webp\" alt=\"buffle caprivi\" loading=\"lazy\" decoding=\"async\"  > <\/picture><\/figure>\n\n\n\n<p>Si vous souhaitez vous y rendre, les principales villes sont (d\u2019ouest en est) Divundu, Omega et Kongola.<\/p>\n\n\n\n<h3 class=\"wp-block-heading\"><strong>M\u00e9t\u00e9o<\/strong><\/h3>\n\n\n\n<p>Il existe principalement deux saisons dans la r\u00e9gion de Caprivi :<\/p>\n\n\n\n<ul class=\"wp-block-list\"><li><strong>Saison s\u00e8che<\/strong> : entre mai et octobre. \u00c0 cette p\u00e9riode, les temp\u00e9ratures sont fra\u00eeches et les journ\u00e9es s\u00e8ches.<\/li><li><strong>Saison humide :<\/strong> entre novembre et avril. Sans surprise, les averses sont particuli\u00e8rement importantes en cette saison.<\/li><\/ul>\n\n\n\n<h3 class=\"wp-block-heading\"><strong>Quand visiter ?<\/strong><\/h3>\n\n\n\n<p>Pour observer la faune, la meilleure saison est d\u00e9finitivement la saison s\u00e8che. C\u2019est aussi \u00e0 cette p\u00e9riode que vous aurez plus de chances de p\u00eacher un poisson tigre.<\/p>\n\n\n\n<p>G\u00e9n\u00e9ralement, la saison des pluies n\u2019est pas recommand\u00e9e pour une visite de la r\u00e9gion de Caprivi. Et pour cause, le risque de paludisme est plus intense et les routes deviennent impraticables. Cela dit, la saison humide apporte \u00e9galement son lot de belles surprises. Notamment des paysages exceptionnels et une meilleure observation des oiseaux migrateurs.<\/p>\n\n\n\n<h2 class=\"wp-block-heading\"><span class=\"ez-toc-section\" id=\"faq\"><\/span><strong>FAQ<\/strong><span class=\"ez-toc-section-end\"><\/span><\/h2>\n\n\n<div id=\"rank-math-faq\" class=\"rank-math-block\">\n<div class=\"rank-math-list \">\n<div id=\"faq-question-1653062005245\" class=\"rank-math-list-item\">\n<h3 class=\"rank-math-question \"><strong>O\u00f9 se trouve la bande de Caprivi ?<\/strong><\/h3>\n<div class=\"rank-math-answer \">\n\n<p>La bande de Caprivi se trouve au nord-est de la Namibie, entre l&rsquo;Angola, la Zambie et le Botswana.<\/p>\n\n<\/div>\n<\/div>\n<div id=\"faq-question-1653062011155\" class=\"rank-math-list-item\">\n<h3 class=\"rank-math-question \"><strong>Quels animaux peut-on voir ?<\/strong><\/h3>\n<div class=\"rank-math-answer \">\n\n<p>Lors de votre s\u00e9jour, vous pourrez observer des antilopes, des \u00e9l\u00e9phants, des z\u00e8bres, des hippopotames, des crocodiles, ainsi que 500 esp\u00e8ces d\u2019oiseaux.<\/p>\n\n<\/div>\n<\/div>\n<\/div>\n<\/div>","protected":false},"excerpt":{"rendered":"<p>Situ\u00e9e au nord-est de la Namibie, entre l\u2019Angola, la Zambie et le Botswana, la bande de Caprivi semble particuli\u00e8rement \u00e9loign\u00e9e du reste du pays. Et pourtant, cette r\u00e9gion verdoyante vous offre des paysages exceptionnels. Pourquoi se rendre \u00e0 la bande de Caprivi ? Une oasis verdoyante Si la Namibie est c\u00e9l\u00e8bre pour son grand d\u00e9sert, &#8230; <a title=\"Bande de Caprivi\" class=\"read-more\" href=\"https:\/\/mistersafari.com\/fr\/safari-namibie\/parcs-reserves\/caprivi-strip\/\" aria-label=\"En savoir plus sur Bande de Caprivi\">Lire la suite<\/a><\/p>\n","protected":false},"author":3,"featured_media":6504,"parent":3258,"menu_order":0,"comment_status":"closed","ping_status":"closed","template":"","meta":{"_acf_changed":false,"footnotes":""},"content_type":[],"country":[],"class_list":{"0":"post-6491","1":"page","2":"type-page","3":"status-publish","4":"has-post-thumbnail","6":"no-featured-image-padding"},"acf":{"hreflang":null},"_links":{"self":[{"href":"https:\/\/mistersafari.com\/fr\/wp-json\/wp\/v2\/pages\/6491","targetHints":{"allow":["GET"]}}],"collection":[{"href":"https:\/\/mistersafari.com\/fr\/wp-json\/wp\/v2\/pages"}],"about":[{"href":"https:\/\/mistersafari.com\/fr\/wp-json\/wp\/v2\/types\/page"}],"author":[{"embeddable":true,"href":"https:\/\/mistersafari.com\/fr\/wp-json\/wp\/v2\/users\/3"}],"replies":[{"embeddable":true,"href":"https:\/\/mistersafari.com\/fr\/wp-json\/wp\/v2\/comments?post=6491"}],"version-history":[{"count":6,"href":"https:\/\/mistersafari.com\/fr\/wp-json\/wp\/v2\/pages\/6491\/revisions"}],"predecessor-version":[{"id":6507,"href":"https:\/\/mistersafari.com\/fr\/wp-json\/wp\/v2\/pages\/6491\/revisions\/6507"}],"up":[{"embeddable":true,"href":"https:\/\/mistersafari.com\/fr\/wp-json\/wp\/v2\/pages\/3258"}],"wp:featuredmedia":[{"embeddable":true,"href":"https:\/\/mistersafari.com\/fr\/wp-json\/wp\/v2\/media\/6504"}],"wp:attachment":[{"href":"https:\/\/mistersafari.com\/fr\/wp-json\/wp\/v2\/media?parent=6491"}],"wp:term":[{"taxonomy":"content_type","embeddable":true,"href":"https:\/\/mistersafari.com\/fr\/wp-json\/wp\/v2\/content_type?post=6491"},{"taxonomy":"country","embeddable":true,"href":"https:\/\/mistersafari.com\/fr\/wp-json\/wp\/v2\/country?post=6491"}],"curies":[{"name":"wp","href":"https:\/\/api.w.org\/{rel}","templated":true}]}}