{"id":6352,"date":"2022-01-31T11:00:59","date_gmt":"2022-01-31T11:00:59","guid":{"rendered":"https:\/\/mistersafari.com\/fr\/?page_id=6352"},"modified":"2022-10-28T08:28:29","modified_gmt":"2022-10-28T08:28:29","slug":"reserve-linyanti","status":"publish","type":"page","link":"https:\/\/mistersafari.com\/fr\/safari-botswana\/parcs-reserves\/reserve-linyanti\/","title":{"rendered":"La R\u00e9serve de Linyanti"},"content":{"rendered":"\n<p>La r\u00e9serve priv\u00e9e de Linyanti, situ\u00e9e dans le nord du Botswana, est encore peu connue du grand public. Et c\u2019est une bonne chose pour votre safari ! Vous pourrez, en effet, profiter de l\u2019omnipr\u00e9sence de la nature sauvage, sans \u00eatre interrompu par une trop grande activit\u00e9 humaine.<\/p>\n\n\n\n<p>Et le moins que l\u2019on puisse dire, c\u2019est que la r\u00e9serve de Linyanti vous promet de belles surprises, gr\u00e2ce \u00e0 la diversit\u00e9 de sa faune et de sa flore.<\/p>\n\n\n\n<p>Alors si vous souhaitez les d\u00e9couvrir, on vous a concoct\u00e9 un guide avant votre d\u00e9part.<\/p>\n\n\n<div id=\"ez-toc-container\" class=\"ez-toc-v2_0_76 counter-flat ez-toc-counter ez-toc-custom ez-toc-container-direction\">\n<div class=\"ez-toc-title-container\"><p class=\"ez-toc-title\" style=\"cursor:inherit\">Sommaire<\/p>\n<\/div><nav><ul class='ez-toc-list ez-toc-list-level-1 ' ><li class='ez-toc-page-1'><a class=\"ez-toc-link ez-toc-heading-1\" href=\"https:\/\/mistersafari.com\/fr\/safari-botswana\/parcs-reserves\/reserve-linyanti\/#pourquoi-se-rendre-a-la-reserve-de-linyanti\" >Pourquoi se rendre \u00e0 la R\u00e9serve de Linyanti ?<\/a><\/li><li class='ez-toc-page-1'><a class=\"ez-toc-link ez-toc-heading-2\" href=\"https:\/\/mistersafari.com\/fr\/safari-botswana\/parcs-reserves\/reserve-linyanti\/#tarif-et-reglementation\" >Tarif et r\u00e9glementation<\/a><\/li><li class='ez-toc-page-1'><a class=\"ez-toc-link ez-toc-heading-3\" href=\"https:\/\/mistersafari.com\/fr\/safari-botswana\/parcs-reserves\/reserve-linyanti\/#ou-dormir-a-la-reserve-de-linyanti\" >O\u00f9 dormir \u00e0 la R\u00e9serve de Linyanti ?<\/a><\/li><li class='ez-toc-page-1'><a class=\"ez-toc-link ez-toc-heading-4\" href=\"https:\/\/mistersafari.com\/fr\/safari-botswana\/parcs-reserves\/reserve-linyanti\/#reserve-de-linyanti-autres-informations-pratiques\" >R\u00e9serve de Linyanti : autres informations pratiques<\/a><\/li><li class='ez-toc-page-1'><a class=\"ez-toc-link ez-toc-heading-5\" href=\"https:\/\/mistersafari.com\/fr\/safari-botswana\/parcs-reserves\/reserve-linyanti\/#faq\" >FAQ<\/a><\/li><\/ul><\/nav><\/div>\n\n\n\n\n<h2 class=\"wp-block-heading\"><span class=\"ez-toc-section\" id=\"pourquoi-se-rendre-a-la-reserve-de-linyanti\"><\/span><strong>Pourquoi se rendre \u00e0 la R\u00e9serve de Linyanti ?<\/strong><span class=\"ez-toc-section-end\"><\/span><\/h2>\n\n\n\n<h3 class=\"wp-block-heading\"><strong>Faune et flore exceptionnelles<\/strong><\/h3>\n\n\n\n<p>\u00c9tant moins connue que ses voisins (notamment le parc national de Chobe), la r\u00e9serve de Linyanti est sous-exploit\u00e9e. Alors, il y a certes moins d\u2019infrastructures, mais l\u2019environnement sauvage, propre aux safaris africains, est rest\u00e9 intact.<\/p>\n\n\n\n<p>D\u2019abord, au niveau des paysages. Vous pourrez admirer les for\u00eats de mopane, les nombreuses prairies et les marais couverts de roseaux qui sont tous sublim\u00e9s par la rivi\u00e8re Linyanti. Rien qu\u2019\u00e0 la vue de ce d\u00e9cor, la d\u00e9connexion est totale.<\/p>\n\n\n\n<p>Mais ce n\u2019est pas tout ! Le parc naturel de Linyanti vous impressionnera surtout par la diversit\u00e9 de sa faune. Vous pourrez admirer des \u00e9l\u00e9phants, des koudous, des z\u00e8bres, des gnous, des antilopes, des buffles, des girafes, des lycaons, des lions, des l\u00e9opards ou encore des hy\u00e8nes.<\/p>\n\n\n<div class=\"wp-block-image\">\n<figure class=\"aligncenter size-full\"><picture><source srcset=\"https:\/\/mistersafari.com\/fr\/wp-content\/uploads\/sites\/2\/elephants-linyanti.webp 1200w,https:\/\/mistersafari.com\/fr\/wp-content\/uploads\/sites\/2\/elephants-linyanti-300x200.webp 300w,https:\/\/mistersafari.com\/fr\/wp-content\/uploads\/sites\/2\/elephants-linyanti-1024x683.webp 1024w,https:\/\/mistersafari.com\/fr\/wp-content\/uploads\/sites\/2\/elephants-linyanti-768x512.webp 768w\" sizes=\"auto, (max-width: 1200px) 100vw, 1200px\" type=\"image\/webp\"><img src=\"https:\/\/mistersafari.com\/fr\/wp-content\/uploads\/sites\/2\/elephants-linyanti.jpg\" height=\"800\" width=\"1200\" srcset=\"https:\/\/mistersafari.com\/fr\/wp-content\/uploads\/sites\/2\/elephants-linyanti.jpg 1200w, https:\/\/mistersafari.com\/fr\/wp-content\/uploads\/sites\/2\/elephants-linyanti-300x200.jpg 300w, https:\/\/mistersafari.com\/fr\/wp-content\/uploads\/sites\/2\/elephants-linyanti-1024x683.jpg 1024w, https:\/\/mistersafari.com\/fr\/wp-content\/uploads\/sites\/2\/elephants-linyanti-768x512.jpg 768w\" sizes=\"auto, (max-width: 1200px) 100vw, 1200px\" class=\"wp-image-6355 sp-no-webp\" alt=\"elephants au linyanti\" loading=\"lazy\" decoding=\"async\"  > <\/picture><\/figure><\/div>\n\n\n<p>Si vous venez pendant la saison s\u00e8che, vous aurez \u00e9galement l\u2019opportunit\u00e9 de voir les \u00e9l\u00e9phants et les buffles qui se d\u00e9placent en troupeau.<\/p>\n\n\n\n<h3 class=\"wp-block-heading\"><strong>Navigation et croisi\u00e8re sur la rivi\u00e8re Linyanti<\/strong><\/h3>\n\n\n\n<p>La rivi\u00e8re de Linyanti d\u00e9signe une portion du cours d\u2019eau s\u00e9parant la Namibie et le Botswana. Mais ce m\u00eame fleuve porte \u00e9galement les noms de Cuando, Kwando, Mashi ou Chobe. Pour ce qui est de la r\u00e9serve Linyanti, elle se dresse sur la rive sud (c\u00f4t\u00e9 Botswana) de la rivi\u00e8re.<\/p>\n\n\n\n<p>Mais la rivi\u00e8re ne sert pas seulement \u00e0 d\u00e9limiter les fronti\u00e8res du parc. C\u2019est aussi ici que se regroupent la majorit\u00e9 des animaux pour s&rsquo;abreuver. Alors au cours de votre safari, vous allez vous approcher de ce cours d\u2019eau pour apercevoir les diff\u00e9rentes esp\u00e8ces. Mais le meilleur point d\u2019observation reste la rivi\u00e8re en elle-m\u00eame. C\u2019est justement pour cette raison qu\u2019il est possible de faire une croisi\u00e8re \u00e0 bord d\u2019un bateau.<\/p>\n\n\n<div class=\"wp-block-image\">\n<figure class=\"aligncenter size-full\"><picture><source srcset=\"https:\/\/mistersafari.com\/fr\/wp-content\/uploads\/sites\/2\/plan-linyanti.webp 1200w,https:\/\/mistersafari.com\/fr\/wp-content\/uploads\/sites\/2\/plan-linyanti-300x200.webp 300w,https:\/\/mistersafari.com\/fr\/wp-content\/uploads\/sites\/2\/plan-linyanti-1024x683.webp 1024w,https:\/\/mistersafari.com\/fr\/wp-content\/uploads\/sites\/2\/plan-linyanti-768x512.webp 768w\" sizes=\"auto, (max-width: 1200px) 100vw, 1200px\" type=\"image\/webp\"><img src=\"https:\/\/mistersafari.com\/fr\/wp-content\/uploads\/sites\/2\/plan-linyanti.jpg\" height=\"800\" width=\"1200\" srcset=\"https:\/\/mistersafari.com\/fr\/wp-content\/uploads\/sites\/2\/plan-linyanti.jpg 1200w, https:\/\/mistersafari.com\/fr\/wp-content\/uploads\/sites\/2\/plan-linyanti-300x200.jpg 300w, https:\/\/mistersafari.com\/fr\/wp-content\/uploads\/sites\/2\/plan-linyanti-1024x683.jpg 1024w, https:\/\/mistersafari.com\/fr\/wp-content\/uploads\/sites\/2\/plan-linyanti-768x512.jpg 768w\" sizes=\"auto, (max-width: 1200px) 100vw, 1200px\" class=\"wp-image-6353 sp-no-webp\" alt=\"Linyanti plan\" loading=\"lazy\" decoding=\"async\"  > <\/picture><\/figure><\/div>\n\n\n<p>En plus d\u2019admirer les mammif\u00e8res et les oiseaux au bord de l\u2019eau, vous pourrez \u00e9galement voir des dizaines d\u2019hippopotames jouer ou se pr\u00e9lasser \u00e0 l\u2019int\u00e9rieur m\u00eame de la rivi\u00e8re.<\/p>\n\n\n\n<h3 class=\"wp-block-heading\"><strong>Observation des oiseaux<\/strong><\/h3>\n\n\n\n<p>Les passionn\u00e9s d\u2019ornithologie ne seront pas d\u00e9\u00e7us de leur safari dans la r\u00e9serve de Linyanti. Ici, vous pourrez admirer des milliers de sp\u00e9cimens qui viennent migrer au cours de la saison verte (de d\u00e9cembre \u00e0 mars). Parmi les esp\u00e8ces les plus exotiques, vous retrouverez le gu\u00eapier carmin et ses belles couleurs.<\/p>\n\n\n\n<h2 class=\"wp-block-heading\"><span class=\"ez-toc-section\" id=\"tarif-et-reglementation\"><\/span><strong>Tarif et r\u00e9glementation<\/strong><span class=\"ez-toc-section-end\"><\/span><\/h2>\n\n\n\n<h3 class=\"wp-block-heading\"><strong>Tarif<\/strong><\/h3>\n\n\n\n<p>Nous n\u2019avons pas d\u2019informations sur les tarifs appliqu\u00e9s au sein de la r\u00e9serve.<\/p>\n\n\n\n<h3 class=\"wp-block-heading\"><strong>R\u00e9glementation<\/strong><\/h3>\n\n\n\n<p>Comme pour tous les safaris, il s\u2019agit surtout de prot\u00e9ger les esp\u00e8ces pr\u00e9sentes au sein du parc. Ainsi, vous ne devez pas<\/p>\n\n\n\n<ul class=\"wp-block-list\"><li>donner de nourriture aux animaux ;<\/li><li>faire du mal aux diff\u00e9rentes esp\u00e8ces ;<\/li><li>vous approcher trop pr\u00e8s.<\/li><\/ul>\n\n\n\n<p>En outre, vous devrez \u00e9galement pr\u00e9senter vos papiers d\u2019identit\u00e9 lors de votre arriv\u00e9e.<\/p>\n\n\n\n<h2 class=\"wp-block-heading\"><span class=\"ez-toc-section\" id=\"ou-dormir-a-la-reserve-de-linyanti\"><\/span><strong>O\u00f9 dormir \u00e0 la R\u00e9serve de Linyanti ?<\/strong><span class=\"ez-toc-section-end\"><\/span><\/h2>\n\n\n\n<p>Pour profiter des paysages et de la faune sauvage de la r\u00e9serve de Linyanti, il faudra rester plusieurs jours.<\/p>\n\n\n\n<p class=\"callout-green\">Heureusement, cet espace prot\u00e9g\u00e9 dispose de plusieurs campings et lodges \u00e0 destination des voyageurs.<\/p>\n\n\n\n<h3 class=\"wp-block-heading\"><strong>Camping<\/strong><\/h3>\n\n\n\n<p>Voici les principaux campings et lodges au sein de la r\u00e9serve de Linyanti :<\/p>\n\n\n\n<ul class=\"wp-block-list\"><li>Linyanti bush Camp : ce camping vous transporte dans la culture africaine traditionnelle avec diff\u00e9rents artefacts du continent.<\/li><li>Linyanti Ebony : si vous souhaitez profiter du paysage \u00e9poustouflant de la r\u00e9serve d\u00e8s le lever du jour, ce camp est d\u00e9finitivement fait pour vous.<\/li><li>Linyanti exp\u00e9dition : r\u00e9serv\u00e9 aux aventuriers, ce camping vous permet de passer une nuit sous les \u00e9toiles, tout en restant dans un espace s\u00e9curis\u00e9.<\/li><\/ul>\n\n\n\n<h2 class=\"wp-block-heading\"><span class=\"ez-toc-section\" id=\"reserve-de-linyanti-autres-informations-pratiques\"><\/span><strong>R\u00e9serve de Linyanti : autres informations pratiques<\/strong><span class=\"ez-toc-section-end\"><\/span><\/h2>\n\n\n\n<h3 class=\"wp-block-heading\"><strong>G\u00e9ographie<\/strong><\/h3>\n\n\n\n<p>La r\u00e9serve de Linyanti se trouve au nord du Botswana \u00e0 proximit\u00e9 du parc national de Chobe.<\/p>\n\n\n<div class=\"wp-block-image\">\n<figure class=\"aligncenter size-large\"><picture><source srcset=\"https:\/\/mistersafari.com\/fr\/wp-content\/uploads\/sites\/2\/leopards-linyanti-1024x683.webp 1024w,https:\/\/mistersafari.com\/fr\/wp-content\/uploads\/sites\/2\/leopards-linyanti-300x200.webp 300w,https:\/\/mistersafari.com\/fr\/wp-content\/uploads\/sites\/2\/leopards-linyanti-768x512.webp 768w,https:\/\/mistersafari.com\/fr\/wp-content\/uploads\/sites\/2\/leopards-linyanti.webp 1200w\" sizes=\"auto, (max-width: 1024px) 100vw, 1024px\" type=\"image\/webp\"><img src=\"https:\/\/mistersafari.com\/fr\/wp-content\/uploads\/sites\/2\/leopards-linyanti-1024x683.jpg\" height=\"683\" width=\"1024\" srcset=\"https:\/\/mistersafari.com\/fr\/wp-content\/uploads\/sites\/2\/leopards-linyanti-1024x683.jpg 1024w, https:\/\/mistersafari.com\/fr\/wp-content\/uploads\/sites\/2\/leopards-linyanti-300x200.jpg 300w, https:\/\/mistersafari.com\/fr\/wp-content\/uploads\/sites\/2\/leopards-linyanti-768x512.jpg 768w, https:\/\/mistersafari.com\/fr\/wp-content\/uploads\/sites\/2\/leopards-linyanti.jpg 1200w\" sizes=\"auto, (max-width: 1024px) 100vw, 1024px\" class=\"wp-image-6358 sp-no-webp\" alt=\"safari linyanti\" loading=\"lazy\" decoding=\"async\"  > <\/picture><\/figure><\/div>\n\n\n<p>Mais contrairement \u00e0 ce dernier, la r\u00e9serve est plus isol\u00e9e. Vous ne pourrez donc pas y acc\u00e9der en voiture. Pour vous y rendre, vous devrez prendre l\u2019avion. \u00c0 cette fin, vous avez des vols depuis les villes de Kassane ou de Maun. D\u2019ici, il faudra pr\u00e9voir entre 30 \u00e0 45 minutes de trajet. Ensuite, vous atterrirez directement sur une piste de brousse pr\u00e9sente au sein de la r\u00e9serve.<\/p>\n\n\n\n<h3 class=\"wp-block-heading\"><strong>M\u00e9t\u00e9o<\/strong><\/h3>\n\n\n\n<p>Comme de nombreux parcs africains, la r\u00e9serve de Linyanti est caract\u00e9ris\u00e9e par deux saisons :<\/p>\n\n\n\n<ul class=\"wp-block-list\"><li>La saison humide : de d\u00e9cembre \u00e0 mars. On parle aussi de saison verte en raison de l\u2019abondance de la v\u00e9g\u00e9tation \u00e0 cette p\u00e9riode.<\/li><li>La saison humide : elle atteint son maximum entre les mois de juin \u00e0 octobre.<\/li><\/ul>\n\n\n\n<h3 class=\"wp-block-heading\"><strong>Quand visiter ?<\/strong><\/h3>\n\n\n\n<p>Traditionnellement, la saison s\u00e8che est la meilleure pour un safari au sein de la r\u00e9serve de Linyanti. Et pour cause, c\u2019est \u00e0 ce moment que vous pourrez pleinement profiter de l\u2019observation des animaux sauvages. \u00c0 cause du manque d\u2019eau, ils se regroupent tous autour de la rivi\u00e8re.<\/p>\n\n\n\n<p>Pour autant, vous pouvez \u00e9galement partir en plein milieu de la saison verte. Du fait des pluies, le paysage est absolument exceptionnel. Mais en plus de vous permettre de prendre de belles photos, c\u2019est aussi la p\u00e9riode des migrations et des naissances.<\/p>\n\n\n\n<p class=\"callout-green\">Alors que vous soyez ornithologue ou photographe, la saison est id\u00e9ale pour vous.<\/p>\n\n\n\n<h2 class=\"wp-block-heading\"><span class=\"ez-toc-section\" id=\"faq\"><\/span>FAQ<span class=\"ez-toc-section-end\"><\/span><\/h2>\n\n\n<div id=\"rank-math-faq\" class=\"rank-math-block\">\n<div class=\"rank-math-list \">\n<div id=\"faq-question-1643624011911\" class=\"rank-math-list-item\">\n<h3 class=\"rank-math-question \"><strong>O\u00f9 se trouve la R\u00e9serve de Linyanti ?<\/strong><\/h3>\n<div class=\"rank-math-answer \">\n\n<p>La r\u00e9serve de Linyanti se situe au nord du Botswana.<\/p>\n\n<\/div>\n<\/div>\n<div id=\"faq-question-1643624021432\" class=\"rank-math-list-item\">\n<h3 class=\"rank-math-question \"><strong>Quels animaux peut-on voir ?<\/strong><\/h3>\n<div class=\"rank-math-answer \">\n\n<p>La r\u00e9serve de Linyanti accueille des \u00e9l\u00e9phants, des koudous, des z\u00e8bres, des gnous, des antilopes, des buffles, des girafes, des lycaons, des lions, des l\u00e9opards ou encore des hy\u00e8nes.<\/p>\n\n<\/div>\n<\/div>\n<\/div>\n<\/div>","protected":false},"excerpt":{"rendered":"<p>La r\u00e9serve priv\u00e9e de Linyanti, situ\u00e9e dans le nord du Botswana, est encore peu connue du grand public. Et c\u2019est une bonne chose pour votre safari ! Vous pourrez, en effet, profiter de l\u2019omnipr\u00e9sence de la nature sauvage, sans \u00eatre interrompu par une trop grande activit\u00e9 humaine. Et le moins que l\u2019on puisse dire, c\u2019est &#8230; <a title=\"La R\u00e9serve de Linyanti\" class=\"read-more\" href=\"https:\/\/mistersafari.com\/fr\/safari-botswana\/parcs-reserves\/reserve-linyanti\/\" aria-label=\"En savoir plus sur La R\u00e9serve de Linyanti\">Lire la suite<\/a><\/p>\n","protected":false},"author":3,"featured_media":6362,"parent":2957,"menu_order":0,"comment_status":"closed","ping_status":"closed","template":"","meta":{"_acf_changed":false,"footnotes":""},"content_type":[23],"country":[27],"class_list":{"0":"post-6352","1":"page","2":"type-page","3":"status-publish","4":"has-post-thumbnail","6":"content_type-parc","7":"country-botswana","8":"no-featured-image-padding"},"acf":{"hreflang":null},"_links":{"self":[{"href":"https:\/\/mistersafari.com\/fr\/wp-json\/wp\/v2\/pages\/6352","targetHints":{"allow":["GET"]}}],"collection":[{"href":"https:\/\/mistersafari.com\/fr\/wp-json\/wp\/v2\/pages"}],"about":[{"href":"https:\/\/mistersafari.com\/fr\/wp-json\/wp\/v2\/types\/page"}],"author":[{"embeddable":true,"href":"https:\/\/mistersafari.com\/fr\/wp-json\/wp\/v2\/users\/3"}],"replies":[{"embeddable":true,"href":"https:\/\/mistersafari.com\/fr\/wp-json\/wp\/v2\/comments?post=6352"}],"version-history":[{"count":12,"href":"https:\/\/mistersafari.com\/fr\/wp-json\/wp\/v2\/pages\/6352\/revisions"}],"predecessor-version":[{"id":6928,"href":"https:\/\/mistersafari.com\/fr\/wp-json\/wp\/v2\/pages\/6352\/revisions\/6928"}],"up":[{"embeddable":true,"href":"https:\/\/mistersafari.com\/fr\/wp-json\/wp\/v2\/pages\/2957"}],"wp:featuredmedia":[{"embeddable":true,"href":"https:\/\/mistersafari.com\/fr\/wp-json\/wp\/v2\/media\/6362"}],"wp:attachment":[{"href":"https:\/\/mistersafari.com\/fr\/wp-json\/wp\/v2\/media?parent=6352"}],"wp:term":[{"taxonomy":"content_type","embeddable":true,"href":"https:\/\/mistersafari.com\/fr\/wp-json\/wp\/v2\/content_type?post=6352"},{"taxonomy":"country","embeddable":true,"href":"https:\/\/mistersafari.com\/fr\/wp-json\/wp\/v2\/country?post=6352"}],"curies":[{"name":"wp","href":"https:\/\/api.w.org\/{rel}","templated":true}]}}