{"id":6217,"date":"2021-12-20T12:26:08","date_gmt":"2021-12-20T12:26:08","guid":{"rendered":"https:\/\/mistersafari.com\/fr\/?page_id=6217"},"modified":"2022-01-03T10:46:37","modified_gmt":"2022-01-03T10:46:37","slug":"ziwa-rhino-sanctuary","status":"publish","type":"page","link":"https:\/\/mistersafari.com\/fr\/safari-ouganda\/parcs-reserves\/ziwa-rhino-sanctuary\/","title":{"rendered":"Ziwa Rhino Sanctuary"},"content":{"rendered":"\n<p>\u00c0 la recherche d\u2019un safari unique en son genre ? Direction l\u2019Ouganda au sein du Ziwa Rhino Sanctuary. Ici, vous d\u00e9couvrirez une vingtaine de rhinoc\u00e9ros sauvages pour une exp\u00e9rience incroyable. Sans oublier, les milliers d\u2019oiseaux qui se cachent dans la r\u00e9serve. Mais avant de r\u00e9server vos billets, voici nos conseils de voyage.<\/p>\n\n\n<div id=\"ez-toc-container\" class=\"ez-toc-v2_0_76 counter-flat ez-toc-counter ez-toc-custom ez-toc-container-direction\">\n<div class=\"ez-toc-title-container\"><p class=\"ez-toc-title\" style=\"cursor:inherit\">Sommaire<\/p>\n<\/div><nav><ul class='ez-toc-list ez-toc-list-level-1 ' ><li class='ez-toc-page-1'><a class=\"ez-toc-link ez-toc-heading-1\" href=\"https:\/\/mistersafari.com\/fr\/safari-ouganda\/parcs-reserves\/ziwa-rhino-sanctuary\/#pourquoi-se-rendre-au-ziwa-rhino-sanctuary\" >Pourquoi se rendre au Ziwa Rhino Sanctuary ?<\/a><\/li><li class='ez-toc-page-1'><a class=\"ez-toc-link ez-toc-heading-2\" href=\"https:\/\/mistersafari.com\/fr\/safari-ouganda\/parcs-reserves\/ziwa-rhino-sanctuary\/#tarif-et-reglementation\" >Tarif et r\u00e9glementation<\/a><\/li><li class='ez-toc-page-1'><a class=\"ez-toc-link ez-toc-heading-3\" href=\"https:\/\/mistersafari.com\/fr\/safari-ouganda\/parcs-reserves\/ziwa-rhino-sanctuary\/#ou-dormir-au-ziwa-rhino-sanctuary\" >O\u00f9 dormir au Ziwa Rhino Sanctuary ?<\/a><\/li><li class='ez-toc-page-1'><a class=\"ez-toc-link ez-toc-heading-4\" href=\"https:\/\/mistersafari.com\/fr\/safari-ouganda\/parcs-reserves\/ziwa-rhino-sanctuary\/#ziwa-rhino-sanctuary-autres-informations-pratiques\" >Ziwa Rhino Sanctuary : autres informations pratiques<\/a><\/li><li class='ez-toc-page-1'><a class=\"ez-toc-link ez-toc-heading-5\" href=\"https:\/\/mistersafari.com\/fr\/safari-ouganda\/parcs-reserves\/ziwa-rhino-sanctuary\/#faq\" >FAQ<\/a><\/li><\/ul><\/nav><\/div>\n\n\n\n\n<h2 class=\"wp-block-heading\"><span class=\"ez-toc-section\" id=\"pourquoi-se-rendre-au-ziwa-rhino-sanctuary\"><\/span><strong>Pourquoi se rendre au Ziwa Rhino Sanctuary ?<\/strong><span class=\"ez-toc-section-end\"><\/span><\/h2>\n\n\n\n<h3 class=\"wp-block-heading\"><strong>Randonn\u00e9e Rhino \u00e0 pied<\/strong><\/h3>\n\n\n\n<p>Le sanctuaire de rhinoc\u00e9ros de Ziwa est la seule r\u00e9serve d\u2019Ouganda \u00e0 accueillir des rhinoc\u00e9ros sauvages. \u00c0 ce titre, c\u2019est aussi le seul lieu de reproduction de cette esp\u00e8ce.<\/p>\n\n\n\n<p>En effet, \u00e0 cause des guerres des ann\u00e9es 1970, de nombreux rhinoc\u00e9ros furent assassin\u00e9s, jusqu\u2019\u00e0 \u00eatre menac\u00e9s d\u2019extinction. C\u2019est ainsi que le sanctuaire a \u00e9t\u00e9 \u00e9tabli afin de r\u00e9introduire cette esp\u00e8ce \u00e0 l\u2019\u00e9tat sauvage.<\/p>\n\n\n\n<div class=\"wp-block-image\"><figure class=\"aligncenter size-full\"><picture><source srcset=\"https:\/\/mistersafari.com\/fr\/wp-content\/uploads\/sites\/2\/ziwa-rhino-entry.webp 1200w,https:\/\/mistersafari.com\/fr\/wp-content\/uploads\/sites\/2\/ziwa-rhino-entry-300x225.webp 300w,https:\/\/mistersafari.com\/fr\/wp-content\/uploads\/sites\/2\/ziwa-rhino-entry-1024x768.webp 1024w,https:\/\/mistersafari.com\/fr\/wp-content\/uploads\/sites\/2\/ziwa-rhino-entry-768x576.webp 768w\" sizes=\"auto, (max-width: 1200px) 100vw, 1200px\" type=\"image\/webp\"><img src=\"https:\/\/mistersafari.com\/fr\/wp-content\/uploads\/sites\/2\/ziwa-rhino-entry.jpg\" height=\"900\" width=\"1200\" srcset=\"https:\/\/mistersafari.com\/fr\/wp-content\/uploads\/sites\/2\/ziwa-rhino-entry.jpg 1200w, https:\/\/mistersafari.com\/fr\/wp-content\/uploads\/sites\/2\/ziwa-rhino-entry-300x225.jpg 300w, https:\/\/mistersafari.com\/fr\/wp-content\/uploads\/sites\/2\/ziwa-rhino-entry-1024x768.jpg 1024w, https:\/\/mistersafari.com\/fr\/wp-content\/uploads\/sites\/2\/ziwa-rhino-entry-768x576.jpg 768w\" sizes=\"auto, (max-width: 1200px) 100vw, 1200px\" class=\"wp-image-6222 sp-no-webp\" alt=\"\" loading=\"lazy\" decoding=\"async\"  > <\/picture><\/figure><\/div>\n\n\n\n<p>Lors de votre visite, vous d\u00e9couvrirez une vingtaine de rhinoc\u00e9ros blancs du Sud. Accompagn\u00e9 d\u2019un ranger exp\u00e9riment\u00e9, vous pourrez les approcher \u00e0 seulement quelques m\u00e8tres pour une exp\u00e9rience inoubliable.<\/p>\n\n\n\n<p>En outre, ces randonn\u00e9es vous permettront d\u2019admirer les autres esp\u00e8ces pr\u00e9sentes dans le parc. Par exemple les kobs ougandais, les crocodiles, les antilopes, les hippopotames, les daims de brousse, les daims d&rsquo;eau, etc.<\/p>\n\n\n\n<h3 class=\"wp-block-heading\"><strong>Promenade en cano\u00eb<\/strong><\/h3>\n\n\n\n<p>Lors de votre visite au Ziwa Rhino Sanctuary, n\u2019h\u00e9sitez pas \u00e0 varier les plaisirs en changeant de moyen de locomotion. Pour cela, une balade en cano\u00eb vous offre une d\u00e9connexion totale. C\u2019est aussi le meilleur moyen d\u2019observer les cigognes \u00e0 bec-en-sabot, l\u2019autre animal incontournable du parc. Et pour cause, le sanctuaire figure parmi l\u2019un des seuls endroits o\u00f9 son observation est possible.<\/p>\n\n\n\n<p>Et bien s\u00fbr, une promenade en cano\u00eb vous permettra de d\u00e9couvrir les autres oiseaux aquatiques. Sans oublier les crocodiles et les hippopotames qui passent la majorit\u00e9 de leur temps dans l\u2019eau.<\/p>\n\n\n\n<div class=\"wp-block-image\"><figure class=\"aligncenter size-full\"><picture><source srcset=\"https:\/\/mistersafari.com\/fr\/wp-content\/uploads\/sites\/2\/ziwa-canoe.webp 1200w,https:\/\/mistersafari.com\/fr\/wp-content\/uploads\/sites\/2\/ziwa-canoe-300x200.webp 300w,https:\/\/mistersafari.com\/fr\/wp-content\/uploads\/sites\/2\/ziwa-canoe-1024x683.webp 1024w,https:\/\/mistersafari.com\/fr\/wp-content\/uploads\/sites\/2\/ziwa-canoe-768x512.webp 768w\" sizes=\"auto, (max-width: 1200px) 100vw, 1200px\" type=\"image\/webp\"><img src=\"https:\/\/mistersafari.com\/fr\/wp-content\/uploads\/sites\/2\/ziwa-canoe.jpg\" height=\"800\" width=\"1200\" srcset=\"https:\/\/mistersafari.com\/fr\/wp-content\/uploads\/sites\/2\/ziwa-canoe.jpg 1200w, https:\/\/mistersafari.com\/fr\/wp-content\/uploads\/sites\/2\/ziwa-canoe-300x200.jpg 300w, https:\/\/mistersafari.com\/fr\/wp-content\/uploads\/sites\/2\/ziwa-canoe-1024x683.jpg 1024w, https:\/\/mistersafari.com\/fr\/wp-content\/uploads\/sites\/2\/ziwa-canoe-768x512.jpg 768w\" sizes=\"auto, (max-width: 1200px) 100vw, 1200px\" class=\"wp-image-6223 sp-no-webp\" alt=\"promenade canoe ziwa rhino\" loading=\"lazy\" decoding=\"async\"  > <\/picture><\/figure><\/div>\n\n\n\n<h3 class=\"wp-block-heading\"><strong>Balade ornithologique<\/strong><\/h3>\n\n\n\n<p>Pour les amateurs d\u2019ornithologie, le Ziwa Rhino Sanctuary est un v\u00e9ritable petit paradis. Et pour cause, il accueille plus de 300 esp\u00e8ces d&rsquo;oiseaux, qui se d\u00e9veloppent dans une grande vari\u00e9t\u00e9 de paysages. Vous en verrez, par exemple, dans les marais, dans la savane ou dans les bois.<\/p>\n\n\n\n<p>Et pour les plus t\u00e9m\u00e9raires, les promenades nocturnes vous offrent un spectacle unique en son genre. Ici, votre vue ne sera pas tant sollicit\u00e9e. En revanche, tous vos autres sens seront en alerte. \u00c9coutez les bruits de la nature sauvage et concentrez-vous sur vos sensations.<\/p>\n\n\n\n<p class=\"callout-green\">Pour les plus visuels, il vous suffit de lever la t\u00eate. Le ciel et les \u00e9toiles sauront vous illuminer lors de cette balade en pleine nuit.<\/p>\n\n\n\n<h2 class=\"wp-block-heading\"><span class=\"ez-toc-section\" id=\"tarif-et-reglementation\"><\/span><strong>Tarif et r\u00e9glementation<\/strong><span class=\"ez-toc-section-end\"><\/span><\/h2>\n\n\n\n<h3 class=\"wp-block-heading\"><strong>Tarif<\/strong><\/h3>\n\n\n\n<p>L\u2019entr\u00e9e du parc est de 20 $ par personne.<\/p>\n\n\n\n<p>\u00c0 cela s\u2019ajoutent d\u2019autres frais en fonction des activit\u00e9s :<\/p>\n\n\n\n<ul class=\"wp-block-list\"><li>Randonn\u00e9e de rhinoc\u00e9ros : 30 $<\/li><li>Cano\u00eb : 25 $<\/li><li>Observation des oiseaux : 20 $<\/li><\/ul>\n\n\n\n<h3 class=\"wp-block-heading\"><strong>R\u00e9glementation<\/strong><\/h3>\n\n\n\n<p>Le parc est ouvert entre 7h00 et 18h00. Lors de votre arriv\u00e9e, les rangers vous informent des r\u00e8gles \u00e0 respecter afin de garantir votre s\u00e9curit\u00e9. Par exemple : <\/p>\n\n\n\n<ul class=\"wp-block-list\"><li>Le flash et le son de votre cam\u00e9ra doivent \u00eatre d\u00e9sactiv\u00e9s ;<\/li><li>En cas de charge par un rhinoc\u00e9ros, vous devez vous cacher dans la brousse ou grimper aux arbres ;<\/li><li>Il est interdit de s\u2019approcher \u00e0 plus de 6 ou 7 m\u00e8tres des rhinoc\u00e9ros (et seulement si vous \u00eates accompagn\u00e9 d\u2019un ranger).<\/li><\/ul>\n\n\n\n<h2 class=\"wp-block-heading\"><span class=\"ez-toc-section\" id=\"ou-dormir-au-ziwa-rhino-sanctuary\"><\/span><strong>O\u00f9 dormir au Ziwa Rhino Sanctuary ?<\/strong><span class=\"ez-toc-section-end\"><\/span><\/h2>\n\n\n\n<p>Le Rhino Sanctuary de Ziwa propose plusieurs h\u00e9bergements pour tous les budgets. <\/p>\n\n\n\n<h3 class=\"wp-block-heading\"><strong>Camping<\/strong><\/h3>\n\n\n\n<p>Pour ceux qui pr\u00e9f\u00e8rent vivre une exp\u00e9rience au plus proche de la nature, une nuit au camping est \u00e0 privil\u00e9gier. Dans ce cas, il faudra pr\u00e9voir 20 $ par nuit.<\/p>\n\n\n\n<p>Mais attention, sachez qu\u2019il s\u2019agit d\u2019un confort rudimentaire avec l&rsquo;\u00e9lectricit\u00e9 et l\u2019eau chaude en soir\u00e9e.<\/p>\n\n\n\n<h3 class=\"wp-block-heading\"><strong>Maison d&rsquo;h\u00f4tes<\/strong><\/h3>\n\n\n\n<p>Si vous pr\u00e9f\u00e9rez des vacances confortables lors de votre s\u00e9jour au Ziwa Rhino Sanctuary,&nbsp; vous avez le choix entre plusieurs maisons d&rsquo;h\u00f4tes. Par exemple :<\/p>\n\n\n\n<ul class=\"wp-block-list\"><li>Obama<\/li><li>Malaika<\/li><li>Sonic<\/li><li>Augustu<\/li><\/ul>\n\n\n\n<h2 class=\"wp-block-heading\"><span class=\"ez-toc-section\" id=\"ziwa-rhino-sanctuary-autres-informations-pratiques\"><\/span><strong>Ziwa Rhino Sanctuary : autres informations pratiques<\/strong><span class=\"ez-toc-section-end\"><\/span><\/h2>\n\n\n\n<h3 class=\"wp-block-heading\"><strong>G\u00e9ographie<\/strong><\/h3>\n\n\n\n<p>Ziwa Rhino Sanctuary se trouve au nord de Kampala en Ouganda. Pour vous y rendre, il faudra pr\u00e9voir environ 3 heures de route depuis la capitale. <\/p>\n\n\n\n<div class=\"wp-block-image\"><figure class=\"aligncenter size-full\"><picture><source srcset=\"https:\/\/mistersafari.com\/fr\/wp-content\/uploads\/sites\/2\/rhino-ziwa.webp 1200w,https:\/\/mistersafari.com\/fr\/wp-content\/uploads\/sites\/2\/rhino-ziwa-300x200.webp 300w,https:\/\/mistersafari.com\/fr\/wp-content\/uploads\/sites\/2\/rhino-ziwa-1024x683.webp 1024w,https:\/\/mistersafari.com\/fr\/wp-content\/uploads\/sites\/2\/rhino-ziwa-768x512.webp 768w\" sizes=\"auto, (max-width: 1200px) 100vw, 1200px\" type=\"image\/webp\"><img src=\"https:\/\/mistersafari.com\/fr\/wp-content\/uploads\/sites\/2\/rhino-ziwa.jpg\" height=\"800\" width=\"1200\" srcset=\"https:\/\/mistersafari.com\/fr\/wp-content\/uploads\/sites\/2\/rhino-ziwa.jpg 1200w, https:\/\/mistersafari.com\/fr\/wp-content\/uploads\/sites\/2\/rhino-ziwa-300x200.jpg 300w, https:\/\/mistersafari.com\/fr\/wp-content\/uploads\/sites\/2\/rhino-ziwa-1024x683.jpg 1024w, https:\/\/mistersafari.com\/fr\/wp-content\/uploads\/sites\/2\/rhino-ziwa-768x512.jpg 768w\" sizes=\"auto, (max-width: 1200px) 100vw, 1200px\" class=\"wp-image-6218 sp-no-webp\" alt=\"ziwa rhino sanctuary\" loading=\"lazy\" decoding=\"async\"  > <\/picture><\/figure><\/div>\n\n\n\n<h3 class=\"wp-block-heading\"><strong>M\u00e9t\u00e9o<\/strong><\/h3>\n\n\n\n<p>Le parc Ziwa Rhino Sanctuary est caract\u00e9ris\u00e9 par deux saisons :<\/p>\n\n\n\n<ul class=\"wp-block-list\"><li>Saison s\u00e8che : entre d\u00e9cembre et f\u00e9vrier et entre juin et septembre<\/li><li>Saison humide : entre mars et mai et entre octobre et novembre,<\/li><\/ul>\n\n\n\n<p>Cela dit, les temp\u00e9ratures sont agr\u00e9ables tout au long de l\u2019ann\u00e9e.<\/p>\n\n\n\n<h3 class=\"wp-block-heading\"><strong>Quand visiter ?<\/strong><\/h3>\n\n\n\n<p>La meilleure p\u00e9riode pour visiter le Ziwa Rhino Sanctuary se situe pendant la saison s\u00e8che :&nbsp; entre les mois de d\u00e9cembre et f\u00e9vrier ou entre juin et septembre. En effet, c\u2019est pendant cette p\u00e9riode que les animaux se r\u00e9unissent tous autour des points d\u2019eau. Leur observation est ainsi facilit\u00e9e.<\/p>\n\n\n\n<h2 class=\"wp-block-heading\"><span class=\"ez-toc-section\" id=\"faq\"><\/span><strong>FAQ <\/strong><span class=\"ez-toc-section-end\"><\/span><\/h2>\n\n\n<div id=\"rank-math-faq\" class=\"rank-math-block\">\n<div class=\"rank-math-list \">\n<div id=\"faq-question-1640002523540\" class=\"rank-math-list-item\">\n<h3 class=\"rank-math-question \"><strong>O\u00f9 se trouve le Ziwa Rhino Sanctuary ?<\/strong><\/h3>\n<div class=\"rank-math-answer \">\n\n<p>Le Ziwa Rhino Sanctuary est situ\u00e9 \u00e0 180 kilom\u00e8tres au nord de Kampala. Il faudra compter environ 3 heures de route.<\/p>\n\n<\/div>\n<\/div>\n<div id=\"faq-question-1640002546608\" class=\"rank-math-list-item\">\n<h3 class=\"rank-math-question \"><strong>Combien co\u00fbte l&rsquo;entr\u00e9e au Ziwa Rhino Sanctuary ?<\/strong><\/h3>\n<div class=\"rank-math-answer \">\n\n<p>L\u2019entr\u00e9e au parc co\u00fbte\u00a0 20 $ par personne.<\/p>\n\n<\/div>\n<\/div>\n<div id=\"faq-question-1640002558068\" class=\"rank-math-list-item\">\n<h3 class=\"rank-math-question \"><strong>Quels animaux peut-on voir ?<\/strong><\/h3>\n<div class=\"rank-math-answer \">\n\n<p>Outre les rhinoc\u00e9ros sauvages, le Ziwa Rhino Sanctuary est \u00e9galement r\u00e9put\u00e9 pour accueillir de nombreuses cigognes \u00e0 bec-en-sabot. En outre, vous pourrez observer des kobs ougandais, des crocodiles, des antilopes, des hippopotames, des daims de brousse et des daims d&rsquo;eau.<\/p>\n\n<\/div>\n<\/div>\n<\/div>\n<\/div>","protected":false},"excerpt":{"rendered":"<p>\u00c0 la recherche d\u2019un safari unique en son genre ? Direction l\u2019Ouganda au sein du Ziwa Rhino Sanctuary. Ici, vous d\u00e9couvrirez une vingtaine de rhinoc\u00e9ros sauvages pour une exp\u00e9rience incroyable. Sans oublier, les milliers d\u2019oiseaux qui se cachent dans la r\u00e9serve. Mais avant de r\u00e9server vos billets, voici nos conseils de voyage. Pourquoi se rendre &#8230; <a title=\"Ziwa Rhino Sanctuary\" class=\"read-more\" href=\"https:\/\/mistersafari.com\/fr\/safari-ouganda\/parcs-reserves\/ziwa-rhino-sanctuary\/\" aria-label=\"En savoir plus sur Ziwa Rhino Sanctuary\">Lire la suite<\/a><\/p>\n","protected":false},"author":3,"featured_media":6224,"parent":3380,"menu_order":3,"comment_status":"closed","ping_status":"closed","template":"","meta":{"_acf_changed":false,"footnotes":""},"content_type":[],"country":[],"class_list":{"0":"post-6217","1":"page","2":"type-page","3":"status-publish","4":"has-post-thumbnail","6":"no-featured-image-padding"},"acf":{"hreflang":null},"_links":{"self":[{"href":"https:\/\/mistersafari.com\/fr\/wp-json\/wp\/v2\/pages\/6217","targetHints":{"allow":["GET"]}}],"collection":[{"href":"https:\/\/mistersafari.com\/fr\/wp-json\/wp\/v2\/pages"}],"about":[{"href":"https:\/\/mistersafari.com\/fr\/wp-json\/wp\/v2\/types\/page"}],"author":[{"embeddable":true,"href":"https:\/\/mistersafari.com\/fr\/wp-json\/wp\/v2\/users\/3"}],"replies":[{"embeddable":true,"href":"https:\/\/mistersafari.com\/fr\/wp-json\/wp\/v2\/comments?post=6217"}],"version-history":[{"count":10,"href":"https:\/\/mistersafari.com\/fr\/wp-json\/wp\/v2\/pages\/6217\/revisions"}],"predecessor-version":[{"id":6263,"href":"https:\/\/mistersafari.com\/fr\/wp-json\/wp\/v2\/pages\/6217\/revisions\/6263"}],"up":[{"embeddable":true,"href":"https:\/\/mistersafari.com\/fr\/wp-json\/wp\/v2\/pages\/3380"}],"wp:featuredmedia":[{"embeddable":true,"href":"https:\/\/mistersafari.com\/fr\/wp-json\/wp\/v2\/media\/6224"}],"wp:attachment":[{"href":"https:\/\/mistersafari.com\/fr\/wp-json\/wp\/v2\/media?parent=6217"}],"wp:term":[{"taxonomy":"content_type","embeddable":true,"href":"https:\/\/mistersafari.com\/fr\/wp-json\/wp\/v2\/content_type?post=6217"},{"taxonomy":"country","embeddable":true,"href":"https:\/\/mistersafari.com\/fr\/wp-json\/wp\/v2\/country?post=6217"}],"curies":[{"name":"wp","href":"https:\/\/api.w.org\/{rel}","templated":true}]}}