{"id":6196,"date":"2021-12-10T14:28:20","date_gmt":"2021-12-10T14:28:20","guid":{"rendered":"https:\/\/mistersafari.com\/fr\/?page_id=6196"},"modified":"2021-12-10T18:02:55","modified_gmt":"2021-12-10T18:02:55","slug":"parc-national-semuliki","status":"publish","type":"page","link":"https:\/\/mistersafari.com\/fr\/safari-ouganda\/parcs-reserves\/parc-national-semuliki\/","title":{"rendered":"Parc National de Semuliki"},"content":{"rendered":"\n<p>La r\u00e9gion de Semuliki (parfois appel\u00e9 Semliki) est un lieu sauvage o\u00f9 la nature reste intouch\u00e9e. Au c\u0153ur du parc du m\u00eame nom, les nombreux oiseaux c\u00f4toient des animaux sauvages embl\u00e9matiques de l&rsquo;Afrique. Ils profitent d&rsquo;une v\u00e9g\u00e9tation riche et abondante. Et malgr\u00e9 tous ces attraits, le Parc National de Semuliki reste encore peu connu. Vous souhaitez d\u00e9couvrir ce lieu paisible et naturel ? Suivez notre guide pour pr\u00e9parer votre visite du Parc National de Semuliki.<\/p>\n\n\n<div id=\"ez-toc-container\" class=\"ez-toc-v2_0_76 counter-flat ez-toc-counter ez-toc-custom ez-toc-container-direction\">\n<div class=\"ez-toc-title-container\"><p class=\"ez-toc-title\" style=\"cursor:inherit\">Sommaire<\/p>\n<\/div><nav><ul class='ez-toc-list ez-toc-list-level-1 ' ><li class='ez-toc-page-1'><a class=\"ez-toc-link ez-toc-heading-1\" href=\"https:\/\/mistersafari.com\/fr\/safari-ouganda\/parcs-reserves\/parc-national-semuliki\/#pourquoi-se-rendre-au-parc-national-de-semuliki\">Pourquoi se rendre au Parc National de Semuliki ?<\/a><\/li><li class='ez-toc-page-1'><a class=\"ez-toc-link ez-toc-heading-2\" href=\"https:\/\/mistersafari.com\/fr\/safari-ouganda\/parcs-reserves\/parc-national-semuliki\/#tarif-et-reglementation\">Tarif et r\u00e9glementation<\/a><\/li><li class='ez-toc-page-1'><a class=\"ez-toc-link ez-toc-heading-3\" href=\"https:\/\/mistersafari.com\/fr\/safari-ouganda\/parcs-reserves\/parc-national-semuliki\/#ou-dormir-au-parc-national-de-semuliki\">O\u00f9 dormir au Parc National de Semuliki ?<\/a><\/li><li class='ez-toc-page-1'><a class=\"ez-toc-link ez-toc-heading-4\" href=\"https:\/\/mistersafari.com\/fr\/safari-ouganda\/parcs-reserves\/parc-national-semuliki\/#parc-national-de-semuliki-autres-informations-pratiques\">Parc National de Semuliki : autres informations pratiques<\/a><\/li><li class='ez-toc-page-1'><a class=\"ez-toc-link ez-toc-heading-5\" href=\"https:\/\/mistersafari.com\/fr\/safari-ouganda\/parcs-reserves\/parc-national-semuliki\/#faq\">FAQ<\/a><\/li><\/ul><\/nav><\/div>\n\n\n\n\n<h2 class=\"wp-block-heading\"><span class=\"ez-toc-section\" id=\"pourquoi-se-rendre-au-parc-national-de-semuliki\"><\/span>Pourquoi se rendre au Parc National <strong>de<\/strong> Semuliki <strong>?<\/strong><span class=\"ez-toc-section-end\"><\/span><\/h2>\n\n\n\n<h3 class=\"wp-block-heading\">Promenades et randonn\u00e9es<\/h3>\n\n\n\n<p>Situ\u00e9 \u00e0 environ 700 m\u00e8tres d&rsquo;altitude en moyenne, le Parc National de Semuliki pr\u00e9sente un relief l\u00e9g\u00e8rement vallonn\u00e9. Il existe de nombreux chemins de randonn\u00e9e, permettant de faire des balades de quelques heures jusqu&rsquo;\u00e0 la journ\u00e9e enti\u00e8re. En empruntant ces sentiers, vous r\u00e9alisez un safari dans le Parc National de Semuliki \u00e0 pied et partez \u00e0 la rencontre des animaux dans leur environnement naturel : chimpanz\u00e9s, oiseaux, &#8230; Les paysages sont aussi \u00e9poustouflants avec une alternance de vastes \u00e9tendues et de for\u00eats.<\/p>\n\n\n\n<div class=\"wp-block-image\"><figure class=\"aligncenter size-full\"><picture><source srcset=\"https:\/\/mistersafari.com\/fr\/wp-content\/uploads\/sites\/2\/bec-en-sabot-du-nil.webp 1200w,https:\/\/mistersafari.com\/fr\/wp-content\/uploads\/sites\/2\/bec-en-sabot-du-nil-300x225.webp 300w,https:\/\/mistersafari.com\/fr\/wp-content\/uploads\/sites\/2\/bec-en-sabot-du-nil-1024x768.webp 1024w,https:\/\/mistersafari.com\/fr\/wp-content\/uploads\/sites\/2\/bec-en-sabot-du-nil-768x576.webp 768w\" sizes=\"auto, (max-width: 1200px) 100vw, 1200px\" type=\"image\/webp\"><img src=\"https:\/\/mistersafari.com\/fr\/wp-content\/uploads\/sites\/2\/bec-en-sabot-du-nil.jpg\" height=\"900\" width=\"1200\" srcset=\"https:\/\/mistersafari.com\/fr\/wp-content\/uploads\/sites\/2\/bec-en-sabot-du-nil.jpg 1200w, https:\/\/mistersafari.com\/fr\/wp-content\/uploads\/sites\/2\/bec-en-sabot-du-nil-300x225.jpg 300w, https:\/\/mistersafari.com\/fr\/wp-content\/uploads\/sites\/2\/bec-en-sabot-du-nil-1024x768.jpg 1024w, https:\/\/mistersafari.com\/fr\/wp-content\/uploads\/sites\/2\/bec-en-sabot-du-nil-768x576.jpg 768w\" sizes=\"auto, (max-width: 1200px) 100vw, 1200px\" class=\"wp-image-6204 sp-no-webp\" alt=\"Shoebill Stork\" loading=\"lazy\" decoding=\"async\"  > <\/picture><figcaption>Le Bec-en-sabot du Nil<\/figcaption><\/figure><\/div>\n\n\n\n<h3 class=\"wp-block-heading\">Biodiversit\u00e9 faune &amp; flore<\/h3>\n\n\n\n<p>Malgr\u00e9 sa petite taille d&rsquo;environ 200 km2, le Parc National de Semuliki poss\u00e8de une faune et une flore tr\u00e8s diversifi\u00e9es.<\/p>\n\n\n\n<p>Il s&rsquo;agit notamment d&rsquo;un paradis pour les ornithologues qui pourront y observer plus de 400 esp\u00e8ces d&rsquo;oiseaux, dont 30 esp\u00e8ces end\u00e9miques. C&rsquo;est sans compter la multitude de papillons : plus de 300 esp\u00e8ces y ont \u00e9t\u00e9 recens\u00e9es. Les mar\u00e9cages attirent de nombreux oiseaux aquatiques alors que les autres esp\u00e8ces pr\u00e9f\u00e8rent les for\u00eats tropicales.<\/p>\n\n\n\n<p>En effet, la flore de Semuliki se d\u00e9veloppe gr\u00e2ce \u00e0 un \u00e9cosyst\u00e8me riche. Les paysages sont vari\u00e9s avec des plaines de savane ponctu\u00e9es d&rsquo;acacias et des for\u00eats surtout en bord de rivi\u00e8re.<\/p>\n\n\n\n<p>Retour du c\u00f4t\u00e9 des animaux terrestres avec la pr\u00e9sence d&rsquo;\u00e9l\u00e9phants de for\u00eat, de buffles, de l\u00e9opards, de lions, de phacoch\u00e8res, mais aussi d&rsquo;esp\u00e8ces uniques comme le chevrotain aquatique. Pour finir, le parc est aussi r\u00e9put\u00e9 pour sa population de chimpanz\u00e9s. On compte 8 esp\u00e8ces de primates (colobes, singes \u00e0 queue rouge, &#8230;).<\/p>\n\n\n\n<h3 class=\"wp-block-heading\">Les sources chaudes<\/h3>\n\n\n\n<p>Les sources d&rsquo;eau chaude de Sempaya sont une des attractions phares du Parc National de Semuliki. Il s&rsquo;agit de petits lacs volcaniques o\u00f9 la temp\u00e9rature de l&rsquo;eau peut atteindre les 100\u00b0C par endroits. Gr\u00e2ce \u00e0 une visite guid\u00e9e d&rsquo;une heure, vous en apprendrez plus sur la cr\u00e9ation de ces sources d&rsquo;eau chaude et l&rsquo;utilisation qui en \u00e9tait faite.<\/p>\n\n\n\n<h2 class=\"wp-block-heading\"><span class=\"ez-toc-section\" id=\"tarif-et-reglementation\"><\/span>Tarif et r\u00e9glementation<span class=\"ez-toc-section-end\"><\/span><\/h2>\n\n\n\n<h3 class=\"wp-block-heading\">Tarif<\/h3>\n\n\n\n<p>Pour visiter le Parc National de Semuliki, les tarifs sont les suivants :<\/p>\n\n\n\n<ul class=\"wp-block-list\"><li>35$US par adulte ;<\/li><li>5$US par enfant.<\/li><\/ul>\n\n\n\n<p>Vous devez aussi vous affranchir du tarif applicable aux v\u00e9hicules. Comptez 150$US pour un 4&#215;4.<\/p>\n\n\n\n<p class=\"callout-green\">Diff\u00e9rentes activit\u00e9s payantes sont propos\u00e9es, comme une randonn\u00e9e \u00e0 la d\u00e9couverte des chimpanz\u00e9s pour 30$US par personne.<\/p>\n\n\n\n<h3 class=\"wp-block-heading\">R\u00e9glementation<\/h3>\n\n\n\n<p>Comme dans tous les parcs et r\u00e9serves du pays, il est important de respecter les r\u00e8gles mises en place par les autorit\u00e9s : rester sur les pistes, respecter les horaires, ramasser ses d\u00e9chets, ne pas cueillir de v\u00e9g\u00e9tation, ne pas approcher les animaux, &#8230;<\/p>\n\n\n\n<h2 class=\"wp-block-heading\"><span class=\"ez-toc-section\" id=\"ou-dormir-au-parc-national-de-semuliki\"><\/span>O\u00f9 dormir au Parc National <strong>de<\/strong> Semuliki <strong>?<\/strong><span class=\"ez-toc-section-end\"><\/span><\/h2>\n\n\n\n<p>Les h\u00e9bergements du Parc National de Semuliki sont les suivants :<\/p>\n\n\n\n<ul class=\"wp-block-list\"><li>un camping et des bandas \u00e0 Ntoroko au bord du Lac Albert ;<\/li><li>un camping au si\u00e8ge de la r\u00e9serve \u00e0 Karugutu ;<\/li><li><a href=\"https:\/\/www.tripadvisor.fr\/Hotel_Review-g7791621-d1484538-Reviews-Semliki_Safari_Lodge-Semuliki_National_Park_Western_Region.html\" target=\"_blank\" rel=\"noopener\">Semliki Safari Lodge<\/a> au c\u0153ur du parc ;<\/li><li><a href=\"https:\/\/www.tripadvisor.fr\/Hotel_Review-g2070885-d6158396-Reviews-Ntoroko_Game_Lodge-Bundibugyo_Western_Region.html\" target=\"_blank\" rel=\"noopener\">Ntoroko Game Lodge<\/a> (lodge et camping) \u00e0 Bundibugyo.<\/li><\/ul>\n\n\n\n<h2 class=\"wp-block-heading\"><span class=\"ez-toc-section\" id=\"parc-national-de-semuliki-autres-informations-pratiques\"><\/span>Parc National <strong>de<\/strong> Semuliki : autres informations pratiques<span class=\"ez-toc-section-end\"><\/span><\/h2>\n\n\n\n<h3 class=\"wp-block-heading\">G\u00e9ographie<\/h3>\n\n\n\n<p>Le Parc national de Semuliki se situe \u00e0 l&rsquo;Ouest de l&rsquo;Ouganda, \u00e0 la fronti\u00e8re avec la R\u00e9publique D\u00e9moncratique du Congo. Initialement appel\u00e9 Bwamba Forest, il est devenu Parc National en 1993. 200 km2, 700 m\u00e8tres d&rsquo;altitude en moyenne, c&rsquo;est un petit parc facilement accessible.<\/p>\n\n\n\n<p>C&rsquo;est la plus ancienne r\u00e9serve de faune d\u2019Ouganda. Il est entour\u00e9 du Lac Albert au Nord-Est et des montagnes de Rwenzori au Sud-Ouest.<\/p>\n\n\n\n<h3 class=\"wp-block-heading\">M\u00e9t\u00e9o<\/h3>\n\n\n\n<p>Le Parc National de Semuliki conna\u00eet une alternance entre saison des pluies et saison s\u00e8che, comme le <a href=\"https:\/\/mistersafari.com\/fr\/safari-ouganda\/quand-partir\/\">climat du reste de l&rsquo;Ouganda<\/a>. Les temp\u00e9ratures sont stables sur l&rsquo;ann\u00e9e et oscillent entre 14\u00b0C au plus froid et 27\u00b0C pour les journ\u00e9es les plus chaudes.<\/p>\n\n\n\n<h3 class=\"wp-block-heading\">Quand visiter<\/h3>\n\n\n\n<p>Pour visiter la r\u00e9gion du Parc National de Semuliki, nous vous conseillons de privil\u00e9gier les saisons s\u00e8ches, c&rsquo;est-\u00e0-dire entre fin mai et septembre et entre janvier et f\u00e9vrier. Les routes sont facilement accessibles et les animaux se rassemblent autour des points d&rsquo;eau.<\/p>\n\n\n\n<h2 class=\"wp-block-heading\"><span class=\"ez-toc-section\" id=\"faq\"><\/span>FAQ<span class=\"ez-toc-section-end\"><\/span><\/h2>\n\n\n<div id=\"rank-math-faq\" class=\"rank-math-block\">\n<div class=\"rank-math-list \">\n<div id=\"faq-question-1639145379779\" class=\"rank-math-list-item\">\n<h3 class=\"rank-math-question \">O\u00f9 se trouve le Parc National <strong>de<\/strong> Semuliki ?<\/h3>\n<div class=\"rank-math-answer \">\n\n<p>Le Parc National de Semuliki se situe \u00e0 l&rsquo;Ouest de l&rsquo;Ouganda, \u00e0 la fronti\u00e8re avec la R\u00e9publique d\u00e9mocratique du Congo et au Sud du Lac Albert.<\/p>\n\n<\/div>\n<\/div>\n<div id=\"faq-question-1639145386843\" class=\"rank-math-list-item\">\n<h3 class=\"rank-math-question \">Combien co\u00fbte l&rsquo;entr\u00e9e au Parc National <strong>de<\/strong> Semuliki ?<\/h3>\n<div class=\"rank-math-answer \">\n\n<p>L&rsquo;entr\u00e9e au Parc National de Semuliki co\u00fbte 35$US par adulte et 5$US par enfant, auquel s&rsquo;ajoute le tarif applicable au v\u00e9hicule selon le mod\u00e8le (150$US pour un 4&#215;4 par exemple).<\/p>\n\n<\/div>\n<\/div>\n<div id=\"faq-question-1639145395195\" class=\"rank-math-list-item\">\n<h3 class=\"rank-math-question \">Quels animaux peut-on voir ?<\/h3>\n<div class=\"rank-math-answer \">\n\n<p>Le Parc National de Semuliki est r\u00e9put\u00e9 pour ses oiseaux, papillons et primates mais on peut aussi rencontrer une cinquantaine d&rsquo;esp\u00e8ces mammif\u00e8res : \u00e9l\u00e9phants de for\u00eat, l\u00e9opards, buffles, crocodiles, hippopotames, lions, phacoch\u00e8res, chevrotains aquatiques,&#8230;<\/p>\n\n<\/div>\n<\/div>\n<\/div>\n<\/div>","protected":false},"excerpt":{"rendered":"<p>La r\u00e9gion de Semuliki (parfois appel\u00e9 Semliki) est un lieu sauvage o\u00f9 la nature reste intouch\u00e9e. Au c\u0153ur du parc du m\u00eame nom, les nombreux oiseaux c\u00f4toient des animaux sauvages embl\u00e9matiques de l&rsquo;Afrique. Ils profitent d&rsquo;une v\u00e9g\u00e9tation riche et abondante. Et malgr\u00e9 tous ces attraits, le Parc National de Semuliki reste encore peu connu. Vous &#8230; <a title=\"Parc National de Semuliki\" class=\"read-more\" href=\"https:\/\/mistersafari.com\/fr\/safari-ouganda\/parcs-reserves\/parc-national-semuliki\/\" aria-label=\"En savoir plus sur Parc National de Semuliki\">Lire la suite<\/a><\/p>\n","protected":false},"author":3,"featured_media":6209,"parent":3380,"menu_order":2,"comment_status":"closed","ping_status":"closed","template":"","meta":{"_acf_changed":false,"footnotes":""},"content_type":[],"country":[],"class_list":{"0":"post-6196","1":"page","2":"type-page","3":"status-publish","4":"has-post-thumbnail","6":"no-featured-image-padding"},"acf":{"hreflang":null},"_links":{"self":[{"href":"https:\/\/mistersafari.com\/fr\/wp-json\/wp\/v2\/pages\/6196","targetHints":{"allow":["GET"]}}],"collection":[{"href":"https:\/\/mistersafari.com\/fr\/wp-json\/wp\/v2\/pages"}],"about":[{"href":"https:\/\/mistersafari.com\/fr\/wp-json\/wp\/v2\/types\/page"}],"author":[{"embeddable":true,"href":"https:\/\/mistersafari.com\/fr\/wp-json\/wp\/v2\/users\/3"}],"replies":[{"embeddable":true,"href":"https:\/\/mistersafari.com\/fr\/wp-json\/wp\/v2\/comments?post=6196"}],"version-history":[{"count":8,"href":"https:\/\/mistersafari.com\/fr\/wp-json\/wp\/v2\/pages\/6196\/revisions"}],"predecessor-version":[{"id":6214,"href":"https:\/\/mistersafari.com\/fr\/wp-json\/wp\/v2\/pages\/6196\/revisions\/6214"}],"up":[{"embeddable":true,"href":"https:\/\/mistersafari.com\/fr\/wp-json\/wp\/v2\/pages\/3380"}],"wp:featuredmedia":[{"embeddable":true,"href":"https:\/\/mistersafari.com\/fr\/wp-json\/wp\/v2\/media\/6209"}],"wp:attachment":[{"href":"https:\/\/mistersafari.com\/fr\/wp-json\/wp\/v2\/media?parent=6196"}],"wp:term":[{"taxonomy":"content_type","embeddable":true,"href":"https:\/\/mistersafari.com\/fr\/wp-json\/wp\/v2\/content_type?post=6196"},{"taxonomy":"country","embeddable":true,"href":"https:\/\/mistersafari.com\/fr\/wp-json\/wp\/v2\/country?post=6196"}],"curies":[{"name":"wp","href":"https:\/\/api.w.org\/{rel}","templated":true}]}}