{"id":6136,"date":"2021-12-07T09:56:00","date_gmt":"2021-12-07T09:56:00","guid":{"rendered":"https:\/\/mistersafari.com\/fr\/?page_id=6136"},"modified":"2021-12-07T09:56:01","modified_gmt":"2021-12-07T09:56:01","slug":"parc-national-volcans","status":"publish","type":"page","link":"https:\/\/mistersafari.com\/fr\/safari-rwanda\/parcs-reserves\/parc-national-volcans\/","title":{"rendered":"Parc National des Volcans"},"content":{"rendered":"\n<p>Envie d\u2019une escapade romantique au parc national des volcans&nbsp;? Prenez une pause dans votre quotidien pour d\u00e9compresser. On vous guide dans ce havre de paix o\u00f9 les gorilles ont trouv\u00e9 refuge. Un parc mythique du Rwanda&nbsp;: \u00e0 ne pas manquer&nbsp;!<\/p>\n\n\n\n<h2 class=\"wp-block-heading\"><strong>Pourquoi se rendre au Parc National des Volcans ?<\/strong><\/h2>\n\n\n\n<h3 class=\"wp-block-heading\"><strong>Trek et randonn\u00e9e \u00e0 Virunga<\/strong><\/h3>\n\n\n\n<p>Des paysages \u00e0 couper le souffle. On raconte m\u00eame que les nuages se confondent avec les volcans. Les amoureux de la nature seront charm\u00e9s par ses sentiers escarp\u00e9s et ses panoramas sauvages&nbsp;: le parc national des volcans est l\u2019endroit parfait pour un trek inoubliable.<\/p>\n\n\n\n<h3 class=\"wp-block-heading\"><strong>Rencontre des gorilles<\/strong><\/h3>\n\n\n\n<p>Partir \u00e0 la rencontre des gorilles est l\u2019activit\u00e9 phare du parc national des volcans. Accompagn\u00e9 d\u2019un guide, vous partez \u00e0 leur recherche dans les for\u00eats luxuriantes du parc national des Volcans. En plus de cette activit\u00e9, un incontournable du Rwanda est la c\u00e9r\u00e9monie Kwita Izina&nbsp;: c\u2019est un \u00e9v\u00e8nement o\u00f9 tous les b\u00e9b\u00e9s gorilles sont \u00ab&nbsp;baptis\u00e9s&nbsp;\u00bb, c\u2019est-\u00e0-dire qu\u2019ils re\u00e7oivent un pr\u00e9nom. Il se d\u00e9roule en g\u00e9n\u00e9ral en septembre.<\/p>\n\n\n\n<div class=\"wp-block-image\"><figure class=\"aligncenter size-full\"><picture><source srcset=\"https:\/\/mistersafari.com\/fr\/wp-content\/uploads\/sites\/2\/gorille-volcans.webp 1200w,https:\/\/mistersafari.com\/fr\/wp-content\/uploads\/sites\/2\/gorille-volcans-300x200.webp 300w,https:\/\/mistersafari.com\/fr\/wp-content\/uploads\/sites\/2\/gorille-volcans-1024x681.webp 1024w,https:\/\/mistersafari.com\/fr\/wp-content\/uploads\/sites\/2\/gorille-volcans-768x511.webp 768w\" sizes=\"auto, (max-width: 1200px) 100vw, 1200px\" type=\"image\/webp\"><img src=\"https:\/\/mistersafari.com\/fr\/wp-content\/uploads\/sites\/2\/gorille-volcans.jpg\" height=\"798\" width=\"1200\" srcset=\"https:\/\/mistersafari.com\/fr\/wp-content\/uploads\/sites\/2\/gorille-volcans.jpg 1200w, https:\/\/mistersafari.com\/fr\/wp-content\/uploads\/sites\/2\/gorille-volcans-300x200.jpg 300w, https:\/\/mistersafari.com\/fr\/wp-content\/uploads\/sites\/2\/gorille-volcans-1024x681.jpg 1024w, https:\/\/mistersafari.com\/fr\/wp-content\/uploads\/sites\/2\/gorille-volcans-768x511.jpg 768w\" sizes=\"auto, (max-width: 1200px) 100vw, 1200px\" class=\"wp-image-6140 sp-no-webp\" alt=\"gorille parc national des volcans rwanda\" loading=\"lazy\" decoding=\"async\"  > <\/picture><figcaption>Un b\u00e9b\u00e9 gorille au Parc National des Volcans<\/figcaption><\/figure><\/div>\n\n\n\n<p class=\"callout-blue\"><strong>Bon \u00e0 savoir\u00a0:<\/strong> Dans le parc national des volcans, vous trouverez la tombe de Dian Fossey. Cette primatologue am\u00e9ricaine a consacr\u00e9 sa vie \u00e0 la protection des gorilles.<\/p>\n\n\n\n<h2 class=\"wp-block-heading\"><strong>Tarif et r\u00e9glementation<\/strong><\/h2>\n\n\n\n<h3 class=\"wp-block-heading\"><strong>Tarif<\/strong><\/h3>\n\n\n\n<p>Le co\u00fbt le plus important \u00e0 pr\u00e9voir au parc des volcans est le \u00ab&nbsp;permis gorille&nbsp;\u00bb. C\u2019est ce permis qui vous permet d\u2019\u00eatre accompagn\u00e9 d\u2019un guide local et d\u2019approcher les gorilles. Le tarif est de 1&nbsp;500 $ par personne.<\/p>\n\n\n\n<p class=\"calloout-blue\"><strong>Bon \u00e0 savoir\u00a0: <\/strong>il faut r\u00e9server \u00e0 l\u2019avance pour \u00eatre s\u00fbr d\u2019avoir un permis. En g\u00e9n\u00e9ral entre 6 mois et 1 an.<\/p>\n\n\n\n<h3 class=\"wp-block-heading\"><strong>R\u00e9glementation<\/strong><\/h3>\n\n\n\n<p>Un certain nombre de r\u00e8gles sont \u00e0 respecter pour prot\u00e9ger les gorilles et la biodiversit\u00e9 unique de ce parc national&nbsp;:<\/p>\n\n\n\n<ul class=\"wp-block-list\"><li>ne pas apporter de nourriture dans les sacs \u00e0 dos&nbsp;;<\/li><li>respecter les consignes des guides locaux&nbsp;;<\/li><li>rester \u00e0 au moins 10 m\u00e8tres de distance des gorilles.<\/li><\/ul>\n\n\n\n<p>Vous aurez plus d\u2019informations sur la r\u00e9glementation en vigueur sur place.<\/p>\n\n\n\n<h3 class=\"wp-block-heading\"><strong>O\u00f9 dormir au Parc national des Volcans&nbsp;?<\/strong><\/h3>\n\n\n\n<p>Vous avez plusieurs choix pour dormir au parc national des volcans, l\u2019option la plus fr\u00e9quente est le lodge. Mais vous pourrez aussi vous loger un peu plus loin dans des h\u00f4tels en dehors de la for\u00eat.<\/p>\n\n\n\n<h4 class=\"gb-headline gb-headline-da2095e7 gb-headline-text\">Lodges<\/h4>\n\n\n\n<p>En g\u00e9n\u00e9ral, les lodges comprennent un logement en dur ou semi-dur, un restaurant et un bar. Apr\u00e8s des exp\u00e9ditions haletantes, on est bien content de pouvoir se reposer dans un lieu chaleureux. Certains lodges ont un emplacement privil\u00e9gi\u00e9 comme le Bisate Lodge, emmitoufl\u00e9 dans la nature.<\/p>\n\n\n\n<h4 class=\"gb-headline gb-headline-0a6b97aa gb-headline-text\">H\u00f4tels<\/h4>\n\n\n\n<p>En dehors du parc des volcans, vous pourrez trouver des h\u00f4tels haut de gamme. Certains poss\u00e8dent m\u00eame une piscine. Tout le confort pour vous d\u00e9tendre apr\u00e8s une journ\u00e9e \u00e0 la rencontre des gorilles. Pour trouver l\u2019h\u00f4tel de vos r\u00eaves, il est conseill\u00e9 de vous faire accompagner par un expert du Rwanda ou une agence de voyages.<\/p>\n\n\n\n<h2 class=\"wp-block-heading\"><strong>Parc National des Volcans : autres informations pratiques<\/strong><\/h2>\n\n\n\n<h3 class=\"wp-block-heading\"><strong>G\u00e9ographie<\/strong><\/h3>\n\n\n\n<p>Le parc national des Volcans se situe au nord-ouest de Kigali, \u00e0 une centaine de kilom\u00e8tres de la capitale et \u00e0 la fronti\u00e8re de l\u2019Ouganda et de la R\u00e9publique d\u00e9mocratique du Congo. Les 3 monts principaux sont le mont Karisimbi, Bisoke et Muhabura.<\/p>\n\n\n\n<div class=\"wp-block-image\"><figure class=\"aligncenter size-full\"><picture><source srcset=\"https:\/\/mistersafari.com\/fr\/wp-content\/uploads\/sites\/2\/volcans-parc-rwanda.webp 1200w,https:\/\/mistersafari.com\/fr\/wp-content\/uploads\/sites\/2\/volcans-parc-rwanda-300x200.webp 300w,https:\/\/mistersafari.com\/fr\/wp-content\/uploads\/sites\/2\/volcans-parc-rwanda-1024x683.webp 1024w,https:\/\/mistersafari.com\/fr\/wp-content\/uploads\/sites\/2\/volcans-parc-rwanda-768x512.webp 768w\" sizes=\"auto, (max-width: 1200px) 100vw, 1200px\" type=\"image\/webp\"><img src=\"https:\/\/mistersafari.com\/fr\/wp-content\/uploads\/sites\/2\/volcans-parc-rwanda.jpg\" height=\"800\" width=\"1200\" srcset=\"https:\/\/mistersafari.com\/fr\/wp-content\/uploads\/sites\/2\/volcans-parc-rwanda.jpg 1200w, https:\/\/mistersafari.com\/fr\/wp-content\/uploads\/sites\/2\/volcans-parc-rwanda-300x200.jpg 300w, https:\/\/mistersafari.com\/fr\/wp-content\/uploads\/sites\/2\/volcans-parc-rwanda-1024x683.jpg 1024w, https:\/\/mistersafari.com\/fr\/wp-content\/uploads\/sites\/2\/volcans-parc-rwanda-768x512.jpg 768w\" sizes=\"auto, (max-width: 1200px) 100vw, 1200px\" class=\"wp-image-6156 sp-no-webp\" alt=\"volcans Rwanda\" loading=\"lazy\" decoding=\"async\"  > <\/picture><figcaption><em>Cr\u00e9dits\u00a0<\/em>: <a href=\"https:\/\/www.flickr.com\/photos\/phaselockedloop\/32413217396\/\" target=\"_blank\" data-type=\"URL\" data-id=\"https:\/\/www.flickr.com\/photos\/phaselockedloop\/32413217396\/\" rel=\"noreferrer noopener nofollow\"><em>Volcanoes National Park, Rwanda<\/em><\/a> <em>par <a href=\"https:\/\/www.flickr.com\/photos\/phaselockedloop\/\" target=\"_blank\" data-type=\"URL\" data-id=\"https:\/\/www.flickr.com\/photos\/phaselockedloop\/\" rel=\"noreferrer noopener nofollow\">Maciej<\/a><\/em><br><em>( CC BY <a href=\"https:\/\/creativecommons.org\/licenses\/by-sa\/2.0\/\" target=\"_blank\" data-type=\"URL\" data-id=\"https:\/\/creativecommons.org\/licenses\/by-sa\/2.0\/\" rel=\"noreferrer noopener nofollow\">2.0<\/a>)<\/em><\/figcaption><\/figure><\/div>\n\n\n\n<h3 class=\"wp-block-heading\"><strong>M\u00e9t\u00e9o<\/strong><\/h3>\n\n\n\n<p>Il y a une grande variation d\u2019altitude au parc national des Volcans. Par cons\u00e9quent, la temp\u00e9rature habituelle est d\u2019environ 15 degr\u00e9s mais aux sommets, elle peut descendre jusqu\u2019\u00e0 5 degr\u00e9s.<\/p>\n\n\n\n<p>Le Rwanda a 2 saisons&nbsp;:<\/p>\n\n\n\n<ul class=\"wp-block-list\"><li>La saison s\u00e8che de juin \u00e0 fin ao\u00fbt et la petite saison s\u00e8che de d\u00e9cembre \u00e0 f\u00e9vrier&nbsp;;<\/li><li>La saison des pluies de mars \u00e0 mai et la petite saison des pluies de septembre \u00e0 novembre.<\/li><\/ul>\n\n\n\n<p class=\"callout-blue\"><strong>Bon \u00e0 savoir\u00a0: <\/strong>Pr\u00e9voyez de quoi vous couvrir, surtout pendant la saison des pluies.<\/p>\n\n\n\n<h3 class=\"wp-block-heading\"><strong>Quand partir<\/strong><\/h3>\n\n\n\n<p>Pour partir au parc national des volcans, privil\u00e9giez juin, juillet, ao\u00fbt et septembre, car ce sont les mois avec le moins de pluie. Vos exp\u00e9ditions seront plus agr\u00e9ables et il sera plus facile d\u2019observer les gorilles.<\/p>\n\n\n\n<h2 class=\"wp-block-heading\"><strong>FAQ<\/strong><\/h2>\n\n\n<div id=\"rank-math-faq\" class=\"rank-math-block\">\n<div class=\"rank-math-list \">\n<div id=\"faq-question-1638868770366\" class=\"rank-math-list-item\">\n<h3 class=\"rank-math-question \"><strong>O\u00f9 se trouve le Parc National des Volcans ?<\/strong><\/h3>\n<div class=\"rank-math-answer \">\n\n<p>Le parc national des volcans se trouve au Rwanda, \u00e0 l\u2019ouest de la capitale Kigali.<\/p>\n\n<\/div>\n<\/div>\n<div id=\"faq-question-1638868780028\" class=\"rank-math-list-item\">\n<h3 class=\"rank-math-question \"><strong>Combien co\u00fbte le permis gorille au Rwanda ?<\/strong><\/h3>\n<div class=\"rank-math-answer \">\n\n<p>Le permis gorille co\u00fbte 1\u00a0500 $ par personne au Rwanda.<\/p>\n\n<\/div>\n<\/div>\n<div id=\"faq-question-1638868791027\" class=\"rank-math-list-item\">\n<h3 class=\"rank-math-question \"><strong>Quels animaux peut-on voir ?<\/strong><\/h3>\n<div class=\"rank-math-answer \">\n\n<p>L\u2019animal embl\u00e9matique du parc national des Volcans est le gorille. Vous pourrez aussi voir des hy\u00e8nes tachet\u00e9es, des singes dor\u00e9s, mais aussi des \u00e9l\u00e9phants.<\/p>\n\n<\/div>\n<\/div>\n<\/div>\n<\/div>","protected":false},"excerpt":{"rendered":"<p>Envie d\u2019une escapade romantique au parc national des volcans&nbsp;? Prenez une pause dans votre quotidien pour d\u00e9compresser. On vous guide dans ce havre de paix o\u00f9 les gorilles ont trouv\u00e9 refuge. Un parc mythique du Rwanda&nbsp;: \u00e0 ne pas manquer&nbsp;! Pourquoi se rendre au Parc National des Volcans ? Trek et randonn\u00e9e \u00e0 Virunga Des &#8230; <a title=\"Parc National des Volcans\" class=\"read-more\" href=\"https:\/\/mistersafari.com\/fr\/safari-rwanda\/parcs-reserves\/parc-national-volcans\/\" aria-label=\"En savoir plus sur Parc National des Volcans\">Lire la suite<\/a><\/p>\n","protected":false},"author":3,"featured_media":6159,"parent":5963,"menu_order":2,"comment_status":"closed","ping_status":"closed","template":"","meta":{"_acf_changed":false,"footnotes":""},"content_type":[],"country":[],"class_list":{"0":"post-6136","1":"page","2":"type-page","3":"status-publish","4":"has-post-thumbnail","6":"no-featured-image-padding"},"acf":{"hreflang":null},"_links":{"self":[{"href":"https:\/\/mistersafari.com\/fr\/wp-json\/wp\/v2\/pages\/6136","targetHints":{"allow":["GET"]}}],"collection":[{"href":"https:\/\/mistersafari.com\/fr\/wp-json\/wp\/v2\/pages"}],"about":[{"href":"https:\/\/mistersafari.com\/fr\/wp-json\/wp\/v2\/types\/page"}],"author":[{"embeddable":true,"href":"https:\/\/mistersafari.com\/fr\/wp-json\/wp\/v2\/users\/3"}],"replies":[{"embeddable":true,"href":"https:\/\/mistersafari.com\/fr\/wp-json\/wp\/v2\/comments?post=6136"}],"version-history":[{"count":17,"href":"https:\/\/mistersafari.com\/fr\/wp-json\/wp\/v2\/pages\/6136\/revisions"}],"predecessor-version":[{"id":6162,"href":"https:\/\/mistersafari.com\/fr\/wp-json\/wp\/v2\/pages\/6136\/revisions\/6162"}],"up":[{"embeddable":true,"href":"https:\/\/mistersafari.com\/fr\/wp-json\/wp\/v2\/pages\/5963"}],"wp:featuredmedia":[{"embeddable":true,"href":"https:\/\/mistersafari.com\/fr\/wp-json\/wp\/v2\/media\/6159"}],"wp:attachment":[{"href":"https:\/\/mistersafari.com\/fr\/wp-json\/wp\/v2\/media?parent=6136"}],"wp:term":[{"taxonomy":"content_type","embeddable":true,"href":"https:\/\/mistersafari.com\/fr\/wp-json\/wp\/v2\/content_type?post=6136"},{"taxonomy":"country","embeddable":true,"href":"https:\/\/mistersafari.com\/fr\/wp-json\/wp\/v2\/country?post=6136"}],"curies":[{"name":"wp","href":"https:\/\/api.w.org\/{rel}","templated":true}]}}