{"id":6054,"date":"2021-11-30T15:43:30","date_gmt":"2021-11-30T15:43:30","guid":{"rendered":"https:\/\/mistersafari.com\/fr\/?page_id=6054"},"modified":"2021-11-30T15:43:30","modified_gmt":"2021-11-30T15:43:30","slug":"parc-lac-mburo","status":"publish","type":"page","link":"https:\/\/mistersafari.com\/fr\/safari-ouganda\/parcs-reserves\/parc-lac-mburo\/","title":{"rendered":"Parc national du Lac Mburo"},"content":{"rendered":"\n<p>Avec une superficie de 260 km\u00b2, le parc national du lac Mburo est le plus petit parc d\u2019Ouganda. Et pourtant, entre les lacs, les montagnes et la faune, la r\u00e9serve vous promet de belles surprises lors de votre safari.<\/p>\n\n\n<div id=\"ez-toc-container\" class=\"ez-toc-v2_0_76 counter-flat ez-toc-counter ez-toc-custom ez-toc-container-direction\">\n<div class=\"ez-toc-title-container\"><p class=\"ez-toc-title\" style=\"cursor:inherit\">Sommaire<\/p>\n<\/div><nav><ul class='ez-toc-list ez-toc-list-level-1 ' ><li class='ez-toc-page-1'><a class=\"ez-toc-link ez-toc-heading-1\" href=\"https:\/\/mistersafari.com\/fr\/safari-ouganda\/parcs-reserves\/parc-lac-mburo\/#pourquoi-se-rendre-au-parc-national-du-lac-mburo\" >Pourquoi se rendre au Parc National du Lac Mburo ?<\/a><\/li><li class='ez-toc-page-1'><a class=\"ez-toc-link ez-toc-heading-2\" href=\"https:\/\/mistersafari.com\/fr\/safari-ouganda\/parcs-reserves\/parc-lac-mburo\/#tarif-et-reglementation\" >Tarif et r\u00e9glementation<\/a><\/li><li class='ez-toc-page-1'><a class=\"ez-toc-link ez-toc-heading-3\" href=\"https:\/\/mistersafari.com\/fr\/safari-ouganda\/parcs-reserves\/parc-lac-mburo\/#ou-dormir-au-parc-national-du-lac-mburo\" >O\u00f9 dormir au Parc National du Lac Mburo ?<\/a><\/li><li class='ez-toc-page-1'><a class=\"ez-toc-link ez-toc-heading-4\" href=\"https:\/\/mistersafari.com\/fr\/safari-ouganda\/parcs-reserves\/parc-lac-mburo\/#parc-national-du-lac-mburo-autres-informations-pratiques\" >Parc National du Lac Mburo : autres informations pratiques<\/a><\/li><li class='ez-toc-page-1'><a class=\"ez-toc-link ez-toc-heading-5\" href=\"https:\/\/mistersafari.com\/fr\/safari-ouganda\/parcs-reserves\/parc-lac-mburo\/#faq\" >FAQ<\/a><\/li><\/ul><\/nav><\/div>\n\n\n\n\n<h2 class=\"wp-block-heading\"><span class=\"ez-toc-section\" id=\"pourquoi-se-rendre-au-parc-national-du-lac-mburo\"><\/span>Pourquoi se rendre au Parc National du Lac Mburo ?<span class=\"ez-toc-section-end\"><\/span><\/h2>\n\n\n\n<h3 class=\"wp-block-heading\"><strong>La diversit\u00e9 de la faune<\/strong><\/h3>\n\n\n\n<p>Lors de votre visite au parc national du Lac Mburo, vous pourrez d\u00e9couvrir jusqu\u2019\u00e0 68 esp\u00e8ces de mammif\u00e8res. Les plus visibles sont incontestablement les z\u00e8bres. Mais vous pourrez aussi observer des \u00e9lans, des buffles, des babouins, des hy\u00e8nes ou des l\u00e9opards.<\/p>\n\n\n\n<p>Et si vous souhaitez d\u00e9couvrir les primates dans leur environnement naturel, un Gorilla Trekking est \u00e9galement pr\u00e9vu. Il vous emm\u00e8ne vers les montagnes de la r\u00e9serve. Sur le chemin, d\u2019autres esp\u00e8ces animales se pr\u00e9senteront \u00e0 vous. En particulier les oiseaux, puisque le parc accueille pr\u00e8s de 300 esp\u00e8ces. Alors pensez \u00e0 lever les yeux au ciel pour les admirer.<\/p>\n\n\n\n<div class=\"wp-block-image\"><figure class=\"aligncenter size-full\"><picture><source srcset=\"https:\/\/mistersafari.com\/fr\/wp-content\/uploads\/sites\/2\/martin-pecheur-mburo.webp 1200w,https:\/\/mistersafari.com\/fr\/wp-content\/uploads\/sites\/2\/martin-pecheur-mburo-300x199.webp 300w,https:\/\/mistersafari.com\/fr\/wp-content\/uploads\/sites\/2\/martin-pecheur-mburo-1024x678.webp 1024w,https:\/\/mistersafari.com\/fr\/wp-content\/uploads\/sites\/2\/martin-pecheur-mburo-768x509.webp 768w\" sizes=\"auto, (max-width: 1200px) 100vw, 1200px\" type=\"image\/webp\"><img src=\"https:\/\/mistersafari.com\/fr\/wp-content\/uploads\/sites\/2\/martin-pecheur-mburo.jpg\" height=\"795\" width=\"1200\" srcset=\"https:\/\/mistersafari.com\/fr\/wp-content\/uploads\/sites\/2\/martin-pecheur-mburo.jpg 1200w, https:\/\/mistersafari.com\/fr\/wp-content\/uploads\/sites\/2\/martin-pecheur-mburo-300x199.jpg 300w, https:\/\/mistersafari.com\/fr\/wp-content\/uploads\/sites\/2\/martin-pecheur-mburo-1024x678.jpg 1024w, https:\/\/mistersafari.com\/fr\/wp-content\/uploads\/sites\/2\/martin-pecheur-mburo-768x509.jpg 768w\" sizes=\"auto, (max-width: 1200px) 100vw, 1200px\" class=\"wp-image-6059 sp-no-webp\" alt=\"Martin-p\u00eacheur Lac Mburo\" loading=\"lazy\" decoding=\"async\"  > <\/picture><figcaption>Martin-p\u00eacheur pie au Lac Mburo<\/figcaption><\/figure><\/div>\n\n\n\n<h3 class=\"wp-block-heading\">C<strong>roisi\u00e8re en bateau<\/strong><\/h3>\n\n\n\n<p>Comme son nom l\u2019indique, le parc du lac Mburo est caract\u00e9ris\u00e9 par la pr\u00e9sence d\u2019un grand lac, celui de Mburo. Mais ce n\u2019est pas le seul. Quatre autres lacs occupent \u00e9galement le paysage.<\/p>\n\n\n\n<p>En plus de vous offrir un panorama exceptionnel, ces \u00e9tendues d\u2019eau vous permettent de d\u00e9couvrir le parc autrement. Et pour cause, les croisi\u00e8res en bateau sont disponibles. Vous pourrez alors observer la faune sauvage facilement, puisque tous les animaux viennent tous s&rsquo;abreuver aux abords des lacs.<\/p>\n\n\n\n<div class=\"wp-block-image\"><figure class=\"aligncenter size-full\"><picture><source srcset=\"https:\/\/mistersafari.com\/fr\/wp-content\/uploads\/sites\/2\/hippos-lac-mburo.webp 1200w,https:\/\/mistersafari.com\/fr\/wp-content\/uploads\/sites\/2\/hippos-lac-mburo-300x200.webp 300w,https:\/\/mistersafari.com\/fr\/wp-content\/uploads\/sites\/2\/hippos-lac-mburo-1024x683.webp 1024w,https:\/\/mistersafari.com\/fr\/wp-content\/uploads\/sites\/2\/hippos-lac-mburo-768x512.webp 768w\" sizes=\"auto, (max-width: 1200px) 100vw, 1200px\" type=\"image\/webp\"><img src=\"https:\/\/mistersafari.com\/fr\/wp-content\/uploads\/sites\/2\/hippos-lac-mburo.jpg\" height=\"800\" width=\"1200\" srcset=\"https:\/\/mistersafari.com\/fr\/wp-content\/uploads\/sites\/2\/hippos-lac-mburo.jpg 1200w, https:\/\/mistersafari.com\/fr\/wp-content\/uploads\/sites\/2\/hippos-lac-mburo-300x200.jpg 300w, https:\/\/mistersafari.com\/fr\/wp-content\/uploads\/sites\/2\/hippos-lac-mburo-1024x683.jpg 1024w, https:\/\/mistersafari.com\/fr\/wp-content\/uploads\/sites\/2\/hippos-lac-mburo-768x512.jpg 768w\" sizes=\"auto, (max-width: 1200px) 100vw, 1200px\" class=\"wp-image-6060 sp-no-webp\" alt=\"hippopotame Lac Mburo\" loading=\"lazy\" decoding=\"async\"  > <\/picture><\/figure><\/div>\n\n\n\n<p>Et \u00e0 l\u2019int\u00e9rieur m\u00eame des lacs, ce sont les hippopotames et crocodiles qui dominent.<\/p>\n\n\n\n<h3 class=\"wp-block-heading\">Safari nocturne<\/h3>\n\n\n\n<p>En journ\u00e9e, la faune sauvage se cache loin des humains. Mais une fois la nuit tomb\u00e9e, les animaux reprennent possession de leur territoire. Alors quoi de mieux qu\u2019un safari nocturne pour les admirer dans leur environnement naturel ? C\u2019est \u00e0 ce moment que les animaux de la savane sortent, en particulier les l\u00e9opards, qui sont peu visibles en journ\u00e9e.<\/p>\n\n\n\n<p>Mais attention, la nuit, les pr\u00e9dateurs r\u00f4dent. Alors pour rester en s\u00e9curit\u00e9 au parc national du lac Mburo, ne partez sans un ranger. Celui-ci saura guider vos pas pour admirer la faune, et ce, sans danger. Ils ont en effet une formation sp\u00e9ciale pour prot\u00e9ger leur vie et celle des visiteurs.<\/p>\n\n\n\n<h2 class=\"wp-block-heading\"><span class=\"ez-toc-section\" id=\"tarif-et-reglementation\"><\/span>Tarif et r\u00e9glementation<span class=\"ez-toc-section-end\"><\/span><\/h2>\n\n\n\n<h3 class=\"wp-block-heading\">Tarif<\/h3>\n\n\n\n<p>L\u2019entr\u00e9e au parc est de 40 $. Et si vous venez avec votre propre v\u00e9hicule (pickup ou 4*4), il faudra pr\u00e9voir 50 $ suppl\u00e9mentaires.<\/p>\n\n\n\n<p>En payant ces frais d\u2019entr\u00e9e, vous participez au d\u00e9veloppement de la r\u00e9gion. Par exemple, la construction de cliniques pour am\u00e9liorer les conditions de vie des locaux.<\/p>\n\n\n\n<h3 class=\"wp-block-heading\">R\u00e9glementation<\/h3>\n\n\n\n<p>Le parc national du lac Mburo pr\u00e9conise plusieurs r\u00e8gles pour le Gorilla Trekking :<\/p>\n\n\n\n<ul class=\"wp-block-list\"><li>Les visites des gorilles se font par groupe de 8 personnes maximum ;<\/li><li>Avant d\u2019approcher les gorilles, il est primordial d\u2019avoir les mains propres ;<\/li><li>Ne pas parler trop fort ;<\/li><li>Ne rien jeter dans le parc, et r\u00e9cup\u00e9rer l\u2019ensemble de ses d\u00e9chets ;<\/li><li>Garder une distance de 6 \u00e0 7 m\u00e8tres avec les gorilles (afin de les prot\u00e9ger des maladies humaines) ;<\/li><li>Il est interdit de boire, fumer en manger en pr\u00e9sence des gorilles ;<\/li><li>Ne pas regarder les gorilles dans les yeux. Et s\u2019ils chargent, il ne faut pas fuir, simplement attendre qu\u2019ils passent.<\/li><li>Il est interdit de mettre le flash sur l\u2019appareil photo.<\/li><\/ul>\n\n\n\n<p>L\u2019ensemble de ces r\u00e8gles s\u2019appliquent pour le reste de la r\u00e9serve. <\/p>\n\n\n\n<p class=\"callout-orange\">Par ailleurs, il est interdit d\u2019apporter des armes ou des munitions dans le parc.<\/p>\n\n\n\n<h2 class=\"wp-block-heading\"><span class=\"ez-toc-section\" id=\"ou-dormir-au-parc-national-du-lac-mburo\"><\/span>O\u00f9 dormir au Parc National du Lac Mburo ?<span class=\"ez-toc-section-end\"><\/span><\/h2>\n\n\n\n<p>Entre les tentes et les lodges grand luxe, il y a une grande diversit\u00e9 d\u2019h\u00e9bergements au parc national du lac Mburo.<\/p>\n\n\n\n<p>Pour vous aider \u00e0 faire votre choix, voici notre s\u00e9lection :<\/p>\n\n\n\n<ul class=\"wp-block-list\"><li>Mburo Safari Lodge : ce lodge \u00e9co-friendly vous offre tout le confort dont vous avez besoin pour votre s\u00e9jour.<\/li><li>Leopard rest camp : ici, vous dormez dans des tentes en plein milieu de la r\u00e9serve pour une exp\u00e9rience unique. Pour autant, le camp dispose de tous les services n\u00e9cessaires pour votre confort : douche, bars, laverie, etc.<\/li><li>Mihingo lodge : avec sa piscine \u00e0 d\u00e9bordement et la vue sur la savane, c\u2019est l\u2019un des meilleurs h\u00e9bergements du parc.<\/li><\/ul>\n\n\n\n<h2 class=\"wp-block-heading\"><span class=\"ez-toc-section\" id=\"parc-national-du-lac-mburo-autres-informations-pratiques\"><\/span>Parc National du Lac Mburo : autres informations pratiques<span class=\"ez-toc-section-end\"><\/span><\/h2>\n\n\n\n<h3 class=\"wp-block-heading\">G\u00e9ographie<\/h3>\n\n\n\n<p>Situ\u00e9 dans le sud-ouest de l\u2019Ouganda, le parc national du lac Mburo se trouve \u00e0 seulement 30 kilom\u00e8tres de la ville de Mbarara. Depuis cette ville, vous pourrez facilement acc\u00e9der \u00e0 l&rsquo;une des entr\u00e9es du parc ; Sanga gate ou Nshara gate.<\/p>\n\n\n\n<p>Et si vous venez de la capitale Kampala, le parc est \u00e0 3 heures 30 de route.<\/p>\n\n\n\n<div class=\"wp-block-image\"><figure class=\"aligncenter size-full\"><picture><source srcset=\"https:\/\/mistersafari.com\/fr\/wp-content\/uploads\/sites\/2\/mburo-lake.webp 1200w,https:\/\/mistersafari.com\/fr\/wp-content\/uploads\/sites\/2\/mburo-lake-300x225.webp 300w,https:\/\/mistersafari.com\/fr\/wp-content\/uploads\/sites\/2\/mburo-lake-1024x768.webp 1024w,https:\/\/mistersafari.com\/fr\/wp-content\/uploads\/sites\/2\/mburo-lake-768x576.webp 768w\" sizes=\"auto, (max-width: 1200px) 100vw, 1200px\" type=\"image\/webp\"><img src=\"https:\/\/mistersafari.com\/fr\/wp-content\/uploads\/sites\/2\/mburo-lake.jpg\" height=\"900\" width=\"1200\" srcset=\"https:\/\/mistersafari.com\/fr\/wp-content\/uploads\/sites\/2\/mburo-lake.jpg 1200w, https:\/\/mistersafari.com\/fr\/wp-content\/uploads\/sites\/2\/mburo-lake-300x225.jpg 300w, https:\/\/mistersafari.com\/fr\/wp-content\/uploads\/sites\/2\/mburo-lake-1024x768.jpg 1024w, https:\/\/mistersafari.com\/fr\/wp-content\/uploads\/sites\/2\/mburo-lake-768x576.jpg 768w\" sizes=\"auto, (max-width: 1200px) 100vw, 1200px\" class=\"wp-image-6061 sp-no-webp\" alt=\"lac mburo\" loading=\"lazy\" decoding=\"async\"  > <\/picture><\/figure><\/div>\n\n\n\n<h3 class=\"wp-block-heading\">M\u00e9t\u00e9o<\/h3>\n\n\n\n<p>Le parc de Mburo conna\u00eet 2 saisons :<\/p>\n\n\n\n<ul class=\"wp-block-list\"><li>Saison s\u00e8che : entre juin et ao\u00fbt \/ d\u00e9cembre et f\u00e9vrier.<\/li><li>Saison humide : entre mars et mai \/ septembre et novembre.<\/li><\/ul>\n\n\n\n<h3 class=\"wp-block-heading\">Quand partir<\/h3>\n\n\n\n<p>Pour b\u00e9n\u00e9ficier des meilleures conditions climatiques et observer la faune, il est pr\u00e9f\u00e9rable de faire un safari au parc national du lac Mburo au milieu de la saison s\u00e8che, soit entre juin et ao\u00fbt.<\/p>\n\n\n\n<p>Cependant, \u00e0 cette p\u00e9riode, les prix sont aussi plus \u00e9lev\u00e9s.<\/p>\n\n\n\n<h2 class=\"wp-block-heading\"><span class=\"ez-toc-section\" id=\"faq\"><\/span>FAQ<span class=\"ez-toc-section-end\"><\/span><\/h2>\n\n\n<div id=\"rank-math-faq\" class=\"rank-math-block\">\n<div class=\"rank-math-list \">\n<div id=\"faq-question-1638284945731\" class=\"rank-math-list-item\">\n<h3 class=\"rank-math-question \">O\u00f9 se trouve le Parc National du Lac Mburo ?<\/h3>\n<div class=\"rank-math-answer \">\n\n<p>Le parc national du lac Mburo en Ouganda se situe \u00e0 seulement 30 kilom\u00e8tres de la ville de Mbarara et \u00e0 235 kilom\u00e8tres de la capitale Kampala.<\/p>\n\n<\/div>\n<\/div>\n<div id=\"faq-question-1638284955788\" class=\"rank-math-list-item\">\n<h3 class=\"rank-math-question \">Combien co\u00fbte l&rsquo;entr\u00e9e au Parc National du Lac Mburo ?<\/h3>\n<div class=\"rank-math-answer \">\n\n<p>L\u2019entr\u00e9e au parc est de 40 $ par personne<\/p>\n\n<\/div>\n<\/div>\n<div id=\"faq-question-1638284963379\" class=\"rank-math-list-item\">\n<h3 class=\"rank-math-question \">Quels animaux peut-on voir ?<\/h3>\n<div class=\"rank-math-answer \">\n\n<p>Vous pourrez observer des z\u00e8bres, des \u00e9lans, des buffles, des babouins, des hy\u00e8nes, des gorilles ou des l\u00e9opards.<\/p>\n\n<\/div>\n<\/div>\n<\/div>\n<\/div>","protected":false},"excerpt":{"rendered":"<p>Avec une superficie de 260 km\u00b2, le parc national du lac Mburo est le plus petit parc d\u2019Ouganda. Et pourtant, entre les lacs, les montagnes et la faune, la r\u00e9serve vous promet de belles surprises lors de votre safari. Pourquoi se rendre au Parc National du Lac Mburo ? La diversit\u00e9 de la faune Lors &#8230; <a title=\"Parc national du Lac Mburo\" class=\"read-more\" href=\"https:\/\/mistersafari.com\/fr\/safari-ouganda\/parcs-reserves\/parc-lac-mburo\/\" aria-label=\"En savoir plus sur Parc national du Lac Mburo\">Lire la suite<\/a><\/p>\n","protected":false},"author":3,"featured_media":6063,"parent":3380,"menu_order":1,"comment_status":"closed","ping_status":"closed","template":"","meta":{"_acf_changed":false,"footnotes":""},"content_type":[],"country":[],"class_list":{"0":"post-6054","1":"page","2":"type-page","3":"status-publish","4":"has-post-thumbnail","6":"no-featured-image-padding"},"acf":{"hreflang":null},"_links":{"self":[{"href":"https:\/\/mistersafari.com\/fr\/wp-json\/wp\/v2\/pages\/6054","targetHints":{"allow":["GET"]}}],"collection":[{"href":"https:\/\/mistersafari.com\/fr\/wp-json\/wp\/v2\/pages"}],"about":[{"href":"https:\/\/mistersafari.com\/fr\/wp-json\/wp\/v2\/types\/page"}],"author":[{"embeddable":true,"href":"https:\/\/mistersafari.com\/fr\/wp-json\/wp\/v2\/users\/3"}],"replies":[{"embeddable":true,"href":"https:\/\/mistersafari.com\/fr\/wp-json\/wp\/v2\/comments?post=6054"}],"version-history":[{"count":16,"href":"https:\/\/mistersafari.com\/fr\/wp-json\/wp\/v2\/pages\/6054\/revisions"}],"predecessor-version":[{"id":6079,"href":"https:\/\/mistersafari.com\/fr\/wp-json\/wp\/v2\/pages\/6054\/revisions\/6079"}],"up":[{"embeddable":true,"href":"https:\/\/mistersafari.com\/fr\/wp-json\/wp\/v2\/pages\/3380"}],"wp:featuredmedia":[{"embeddable":true,"href":"https:\/\/mistersafari.com\/fr\/wp-json\/wp\/v2\/media\/6063"}],"wp:attachment":[{"href":"https:\/\/mistersafari.com\/fr\/wp-json\/wp\/v2\/media?parent=6054"}],"wp:term":[{"taxonomy":"content_type","embeddable":true,"href":"https:\/\/mistersafari.com\/fr\/wp-json\/wp\/v2\/content_type?post=6054"},{"taxonomy":"country","embeddable":true,"href":"https:\/\/mistersafari.com\/fr\/wp-json\/wp\/v2\/country?post=6054"}],"curies":[{"name":"wp","href":"https:\/\/api.w.org\/{rel}","templated":true}]}}