{"id":5940,"date":"2021-11-12T13:10:29","date_gmt":"2021-11-12T13:10:29","guid":{"rendered":"https:\/\/mistersafari.com\/fr\/?page_id=5940"},"modified":"2021-11-12T13:10:30","modified_gmt":"2021-11-12T13:10:30","slug":"parc-national-nyungwe","status":"publish","type":"page","link":"https:\/\/mistersafari.com\/fr\/safari-rwanda\/parcs-reserves\/parc-national-nyungwe\/","title":{"rendered":"Parc National Nyungwe"},"content":{"rendered":"\n<p>Au sud-ouest du Rwanda, en plein milieu d\u2019une plantation de th\u00e9, se trouve le parc national Nyungwe. Il accueille l\u2019une des plus grandes for\u00eats pluviales de l\u2019Afrique de l\u2019Est, mais aussi l\u2019une des mieux pr\u00e9serv\u00e9es. Gr\u00e2ce \u00e0 son \u00e9cosyst\u00e8me unique, la r\u00e9serve naturelle est un lieu de vie id\u00e9al pour les chimpanz\u00e9s. Alors si vous souhaitez admirer les primates, c\u2019est ici que vous devez vous rendre.<\/p>\n\n\n<div id=\"ez-toc-container\" class=\"ez-toc-v2_0_76 counter-flat ez-toc-counter ez-toc-custom ez-toc-container-direction\">\n<div class=\"ez-toc-title-container\"><p class=\"ez-toc-title\" style=\"cursor:inherit\">Sommaire<\/p>\n<\/div><nav><ul class='ez-toc-list ez-toc-list-level-1 ' ><li class='ez-toc-page-1'><a class=\"ez-toc-link ez-toc-heading-1\" href=\"https:\/\/mistersafari.com\/fr\/safari-rwanda\/parcs-reserves\/parc-national-nyungwe\/#pourquoi-se-rendre-au-parc-national-nyungwe\" >Pourquoi se rendre au Parc National Nyungwe ?<\/a><\/li><li class='ez-toc-page-1'><a class=\"ez-toc-link ez-toc-heading-2\" href=\"https:\/\/mistersafari.com\/fr\/safari-rwanda\/parcs-reserves\/parc-national-nyungwe\/#tarif-et-reglementation\" >Tarif et r\u00e9glementation<\/a><\/li><li class='ez-toc-page-1'><a class=\"ez-toc-link ez-toc-heading-3\" href=\"https:\/\/mistersafari.com\/fr\/safari-rwanda\/parcs-reserves\/parc-national-nyungwe\/#ou-dormir-au-parc-national-nyungwe\" >O\u00f9 dormir au Parc National Nyungwe ?<\/a><\/li><li class='ez-toc-page-1'><a class=\"ez-toc-link ez-toc-heading-4\" href=\"https:\/\/mistersafari.com\/fr\/safari-rwanda\/parcs-reserves\/parc-national-nyungwe\/#parc-national-nyungwe-autres-informations-pratiques\" >Parc National Nyungwe : autres informations pratiques<\/a><\/li><li class='ez-toc-page-1'><a class=\"ez-toc-link ez-toc-heading-5\" href=\"https:\/\/mistersafari.com\/fr\/safari-rwanda\/parcs-reserves\/parc-national-nyungwe\/#faq\" >FAQ<\/a><\/li><\/ul><\/nav><\/div>\n\n\n\n\n<h2 class=\"wp-block-heading\"><span class=\"ez-toc-section\" id=\"pourquoi-se-rendre-au-parc-national-nyungwe\"><\/span>Pourquoi se rendre au Parc National Nyungwe ?<span class=\"ez-toc-section-end\"><\/span><\/h2>\n\n\n\n<h3 class=\"wp-block-heading\"><strong>Randonn\u00e9e pour observer les primates<\/strong><\/h3>\n\n\n\n<p>Le parc de Nyungwe est r\u00e9put\u00e9 pour ses primates. En effet, au cours de votre s\u00e9jour, vous pourrez apercevoir jusqu\u2019\u00e0 13 esp\u00e8ces. Parmi les plus connus, il y a \u00e9videmment les chimpanz\u00e9s. Mais ce safari est \u00e9galement l\u2019occasion d\u2019admirer les singes colobes de Rwenzori ou les singes terrestres de l&rsquo;Hoest.<\/p>\n\n\n\n<p>Pour faciliter votre observation, plusieurs activit\u00e9s sont pr\u00e9vues par le parc. Vous pourrez alors s\u00e9lectionner la randonn\u00e9e en fonction des esp\u00e8ces ou du parcours. Et pour cela, vous aurez l\u2019embarras du choix puisque le parc national de Nyungwe vous offre plus de 130 kilom\u00e8tres de sentier.<\/p>\n\n\n\n<div class=\"wp-block-image\"><figure class=\"aligncenter size-full\"><picture><source srcset=\"https:\/\/mistersafari.com\/fr\/wp-content\/uploads\/sites\/2\/chimpanzee-nyungwe.webp 1200w,https:\/\/mistersafari.com\/fr\/wp-content\/uploads\/sites\/2\/chimpanzee-nyungwe-300x200.webp 300w,https:\/\/mistersafari.com\/fr\/wp-content\/uploads\/sites\/2\/chimpanzee-nyungwe-1024x683.webp 1024w,https:\/\/mistersafari.com\/fr\/wp-content\/uploads\/sites\/2\/chimpanzee-nyungwe-768x512.webp 768w\" sizes=\"auto, (max-width: 1200px) 100vw, 1200px\" type=\"image\/webp\"><img src=\"https:\/\/mistersafari.com\/fr\/wp-content\/uploads\/sites\/2\/chimpanzee-nyungwe.jpg\" height=\"800\" width=\"1200\" srcset=\"https:\/\/mistersafari.com\/fr\/wp-content\/uploads\/sites\/2\/chimpanzee-nyungwe.jpg 1200w, https:\/\/mistersafari.com\/fr\/wp-content\/uploads\/sites\/2\/chimpanzee-nyungwe-300x200.jpg 300w, https:\/\/mistersafari.com\/fr\/wp-content\/uploads\/sites\/2\/chimpanzee-nyungwe-1024x683.jpg 1024w, https:\/\/mistersafari.com\/fr\/wp-content\/uploads\/sites\/2\/chimpanzee-nyungwe-768x512.jpg 768w\" sizes=\"auto, (max-width: 1200px) 100vw, 1200px\" class=\"wp-image-5941 sp-no-webp\" alt=\"Chimpanz\u00e9 au Nyungwe\" loading=\"lazy\" decoding=\"async\"  > <\/picture><\/figure><\/div>\n\n\n\n<p>D\u2019ailleurs, ne soyez pas surpris si les singes s\u2019approchent de vous. Le chimpanz\u00e9 trekking \u00e9tant l\u2019une des activit\u00e9s phares du parc, ils sont particuli\u00e8rement habitu\u00e9s aux humains.<\/p>\n\n\n\n<p>Outre les activit\u00e9s, il n\u2019est pas rare de voir les primates \u00e0 proximit\u00e9 des camps.<\/p>\n\n\n\n<h3 class=\"wp-block-heading\">La for\u00eat de Nyungwe<\/h3>\n\n\n\n<p>Les for\u00eats pluviales de montagne ne se retrouvent que dans les zones montagneuses situ\u00e9es \u00e0 plus de 1 000 m d\u2019altitude. Elles vous offrent alors un \u00e9cosyst\u00e8me unique.<\/p>\n\n\n\n<p>D\u2019abord au niveau de la faune sauvage. Entre les oiseaux, les reptiles et les mammif\u00e8res, plus de 1000 esp\u00e8ces s\u2019y cachent. Mais saurez-vous les trouver ? En effet, la densit\u00e9 de la v\u00e9g\u00e9tation rend beaucoup plus difficile l\u2019observation des animaux. Pour ne pas repartir d\u00e9\u00e7u, il est pr\u00e9f\u00e9rable de se faire accompagner par un ranger. Il saura vous guider \u00e0 travers la for\u00eat pour observer les animaux.<\/p>\n\n\n\n<p>Et si vous \u00eates ornithologue (professionnel ou amateur), vous serez enchant\u00e9 par toute la diversit\u00e9 d\u2019oiseaux qui s\u2019y cachent. Nyungwe forest accueille, en effet, plusieurs esp\u00e8ces du Rift Albertin, telles que la paruline de Grauer, le turaco de Rwenzori ou le grand turaco bleu.<\/p>\n\n\n\n<div class=\"wp-block-image\"><figure class=\"aligncenter size-full\"><picture><source srcset=\"https:\/\/mistersafari.com\/fr\/wp-content\/uploads\/sites\/2\/hauteur-nyungwe-.webp 1200w,https:\/\/mistersafari.com\/fr\/wp-content\/uploads\/sites\/2\/hauteur-nyungwe--300x200.webp 300w,https:\/\/mistersafari.com\/fr\/wp-content\/uploads\/sites\/2\/hauteur-nyungwe--1024x683.webp 1024w,https:\/\/mistersafari.com\/fr\/wp-content\/uploads\/sites\/2\/hauteur-nyungwe--768x512.webp 768w\" sizes=\"auto, (max-width: 1200px) 100vw, 1200px\" type=\"image\/webp\"><img src=\"https:\/\/mistersafari.com\/fr\/wp-content\/uploads\/sites\/2\/hauteur-nyungwe-.jpg\" height=\"800\" width=\"1200\" srcset=\"https:\/\/mistersafari.com\/fr\/wp-content\/uploads\/sites\/2\/hauteur-nyungwe-.jpg 1200w, https:\/\/mistersafari.com\/fr\/wp-content\/uploads\/sites\/2\/hauteur-nyungwe--300x200.jpg 300w, https:\/\/mistersafari.com\/fr\/wp-content\/uploads\/sites\/2\/hauteur-nyungwe--1024x683.jpg 1024w, https:\/\/mistersafari.com\/fr\/wp-content\/uploads\/sites\/2\/hauteur-nyungwe--768x512.jpg 768w\" sizes=\"auto, (max-width: 1200px) 100vw, 1200px\" class=\"wp-image-5949 sp-no-webp\" alt=\"for\u00eat Nyungwe \" loading=\"lazy\" decoding=\"async\"  > <\/picture><\/figure><\/div>\n\n\n\n<p>Ensuite au niveau des paysages. La v\u00e9g\u00e9tation et le climat humide vous offrent un panorama de verdure et de couleurs. Et si la vue est magnifique depuis la terre ferme, elle l\u2019est encore plus en prenant de la hauteur. Pour cela, rendez-vous dans la canop\u00e9e. Du haut des arbres, \u00e0 plus de 50 m\u00e8tres au-dessus du sol, vous b\u00e9n\u00e9ficiez d\u2019un panorama exceptionnel sur l\u2019ensemble du parc national de la for\u00eat de Nyungwe. C\u2019est d\u2019ailleurs la seule promenade sur canop\u00e9e de la r\u00e9gion. Alors ne la manquez pas !<\/p>\n\n\n\n<h3 class=\"wp-block-heading\">La rivi\u00e8re Rukarara<\/h3>\n\n\n\n<p>Vous pourrez d\u00e9couvrir la rivi\u00e8re Rukarara lors d\u2019une promenade \u00e0 pied, en barque ou en pirogue. Quel que soit votre moyen de transport, c\u2019est le meilleur point de vue pour admirer la faune sauvage. Mais aussi le paysage, puisque la rivi\u00e8re donne toute sa beaut\u00e9 au parc national de Nyungwe. Et si vous \u00eates amateur de p\u00eache, n\u2019h\u00e9sitez pas \u00e0 apporter votre mat\u00e9riel ou \u00e0 demander les \u00e9quipements n\u00e9cessaires \u00e0 votre lodge.<\/p>\n\n\n\n<p class=\"callout-blue\"><strong>Bon \u00e0 savoir :<\/strong> depuis 2006, la rivi\u00e8re Rukuraka est identifi\u00e9e comme la source la plus lointaine du Nil. Celle-ci prend alors son origine dans un filet d\u2019eau situ\u00e9 \u00e0 2 428 m\u00e8tres d\u2019altitude.<\/p>\n\n\n\n<h2 class=\"wp-block-heading\"><span class=\"ez-toc-section\" id=\"tarif-et-reglementation\"><\/span>Tarif et r\u00e9glementation<span class=\"ez-toc-section-end\"><\/span><\/h2>\n\n\n\n<h3 class=\"wp-block-heading\">Tarif<\/h3>\n\n\n\n<p>Les tarifs d\u2019entr\u00e9e du parc d\u00e9pendent des activit\u00e9s r\u00e9serv\u00e9es. Voici les tarifs applicables :<\/p>\n\n\n\n<ul class=\"wp-block-list\"><li>Chimpanzee trekking : 60 $ par adulte et 30 $ par \u00e9tudiant<\/li><li>Randonn\u00e9e dans la for\u00eat : 40 $ par adulte et 20 $ par \u00e9tudiant<\/li><li>Bird trekking : 50 $ par adulte et 20 $ par \u00e9tudiant<\/li><li>Promenade sur canop\u00e9e : 60 $ par adulte et 30 $ par \u00e9tudiant<\/li><\/ul>\n\n\n\n<h3 class=\"wp-block-heading\">R\u00e9glementation<\/h3>\n\n\n\n<p>Quelques points \u00e0 conna\u00eetre avant votre visite :<\/p>\n\n\n\n<ul class=\"wp-block-list\"><li>Le parc national de Nyungwe est ouvert de 7 h \u00e0 17 h;<\/li><li>Les enfants de moins de 16 ans ne sont pas autoris\u00e9s \u00e0 r\u00e9aliser des randonn\u00e9es avec des chimpanz\u00e9s.<\/li><\/ul>\n\n\n\n<h2 class=\"wp-block-heading\"><span class=\"ez-toc-section\" id=\"ou-dormir-au-parc-national-nyungwe\"><\/span>O\u00f9 dormir au Parc National Nyungwe ?<span class=\"ez-toc-section-end\"><\/span><\/h2>\n\n\n\n<p>Nyungwe national park s\u2019adapte \u00e0 tous les budgets. Vous pourrez ainsi trouver des camps de base avec le confort minimum pour votre s\u00e9jour ou des lodges luxueux.<\/p>\n\n\n\n<p>Pour vous aider \u00e0 faire votre choix, nous vous recommandons les options suivantes :<\/p>\n\n\n\n<ul class=\"wp-block-list\"><li>Gisakura Guest House : \u00e0 seulement 2 kilom\u00e8tres du parc, cette guest house est id\u00e9ale pour les petits budgets.<\/li><li>Nyungwe Top View Hotel : cet h\u00f4tel vous offre une vue exceptionnelle sur la for\u00eat.<\/li><li>Nyungwe Forest Lodge : c\u2019est le premier lodge 5 \u00e9toiles du parc. Un must pour les visiteurs voulant profiter de vacances haut de gamme.<\/li><\/ul>\n\n\n\n<h2 class=\"wp-block-heading\"><span class=\"ez-toc-section\" id=\"parc-national-nyungwe-autres-informations-pratiques\"><\/span>Parc National Nyungwe : autres informations pratiques<span class=\"ez-toc-section-end\"><\/span><\/h2>\n\n\n\n<h3 class=\"wp-block-heading\">G\u00e9ographie<\/h3>\n\n\n\n<p>Le parc national de Nyungwe est situ\u00e9 dans le sud-ouest du Rwanda. Au sud de la r\u00e9serve se trouve le Burundi et \u00e0 l\u2019ouest c\u2019est la R\u00e9publique d\u00e9mocratique du Congo.<\/p>\n\n\n\n<p>Outre ses pays voisins, c\u2019est surtout un parc situ\u00e9 en hauteur : entre 1 600 et 2 950 m\u00e8tres d\u2019altitude.<\/p>\n\n\n\n<div class=\"wp-block-image\"><figure class=\"aligncenter size-full\"><picture><source srcset=\"https:\/\/mistersafari.com\/fr\/wp-content\/uploads\/sites\/2\/vervet-nyungwe.webp 1200w,https:\/\/mistersafari.com\/fr\/wp-content\/uploads\/sites\/2\/vervet-nyungwe-300x200.webp 300w,https:\/\/mistersafari.com\/fr\/wp-content\/uploads\/sites\/2\/vervet-nyungwe-1024x683.webp 1024w,https:\/\/mistersafari.com\/fr\/wp-content\/uploads\/sites\/2\/vervet-nyungwe-768x512.webp 768w\" sizes=\"auto, (max-width: 1200px) 100vw, 1200px\" type=\"image\/webp\"><img src=\"https:\/\/mistersafari.com\/fr\/wp-content\/uploads\/sites\/2\/vervet-nyungwe.jpg\" height=\"800\" width=\"1200\" srcset=\"https:\/\/mistersafari.com\/fr\/wp-content\/uploads\/sites\/2\/vervet-nyungwe.jpg 1200w, https:\/\/mistersafari.com\/fr\/wp-content\/uploads\/sites\/2\/vervet-nyungwe-300x200.jpg 300w, https:\/\/mistersafari.com\/fr\/wp-content\/uploads\/sites\/2\/vervet-nyungwe-1024x683.jpg 1024w, https:\/\/mistersafari.com\/fr\/wp-content\/uploads\/sites\/2\/vervet-nyungwe-768x512.jpg 768w\" sizes=\"auto, (max-width: 1200px) 100vw, 1200px\" class=\"wp-image-5953 sp-no-webp\" alt=\"\" loading=\"lazy\" decoding=\"async\"  > <\/picture><figcaption>Vervet du Nyungwe National Park<\/figcaption><\/figure><\/div>\n\n\n\n<p>Mais rassurez-vous, il est facilement accessible depuis la route ou les transports publics. D\u2019ailleurs, vous avez plusieurs entr\u00e9es en fonction de votre point d\u2019origine :<\/p>\n\n\n\n<ul class=\"wp-block-list\"><li>Depuis Kigali : la porte situ\u00e9e \u00e0 l\u2019est<\/li><li>Depuis Cyangugu ou Kibuyu : la porte ouest.<\/li><\/ul>\n\n\n\n<p>En plus d\u2019\u00eatre accessible depuis l\u2019ext\u00e9rieur, il l\u2019est aussi \u00e0 l\u2019int\u00e9rieur. Bien que le parc soit caract\u00e9ris\u00e9 par sa for\u00eat dense, de nombreuses pistes le traversent, ce qui facilite la circulation des v\u00e9hicules.<\/p>\n\n\n\n<h3 class=\"wp-block-heading\">M\u00e9t\u00e9o<\/h3>\n\n\n\n<p>En tant que for\u00eat tropicale \u00e0 haute altitude, le parc national de Nyungwe conna\u00eet un climat humide et frais. Autrement dit, il est possible que vous receviez une averse \u00e0 tout moment, m\u00eame pendant la saison s\u00e8che (entre juin et septembre). Cela dit, les pr\u00e9cipitations sont moins intenses \u00e0 cette p\u00e9riode.<\/p>\n\n\n\n<p>C\u00f4t\u00e9 temp\u00e9rature, elles restent stables tout au long de l\u2019ann\u00e9e. Mais de fortes diff\u00e9rences apparaissent entre la nuit et le jour.<\/p>\n\n\n\n<h3 class=\"wp-block-heading\">Quand partir ?<\/h3>\n\n\n\n<p>La meilleure saison pour se rendre au parc national Nyungwe est de juin \u00e0 septembre pendant la saison s\u00e8che. Vous profiterez ainsi de conditions m\u00e9t\u00e9orologiques plus favorables. Et pour \u00e9viter de tremper toutes vos affaires, on vous conseille toutefois d\u2019emporter des imperm\u00e9ables et autres v\u00eatements de pluie.<\/p>\n\n\n\n<p>En plus d\u2019une m\u00e9t\u00e9o plus agr\u00e9able, c\u2019est aussi la meilleure p\u00e9riode pour admirer les primates, notamment les gorilles. En revanche, si vous souhaitez observer les chimpanz\u00e9s lors d\u2019un trek, c\u2019est la p\u00e9riode entre octobre et f\u00e9vrier qui est la plus prolifique.<\/p>\n\n\n\n<h2 class=\"wp-block-heading\"><span class=\"ez-toc-section\" id=\"faq\"><\/span>FAQ<span class=\"ez-toc-section-end\"><\/span><\/h2>\n\n\n<div id=\"rank-math-faq\" class=\"rank-math-block\">\n<div class=\"rank-math-list \">\n<div id=\"faq-question-1636714675146\" class=\"rank-math-list-item\">\n<h3 class=\"rank-math-question \">O\u00f9 se trouve le Parc National Nyungwe ?<\/h3>\n<div class=\"rank-math-answer \">\n\n<p>Le parc national de la for\u00eat de Nyungwe se trouve dans le sud-ouest du Rwanda<\/p>\n\n<\/div>\n<\/div>\n<div id=\"faq-question-1636714685052\" class=\"rank-math-list-item\">\n<h3 class=\"rank-math-question \">Combien co\u00fbte l&rsquo;entr\u00e9e au Parc National Nyungwe ?<\/h3>\n<div class=\"rank-math-answer \">\n\n<p>L\u2019entr\u00e9e du parc d\u00e9pend des activit\u00e9s choisies. Il faudra alors pr\u00e9voir entre 40 et 60 $.<\/p>\n\n<\/div>\n<\/div>\n<div id=\"faq-question-1636714691877\" class=\"rank-math-list-item\">\n<h3 class=\"rank-math-question \">Quels animaux peut-on voir<\/h3>\n<div class=\"rank-math-answer \">\n\n<p>Le parc national Nyungwe est surtout connu pour ses primates. Mais vous pourrez \u00e9galement admirer des oiseaux, des mammif\u00e8res et des reptiles.<\/p>\n\n<\/div>\n<\/div>\n<\/div>\n<\/div>","protected":false},"excerpt":{"rendered":"<p>Au sud-ouest du Rwanda, en plein milieu d\u2019une plantation de th\u00e9, se trouve le parc national Nyungwe. Il accueille l\u2019une des plus grandes for\u00eats pluviales de l\u2019Afrique de l\u2019Est, mais aussi l\u2019une des mieux pr\u00e9serv\u00e9es. Gr\u00e2ce \u00e0 son \u00e9cosyst\u00e8me unique, la r\u00e9serve naturelle est un lieu de vie id\u00e9al pour les chimpanz\u00e9s. Alors si vous &#8230; <a title=\"Parc National Nyungwe\" class=\"read-more\" href=\"https:\/\/mistersafari.com\/fr\/safari-rwanda\/parcs-reserves\/parc-national-nyungwe\/\" aria-label=\"En savoir plus sur Parc National Nyungwe\">Lire la suite<\/a><\/p>\n","protected":false},"author":3,"featured_media":5955,"parent":5963,"menu_order":0,"comment_status":"closed","ping_status":"closed","template":"","meta":{"_acf_changed":false,"footnotes":""},"content_type":[],"country":[],"class_list":{"0":"post-5940","1":"page","2":"type-page","3":"status-publish","4":"has-post-thumbnail","6":"no-featured-image-padding"},"acf":{"hreflang":null},"_links":{"self":[{"href":"https:\/\/mistersafari.com\/fr\/wp-json\/wp\/v2\/pages\/5940","targetHints":{"allow":["GET"]}}],"collection":[{"href":"https:\/\/mistersafari.com\/fr\/wp-json\/wp\/v2\/pages"}],"about":[{"href":"https:\/\/mistersafari.com\/fr\/wp-json\/wp\/v2\/types\/page"}],"author":[{"embeddable":true,"href":"https:\/\/mistersafari.com\/fr\/wp-json\/wp\/v2\/users\/3"}],"replies":[{"embeddable":true,"href":"https:\/\/mistersafari.com\/fr\/wp-json\/wp\/v2\/comments?post=5940"}],"version-history":[{"count":7,"href":"https:\/\/mistersafari.com\/fr\/wp-json\/wp\/v2\/pages\/5940\/revisions"}],"predecessor-version":[{"id":5954,"href":"https:\/\/mistersafari.com\/fr\/wp-json\/wp\/v2\/pages\/5940\/revisions\/5954"}],"up":[{"embeddable":true,"href":"https:\/\/mistersafari.com\/fr\/wp-json\/wp\/v2\/pages\/5963"}],"wp:featuredmedia":[{"embeddable":true,"href":"https:\/\/mistersafari.com\/fr\/wp-json\/wp\/v2\/media\/5955"}],"wp:attachment":[{"href":"https:\/\/mistersafari.com\/fr\/wp-json\/wp\/v2\/media?parent=5940"}],"wp:term":[{"taxonomy":"content_type","embeddable":true,"href":"https:\/\/mistersafari.com\/fr\/wp-json\/wp\/v2\/content_type?post=5940"},{"taxonomy":"country","embeddable":true,"href":"https:\/\/mistersafari.com\/fr\/wp-json\/wp\/v2\/country?post=5940"}],"curies":[{"name":"wp","href":"https:\/\/api.w.org\/{rel}","templated":true}]}}