{"id":593,"date":"2020-03-24T07:44:23","date_gmt":"2020-03-24T07:44:23","guid":{"rendered":"https:\/\/mistersafari.com\/fr\/?p=593"},"modified":"2022-03-14T08:52:05","modified_gmt":"2022-03-14T08:52:05","slug":"plages","status":"publish","type":"page","link":"https:\/\/mistersafari.com\/fr\/safari-kenya\/plages\/","title":{"rendered":"Les 10 plus belles plages du Kenya"},"content":{"rendered":"\n<p>Savane dor\u00e9e, faune abondante et flore luxuriante font d\u00e9j\u00e0 la renomm\u00e9e du <a href=\"https:\/\/mistersafari.com\/fr\/safari-kenya\/\" class=\"rank-math-link\">Kenya et de ses safaris<\/a>. Mais le Kenya, c&rsquo;est aussi des plages paradisiaques, souvent m\u00e9connues. Voici notre s\u00e9lection des plus belles plages du Kenya qui valent le d\u00e9tour !<\/p>\n\n\n<div id=\"ez-toc-container\" class=\"ez-toc-v2_0_76 counter-flat ez-toc-counter ez-toc-custom ez-toc-container-direction\">\n<div class=\"ez-toc-title-container\"><p class=\"ez-toc-title\" style=\"cursor:inherit\">Sommaire<\/p>\n<\/div><nav><ul class='ez-toc-list ez-toc-list-level-1 ' ><li class='ez-toc-page-1'><a class=\"ez-toc-link ez-toc-heading-1\" href=\"https:\/\/mistersafari.com\/fr\/safari-kenya\/plages\/#diani-beach\">Diani Beach<\/a><\/li><li class='ez-toc-page-1'><a class=\"ez-toc-link ez-toc-heading-2\" href=\"https:\/\/mistersafari.com\/fr\/safari-kenya\/plages\/#manda-beach\">Manda Beach<\/a><\/li><li class='ez-toc-page-1'><a class=\"ez-toc-link ez-toc-heading-3\" href=\"https:\/\/mistersafari.com\/fr\/safari-kenya\/plages\/#plage-de-tiwi\">Plage de Tiwi<\/a><\/li><li class='ez-toc-page-1'><a class=\"ez-toc-link ez-toc-heading-4\" href=\"https:\/\/mistersafari.com\/fr\/safari-kenya\/plages\/#nyali-beach\">Nyali Beach<\/a><\/li><li class='ez-toc-page-1'><a class=\"ez-toc-link ez-toc-heading-5\" href=\"https:\/\/mistersafari.com\/fr\/safari-kenya\/plages\/#watamu-beach\">Watamu beach<\/a><\/li><li class='ez-toc-page-1'><a class=\"ez-toc-link ez-toc-heading-6\" href=\"https:\/\/mistersafari.com\/fr\/safari-kenya\/plages\/#shela-beach\">Shela Beach<\/a><\/li><li class='ez-toc-page-1'><a class=\"ez-toc-link ez-toc-heading-7\" href=\"https:\/\/mistersafari.com\/fr\/safari-kenya\/plages\/#chale-beach\">Chale Beach<\/a><\/li><li class='ez-toc-page-1'><a class=\"ez-toc-link ez-toc-heading-8\" href=\"https:\/\/mistersafari.com\/fr\/safari-kenya\/plages\/#vipingo-beach\">Vipingo Beach<\/a><\/li><li class='ez-toc-page-1'><a class=\"ez-toc-link ez-toc-heading-9\" href=\"https:\/\/mistersafari.com\/fr\/safari-kenya\/plages\/#shanzu-beach\">Shanzu Beach<\/a><\/li><li class='ez-toc-page-1'><a class=\"ez-toc-link ez-toc-heading-10\" href=\"https:\/\/mistersafari.com\/fr\/safari-kenya\/plages\/#vuma-wimbi-beach\">Vuma Wimbi Beach<\/a><\/li><\/ul><\/nav><\/div>\n\n\n\n\n<h2 class=\"wp-block-heading\"><span class=\"ez-toc-section\" id=\"diani-beach\"><\/span>Diani Beach<span class=\"ez-toc-section-end\"><\/span><\/h2>\n\n\n\n<p>Incontestablement la plage du Kenya la plus connue, Diani Beach est situ\u00e9e \u00e0 environ 30 km au Sud de Mombasa. Elue de nombreuses fois meilleures destinations baln\u00e9aires d\u2019Afrique, la plage bord\u00e9e par l\u2019Oc\u00e9an Indien attire des touristes du monde entier.<\/p>\n\n\n\n<figure class=\"wp-block-image size-large\"><picture><source srcset=\"https:\/\/mistersafari.com\/fr\/wp-content\/uploads\/sites\/2\/Diani-beach-kenya.webp 1024w,https:\/\/mistersafari.com\/fr\/wp-content\/uploads\/sites\/2\/Diani-beach-kenya-300x200.webp 300w,https:\/\/mistersafari.com\/fr\/wp-content\/uploads\/sites\/2\/Diani-beach-kenya-768x512.webp 768w\" sizes=\"auto, (max-width: 1024px) 100vw, 1024px\" type=\"image\/webp\"><img src=\"https:\/\/mistersafari.com\/fr\/wp-content\/uploads\/sites\/2\/Diani-beach-kenya.jpg\" height=\"683\" width=\"1024\" srcset=\"https:\/\/mistersafari.com\/fr\/wp-content\/uploads\/sites\/2\/Diani-beach-kenya.jpg 1024w, https:\/\/mistersafari.com\/fr\/wp-content\/uploads\/sites\/2\/Diani-beach-kenya-300x200.jpg 300w, https:\/\/mistersafari.com\/fr\/wp-content\/uploads\/sites\/2\/Diani-beach-kenya-768x512.jpg 768w\" sizes=\"auto, (max-width: 1024px) 100vw, 1024px\" class=\"wp-image-610 sp-no-webp\" alt=\"Diani Beach Kenya\" loading=\"lazy\" decoding=\"async\"  > <\/picture><figcaption><em>Cr\u00e9dits : <a class=\"rank-math-link\" href=\"https:\/\/www.flickr.com\/photos\/fterrier\/6347727487\/in\/photolist-aEVLen-4w3Z1m-VkWtAs-4amM3J-22Xzjh7-47ehAe-FUrETA-22XznbJ-243nDgc-22XzjmL-2idvdvQ-2idxvzo-2idxCHX-4vNVZ9-41wMms-2idv1NB-4ahMsX-5rdwvw-2idxqMH-2idxxxw-6wvNrG-K3jCYo-K3jCps-2hWwvcu-KAVbT2-6x4qfT-K3jBpm-K3jBMq-6x8KnQ-K3jB5d-Fb17PF-41sHrP-K3jBYs-G78i2g-fwmkZ7-H5QYks-rYKPbH-e7R8rq-ci4SkL-pZ2WTY-41sF2z-aQ8k4V-ci4Hk1-ci4Lg7-ci4zo5-ci4Dw7-Jnz9wV-47egic-ci4XHY-9suXqz\" target=\"_blank\" rel=\"noopener\">Diani Beach<\/a> par <a class=\"rank-math-link\" href=\"https:\/\/www.flickr.com\/photos\/fterrier\/\" target=\"_blank\" rel=\"noopener\">Fran\u00e7ois Terrier<\/a> (CC BY <a aria-label=\"2.0 (opens in a new tab)\" rel=\"noreferrer noopener\" class=\"rank-math-link\" href=\"https:\/\/creativecommons.org\/licenses\/by\/2.0\/fr\/\" target=\"_blank\">2.0<\/a>)<\/em><\/figcaption><\/figure>\n\n\n\n<p>Le lagon bleu turquoise est entour\u00e9 d\u2019une barri\u00e8re de corail propice \u00e0 la plong\u00e9e sous-marine. \u00c9quip\u00e9s de masque et tuba, les plongeurs pourront observer un grand nombre de poissons color\u00e9s. Le sable blanc s\u2019\u00e9tend sur plusieurs kilom\u00e8tres et est id\u00e9al pour ceux qui souhaitent profiter d\u2019un temps de repos.&nbsp;<\/p>\n\n\n\n<p>En arri\u00e8re-plan, des complexes h\u00f4teliers accueillent les voyageurs. Puis une for\u00eat tropicale compl\u00e8te ce paysage idyllique.<\/p>\n\n\n\n<h2 class=\"wp-block-heading\"><span class=\"ez-toc-section\" id=\"manda-beach\"><\/span>Manda Beach<span class=\"ez-toc-section-end\"><\/span><\/h2>\n\n\n\n<p>Manda Beach est l\u2019une des magnifiques plages de l\u2019archipel de Lamu. Avec ses vues imprenables, c\u2019est un autre des bijoux du Kenya.<\/p>\n\n\n\n<p>Son exposition Ouest, rare sur la c\u00f4te Kenyane, offre des couchers de soleil inoubliables. Vous pourrez y pratiquer quelques sports aquatiques (kitesurf, plong\u00e9e sous-marine ou encore jet-ski). L\u2019eau turquoise est habit\u00e9e par de nombreuses esp\u00e8ces de poissons aux couleurs vive et d\u2019\u00e9toiles de mer. Une for\u00eat de mangroves entoure la plage de sable fin.<\/p>\n\n\n\n<p>L\u2019atmosph\u00e8re reste paisible, moins touristique que d\u2019autres plages du Kenya. Accessible uniquement par bateau, vous trouverez quelques h\u00f4tels aux alentours mais principalement des villas priv\u00e9s.<\/p>\n\n\n\n<h2 class=\"wp-block-heading\"><span class=\"ez-toc-section\" id=\"plage-de-tiwi\"><\/span>Plage de Tiwi<span class=\"ez-toc-section-end\"><\/span><\/h2>\n\n\n\n<p>Un peu plus au Nord, on retrouve la plage de Tiwi. Plus calme et plus isol\u00e9e, Tiwi Beach est situ\u00e9e dans le petit village du m\u00eame nom, \u00e0 environ 15km au Sud de Mombasa.<\/p>\n\n\n\n<figure class=\"wp-block-image size-large\"><picture><source srcset=\"https:\/\/mistersafari.com\/fr\/wp-content\/uploads\/sites\/2\/tiwi-beach-kenya.webp 1024w,https:\/\/mistersafari.com\/fr\/wp-content\/uploads\/sites\/2\/tiwi-beach-kenya-300x224.webp 300w,https:\/\/mistersafari.com\/fr\/wp-content\/uploads\/sites\/2\/tiwi-beach-kenya-768x575.webp 768w\" sizes=\"auto, (max-width: 1024px) 100vw, 1024px\" type=\"image\/webp\"><img src=\"https:\/\/mistersafari.com\/fr\/wp-content\/uploads\/sites\/2\/tiwi-beach-kenya.jpg\" height=\"766\" width=\"1024\" srcset=\"https:\/\/mistersafari.com\/fr\/wp-content\/uploads\/sites\/2\/tiwi-beach-kenya.jpg 1024w, https:\/\/mistersafari.com\/fr\/wp-content\/uploads\/sites\/2\/tiwi-beach-kenya-300x224.jpg 300w, https:\/\/mistersafari.com\/fr\/wp-content\/uploads\/sites\/2\/tiwi-beach-kenya-768x575.jpg 768w\" sizes=\"auto, (max-width: 1024px) 100vw, 1024px\" class=\"wp-image-619 sp-no-webp\" alt=\"\" loading=\"lazy\" decoding=\"async\"  > <\/picture><figcaption><em>Cr\u00e9dits : <a aria-label=\" (opens in a new tab)\" rel=\"noreferrer noopener\" class=\"rank-math-link\" href=\"https:\/\/www.flickr.com\/photos\/silkebaron\/359600668\/in\/photolist-xM3Kw-7awzvX-7aPTey-7awx2i-7awCe8-7aKUD8-7ayEyP-7aCcL7-7az5F4-7aymhB-7aAubU-7aAw8y-7aFbUu-7ayubX-7ayvZ8-7aBJsz-7aAFsG-7awJdp-7ayDPk-7ayr6i-7aCWw5-7awM6k-7ayMSR-7aCXWf-7awu9v-7awmhD-7az718-8Bddyb-7aKJ2H-7aL19M-7aACoU-7aKyzk-7aKNJx-7aFNy5-7aG3JN-7aCdvr-7aA7RW-7aPUQw-7aKZzx-7aAdN1-7aA8yf-7aFyyo-7aPHuW-7aKge8-7aKWxB-7aKRsr-7aPRpQ-7aCNz9-7az4bD-7ayUTD\" target=\"_blank\">Tiwi Beach<\/a> par <a aria-label=\" (opens in a new tab)\" rel=\"noreferrer noopener\" class=\"rank-math-link\" href=\"https:\/\/www.flickr.com\/photos\/fterrier\/\" target=\"_blank\">Prilfish<\/a> (CC BY <a rel=\"noreferrer noopener\" class=\"rank-math-link\" href=\"https:\/\/creativecommons.org\/licenses\/by\/2.0\/fr\/\" target=\"_blank\">2.0<\/a>)<\/em><\/figcaption><\/figure>\n\n\n\n<p>Cocotiers, lagon turquoise, sable blanc, les amateurs de nature \u00e0 l\u2019\u00e9tat sauvage appr\u00e9cieront la beaut\u00e9 et la tranquillit\u00e9 de ce lieu. Berc\u00e9 par les mar\u00e9es assez importantes, le paysage change au fil des heures. A mar\u00e9e basse, il est presque possible de rejoindre la barri\u00e8re de corail \u00e0 pieds, alors qu\u2019\u00e0 mar\u00e9e haute on peut profiter de baignades dans une eau chaude et transparente.&nbsp;<\/p>\n\n\n\n<p>Les peuples Masai sont parfois pr\u00e9sents, arpentant la plage en vendant des souvenirs. Mais l\u2019endroit reste tr\u00e8s calme et intime.&nbsp;<\/p>\n\n\n\n<h2 class=\"wp-block-heading\"><span class=\"ez-toc-section\" id=\"nyali-beach\"><\/span>Nyali Beach<span class=\"ez-toc-section-end\"><\/span><\/h2>\n\n\n\n<p>Retour sur la c\u00f4te Sud du Kenya avec Nyali Beach. Cette plage authentique est notamment appr\u00e9ci\u00e9e par les locaux.<\/p>\n\n\n\n<p>Les visiteurs appr\u00e9cieront le calme et la tranquillit\u00e9 de ce lieu peu touristique. On peut y faire de belles promenades sur le sable blanc et chaud. Son large lagon avec peu de profondeur en fait le spot parfait pour s\u2019essayer au kitesurf ou pour observer les coraux. Des courants et quelques vagues sont observables pendant les saisons des pluie.<\/p>\n\n\n\n<h2 class=\"wp-block-heading\"><span class=\"ez-toc-section\" id=\"watamu-beach\"><\/span>Watamu beach<span class=\"ez-toc-section-end\"><\/span><\/h2>\n\n\n\n<p>Watamu, petit village authentique de p\u00eacheurs, abrite l\u2019une des plus belles plages du Kenya portant le m\u00eame nom.<\/p>\n\n\n\n<figure class=\"wp-block-image size-large\"><picture><source srcset=\"https:\/\/mistersafari.com\/fr\/wp-content\/uploads\/sites\/2\/watamu-kenya.webp 1024w,https:\/\/mistersafari.com\/fr\/wp-content\/uploads\/sites\/2\/watamu-kenya-300x200.webp 300w,https:\/\/mistersafari.com\/fr\/wp-content\/uploads\/sites\/2\/watamu-kenya-768x512.webp 768w\" sizes=\"auto, (max-width: 1024px) 100vw, 1024px\" type=\"image\/webp\"><img src=\"https:\/\/mistersafari.com\/fr\/wp-content\/uploads\/sites\/2\/watamu-kenya.jpg\" height=\"683\" width=\"1024\" srcset=\"https:\/\/mistersafari.com\/fr\/wp-content\/uploads\/sites\/2\/watamu-kenya.jpg 1024w, https:\/\/mistersafari.com\/fr\/wp-content\/uploads\/sites\/2\/watamu-kenya-300x200.jpg 300w, https:\/\/mistersafari.com\/fr\/wp-content\/uploads\/sites\/2\/watamu-kenya-768x512.jpg 768w\" sizes=\"auto, (max-width: 1024px) 100vw, 1024px\" class=\"wp-image-636 sp-no-webp\" alt=\"\" loading=\"lazy\" decoding=\"async\"  > <\/picture><figcaption><em>Cr\u00e9dits : <a aria-label=\" (opens in a new tab)\" rel=\"noreferrer noopener\" class=\"rank-math-link\" href=\"https:\/\/www.flickr.com\/photos\/makeitkenya\/24012536174\/in\/photolist-CzUwqo-CzUwnY-DjrAEo-DmKTqD-DxpSoH-9Ah2LF-Cz7qga-DmVz3o-DmKU3F-bgBywF-Cz7pUi-DeiV5z-9aeb3Q-CyZx1s-dt2KtQ-D5obfA-2cwk8Un-PRqGP9-D6icmY-DcbQTb-DjrA9y-Dv6Grs-DmKU8R-DetJQc-CUD33o-cjCHkh-DxpSUT-EggAeR-6tde8V-9ab2tH-9mbo7u-PvwvAo-PUcHmi-Q5r3A8-Q5qH4T-NN3c1J-PRoXLN-NN3n51-NN3gSN-DmKT1a-DjrB4j-Cpnh8r-DmKUkV-CpnfW8-DetL94-DjrANj-CNfZd4-DmKTbv-CNfYBz-CNfYwz\" target=\"_blank\">Watamu<\/a> par <a aria-label=\" (opens in a new tab)\" rel=\"noreferrer noopener\" class=\"rank-math-link\" href=\"https:\/\/www.flickr.com\/photos\/makeitkenya\/\" target=\"_blank\">MakeItKenya<\/a> (<a aria-label=\"domaine public (opens in a new tab)\" rel=\"noreferrer noopener\" class=\"rank-math-link\" href=\"https:\/\/creativecommons.org\/publicdomain\/mark\/1.0\/\" target=\"_blank\">domaine public<\/a>)<\/em><\/figcaption><\/figure>\n\n\n\n<p>C\u2019est encore un d\u00e9cor de carte postale que nous offre le lieu, avec un lagon aux eaux turquoises et une plage de sable blanc et fin. Anim\u00e9e par les mar\u00e9es, l\u2019oc\u00e9an se retire \u00e0 plus d\u2019un km de la c\u00f4te \u00e0 mar\u00e9e basse. On y pratique la plong\u00e9e sous-marine, le snorkelling ou encore le kite-surf.<\/p>\n\n\n\n<p>Mais la plage est surtout connue pour \u00eatre l\u2019un des trois principaux lieux de pontes des tortues au Kenya. Vous pourrez notamment visiter un centre d\u2019interpr\u00e9tation d\u00e9di\u00e9 \u00e0 la pr\u00e9servation des tortues marines, le Watamu Turtle Watch.<\/p>\n\n\n\n<p>Si ces cinq  plages du Kenya sortent du lot car elles font r\u00e9ellement partie des choses <a href=\"https:\/\/mistersafari.com\/fr\/safari-kenya\/que-faire\/\" class=\"rank-math-link\">\u00e0 voir et \u00e0 faire au Keny<\/a> les 500 km de c\u00f4te maritime offrent de nombreuses autres plages magnifiques \u00e0 consid\u00e9rer.<\/p>\n\n\n\n<h2 class=\"wp-block-heading\"><span class=\"ez-toc-section\" id=\"shela-beach\"><\/span>Shela Beach<span class=\"ez-toc-section-end\"><\/span><\/h2>\n\n\n\n<p>Nous avons d\u00e9j\u00e0 \u00e9voqu\u00e9 l\u2019archipel de Lamu avec Manda Beach. Vous pourrez aussi y trouver la toute aussi belle Shela Beach. Il faudra voyager par bateau pour atteindre cette plage de 12 km de long. C\u2019est au calme que vous pourrez profiter de repos sur le sable blanc et de baignades dans l\u2019eau turquoise.<\/p>\n\n\n\n<h2 class=\"wp-block-heading\"><span class=\"ez-toc-section\" id=\"chale-beach\"><\/span>Chale Beach<span class=\"ez-toc-section-end\"><\/span><\/h2>\n\n\n\n<p>Chale Beach, situ\u00e9e sur l&rsquo;\u00eele du m\u00eame nom, a pour particularit\u00e9 d\u2019\u00eatre accessible par bateau \u00e0 mar\u00e9e haute ou par tracteur \u00e0 mar\u00e9e basse. Sports nautiques ou balades autour de l&rsquo;\u00eele sont \u00e0 pratiquer dans un d\u00e9cor idyllique.&nbsp;<\/p>\n\n\n\n<h2 class=\"wp-block-heading\"><span class=\"ez-toc-section\" id=\"vipingo-beach\"><\/span>Vipingo Beach<span class=\"ez-toc-section-end\"><\/span><\/h2>\n\n\n\n<p>Sur la c\u00f4te nord de Mombasa, Vipingo Beach offre \u00e0 ses visiteurs le choix entre repos sur les plages de sable fin, baignade dans les eaux turquoises ou promenade \u00e0 l\u2019ombre des palmiers.&nbsp;<\/p>\n\n\n\n<h2 class=\"wp-block-heading\"><span class=\"ez-toc-section\" id=\"shanzu-beach\"><\/span>Shanzu Beach<span class=\"ez-toc-section-end\"><\/span><\/h2>\n\n\n\n<p>Au Sud de Mombasa, c\u2019est sur l&rsquo;\u00eele du m\u00eame nom que l\u2019on peut profiter de la plage de Shanzu. Les touristes et les locaux pratiquent des activit\u00e9s nautiques, dont la plong\u00e9e sous-marine apr\u00e8s une excursion en bateau qui vous emm\u00e8ne au-del\u00e0 de la barri\u00e8re de corail.&nbsp;<\/p>\n\n\n\n<h2 class=\"wp-block-heading\"><span class=\"ez-toc-section\" id=\"vuma-wimbi-beach\"><\/span>Vuma Wimbi Beach<span class=\"ez-toc-section-end\"><\/span><\/h2>\n\n\n\n<p>La plage Vuma Wimbi Beach est un havre de tranquillit\u00e9 situ\u00e9 sur l&rsquo;\u00eele de Pemba. Cela est notamment d\u00fb au fait que l\u2019on peut uniquement y acc\u00e9der par bateau de mi-mars \u00e0 mi-novembre.&nbsp;<\/p>\n\n\n\n<h2 class=\"wp-block-heading\">Visiter les plages au Kenya dans le cadre d\u2019un voyage plus complet<\/h2>\n\n\n\n<p>Le Kenya est c\u00e9l\u00e8bre pour ses nombreux <a href=\"https:\/\/mistersafari.com\/fr\/safari-kenya\/parcs-reserves\/\" class=\"rank-math-link\">parcs et r\u00e9serves<\/a> d\u00e9di\u00e9s aux safaris et r\u00e9partis sur tout le territoire. Il est ais\u00e9 de cl\u00f4turer sa visite du pays par quelques jours sur une ou des plages kenyanes, et c\u2019est le choix que font de nombreux voyageurs.<\/p>\n\n\n\n<p>Voici quelques exemples de <a href=\"https:\/\/mistersafari.com\/fr\/safari-kenya\/circuit\/\" class=\"rank-math-link\">circuits au Kenya<\/a> qui incluent quelques jours au bord de l\u2019oc\u00e9an :<\/p>\n\n\n\n<p><strong>S\u00e9jour 1 : les plus c\u00e9l\u00e8bres<\/strong><\/p>\n\n\n\n<ul class=\"wp-block-list\"><li>3 jours de safari dans la <a class=\"rank-math-link\" href=\"https:\/\/mistersafari.com\/fr\/safari-kenya\/parcs-reserves\/masai-mara\/\">r\u00e9serve de Masai Mara<\/a><\/li><li>2 jours de safari au <a href=\"https:\/\/mistersafari.com\/fr\/safari-kenya\/parcs-reserves\/parc-amboseli\/\" class=\"rank-math-link\">parc Amboseli<\/a><\/li><li>3 jours de repos \u00e0 Diani Beach<\/li><\/ul>\n\n\n\n<p>(comptez aussi le temps de trajet entre chaque destination)<\/p>\n\n\n\n<p><strong>S\u00e9jour 2 : hors des sentiers battus<\/strong><\/p>\n\n\n\n<ul class=\"wp-block-list\"><li>2 jours de safari au <a href=\"https:\/\/mistersafari.com\/fr\/safari-kenya\/parcs-reserves\/parc-amboseli\/\" class=\"rank-math-link\">parc Amboseli<\/a><\/li><li>3 jours de safari aux parcs <a href=\"https:\/\/mistersafari.com\/fr\/safari-kenya\/parcs-reserves\/parc-tsavo-est-ouest\/\" class=\"rank-math-link\">Tsavo Est et Tsavo Ouest<\/a><\/li><li>3 jours de repos \u00e0 Nyali Beach<\/li><\/ul>\n\n\n\n<p>(comptez aussi le temps de trajet entre chaque destination)<\/p>\n\n\n\n<p><strong>S\u00e9jour 3 : au plus proche des animaux<\/strong><\/p>\n\n\n\n<ul class=\"wp-block-list\"><li>3 jours de safari dans les r\u00e9serves nationales de <a class=\"rank-math-link\" href=\"https:\/\/mistersafari.com\/fr\/safari-kenya\/parcs-reserves\/samburu\/\">Samburu <\/a>et Shaba<\/li><li>3 jours de safari <a href=\"https:\/\/mistersafari.com\/fr\/safari-kenya\/parcs-reserves\/aberdare\/\" data-type=\"page\" data-id=\"3306\">au parc national d\u2019Aberdare<\/a><\/li><li>3 jours de repos \u00e0 Watamu Beach<\/li><\/ul>\n\n\n\n<p>(comptez aussi le temps de trajet entre chaque destination)<\/p>\n","protected":false},"excerpt":{"rendered":"<p>Savane dor\u00e9e, faune abondante et flore luxuriante font d\u00e9j\u00e0 la renomm\u00e9e du Kenya et de ses safaris. Mais le Kenya, c&rsquo;est aussi des plages paradisiaques, souvent m\u00e9connues. Voici notre s\u00e9lection des plus belles plages du Kenya qui valent le d\u00e9tour ! Diani Beach Incontestablement la plage du Kenya la plus connue, Diani Beach est situ\u00e9e &#8230; <a title=\"Les 10 plus belles plages du Kenya\" class=\"read-more\" href=\"https:\/\/mistersafari.com\/fr\/safari-kenya\/plages\/\" aria-label=\"En savoir plus sur Les 10 plus belles plages du Kenya\">Lire la suite<\/a><\/p>\n","protected":false},"author":3,"featured_media":1945,"parent":924,"menu_order":3,"comment_status":"closed","ping_status":"closed","template":"","meta":{"_acf_changed":false,"footnotes":""},"content_type":[],"country":[],"class_list":{"0":"post-593","1":"page","2":"type-page","3":"status-publish","4":"has-post-thumbnail","6":"no-featured-image-padding"},"acf":{"hreflang":[{"alternative_url":"https:\/\/mistersafari.com\/kenya\/places\/beaches\/","language":"en"}]},"_links":{"self":[{"href":"https:\/\/mistersafari.com\/fr\/wp-json\/wp\/v2\/pages\/593","targetHints":{"allow":["GET"]}}],"collection":[{"href":"https:\/\/mistersafari.com\/fr\/wp-json\/wp\/v2\/pages"}],"about":[{"href":"https:\/\/mistersafari.com\/fr\/wp-json\/wp\/v2\/types\/page"}],"author":[{"embeddable":true,"href":"https:\/\/mistersafari.com\/fr\/wp-json\/wp\/v2\/users\/3"}],"replies":[{"embeddable":true,"href":"https:\/\/mistersafari.com\/fr\/wp-json\/wp\/v2\/comments?post=593"}],"version-history":[{"count":18,"href":"https:\/\/mistersafari.com\/fr\/wp-json\/wp\/v2\/pages\/593\/revisions"}],"predecessor-version":[{"id":6452,"href":"https:\/\/mistersafari.com\/fr\/wp-json\/wp\/v2\/pages\/593\/revisions\/6452"}],"up":[{"embeddable":true,"href":"https:\/\/mistersafari.com\/fr\/wp-json\/wp\/v2\/pages\/924"}],"wp:featuredmedia":[{"embeddable":true,"href":"https:\/\/mistersafari.com\/fr\/wp-json\/wp\/v2\/media\/1945"}],"wp:attachment":[{"href":"https:\/\/mistersafari.com\/fr\/wp-json\/wp\/v2\/media?parent=593"}],"wp:term":[{"taxonomy":"content_type","embeddable":true,"href":"https:\/\/mistersafari.com\/fr\/wp-json\/wp\/v2\/content_type?post=593"},{"taxonomy":"country","embeddable":true,"href":"https:\/\/mistersafari.com\/fr\/wp-json\/wp\/v2\/country?post=593"}],"curies":[{"name":"wp","href":"https:\/\/api.w.org\/{rel}","templated":true}]}}