{"id":5880,"date":"2021-11-12T10:40:08","date_gmt":"2021-11-12T10:40:08","guid":{"rendered":"https:\/\/mistersafari.com\/fr\/?page_id=5880"},"modified":"2021-11-12T10:56:14","modified_gmt":"2021-11-12T10:56:14","slug":"parc-national-limpopo","status":"publish","type":"page","link":"https:\/\/mistersafari.com\/fr\/safari-mozambique\/parcs-reserves\/parc-national-limpopo\/","title":{"rendered":"Parc National de Limpopo"},"content":{"rendered":"\n<p>Apr\u00e8s des ann\u00e9es de n\u00e9gligence et de braconnage suite \u00e0 la guerre civile mozambicaine (1976-1992), le Parc National de Limpopo est vite devenu l&rsquo;un des parcs les plus int\u00e9ressants du Mozambique. Nomm\u00e9 aussi le \u00ab\u00a0parc de la paix\u00a0\u00bb, il partage une fronti\u00e8re non cl\u00f4tur\u00e9e de 200 km et 50 km avec<a href=\"https:\/\/mistersafari.com\/fr\/safari-afrique-du-sud\/parcs-reserves\/parc-kruger\/\" data-type=\"page\" data-id=\"1113\"> le parc national de Kruger<\/a> cr\u00e9ant ainsi un corridor faunique entre le Mozamique et l&rsquo;Afrique du Sud qui vaut le d\u00e9tour. Vous trouverez dans ce guide toutes les informations sur le Parc National de Limpopo pour bien pr\u00e9parer votre visite.<\/p>\n\n\n<div id=\"ez-toc-container\" class=\"ez-toc-v2_0_76 counter-flat ez-toc-counter ez-toc-custom ez-toc-container-direction\">\n<div class=\"ez-toc-title-container\"><p class=\"ez-toc-title\" style=\"cursor:inherit\">Sommaire<\/p>\n<\/div><nav><ul class='ez-toc-list ez-toc-list-level-1 ' ><li class='ez-toc-page-1'><a class=\"ez-toc-link ez-toc-heading-1\" href=\"https:\/\/mistersafari.com\/fr\/safari-mozambique\/parcs-reserves\/parc-national-limpopo\/#pourquoi-se-rendre-au-parc-national-de-limpopo\" >Pourquoi se rendre au Parc National de Limpopo ?<\/a><\/li><li class='ez-toc-page-1'><a class=\"ez-toc-link ez-toc-heading-2\" href=\"https:\/\/mistersafari.com\/fr\/safari-mozambique\/parcs-reserves\/parc-national-limpopo\/#tarif-et-reglementation\" >Tarif et r\u00e9glementation<\/a><\/li><li class='ez-toc-page-1'><a class=\"ez-toc-link ez-toc-heading-3\" href=\"https:\/\/mistersafari.com\/fr\/safari-mozambique\/parcs-reserves\/parc-national-limpopo\/#ou-dormir-au-parc-national-de-limpopo\" >O\u00f9 dormir au Parc National de Limpopo ?<\/a><\/li><li class='ez-toc-page-1'><a class=\"ez-toc-link ez-toc-heading-4\" href=\"https:\/\/mistersafari.com\/fr\/safari-mozambique\/parcs-reserves\/parc-national-limpopo\/#parc-national-de-limpopo-autres-informations-pratiques\" >Parc National de Limpopo ?: autres informations pratiques<\/a><\/li><li class='ez-toc-page-1'><a class=\"ez-toc-link ez-toc-heading-5\" href=\"https:\/\/mistersafari.com\/fr\/safari-mozambique\/parcs-reserves\/parc-national-limpopo\/#faq\" >FAQ<\/a><\/li><\/ul><\/nav><\/div>\n\n\n\n\n<h2 class=\"wp-block-heading\"><span class=\"ez-toc-section\" id=\"pourquoi-se-rendre-au-parc-national-de-limpopo\"><\/span>Pourquoi se rendre au Parc National de Limpopo ?<span class=\"ez-toc-section-end\"><\/span><\/h2>\n\n\n\n<h3 class=\"wp-block-heading\">La diversit\u00e9 des animaux<\/h3>\n\n\n\n<p>Avec une surface de 35\u00a0000\u00a0km\u00b2, le parc national de Limpopo accueille\u00a0les m\u00eames animaux du parc national de Kruger, sauf que leur densit\u00e9 est beaucoup plus faible du c\u00f4t\u00e9 mozambicain. Les plaines tr\u00e8s \u00e9tendues du parc sont peupl\u00e9es de nombreuses esp\u00e8ces animales : kudus, gazelles, mangouste, girafes et les Big Five. On y trouve plus r\u00e9guli\u00e8rement les \u00e9l\u00e9phants et les buffles du cap surtout pendant la saison s\u00e8che. Vous aurez aussi l&rsquo;occasion pendant cette saison d&rsquo;admirer les crocodiles et les hippopotames qui se regroupent souvent autour des rivi\u00e8res.<\/p>\n\n\n\n<div class=\"wp-block-image\"><figure class=\"aligncenter size-full\"><picture><source srcset=\"https:\/\/mistersafari.com\/fr\/wp-content\/uploads\/sites\/2\/buffle-limpopo.webp 1200w,https:\/\/mistersafari.com\/fr\/wp-content\/uploads\/sites\/2\/buffle-limpopo-300x200.webp 300w,https:\/\/mistersafari.com\/fr\/wp-content\/uploads\/sites\/2\/buffle-limpopo-1024x683.webp 1024w,https:\/\/mistersafari.com\/fr\/wp-content\/uploads\/sites\/2\/buffle-limpopo-768x512.webp 768w\" sizes=\"auto, (max-width: 1200px) 100vw, 1200px\" type=\"image\/webp\"><img src=\"https:\/\/mistersafari.com\/fr\/wp-content\/uploads\/sites\/2\/buffle-limpopo.jpg\" height=\"800\" width=\"1200\" srcset=\"https:\/\/mistersafari.com\/fr\/wp-content\/uploads\/sites\/2\/buffle-limpopo.jpg 1200w, https:\/\/mistersafari.com\/fr\/wp-content\/uploads\/sites\/2\/buffle-limpopo-300x200.jpg 300w, https:\/\/mistersafari.com\/fr\/wp-content\/uploads\/sites\/2\/buffle-limpopo-1024x683.jpg 1024w, https:\/\/mistersafari.com\/fr\/wp-content\/uploads\/sites\/2\/buffle-limpopo-768x512.jpg 768w\" sizes=\"auto, (max-width: 1200px) 100vw, 1200px\" class=\"wp-image-5892 sp-no-webp\" alt=\"\" loading=\"lazy\" decoding=\"async\"  > <\/picture><figcaption>Buffle du cap au Limpopo National Park<\/figcaption><\/figure><\/div>\n\n\n\n<p class=\"callout-green\">Si vous optez pour un safari nocturne, vous pourrez rep\u00e9rer des lions, des gu\u00e9pards et des hy\u00e8nes qui se font rares en journ\u00e9e.<\/p>\n\n\n\n<p>En raison de manque d&rsquo;infrastructure routi\u00e8re, il faut penser \u00e0 passer la majeure partie du safari \u00e0 pieds pour une meilleure observation de la faune et des oiseaux et pour vivre une exp\u00e9rience m\u00e9morable.<\/p>\n\n\n\n<h3 class=\"wp-block-heading\">Les oiseaux<\/h3>\n\n\n\n<p>Ne vous contentez pas de regarder que le sol lors de votre safari au parc national de Limpopo car le spectacle est tout aussi impressionnant dans les airs. Le parc offre une excellente vari\u00e9t\u00e9 d&rsquo;oiseaux gr\u00e2ce \u00e0 la diversit\u00e9 de son habitat et compte plus de 500 esp\u00e8ces diff\u00e9rentes dont 200 sont des oiseaux migrateurs.<\/p>\n\n\n\n<p>Pour vous donner une id\u00e9e sur cette diversit\u00e9, le bateleur, les cigognes \u00e0 bec de selle (aussi appel\u00e9es les jabirus d&rsquo;Afrique) et le rouleau \u00e0 poitrine lilas sont les oiseaux les plus communs au parc. On peut aussi rep\u00e9rer occasionnellement des outrade kori et des rassemblements de plus de 50 vautours oricou avec d&rsquo;autres rapaces autour des carcasses ou dans les points d&rsquo;eau.<\/p>\n\n\n\n<div class=\"wp-block-image\"><figure class=\"aligncenter size-full\"><picture><source srcset=\"https:\/\/mistersafari.com\/fr\/wp-content\/uploads\/sites\/2\/bateleur-limpopo-scaled.webp 1200w,https:\/\/mistersafari.com\/fr\/wp-content\/uploads\/sites\/2\/bateleur-limpopo-300x200.webp 300w,https:\/\/mistersafari.com\/fr\/wp-content\/uploads\/sites\/2\/bateleur-limpopo-1024x683.webp 1024w,https:\/\/mistersafari.com\/fr\/wp-content\/uploads\/sites\/2\/bateleur-limpopo-768x512.webp 768w,https:\/\/mistersafari.com\/fr\/wp-content\/uploads\/sites\/2\/bateleur-limpopo-1536x1024.webp 1536w,https:\/\/mistersafari.com\/fr\/wp-content\/uploads\/sites\/2\/bateleur-limpopo-2048x1365.webp 2048w\" sizes=\"auto, (max-width: 1200px) 100vw, 1200px\" type=\"image\/webp\"><img src=\"https:\/\/mistersafari.com\/fr\/wp-content\/uploads\/sites\/2\/bateleur-limpopo-scaled.jpg\" height=\"800\" width=\"1200\" srcset=\"https:\/\/mistersafari.com\/fr\/wp-content\/uploads\/sites\/2\/bateleur-limpopo-scaled.jpg 1200w, https:\/\/mistersafari.com\/fr\/wp-content\/uploads\/sites\/2\/bateleur-limpopo-300x200.jpg 300w, https:\/\/mistersafari.com\/fr\/wp-content\/uploads\/sites\/2\/bateleur-limpopo-1024x683.jpg 1024w, https:\/\/mistersafari.com\/fr\/wp-content\/uploads\/sites\/2\/bateleur-limpopo-768x512.jpg 768w, https:\/\/mistersafari.com\/fr\/wp-content\/uploads\/sites\/2\/bateleur-limpopo-1536x1024.jpg 1536w, https:\/\/mistersafari.com\/fr\/wp-content\/uploads\/sites\/2\/bateleur-limpopo-2048x1365.jpg 2048w\" sizes=\"auto, (max-width: 1200px) 100vw, 1200px\" class=\"wp-image-5915 sp-no-webp\" alt=\"bateleur limpopo\" loading=\"lazy\" decoding=\"async\"  > <\/picture><figcaption> Bateleur <\/figcaption><\/figure><\/div>\n\n\n\n<h3 class=\"wp-block-heading\">Les autres activit\u00e9s<\/h3>\n\n\n\n<p>Le parc regroupe plusieurs rivi\u00e8res o\u00f9 vous pouvez faire plusieurs activit\u00e9s, notamment la p\u00eache, la navigation de plaisance, du rafting et des promenades en cano\u00eb sur les rivi\u00e8res Shingwedzi, Oliphants, Blyde et le fleuve Limpopo.<\/p>\n\n\n\n<p>En dehors des points de vue exceptionnels et pour plus de d\u00e9tente, optez pour une croisi\u00e8re naviguant sur la rivi\u00e8re Oliphants ou Blyde au coucher du soleil et vous approcher des hippopotames.<\/p>\n\n\n\n<h2 class=\"wp-block-heading\"><span class=\"ez-toc-section\" id=\"tarif-et-reglementation\"><\/span>Tarif et r\u00e9glementation<span class=\"ez-toc-section-end\"><\/span><\/h2>\n\n\n\n<h3 class=\"wp-block-heading\">Tarif<\/h3>\n\n\n\n<p>Les frais d&rsquo;entr\u00e9e au parc sont payables en meticals ou en rand sud-africain. Le tarif d&rsquo;entr\u00e9e pour une personne est 400 ZAR environ 23 euros. Il faudra bien \u00e9videmment y ajouter toutes les activit\u00e9s (safari, guide, cano\u00eb, croisi\u00e8re, \u2026), mais aussi les h\u00e9bergements.<\/p>\n\n\n\n<h3 class=\"wp-block-heading\">R\u00e9glementation<\/h3>\n\n\n\n<p> Comme dans tous les parcs nationaux lors d&rsquo;un <a href=\"https:\/\/mistersafari.com\/fr\/safari-mozambique\/\">safari au Mozambique<\/a>, vous devrez respecter les animaux et la flore. Pour votre s\u00e9curit\u00e9, il est imp\u00e9ratif de respecter les limitations de vitesse, rester sur les pistes et ne pas sortir de son v\u00e9hicule en dehors des zones autoris\u00e9es.<\/p>\n\n\n\n<p>Voici quelques points \u00e0 conna\u00eetre avant votre visite au parc :<\/p>\n\n\n\n<ul class=\"wp-block-list\"><li>Le parc national de Limpopo est ouvert de 7h30 \u00e0 16h30.<\/li><li>Le safari \u00e0 pieds doit obligatoirement s&rsquo;effectuer en compagnie d&rsquo;un guide certifi\u00e9.<\/li><\/ul>\n\n\n\n<h2 class=\"wp-block-heading\"><span class=\"ez-toc-section\" id=\"ou-dormir-au-parc-national-de-limpopo\"><\/span>O\u00f9 dormir au Parc National de Limpopo ?<span class=\"ez-toc-section-end\"><\/span><\/h2>\n\n\n\n<p>Le parc propose d\u00e9sormais plusieurs formes d&rsquo;h\u00e9bergement :<\/p>\n\n\n\n<ul class=\"wp-block-list\"><li>4 campings ;<\/li><li>Un espace pour 10 camping-cars;<\/li><li>20 campings individuels ;<\/li><li>15 chalets et un camp de tentes de luxe dont le Machampane Wilderness Camp et Marataba Explorers Camp<\/li><\/ul>\n\n\n\n<h2 class=\"wp-block-heading\"><span class=\"ez-toc-section\" id=\"parc-national-de-limpopo-autres-informations-pratiques\"><\/span>Parc National de Limpopo ?: autres informations pratiques<span class=\"ez-toc-section-end\"><\/span><\/h2>\n\n\n\n<h3 class=\"wp-block-heading\">G\u00e9ographie<\/h3>\n\n\n\n<p>Le parc national du Limpopo fait partie de la zone de conservation du parc transfrontalier du Grand Limpopo. D&rsquo;une surface de 35\u00a0000\u00a0km\u00b2, le parc national de Limpopo est bord\u00e9 \u00e0 l&rsquo;ouest par le parc Kruger en Afrique du Sud, au nord-est par le parc national Gonarezhou, \u00e0 l&rsquo;est par le parc national de Banhine et par la Karingani Game Reserve au sud. Le paysage de Limpopo est caract\u00e9ris\u00e9 par du sandveld, un bushveld mixte et des for\u00eats riveraines denses au plus grand bonheur des photographes.<\/p>\n\n\n\n<div class=\"wp-block-image\"><figure class=\"aligncenter size-full\"><picture><source srcset=\"https:\/\/mistersafari.com\/fr\/wp-content\/uploads\/sites\/2\/girafe-limpopo-scaled.webp 1200w,https:\/\/mistersafari.com\/fr\/wp-content\/uploads\/sites\/2\/girafe-limpopo-300x225.webp 300w,https:\/\/mistersafari.com\/fr\/wp-content\/uploads\/sites\/2\/girafe-limpopo-1024x768.webp 1024w,https:\/\/mistersafari.com\/fr\/wp-content\/uploads\/sites\/2\/girafe-limpopo-768x576.webp 768w,https:\/\/mistersafari.com\/fr\/wp-content\/uploads\/sites\/2\/girafe-limpopo-1536x1152.webp 1536w,https:\/\/mistersafari.com\/fr\/wp-content\/uploads\/sites\/2\/girafe-limpopo-2048x1536.webp 2048w\" sizes=\"auto, (max-width: 1200px) 100vw, 1200px\" type=\"image\/webp\"><img src=\"https:\/\/mistersafari.com\/fr\/wp-content\/uploads\/sites\/2\/girafe-limpopo-scaled.jpg\" height=\"900\" width=\"1200\" srcset=\"https:\/\/mistersafari.com\/fr\/wp-content\/uploads\/sites\/2\/girafe-limpopo-scaled.jpg 1200w, https:\/\/mistersafari.com\/fr\/wp-content\/uploads\/sites\/2\/girafe-limpopo-300x225.jpg 300w, https:\/\/mistersafari.com\/fr\/wp-content\/uploads\/sites\/2\/girafe-limpopo-1024x768.jpg 1024w, https:\/\/mistersafari.com\/fr\/wp-content\/uploads\/sites\/2\/girafe-limpopo-768x576.jpg 768w, https:\/\/mistersafari.com\/fr\/wp-content\/uploads\/sites\/2\/girafe-limpopo-1536x1152.jpg 1536w, https:\/\/mistersafari.com\/fr\/wp-content\/uploads\/sites\/2\/girafe-limpopo-2048x1536.jpg 2048w\" sizes=\"auto, (max-width: 1200px) 100vw, 1200px\" class=\"wp-image-5895 sp-no-webp\" alt=\"girafe limpopo\" loading=\"lazy\" decoding=\"async\"  > <\/picture><\/figure><\/div>\n\n\n\n<h3 class=\"wp-block-heading\">M\u00e9t\u00e9o<\/h3>\n\n\n\n<p>L&rsquo;hiver et l&rsquo;\u00e9t\u00e9 au Limpopo correspondent respectivement \u00e0 la saison s\u00e8che et humide.\u00a0Les mois d&rsquo;\u00e9t\u00e9 humides (octobre \u00e0 avril) sont chauds et humides tandis que les mois d&rsquo;hiver secs (de mai \u00e0 septembre) sont plus chauds pendant la journ\u00e9e mais plus frais la nuit.\u00a0Pensez donc \u00e0 apporter des v\u00eatements chauds pour mieux profiter des safaris t\u00f4t le matin et enfin d&rsquo;apr\u00e8s-midi.<\/p>\n\n\n\n<h3 class=\"wp-block-heading\">Quand visiter<\/h3>\n\n\n\n<p>Vous pouvez visiter le parc national de Limpopo toute l&rsquo;ann\u00e9e mais la meilleure p\u00e9riode pour observer la faune en g\u00e9n\u00e9ral est la saison s\u00e8che (de juillet \u00e0 octobre). Par contre, la saison des pluies (de novembre \u00e0 avril) est plus favorable pour observer les oiseaux migrateurs.<\/p>\n\n\n\n<h2 class=\"wp-block-heading\"><span class=\"ez-toc-section\" id=\"faq\"><\/span>FAQ<span class=\"ez-toc-section-end\"><\/span><\/h2>\n\n\n<div id=\"rank-math-faq\" class=\"rank-math-block\">\n<div class=\"rank-math-list \">\n<div id=\"faq-question-1636704812043\" class=\"rank-math-list-item\">\n<h3 class=\"rank-math-question \">O\u00f9 se trouve le Parc National de Limpopo ?<\/h3>\n<div class=\"rank-math-answer \">\n\n<p>Le parc se situe entre le parc national de Kruger, le\u00a0parc national de Gonarezhou\u00a0et  le parc national de Banhine.<\/p>\n\n<\/div>\n<\/div>\n<div id=\"faq-question-1636706697279\" class=\"rank-math-list-item\">\n<h3 class=\"rank-math-question \">Combien co\u00fbte l&rsquo;entr\u00e9e au Parc National de Limpopo ?<\/h3>\n<div class=\"rank-math-answer \">\n\n<p>L&rsquo;entr\u00e9e co\u00fbte 400 ZAR, environ 23 euros.<\/p>\n\n<\/div>\n<\/div>\n<div id=\"faq-question-1636706708679\" class=\"rank-math-list-item\">\n<h3 class=\"rank-math-question \">Quels animaux peut-on voir ?<\/h3>\n<div class=\"rank-math-answer \">\n\n<p>Le parc abrite plusieurs animaux dont les Big Five, des gnous bleus, hy\u00e8nes tachet\u00e9es, buffles du Cap, girafes, koudous, z\u00e8bres , et des hippopotames&#8230;<\/p>\n\n<\/div>\n<\/div>\n<\/div>\n<\/div>","protected":false},"excerpt":{"rendered":"<p>Apr\u00e8s des ann\u00e9es de n\u00e9gligence et de braconnage suite \u00e0 la guerre civile mozambicaine (1976-1992), le Parc National de Limpopo est vite devenu l&rsquo;un des parcs les plus int\u00e9ressants du Mozambique. Nomm\u00e9 aussi le \u00ab\u00a0parc de la paix\u00a0\u00bb, il partage une fronti\u00e8re non cl\u00f4tur\u00e9e de 200 km et 50 km avec le parc national de &#8230; <a title=\"Parc National de Limpopo\" class=\"read-more\" href=\"https:\/\/mistersafari.com\/fr\/safari-mozambique\/parcs-reserves\/parc-national-limpopo\/\" aria-label=\"En savoir plus sur Parc National de Limpopo\">Lire la suite<\/a><\/p>\n","protected":false},"author":3,"featured_media":5898,"parent":5195,"menu_order":1,"comment_status":"closed","ping_status":"closed","template":"","meta":{"_acf_changed":false,"footnotes":""},"content_type":[],"country":[],"class_list":{"0":"post-5880","1":"page","2":"type-page","3":"status-publish","4":"has-post-thumbnail","6":"no-featured-image-padding"},"acf":{"hreflang":null},"_links":{"self":[{"href":"https:\/\/mistersafari.com\/fr\/wp-json\/wp\/v2\/pages\/5880","targetHints":{"allow":["GET"]}}],"collection":[{"href":"https:\/\/mistersafari.com\/fr\/wp-json\/wp\/v2\/pages"}],"about":[{"href":"https:\/\/mistersafari.com\/fr\/wp-json\/wp\/v2\/types\/page"}],"author":[{"embeddable":true,"href":"https:\/\/mistersafari.com\/fr\/wp-json\/wp\/v2\/users\/3"}],"replies":[{"embeddable":true,"href":"https:\/\/mistersafari.com\/fr\/wp-json\/wp\/v2\/comments?post=5880"}],"version-history":[{"count":31,"href":"https:\/\/mistersafari.com\/fr\/wp-json\/wp\/v2\/pages\/5880\/revisions"}],"predecessor-version":[{"id":5937,"href":"https:\/\/mistersafari.com\/fr\/wp-json\/wp\/v2\/pages\/5880\/revisions\/5937"}],"up":[{"embeddable":true,"href":"https:\/\/mistersafari.com\/fr\/wp-json\/wp\/v2\/pages\/5195"}],"wp:featuredmedia":[{"embeddable":true,"href":"https:\/\/mistersafari.com\/fr\/wp-json\/wp\/v2\/media\/5898"}],"wp:attachment":[{"href":"https:\/\/mistersafari.com\/fr\/wp-json\/wp\/v2\/media?parent=5880"}],"wp:term":[{"taxonomy":"content_type","embeddable":true,"href":"https:\/\/mistersafari.com\/fr\/wp-json\/wp\/v2\/content_type?post=5880"},{"taxonomy":"country","embeddable":true,"href":"https:\/\/mistersafari.com\/fr\/wp-json\/wp\/v2\/country?post=5880"}],"curies":[{"name":"wp","href":"https:\/\/api.w.org\/{rel}","templated":true}]}}