{"id":585,"date":"2020-03-24T07:30:00","date_gmt":"2020-03-24T07:30:00","guid":{"rendered":"https:\/\/mistersafari.com\/fr\/?p=585"},"modified":"2022-03-14T08:58:31","modified_gmt":"2022-03-14T08:58:31","slug":"que-faire","status":"publish","type":"page","link":"https:\/\/mistersafari.com\/fr\/safari-kenya\/que-faire\/","title":{"rendered":"Que faire au Kenya ?"},"content":{"rendered":"\n<p>Lorsque l\u2019on songe \u00e0 partir au Kenya en vacances, on pense d&rsquo;abord \u00e0 un safari. M\u00eame si le pays est sans conteste une destination id\u00e9ale pour faire un safari, il regorge d\u2019autres lieux et activit\u00e9s qui feront d\u2019une visite du Kenya une exp\u00e9rience inoubliable.&nbsp; Vous souhaitez savoir que faire au Kenya ? Voici notre guide.<\/p>\n\n\n<div id=\"ez-toc-container\" class=\"ez-toc-v2_0_76 counter-flat ez-toc-counter ez-toc-custom ez-toc-container-direction\">\n<div class=\"ez-toc-title-container\"><p class=\"ez-toc-title\" style=\"cursor:inherit\">Sommaire<\/p>\n<\/div><nav><ul class='ez-toc-list ez-toc-list-level-1 ' ><li class='ez-toc-page-1'><a class=\"ez-toc-link ez-toc-heading-1\" href=\"https:\/\/mistersafari.com\/fr\/safari-kenya\/que-faire\/#kenya-les-differentes-regions-a-visiter\">Kenya : les diff\u00e9rentes r\u00e9gions \u00e0 visiter<\/a><\/li><li class='ez-toc-page-1'><a class=\"ez-toc-link ez-toc-heading-2\" href=\"https:\/\/mistersafari.com\/fr\/safari-kenya\/que-faire\/#le-safari-lactivite-phare-a-faire-au-kenya\">Le safari : l\u2019activit\u00e9-phare \u00e0 faire au kenya<\/a><\/li><li class='ez-toc-page-1'><a class=\"ez-toc-link ez-toc-heading-3\" href=\"https:\/\/mistersafari.com\/fr\/safari-kenya\/que-faire\/#les-autres-lieux-geographiques-dinterets-a-visiter-au-kenya\">Les autres lieux g\u00e9ographiques d\u2019int\u00e9r\u00eats \u00e0 visiter au Kenya<\/a><\/li><li class='ez-toc-page-1'><a class=\"ez-toc-link ez-toc-heading-4\" href=\"https:\/\/mistersafari.com\/fr\/safari-kenya\/que-faire\/#les-autres-activites-a-faire-au-kenya\">Les autres activit\u00e9s \u00e0 faire au Kenya&nbsp;<\/a><\/li><\/ul><\/nav><\/div>\n\n\n\n\n<h2 class=\"wp-block-heading\"><span class=\"ez-toc-section\" id=\"kenya-les-differentes-regions-a-visiter\"><\/span>Kenya : les diff\u00e9rentes r\u00e9gions \u00e0 visiter<span class=\"ez-toc-section-end\"><\/span><\/h2>\n\n\n\n<h3 class=\"wp-block-heading\">Carte des r\u00e9gions<\/h3>\n\n\n\n<p>Afin de vous aider \u00e0 y voir plus clair, voici la carte officielle du Kenya<\/p>\n\n\n\n<figure class=\"wp-block-image size-full\"><img loading=\"lazy\" decoding=\"async\" width=\"1230\" height=\"1780\" src=\"https:\/\/mistersafari.com\/fr\/wp-content\/uploads\/sites\/2\/carte-kenya.jpg\" alt=\"\" class=\"wp-image-587\" srcset=\"https:\/\/mistersafari.com\/fr\/wp-content\/uploads\/sites\/2\/carte-kenya.jpg 1230w, https:\/\/mistersafari.com\/fr\/wp-content\/uploads\/sites\/2\/carte-kenya-207x300.jpg 207w, https:\/\/mistersafari.com\/fr\/wp-content\/uploads\/sites\/2\/carte-kenya-708x1024.jpg 708w, https:\/\/mistersafari.com\/fr\/wp-content\/uploads\/sites\/2\/carte-kenya-768x1111.jpg 768w, https:\/\/mistersafari.com\/fr\/wp-content\/uploads\/sites\/2\/carte-kenya-1061x1536.jpg 1061w\" sizes=\"auto, (max-width: 1230px) 100vw, 1230px\" \/><\/figure>\n\n\n\n<p class=\"has-text-align-center\"><em>Source : <a aria-label=\"France Diplomatie (opens in a new tab)\" href=\"https:\/\/www.diplomatie.gouv.fr\/fr\/dossiers-pays\/kenya\/presentation-du-kenya\/\" target=\"_blank\" rel=\"noreferrer noopener\" class=\"rank-math-link\">France Diplomatie<\/a><\/em><\/p>\n\n\n\n<h3 class=\"wp-block-heading\">Les villes et lieux d\u2019int\u00e9r\u00eats<\/h3>\n\n\n\n<p>Commen\u00e7ons par la capitale du Kenya : <strong>Nairobi<\/strong>.&nbsp;<\/p>\n\n\n\n<p>Avec son a\u00e9roport international, il y a de fortes chances que vous arriviez ou repartiez par Nairobi si vous allez visiter le Kenya. Visite du march\u00e9 Masa\u00ef, du mus\u00e9e national ou encore de l\u2019un des quatre si\u00e8ges de l\u2019ONU, cette ville dynamique m\u00e9rite que l\u2019on s\u2019y attarde un jour ou deux. En haut du Centre International de Conf\u00e9rence de Kenyatta, vous profiterez d\u2019une vue panoramique sur la ville et ses alentours.&nbsp;<\/p>\n\n\n\n<p>Deuxi\u00e8me plus grande ville du Kenya, <strong>Mombasa<\/strong> se situe sur la c\u00f4te sud du pays. On d\u00e9couvre ici des march\u00e9s anim\u00e9s, une vieille ville avec le Fort J\u00e9sus et des belles plages de sable blanc \u00e0 proximit\u00e9.&nbsp;<\/p>\n\n\n\n<p><strong>Laikipia<\/strong> est l\u2019une des fiert\u00e9s des kenyans. Gr\u00e2ce \u00e0 la protection de la faune et de la flore et la proximit\u00e9 de la r\u00e9serve naturelle de Borana, la nature est reine dans cette ville et les espaces qui l\u2019entourent.&nbsp;<\/p>\n\n\n\n<p>Enfin, <strong>Lamu<\/strong>, nom de la petite \u00eele au large du Kenya mais aussi de sa ville, est class\u00e9e au patrimoine mondial de l\u2019UNESCO. D\u00e9couvrez \u00e0 pied, en v\u00e9lo ou \u00e0 dos d\u2019\u00e2ne (les voitures y sont interdites!) la culture et l\u2019histoire de la ville \u00e0 travers ses ruelles paisibles. Le mus\u00e9e de Lamu est une sortie incontournable.&nbsp;<\/p>\n\n\n\n<h2 class=\"wp-block-heading\"><span class=\"ez-toc-section\" id=\"le-safari-lactivite-phare-a-faire-au-kenya\"><\/span>Le safari : l\u2019activit\u00e9-phare \u00e0 faire au kenya<span class=\"ez-toc-section-end\"><\/span><\/h2>\n\n\n\n<h3 class=\"wp-block-heading\">Le Kenya, une destination mondiale de safari<\/h3>\n\n\n\n<p>Le Kenya est sans aucun doute l\u2019une des r\u00e9gions les plus connues au monde pour exp\u00e9rimenter un safari. Ses nombreux parcs et r\u00e9serves, la diversit\u00e9 des animaux et de la flore, le climat agr\u00e9able en font une destination de r\u00eave.&nbsp; N\u2019h\u00e9sitez pas \u00e0 lire notre guide sur un <a href=\"https:\/\/mistersafari.com\/fr\/safari-kenya\/\" class=\"rank-math-link\">safari au Kenya<\/a> pour pr\u00e9parer votre voyage.&nbsp;<\/p>\n\n\n\n<h3 class=\"wp-block-heading\">Les 3 meilleurs parcs et r\u00e9serves \u00e0 visiter au Kenya<\/h3>\n\n\n\n<p>Si vous d\u00e9cidez de partir au Kenya en vacances, c\u2019est s\u00fbrement pour y faire un safari. Voici les trois <a href=\"https:\/\/mistersafari.com\/fr\/safari-kenya\/parcs-reserves\/\" class=\"rank-math-link\">parcs ou r\u00e9serves nationaux du Kenya<\/a>. Ils sont incontournables pour d\u00e9couvrir ce que la savane Africaine a \u00e0 offrir.&nbsp;<\/p>\n\n\n\n<h4 class=\"wp-block-heading\">La r\u00e9serve naturelle de Masa\u00ef Mara<\/h4>\n\n\n\n<p>Prolongement naturel du parc Tanzanien de <a href=\"https:\/\/mistersafari.com\/fr\/safari-tanzanie\/parcs-reserves\/parc-national-serengeti\/\" class=\"rank-math-link\">Serengeti<\/a>, la <a href=\"https:\/\/mistersafari.com\/fr\/safari-kenya\/parcs-reserves\/masai-mara\/\" class=\"rank-math-link\">r\u00e9serve naturelle de Masa\u00ef Mara<\/a> est notamment c\u00e9l\u00e8bre pour la migration spectaculaire de millions de gnous et de plusieurs centaines de milliers de z\u00e8bres entre Juin et Octobre.<\/p>\n\n\n\n<p>La rivi\u00e8re Mara, les plaines de savanes et les nombreux arbres qui servent d\u2019abris au animaux constituent le paysage du Masa\u00ef Mara. Vous pourrez bien s\u00fbr y observer le Big Five, un nombre impressionnant d\u2019esp\u00e8ces d\u2019oiseaux et bien d\u2019autres animaux.&nbsp;<\/p>\n\n\n\n<h4 class=\"wp-block-heading\">Le parc national Amboseli<\/h4>\n\n\n\n<p>Class\u00e9 r\u00e9serve de biosph\u00e8re par l\u2019UNESCO, le <a href=\"https:\/\/mistersafari.com\/fr\/safari-kenya\/parcs-reserves\/parc-amboseli\/\" class=\"rank-math-link\">parc Amboseli<\/a> est l\u2019un des plus beaux parcs du Kenya. Avec le <a href=\"https:\/\/mistersafari.com\/fr\/safari-tanzanie\/parcs-reserves\/parc-national-kilimandjaro\/\" class=\"rank-math-link\">Kilimandjaro<\/a> en toile de fond, ce parc offre des paysages de r\u00eave.&nbsp;<\/p>\n\n\n\n<p>La faune et la flore y sont riches et denses. Le parc Amboseli est notamment r\u00e9put\u00e9 pour la large population d\u2019\u00e9l\u00e9phants qui y r\u00e9sident. Vous pourrez aussi observer de nombreux autres animaux comme des girafes, des lions, des gnous, des z\u00e8bres et des gazelles.<\/p>\n\n\n\n<h4 class=\"wp-block-heading\">Le parc national de Tsavo<\/h4>\n\n\n\n<p>Situ\u00e9 au sud du pays, le <a href=\"https:\/\/mistersafari.com\/fr\/safari-kenya\/parcs-reserves\/parc-tsavo-est-ouest\/\" class=\"rank-math-link\">parc national de Tsavo<\/a> est divis\u00e9 en Tsavo Est et Tsavo Ouest.&nbsp; Les paysages sont diff\u00e9rents d\u2019un c\u00f4t\u00e9 ou de l\u2019autre du parc. L\u2019Ouest est plus vallonn\u00e9e avec des reliefs volcaniques. La v\u00e9g\u00e9tation est plut\u00f4t verdoyante. La partie Est est caract\u00e9ris\u00e9e par sa terre rouge vive et ses baobabs.&nbsp;<\/p>\n\n\n\n<p>Sur cette large \u00e9tendue, il faudra s\u2019accorder du temps pour pouvoir d\u00e9couvrir des animaux sauvages. Vous y verrez des \u00e9l\u00e9phants couverts de cette boue rouge caract\u00e9ristique (la population d\u2019\u00e9l\u00e9phants y est d\u2019ailleurs tr\u00e8s importante), mais aussi des girafes, des z\u00e8bres, des autruches, des oryx, \u2026 C\u2019est aussi \u00e0 Mizma Springs \u00e0 l\u2019Ouest que vous pourrez exp\u00e9rimenter un observatoire immerg\u00e9 pour voir crocodiles et hippopotames.&nbsp;<\/p>\n\n\n\n<h2 class=\"wp-block-heading\"><span class=\"ez-toc-section\" id=\"les-autres-lieux-geographiques-dinterets-a-visiter-au-kenya\"><\/span>Les autres lieux g\u00e9ographiques d\u2019int\u00e9r\u00eats \u00e0 visiter au Kenya<span class=\"ez-toc-section-end\"><\/span><\/h2>\n\n\n\n<p>Outre la vie citadine et les plus c\u00e9l\u00e8bres parcs et r\u00e9serves naturelles que nous avons cit\u00e9, de nombreux autres lieux valent le d\u00e9tour lors de votre visite du Kenya.&nbsp;<\/p>\n\n\n\n<h3 class=\"wp-block-heading\">Le Lac Nakuru<\/h3>\n\n\n\n<p>Situ\u00e9 dans la vall\u00e9e du Rift, le <a href=\"https:\/\/mistersafari.com\/fr\/safari-kenya\/parcs-reserves\/lac-nakuru\/\" class=\"rank-math-link\">Lac Nakuru<\/a> est un lac sal\u00e9 avec, malgr\u00e9 sa petite taille, une des plus fortes densit\u00e9s d\u2019animaux. C\u00e9l\u00e8bre pour les millions de flamands roses qui y migrent, les oiseaux roses c\u00f4toient aussi de nombreux autres animaux sauvages (rhinoc\u00e9ros, buffles, girafes, hippopotames,&#8230;).&nbsp;<\/p>\n\n\n\n<h3 class=\"wp-block-heading\">Le Mont Kenya<\/h3>\n\n\n\n<p>Avec un sommet culminant \u00e0 5199 m\u00e8tres, le Mont Kenya est la deuxi\u00e8me plus haute montagne d\u2019Afrique et la premi\u00e8re du Kenya. Le parc situ\u00e9 \u00e0 son sommet est class\u00e9 \u00e0 l\u2019UNESCO et prot\u00e8ge une faune vari\u00e9e et une flore abondante.&nbsp;<\/p>\n\n\n\n<h3 class=\"wp-block-heading\">Diani Beach<\/h3>\n\n\n\n<p>Station baln\u00e9aire de la c\u00f4te kenyane, \u00e0 quelques kilom\u00e8tres au sud de Mombasa, Diani Beach est appr\u00e9ci\u00e9e pour sa plage idyllique de sable blanc avec ses palmiers et l\u2019oc\u00e9an \u00e0 perte de vue. Les voyageurs profitent de nombreuses activit\u00e9s nautiques tout en disposant d\u2019un acc\u00e8s \u00e0 plusieurs infrastructures (restaurants, bars, centres commerciaux,&#8230;).<\/p>\n\n\n\n<h3 class=\"wp-block-heading\">La r\u00e9serve nationale de Samburu<\/h3>\n\n\n\n<p>Situ\u00e9 dans le centre nord du Kenya, la <a href=\"https:\/\/mistersafari.com\/fr\/safari-kenya\/parcs-reserves\/samburu\/\" class=\"rank-math-link\">r\u00e9serve nationale de Samburu<\/a> a pour avantage de disposer d\u2019un climat agr\u00e9able toute l\u2019ann\u00e9e. Ses paysages secs, avec une v\u00e9g\u00e9tation assez rase et \u00e9parse, permettent d\u2019apercevoir plus facilement les animaux, et notamment les l\u00e9opards.<\/p>\n\n\n\n<h3 class=\"wp-block-heading\">Le Lac Turkana<\/h3>\n\n\n\n<p>Plus grand lac alcalin au monde, le <a href=\"https:\/\/mistersafari.com\/fr\/safari-kenya\/parcs-reserves\/lac-turkana\/\" data-type=\"page\" data-id=\"3046\">Lac Turkana<\/a> est reconnaissable par la couleur bleu-vert de son eau recouvrant les roches noires. Surnomm\u00e9 \u201cLa Mer de Jade\u201d, c\u2019est aux abords de ce lac toujours \u00e0 l\u2019\u00e9tat sauvage que vous pourrez notamment observer crocodiles, hippopotames, oiseaux,&#8230;<\/p>\n\n\n\n<h3 class=\"wp-block-heading\">Le parc national Hell\u2019s Gate<\/h3>\n\n\n\n<p>Sous ce nom trompeur (\u201cla porte de l\u2019enfer\u201d), le parc national Hells\u2019 Gate regorge de paysages surprenants : roches volcaniques, falaises, fractures rocheuses, \u2026 Vous pourrez bien s\u00fbr y faire un safari, mais c\u2019est aussi le lieu id\u00e9al pour des randonn\u00e9es \u00e0 v\u00e9lo ou \u00e0 pieds, vous permettant de d\u00e9couvrir des vues \u00e0 couper le souffle.<\/p>\n\n\n\n<h3 class=\"wp-block-heading\">L&rsquo;\u00cele de Wasini<\/h3>\n\n\n\n<p>Cette petite \u00eele de 5 kilom\u00e8tres de long sur 1 kilom\u00e8tre de large est un autre des lieux paradisiaques qui font la richesse du Kenya. Situ\u00e9e au large de la c\u00f4te sud du pays, cette station baln\u00e9aire vit au rythme des traditions de ses habitants, malgr\u00e9 le flot r\u00e9gulier mais limit\u00e9 de touristes.<\/p>\n\n\n\n<h3 class=\"wp-block-heading\">Le Lac Navaisha<\/h3>\n\n\n\n<p>C\u2019est en bateau ou \u00e0 pied que vous pourrez visiter ce lac d\u2019eau douce de la vall\u00e9e du Rift, au milieu des z\u00e8bres, girafes et autres animaux sauvages. Les hippopotames et des centaines d\u2019esp\u00e8ces d\u2019oiseaux y ont aussi \u00e9lu domicile. Il y a aussi un sanctuaire d\u2019animaux sur le Crescent Island, une presqu&rsquo;\u00eele en forme de croissant de lune.&nbsp;<\/p>\n\n\n\n<h3 class=\"wp-block-heading\">Malindi<\/h3>\n\n\n\n<p>Situ\u00e9e pr\u00e8s d\u2019une centaine de kilom\u00e8tres au Nord de Mombasa, Malindi est une station baln\u00e9aire qui s\u00e9duit les voyageurs notamment gr\u00e2ce \u00e0 ses plages somptueuses. Watamu ou Silver Sands sont des d\u00e9cors paradisiaques m\u00ealant sable blanc et coraux riches. Une promenade dans la ville vous fera d\u00e9couvrir son histoire et sa culture.<\/p>\n\n\n\n<h3 class=\"wp-block-heading\">La for\u00eat de Karura<\/h3>\n\n\n\n<p>Si vous passez par Nairobi lors de votre voyage au Kenya, la for\u00eat de Karura est un incontournable. En plein coeur de la ville, cette oasis de verdure abrite des cascades, des rivi\u00e8res, une v\u00e9g\u00e9tation luxuriante et plus de 50 km de sentiers \u00e0 arpenter.<\/p>\n\n\n\n<h2 class=\"wp-block-heading\"><span class=\"ez-toc-section\" id=\"les-autres-activites-a-faire-au-kenya\"><\/span>Les autres activit\u00e9s \u00e0 faire au Kenya&nbsp;<span class=\"ez-toc-section-end\"><\/span><\/h2>\n\n\n\n<p>Mis \u00e0 part les safaris, vous vous demandez peut-\u00eatre que faire au Kenya? De nombreuses autres activit\u00e9s sont propos\u00e9s aux visiteurs. Et il y en a pour tous les go\u00fbts!&nbsp;<\/p>\n\n\n\n<h3 class=\"wp-block-heading\">La p\u00eache<\/h3>\n\n\n\n<p>Avec ses nombreux lacs et rivi\u00e8res ou encore \u00e0 l\u2019oc\u00e9an, la p\u00eache est une activit\u00e9 facilement accessible au Kenya. Que vous soyez un p\u00eacheur averti ou que vous d\u00e9couvriez ce sport, vous pourrez choisir entre la p\u00eache \u00e0 la mouche sur les cours d\u2019eau, notamment dans la r\u00e9gion d\u2019Aberdares, ou la p\u00eache au gros sur la c\u00f4te de l\u2019oc\u00e9an indien. Certains op\u00e9rateurs proposent m\u00eame des voyages combin\u00e9s p\u00eache et safari.&nbsp;<\/p>\n\n\n\n<h3 class=\"wp-block-heading\">Le golf<\/h3>\n\n\n\n<p>Ancienne colonie anglaise, le Kenya compte plus de 40 parcours de golf qui devraient satisfaire les adeptes. Principalement localis\u00e9s pr\u00e8s de Nairobi ou sur la c\u00f4te kenyane, certains sont reconnus internationalement et offrent des paysages inoubliables.&nbsp;<\/p>\n\n\n\n<h3 class=\"wp-block-heading\">La plong\u00e9e<\/h3>\n\n\n\n<p>On parle souvent du Kenya pour la richesse de sa faune, mais c\u2019est sans oublier le nombre d\u2019esp\u00e8ces marines qui vivent sur ses c\u00f4tes maritimes. La plong\u00e9e sous-marine est de fait une activit\u00e9 id\u00e9ale \u00e0 pratiquer au Kenya, gr\u00e2ce notamment \u00e0 des conditions m\u00e9t\u00e9orologiques idylliques. Plong\u00e9e avec des bouteilles ou snorkeling, les r\u00e9gions de Mombasa, Watamu ou Wasini sont des spots r\u00e9put\u00e9s pour d\u00e9couvrir la vie sous-marine kenyane, et les <a href=\"https:\/\/mistersafari.com\/fr\/safari-kenya\/plages\/\" class=\"rank-math-link\">plages du Kenya<\/a> sont magnifiques.<\/p>\n\n\n\n<h3 class=\"wp-block-heading\">La chasse<\/h3>\n\n\n\n<p>Combin\u00e9 ou non \u00e0 un safari, la chasse sportive est une pratique r\u00e9glement\u00e9e et autoris\u00e9e dans certains pays africains.Cependant au Kenya, la fermeture de la chasse est intervenue en 1977. La pratique de cette activit\u00e9 est d\u00e9sormais passible d&rsquo;une amende et d\u2019une peine de prison.&nbsp;<\/p>\n\n\n\n<h3 class=\"wp-block-heading\">La randonn\u00e9e<\/h3>\n\n\n\n<p>Le Kenya est une destination pris\u00e9e pour les randonn\u00e9es et les treks. Des centaines de kilom\u00e8tres de sentiers parcourent le pays \u00e0 travers ses parcs, r\u00e9serves naturelles et monts avec des paysages \u00e0 couper le souffle.&nbsp;<\/p>\n\n\n\n<h3 class=\"wp-block-heading\">le Kayak<\/h3>\n\n\n\n<p>Si vous aimez le kayak, vous pourrez profiter d\u2019une escapade aussi bien sur les c\u00f4tes de l\u2019Oc\u00e9an Indien que sur les rivi\u00e8res du Kenya, comme la rivi\u00e8re Ewaso Ng\u2019iro notamment.<\/p>\n\n\n\n<p>Enfin, de nombreuses activit\u00e9s d\u00e9tentes (spa, massage) ou encore inoubliables (tour en montgolfi\u00e8re par exemple) compl\u00e8teront parfaitement un <a href=\"https:\/\/mistersafari.com\/fr\/safari-kenya\/voyage-de-noces\/\" class=\"rank-math-link\">voyage de noces au Kenya<\/a> par exemple.<\/p>\n","protected":false},"excerpt":{"rendered":"<p>Lorsque l\u2019on songe \u00e0 partir au Kenya en vacances, on pense d&rsquo;abord \u00e0 un safari. M\u00eame si le pays est sans conteste une destination id\u00e9ale pour faire un safari, il regorge d\u2019autres lieux et activit\u00e9s qui feront d\u2019une visite du Kenya une exp\u00e9rience inoubliable.&nbsp; Vous souhaitez savoir que faire au Kenya ? Voici notre guide. &#8230; <a title=\"Que faire au Kenya ?\" class=\"read-more\" href=\"https:\/\/mistersafari.com\/fr\/safari-kenya\/que-faire\/\" aria-label=\"En savoir plus sur Que faire au Kenya ?\">Lire la suite<\/a><\/p>\n","protected":false},"author":3,"featured_media":659,"parent":924,"menu_order":2,"comment_status":"closed","ping_status":"closed","template":"","meta":{"_acf_changed":false,"footnotes":""},"content_type":[],"country":[],"class_list":{"0":"post-585","1":"page","2":"type-page","3":"status-publish","4":"has-post-thumbnail","6":"no-featured-image-padding"},"acf":{"hreflang":[{"alternative_url":"https:\/\/mistersafari.com\/kenya\/info\/things-to-do\/","language":"en"}]},"_links":{"self":[{"href":"https:\/\/mistersafari.com\/fr\/wp-json\/wp\/v2\/pages\/585","targetHints":{"allow":["GET"]}}],"collection":[{"href":"https:\/\/mistersafari.com\/fr\/wp-json\/wp\/v2\/pages"}],"about":[{"href":"https:\/\/mistersafari.com\/fr\/wp-json\/wp\/v2\/types\/page"}],"author":[{"embeddable":true,"href":"https:\/\/mistersafari.com\/fr\/wp-json\/wp\/v2\/users\/3"}],"replies":[{"embeddable":true,"href":"https:\/\/mistersafari.com\/fr\/wp-json\/wp\/v2\/comments?post=585"}],"version-history":[{"count":18,"href":"https:\/\/mistersafari.com\/fr\/wp-json\/wp\/v2\/pages\/585\/revisions"}],"predecessor-version":[{"id":6463,"href":"https:\/\/mistersafari.com\/fr\/wp-json\/wp\/v2\/pages\/585\/revisions\/6463"}],"up":[{"embeddable":true,"href":"https:\/\/mistersafari.com\/fr\/wp-json\/wp\/v2\/pages\/924"}],"wp:featuredmedia":[{"embeddable":true,"href":"https:\/\/mistersafari.com\/fr\/wp-json\/wp\/v2\/media\/659"}],"wp:attachment":[{"href":"https:\/\/mistersafari.com\/fr\/wp-json\/wp\/v2\/media?parent=585"}],"wp:term":[{"taxonomy":"content_type","embeddable":true,"href":"https:\/\/mistersafari.com\/fr\/wp-json\/wp\/v2\/content_type?post=585"},{"taxonomy":"country","embeddable":true,"href":"https:\/\/mistersafari.com\/fr\/wp-json\/wp\/v2\/country?post=585"}],"curies":[{"name":"wp","href":"https:\/\/api.w.org\/{rel}","templated":true}]}}