{"id":5830,"date":"2021-11-02T11:21:34","date_gmt":"2021-11-02T11:21:34","guid":{"rendered":"https:\/\/mistersafari.com\/fr\/?page_id=5830"},"modified":"2021-11-02T11:21:34","modified_gmt":"2021-11-02T11:21:34","slug":"quand-partir","status":"publish","type":"page","link":"https:\/\/mistersafari.com\/fr\/safari-rwanda\/quand-partir\/","title":{"rendered":"Quand partir au Rwanda ?"},"content":{"rendered":"\n<p>Petit pays de l&rsquo;Afrique de l&rsquo;Est, le Rwanda regorge de secrets. Pour les d\u00e9couvrir, il est avant tout important de choisir la meilleure p\u00e9riode pour visiter le Rwanda. Quand partir au Rwanda ? Suivez le guide !<\/p>\n\n\n<div id=\"ez-toc-container\" class=\"ez-toc-v2_0_76 counter-flat ez-toc-counter ez-toc-custom ez-toc-container-direction\">\n<div class=\"ez-toc-title-container\"><p class=\"ez-toc-title\" style=\"cursor:inherit\">Sommaire<\/p>\n<\/div><nav><ul class='ez-toc-list ez-toc-list-level-1 ' ><li class='ez-toc-page-1'><a class=\"ez-toc-link ez-toc-heading-1\" href=\"https:\/\/mistersafari.com\/fr\/safari-rwanda\/quand-partir\/#la-meteo-et-le-climat-au-rwanda\" >La m\u00e9t\u00e9o et le climat au Rwanda<\/a><\/li><li class='ez-toc-page-1'><a class=\"ez-toc-link ez-toc-heading-2\" href=\"https:\/\/mistersafari.com\/fr\/safari-rwanda\/quand-partir\/#quand-partir-au-rwanda-en-fonction-des-activites\" >Quand partir au Rwanda en fonction des activit\u00e9s<\/a><\/li><li class='ez-toc-page-1'><a class=\"ez-toc-link ez-toc-heading-3\" href=\"https:\/\/mistersafari.com\/fr\/safari-rwanda\/quand-partir\/#faq\" >FAQ<\/a><\/li><\/ul><\/nav><\/div>\n\n\n\n\n<h2 class=\"wp-block-heading\"><span class=\"ez-toc-section\" id=\"la-meteo-et-le-climat-au-rwanda\"><\/span>La m\u00e9t\u00e9o et le climat au Rwanda<span class=\"ez-toc-section-end\"><\/span><\/h2>\n\n\n\n<h3 class=\"wp-block-heading\">Les saisons au Rwanda<\/h3>\n\n\n\n<p>Le Rwanda est un pays au climat tropical mais temp\u00e9r\u00e9 gr\u00e2ce \u00e0 son altitude. On distingue quatre saisons :<\/p>\n\n\n\n<ul class=\"wp-block-list\"><li>de mi-d\u00e9cembre \u00e0 f\u00e9vrier : la petite saison s\u00e8che ;<\/li><li>de mars \u00e0 mai : une saison des pluies ;<\/li><li>de juin \u00e0 septembre : la grande saison s\u00e8che ;<\/li><li>d&rsquo;octobre \u00e0 mi-d\u00e9cembre : la petite saison des pluies.<\/li><\/ul>\n\n\n\n<p>Pendant les saisons des pluies, la m\u00e9t\u00e9o est marqu\u00e9e par des \u00e9pisodes de fortes pluies qui sont courtes mais intenses. On pourrait m\u00eame parler de pluies torrentielles. La plupart du temps, il n&rsquo;y a qu&rsquo;un \u00e9pisode pluvieux par jour, souvent \u00e0 la m\u00eame heure, qui laisse ensuite place au ciel bleu.<\/p>\n\n\n\n<p><strong>La principale difficult\u00e9 de ces saisons est que le Rwanda \u00e9tant majoritairement constitu\u00e9 de routes en terre, beaucoup deviennent impraticables pendant la saison des pluies.<\/strong><\/p>\n\n\n\n<p>L&rsquo;acc\u00e8s \u00e0 certaines r\u00e9gions du Rwanda est donc difficile, voire impossible. La v\u00e9g\u00e9tation est cependant verte et luxuriante cr\u00e9ant des paysages magnifiques. Et il est toujours possible de profiter de l&rsquo;ext\u00e9rieur entre deux averses et en \u00e9tant bien \u00e9quip\u00e9.<\/p>\n\n\n\n<div class=\"wp-block-image\"><figure class=\"aligncenter size-full\"><picture><source srcset=\"https:\/\/mistersafari.com\/fr\/wp-content\/uploads\/sites\/2\/girafe-rwanda.webp 1200w,https:\/\/mistersafari.com\/fr\/wp-content\/uploads\/sites\/2\/girafe-rwanda-300x200.webp 300w,https:\/\/mistersafari.com\/fr\/wp-content\/uploads\/sites\/2\/girafe-rwanda-1024x683.webp 1024w,https:\/\/mistersafari.com\/fr\/wp-content\/uploads\/sites\/2\/girafe-rwanda-768x512.webp 768w\" sizes=\"auto, (max-width: 1200px) 100vw, 1200px\" type=\"image\/webp\"><img src=\"https:\/\/mistersafari.com\/fr\/wp-content\/uploads\/sites\/2\/girafe-rwanda.jpg\" height=\"800\" width=\"1200\" srcset=\"https:\/\/mistersafari.com\/fr\/wp-content\/uploads\/sites\/2\/girafe-rwanda.jpg 1200w, https:\/\/mistersafari.com\/fr\/wp-content\/uploads\/sites\/2\/girafe-rwanda-300x200.jpg 300w, https:\/\/mistersafari.com\/fr\/wp-content\/uploads\/sites\/2\/girafe-rwanda-1024x683.jpg 1024w, https:\/\/mistersafari.com\/fr\/wp-content\/uploads\/sites\/2\/girafe-rwanda-768x512.jpg 768w\" sizes=\"auto, (max-width: 1200px) 100vw, 1200px\" class=\"wp-image-5848 sp-no-webp\" alt=\"girafe au Rwanda\" loading=\"lazy\" decoding=\"async\"  > <\/picture><\/figure><\/div>\n\n\n\n<p>Les saisons s\u00e8ches sont les meilleures p\u00e9riodes pour visiter le Rwanda. Les pluies sont rares et les temp\u00e9ratures agr\u00e9ables, m\u00eame s&rsquo;il est conseill\u00e9 de faire attention aux heures les plus chaudes. Vous pourrez acc\u00e9der \u00e0 toutes les r\u00e9gions du pays sans encombre. Au d\u00e9but de la saison s\u00e8che, la flore profite encore de l&rsquo;humidit\u00e9 pass\u00e9e et est digne des plus belles for\u00eats tropicales.<\/p>\n\n\n\n<p>Voici un tableau r\u00e9capitulatif pour savoir quand partir au Rwanda :<\/p>\n\n\n\n<figure class=\"wp-block-table\"><table class=\"has-fixed-layout\"><thead><tr><th class=\"has-text-align-center\" data-align=\"center\">Janv<\/th><th class=\"has-text-align-center\" data-align=\"center\">F\u00e9vr<\/th><th class=\"has-text-align-center\" data-align=\"center\">Mars<\/th><th class=\"has-text-align-center\" data-align=\"center\">Avr<\/th><th class=\"has-text-align-center\" data-align=\"center\">Mai<\/th><th class=\"has-text-align-center\" data-align=\"center\">Juin<\/th><th class=\"has-text-align-center\" data-align=\"center\">Juill<\/th><th class=\"has-text-align-center\" data-align=\"center\">Ao\u00fbt<\/th><th class=\"has-text-align-center\" data-align=\"center\">Sept<\/th><th class=\"has-text-align-center\" data-align=\"center\">Octo<\/th><th class=\"has-text-align-center\" data-align=\"center\">Nov<\/th><th class=\"has-text-align-center\" data-align=\"center\">D\u00e9c<\/th><\/tr><\/thead><tbody><tr><td class=\"has-text-align-center\" data-align=\"center\">**<\/td><td class=\"has-text-align-center\" data-align=\"center\">**<\/td><td class=\"has-text-align-center\" data-align=\"center\">*<\/td><td class=\"has-text-align-center\" data-align=\"center\">*<\/td><td class=\"has-text-align-center\" data-align=\"center\">*<\/td><td class=\"has-text-align-center\" data-align=\"center\">***<\/td><td class=\"has-text-align-center\" data-align=\"center\">***<\/td><td class=\"has-text-align-center\" data-align=\"center\">***<\/td><td class=\"has-text-align-center\" data-align=\"center\">***<\/td><td class=\"has-text-align-center\" data-align=\"center\">*<\/td><td class=\"has-text-align-center\" data-align=\"center\">*<\/td><td class=\"has-text-align-center\" data-align=\"center\">**<\/td><\/tr><\/tbody><\/table><figcaption>Les meilleurs mois pour partir au Rwanda<\/figcaption><\/figure>\n\n\n\n<p>M\u00eame si le Rwanda reste une destination peu connue, les mois de juillet et ao\u00fbt sont les p\u00e9riodes les plus touristiques.<\/p>\n\n\n\n<h3 class=\"wp-block-heading\">Les temp\u00e9ratures<\/h3>\n\n\n\n<p>Les temp\u00e9ratures sont relativement constantes au Rwanda. Elles varient entre 15\u00b0C pour les minimales et 30\u00b0C pour les maximales, quelle que soit la saison ou la r\u00e9gion.<\/p>\n\n\n\n<h3 class=\"wp-block-heading\">La m\u00e9t\u00e9o selon les r\u00e9gions<\/h3>\n\n\n\n<p>M\u00eame si le Rwanda est un petit pays, on constate malgr\u00e9 tout quelques diff\u00e9rences de climat selon les r\u00e9gions en fonction de l&rsquo;altitude et des conditions g\u00e9ographiques.<\/p>\n\n\n\n<p>D&rsquo;une mani\u00e8re g\u00e9n\u00e9rale, la r\u00e9gion des montagnes \u00e0 l\u2019Ouest et au Nord du Rwanda est plus froide et plus humide que dans la savane situ\u00e9e \u00e0 l\u2019Est. Le Lac Kivu ne conna\u00eet d&rsquo;ailleurs qu&rsquo;une saison s\u00e8che, entre juin et ao\u00fbt.<\/p>\n\n\n\n<h2 class=\"wp-block-heading\"><span class=\"ez-toc-section\" id=\"quand-partir-au-rwanda-en-fonction-des-activites\"><\/span>Quand partir au Rwanda en fonction des activit\u00e9s<span class=\"ez-toc-section-end\"><\/span><\/h2>\n\n\n\n<p>Le Rwanda est largement r\u00e9put\u00e9 pour ses parcs et r\u00e9serves d\u00e9di\u00e9s aux gorilles et autres primates. Le Parc national des Volcans se visite principalement pendant la saison s\u00e8che alors que le parc national de Nyungwe est plus int\u00e9ressant pendant la saison humide. Pour un safari africain plus typique, vous pourrez vous rendre au Parc National de l\u2019Akagera pendant les mois des saisons s\u00e8ches \u00e9galement.<\/p>\n\n\n\n<div class=\"wp-block-image\"><figure class=\"aligncenter size-full\"><picture><source srcset=\"https:\/\/mistersafari.com\/fr\/wp-content\/uploads\/sites\/2\/gorillas-rwanda.webp 1200w,https:\/\/mistersafari.com\/fr\/wp-content\/uploads\/sites\/2\/gorillas-rwanda-300x199.webp 300w,https:\/\/mistersafari.com\/fr\/wp-content\/uploads\/sites\/2\/gorillas-rwanda-1024x680.webp 1024w,https:\/\/mistersafari.com\/fr\/wp-content\/uploads\/sites\/2\/gorillas-rwanda-768x510.webp 768w\" sizes=\"auto, (max-width: 1200px) 100vw, 1200px\" type=\"image\/webp\"><img src=\"https:\/\/mistersafari.com\/fr\/wp-content\/uploads\/sites\/2\/gorillas-rwanda.jpg\" height=\"797\" width=\"1200\" srcset=\"https:\/\/mistersafari.com\/fr\/wp-content\/uploads\/sites\/2\/gorillas-rwanda.jpg 1200w, https:\/\/mistersafari.com\/fr\/wp-content\/uploads\/sites\/2\/gorillas-rwanda-300x199.jpg 300w, https:\/\/mistersafari.com\/fr\/wp-content\/uploads\/sites\/2\/gorillas-rwanda-1024x680.jpg 1024w, https:\/\/mistersafari.com\/fr\/wp-content\/uploads\/sites\/2\/gorillas-rwanda-768x510.jpg 768w\" sizes=\"auto, (max-width: 1200px) 100vw, 1200px\" class=\"wp-image-5844 sp-no-webp\" alt=\"Rwanda Gorilles\" loading=\"lazy\" decoding=\"async\"  > <\/picture><figcaption>Les gorilles du Rwanda<\/figcaption><\/figure><\/div>\n\n\n\n<p>Un s\u00e9jour d\u00e9di\u00e9 au trekking ou au repos sur la plage sera \u00e0 organiser pendant les mois de juin \u00e0 septembre lorsque les pluies se font rares. D&rsquo;ailleurs, juin \u00e0 ao\u00fbt est la seule p\u00e9riode favorable pour un s\u00e9jour sur les plages du Lac Kivu, au risque d&rsquo;\u00eatre arros\u00e9 par les fortes pluies le reste de l&rsquo;ann\u00e9e.<\/p>\n\n\n\n<h2 class=\"gb-headline gb-headline-c14a1c2f gb-headline-text\"><span class=\"ez-toc-section\" id=\"faq\"><\/span>FAQ<span class=\"ez-toc-section-end\"><\/span><\/h2>\n\n\n<div id=\"rank-math-faq\" class=\"rank-math-block\">\n<div class=\"rank-math-list \">\n<div id=\"faq-question-1635848802171\" class=\"rank-math-list-item\">\n<h3 class=\"rank-math-question \">Quelle est la meilleure p\u00e9riode pour visiter le Rwanda ? <\/h3>\n<div class=\"rank-math-answer \">\n\n<p>Les meilleures saisons pour y aller sont les saisons s\u00e8ches. Vous pouvez aussi vous y rendre pendant les saisons des pluies pour profiter de la magnifique v\u00e9g\u00e9tation.<\/p>\n\n<\/div>\n<\/div>\n<div id=\"faq-question-1635848814015\" class=\"rank-math-list-item\">\n<h3 class=\"rank-math-question \">Que\u00a0doit-on\u00a0emporter\u00a0au\u00a0Rwanda ?<\/h3>\n<div class=\"rank-math-answer \">\n\n<p>Il faut \u00eatre bien \u00e9quip\u00e9 car il risque de faire tr\u00e8s chaud pendant les saisons s\u00e8ches, pensez donc \u00e0 ramener des chapeaux, de la cr\u00e8me solaire, des lunettes et tout autre accessoire qui vous prot\u00e9gera du soleil.<\/p>\n\n<\/div>\n<\/div>\n<\/div>\n<\/div>","protected":false},"excerpt":{"rendered":"<p>Petit pays de l&rsquo;Afrique de l&rsquo;Est, le Rwanda regorge de secrets. Pour les d\u00e9couvrir, il est avant tout important de choisir la meilleure p\u00e9riode pour visiter le Rwanda. Quand partir au Rwanda ? Suivez le guide ! La m\u00e9t\u00e9o et le climat au Rwanda Les saisons au Rwanda Le Rwanda est un pays au climat &#8230; <a title=\"Quand partir au Rwanda ?\" class=\"read-more\" href=\"https:\/\/mistersafari.com\/fr\/safari-rwanda\/quand-partir\/\" aria-label=\"En savoir plus sur Quand partir au Rwanda ?\">Lire la suite<\/a><\/p>\n","protected":false},"author":3,"featured_media":5849,"parent":2738,"menu_order":0,"comment_status":"closed","ping_status":"closed","template":"","meta":{"_acf_changed":false,"footnotes":""},"content_type":[],"country":[],"class_list":{"0":"post-5830","1":"page","2":"type-page","3":"status-publish","4":"has-post-thumbnail","6":"no-featured-image-padding"},"acf":{"hreflang":null},"_links":{"self":[{"href":"https:\/\/mistersafari.com\/fr\/wp-json\/wp\/v2\/pages\/5830","targetHints":{"allow":["GET"]}}],"collection":[{"href":"https:\/\/mistersafari.com\/fr\/wp-json\/wp\/v2\/pages"}],"about":[{"href":"https:\/\/mistersafari.com\/fr\/wp-json\/wp\/v2\/types\/page"}],"author":[{"embeddable":true,"href":"https:\/\/mistersafari.com\/fr\/wp-json\/wp\/v2\/users\/3"}],"replies":[{"embeddable":true,"href":"https:\/\/mistersafari.com\/fr\/wp-json\/wp\/v2\/comments?post=5830"}],"version-history":[{"count":22,"href":"https:\/\/mistersafari.com\/fr\/wp-json\/wp\/v2\/pages\/5830\/revisions"}],"predecessor-version":[{"id":5859,"href":"https:\/\/mistersafari.com\/fr\/wp-json\/wp\/v2\/pages\/5830\/revisions\/5859"}],"up":[{"embeddable":true,"href":"https:\/\/mistersafari.com\/fr\/wp-json\/wp\/v2\/pages\/2738"}],"wp:featuredmedia":[{"embeddable":true,"href":"https:\/\/mistersafari.com\/fr\/wp-json\/wp\/v2\/media\/5849"}],"wp:attachment":[{"href":"https:\/\/mistersafari.com\/fr\/wp-json\/wp\/v2\/media?parent=5830"}],"wp:term":[{"taxonomy":"content_type","embeddable":true,"href":"https:\/\/mistersafari.com\/fr\/wp-json\/wp\/v2\/content_type?post=5830"},{"taxonomy":"country","embeddable":true,"href":"https:\/\/mistersafari.com\/fr\/wp-json\/wp\/v2\/country?post=5830"}],"curies":[{"name":"wp","href":"https:\/\/api.w.org\/{rel}","templated":true}]}}