{"id":581,"date":"2020-03-24T07:12:29","date_gmt":"2020-03-24T07:12:29","guid":{"rendered":"https:\/\/mistersafari.com\/fr\/?p=581"},"modified":"2022-03-14T09:05:00","modified_gmt":"2022-03-14T09:05:00","slug":"parc-amboseli","status":"publish","type":"page","link":"https:\/\/mistersafari.com\/fr\/safari-kenya\/parcs-reserves\/parc-amboseli\/","title":{"rendered":"Parc Amboseli"},"content":{"rendered":"\n<p>Avec la <a class=\"rank-math-link rank-math-link\" href=\"https:\/\/mistersafari.com\/fr\/safari-kenya\/parcs-reserves\/masai-mara\/\">r\u00e9serve de Masa\u00ef Mara<\/a>, le parc Amboseli est l\u2019un des <a class=\"rank-math-link\" href=\"https:\/\/mistersafari.com\/fr\/safari-kenya\/parcs-reserves\/\">parcs d\u2019animaux sauvages les plus c\u00e9l\u00e8bres du Kenya<\/a>.&nbsp;<\/p>\n\n\n\n<p>Au pied du Kilimandjaro, ce parc d\u2019une superficie relativement petite est class\u00e9 r\u00e9serve de biosph\u00e8re par l\u2019UNESCO depuis 1980. G\u00e9r\u00e9 par le Kenya Wildlife Service, il est le plus ancien parc du Kenya.<\/p>\n\n\n\n<p>Voici notre guide d\u00e9taill\u00e9 pour vous aider \u00e0 pr\u00e9parer votre visite du Amboseli National Park.<\/p>\n\n\n<div id=\"ez-toc-container\" class=\"ez-toc-v2_0_76 counter-flat ez-toc-counter ez-toc-custom ez-toc-container-direction\">\n<div class=\"ez-toc-title-container\"><p class=\"ez-toc-title\" style=\"cursor:inherit\">Sommaire<\/p>\n<\/div><nav><ul class='ez-toc-list ez-toc-list-level-1 ' ><li class='ez-toc-page-1'><a class=\"ez-toc-link ez-toc-heading-1\" href=\"https:\/\/mistersafari.com\/fr\/safari-kenya\/parcs-reserves\/parc-amboseli\/#pourquoi-se-rendre-au-parc-national-amboseli\">Pourquoi se rendre au parc national Amboseli ?<\/a><\/li><li class='ez-toc-page-1'><a class=\"ez-toc-link ez-toc-heading-2\" href=\"https:\/\/mistersafari.com\/fr\/safari-kenya\/parcs-reserves\/parc-amboseli\/#comment-se-rendre-au-parc-national-amboseli\">Comment se rendre au parc national Amboseli ?<\/a><\/li><li class='ez-toc-page-1'><a class=\"ez-toc-link ez-toc-heading-3\" href=\"https:\/\/mistersafari.com\/fr\/safari-kenya\/parcs-reserves\/parc-amboseli\/#tarif-et-reglementation\">Tarif et r\u00e9glementation<\/a><\/li><li class='ez-toc-page-1'><a class=\"ez-toc-link ez-toc-heading-4\" href=\"https:\/\/mistersafari.com\/fr\/safari-kenya\/parcs-reserves\/parc-amboseli\/#ou-dormir-a-amboseli\">O\u00f9 dormir \u00e0 Amboseli ?<\/a><\/li><li class='ez-toc-page-1'><a class=\"ez-toc-link ez-toc-heading-5\" href=\"https:\/\/mistersafari.com\/fr\/safari-kenya\/parcs-reserves\/parc-amboseli\/#le-parc-national-amboseli-autres-informations-pratiques\">Le parc national Amboseli : autres informations pratiques<\/a><\/li><\/ul><\/nav><\/div>\n\n\n\n\n<h2 class=\"wp-block-heading\"><span class=\"ez-toc-section\" id=\"pourquoi-se-rendre-au-parc-national-amboseli\"><\/span>Pourquoi se rendre au parc national Amboseli ?<span class=\"ez-toc-section-end\"><\/span><\/h2>\n\n\n\n<h3 class=\"wp-block-heading\">Un safari au parc Amboseli<\/h3>\n\n\n\n<p>La densit\u00e9 de la faune et sa v\u00e9g\u00e9tation clairsem\u00e9e et vari\u00e9e font du parc national Amboseli un lieu incontournable pour un safari au Kenya.&nbsp; Les paysages du parc sont r\u00e9partis entre des zones arides et poussi\u00e9reuses et des zones humides avec des mar\u00e9cages et de la v\u00e9g\u00e9tation verdoyante.<\/p>\n\n\n\n<p class=\"callout-green\"><strong>Le parc est largement r\u00e9put\u00e9 pour la pr\u00e9sence de nombreux troupeaux d\u2019\u00e9l\u00e9phants. On d\u00e9nombre environ 1500 animaux aux grandes d\u00e9fenses d\u2019ivoire.<\/strong><\/p>\n\n\n\n<p>Concernant les autres animaux qui constituent le Big Five, il est rare de rencontrer des lions ou des l\u00e9opards, mais il est assez ais\u00e9 d\u2019observer des girafes et des buffles.&nbsp;On peut aussi y observer de nombreux autres mammif\u00e8res : des z\u00e8bres de Burchell, des gnous, des gazelles de Thomson, \u2026 Les zones mar\u00e9cageuses sont habit\u00e9es par les hippopotames mais aussi plus de 400 esp\u00e8ces d\u2019oiseaux.<\/p>\n\n\n\n<p>Les safaris \u00e0 pied sont interdits mais il est possible d\u2019exp\u00e9rimenter un safari \u00e0 dos de cheval dans le parc Amboseli.<\/p>\n\n\n\n<h3 class=\"wp-block-heading\">Les autres activit\u00e9s \u00e0 faire au parc Amboseli<\/h3>\n\n\n\n<p>\u00c0 part les safaris, quelques autres activit\u00e9s sont propos\u00e9es au sein du parc national Amboseli.<\/p>\n\n\n\n<h4 class=\"wp-block-heading\">Observation Hill<\/h4>\n\n\n\n<p>\u00c0 l\u2019ouest du parc Amboseli, se trouve le seul point culminant du parc : l\u2019Observation Hill. Il s\u2019agit d\u2019un petit mont, s\u00fbrement un ancien crat\u00e8re volcanique, avec un sommet plat servant de plateforme d&rsquo;observation. Il est autoris\u00e9 de sortir de son v\u00e9hicule et marcher autour du sommet, profitant ainsi d\u2019une vue \u00e0 360 degr\u00e9s sur le parc.&nbsp;On peut m\u00eame y pique-niquer. L&rsquo;endroit parfait pour contempler le lever ou le coucher du soleil !<\/p>\n\n\n\n<h4 class=\"wp-block-heading\">Les villages Masa\u00ef<\/h4>\n\n\n\n<p>De nombreux villages Masa\u00ef sont pr\u00e9sents au sein du parc Amboseli et dans les alentours.&nbsp;Certains acceptent d\u2019ouvrir leurs portes aux visiteurs, moyennant des frais d\u2019entr\u00e9e, et de partager leurs coutumes traditionnelles : visite des maisons faites de bouse de vache, d\u00e9monstration de danses traditionnelles et allumage de feux.<\/p>\n\n\n\n<h4 class=\"wp-block-heading\">Amboseli Trust for Elephants<\/h4>\n\n\n\n<p>Il s\u2019agit d\u2019un camp de recherche et de protection des \u00e9l\u00e9phants. Il est possible d\u2019assister \u00e0 une conf\u00e9rence d\u2019une heure durant laquelle les chercheurs expliquent leur travail, l\u2019\u00e9volution et la protection de l\u2019esp\u00e8ce. La r\u00e9servation est obligatoire. Voir le <a href=\"https:\/\/www.elephanttrust.org\/\" target=\"_blank\" aria-label=\"site officiel (opens in a new tab)\" rel=\"noreferrer noopener\" class=\"rank-math-link\">site officiel<\/a>.<\/p>\n\n\n\n<h2 class=\"wp-block-heading\"><span class=\"ez-toc-section\" id=\"comment-se-rendre-au-parc-national-amboseli\"><\/span>Comment se rendre au parc national Amboseli ?<span class=\"ez-toc-section-end\"><\/span><\/h2>\n\n\n\n<p>Contrairement \u00e0 d\u2019autres parcs ou r\u00e9serves du Kenya, l\u2019acc\u00e8s \u00e0 Amboseli est relativement facile.&nbsp;<\/p>\n\n\n\n<ul class=\"wp-block-list\"><li><strong>Par avion<\/strong> : Il est possible de rejoindre le parc Amboseli par avion en 30 minutes. Mais ce n\u2019est pas le moyen de transport le plus \u00e9conomique et beaucoup pr\u00e9f\u00e8rent la route.&nbsp;<\/li><li><strong>En voiture<\/strong> : Sa proximit\u00e9 avec Nairobi ou Mombasa fait que la plupart des voyageurs choisissent de se rendre \u00e0 Amboseli en voiture. Il faut compter au minimum et selon la porte d\u2019entr\u00e9e entre 3h et 4h depuis Nairobi ou Mombasa, 5h30 depuis Navaisha ou 2h depuis le <a href=\"https:\/\/mistersafari.com\/fr\/safari-kenya\/parcs-reserves\/parc-tsavo-est-ouest\/\" class=\"rank-math-link\">parc Tsavo Est<\/a>.<\/li><\/ul>\n\n\n\n<p>Selon votre provenance, vous pourrez choisir parmi quatre portes pour entrer le parc Amboseli :&nbsp;<\/p>\n\n\n\n<ul class=\"wp-block-list\"><li>Namanga Gate ou Meshanani Gate au nord-ouest si vous venez de Nairobi<\/li><li>Kimana Gate au sud-est si vous arrivez de Mombasa<\/li><li>Iremito Gate au nord-est<\/li><li>Kitirua Gate au sud, uniquement accessible durant la saison s\u00e8che<\/li><\/ul>\n\n\n\n<p>Comme tous les autres parcs et r\u00e9serves du Kenya, c\u2019est ici que sont demand\u00e9s les frais d\u2019entr\u00e9e au parc.&nbsp;<\/p>\n\n\n\n<h2 class=\"wp-block-heading\"><span class=\"ez-toc-section\" id=\"tarif-et-reglementation\"><\/span>Tarif et r\u00e9glementation<span class=\"ez-toc-section-end\"><\/span><\/h2>\n\n\n\n<h3 class=\"wp-block-heading\">Amboseli : prix d\u2019entr\u00e9e<\/h3>\n\n\n\n<p>Les tarifs d\u2019entr\u00e9e du parc Amboseli sont applicables par personne et par jour :&nbsp;<\/p>\n\n\n\n<ul class=\"wp-block-list\"><li>$60 par adulte, avec les nuits dans le parc<\/li><li>$35 par enfant, avec les nuits dans le parc<\/li><\/ul>\n\n\n\n<h3 class=\"wp-block-heading\">R\u00e9glementation du parc Amboseli<\/h3>\n\n\n\n<p>Le parc Amboseli est g\u00e9r\u00e9 par le Kenya Wildlife Service. Les r\u00e8gles du parc sont sensiblement les m\u00eames que dans les autres parcs et r\u00e9serves du Kenya. Respect des <a href=\"https:\/\/mistersafari.com\/fr\/safari-kenya\/animaux\/\" class=\"rank-math-link\">animaux<\/a>, de la nature, ne pas sortir de son v\u00e9hicule, \u2026<\/p>\n\n\n\n<p class=\"callout-blue\">Le parc est ouvert tous les jours de 6h \u00e0 19h et les entr\u00e9es sont autoris\u00e9es jusqu\u2019\u00e0 18h15.<\/p>\n\n\n\n<p><em>Une liste plus exhaustive des r\u00e8gles \u00e0 suivre est disponible dans notre guide sur la <\/em><a href=\"https:\/\/mistersafari.com\/fr\/safari-kenya\/parcs-reserves\/masai-mara\/\" class=\"rank-math-link\"><em>r\u00e9serve de Masa\u00ef Mara<\/em><\/a><em>.<\/em><\/p>\n\n\n\n<h2 class=\"wp-block-heading\"><span class=\"ez-toc-section\" id=\"ou-dormir-a-amboseli\"><\/span>O\u00f9 dormir \u00e0 Amboseli ?<span class=\"ez-toc-section-end\"><\/span><\/h2>\n\n\n\n<p>De nombreux logements sont propos\u00e9s \u00e0 l\u2019int\u00e9rieur du parc Amboseli ou en p\u00e9riph\u00e9rie. Bien \u00e9videmment, un h\u00e9bergement au sein du parc est toujours pr\u00e9f\u00e9rable, mais les tarifs sont un peu plus \u00e9lev\u00e9s.<\/p>\n\n\n\n<p>Concernant le type d\u2019h\u00e9bergement, vous pourrez choisir parmi trois options.<\/p>\n\n\n\n<h3 class=\"wp-block-heading\">Le camping<\/h3>\n\n\n\n<p>Option la plus \u00e9conomique, il est possible de planter sa tente dans le parc Amboseli, et notamment dans le camping du m\u00eame nom. Il s\u2019agit d\u2019une zone r\u00e9serv\u00e9e aux campeurs, avec un acc\u00e8s \u00e0 l\u2019eau potable, \u00e0 des douches et des WC.<\/p>\n\n\n\n<p>Le confort reste rudimentaire, mais l\u2019exp\u00e9rience sans aucun doute d\u00e9paysante. Le guide accompagnateur assure la s\u00e9curit\u00e9 des voyageurs.<\/p>\n\n\n\n<h3 class=\"wp-block-heading\">Les tentes safari<\/h3>\n\n\n\n<p>Les tentes safari sont soit tout inclus (cuisine, salle de bains, &#8230;), ou sont uniquement des chambres avec sanitaires. Ces logements sont confortables, avec un sol en dur et les murs et plafond en toile, g\u00e9n\u00e9ralement bien entretenus avec une d\u00e9coration soign\u00e9e. Les prix varient nettement d\u2019un h\u00e9bergement \u00e0 un autre.<\/p>\n\n\n\n<p class=\"callout-green\">Ces campements luxueux sont un bon compromis pour \u00eatre proche de la nature, sans compromettre son confort.<\/p>\n\n\n\n<p>On peut citer par exemple le <a aria-label=\" (opens in a new tab)\" href=\"https:\/\/www.booking.com\/hotel\/ke\/kibo-safari-camp.fr.html\" target=\"_blank\" rel=\"noreferrer noopener\" class=\"rank-math-link\">Kibo Safari Camp<\/a> \u00e0 proximit\u00e9 du parc Amboseli, pr\u00e8s de Kimana Gate, avec sa piscine, son restaurant, des animations&#8230;<\/p>\n\n\n\n<h3 class=\"wp-block-heading\">Les lodges<\/h3>\n\n\n\n<p>Plus luxueux, les lodges sont des h\u00e9bergements en dur, proposant g\u00e9n\u00e9ralement une formule tout inclus et s\u2019apparentant presque \u00e0 complexe h\u00f4telier. Ces logements prestigieux offrent g\u00e9n\u00e9ralement un service haut de gamme et sont plus touristiques.&nbsp; Citons par exemple <a aria-label=\" (opens in a new tab)\" rel=\"noreferrer noopener\" href=\"https:\/\/www.booking.com\/hotel\/ke\/ol-tukai-lodge-amboseli.fr.html\" target=\"_blank\" class=\"rank-math-link\">Ol Tukai<\/a>, l\u2019un des lodges situ\u00e9s au c\u0153ur du parc Amboseli, ou encore l\u2019<a aria-label=\" (opens in a new tab)\" rel=\"noreferrer noopener\" href=\"https:\/\/www.booking.com\/hotel\/ke\/amboseli-serena-safari-lodge.fr.html\" target=\"_blank\" class=\"rank-math-link\">Amboseli Serena Safari Lodge<\/a> situ\u00e9 \u00e0 moins de 100 m\u00e8tres \u00e0 l\u2019ext\u00e9rieur du parc.<\/p>\n\n\n\n<h2 class=\"wp-block-heading\"><span class=\"ez-toc-section\" id=\"le-parc-national-amboseli-autres-informations-pratiques\"><\/span>Le parc national Amboseli : autres informations pratiques<span class=\"ez-toc-section-end\"><\/span><\/h2>\n\n\n\n<h3 class=\"wp-block-heading\">G\u00e9ographie<\/h3>\n\n\n\n<p>Amboseli est un parc national de 390 km2. Il est situ\u00e9 \u00e0 la fronti\u00e8re sud du Kenya, \u00e0 proximit\u00e9 du Kilimandjaro, le plus haut sommet d\u2019Afrique.<\/p>\n\n\n\n<p>Le parc est constitu\u00e9 majoritairement du lac du m\u00eame nom, qui est principalement ass\u00e9ch\u00e9 sauf pendant la saison des pluies.<\/p>\n\n\n\n<h3 class=\"wp-block-heading\">M\u00e9t\u00e9o<\/h3>\n\n\n\n<p>La m\u00e9t\u00e9o est relativement cl\u00e9mente tout au long de l\u2019ann\u00e9e dans le parc Amboseli.&nbsp;Les temp\u00e9ratures varient entre 27 degr\u00e9s et 31 degr\u00e9s, les mois plus chauds \u00e9tant f\u00e9vrier, mars et octobre. Le parc Amboseli conna\u00eet deux saisons des pluies, en avril et en novembre.<\/p>\n\n\n\n<h3 class=\"wp-block-heading\">Quand visiter&nbsp;?<\/h3>\n\n\n\n<p>La p\u00e9riode la plus favorable pour faire un safari dans le parc Amboseli est en janvier et f\u00e9vrier ou entre juin et octobre. Les animaux se regroupent alors autour des points d\u2019eau et des mar\u00e9cages et il est plus facile de les observer.<\/p>\n\n\n\n<p>Il est possible de visiter Amboseli le reste de l\u2019ann\u00e9e. Les averses pluvieuses pendant la saison des pluies sont courtes et font rapidement place au soleil. La v\u00e9g\u00e9tation plus luxuriante peut rendre plus difficile l&rsquo;observation des animaux. Les tarifs des safaris sont par cons\u00e9quent plus abordables.<\/p>\n","protected":false},"excerpt":{"rendered":"<p>Avec la r\u00e9serve de Masa\u00ef Mara, le parc Amboseli est l\u2019un des parcs d\u2019animaux sauvages les plus c\u00e9l\u00e8bres du Kenya.&nbsp; Au pied du Kilimandjaro, ce parc d\u2019une superficie relativement petite est class\u00e9 r\u00e9serve de biosph\u00e8re par l\u2019UNESCO depuis 1980. G\u00e9r\u00e9 par le Kenya Wildlife Service, il est le plus ancien parc du Kenya. Voici notre &#8230; <a title=\"Parc Amboseli\" class=\"read-more\" href=\"https:\/\/mistersafari.com\/fr\/safari-kenya\/parcs-reserves\/parc-amboseli\/\" aria-label=\"En savoir plus sur Parc Amboseli\">Lire la suite<\/a><\/p>\n","protected":false},"author":3,"featured_media":665,"parent":926,"menu_order":4,"comment_status":"closed","ping_status":"open","template":"","meta":{"_acf_changed":false,"footnotes":""},"content_type":[],"country":[],"class_list":{"0":"post-581","1":"page","2":"type-page","3":"status-publish","4":"has-post-thumbnail","6":"no-featured-image-padding"},"acf":{"hreflang":[{"alternative_url":"https:\/\/mistersafari.com\/amboseli-national-park\/","language":"en"}]},"_links":{"self":[{"href":"https:\/\/mistersafari.com\/fr\/wp-json\/wp\/v2\/pages\/581","targetHints":{"allow":["GET"]}}],"collection":[{"href":"https:\/\/mistersafari.com\/fr\/wp-json\/wp\/v2\/pages"}],"about":[{"href":"https:\/\/mistersafari.com\/fr\/wp-json\/wp\/v2\/types\/page"}],"author":[{"embeddable":true,"href":"https:\/\/mistersafari.com\/fr\/wp-json\/wp\/v2\/users\/3"}],"replies":[{"embeddable":true,"href":"https:\/\/mistersafari.com\/fr\/wp-json\/wp\/v2\/comments?post=581"}],"version-history":[{"count":17,"href":"https:\/\/mistersafari.com\/fr\/wp-json\/wp\/v2\/pages\/581\/revisions"}],"predecessor-version":[{"id":6468,"href":"https:\/\/mistersafari.com\/fr\/wp-json\/wp\/v2\/pages\/581\/revisions\/6468"}],"up":[{"embeddable":true,"href":"https:\/\/mistersafari.com\/fr\/wp-json\/wp\/v2\/pages\/926"}],"wp:featuredmedia":[{"embeddable":true,"href":"https:\/\/mistersafari.com\/fr\/wp-json\/wp\/v2\/media\/665"}],"wp:attachment":[{"href":"https:\/\/mistersafari.com\/fr\/wp-json\/wp\/v2\/media?parent=581"}],"wp:term":[{"taxonomy":"content_type","embeddable":true,"href":"https:\/\/mistersafari.com\/fr\/wp-json\/wp\/v2\/content_type?post=581"},{"taxonomy":"country","embeddable":true,"href":"https:\/\/mistersafari.com\/fr\/wp-json\/wp\/v2\/country?post=581"}],"curies":[{"name":"wp","href":"https:\/\/api.w.org\/{rel}","templated":true}]}}