{"id":564,"date":"2020-03-24T06:11:33","date_gmt":"2020-03-24T06:11:33","guid":{"rendered":"https:\/\/mistersafari.com\/fr\/?p=564"},"modified":"2022-03-14T09:05:59","modified_gmt":"2022-03-14T09:05:59","slug":"lac-nakuru","status":"publish","type":"page","link":"https:\/\/mistersafari.com\/fr\/safari-kenya\/parcs-reserves\/lac-nakuru\/","title":{"rendered":"Lac Nakuru"},"content":{"rendered":"\n<p>Le parc national du Lac de Nakuru est un <a href=\"https:\/\/mistersafari.com\/fr\/safari-kenya\/parcs-reserves\/\" class=\"rank-math-link\">parc Kenyan<\/a> cr\u00e9\u00e9 en 1967 et aujourd\u2019hui inscrit au Patrimoine Mondial de l\u2019UNESCO.&nbsp;<\/p>\n\n\n\n<p>Il est notamment devenu c\u00e9l\u00e8bre pour les millions de flamants roses qui se baignent dans les eaux de son lac alcalin. De nombreuses autres esp\u00e8ces d\u2019oiseaux peuvent y \u00eatre observ\u00e9es, ce qui en fait le \u201cparadis des ornithologues\u201d, mais aussi bien d\u2019autres animaux d\u2019Afrique. D\u00e9couvrez toutes les informations utiles pour pr\u00e9parer votre voyage au Lac Nakuru.<\/p>\n\n\n<div id=\"ez-toc-container\" class=\"ez-toc-v2_0_76 counter-flat ez-toc-counter ez-toc-custom ez-toc-container-direction\">\n<div class=\"ez-toc-title-container\"><p class=\"ez-toc-title\" style=\"cursor:inherit\">Sommaire<\/p>\n<\/div><nav><ul class='ez-toc-list ez-toc-list-level-1 ' ><li class='ez-toc-page-1'><a class=\"ez-toc-link ez-toc-heading-1\" href=\"https:\/\/mistersafari.com\/fr\/safari-kenya\/parcs-reserves\/lac-nakuru\/#pourquoi-se-rendre-au-parc-national-du-lac-nakuru\">Pourquoi se rendre au parc national du Lac Nakuru<\/a><\/li><li class='ez-toc-page-1'><a class=\"ez-toc-link ez-toc-heading-2\" href=\"https:\/\/mistersafari.com\/fr\/safari-kenya\/parcs-reserves\/lac-nakuru\/#comment-se-rendre-au-parc-national-du-lac-nakuru\">Comment se rendre au parc national du Lac Nakuru<\/a><\/li><li class='ez-toc-page-1'><a class=\"ez-toc-link ez-toc-heading-3\" href=\"https:\/\/mistersafari.com\/fr\/safari-kenya\/parcs-reserves\/lac-nakuru\/#tarif-et-reglementation\">Tarif et r\u00e9glementation<\/a><\/li><li class='ez-toc-page-1'><a class=\"ez-toc-link ez-toc-heading-4\" href=\"https:\/\/mistersafari.com\/fr\/safari-kenya\/parcs-reserves\/lac-nakuru\/#ou-dormir-au-lac-nakuru\">O\u00f9 dormir au Lac Nakuru<\/a><\/li><li class='ez-toc-page-1'><a class=\"ez-toc-link ez-toc-heading-5\" href=\"https:\/\/mistersafari.com\/fr\/safari-kenya\/parcs-reserves\/lac-nakuru\/#le-parc-national-du-lac-nakuru-autres-informations-pratiques\">Le parc national du Lac Nakuru : autres informations pratiques<\/a><\/li><\/ul><\/nav><\/div>\n\n\n\n\n<h2 class=\"wp-block-heading\"><span class=\"ez-toc-section\" id=\"pourquoi-se-rendre-au-parc-national-du-lac-nakuru\"><\/span>Pourquoi se rendre au parc national du Lac Nakuru<span class=\"ez-toc-section-end\"><\/span><\/h2>\n\n\n\n<h3 class=\"wp-block-heading\">Un safari au Lac Nakuru<\/h3>\n\n\n\n<p>Malgr\u00e9 sa petite taille, le parc national du Lac Nakuru abrite une faune et une flore particuli\u00e8rement abondante.<\/p>\n\n\n\n<p class=\"callout-green\"><strong>Lors d\u2019un safari au Lac Nakuru, vous pourrez tout d\u2019abord y observer de nombreux rhinoc\u00e9ros.&nbsp;<\/strong><\/p>\n\n\n\n<p>Un sanctuaire instaur\u00e9 depuis 1984 par les locaux avec des moyens importants (patrouille de rangers, grillages, \u2026) a permis de prot\u00e9ger et de d\u00e9velopper la population de rhinoc\u00e9ros noirs et blancs dans le parc.&nbsp; <em>Si vous voulez voir des rhinoc\u00e9ros, le lac Nakuru est donc un incontournable lors de votre <\/em><a href=\"https:\/\/mistersafari.com\/fr\/safari-kenya\/\" class=\"rank-math-link\"><em>safari au Kenya<\/em><\/a><em> !<\/em><\/p>\n\n\n\n<p>Le lac alcalin attire aussi de nombreux oiseaux et notamment les flamants roses qui ont fait sa renomm\u00e9e.&nbsp; Alors qu\u2019ils \u00e9taient des millions il y a peu, les changements climatiques impactent le niveau salin du lac et la population de flamants roses migrant vers le Lac Nakuru diminue. Ce sont tout de m\u00eame des milliers de flamants roses que l\u2019on peut observer, notamment entre juin et juillet.&nbsp;<\/p>\n\n\n\n<p>On observe aussi plus de 400 esp\u00e8ces d\u2019oiseaux comme des martins-p\u00eacheurs, des h\u00e9rons, des p\u00e9licans, des cigognes,&#8230;<strong> <\/strong>Beaucoup d\u2019autres animaux sont pr\u00e9sents dans le parc : hippopotames, girafes de Rothschild, buffles, z\u00e8bres, autruches, \u2026 Il n\u2019y a par contre pas d\u2019\u00e9l\u00e9phants dans le parc national du Lac Nakuru.&nbsp; Au vu de la taille du parc, une journ\u00e9e suffit pour un safari dans le parc national du Lac Nakuru.&nbsp;<\/p>\n\n\n\n<h3 class=\"wp-block-heading\">Les autres activit\u00e9s au parc national du Lac Nakuru et aux alentours<\/h3>\n\n\n\n<p>Gr\u00e2ce \u00e0 sa proximit\u00e9 avec Nairobi, il est possible de ne passer qu&rsquo;une journ\u00e9e dans le parc du Lac Nakuru, et par cons\u00e9quent vous aurez un peu de temps pour d\u2019autres visites aux alentours. Si vous d\u00e9cidez d\u2019y rester plus d\u2019une journ\u00e9e, voici quelques id\u00e9es d\u2019activit\u00e9s \u00e0 faire au Lac Nakuru et \u00e0 proximit\u00e9.&nbsp;<\/p>\n\n\n\n<h3 class=\"wp-block-heading\">Le point de vue de Makalia Falls<\/h3>\n\n\n\n<p>Environ 30km sud du parc, depuis une falaise abrupte, une chute d\u2019eau d\u2019environ 10 m\u00e8tres, qui prend sa source dans l\u2019une des rivi\u00e8res qui se jettent dans le lac, offre un joli spectacle.<\/p>\n\n\n\n<h3 class=\"wp-block-heading\">Les autres lacs de la r\u00e9gion de la vall\u00e9e du Rift<\/h3>\n\n\n\n<p>Une excursion dans le parc national du Lac Nakuru peut \u00eatre combin\u00e9e avec la visite des autres lacs de la r\u00e9gion du Rift : le Lac Elementaita ou le Lac Naivasha ; mais aussi avec la visite d\u2019autres parcs comme le parc national de Hell\u2019s Gate ou la r\u00e9serve priv\u00e9e de Soysambu. Randonn\u00e9es \u00e0 pieds ou en VTT, balade en bateau ou encore vol en Montgolfi\u00e8re sont possibles dans ces diff\u00e9rents lieux.<\/p>\n\n\n\n<h2 class=\"wp-block-heading\"><span class=\"ez-toc-section\" id=\"comment-se-rendre-au-parc-national-du-lac-nakuru\"><\/span>Comment se rendre au parc national du Lac Nakuru<span class=\"ez-toc-section-end\"><\/span><\/h2>\n\n\n\n<p>Pour vous rendre au Lac Nakuru, deux options s\u2019offrent \u00e0 vous.<\/p>\n\n\n\n<ul class=\"wp-block-list\"><li><strong>Par avion<\/strong> : Il est possible de se rendre \u00e0 Nakuru par avion depuis Nairobi. Cependant, le rapport co\u00fbt\/\u00e9conomie de temps fait de ce mode de transport la solution la moins rentable.<\/li><li><strong>En voiture<\/strong> : Le parc Nakuru est situ\u00e9 \u00e0 moins de 3 heures de route de Nairobi. Vous prendrez la route A104 sur 156 km qui est facilement praticable.<\/li><\/ul>\n\n\n\n<p>La proximit\u00e9 du parc national du Lac Nakuru avec Nairobi permet d&rsquo;effectuer un safari \u00e0 la journ\u00e9e au d\u00e9part de la capitale.&nbsp;<\/p>\n\n\n\n<p>Le parc National du Lac Nakuru dispose de trois portes d\u2019entr\u00e9e :<\/p>\n\n\n\n<ul class=\"wp-block-list\"><li>Main Gate (la porte principale) est situ\u00e9e \u00e0 4km du centre-ville de Nakuru, c\u2019est la plus emprunt\u00e9e<\/li><li>Lanet Gate est aussi facilement accessible depuis l\u2019axe routier Nairobi\/Nakuru<\/li><li>Nderit Gate est uniquement utilis\u00e9e par les voyageurs arrivant de la <a href=\"https:\/\/mistersafari.com\/fr\/safari-kenya\/parcs-reserves\/masai-mara\/\" class=\"rank-math-link\">r\u00e9serve Masa\u00ef Mara<\/a> ou du <a href=\"https:\/\/fr.wikipedia.org\/wiki\/Lac_Elmenteita\" class=\"rank-math-link\" target=\"_blank\" rel=\"noopener\">lac Elementaita<\/a><\/li><\/ul>\n\n\n\n<h2 class=\"wp-block-heading\"><span class=\"ez-toc-section\" id=\"tarif-et-reglementation\"><\/span>Tarif et r\u00e9glementation<span class=\"ez-toc-section-end\"><\/span><\/h2>\n\n\n\n<h3 class=\"wp-block-heading\">Prix d\u2019entr\u00e9e du parc national du Lac Nakuru<\/h3>\n\n\n\n<p>C\u2019est aux portes d\u2019entr\u00e9e du parc qu\u2019il vous sera demand\u00e9 de r\u00e9gler le tarif d\u2019entr\u00e9e, sauf si vous avez r\u00e9serv\u00e9 un voyage tout inclus. Les tarifs sont :<\/p>\n\n\n\n<ul class=\"wp-block-list\"><li>$60 par adulte par jour<\/li><li>$35 par enfant par jour<\/li><\/ul>\n\n\n\n<h3 class=\"wp-block-heading\">La r\u00e9glementation<\/h3>\n\n\n\n<p>Lors de votre visite du parc national du Lac Nakuru, vous \u00eates pri\u00e9 de respecter les r\u00e8gles de fr\u00e9quentation communes \u00e0 tous les parcs et r\u00e9serves du Kenya : respect des horaires d\u2019ouverture du parc, respect des animaux et de la nature, rester \u00e0 bord de votre v\u00e9hicule, \u2026<\/p>\n\n\n\n<h2 class=\"wp-block-heading\"><span class=\"ez-toc-section\" id=\"ou-dormir-au-lac-nakuru\"><\/span>O\u00f9 dormir au Lac Nakuru<span class=\"ez-toc-section-end\"><\/span><\/h2>\n\n\n\n<p>Si vous souhaitez passer une ou plusieurs nuits pr\u00e8s du Lac Nakuru, vous pourrez choisir entre plusieurs types d\u2019h\u00e9bergement.&nbsp;<\/p>\n\n\n\n<h3 class=\"wp-block-heading\">Le camping<\/h3>\n\n\n\n<p>Les voyageurs au budget restreint appr\u00e9cieront le grand nombre de campings disponibles dans le parc du Lac Nakuru et aux alentours. Ce type d\u2019h\u00e9bergement permet de rester au plus pr\u00e8s de la nature, tout en disposant des commodit\u00e9s de base : eau courante, toilettes et douches, voire une cuisinette partag\u00e9e.<\/p>\n\n\n\n<p><a href=\"http:\/\/www.kws.go.ke\/content\/back-packers\" target=\"_blank\" aria-label=\" (opens in a new tab)\" rel=\"noreferrer noopener\" class=\"rank-math-link\">Back Packers<\/a> par exemple est l\u2019un des campings situ\u00e9s dans le parc, pr\u00e8s du lac. Il existe aussi le <a href=\"http:\/\/www.kws.go.ke\/content\/makalia-campsite\" target=\"_blank\" aria-label=\" (opens in a new tab)\" rel=\"noreferrer noopener\" class=\"rank-math-link\">camping Makalia<\/a> pr\u00e8s des Chutes Makalia (30km apr\u00e8s la sortie du parc par la porte principale) dont nous vous parlions ci-dessus.<\/p>\n\n\n\n<p class=\"callout-orange\">En fonction de la p\u00e9riode de l\u2019ann\u00e9e, pensez \u00e0 v\u00e9rifier l\u2019accessibilit\u00e9 des terrains de camping. Ils sont parfois inond\u00e9s.&nbsp;<\/p>\n\n\n\n<h3 class=\"wp-block-heading\">Les lodges<\/h3>\n\n\n\n<p>Ceux qui souhaitent plus de confort s\u2019orienteront vers un h\u00e9bergement en lodge. Il s\u2019agit le plus souvent d\u2019un petit complexe r\u00e9sidentiel de tentes en dur, ou parfois semi-dur, avec restaurant, piscine, bar mis \u00e0 disposition des voyageurs. Pour des versions luxueuses, vous aurez le choix entre <a href=\"https:\/\/www.booking.com\/hotel\/ke\/sarova-lion-hill-game-lodge.fr.html\" target=\"_blank\" aria-label=\" (opens in a new tab)\" rel=\"noreferrer noopener\" class=\"rank-math-link\">Sarova Lion Hill Lodge<\/a> et <a href=\"https:\/\/www.booking.com\/hotel\/ke\/lake-nakuru-lodge.fr.html\" target=\"_blank\" aria-label=\" (opens in a new tab)\" rel=\"noreferrer noopener\" class=\"rank-math-link\">Lake Nakuru Lodge<\/a>.<\/p>\n\n\n\n<p><em>D\u2019autres logements en dur, comme des h\u00f4tels, sont aussi disponibles dans la ville de Nakuru, \u00e0 l\u2019ext\u00e9rieur du parc.&nbsp;<\/em><\/p>\n\n\n\n<h2 class=\"wp-block-heading\"><span class=\"ez-toc-section\" id=\"le-parc-national-du-lac-nakuru-autres-informations-pratiques\"><\/span>Le parc national du Lac Nakuru : autres informations pratiques<span class=\"ez-toc-section-end\"><\/span><\/h2>\n\n\n\n<h3 class=\"wp-block-heading\">G\u00e9ographie<\/h3>\n\n\n\n<p>Situ\u00e9 au centre du Kenya, le parc national du Lac Nakuru est proche de la 4\u00e8me plus grande ville du Kenya, portant le m\u00eame nom de Nakuru. Le parc s\u2019\u00e9tend sur un peu moins de 200 km2, dont environ \u2153 est occup\u00e9 par le lac. Il se trouve \u00e0 une altitude de 1758 m\u00e8tres.&nbsp;Le parc national du Lac Nakuru offre une diversit\u00e9 de paysages : lac, plaines, for\u00eats d&rsquo;acacias, collines, roches, &#8230;<\/p>\n\n\n\n<h3 class=\"wp-block-heading\">M\u00e9t\u00e9o<\/h3>\n\n\n\n<p>Le climat est agr\u00e9able toute l\u2019ann\u00e9e \u00e0 Nakuru. Les temp\u00e9ratures moyennes varient entre 24 degr\u00e9s en Juin et 28 degr\u00e9s en F\u00e9vrier. Les saisons des pluies sont observ\u00e9es en Novembre puis en Avril et Mai, ce sont donc des p\u00e9riodes \u00e0 \u00e9viter.&nbsp;<\/p>\n\n\n\n<h3 class=\"wp-block-heading\">Quand visiter<\/h3>\n\n\n\n<p>Gr\u00e2ce au bon \u00e9tat des routes, l\u2019acc\u00e8s au parc national du lac Nakuru est possible toute l\u2019ann\u00e9e.&nbsp;<br>Le climat y est le plus favorable entre Janvier et Mars. Mais si vous souhaitez y voir des flamants roses, privil\u00e9giez d\u2019y aller en Juin ou Juillet. Ce sera aussi l\u2019occasion d\u2019observer la migration des gnous et z\u00e8bres au <a href=\"https:\/\/mistersafari.com\/fr\/safari-kenya\/parcs-reserves\/masai-mara\/\" class=\"rank-math-link\">Masa\u00ef Mara<\/a> par exemple.<\/p>\n","protected":false},"excerpt":{"rendered":"<p>Le parc national du Lac de Nakuru est un parc Kenyan cr\u00e9\u00e9 en 1967 et aujourd\u2019hui inscrit au Patrimoine Mondial de l\u2019UNESCO.&nbsp; Il est notamment devenu c\u00e9l\u00e8bre pour les millions de flamants roses qui se baignent dans les eaux de son lac alcalin. De nombreuses autres esp\u00e8ces d\u2019oiseaux peuvent y \u00eatre observ\u00e9es, ce qui en &#8230; <a title=\"Lac Nakuru\" class=\"read-more\" href=\"https:\/\/mistersafari.com\/fr\/safari-kenya\/parcs-reserves\/lac-nakuru\/\" aria-label=\"En savoir plus sur Lac Nakuru\">Lire la suite<\/a><\/p>\n","protected":false},"author":3,"featured_media":647,"parent":926,"menu_order":3,"comment_status":"closed","ping_status":"open","template":"","meta":{"_acf_changed":false,"footnotes":""},"content_type":[],"country":[],"class_list":{"0":"post-564","1":"page","2":"type-page","3":"status-publish","4":"has-post-thumbnail","6":"no-featured-image-padding"},"acf":{"hreflang":[{"alternative_url":"https:\/\/mistersafari.com\/lake-nakuru-national-park\/","language":"en"}]},"_links":{"self":[{"href":"https:\/\/mistersafari.com\/fr\/wp-json\/wp\/v2\/pages\/564","targetHints":{"allow":["GET"]}}],"collection":[{"href":"https:\/\/mistersafari.com\/fr\/wp-json\/wp\/v2\/pages"}],"about":[{"href":"https:\/\/mistersafari.com\/fr\/wp-json\/wp\/v2\/types\/page"}],"author":[{"embeddable":true,"href":"https:\/\/mistersafari.com\/fr\/wp-json\/wp\/v2\/users\/3"}],"replies":[{"embeddable":true,"href":"https:\/\/mistersafari.com\/fr\/wp-json\/wp\/v2\/comments?post=564"}],"version-history":[{"count":13,"href":"https:\/\/mistersafari.com\/fr\/wp-json\/wp\/v2\/pages\/564\/revisions"}],"predecessor-version":[{"id":6469,"href":"https:\/\/mistersafari.com\/fr\/wp-json\/wp\/v2\/pages\/564\/revisions\/6469"}],"up":[{"embeddable":true,"href":"https:\/\/mistersafari.com\/fr\/wp-json\/wp\/v2\/pages\/926"}],"wp:featuredmedia":[{"embeddable":true,"href":"https:\/\/mistersafari.com\/fr\/wp-json\/wp\/v2\/media\/647"}],"wp:attachment":[{"href":"https:\/\/mistersafari.com\/fr\/wp-json\/wp\/v2\/media?parent=564"}],"wp:term":[{"taxonomy":"content_type","embeddable":true,"href":"https:\/\/mistersafari.com\/fr\/wp-json\/wp\/v2\/content_type?post=564"},{"taxonomy":"country","embeddable":true,"href":"https:\/\/mistersafari.com\/fr\/wp-json\/wp\/v2\/country?post=564"}],"curies":[{"name":"wp","href":"https:\/\/api.w.org\/{rel}","templated":true}]}}