{"id":559,"date":"2020-03-24T06:01:30","date_gmt":"2020-03-24T06:01:30","guid":{"rendered":"https:\/\/mistersafari.com\/fr\/?p=559"},"modified":"2022-03-14T09:02:20","modified_gmt":"2022-03-14T09:02:20","slug":"samburu","status":"publish","type":"page","link":"https:\/\/mistersafari.com\/fr\/safari-kenya\/parcs-reserves\/samburu\/","title":{"rendered":"R\u00e9serve Nationale de Samburu"},"content":{"rendered":"\n<p>Situ\u00e9e \u00e0 quelque 300 km au nord-est de Nairobi, la r\u00e9serve nationale de Samburu est l\u2019un des lieux incontournables lors d\u2019une visite du Kenya. Moins fr\u00e9quent\u00e9e que d\u2019<a href=\"https:\/\/mistersafari.com\/fr\/safari-kenya\/parcs-reserves\/\" class=\"rank-math-link\">autres parcs ou r\u00e9serves du Kenya<\/a>, l\u2019oasis offerte par la rivi\u00e8re d\u2019Ewaso N&rsquo;Giro assure pourtant la pr\u00e9sence de nombreux animaux et en fait une destination phare pour un safari.<\/p>\n\n\n<div id=\"ez-toc-container\" class=\"ez-toc-v2_0_76 counter-flat ez-toc-counter ez-toc-custom ez-toc-container-direction\">\n<div class=\"ez-toc-title-container\"><p class=\"ez-toc-title\" style=\"cursor:inherit\">Sommaire<\/p>\n<\/div><nav><ul class='ez-toc-list ez-toc-list-level-1 ' ><li class='ez-toc-page-1'><a class=\"ez-toc-link ez-toc-heading-1\" href=\"https:\/\/mistersafari.com\/fr\/safari-kenya\/parcs-reserves\/samburu\/#pourquoi-se-rendre-a-la-reserve-nationale-de-samburu\">Pourquoi se rendre \u00e0 la r\u00e9serve nationale de Samburu ?<\/a><\/li><li class='ez-toc-page-1'><a class=\"ez-toc-link ez-toc-heading-2\" href=\"https:\/\/mistersafari.com\/fr\/safari-kenya\/parcs-reserves\/samburu\/#comment-se-rendre-a-la-reserve-nationale-de-samburu\">Comment se rendre \u00e0 la r\u00e9serve nationale de Samburu ?&nbsp;<\/a><\/li><li class='ez-toc-page-1'><a class=\"ez-toc-link ez-toc-heading-3\" href=\"https:\/\/mistersafari.com\/fr\/safari-kenya\/parcs-reserves\/samburu\/#tarif-et-reglementation\">Tarif et r\u00e9glementation<\/a><\/li><li class='ez-toc-page-1'><a class=\"ez-toc-link ez-toc-heading-4\" href=\"https:\/\/mistersafari.com\/fr\/safari-kenya\/parcs-reserves\/samburu\/#ou-dormir-a-samburu\">O\u00f9 dormir \u00e0 Samburu ?<\/a><\/li><li class='ez-toc-page-1'><a class=\"ez-toc-link ez-toc-heading-5\" href=\"https:\/\/mistersafari.com\/fr\/safari-kenya\/parcs-reserves\/samburu\/#la-reserve-nationale-de-samburu-autres-informations-pratiques\">La r\u00e9serve nationale de Samburu : autres informations pratiques<\/a><\/li><\/ul><\/nav><\/div>\n\n\n\n\n<h2 class=\"wp-block-heading\"><span class=\"ez-toc-section\" id=\"pourquoi-se-rendre-a-la-reserve-nationale-de-samburu\"><\/span>Pourquoi se rendre \u00e0 la r\u00e9serve nationale de Samburu ?<span class=\"ez-toc-section-end\"><\/span><\/h2>\n\n\n\n<h3 class=\"wp-block-heading\">Un safari dans la r\u00e9serve de Samburu<\/h3>\n\n\n\n<p>Gr\u00e2ce au passage de la rivi\u00e8re d\u2019Ewaso N&rsquo;Giro, la r\u00e9serve nationale de Samburu est un lieu privil\u00e9gi\u00e9 pour les <a href=\"https:\/\/mistersafari.com\/fr\/safari-kenya\/animaux\/\" class=\"rank-math-link\">animaux sauvages du Kenya<\/a> en qu\u00eate d\u2019eau. La r\u00e9serve est notamment r\u00e9put\u00e9e pour la pr\u00e9sence en nombre d\u2019esp\u00e8ces rares.<\/p>\n\n\n\n<ul class=\"wp-block-list\"><li>Z\u00e8bre de Gr\u00e9vy<\/li><li>girafe r\u00e9ticul\u00e9e<\/li><li>autruche saumalienne<\/li><li>pintade vulturine<\/li><li>oryx Beisa<\/li><li>cobe \u00e0 croissant&nbsp;<\/li><li>gazelle de Grant<\/li><li>gazelle de Waller<\/li><li>antilope-girafe<\/li><\/ul>\n\n\n\n<p>On y retrouve aussi des animaux d\u2019Afrique plus communs. Le lion, le gu\u00e9pard, l\u2019impala, le l\u00e9opard, le buffle. Les troupeaux d\u2019\u00e9l\u00e9phants sont nombreux et il est fr\u00e9quent de les observer creuser le lit ass\u00e9ch\u00e9 de la rivi\u00e8re avec leurs d\u00e9fenses pendant la saison s\u00e8che \u00e0 la recherche d\u2019eau.&nbsp;<\/p>\n\n\n\n<p class=\"callout-blue\"><em>Petite particularit\u00e9 : les lions de cette r\u00e9serve sont reconnaissables par le fait qu\u2019ils n\u2019ont pas de crini\u00e8re, seulement un petit toupet derri\u00e8re les oreilles.<\/em><\/p>\n\n\n\n<p>La rivi\u00e8re abrite de nombreuses autres esp\u00e8ces : hippopotames, crocodiles, &#8230; Et attire de nombreux oiseaux, ce qui satisfera les passionn\u00e9s d\u2019ornithologie.&nbsp;Visiter Samburu est donc un incontournable lors d\u2019un <a href=\"https:\/\/mistersafari.com\/fr\/safari-kenya\/\" class=\"rank-math-link\">safari au Kenya<\/a>.<\/p>\n\n\n\n<h3 class=\"wp-block-heading\">Les autres activit\u00e9s \u00e0 faire \u00e0 Samburu<\/h3>\n\n\n\n<h4 class=\"wp-block-heading\">Visite d\u2019un village Samburu<\/h4>\n\n\n\n<p>Lors d\u2019un safari \u00e0 Samburu, il est possible de visiter l\u2019un des villages traditionnels. Les Samburus, qui partagent la langue Maa avec les Masa\u00ef, vous accueillent au sein de leur tribu moyennant une participation financi\u00e8re modeste.<\/p>\n\n\n\n<p>Vous profitez de leur danse traditionnelle de bienvenue, visitez le village et leurs habitations, d\u00e9couvrez les objets artisanaux \u00e0 la vente. C\u2019est une belle opportunit\u00e9 de s&rsquo;immerger dans la vie des tribus kenyanes.<\/p>\n\n\n\n<h4 class=\"wp-block-heading\">Le sanctuaire des \u00e9l\u00e9phants Reteti<\/h4>\n\n\n\n<p>Situ\u00e9 \u00e0 environ 1 heure de la r\u00e9serve, cet orphelinat accueille des \u00e9l\u00e9phanteaux et travaille \u00e0 leur r\u00e9insertion. C\u2019est l\u2019occasion de comprendre le fonctionnement du lieu, voir les petits \u00e9l\u00e9phants \u00eatre nourris au biberon ou encore prendre leur bain de boue.<\/p>\n\n\n\n<h4 class=\"wp-block-heading\">Randonn\u00e9e et safari \u00e0 dos de chameaux<\/h4>\n\n\n\n<p>Des visites \u00e0 dos de chameaux sont propos\u00e9es dans la r\u00e9serve nationale de Samburu et sont une occasion originale de d\u00e9couvrir la faune et la flore de Samburu.<\/p>\n\n\n\n<h4 class=\"wp-block-heading\">VTT<\/h4>\n\n\n\n<p>Les plus sportifs pourront d\u00e9couvrir les secrets de la r\u00e9serve de Samburu \u00e0 v\u00e9lo. Les plaines semi-arides facilitent l\u2019acc\u00e8s \u00e0 travers les for\u00eats et l\u2019observation des animaux.<\/p>\n\n\n\n<h4 class=\"wp-block-heading\">Les autres r\u00e9serves<\/h4>\n\n\n\n<p>Un safari \u00e0 Samburu est souvent coupl\u00e9 avec la visite des r\u00e9serves nationales de Shaba ou Buffalo Springs. N\u2019h\u00e9sitez pas \u00e0 jeter un \u0153il \u00e0 nos guides sur ces deux lieux.<br><\/p>\n\n\n\n<h2 class=\"wp-block-heading\"><span class=\"ez-toc-section\" id=\"comment-se-rendre-a-la-reserve-nationale-de-samburu\"><\/span>Comment se rendre \u00e0 la r\u00e9serve nationale de Samburu ?&nbsp;<span class=\"ez-toc-section-end\"><\/span><\/h2>\n\n\n\n<p>Assez excentr\u00e9e, il faudra s\u2019armer de patience pour atteindre la r\u00e9serve nationale de Samburu. En contrepartie, on profite d\u2019un lieu moins fr\u00e9quent\u00e9 par les touristes et ceux qui feront le d\u00e9placement b\u00e9n\u00e9ficieront d\u2019un safari \u00e0 Samburu en toute tranquillit\u00e9.<\/p>\n\n\n\n<ul class=\"wp-block-list\"><li><strong>Par avion<\/strong> : Solution la plus rapide mais aussi la plus on\u00e9reuse, il est possible de s&rsquo;y rendre par avion depuis Nairobi. Le vol journalier dure environ 1 heure.&nbsp;<\/li><li><strong>En voiture<\/strong> : Il faudra environ 6 heures de route pour rejoindre Samburu depuis Nairobi.<\/li><\/ul>\n\n\n\n<p>La r\u00e9serve nationale de Nairobi dispose de 5 portes d\u2019entr\u00e9e:<\/p>\n\n\n\n<ul class=\"wp-block-list\"><li>Porte Archer, la porte principale proche de l\u2019autoroute Marsabit<\/li><li>Porte Ouest, \u00e0 l\u2019ouest de la r\u00e9serve<\/li><li>Porte Kalama, au nord<\/li><li>Porte Waso Bridge, c\u2019est celle que l\u2019on prend lorsque l\u2019on traverse le pont d\u2019Ewaso N&rsquo;Giro depuis ou vers la r\u00e9serve nationale de Buffalo Springs, au sud de Samburu<\/li><\/ul>\n\n\n\n<h2 class=\"wp-block-heading\"><span class=\"ez-toc-section\" id=\"tarif-et-reglementation\"><\/span>Tarif et r\u00e9glementation<span class=\"ez-toc-section-end\"><\/span><\/h2>\n\n\n\n<h3 class=\"wp-block-heading\">Samburu : prix d\u2019entr\u00e9e<\/h3>\n\n\n\n<p>Les tarifs d\u2019entr\u00e9e de la r\u00e9serve sont les suivants :<\/p>\n\n\n\n<ul class=\"wp-block-list\"><li>$70 par adulte&nbsp;<\/li><li>$40 par enfant<\/li><\/ul>\n\n\n\n<h3 class=\"wp-block-heading\">La r\u00e9glementation de la r\u00e9serve nationale de Samburu<\/h3>\n\n\n\n<p>Lors de la visite de la r\u00e9serve nationale de Samburu, il est demand\u00e9 aux visiteurs de suivre les r\u00e8gles communes aux <a href=\"https:\/\/mistersafari.com\/fr\/safari-kenya\/parcs-reserves\/\" class=\"rank-math-link\">autres parcs et r\u00e9serves du Kenya<\/a>, afin de respecter la faune et la flore.<\/p>\n\n\n\n<p class=\"callout-yellow\">Ce sont des r\u00e8gles pleines de bon sens, si on se rappelle que visiter un parc ou une r\u00e9serve au Kenya n&rsquo;est pas comme visit\u00e9 un zoo.<\/p>\n\n\n\n<p>Il s&rsquo;agit donc de laisser les animaux en paix (on ne les nourrit pas, on ne les d\u00e9range pas) et de respecter les r\u00e8gles li\u00e9es \u00e0 l&rsquo;utilisation des v\u00e9hicules (horaires, pistes&#8230;).<\/p>\n\n\n\n<h2 class=\"wp-block-heading\"><span class=\"ez-toc-section\" id=\"ou-dormir-a-samburu\"><\/span>O\u00f9 dormir \u00e0 Samburu ?<span class=\"ez-toc-section-end\"><\/span><\/h2>\n\n\n\n<p>Plusieurs types d&rsquo;h\u00e9bergement sont propos\u00e9s aux visiteurs de Samburu.<\/p>\n\n\n\n<h3 class=\"wp-block-heading\">Le camping public<\/h3>\n\n\n\n<p>Les petits budgets seront int\u00e9ress\u00e9s par cette option.&nbsp; Vous pouvez choisir entre :<\/p>\n\n\n\n<ul class=\"wp-block-list\"><li><strong>les campings publics<\/strong> : le camping est partag\u00e9 avec d\u2019autres voyageurs et vous avez acc\u00e8s aux facilit\u00e9s de base (toilette, eau courante (mais pas potable), voire cuisine). Il n\u2019est pas utile de r\u00e9server.&nbsp;<\/li><li><strong>les campings sp\u00e9ciaux<\/strong> : ils sont exclusivement r\u00e9serv\u00e9s pour vous suite au versement d\u2019un acompte, ils ne disposent pas de facilit\u00e9s.<\/li><\/ul>\n\n\n\n<p>Au moment de la r\u00e9daction de ce guide, peu d\u2019informations sur les h\u00e9bergements sont disponibles. La liste des campings est disponible sur le <a aria-label=\" (opens in a new tab)\" href=\"https:\/\/www.samburu.net\/accommodations-in-the-reserve\/\" target=\"_blank\" rel=\"noreferrer noopener\" class=\"rank-math-link\">site de la r\u00e9serve nationale<\/a>.<\/p>\n\n\n\n<h3 class=\"wp-block-heading\">Les lodges<\/h3>\n\n\n\n<p>Pour une option plus confortable, vous pouvez choisir parmi 8 lodges r\u00e9partis au sein de la r\u00e9serve Samburu.&nbsp;Sur le m\u00eame fonctionnement qu\u2019un h\u00f4tel, vous b\u00e9n\u00e9ficiez de votre propre chambre avec salle de bains et souvent une terrasse. Le complexe dispose \u00e9galement d\u2019un restaurant, un bar et bien souvent une piscine, une boutique de souvenirs\u2026&nbsp;Jetez un \u0153il au <a aria-label=\" (opens in a new tab)\" href=\"https:\/\/wildernesslodges.co.ke\/samburu\/\" target=\"_blank\" rel=\"noreferrer noopener\" class=\"rank-math-link\">Samburu Game Lodge<\/a> ou au <a aria-label=\" (opens in a new tab)\" href=\"https:\/\/www.booking.com\/hotel\/ke\/elephant-bedroom-camp-samburu.fr.html\" target=\"_blank\" rel=\"noreferrer noopener\" class=\"rank-math-link\">Elephant Bedroom Camp<\/a> par exemple.<\/p>\n\n\n\n<h2 class=\"wp-block-heading\"><span class=\"ez-toc-section\" id=\"la-reserve-nationale-de-samburu-autres-informations-pratiques\"><\/span>La r\u00e9serve nationale de Samburu : autres informations pratiques<span class=\"ez-toc-section-end\"><\/span><\/h2>\n\n\n\n<h3 class=\"wp-block-heading\">G\u00e9ographie<\/h3>\n\n\n\n<p>La r\u00e9serve nationale de Samburu se trouve dans le comt\u00e9 du m\u00eame nom, dans la province de la vall\u00e9e du Rift. Cette r\u00e9serve, d\u2019une taille relativement petite de 165 km2, se situe \u00e0 une altitude entre 800 et 1230 m\u00e8tres.<\/p>\n\n\n\n<p>Les paysages sont compos\u00e9s de collines et de plaines de savane, parsem\u00e9s d&rsquo;acacias et de palmiers dooms, de buissons et de broussailles. La rivi\u00e8re d\u2019Ewaso N&rsquo;Giro est bien \u00e9videmment l\u2019\u00e9l\u00e9ment central.<\/p>\n\n\n\n<h3 class=\"wp-block-heading\">M\u00e9t\u00e9o&nbsp;<\/h3>\n\n\n\n<p>Le climat de Samburu est semi-aride. Les journ\u00e9es peuvent \u00eatre tr\u00e8s chaudes (parfois proche des 40 degr\u00e9s), alors que les nuits sont fra\u00eeches. En moyenne, les temp\u00e9ratures varient entre 18 et 30 degr\u00e9s. Comme le reste du Kenya, on constate deux saisons des pluies, avec un pic en novembre et un en avril.<\/p>\n\n\n\n<h3 class=\"wp-block-heading\">Quand visiter&nbsp;<\/h3>\n\n\n\n<p>Les mois de juin \u00e0 d\u00e9but octobre s\u2019av\u00e8rent \u00eatre la meilleure p\u00e9riode pour un safari \u00e0 Samburu. Durant cet intervalle, la rivi\u00e8re d\u2019Ewaso N&rsquo;Giro s\u2019ass\u00e8che et les animaux se rassemblent autour des points d\u2019eau devenus moins nombreux. La v\u00e9g\u00e9tation reste abondante au d\u00e9but de la saison s\u00e8che, ce qui offre de tr\u00e8s beaux paysages.<\/p>\n\n\n\n<p>Gr\u00e2ce \u00e0 une m\u00e9t\u00e9o cl\u00e9mente toute l\u2019ann\u00e9e et une densit\u00e9 d\u2019animaux importante, la r\u00e9serve nationale Samburu reste int\u00e9ressante \u00e0 visiter toute l\u2019ann\u00e9e.<\/p>\n","protected":false},"excerpt":{"rendered":"<p>Situ\u00e9e \u00e0 quelque 300 km au nord-est de Nairobi, la r\u00e9serve nationale de Samburu est l\u2019un des lieux incontournables lors d\u2019une visite du Kenya. Moins fr\u00e9quent\u00e9e que d\u2019autres parcs ou r\u00e9serves du Kenya, l\u2019oasis offerte par la rivi\u00e8re d\u2019Ewaso N&rsquo;Giro assure pourtant la pr\u00e9sence de nombreux animaux et en fait une destination phare pour un &#8230; <a title=\"R\u00e9serve Nationale de Samburu\" class=\"read-more\" href=\"https:\/\/mistersafari.com\/fr\/safari-kenya\/parcs-reserves\/samburu\/\" aria-label=\"En savoir plus sur R\u00e9serve Nationale de Samburu\">Lire la suite<\/a><\/p>\n","protected":false},"author":3,"featured_media":672,"parent":926,"menu_order":2,"comment_status":"closed","ping_status":"open","template":"","meta":{"_acf_changed":false,"footnotes":""},"content_type":[],"country":[],"class_list":{"0":"post-559","1":"page","2":"type-page","3":"status-publish","4":"has-post-thumbnail","6":"no-featured-image-padding"},"acf":{"hreflang":[{"alternative_url":"https:\/\/mistersafari.com\/samburu-national-reserve\/","language":"en"}]},"_links":{"self":[{"href":"https:\/\/mistersafari.com\/fr\/wp-json\/wp\/v2\/pages\/559","targetHints":{"allow":["GET"]}}],"collection":[{"href":"https:\/\/mistersafari.com\/fr\/wp-json\/wp\/v2\/pages"}],"about":[{"href":"https:\/\/mistersafari.com\/fr\/wp-json\/wp\/v2\/types\/page"}],"author":[{"embeddable":true,"href":"https:\/\/mistersafari.com\/fr\/wp-json\/wp\/v2\/users\/3"}],"replies":[{"embeddable":true,"href":"https:\/\/mistersafari.com\/fr\/wp-json\/wp\/v2\/comments?post=559"}],"version-history":[{"count":14,"href":"https:\/\/mistersafari.com\/fr\/wp-json\/wp\/v2\/pages\/559\/revisions"}],"predecessor-version":[{"id":6465,"href":"https:\/\/mistersafari.com\/fr\/wp-json\/wp\/v2\/pages\/559\/revisions\/6465"}],"up":[{"embeddable":true,"href":"https:\/\/mistersafari.com\/fr\/wp-json\/wp\/v2\/pages\/926"}],"wp:featuredmedia":[{"embeddable":true,"href":"https:\/\/mistersafari.com\/fr\/wp-json\/wp\/v2\/media\/672"}],"wp:attachment":[{"href":"https:\/\/mistersafari.com\/fr\/wp-json\/wp\/v2\/media?parent=559"}],"wp:term":[{"taxonomy":"content_type","embeddable":true,"href":"https:\/\/mistersafari.com\/fr\/wp-json\/wp\/v2\/content_type?post=559"},{"taxonomy":"country","embeddable":true,"href":"https:\/\/mistersafari.com\/fr\/wp-json\/wp\/v2\/country?post=559"}],"curies":[{"name":"wp","href":"https:\/\/api.w.org\/{rel}","templated":true}]}}